{"id":29097,"date":"2017-08-11T00:11:51","date_gmt":"2017-08-11T00:11:51","guid":{"rendered":"http:\/\/www.miamibeachfl.gov\/city-hall\/public-works\/table-of-contents-details\/section-5-10-disposal-of-surplus-and-unsuitable-material\/"},"modified":"2018-01-26T14:09:16","modified_gmt":"2018-01-26T19:09:16","slug":"section-5-10-disposal-of-surplus-and-unsuitable-material","status":"publish","type":"page","link":"https:\/\/www.miamibeachfl.gov\/ht\/city-hall\/public-works\/engineering-division\/section-5-1-general\/section-5-10-disposal-of-surplus-and-unsuitable-material\/","title":{"rendered":"Seksyon 5 10. Eliminasyon Matery\u00e8l Siplemant\u00e8 ak Matery\u00e8l ki pa Apwopriye"},"content":{"rendered":"<\/p>\n<table>\n<caption>Eliminasyon Matery\u00e8l Siplemant\u00e8 ak Matery\u00e8l ki pa Apwopriye<\/caption>\n<tbody>\n<tr>\n<td>\n<p><strong>SEKSYON 5 TRAVAY SOU SIT AK WOUT<\/p>\n<p>10. Eliminasyon Matery\u00e8l Siplemant\u00e8 ak Matery\u00e8l ki pa Apwopriye.<\/strong><\/p>\n<p>A. Pwopriyet\u00e8 Matery\u00e8l Eskavasyon yo:<\/p>\n<p>Pwopriyet\u00e8 tout matery\u00e8l ki apwopriye pou fouye a dwe rete nan Depatman an jiskaske yo fin ranpli d\u00e8nye egzijans travay la pou matery\u00e8l ranblaj oswa ranbl\u00e8. S\u00f2f si plan yo oswa dispozisyon espesyal yo prevwa otreman, nenp\u00f2t matery\u00e8l anplis ki rete epi ki pa neses\u00e8 pou egzijans travay la ap vin pwopriyete Kontrakt\u00e8 a epi li dwe elimine yo, dey\u00f2 dwa pasaj la, nan satisfaksyon Enjeny\u00e8 a.<\/p>\n<p>Nan z\u00f2n iben oswa l\u00f2t z\u00f2n kote depo tanpor\u00e8 matery\u00e8l ki anplis nan dwa pasaj la ka enpratikab, Kontrakt\u00e8 a ka anpile matery\u00e8l yo dey\u00f2 dwa pasaj la nan z\u00f2n li bay yo. Jiskaske matery\u00e8l siplemant\u00e8 yo neses\u00e8 nan travay la oswa yo deklare yo anplis. Av\u00e8k apwobasyon alekri Enjeny\u00e8 a, Kontrakt\u00e8 a ka debarase m de matery\u00e8l anplis sa a av\u00e8k kondisyon ke li dwe ranplase nenp\u00f2t p\u00f2syon nan matery\u00e8l li debarase a ki neses\u00e8 pou satisf\u00e8 egzijans travay la, ak matery\u00e8l ki egalman apwopriye, sou pw\u00f2p depans li.<\/p>\n<p>P ap gen okenn konpansasyon siplemant\u00e8 pou okenn nouvo manyen ki enplike anba dispozisyon Sou-atik sa a.<\/p>\n<p>B. Kondisyon Jeneral pou Eliminasyon: Yo dwe jete labou fouye oswa l\u00f2t matery\u00e8l ki pa apwopriye pou konstriksyon wout la jan yo montre nan plan yo oubyen, si plan yo pa endike eliminasyon an, matery\u00e8l yo ap vin pwopriyete Kontrakt\u00e8 a epi li dwe jete yo dey\u00f2 dwa pasaj la.<\/p>\n<p>C. Jete Labou sou Pant Kote yo: K\u00f2m yon eksepsyon pou dispozisyon 120-5.2 l\u00e8 Enjeny\u00e8 a apwouve li, nan z\u00f2n riral ki pa devlope yo, yo ka mete labou (matery\u00e8l A-8) sou pant yo, oubyen yo ka estoke l b\u00f2 wout la, depi gen yon distans kl\u00e8 omwen sis pye ant limit nivo wout la ak labou a, epi labou a dwe trete yon fason pou l prezante yon aparans rezonabman pw\u00f2p. Anplis de sa, yo ka p\u00e8m\u00e8t tou jete matery\u00e8l sa a l\u00e8 yo mete l sou pant yo nan z\u00f2n devlope kote, nan opinyon Enjeny\u00e8 a, sa ap bay yon aparans ki b\u00e8l epi li p ap gen okenn ef\u00e8 negatif sou devlopman adjasan yo. Kote yo p\u00e8m\u00e8t jete labou oubyen l\u00f2t matery\u00e8l ki pa apwopriye andedan limit dwa pasaj yo, yo pa dwe mete matery\u00e8l sa yo yon fason pou anpeche antre oubyen s\u00f2ti nenp\u00f2t kanal oubyen kannal b\u00f2 yo. Enjeny\u00e8 a dwe det\u00e8mine limit adjasan a kanal yo kote yo pa dwe mete matery\u00e8l sa yo.<\/p>\n<p>D. Eliminasyon Matery\u00e8l Pavaj: S\u00f2f si plan yo endike otreman, matery\u00e8l pavaj yo te fouye pou retire pavaj ki egziste deja yo, tankou brik pavaj, bl\u00f2k asfalt, dal beton, w\u00f2ch lacho, twotwa, twotwa ak gouty\u00e8, elatriye, ap vin pwopriyete Kontrakt\u00e8 a epi li dwe elimine yo dey\u00f2 dwa pasaj la. Si matery\u00e8l yo dwe rete pwopriyete Depatman an, yo dwe mete yo an pil pw\u00f2p jan yo endike a.<\/p>\n<p>E. Z\u00f2n Jete Fatra: L\u00e8 plan yo oswa espesifikasyon yo egzije pou Kontrakt\u00e8 a jete matery\u00e8l fouye yo dey\u00f2 dwa pasaj la, epi z\u00f2n jete fatra a pa endike nan dokiman kontra yo, Kontrakt\u00e8 a dwe founi z\u00f2n jete fatra a san okenn konpansasyon adisyon\u00e8l.<\/p>\n<p>Z\u00f2n Kontrakt\u00e8 a bay pou jete matery\u00e8l pavaj yo dwe pa vizib pou pwoj\u00e8 a epi omwen 300 pye lwen liy dwa pasaj ki pi pre a nan nenp\u00f2t wout Leta a ap mentni. Sepandan, limitasyon 300 pye a p ap aplike si matery\u00e8l yo antere.<\/p>\n<\/td>\n<\/tr>\n<\/tbody>\n<\/table>\n<p>\u00a0<\/p>","protected":false},"excerpt":{"rendered":"<p>Eliminasyon Matery\u00e8l Siplemant\u00e8 ak Matery\u00e8l ki Pa Apwopriye SEKSYON 5 TRAVAY SOU SANT AK WOUT 10. Eliminasyon Matery\u00e8l Siplemant\u00e8 ak Matery\u00e8l ki Pa Apwopriye. A. [\u2026]<\/p>","protected":false},"author":222,"featured_media":0,"parent":29096,"menu_order":0,"comment_status":"closed","ping_status":"closed","template":"","meta":{"_searchwp_excluded":"","site-sidebar-layout":"default","site-content-layout":"","ast-site-content-layout":"default","site-content-style":"default","site-sidebar-style":"default","ast-global-header-display":"","ast-banner-title-visibility":"","ast-main-header-display":"","ast-hfb-above-header-display":"","ast-hfb-below-header-display":"","ast-hfb-mobile-header-display":"","site-post-title":"","ast-breadcrumbs-content":"","ast-featured-img":"","footer-sml-layout":"","theme-transparent-header-meta":"","adv-header-id-meta":"","stick-header-meta":"","header-above-stick-meta":"","header-main-stick-meta":"","header-below-stick-meta":"","astra-migrate-meta-layouts":"default","ast-page-background-enabled":"default","ast-page-background-meta":{"desktop":{"background-color":"var(--ast-global-color-5)","background-image":"","background-repeat":"repeat","background-position":"center center","background-size":"auto","background-attachment":"scroll","background-type":"","background-media":"","overlay-type":"","overlay-color":"","overlay-opacity":"","overlay-gradient":""},"tablet":{"background-color":"","background-image":"","background-repeat":"repeat","background-position":"center center","background-size":"auto","background-attachment":"scroll","background-type":"","background-media":"","overlay-type":"","overlay-color":"","overlay-opacity":"","overlay-gradient":""},"mobile":{"background-color":"","background-image":"","background-repeat":"repeat","background-position":"center center","background-size":"auto","background-attachment":"scroll","background-type":"","background-media":"","overlay-type":"","overlay-color":"","overlay-opacity":"","overlay-gradient":""}},"ast-content-background-meta":{"desktop":{"background-color":"var(--ast-global-color-4)","background-image":"","background-repeat":"repeat","background-position":"center center","background-size":"auto","background-attachment":"scroll","background-type":"","background-media":"","overlay-type":"","overlay-color":"","overlay-opacity":"","overlay-gradient":""},"tablet":{"background-color":"var(--ast-global-color-4)","background-image":"","background-repeat":"repeat","background-position":"center center","background-size":"auto","background-attachment":"scroll","background-type":"","background-media":"","overlay-type":"","overlay-color":"","overlay-opacity":"","overlay-gradient":""},"mobile":{"background-color":"var(--ast-global-color-4)","background-image":"","background-repeat":"repeat","background-position":"center center","background-size":"auto","background-attachment":"scroll","background-type":"","background-media":"","overlay-type":"","overlay-color":"","overlay-opacity":"","overlay-gradient":""}},"footnotes":""},"categories":[],"tags":[],"class_list":["post-29097","page","type-page","status-publish","hentry"],"yoast_head":"<!-- This site is optimized with the Yoast SEO Premium plugin v26.6 (Yoast SEO v26.6) - https:\/\/yoast.com\/wordpress\/plugins\/seo\/ -->\n<title>Section 5  10. Disposal Of Surplus And Unsuitable Material - City of Miami Beach<\/title>\n<meta name=\"description\" content=\"%\" \/>\n<meta name=\"robots\" content=\"index, follow, max-snippet:-1, max-image-preview:large, max-video-preview:-1\" \/>\n<link rel=\"canonical\" href=\"https:\/\/www.miamibeachfl.gov\/ht\/city-hall\/public-works\/engineering-division\/section-5-1-general\/section-5-10-disposal-of-surplus-and-unsuitable-material\/\" \/>\n<meta property=\"og:locale\" content=\"ht_HT\" \/>\n<meta property=\"og:type\" content=\"article\" \/>\n<meta property=\"og:title\" content=\"Section 5  10. Disposal Of Surplus And Unsuitable Material\" \/>\n<meta property=\"og:description\" content=\"%\" \/>\n<meta property=\"og:url\" content=\"https:\/\/www.miamibeachfl.gov\/ht\/city-hall\/public-works\/engineering-division\/section-5-1-general\/section-5-10-disposal-of-surplus-and-unsuitable-material\/\" \/>\n<meta property=\"og:site_name\" content=\"City of Miami Beach\" \/>\n<meta property=\"article:publisher\" content=\"https:\/\/www.facebook.com\/cityofmiamibeach\" \/>\n<meta property=\"article:modified_time\" content=\"2018-01-26T19:09:16+00:00\" \/>\n<meta property=\"og:image\" content=\"https:\/\/www.miamibeachfl.gov\/wp-content\/uploads\/2024\/01\/1000pxSquare-miamibeach-aerial-southpointview.jpeg\" \/>\n\t<meta property=\"og:image:width\" content=\"1000\" \/>\n\t<meta property=\"og:image:height\" content=\"1000\" \/>\n\t<meta property=\"og:image:type\" content=\"image\/jpeg\" \/>\n<meta name=\"twitter:card\" content=\"summary_large_image\" \/>\n<meta name=\"twitter:site\" content=\"@Miamibeachnews\" \/>\n<script type=\"application\/ld+json\" class=\"yoast-schema-graph\">{\"@context\":\"https:\/\/schema.org\",\"@graph\":[{\"@type\":\"WebPage\",\"@id\":\"https:\/\/www.miamibeachfl.gov\/city-hall\/public-works\/engineering-division\/section-5-1-general\/section-5-10-disposal-of-surplus-and-unsuitable-material\/\",\"url\":\"https:\/\/www.miamibeachfl.gov\/city-hall\/public-works\/engineering-division\/section-5-1-general\/section-5-10-disposal-of-surplus-and-unsuitable-material\/\",\"name\":\"Section 5 10. Disposal Of Surplus And Unsuitable Material - City of Miami Beach\",\"isPartOf\":{\"@id\":\"https:\/\/www.miamibeachfl.gov\/#website\"},\"datePublished\":\"2017-08-11T00:11:51+00:00\",\"dateModified\":\"2018-01-26T19:09:16+00:00\",\"description\":\"%\",\"breadcrumb\":{\"@id\":\"https:\/\/www.miamibeachfl.gov\/city-hall\/public-works\/engineering-division\/section-5-1-general\/section-5-10-disposal-of-surplus-and-unsuitable-material\/#breadcrumb\"},\"inLanguage\":\"ht\",\"potentialAction\":[{\"@type\":\"ReadAction\",\"target\":[\"https:\/\/www.miamibeachfl.gov\/city-hall\/public-works\/engineering-division\/section-5-1-general\/section-5-10-disposal-of-surplus-and-unsuitable-material\/\"]}]},{\"@type\":\"BreadcrumbList\",\"@id\":\"https:\/\/www.miamibeachfl.gov\/city-hall\/public-works\/engineering-division\/section-5-1-general\/section-5-10-disposal-of-surplus-and-unsuitable-material\/#breadcrumb\",\"itemListElement\":[{\"@type\":\"ListItem\",\"position\":1,\"name\":\"Home\",\"item\":\"https:\/\/www.miamibeachfl.gov\/\"},{\"@type\":\"ListItem\",\"position\":2,\"name\":\"City Hall\",\"item\":\"https:\/\/www.miamibeachfl.gov\/city-hall\/\"},{\"@type\":\"ListItem\",\"position\":3,\"name\":\"Public Works\",\"item\":\"https:\/\/www.miamibeachfl.gov\/city-hall\/public-works\/\"},{\"@type\":\"ListItem\",\"position\":4,\"name\":\"Engineering Division\",\"item\":\"https:\/\/www.miamibeachfl.gov\/city-hall\/public-works\/engineering-division\/\"},{\"@type\":\"ListItem\",\"position\":5,\"name\":\"Section 5 1. General\",\"item\":\"https:\/\/www.miamibeachfl.gov\/city-hall\/public-works\/engineering-division\/section-5-1-general\/\"},{\"@type\":\"ListItem\",\"position\":6,\"name\":\"Section 5 10. Disposal Of Surplus And Unsuitable Material\"}]},{\"@type\":\"WebSite\",\"@id\":\"https:\/\/www.miamibeachfl.gov\/#website\",\"url\":\"https:\/\/www.miamibeachfl.gov\/\",\"name\":\"City of Miami Beach\",\"description\":\"The official website of the City of Miami Beach. Stay informed, find important information on city services, news, alerts, events, trolley routes, government employment and more.\",\"publisher\":{\"@id\":\"https:\/\/www.miamibeachfl.gov\/#organization\"},\"potentialAction\":[{\"@type\":\"SearchAction\",\"target\":{\"@type\":\"EntryPoint\",\"urlTemplate\":\"https:\/\/www.miamibeachfl.gov\/?s={search_term_string}\"},\"query-input\":{\"@type\":\"PropertyValueSpecification\",\"valueRequired\":true,\"valueName\":\"search_term_string\"}}],\"inLanguage\":\"ht\"},{\"@type\":\"Organization\",\"@id\":\"https:\/\/www.miamibeachfl.gov\/#organization\",\"name\":\"City of Miami Beach\",\"url\":\"https:\/\/www.miamibeachfl.gov\/\",\"logo\":{\"@type\":\"ImageObject\",\"inLanguage\":\"ht\",\"@id\":\"https:\/\/www.miamibeachfl.gov\/#\/schema\/logo\/image\/\",\"url\":\"https:\/\/www.miamibeachfl.gov\/wp-content\/uploads\/2022\/06\/miamibeach-logoblue.png\",\"contentUrl\":\"https:\/\/www.miamibeachfl.gov\/wp-content\/uploads\/2022\/06\/miamibeach-logoblue.png\",\"width\":1962,\"height\":381,\"caption\":\"City of Miami Beach\"},\"image\":{\"@id\":\"https:\/\/www.miamibeachfl.gov\/#\/schema\/logo\/image\/\"},\"sameAs\":[\"https:\/\/www.facebook.com\/cityofmiamibeach\",\"https:\/\/x.com\/Miamibeachnews\",\"https:\/\/www.instagram.com\/miamibeachnews\/\"],\"description\":\"The official website of the City of Miami Beach. Stay informed, find important information on city services, news, alerts, events, trolley routes, government employment and more.\",\"telephone\":\"305.604.CITY(2489)\",\"legalName\":\"City of Miami Beach\"}]}<\/script>\n<!-- \/ Yoast SEO Premium plugin. -->","yoast_head_json":{"title":"Seksyon 5 10. Eliminasyon Matery\u00e8l Siplemant\u00e8 ak Matery\u00e8l ki pa Apwopriye - Vil Miami Beach","description":"%","robots":{"index":"index","follow":"follow","max-snippet":"max-snippet:-1","max-image-preview":"max-image-preview:large","max-video-preview":"max-video-preview:-1"},"canonical":"https:\/\/www.miamibeachfl.gov\/ht\/city-hall\/public-works\/engineering-division\/section-5-1-general\/section-5-10-disposal-of-surplus-and-unsuitable-material\/","og_locale":"ht_HT","og_type":"article","og_title":"Section 5  10. Disposal Of Surplus And Unsuitable Material","og_description":"%","og_url":"https:\/\/www.miamibeachfl.gov\/ht\/city-hall\/public-works\/engineering-division\/section-5-1-general\/section-5-10-disposal-of-surplus-and-unsuitable-material\/","og_site_name":"City of Miami Beach","article_publisher":"https:\/\/www.facebook.com\/cityofmiamibeach","article_modified_time":"2018-01-26T19:09:16+00:00","og_image":[{"width":1000,"height":1000,"url":"https:\/\/www.miamibeachfl.gov\/wp-content\/uploads\/2024\/01\/1000pxSquare-miamibeach-aerial-southpointview.jpeg","type":"image\/jpeg"}],"twitter_card":"summary_large_image","twitter_site":"@Miamibeachnews","schema":{"@context":"https:\/\/schema.org","@graph":[{"@type":"WebPage","@id":"https:\/\/www.miamibeachfl.gov\/city-hall\/public-works\/engineering-division\/section-5-1-general\/section-5-10-disposal-of-surplus-and-unsuitable-material\/","url":"https:\/\/www.miamibeachfl.gov\/city-hall\/public-works\/engineering-division\/section-5-1-general\/section-5-10-disposal-of-surplus-and-unsuitable-material\/","name":"Seksyon 5 10. Eliminasyon Matery\u00e8l Siplemant\u00e8 ak Matery\u00e8l ki pa Apwopriye - Vil Miami Beach","isPartOf":{"@id":"https:\/\/www.miamibeachfl.gov\/#website"},"datePublished":"2017-08-11T00:11:51+00:00","dateModified":"2018-01-26T19:09:16+00:00","description":"%","breadcrumb":{"@id":"https:\/\/www.miamibeachfl.gov\/city-hall\/public-works\/engineering-division\/section-5-1-general\/section-5-10-disposal-of-surplus-and-unsuitable-material\/#breadcrumb"},"inLanguage":"ht","potentialAction":[{"@type":"ReadAction","target":["https:\/\/www.miamibeachfl.gov\/city-hall\/public-works\/engineering-division\/section-5-1-general\/section-5-10-disposal-of-surplus-and-unsuitable-material\/"]}]},{"@type":"BreadcrumbList","@id":"https:\/\/www.miamibeachfl.gov\/city-hall\/public-works\/engineering-division\/section-5-1-general\/section-5-10-disposal-of-surplus-and-unsuitable-material\/#breadcrumb","itemListElement":[{"@type":"ListItem","position":1,"name":"Home","item":"https:\/\/www.miamibeachfl.gov\/"},{"@type":"ListItem","position":2,"name":"City Hall","item":"https:\/\/www.miamibeachfl.gov\/city-hall\/"},{"@type":"ListItem","position":3,"name":"Public Works","item":"https:\/\/www.miamibeachfl.gov\/city-hall\/public-works\/"},{"@type":"ListItem","position":4,"name":"Engineering Division","item":"https:\/\/www.miamibeachfl.gov\/city-hall\/public-works\/engineering-division\/"},{"@type":"ListItem","position":5,"name":"Section 5 1. General","item":"https:\/\/www.miamibeachfl.gov\/city-hall\/public-works\/engineering-division\/section-5-1-general\/"},{"@type":"ListItem","position":6,"name":"Section 5 10. Disposal Of Surplus And Unsuitable Material"}]},{"@type":"WebSite","@id":"https:\/\/www.miamibeachfl.gov\/#website","url":"https:\/\/www.miamibeachfl.gov\/","name":"Vil Miami Beach","description":"Sitw\u00e8b ofisy\u00e8l Vil Miami Beach la. Rete enf\u00f2me, jwenn enf\u00f2masyon enp\u00f2tan sou s\u00e8vis vil la, nouv\u00e8l, al\u00e8t, ev\u00e8nman, wout tramway, travay gouv\u00e8nman an ak plis ank\u00f2.","publisher":{"@id":"https:\/\/www.miamibeachfl.gov\/#organization"},"potentialAction":[{"@type":"SearchAction","target":{"@type":"EntryPoint","urlTemplate":"https:\/\/www.miamibeachfl.gov\/?s={search_term_string}"},"query-input":{"@type":"PropertyValueSpecification","valueRequired":true,"valueName":"search_term_string"}}],"inLanguage":"ht"},{"@type":"Organization","@id":"https:\/\/www.miamibeachfl.gov\/#organization","name":"Vil Miami Beach","url":"https:\/\/www.miamibeachfl.gov\/","logo":{"@type":"ImageObject","inLanguage":"ht","@id":"https:\/\/www.miamibeachfl.gov\/#\/schema\/logo\/image\/","url":"https:\/\/www.miamibeachfl.gov\/wp-content\/uploads\/2022\/06\/miamibeach-logoblue.png","contentUrl":"https:\/\/www.miamibeachfl.gov\/wp-content\/uploads\/2022\/06\/miamibeach-logoblue.png","width":1962,"height":381,"caption":"City of Miami Beach"},"image":{"@id":"https:\/\/www.miamibeachfl.gov\/#\/schema\/logo\/image\/"},"sameAs":["https:\/\/www.facebook.com\/cityofmiamibeach","https:\/\/x.com\/Miamibeachnews","https:\/\/www.instagram.com\/miamibeachnews\/"],"description":"Sitw\u00e8b ofisy\u00e8l Vil Miami Beach la. Rete enf\u00f2me, jwenn enf\u00f2masyon enp\u00f2tan sou s\u00e8vis vil la, nouv\u00e8l, al\u00e8t, ev\u00e8nman, wout tramway, travay gouv\u00e8nman an ak plis ank\u00f2.","telephone":"305.604.CITY(2489)","legalName":"City of Miami Beach"}]}},"_links":{"self":[{"href":"https:\/\/www.miamibeachfl.gov\/ht\/wp-json\/wp\/v2\/pages\/29097","targetHints":{"allow":["GET"]}}],"collection":[{"href":"https:\/\/www.miamibeachfl.gov\/ht\/wp-json\/wp\/v2\/pages"}],"about":[{"href":"https:\/\/www.miamibeachfl.gov\/ht\/wp-json\/wp\/v2\/types\/page"}],"author":[{"embeddable":true,"href":"https:\/\/www.miamibeachfl.gov\/ht\/wp-json\/wp\/v2\/users\/222"}],"replies":[{"embeddable":true,"href":"https:\/\/www.miamibeachfl.gov\/ht\/wp-json\/wp\/v2\/comments?post=29097"}],"version-history":[{"count":0,"href":"https:\/\/www.miamibeachfl.gov\/ht\/wp-json\/wp\/v2\/pages\/29097\/revisions"}],"up":[{"embeddable":true,"href":"https:\/\/www.miamibeachfl.gov\/ht\/wp-json\/wp\/v2\/pages\/29096"}],"wp:attachment":[{"href":"https:\/\/www.miamibeachfl.gov\/ht\/wp-json\/wp\/v2\/media?parent=29097"}],"wp:term":[{"taxonomy":"category","embeddable":true,"href":"https:\/\/www.miamibeachfl.gov\/ht\/wp-json\/wp\/v2\/categories?post=29097"},{"taxonomy":"post_tag","embeddable":true,"href":"https:\/\/www.miamibeachfl.gov\/ht\/wp-json\/wp\/v2\/tags?post=29097"}],"curies":[{"name":"wp","href":"https:\/\/api.w.org\/{rel}","templated":true}]}}