{"id":29109,"date":"2017-08-11T00:11:58","date_gmt":"2017-08-11T00:11:58","guid":{"rendered":"http:\/\/www.miamibeachfl.gov\/city-hall\/public-works\/table-of-contents-details\/section-6-a-materials\/"},"modified":"2018-01-26T15:35:36","modified_gmt":"2018-01-26T20:35:36","slug":"section-6-a-materials","status":"publish","type":"page","link":"https:\/\/www.miamibeachfl.gov\/ht\/city-hall\/public-works\/engineering-division\/section-6-a-materials\/","title":{"rendered":"Seksyon 6 A. Matery\u00e8l"},"content":{"rendered":"<\/p>\n<table>\n<caption>MATERY\u00c8L<\/caption>\n<tbody>\n<tr>\n<td>\n<p><strong>SEKSYON 6 DISTRIBISYON DLO<\/p>\n<p>A. MATERY\u00c8L:<br \/>\n<\/strong><br \/>\n<strong>1.01 Kouran prensipal:<\/strong><\/p>\n<p>A. Depatman Travay Piblik Vil Miami Beach la pa p\u00e8m\u00e8t itilizasyon tiyo, ekipman oswa valv 10 pous, 14 pous oswa 18 pous, sof si yo apwouve sa pou koneksyon ak tiyo prensipal ki deja egziste. Gwos\u00e8 minim\u00f2m liy distribisyon an se 8 pous dyam\u00e8t.<\/p>\n<p>B. Tiyo f\u00e8 duktil (DIP) ak jwenti restrenn Klas 52, jan US Pipe oubyen American Pipe (oubyen yon egal apwouve) fabrike l dapre n\u00f2m ANSI A21.51, presyon travay pa mwens pase 250 liv pa pous kare. Rev\u00e8tman entery\u00e8 tiyo a dwe f\u00e8t ak m\u00f2tye siman dapre n\u00f2m ANSI A21.4 ak AWWA C 104. Kouch ekst\u00e8n lan dwe yon kouch asfalt apepr\u00e8 yon mil epes\u00e8 jan sa espesifye nan AWWA C151. Tout tiyo ak ekipman yo dwe vlope nan poli, konf\u00f2m ak egzijans n\u00f2m ANSI A21.5 epi yo dwe gen yon epes\u00e8 minim\u00f2m 8 mil.<\/p>\n<p>C. Garnitur kawotchou DIP yo ak lubrifyan yo dwe konf\u00f2me yo ak egzijans ki aplikab nan ANSI Standard A21.11 la.<\/p>\n<p>D. Tiyo PVC a dwe yon tiyo presyon ASTM 1120 ak dyam\u00e8t ekst\u00e8n f\u00e8, Klas 150 (DR 18), konf\u00f2m ak ANSI\/AWWA C-900 oswa C-905, d\u00e8nye revizyon an. Tiyo a dwe enpreye ak pigman ble epi li dwe itilize jwenti kawoutchou pouse. Tiyo PVC a dwe enstale dapre Gid Asosyasyon Tiyo Plastik Uni-Bell la pou Enstalasyon Tiyo Presyon PVC pou Sist\u00e8m Distribisyon Dlo Minisipal yo.<\/p>\n<p>1.02 Ekipman ak Apar\u00e8y pou Tiyo Prensipal yo<\/p>\n<p>A. Fitting ak akseswa ki f\u00e8t ak f\u00e8 fonn-duktil yo dwe gen yon presyon nominal 250 PSI.<\/p>\n<p>B. Ekipman ak akseswa yo dwe gen yon kouch m\u00f2tye siman dapre estanda ANSI A21.4 la. Ekstery\u00e8 ekipman ak akseswa yo dwe gen yon kouch asfalt apepr\u00e8 yon mil epes\u00e8, dapre d\u00e8nye revizyon AWWA C151 la.<\/p>\n<p>C. Epes\u00e8 miray tiyo a dwe minim\u00f2m Klas 52 pou dyam\u00e8t 6\u2033 ak plis.<\/p>\n<p>\u00a0<\/p>\n<p>1.03 Valv<\/p>\n<p>A. Yo dwe itilize tiyo papiyon sou tiyo dlo prensipal ki gen plis pase 12\u2033 an dyam\u00e8t:<\/p>\n<p>1. Dwe AWWA Klas 150B.<\/p>\n<p>2. Dwe f\u00e8t pou enstalasyon nan tiyo orizontal ak arbr operasyon an nan yon pozisyon v\u00e8tikal. Valv papiyon yo dwe konf\u00f2m ak d\u00e8nye revizyon ANSI\/AWWA C504 la.<\/p>\n<p>3. Dwe gen yon apar\u00e8y ki limite koupl.<\/p>\n<p>B. Yo dwe itilize tiyo p\u00f2tay sou tiyo prensipal ki gen yon dyam\u00e8t 3\u2033 rive 12\u2033.<\/p>\n<p>1. Dwe f\u00e8t pou yon presyon travay ki pa mwens pase 200 liv pa pous kare ak yon ch\u00e8z ki konpl\u00e8tman elastik epi konf\u00f2m ak d\u00e8nye revizyon ANSI\/AWWA C 504 la.<\/p>\n<p>2. Dwe gen yon disk sou t\u00e8t nwa operasyon an, ki espesifye kantite vire ak direksyon pou ouvri.<\/p>\n<p>C. Valv sou liy 3 pous ak pi piti:<\/p>\n<p>1. Dwe an bwonz ak doub disk, tij ki pa monte, epi ouv\u00e8 agoch (nan sans kontr\u00e8 zegwi mont lan) ak wou operasyon. Yo pa p\u00e8m\u00e8t wou operasyon an eten ak an metal chody\u00e8. Dwe tout an bwonz.<\/p>\n<p>2. Dwe konf\u00f2m ak Espesifikasyon Federal WW-V-54, Tip I, Klas B<\/p>\n<p>1.04 Bwat Valv<\/p>\n<p>A. Bwat an f\u00e8 fonn yo dwe kalite ekstansyon ak ajisteman tip glisman ak baz elaji. Epes\u00e8 metal la minim\u00f2m dwe 3\/16 pous. Mo &quot;W&quot; la dwe nan kouv\u00e8ti a. Bwat yo dwe gen yon long\u00e8 ki ka adapte, san ekstansyon konpl\u00e8, ak pwofond\u00e8 kouv\u00e8ti ki neses\u00e8 sou tiyo a nan kote valv la ye a. Bwat yo dwe nimewo 3 pou liy 6\u2033 ak pi gwo.<\/p>\n<p>1.05 Idran Ponpye<\/p>\n<p>A. Tout idran ponpye yo dwe fabrike pa American Darling Model B-84B-5 ak mod\u00e8l file. Gwos\u00e8 bouch yo dwe satisf\u00e8 egzijans Depatman Ponpye Vil Miami Beach yo:<\/p>\n<p>\u00a0<\/p>\n<p>1. Gwos\u00e8 fil ak bouch pou tiyo a: De 2-\u00bd\u201d HN<\/p>\n<p>2. Fil bouch ponp lan: Yon 4\u2033 PN<\/p>\n<p>3. Gwos\u00e8, f\u00f2m, kote ak wotasyon nwa operasyon an: B41 OP NUT OL-Anwo<\/p>\n<p>\u00a0\u00a0<\/p>\n<p>B. Idran ponpye ki deja itilize yo dwe gen mwens pase 10 an. Nouvo idran ponpye yo dwe soti nan menm fabrikasyon ane a.<\/p>\n<p>\u00a0<\/p>\n<p>C. Kontrakt\u00e8 a ta dwe enspekte epi verifye si ekipman file ak koneksyon yo konpatib ak ekipman Vil la, patikily\u00e8man &quot;Fil Kawotchou&quot;.<\/p>\n<p>1.06 S\u00e8vis Dlo ak Liy Dife<\/p>\n<p>A. Tout tiyo s\u00e8vis ki gen de pous (2\u2033) an dyam\u00e8t dwe f\u00e8t ak tib polietil\u00e8n, konf\u00f2m ak AWWA C-901, ASTM D2239 ak d\u00e8nye revizyon AASHTO 294 yo. S\u00e8vis polietil\u00e8n ki trav\u00e8se yon twotwa epi ki konekte ak yon tiyo prensipal dlo nan z\u00f2n swale a dwe enstale nan yon tiyo manch f\u00e8 nwa ki gen kat pous (4\u2033) an dyam\u00e8t, anba twotwa a ak pave a.<\/p>\n<p>\u00a0\u00a0\u00a0 B. Tiyo kwiv oswa kwiv pa otorize eksepte pou kondisyon espesyal. S\u00e8vi ak tiyo filete oswa ekipman konpresyon. Pa gen jwenti soude otorize.<\/p>\n<p>\u00a0\u00a0\u00a0 C. Tiyo f\u00e8 duktil ki mwens pase 6\u2033 dyam\u00e8t dwe nan klas 53.<\/p>\n<p>\u00a0\u00a0\u00a0 D. S\u00e8l Tapping yo dwe gen de (2) espageti an asye pur ak yon ar\u00e8 Corporation.<\/p>\n<p>\u00a0 E. Vil la dwe founi, enstale, ranplase ak\/oswa antreteni m\u00e8t yo.<\/p>\n<p>\u00a0\u00a0\u00a0 F. Kontrakt\u00e8 a dwe founi bwat kont\u00e8 yo dapre espesifikasyon Vil la.<\/p>\n<p>\u00a0\u00a0<\/p>\n<p>1.07 Asanble Verifikasyon Detekt\u00e8 Doub (DDCA)\u00a0<\/p>\n<p>\u00a0\u00a0\u00a0\u00a0 A. Enstale asanblaj verifikasyon doub detekt\u00e8 (DDCA) la dapre AWWA M14, d\u00e8nye revizyon an.<\/p>\n<p>\u00a0<\/p>\n<p>\u00a0\u00a0\u00a0\u00a0 B. Estrikti ki apwovizyone dir\u00e8kteman nan sist\u00e8m dlo piblik la ak yon rez\u00e8v dlo oksily\u00e8 dedye a itilizasyon Ponpye yo epi ki disponib pou lokal yo dwe pwoteje kont Sist\u00e8m Rez\u00e8v Dlo Piblik la pa yon asanblaj prevansyon refli (RPBA) ak RPZ.<\/p>\n<p>\u00a0\u00a0\u00a0\u00a0\u00a0\u00a0\u00a0\u00a0\u00a0\u00a0\u00a0\u00a0\u00a0\u00a0\u00a0\u00a0\u00a0\u00a0\u00a0\u00a0\u00a0\u00a0\u00a0\u00a0\u00a0\u00a0\u00a0\u00a0\u00a0\u00a0\u00a0 .<\/p>\n<p>\u00a0\u00a0\u00a0\u00a0 C. Asanble Valv Doub Retounen an (DCVA) ak Asanble Prensip Rediksyon Retou dlo a (RPBA) dwe enstale anl\u00e8 elevasyon plan inondasyon an.<\/p>\n<p>D. Tout tiyo ki anwo nivo t\u00e8 a dwe f\u00e8t an kwiv oubyen DIP. Pa gen tiyo PVC oubyen galvanize ki otorize.<\/p>\n<p>E. Apar\u00e8y pou anpeche refoule yo dwe ekipe ak sip\u00f2 v\u00e8tikal ak sekirite ki apwopriye.\n<\/p>\n<\/td>\n<\/tr>\n<\/tbody>\n<\/table>","protected":false},"excerpt":{"rendered":"<p>MATERIALS SECTION 6 WATER DISTRIBUTION A. MATERIALS: 1.01\u00a0Mains: A.\u00a0The City of Miami Beach Public Works Department does not permit the [&hellip;]<\/p>\n","protected":false},"author":222,"featured_media":0,"parent":28940,"menu_order":183,"comment_status":"closed","ping_status":"closed","template":"","meta":{"_searchwp_excluded":"","site-sidebar-layout":"default","site-content-layout":"","ast-site-content-layout":"default","site-content-style":"default","site-sidebar-style":"default","ast-global-header-display":"","ast-banner-title-visibility":"","ast-main-header-display":"","ast-hfb-above-header-display":"","ast-hfb-below-header-display":"","ast-hfb-mobile-header-display":"","site-post-title":"","ast-breadcrumbs-content":"","ast-featured-img":"","footer-sml-layout":"","theme-transparent-header-meta":"","adv-header-id-meta":"","stick-header-meta":"","header-above-stick-meta":"","header-main-stick-meta":"","header-below-stick-meta":"","astra-migrate-meta-layouts":"default","ast-page-background-enabled":"default","ast-page-background-meta":{"desktop":{"background-color":"var(--ast-global-color-5)","background-image":"","background-repeat":"repeat","background-position":"center center","background-size":"auto","background-attachment":"scroll","background-type":"","background-media":"","overlay-type":"","overlay-color":"","overlay-opacity":"","overlay-gradient":""},"tablet":{"background-color":"","background-image":"","background-repeat":"repeat","background-position":"center center","background-size":"auto","background-attachment":"scroll","background-type":"","background-media":"","overlay-type":"","overlay-color":"","overlay-opacity":"","overlay-gradient":""},"mobile":{"background-color":"","background-image":"","background-repeat":"repeat","background-position":"center center","background-size":"auto","background-attachment":"scroll","background-type":"","background-media":"","overlay-type":"","overlay-color":"","overlay-opacity":"","overlay-gradient":""}},"ast-content-background-meta":{"desktop":{"background-color":"var(--ast-global-color-4)","background-image":"","background-repeat":"repeat","background-position":"center center","background-size":"auto","background-attachment":"scroll","background-type":"","background-media":"","overlay-type":"","overlay-color":"","overlay-opacity":"","overlay-gradient":""},"tablet":{"background-color":"var(--ast-global-color-4)","background-image":"","background-repeat":"repeat","background-position":"center center","background-size":"auto","background-attachment":"scroll","background-type":"","background-media":"","overlay-type":"","overlay-color":"","overlay-opacity":"","overlay-gradient":""},"mobile":{"background-color":"var(--ast-global-color-4)","background-image":"","background-repeat":"repeat","background-position":"center center","background-size":"auto","background-attachment":"scroll","background-type":"","background-media":"","overlay-type":"","overlay-color":"","overlay-opacity":"","overlay-gradient":""}},"footnotes":""},"categories":[],"tags":[],"class_list":["post-29109","page","type-page","status-publish","hentry"],"yoast_head":"<!-- This site is optimized with the Yoast SEO Premium plugin v27.4 (Yoast SEO v27.4) - https:\/\/yoast.com\/product\/yoast-seo-premium-wordpress\/ -->\n<title>Section 6  A. Materials - City of Miami Beach<\/title>\n<meta name=\"description\" content=\"%\" \/>\n<meta name=\"robots\" content=\"index, follow, max-snippet:-1, max-image-preview:large, max-video-preview:-1\" \/>\n<link rel=\"canonical\" href=\"https:\/\/www.miamibeachfl.gov\/ht\/city-hall\/public-works\/engineering-division\/section-6-a-materials\/\" \/>\n<meta property=\"og:locale\" content=\"ht_HT\" \/>\n<meta property=\"og:type\" content=\"article\" \/>\n<meta property=\"og:title\" content=\"Section 6  A. Materials\" \/>\n<meta property=\"og:description\" content=\"%\" \/>\n<meta property=\"og:url\" content=\"https:\/\/www.miamibeachfl.gov\/ht\/city-hall\/public-works\/engineering-division\/section-6-a-materials\/\" \/>\n<meta property=\"og:site_name\" content=\"City of Miami Beach\" \/>\n<meta property=\"article:publisher\" content=\"https:\/\/www.facebook.com\/cityofmiamibeach\" \/>\n<meta property=\"article:modified_time\" content=\"2018-01-26T20:35:36+00:00\" \/>\n<meta property=\"og:image\" content=\"https:\/\/www.miamibeachfl.gov\/wp-content\/uploads\/2024\/01\/1000pxSquare-miamibeach-aerial-southpointview.jpeg\" \/>\n\t<meta property=\"og:image:width\" content=\"1000\" \/>\n\t<meta property=\"og:image:height\" content=\"1000\" \/>\n\t<meta property=\"og:image:type\" content=\"image\/jpeg\" \/>\n<meta name=\"twitter:card\" content=\"summary_large_image\" \/>\n<meta name=\"twitter:site\" content=\"@Miamibeachnews\" \/>\n<script type=\"application\/ld+json\" class=\"yoast-schema-graph\">{\"@context\":\"https:\\\/\\\/schema.org\",\"@graph\":[{\"@type\":\"WebPage\",\"@id\":\"https:\\\/\\\/www.miamibeachfl.gov\\\/city-hall\\\/public-works\\\/engineering-division\\\/section-6-a-materials\\\/\",\"url\":\"https:\\\/\\\/www.miamibeachfl.gov\\\/city-hall\\\/public-works\\\/engineering-division\\\/section-6-a-materials\\\/\",\"name\":\"Section 6 A. Materials - City of Miami Beach\",\"isPartOf\":{\"@id\":\"https:\\\/\\\/www.miamibeachfl.gov\\\/#website\"},\"datePublished\":\"2017-08-11T00:11:58+00:00\",\"dateModified\":\"2018-01-26T20:35:36+00:00\",\"description\":\"%\",\"breadcrumb\":{\"@id\":\"https:\\\/\\\/www.miamibeachfl.gov\\\/city-hall\\\/public-works\\\/engineering-division\\\/section-6-a-materials\\\/#breadcrumb\"},\"inLanguage\":\"ht\",\"potentialAction\":[{\"@type\":\"ReadAction\",\"target\":[\"https:\\\/\\\/www.miamibeachfl.gov\\\/city-hall\\\/public-works\\\/engineering-division\\\/section-6-a-materials\\\/\"]}]},{\"@type\":\"BreadcrumbList\",\"@id\":\"https:\\\/\\\/www.miamibeachfl.gov\\\/city-hall\\\/public-works\\\/engineering-division\\\/section-6-a-materials\\\/#breadcrumb\",\"itemListElement\":[{\"@type\":\"ListItem\",\"position\":1,\"name\":\"Home\",\"item\":\"https:\\\/\\\/www.miamibeachfl.gov\\\/\"},{\"@type\":\"ListItem\",\"position\":2,\"name\":\"City Hall\",\"item\":\"https:\\\/\\\/www.miamibeachfl.gov\\\/city-hall\\\/\"},{\"@type\":\"ListItem\",\"position\":3,\"name\":\"Public Works\",\"item\":\"https:\\\/\\\/www.miamibeachfl.gov\\\/city-hall\\\/public-works\\\/\"},{\"@type\":\"ListItem\",\"position\":4,\"name\":\"Engineering Division\",\"item\":\"https:\\\/\\\/www.miamibeachfl.gov\\\/city-hall\\\/public-works\\\/engineering-division\\\/\"},{\"@type\":\"ListItem\",\"position\":5,\"name\":\"Section 6 A. Materials\"}]},{\"@type\":\"WebSite\",\"@id\":\"https:\\\/\\\/www.miamibeachfl.gov\\\/#website\",\"url\":\"https:\\\/\\\/www.miamibeachfl.gov\\\/\",\"name\":\"City of Miami Beach\",\"description\":\"The official website of the City of Miami Beach. Stay informed, find important information on city services, news, alerts, events, trolley routes, government employment and more.\",\"publisher\":{\"@id\":\"https:\\\/\\\/www.miamibeachfl.gov\\\/#organization\"},\"potentialAction\":[{\"@type\":\"SearchAction\",\"target\":{\"@type\":\"EntryPoint\",\"urlTemplate\":\"https:\\\/\\\/www.miamibeachfl.gov\\\/?s={search_term_string}\"},\"query-input\":{\"@type\":\"PropertyValueSpecification\",\"valueRequired\":true,\"valueName\":\"search_term_string\"}}],\"inLanguage\":\"ht\"},{\"@type\":\"Organization\",\"@id\":\"https:\\\/\\\/www.miamibeachfl.gov\\\/#organization\",\"name\":\"City of Miami Beach\",\"url\":\"https:\\\/\\\/www.miamibeachfl.gov\\\/\",\"logo\":{\"@type\":\"ImageObject\",\"inLanguage\":\"ht\",\"@id\":\"https:\\\/\\\/www.miamibeachfl.gov\\\/#\\\/schema\\\/logo\\\/image\\\/\",\"url\":\"https:\\\/\\\/www.miamibeachfl.gov\\\/wp-content\\\/uploads\\\/2022\\\/06\\\/miamibeach-logoblue.png\",\"contentUrl\":\"https:\\\/\\\/www.miamibeachfl.gov\\\/wp-content\\\/uploads\\\/2022\\\/06\\\/miamibeach-logoblue.png\",\"width\":1962,\"height\":381,\"caption\":\"City of Miami Beach\"},\"image\":{\"@id\":\"https:\\\/\\\/www.miamibeachfl.gov\\\/#\\\/schema\\\/logo\\\/image\\\/\"},\"sameAs\":[\"https:\\\/\\\/www.facebook.com\\\/cityofmiamibeach\",\"https:\\\/\\\/x.com\\\/Miamibeachnews\",\"https:\\\/\\\/www.instagram.com\\\/miamibeachnews\\\/\"],\"description\":\"The official website of the City of Miami Beach. Stay informed, find important information on city services, news, alerts, events, trolley routes, government employment and more.\",\"telephone\":\"305.604.CITY(2489)\",\"legalName\":\"City of Miami Beach\"}]}<\/script>\n<!-- \/ Yoast SEO Premium plugin. -->","yoast_head_json":{"title":"Seksyon 6 A. Matery\u00e8l - Vil Miami Beach","description":"%","robots":{"index":"index","follow":"follow","max-snippet":"max-snippet:-1","max-image-preview":"max-image-preview:large","max-video-preview":"max-video-preview:-1"},"canonical":"https:\/\/www.miamibeachfl.gov\/ht\/city-hall\/public-works\/engineering-division\/section-6-a-materials\/","og_locale":"ht_HT","og_type":"article","og_title":"Section 6  A. Materials","og_description":"%","og_url":"https:\/\/www.miamibeachfl.gov\/ht\/city-hall\/public-works\/engineering-division\/section-6-a-materials\/","og_site_name":"City of Miami Beach","article_publisher":"https:\/\/www.facebook.com\/cityofmiamibeach","article_modified_time":"2018-01-26T20:35:36+00:00","og_image":[{"width":1000,"height":1000,"url":"https:\/\/www.miamibeachfl.gov\/wp-content\/uploads\/2024\/01\/1000pxSquare-miamibeach-aerial-southpointview.jpeg","type":"image\/jpeg"}],"twitter_card":"summary_large_image","twitter_site":"@Miamibeachnews","schema":{"@context":"https:\/\/schema.org","@graph":[{"@type":"WebPage","@id":"https:\/\/www.miamibeachfl.gov\/city-hall\/public-works\/engineering-division\/section-6-a-materials\/","url":"https:\/\/www.miamibeachfl.gov\/city-hall\/public-works\/engineering-division\/section-6-a-materials\/","name":"Seksyon 6 A. Matery\u00e8l - Vil Miami Beach","isPartOf":{"@id":"https:\/\/www.miamibeachfl.gov\/#website"},"datePublished":"2017-08-11T00:11:58+00:00","dateModified":"2018-01-26T20:35:36+00:00","description":"%","breadcrumb":{"@id":"https:\/\/www.miamibeachfl.gov\/city-hall\/public-works\/engineering-division\/section-6-a-materials\/#breadcrumb"},"inLanguage":"ht","potentialAction":[{"@type":"ReadAction","target":["https:\/\/www.miamibeachfl.gov\/city-hall\/public-works\/engineering-division\/section-6-a-materials\/"]}]},{"@type":"BreadcrumbList","@id":"https:\/\/www.miamibeachfl.gov\/city-hall\/public-works\/engineering-division\/section-6-a-materials\/#breadcrumb","itemListElement":[{"@type":"ListItem","position":1,"name":"Home","item":"https:\/\/www.miamibeachfl.gov\/"},{"@type":"ListItem","position":2,"name":"City Hall","item":"https:\/\/www.miamibeachfl.gov\/city-hall\/"},{"@type":"ListItem","position":3,"name":"Public Works","item":"https:\/\/www.miamibeachfl.gov\/city-hall\/public-works\/"},{"@type":"ListItem","position":4,"name":"Engineering Division","item":"https:\/\/www.miamibeachfl.gov\/city-hall\/public-works\/engineering-division\/"},{"@type":"ListItem","position":5,"name":"Section 6 A. Materials"}]},{"@type":"WebSite","@id":"https:\/\/www.miamibeachfl.gov\/#website","url":"https:\/\/www.miamibeachfl.gov\/","name":"Vil Miami Beach","description":"Sitw\u00e8b ofisy\u00e8l Vil Miami Beach la. Rete enf\u00f2me, jwenn enf\u00f2masyon enp\u00f2tan sou s\u00e8vis vil la, nouv\u00e8l, al\u00e8t, ev\u00e8nman, wout tramway, travay gouv\u00e8nman an ak plis ank\u00f2.","publisher":{"@id":"https:\/\/www.miamibeachfl.gov\/#organization"},"potentialAction":[{"@type":"SearchAction","target":{"@type":"EntryPoint","urlTemplate":"https:\/\/www.miamibeachfl.gov\/?s={search_term_string}"},"query-input":{"@type":"PropertyValueSpecification","valueRequired":true,"valueName":"search_term_string"}}],"inLanguage":"ht"},{"@type":"Organization","@id":"https:\/\/www.miamibeachfl.gov\/#organization","name":"Vil Miami Beach","url":"https:\/\/www.miamibeachfl.gov\/","logo":{"@type":"ImageObject","inLanguage":"ht","@id":"https:\/\/www.miamibeachfl.gov\/#\/schema\/logo\/image\/","url":"https:\/\/www.miamibeachfl.gov\/wp-content\/uploads\/2022\/06\/miamibeach-logoblue.png","contentUrl":"https:\/\/www.miamibeachfl.gov\/wp-content\/uploads\/2022\/06\/miamibeach-logoblue.png","width":1962,"height":381,"caption":"City of Miami Beach"},"image":{"@id":"https:\/\/www.miamibeachfl.gov\/#\/schema\/logo\/image\/"},"sameAs":["https:\/\/www.facebook.com\/cityofmiamibeach","https:\/\/x.com\/Miamibeachnews","https:\/\/www.instagram.com\/miamibeachnews\/"],"description":"Sitw\u00e8b ofisy\u00e8l Vil Miami Beach la. Rete enf\u00f2me, jwenn enf\u00f2masyon enp\u00f2tan sou s\u00e8vis vil la, nouv\u00e8l, al\u00e8t, ev\u00e8nman, wout tramway, travay gouv\u00e8nman an ak plis ank\u00f2.","telephone":"305.604.CITY(2489)","legalName":"City of Miami Beach"}]}},"_links":{"self":[{"href":"https:\/\/www.miamibeachfl.gov\/ht\/wp-json\/wp\/v2\/pages\/29109","targetHints":{"allow":["GET"]}}],"collection":[{"href":"https:\/\/www.miamibeachfl.gov\/ht\/wp-json\/wp\/v2\/pages"}],"about":[{"href":"https:\/\/www.miamibeachfl.gov\/ht\/wp-json\/wp\/v2\/types\/page"}],"author":[{"embeddable":true,"href":"https:\/\/www.miamibeachfl.gov\/ht\/wp-json\/wp\/v2\/users\/222"}],"replies":[{"embeddable":true,"href":"https:\/\/www.miamibeachfl.gov\/ht\/wp-json\/wp\/v2\/comments?post=29109"}],"version-history":[{"count":0,"href":"https:\/\/www.miamibeachfl.gov\/ht\/wp-json\/wp\/v2\/pages\/29109\/revisions"}],"up":[{"embeddable":true,"href":"https:\/\/www.miamibeachfl.gov\/ht\/wp-json\/wp\/v2\/pages\/28940"}],"wp:attachment":[{"href":"https:\/\/www.miamibeachfl.gov\/ht\/wp-json\/wp\/v2\/media?parent=29109"}],"wp:term":[{"taxonomy":"category","embeddable":true,"href":"https:\/\/www.miamibeachfl.gov\/ht\/wp-json\/wp\/v2\/categories?post=29109"},{"taxonomy":"post_tag","embeddable":true,"href":"https:\/\/www.miamibeachfl.gov\/ht\/wp-json\/wp\/v2\/tags?post=29109"}],"curies":[{"name":"wp","href":"https:\/\/api.w.org\/{rel}","templated":true}]}}