{"id":29114,"date":"2017-08-11T00:12:01","date_gmt":"2017-08-11T00:12:01","guid":{"rendered":"http:\/\/www.miamibeachfl.gov\/city-hall\/public-works\/table-of-contents-details\/section-7-1-b-pipe-joints-and-gaskets\/"},"modified":"2018-01-26T14:11:47","modified_gmt":"2018-01-26T19:11:47","slug":"section-7-1-b-pipe-joints-and-gaskets","status":"publish","type":"page","link":"https:\/\/www.miamibeachfl.gov\/ht\/city-hall\/public-works\/engineering-division\/section-7-1-materials\/section-7-1-b-pipe-joints-and-gaskets\/","title":{"rendered":"Seksyon 7 1 B. Jwenti Tiyo Ak Garnitur"},"content":{"rendered":"<\/p>\n<p><strong>SEKSYON 7 SIST\u00c8M KOLEKSYON GRAVITE EGOU SANIT\u00c8<\/p>\n<p>B. Jwenti ak garnitur pou tiyo:<\/strong><\/p>\n<p>Jwenti garnitur elastomerik ki bay yon sele ki enp\u00e8meyab dwe konf\u00f2m ak ASTM D3212 ak F477, d\u00e8nye revizyon yo. Garnitur yo dwe fabrike ak yon konpoze elastom\u00e8 kalite sipery\u00e8 an ak\u00f2 ak ASTM Standard F477, &quot;Espesifikasyon pou Garnitur Elastomerik (Garnitur) pou Ranje Tiyo Plastik&quot;, sof si gen l\u00f2t modifikasyon ladan l. Polym\u00e8 debaz pou garnitur yo dwe kawoutchou sentetik. Garnitur kawoutchou natir\u00e8l oswa garnitur ki gen kawoutchou natir\u00e8l ak sentetik pa otorize. Garnitur yo dwe kontiny\u00e8l, elastomerik, kalite bag kawoutchou.<\/p>","protected":false},"excerpt":{"rendered":"<p>SECTION 7 SANITARY SEWER GRAVITY COLLECTION SYSTEM B. Pipe Joints and gaskets: Elastomeric gasket joints providing a watertight seal shall [&hellip;]<\/p>\n","protected":false},"author":222,"featured_media":0,"parent":29121,"menu_order":0,"comment_status":"closed","ping_status":"closed","template":"","meta":{"_searchwp_excluded":"","site-sidebar-layout":"default","site-content-layout":"","ast-site-content-layout":"default","site-content-style":"default","site-sidebar-style":"default","ast-global-header-display":"","ast-banner-title-visibility":"","ast-main-header-display":"","ast-hfb-above-header-display":"","ast-hfb-below-header-display":"","ast-hfb-mobile-header-display":"","site-post-title":"","ast-breadcrumbs-content":"","ast-featured-img":"","footer-sml-layout":"","theme-transparent-header-meta":"","adv-header-id-meta":"","stick-header-meta":"","header-above-stick-meta":"","header-main-stick-meta":"","header-below-stick-meta":"","astra-migrate-meta-layouts":"default","ast-page-background-enabled":"default","ast-page-background-meta":{"desktop":{"background-color":"var(--ast-global-color-5)","background-image":"","background-repeat":"repeat","background-position":"center center","background-size":"auto","background-attachment":"scroll","background-type":"","background-media":"","overlay-type":"","overlay-color":"","overlay-opacity":"","overlay-gradient":""},"tablet":{"background-color":"","background-image":"","background-repeat":"repeat","background-position":"center center","background-size":"auto","background-attachment":"scroll","background-type":"","background-media":"","overlay-type":"","overlay-color":"","overlay-opacity":"","overlay-gradient":""},"mobile":{"background-color":"","background-image":"","background-repeat":"repeat","background-position":"center center","background-size":"auto","background-attachment":"scroll","background-type":"","background-media":"","overlay-type":"","overlay-color":"","overlay-opacity":"","overlay-gradient":""}},"ast-content-background-meta":{"desktop":{"background-color":"var(--ast-global-color-4)","background-image":"","background-repeat":"repeat","background-position":"center center","background-size":"auto","background-attachment":"scroll","background-type":"","background-media":"","overlay-type":"","overlay-color":"","overlay-opacity":"","overlay-gradient":""},"tablet":{"background-color":"var(--ast-global-color-4)","background-image":"","background-repeat":"repeat","background-position":"center center","background-size":"auto","background-attachment":"scroll","background-type":"","background-media":"","overlay-type":"","overlay-color":"","overlay-opacity":"","overlay-gradient":""},"mobile":{"background-color":"var(--ast-global-color-4)","background-image":"","background-repeat":"repeat","background-position":"center center","background-size":"auto","background-attachment":"scroll","background-type":"","background-media":"","overlay-type":"","overlay-color":"","overlay-opacity":"","overlay-gradient":""}},"footnotes":""},"categories":[],"tags":[],"class_list":["post-29114","page","type-page","status-publish","hentry"],"yoast_head":"<!-- This site is optimized with the Yoast SEO Premium plugin v27.4 (Yoast SEO v27.4) - https:\/\/yoast.com\/product\/yoast-seo-premium-wordpress\/ -->\n<title>Section 7  1  B. Pipe Joints And Gaskets - City of Miami Beach<\/title>\n<meta name=\"description\" content=\"%\" \/>\n<meta name=\"robots\" content=\"index, follow, max-snippet:-1, max-image-preview:large, max-video-preview:-1\" \/>\n<link rel=\"canonical\" href=\"https:\/\/www.miamibeachfl.gov\/ht\/city-hall\/public-works\/engineering-division\/section-7-1-materials\/section-7-1-b-pipe-joints-and-gaskets\/\" \/>\n<meta property=\"og:locale\" content=\"ht_HT\" \/>\n<meta property=\"og:type\" content=\"article\" \/>\n<meta property=\"og:title\" content=\"Section 7  1  B. Pipe Joints And Gaskets\" \/>\n<meta property=\"og:description\" content=\"%\" \/>\n<meta property=\"og:url\" content=\"https:\/\/www.miamibeachfl.gov\/ht\/city-hall\/public-works\/engineering-division\/section-7-1-materials\/section-7-1-b-pipe-joints-and-gaskets\/\" \/>\n<meta property=\"og:site_name\" content=\"City of Miami Beach\" \/>\n<meta property=\"article:publisher\" content=\"https:\/\/www.facebook.com\/cityofmiamibeach\" \/>\n<meta property=\"article:modified_time\" content=\"2018-01-26T19:11:47+00:00\" \/>\n<meta property=\"og:image\" content=\"https:\/\/www.miamibeachfl.gov\/wp-content\/uploads\/2024\/01\/1000pxSquare-miamibeach-aerial-southpointview.jpeg\" \/>\n\t<meta property=\"og:image:width\" content=\"1000\" \/>\n\t<meta property=\"og:image:height\" content=\"1000\" \/>\n\t<meta property=\"og:image:type\" content=\"image\/jpeg\" \/>\n<meta name=\"twitter:card\" content=\"summary_large_image\" \/>\n<meta name=\"twitter:site\" content=\"@Miamibeachnews\" \/>\n<script type=\"application\/ld+json\" class=\"yoast-schema-graph\">{\"@context\":\"https:\\\/\\\/schema.org\",\"@graph\":[{\"@type\":\"WebPage\",\"@id\":\"https:\\\/\\\/www.miamibeachfl.gov\\\/city-hall\\\/public-works\\\/engineering-division\\\/section-7-1-materials\\\/section-7-1-b-pipe-joints-and-gaskets\\\/\",\"url\":\"https:\\\/\\\/www.miamibeachfl.gov\\\/city-hall\\\/public-works\\\/engineering-division\\\/section-7-1-materials\\\/section-7-1-b-pipe-joints-and-gaskets\\\/\",\"name\":\"Section 7 1 B. Pipe Joints And Gaskets - City of Miami Beach\",\"isPartOf\":{\"@id\":\"https:\\\/\\\/www.miamibeachfl.gov\\\/#website\"},\"datePublished\":\"2017-08-11T00:12:01+00:00\",\"dateModified\":\"2018-01-26T19:11:47+00:00\",\"description\":\"%\",\"breadcrumb\":{\"@id\":\"https:\\\/\\\/www.miamibeachfl.gov\\\/city-hall\\\/public-works\\\/engineering-division\\\/section-7-1-materials\\\/section-7-1-b-pipe-joints-and-gaskets\\\/#breadcrumb\"},\"inLanguage\":\"ht\",\"potentialAction\":[{\"@type\":\"ReadAction\",\"target\":[\"https:\\\/\\\/www.miamibeachfl.gov\\\/city-hall\\\/public-works\\\/engineering-division\\\/section-7-1-materials\\\/section-7-1-b-pipe-joints-and-gaskets\\\/\"]}]},{\"@type\":\"BreadcrumbList\",\"@id\":\"https:\\\/\\\/www.miamibeachfl.gov\\\/city-hall\\\/public-works\\\/engineering-division\\\/section-7-1-materials\\\/section-7-1-b-pipe-joints-and-gaskets\\\/#breadcrumb\",\"itemListElement\":[{\"@type\":\"ListItem\",\"position\":1,\"name\":\"Home\",\"item\":\"https:\\\/\\\/www.miamibeachfl.gov\\\/\"},{\"@type\":\"ListItem\",\"position\":2,\"name\":\"City Hall\",\"item\":\"https:\\\/\\\/www.miamibeachfl.gov\\\/city-hall\\\/\"},{\"@type\":\"ListItem\",\"position\":3,\"name\":\"Public Works\",\"item\":\"https:\\\/\\\/www.miamibeachfl.gov\\\/city-hall\\\/public-works\\\/\"},{\"@type\":\"ListItem\",\"position\":4,\"name\":\"Engineering Division\",\"item\":\"https:\\\/\\\/www.miamibeachfl.gov\\\/city-hall\\\/public-works\\\/engineering-division\\\/\"},{\"@type\":\"ListItem\",\"position\":5,\"name\":\"Section 7 1 Materials\",\"item\":\"https:\\\/\\\/www.miamibeachfl.gov\\\/city-hall\\\/public-works\\\/engineering-division\\\/section-7-1-materials\\\/\"},{\"@type\":\"ListItem\",\"position\":6,\"name\":\"Section 7 1 B. Pipe Joints And Gaskets\"}]},{\"@type\":\"WebSite\",\"@id\":\"https:\\\/\\\/www.miamibeachfl.gov\\\/#website\",\"url\":\"https:\\\/\\\/www.miamibeachfl.gov\\\/\",\"name\":\"City of Miami Beach\",\"description\":\"The official website of the City of Miami Beach. Stay informed, find important information on city services, news, alerts, events, trolley routes, government employment and more.\",\"publisher\":{\"@id\":\"https:\\\/\\\/www.miamibeachfl.gov\\\/#organization\"},\"potentialAction\":[{\"@type\":\"SearchAction\",\"target\":{\"@type\":\"EntryPoint\",\"urlTemplate\":\"https:\\\/\\\/www.miamibeachfl.gov\\\/?s={search_term_string}\"},\"query-input\":{\"@type\":\"PropertyValueSpecification\",\"valueRequired\":true,\"valueName\":\"search_term_string\"}}],\"inLanguage\":\"ht\"},{\"@type\":\"Organization\",\"@id\":\"https:\\\/\\\/www.miamibeachfl.gov\\\/#organization\",\"name\":\"City of Miami Beach\",\"url\":\"https:\\\/\\\/www.miamibeachfl.gov\\\/\",\"logo\":{\"@type\":\"ImageObject\",\"inLanguage\":\"ht\",\"@id\":\"https:\\\/\\\/www.miamibeachfl.gov\\\/#\\\/schema\\\/logo\\\/image\\\/\",\"url\":\"https:\\\/\\\/www.miamibeachfl.gov\\\/wp-content\\\/uploads\\\/2022\\\/06\\\/miamibeach-logoblue.png\",\"contentUrl\":\"https:\\\/\\\/www.miamibeachfl.gov\\\/wp-content\\\/uploads\\\/2022\\\/06\\\/miamibeach-logoblue.png\",\"width\":1962,\"height\":381,\"caption\":\"City of Miami Beach\"},\"image\":{\"@id\":\"https:\\\/\\\/www.miamibeachfl.gov\\\/#\\\/schema\\\/logo\\\/image\\\/\"},\"sameAs\":[\"https:\\\/\\\/www.facebook.com\\\/cityofmiamibeach\",\"https:\\\/\\\/x.com\\\/Miamibeachnews\",\"https:\\\/\\\/www.instagram.com\\\/miamibeachnews\\\/\"],\"description\":\"The official website of the City of Miami Beach. Stay informed, find important information on city services, news, alerts, events, trolley routes, government employment and more.\",\"telephone\":\"305.604.CITY(2489)\",\"legalName\":\"City of Miami Beach\"}]}<\/script>\n<!-- \/ Yoast SEO Premium plugin. -->","yoast_head_json":{"title":"Seksyon 7 1 B. Jwenti Tiyo Ak Garnitur - Vil Miami Beach","description":"%","robots":{"index":"index","follow":"follow","max-snippet":"max-snippet:-1","max-image-preview":"max-image-preview:large","max-video-preview":"max-video-preview:-1"},"canonical":"https:\/\/www.miamibeachfl.gov\/ht\/city-hall\/public-works\/engineering-division\/section-7-1-materials\/section-7-1-b-pipe-joints-and-gaskets\/","og_locale":"ht_HT","og_type":"article","og_title":"Section 7  1  B. Pipe Joints And Gaskets","og_description":"%","og_url":"https:\/\/www.miamibeachfl.gov\/ht\/city-hall\/public-works\/engineering-division\/section-7-1-materials\/section-7-1-b-pipe-joints-and-gaskets\/","og_site_name":"City of Miami Beach","article_publisher":"https:\/\/www.facebook.com\/cityofmiamibeach","article_modified_time":"2018-01-26T19:11:47+00:00","og_image":[{"width":1000,"height":1000,"url":"https:\/\/www.miamibeachfl.gov\/wp-content\/uploads\/2024\/01\/1000pxSquare-miamibeach-aerial-southpointview.jpeg","type":"image\/jpeg"}],"twitter_card":"summary_large_image","twitter_site":"@Miamibeachnews","schema":{"@context":"https:\/\/schema.org","@graph":[{"@type":"WebPage","@id":"https:\/\/www.miamibeachfl.gov\/city-hall\/public-works\/engineering-division\/section-7-1-materials\/section-7-1-b-pipe-joints-and-gaskets\/","url":"https:\/\/www.miamibeachfl.gov\/city-hall\/public-works\/engineering-division\/section-7-1-materials\/section-7-1-b-pipe-joints-and-gaskets\/","name":"Seksyon 7 1 B. Jwenti Tiyo Ak Garnitur - Vil Miami Beach","isPartOf":{"@id":"https:\/\/www.miamibeachfl.gov\/#website"},"datePublished":"2017-08-11T00:12:01+00:00","dateModified":"2018-01-26T19:11:47+00:00","description":"%","breadcrumb":{"@id":"https:\/\/www.miamibeachfl.gov\/city-hall\/public-works\/engineering-division\/section-7-1-materials\/section-7-1-b-pipe-joints-and-gaskets\/#breadcrumb"},"inLanguage":"ht","potentialAction":[{"@type":"ReadAction","target":["https:\/\/www.miamibeachfl.gov\/city-hall\/public-works\/engineering-division\/section-7-1-materials\/section-7-1-b-pipe-joints-and-gaskets\/"]}]},{"@type":"BreadcrumbList","@id":"https:\/\/www.miamibeachfl.gov\/city-hall\/public-works\/engineering-division\/section-7-1-materials\/section-7-1-b-pipe-joints-and-gaskets\/#breadcrumb","itemListElement":[{"@type":"ListItem","position":1,"name":"Home","item":"https:\/\/www.miamibeachfl.gov\/"},{"@type":"ListItem","position":2,"name":"City Hall","item":"https:\/\/www.miamibeachfl.gov\/city-hall\/"},{"@type":"ListItem","position":3,"name":"Public Works","item":"https:\/\/www.miamibeachfl.gov\/city-hall\/public-works\/"},{"@type":"ListItem","position":4,"name":"Engineering Division","item":"https:\/\/www.miamibeachfl.gov\/city-hall\/public-works\/engineering-division\/"},{"@type":"ListItem","position":5,"name":"Section 7 1 Materials","item":"https:\/\/www.miamibeachfl.gov\/city-hall\/public-works\/engineering-division\/section-7-1-materials\/"},{"@type":"ListItem","position":6,"name":"Section 7 1 B. Pipe Joints And Gaskets"}]},{"@type":"WebSite","@id":"https:\/\/www.miamibeachfl.gov\/#website","url":"https:\/\/www.miamibeachfl.gov\/","name":"Vil Miami Beach","description":"Sitw\u00e8b ofisy\u00e8l Vil Miami Beach la. Rete enf\u00f2me, jwenn enf\u00f2masyon enp\u00f2tan sou s\u00e8vis vil la, nouv\u00e8l, al\u00e8t, ev\u00e8nman, wout tramway, travay gouv\u00e8nman an ak plis ank\u00f2.","publisher":{"@id":"https:\/\/www.miamibeachfl.gov\/#organization"},"potentialAction":[{"@type":"SearchAction","target":{"@type":"EntryPoint","urlTemplate":"https:\/\/www.miamibeachfl.gov\/?s={search_term_string}"},"query-input":{"@type":"PropertyValueSpecification","valueRequired":true,"valueName":"search_term_string"}}],"inLanguage":"ht"},{"@type":"Organization","@id":"https:\/\/www.miamibeachfl.gov\/#organization","name":"Vil Miami Beach","url":"https:\/\/www.miamibeachfl.gov\/","logo":{"@type":"ImageObject","inLanguage":"ht","@id":"https:\/\/www.miamibeachfl.gov\/#\/schema\/logo\/image\/","url":"https:\/\/www.miamibeachfl.gov\/wp-content\/uploads\/2022\/06\/miamibeach-logoblue.png","contentUrl":"https:\/\/www.miamibeachfl.gov\/wp-content\/uploads\/2022\/06\/miamibeach-logoblue.png","width":1962,"height":381,"caption":"City of Miami Beach"},"image":{"@id":"https:\/\/www.miamibeachfl.gov\/#\/schema\/logo\/image\/"},"sameAs":["https:\/\/www.facebook.com\/cityofmiamibeach","https:\/\/x.com\/Miamibeachnews","https:\/\/www.instagram.com\/miamibeachnews\/"],"description":"Sitw\u00e8b ofisy\u00e8l Vil Miami Beach la. Rete enf\u00f2me, jwenn enf\u00f2masyon enp\u00f2tan sou s\u00e8vis vil la, nouv\u00e8l, al\u00e8t, ev\u00e8nman, wout tramway, travay gouv\u00e8nman an ak plis ank\u00f2.","telephone":"305.604.CITY(2489)","legalName":"City of Miami Beach"}]}},"_links":{"self":[{"href":"https:\/\/www.miamibeachfl.gov\/ht\/wp-json\/wp\/v2\/pages\/29114","targetHints":{"allow":["GET"]}}],"collection":[{"href":"https:\/\/www.miamibeachfl.gov\/ht\/wp-json\/wp\/v2\/pages"}],"about":[{"href":"https:\/\/www.miamibeachfl.gov\/ht\/wp-json\/wp\/v2\/types\/page"}],"author":[{"embeddable":true,"href":"https:\/\/www.miamibeachfl.gov\/ht\/wp-json\/wp\/v2\/users\/222"}],"replies":[{"embeddable":true,"href":"https:\/\/www.miamibeachfl.gov\/ht\/wp-json\/wp\/v2\/comments?post=29114"}],"version-history":[{"count":0,"href":"https:\/\/www.miamibeachfl.gov\/ht\/wp-json\/wp\/v2\/pages\/29114\/revisions"}],"up":[{"embeddable":true,"href":"https:\/\/www.miamibeachfl.gov\/ht\/wp-json\/wp\/v2\/pages\/29121"}],"wp:attachment":[{"href":"https:\/\/www.miamibeachfl.gov\/ht\/wp-json\/wp\/v2\/media?parent=29114"}],"wp:term":[{"taxonomy":"category","embeddable":true,"href":"https:\/\/www.miamibeachfl.gov\/ht\/wp-json\/wp\/v2\/categories?post=29114"},{"taxonomy":"post_tag","embeddable":true,"href":"https:\/\/www.miamibeachfl.gov\/ht\/wp-json\/wp\/v2\/tags?post=29114"}],"curies":[{"name":"wp","href":"https:\/\/api.w.org\/{rel}","templated":true}]}}