{"id":29124,"date":"2017-08-11T00:12:06","date_gmt":"2017-08-11T00:12:06","guid":{"rendered":"http:\/\/www.miamibeachfl.gov\/city-hall\/public-works\/table-of-contents-details\/section-7-4-special-considerations\/"},"modified":"2018-01-26T15:36:51","modified_gmt":"2018-01-26T20:36:51","slug":"section-7-4-special-considerations","status":"publish","type":"page","link":"https:\/\/www.miamibeachfl.gov\/ht\/city-hall\/public-works\/engineering-division\/section-7-4-special-considerations\/","title":{"rendered":"Seksyon 7 4. Konsiderasyon Espesyal"},"content":{"rendered":"<\/p>\n<p><strong>SEKSYON 7 SIST\u00c8M KOLEKSYON GRAVITE EGOU SANIT\u00c8<\/p>\n<p>4. KONSIDERASYON ESPESYAL<\/strong><\/p>\n<p>A. . Krit\u00e8 konsepsyon:<\/p>\n<p>1. Pant minim\u00f2m: Yo dwe konsepsyone epi konstwi tiyo egou gravite yo pou yo rive nan vit\u00e8s fwotman, l\u00e8 yo ap koule plen, ki pa mwens pase 2.0 pye pa segonn, dapre f\u00f2mil Manning lan l\u00e8 l s\u00e8vi av\u00e8k yon val\u00e8 &quot;n&quot; 0.013.<\/p>\n<p>2. Gwos\u00e8 minim\u00f2m tiyo yo: Tiyo egou gravite yo dwe gen yon dyam\u00e8t minim\u00f2m de 8 pous. Tiyo lateral yo dwe gen yon dyam\u00e8t minim\u00f2m de 6 pous pou pwopriyete rezidansy\u00e8l unifamilyal; epi yon dyam\u00e8t minim\u00f2m de 8 pous pou pwopriyete miltifamilyal ak pwopriyete ki pa rezidansy\u00e8l epi yo dwe konekte ak tiyo prensipal la atrav\u00e8 yon twou egou.<\/p>\n<p>3. Yo dwe enstale twou egou nan fen chak liy; nan tout chanjman nan nivo, gwos\u00e8 oswa aliyman; nan tout ent\u00e8seksyon tiyo prensipal yo; epi ak distans liy ki pa plis pase 400 pye ant twou egou yo.<\/p>\n<p>4. Kote tiyo egou gravite yo kwaze anl\u00e8 liy dlo yo, tiyo egou a sou yon distans 6 pye (separasyon tiyo ak tiyo) sou chak b\u00f2 pasaj la dwe f\u00e8t ak DIP oswa PVC C900\/C905, san okenn jwenti ki pi pre orizontalman pase 3 pye ak pasaj la (separasyon tiyo ak tiyo).<\/p>\n<p>5. Yo dwe itilize matery\u00e8l tiyo sa yo selon pwofond\u00e8 v\u00e8tikal kouv\u00e8ti a ak kote yo ye a, sof si kalkil yo egzije otreman ak\u00f2z chaj espesyal oswa l\u00f2t kondisyon:<\/p>\n<p>a) Z\u00f2n rig\u00f2l ki pa pave:<\/p>\n<p>\u00a0 KOUV\u00c8TI &lt; 30\u2033-36\u2033: S\u00e8vi ak tiyo PVC C-900 oubyen tiyo f\u00e8 duktil.<\/p>\n<p>\u00a0 KOUV\u00c8TI &gt; 3 pye: SDR 35 oubyen C-900<\/p>\n<p>\nb) Z\u00f2n pave:<\/p>\n<p>\u00a0KOUV\u00c8TI &lt; 30\u2033-36\u2033: S\u00e8vi ak tiyo PVC C-900 oubyen tiyo f\u00e8 duktil ak yon dal beton sou li, dapre Detay Estanda a.<\/p>\n<p>\u00a0KOUV\u00c8TI &gt; 3 pye: S\u00e8vi ak tiyo PVC C-900 oubyen tiyo f\u00e8 duktil.<\/p>\n<p>B. Kontrakt\u00e8 a dwe konf\u00f2me li av\u00e8k tout dispozisyon ki aplikab nan Lwa sou Sekirite ak Sante nan Travay 1970 an, an jeneral, ak nenp\u00f2t amannman ak revizyon ki vin apre, epi espesyalman ak dispozisyon kons\u00e8nan antre nan espas f\u00e8men ak Lwa sou Sekirite nan Tranche yo. Pri konf\u00f2mite yo dwe enkli k\u00f2m yon pati nan pri inite enstalasyon tiyo a.<\/p>\n<p>C. Kontrakt\u00e8 a responsab pou bay yon plan antretyen trafik (MOT) ki apwouve epi li dwe mennen operasyon li yo nan yon fason ki apwopriye, l\u00e8 l s\u00e8vi av\u00e8k apar\u00e8y av\u00e8tisman tankou k\u00f2n trafik, bary\u00e8 ak limy\u00e8 av\u00e8tisman, ak p\u00e8son\u00e8l tankou moun ki bay drapo ak ofisye lapolis an inif\u00f2m, kontrakt\u00e8 a dwe asire ke piblik la resevwa bon av\u00e8tisman sou danje ki nan sit travay la jan Enjeny\u00e8 Vil la jije neses\u00e8. Nan ka gason k ap travay nan twou egou yo, Kontrakt\u00e8 a dwe bay dispozisyon sekirite pou kouvri nenp\u00f2t posib ech\u00e8k estriktir\u00e8l ak\/oswa inondasyon. Dispozisyon sa yo ka gen ladan yo men yo pa limite a, nech\u00e8l nan pozisyon pou p\u00e8m\u00e8t s\u00f2ti rapidman; senti sekirite; ekipman ponpe ki kanpe b\u00f2 kote; ekipman pou l\u00e8 siplemant\u00e8; ak l\u00f2t mezi ke sitiyasyon an ak bon pratik konstriksyon yo ka endike.<\/p>\n<p>D. Yo p ap p\u00e8m\u00e8t bag riser yo pou ajiste twou egou yo nan nivo final la, sof si Enjeny\u00e8 Vil la apwouve sa espesyalman.<\/p>\n<p>E. Ponpaj Kontournman Egou:<\/p>\n<p>1. Yo dwe kontwole koule dlo egou sanit\u00e8 yo atrav\u00e8 seksyon tiyo ak estasyon ponp kote travay la ap f\u00e8t la. Ankenn sikonstans pa ka retire p\u00f2syon nan sist\u00e8m nan nan s\u00e8vis pou pery\u00f2d tan ki depase sa Depatman Travay Piblik Vil la apwouve a.<\/p>\n<p>2. Kontrakt\u00e8 a responsab pou evalye kondisyon ak kapasite liy egou ak estasyon ponpaj ki deja egziste yo, an kow\u00f2dinasyon ak Depatman Travay Piblik Vil Miami Beach, epi pou akomode koule yo nan plan travay pwoj\u00e8 a pou aplike yon plan ponpaj bypass akseptab san okenn pri adisyon\u00e8l pou Vil la.<\/p>\n<p>3. Ponpaj bypass ap neses\u00e8 pou tout rekonstriksyon egou ak estasyon ponpaj ki ta lak\u00f2z f\u00e8men enstalasyon ki deja egziste yo. Kontrakt\u00e8 a dwe bay ponp, tiyo ak l\u00f2t ekipman ki neses\u00e8 yo, non s\u00e8lman pou detounen koule dlo a ozalantou estasyon ponpaj la, twou egou a oswa seksyon tiyo kote travay la pral f\u00e8t la, men tou pou transm\u00e8t koule dlo a nan liy egou ak\/oswa estasyon ponpaj an aval san okenn fr\u00e8 siplemant\u00e8.<\/p>\n<p>4. Sist\u00e8m bypass yo dwe gen ase kapasite pou jere koule ki deja egziste yo plis koule adisyon\u00e8l ki ka rive pandan pery\u00f2d mare wo oswa lapli. Anplis sist\u00e8m ponpaj bypass prensipal la, yon kapasite ponpaj ijans sekou, tankou yon kamyon aspirat\u00e8 ki gen yon kapasite minim\u00f2m de 1000 galon, dwe disponib nan yon (1) \u00e8dtan an ka ijans.<\/p>\n<p>5. Kontrakt\u00e8 a responsab pou bay travay, en\u00e8ji ak sip\u00e8vizyon ki neses\u00e8 pou enstale epi opere sist\u00e8m ponpaj ak sist\u00e8m kontou yo.<\/p>\n<p>6. L\u00e8 ponpaj la ap fonksyone, tout mot\u00e8 ponp yo dwe ekipe yon fason pou minimize bri ponp lan pou konf\u00f2me ak \u00f2donans bri Vil la.<\/p>\n<p>7. Kontrakt\u00e8 a dwe gen p\u00e8son\u00e8l prezan tout tan pandan operasyon pasaj egou sanit\u00e8 a. Pasaj nan wout yo oswa nan z\u00f2n trafik pyeton yo pa dwe reprezante yon danje pou pyeton yo oswa trafik la.<\/p>\n<p>8. Kontrakt\u00e8 a dwe bay yon plan antretyen trafik (MOT) ki apwouve epi jwenn tout p\u00e8mi dwa pasaj ak regilasyon ki neses\u00e8 yo anvan li k\u00f2manse nenp\u00f2t travay.<\/p>\n<p>F. Jan yo konstwi a:<\/p>\n<p>Anvan akseptasyon final la, yo dwe bay Vil la 2 kopi desen konstriksyon yo, s\u00e8tifye pa yon Topograf ak Map\u00e8 T\u00e8 ki Anrejistre nan Florid (PSM), pou apwobasyon ak akseptasyon tiyo egou yo, twou egou yo, lateral yo ak ouv\u00e8ti netwayaj yo, ansanm ak yon kopi medya dijital ki pwodui desen konstriksyon sa yo. Desen konstriksyon yo dwe montre nimewo Estasyon yo ak dekalaj orizontal yo soti nan Liy Debaz la ak liy Dwa Pasaj yo sou yon plan ki gen yon ech\u00e8l pa mwens pase 1\u2033=50 pye pou tout twou egou, koub Wye, ouv\u00e8ti netwayaj lateral yo, elatriye, nan aliyman orizontal, ak yon pwofil ki gen yon ech\u00e8l v\u00e8tikal pa mwens pase 1\u2033 = 2 pye ak elevasyon env\u00e8se nan tout twou egou, koub Wye ak apepr\u00e8 chak 50 pye omwen. Plan ak Pwofil Konstriksyon yo dwe montre tou tout tiyo egou ak lateral ki abandone ak bouche nan limit pwoj\u00e8 a.<\/p>","protected":false},"excerpt":{"rendered":"<p>SECTION 7 SANITARY SEWER GRAVITY COLLECTION SYSTEM 4. SPECIAL CONSIDERATIONS A.\u00a0.\u00a0Design criteria: 1.\u00a0Minimum slopes: Gravity sewer mains shall be designed [&hellip;]<\/p>\n","protected":false},"author":222,"featured_media":0,"parent":28940,"menu_order":183,"comment_status":"closed","ping_status":"closed","template":"","meta":{"_searchwp_excluded":"","site-sidebar-layout":"default","site-content-layout":"","ast-site-content-layout":"default","site-content-style":"default","site-sidebar-style":"default","ast-global-header-display":"","ast-banner-title-visibility":"","ast-main-header-display":"","ast-hfb-above-header-display":"","ast-hfb-below-header-display":"","ast-hfb-mobile-header-display":"","site-post-title":"","ast-breadcrumbs-content":"","ast-featured-img":"","footer-sml-layout":"","theme-transparent-header-meta":"","adv-header-id-meta":"","stick-header-meta":"","header-above-stick-meta":"","header-main-stick-meta":"","header-below-stick-meta":"","astra-migrate-meta-layouts":"default","ast-page-background-enabled":"default","ast-page-background-meta":{"desktop":{"background-color":"var(--ast-global-color-5)","background-image":"","background-repeat":"repeat","background-position":"center center","background-size":"auto","background-attachment":"scroll","background-type":"","background-media":"","overlay-type":"","overlay-color":"","overlay-opacity":"","overlay-gradient":""},"tablet":{"background-color":"","background-image":"","background-repeat":"repeat","background-position":"center center","background-size":"auto","background-attachment":"scroll","background-type":"","background-media":"","overlay-type":"","overlay-color":"","overlay-opacity":"","overlay-gradient":""},"mobile":{"background-color":"","background-image":"","background-repeat":"repeat","background-position":"center center","background-size":"auto","background-attachment":"scroll","background-type":"","background-media":"","overlay-type":"","overlay-color":"","overlay-opacity":"","overlay-gradient":""}},"ast-content-background-meta":{"desktop":{"background-color":"var(--ast-global-color-4)","background-image":"","background-repeat":"repeat","background-position":"center center","background-size":"auto","background-attachment":"scroll","background-type":"","background-media":"","overlay-type":"","overlay-color":"","overlay-opacity":"","overlay-gradient":""},"tablet":{"background-color":"var(--ast-global-color-4)","background-image":"","background-repeat":"repeat","background-position":"center center","background-size":"auto","background-attachment":"scroll","background-type":"","background-media":"","overlay-type":"","overlay-color":"","overlay-opacity":"","overlay-gradient":""},"mobile":{"background-color":"var(--ast-global-color-4)","background-image":"","background-repeat":"repeat","background-position":"center center","background-size":"auto","background-attachment":"scroll","background-type":"","background-media":"","overlay-type":"","overlay-color":"","overlay-opacity":"","overlay-gradient":""}},"footnotes":""},"categories":[],"tags":[],"class_list":["post-29124","page","type-page","status-publish","hentry"],"yoast_head":"<!-- This site is optimized with the Yoast SEO Premium plugin v27.4 (Yoast SEO v27.4) - https:\/\/yoast.com\/product\/yoast-seo-premium-wordpress\/ -->\n<title>Section 7  4. Special Considerations - City of Miami Beach<\/title>\n<meta name=\"description\" content=\"%\" \/>\n<meta name=\"robots\" content=\"index, follow, max-snippet:-1, max-image-preview:large, max-video-preview:-1\" \/>\n<link rel=\"canonical\" href=\"https:\/\/www.miamibeachfl.gov\/ht\/city-hall\/public-works\/engineering-division\/section-7-4-special-considerations\/\" \/>\n<meta property=\"og:locale\" content=\"ht_HT\" \/>\n<meta property=\"og:type\" content=\"article\" \/>\n<meta property=\"og:title\" content=\"Section 7  4. Special Considerations\" \/>\n<meta property=\"og:description\" content=\"%\" \/>\n<meta property=\"og:url\" content=\"https:\/\/www.miamibeachfl.gov\/ht\/city-hall\/public-works\/engineering-division\/section-7-4-special-considerations\/\" \/>\n<meta property=\"og:site_name\" content=\"City of Miami Beach\" \/>\n<meta property=\"article:publisher\" content=\"https:\/\/www.facebook.com\/cityofmiamibeach\" \/>\n<meta property=\"article:modified_time\" content=\"2018-01-26T20:36:51+00:00\" \/>\n<meta property=\"og:image\" content=\"https:\/\/www.miamibeachfl.gov\/wp-content\/uploads\/2024\/01\/1000pxSquare-miamibeach-aerial-southpointview.jpeg\" \/>\n\t<meta property=\"og:image:width\" content=\"1000\" \/>\n\t<meta property=\"og:image:height\" content=\"1000\" \/>\n\t<meta property=\"og:image:type\" content=\"image\/jpeg\" \/>\n<meta name=\"twitter:card\" content=\"summary_large_image\" \/>\n<meta name=\"twitter:site\" content=\"@Miamibeachnews\" \/>\n<script type=\"application\/ld+json\" class=\"yoast-schema-graph\">{\"@context\":\"https:\\\/\\\/schema.org\",\"@graph\":[{\"@type\":\"WebPage\",\"@id\":\"https:\\\/\\\/www.miamibeachfl.gov\\\/city-hall\\\/public-works\\\/engineering-division\\\/section-7-4-special-considerations\\\/\",\"url\":\"https:\\\/\\\/www.miamibeachfl.gov\\\/city-hall\\\/public-works\\\/engineering-division\\\/section-7-4-special-considerations\\\/\",\"name\":\"Section 7 4. Special Considerations - City of Miami Beach\",\"isPartOf\":{\"@id\":\"https:\\\/\\\/www.miamibeachfl.gov\\\/#website\"},\"datePublished\":\"2017-08-11T00:12:06+00:00\",\"dateModified\":\"2018-01-26T20:36:51+00:00\",\"description\":\"%\",\"breadcrumb\":{\"@id\":\"https:\\\/\\\/www.miamibeachfl.gov\\\/city-hall\\\/public-works\\\/engineering-division\\\/section-7-4-special-considerations\\\/#breadcrumb\"},\"inLanguage\":\"ht\",\"potentialAction\":[{\"@type\":\"ReadAction\",\"target\":[\"https:\\\/\\\/www.miamibeachfl.gov\\\/city-hall\\\/public-works\\\/engineering-division\\\/section-7-4-special-considerations\\\/\"]}]},{\"@type\":\"BreadcrumbList\",\"@id\":\"https:\\\/\\\/www.miamibeachfl.gov\\\/city-hall\\\/public-works\\\/engineering-division\\\/section-7-4-special-considerations\\\/#breadcrumb\",\"itemListElement\":[{\"@type\":\"ListItem\",\"position\":1,\"name\":\"Home\",\"item\":\"https:\\\/\\\/www.miamibeachfl.gov\\\/\"},{\"@type\":\"ListItem\",\"position\":2,\"name\":\"City Hall\",\"item\":\"https:\\\/\\\/www.miamibeachfl.gov\\\/city-hall\\\/\"},{\"@type\":\"ListItem\",\"position\":3,\"name\":\"Public Works\",\"item\":\"https:\\\/\\\/www.miamibeachfl.gov\\\/city-hall\\\/public-works\\\/\"},{\"@type\":\"ListItem\",\"position\":4,\"name\":\"Engineering Division\",\"item\":\"https:\\\/\\\/www.miamibeachfl.gov\\\/city-hall\\\/public-works\\\/engineering-division\\\/\"},{\"@type\":\"ListItem\",\"position\":5,\"name\":\"Section 7 4. Special Considerations\"}]},{\"@type\":\"WebSite\",\"@id\":\"https:\\\/\\\/www.miamibeachfl.gov\\\/#website\",\"url\":\"https:\\\/\\\/www.miamibeachfl.gov\\\/\",\"name\":\"City of Miami Beach\",\"description\":\"The official website of the City of Miami Beach. Stay informed, find important information on city services, news, alerts, events, trolley routes, government employment and more.\",\"publisher\":{\"@id\":\"https:\\\/\\\/www.miamibeachfl.gov\\\/#organization\"},\"potentialAction\":[{\"@type\":\"SearchAction\",\"target\":{\"@type\":\"EntryPoint\",\"urlTemplate\":\"https:\\\/\\\/www.miamibeachfl.gov\\\/?s={search_term_string}\"},\"query-input\":{\"@type\":\"PropertyValueSpecification\",\"valueRequired\":true,\"valueName\":\"search_term_string\"}}],\"inLanguage\":\"ht\"},{\"@type\":\"Organization\",\"@id\":\"https:\\\/\\\/www.miamibeachfl.gov\\\/#organization\",\"name\":\"City of Miami Beach\",\"url\":\"https:\\\/\\\/www.miamibeachfl.gov\\\/\",\"logo\":{\"@type\":\"ImageObject\",\"inLanguage\":\"ht\",\"@id\":\"https:\\\/\\\/www.miamibeachfl.gov\\\/#\\\/schema\\\/logo\\\/image\\\/\",\"url\":\"https:\\\/\\\/www.miamibeachfl.gov\\\/wp-content\\\/uploads\\\/2022\\\/06\\\/miamibeach-logoblue.png\",\"contentUrl\":\"https:\\\/\\\/www.miamibeachfl.gov\\\/wp-content\\\/uploads\\\/2022\\\/06\\\/miamibeach-logoblue.png\",\"width\":1962,\"height\":381,\"caption\":\"City of Miami Beach\"},\"image\":{\"@id\":\"https:\\\/\\\/www.miamibeachfl.gov\\\/#\\\/schema\\\/logo\\\/image\\\/\"},\"sameAs\":[\"https:\\\/\\\/www.facebook.com\\\/cityofmiamibeach\",\"https:\\\/\\\/x.com\\\/Miamibeachnews\",\"https:\\\/\\\/www.instagram.com\\\/miamibeachnews\\\/\"],\"description\":\"The official website of the City of Miami Beach. Stay informed, find important information on city services, news, alerts, events, trolley routes, government employment and more.\",\"telephone\":\"305.604.CITY(2489)\",\"legalName\":\"City of Miami Beach\"}]}<\/script>\n<!-- \/ Yoast SEO Premium plugin. -->","yoast_head_json":{"title":"Seksyon 7 4. Konsiderasyon Espesyal - Vil Miami Beach","description":"%","robots":{"index":"index","follow":"follow","max-snippet":"max-snippet:-1","max-image-preview":"max-image-preview:large","max-video-preview":"max-video-preview:-1"},"canonical":"https:\/\/www.miamibeachfl.gov\/ht\/city-hall\/public-works\/engineering-division\/section-7-4-special-considerations\/","og_locale":"ht_HT","og_type":"article","og_title":"Section 7  4. Special Considerations","og_description":"%","og_url":"https:\/\/www.miamibeachfl.gov\/ht\/city-hall\/public-works\/engineering-division\/section-7-4-special-considerations\/","og_site_name":"City of Miami Beach","article_publisher":"https:\/\/www.facebook.com\/cityofmiamibeach","article_modified_time":"2018-01-26T20:36:51+00:00","og_image":[{"width":1000,"height":1000,"url":"https:\/\/www.miamibeachfl.gov\/wp-content\/uploads\/2024\/01\/1000pxSquare-miamibeach-aerial-southpointview.jpeg","type":"image\/jpeg"}],"twitter_card":"summary_large_image","twitter_site":"@Miamibeachnews","schema":{"@context":"https:\/\/schema.org","@graph":[{"@type":"WebPage","@id":"https:\/\/www.miamibeachfl.gov\/city-hall\/public-works\/engineering-division\/section-7-4-special-considerations\/","url":"https:\/\/www.miamibeachfl.gov\/city-hall\/public-works\/engineering-division\/section-7-4-special-considerations\/","name":"Seksyon 7 4. Konsiderasyon Espesyal - Vil Miami Beach","isPartOf":{"@id":"https:\/\/www.miamibeachfl.gov\/#website"},"datePublished":"2017-08-11T00:12:06+00:00","dateModified":"2018-01-26T20:36:51+00:00","description":"%","breadcrumb":{"@id":"https:\/\/www.miamibeachfl.gov\/city-hall\/public-works\/engineering-division\/section-7-4-special-considerations\/#breadcrumb"},"inLanguage":"ht","potentialAction":[{"@type":"ReadAction","target":["https:\/\/www.miamibeachfl.gov\/city-hall\/public-works\/engineering-division\/section-7-4-special-considerations\/"]}]},{"@type":"BreadcrumbList","@id":"https:\/\/www.miamibeachfl.gov\/city-hall\/public-works\/engineering-division\/section-7-4-special-considerations\/#breadcrumb","itemListElement":[{"@type":"ListItem","position":1,"name":"Home","item":"https:\/\/www.miamibeachfl.gov\/"},{"@type":"ListItem","position":2,"name":"City Hall","item":"https:\/\/www.miamibeachfl.gov\/city-hall\/"},{"@type":"ListItem","position":3,"name":"Public Works","item":"https:\/\/www.miamibeachfl.gov\/city-hall\/public-works\/"},{"@type":"ListItem","position":4,"name":"Engineering Division","item":"https:\/\/www.miamibeachfl.gov\/city-hall\/public-works\/engineering-division\/"},{"@type":"ListItem","position":5,"name":"Section 7 4. Special Considerations"}]},{"@type":"WebSite","@id":"https:\/\/www.miamibeachfl.gov\/#website","url":"https:\/\/www.miamibeachfl.gov\/","name":"Vil Miami Beach","description":"Sitw\u00e8b ofisy\u00e8l Vil Miami Beach la. Rete enf\u00f2me, jwenn enf\u00f2masyon enp\u00f2tan sou s\u00e8vis vil la, nouv\u00e8l, al\u00e8t, ev\u00e8nman, wout tramway, travay gouv\u00e8nman an ak plis ank\u00f2.","publisher":{"@id":"https:\/\/www.miamibeachfl.gov\/#organization"},"potentialAction":[{"@type":"SearchAction","target":{"@type":"EntryPoint","urlTemplate":"https:\/\/www.miamibeachfl.gov\/?s={search_term_string}"},"query-input":{"@type":"PropertyValueSpecification","valueRequired":true,"valueName":"search_term_string"}}],"inLanguage":"ht"},{"@type":"Organization","@id":"https:\/\/www.miamibeachfl.gov\/#organization","name":"Vil Miami Beach","url":"https:\/\/www.miamibeachfl.gov\/","logo":{"@type":"ImageObject","inLanguage":"ht","@id":"https:\/\/www.miamibeachfl.gov\/#\/schema\/logo\/image\/","url":"https:\/\/www.miamibeachfl.gov\/wp-content\/uploads\/2022\/06\/miamibeach-logoblue.png","contentUrl":"https:\/\/www.miamibeachfl.gov\/wp-content\/uploads\/2022\/06\/miamibeach-logoblue.png","width":1962,"height":381,"caption":"City of Miami Beach"},"image":{"@id":"https:\/\/www.miamibeachfl.gov\/#\/schema\/logo\/image\/"},"sameAs":["https:\/\/www.facebook.com\/cityofmiamibeach","https:\/\/x.com\/Miamibeachnews","https:\/\/www.instagram.com\/miamibeachnews\/"],"description":"Sitw\u00e8b ofisy\u00e8l Vil Miami Beach la. Rete enf\u00f2me, jwenn enf\u00f2masyon enp\u00f2tan sou s\u00e8vis vil la, nouv\u00e8l, al\u00e8t, ev\u00e8nman, wout tramway, travay gouv\u00e8nman an ak plis ank\u00f2.","telephone":"305.604.CITY(2489)","legalName":"City of Miami Beach"}]}},"_links":{"self":[{"href":"https:\/\/www.miamibeachfl.gov\/ht\/wp-json\/wp\/v2\/pages\/29124","targetHints":{"allow":["GET"]}}],"collection":[{"href":"https:\/\/www.miamibeachfl.gov\/ht\/wp-json\/wp\/v2\/pages"}],"about":[{"href":"https:\/\/www.miamibeachfl.gov\/ht\/wp-json\/wp\/v2\/types\/page"}],"author":[{"embeddable":true,"href":"https:\/\/www.miamibeachfl.gov\/ht\/wp-json\/wp\/v2\/users\/222"}],"replies":[{"embeddable":true,"href":"https:\/\/www.miamibeachfl.gov\/ht\/wp-json\/wp\/v2\/comments?post=29124"}],"version-history":[{"count":0,"href":"https:\/\/www.miamibeachfl.gov\/ht\/wp-json\/wp\/v2\/pages\/29124\/revisions"}],"up":[{"embeddable":true,"href":"https:\/\/www.miamibeachfl.gov\/ht\/wp-json\/wp\/v2\/pages\/28940"}],"wp:attachment":[{"href":"https:\/\/www.miamibeachfl.gov\/ht\/wp-json\/wp\/v2\/media?parent=29124"}],"wp:term":[{"taxonomy":"category","embeddable":true,"href":"https:\/\/www.miamibeachfl.gov\/ht\/wp-json\/wp\/v2\/categories?post=29124"},{"taxonomy":"post_tag","embeddable":true,"href":"https:\/\/www.miamibeachfl.gov\/ht\/wp-json\/wp\/v2\/tags?post=29124"}],"curies":[{"name":"wp","href":"https:\/\/api.w.org\/{rel}","templated":true}]}}