{"id":29192,"date":"2017-08-11T00:12:45","date_gmt":"2017-08-11T00:12:45","guid":{"rendered":"http:\/\/www.miamibeachfl.gov\/city-hall\/tourism-culture-and-economic-development\/economic-development\/historic-preservation-incentives\/"},"modified":"2025-05-28T09:59:12","modified_gmt":"2025-05-28T13:59:12","slug":"historic-preservation-incentives","status":"publish","type":"page","link":"https:\/\/www.miamibeachfl.gov\/ht\/city-hall\/economic-development\/historic-preservation-incentives\/","title":{"rendered":"Ankourajman pou Prez\u00e8vasyon Istorik"},"content":{"rendered":"<img decoding=\"async\" src=\"https:\/\/www.miamibeachfl.gov\/wp-content\/uploads\/2022\/07\/hero-small.jpg\" alt=\"ocean drive art deco buildings\" itemprop=\"image\" title=\"ewo-piti\" onerror=\"this.style.display='none'\" loading='lazy' \/>\n<h1>\n\t\t\tAnkourajman pou Prez\u00e8vasyon Istorik\t<\/h1>\n\t<nav id=\"breadcrumbs\" aria-label=\"Pen griye\"><a href=\"https:\/\/www.miamibeachfl.gov\/ht\/\">Lakay<\/a> &gt; <a href=\"https:\/\/www.miamibeachfl.gov\/ht\/city-hall\/\">Lakou Vil la<\/a> &gt; <a href=\"https:\/\/www.miamibeachfl.gov\/ht\/city-hall\/economic-development\/\">Devlopman Ekonomik<\/a> &gt; <strong>Ankourajman pou Prez\u00e8vasyon Istorik<\/strong><\/nav>\n\t<p><strong><a href=\"https:\/\/www.nps.gov\/tps\/standards.htm\">Ankourajman Federal pou Prez\u00e8vasyon Istorik<\/a><\/strong><\/p>\n<p>Kredi Taks sou Revni Federal Reyabilitasyon 20% a disponib pou reyabilitasyon estrikti ki pwodui revni pou rezon kom\u00e8syal, endistriy\u00e8l, agrik\u00f2l oswa rezidansy\u00e8l pou lokasyon, tankou kay unifamilyal pou lokasyon ak bilding apatman. Kredi taks yo bay yon rediksyon dola pou dola sou taks sou revni ki dwe a. Kredi taks reyabilitasyon 20% a egal a 20% nan montan ki depanse nan reyabilitasyon yon bilding istorik s\u00e8tifye. Objektif kredi reyabilitasyon an se pou mete bilding lan an fonksyon ank\u00f2 pou l fonksyone epi satisf\u00e8 bezwen akty\u00e8l lojman, lavant an detay, kom\u00e8syal oswa endistriy\u00e8l yo.<\/p>\n<p>Tout eleman nan yon pwoj\u00e8 reyabilitasyon dwe satisf\u00e8 N\u00f2m Sekret\u00e8 Entery\u00e8 a pou Reyabilitasyon. Yo dwe satisf\u00e8 tou egzijans taks debaz K\u00f2d Revni Ent\u00e8n lan. Kredi taks la dwe reklame sou f\u00f2m IRS ki apwopriye a pou ane fiskal kote bilding reyabilite a antre an s\u00e8vis.<\/p>\n<p>S\u00e8vit prez\u00e8vasyon yo p\u00e8m\u00e8t dediksyon taks sou revni federal pou kontribisyon charitab ki gen enter\u00e8 pasy\u00e8l nan pwopriyete istorik yo. Yon s\u00e8vit prez\u00e8vasyon se yon ak\u00f2 legal volont\u00e8 ant yon pwopriyet\u00e8 (moun ki bay sibvansyon an) ak yon ajans gouv\u00e8nman oswa yon \u00f2ganizasyon prez\u00e8vasyon (moun ki resevwa sibvansyon an). S\u00e8vit la pwoteje yon resous istorik, akeyolojik oswa kiltir\u00e8l enp\u00f2tan pou tout tan pou benefis jenerasyon kap vini yo.<\/p>\n<p>S\u00e8vitmite a ka inik pou chak pwopriyete epi li ka gen ladan l plizy\u00e8 eleman. Karakteristik pwoteje yo ka gen ladan yo fasad la, entery\u00e8 a, teren yo, abri pou gade, dwa l\u00e8, elatriye. S\u00e8vitmite fasad la se kalite donasyon ki pi pratik e ki pi komen. Yo rive nan t\u00e8m ak\u00f2 yo pa konsantman mity\u00e8l ant pwopriyet\u00e8 a ak \u00f2ganizasyon ki detni s\u00e8vitmite a.<\/p>\n<p>Yon s\u00e8vitwit p\u00e8m\u00e8t donat\u00e8 a kenbe pwopriyet\u00e8 prive ak itilizasyon yon pwopriyete epi, si s\u00e8ten krit\u00e8 satisf\u00e8, reklame yon dediksyon taks sou revni federal ekivalan a val\u00e8 dwa yo te bay k\u00f2m don. Pou yon pwopriyet\u00e8 ka reklame dediksyon taks la, f\u00f2k yo dak\u00f2 sou kondisyon prez\u00e8vasyon p\u00e8manan epi respekte yo. Anplis de sa, piblik la dwe gen k\u00e8k aks\u00e8 vizy\u00e8l nan pwopriyete yo te bay k\u00f2m don. S\u00e8vitwit la angaje pwopriyet\u00e8 ki bay li a ansanm ak tout pwopriyet\u00e8 ki vin apre yo. Pwopriyet\u00e8 a ka vann oswa f\u00e8 don pwopriyete a bay nenp\u00f2t moun li vle.<\/p>\n<p>Ou ka jwenn plis detay sou Kredi Taks 20% a oswa S\u00e8vitid Prez\u00e8vasyon yo nan men S\u00e8vis Pak Nasyonal la ak S\u00e8vis Revni Ent\u00e8n la. <a href=\"https:\/\/www.nps.gov\/index.htm\"><strong>www.nps.gov<\/strong><\/a> \/ 202.354.2055; oubyen Ofisye Prez\u00e8vasyon Istorik Eta a, 850.245.6300.<\/p>\n<p><strong><a href=\"http:\/\/www.miamidade.gov\/planning\/historic-preservation.asp\">Ankourajman pou Prez\u00e8vasyon Istorik Lokal yo<\/a><\/strong><\/p>\n<p>Anplis Z\u00f2n Antrepriz la, amelyorasyon nan pwopriyete istorik yo ka kalifye pou ankourajman Prez\u00e8vasyon Istorik Konte Miami-Dade la, ki bay yon rab\u00e8 10 ane sou taks pwopriyete sou amelyorasyon yo.<\/p>\n<p>Konte Miami Dade ofri egzanpsyon taks pwopriyete ad valorem, ki egzante 100% nan val\u00e8 evalye tout amelyorasyon kalifye nan pwopriyete istorik pou yon pery\u00f2d 10 ane. Egzanpsyon sa a aplike s\u00e8lman pou taks pwopriyete konte a, pa pou taks pwopriyete vil la. Lejislasyon Konte Miami Dade la fonksyone l\u00e8 li &quot;konjele&quot; val\u00e8 taksab la nan to yo te evalye anvan amelyorasyon yo te f\u00e8t. Nan l\u00f2t mo, val\u00e8 ogmante ki ajoute pa amelyorasyon otorize yo pa ajoute nan evalyasyon an.<\/p>\n<p>Pou yon pwopriyet\u00e8 ka reklame benefis sa a, li dwe depoze yon aplikasyon bay Miami Beach Historic Preservation Board, ki voye aplikasyon an ak rek\u00f2mandasyon li bay Office of Historic Preservation County Miami-Dade pou plis tretman. Yon fwa li apwouve, pwopriyet\u00e8 a siyen yon ak\u00f2 av\u00e8k County Commission an kons\u00e8nan antretyen ak pwoteksyon pwopriyete a pou yon pery\u00f2d dis ane apati 1ye janvye apre amelyorasyon yo fin f\u00e8t. Anpil pwopriyete istorik nan South Beach te resevwa benefis sa a. Pou plis enf\u00f2masyon, kontakte Miami-Dade County Office of Historic Preservation. 305.375.3471<strong><a href=\"https:\/\/www.miamidade.gov\/planning\/historic-preservation.asp\"> https:\/\/www.miamidade.gov\/planning\/historic-preservation.asp<\/a><\/strong><\/p>\n<p>Pwopriyet\u00e8 bilding istorik yo ka kalifye tou pou yon l\u00f2t met\u00f2d evalyasyon pa Evalyat\u00e8 Pwopriyete Konte Miami-Dade la. Met\u00f2d alt\u00e8natif sa a p\u00e8m\u00e8t evalyasyon pwopriyete a baze sou itilizasyon rey\u00e8l la olye de pi bon itilizasyon an, sa ki ka gen yon ef\u00e8 sou rediksyon taks sou pwopriyete. Pou pwopriyete a kalifye, li dwe ofisy\u00e8lman deziyen k\u00f2m istorik swa pa yon \u00f2donans lokal oswa nan yon enskri nan Rejis Nasyonal Kote Istorik yo. Li dwe tou gen yon karakt\u00e8 kom\u00e8syal (bilding apatman yo pa enkli) epi li dwe ouv\u00e8 pou piblik la omwen 40 \u00e8dtan pa sem\u00e8n pandan 45 sem\u00e8n pa ane oswa ekivalan a 1,800 \u00e8dtan pa ane. Benefis la aplike s\u00e8lman nan p\u00f2syon b\u00f2dwo taks Konte Miami-Dade la.<\/p>\n<p>Pou reklame benefis sa a, pwopriyet\u00e8 pwopriyete ki kalifye yo dwe depoze yon aplikasyon nan Depatman Evalyasyon Pwopriyete Konte Miami-Dade anvan 1ye mas chak ane. Pou w konnen si pwopriyete w la kalifye, kontakte Biwo Evalyat\u00e8 Pwopriyete a. 305.375.3829<\/p>\n\t\tNavige pou ale nan\u2026\t\t\t\n\t\t\t\t\t<ul id=\"menu-economic-development-dept-menu\"><li id=\"menu-item-361319\"><a href=\"\/ht\/city-hall\/economic-development\/committee-resources\/\">Resous Komite a<\/a><\/li>\n<li id=\"menu-item-361320\"><a href=\"\/ht\/city-hall\/economic-development\/community-revitalization\/\">Revitalizasyon Kominot\u00e8 a<\/a><\/li>\n<li id=\"menu-item-361321\"><a href=\"\/ht\/city-hall\/economic-development\/convention-center-advisory-board-ccab\/\">Kons\u00e8y Konsiltatif Sant Konvansyon an (CCAB)<\/a><\/li>\n<li id=\"menu-item-361322\"><a href=\"\/ht\/city-hall\/economic-development\/quick-links\/\">Resous Devlopman Ekonomik<\/a><\/li>\n<li id=\"menu-item-361323\"><a href=\"\/ht\/city-hall\/economic-development\/historic-preservation-incentives\/\">Ankourajman pou Prez\u00e8vasyon Istorik<\/a><\/li>\n<li id=\"menu-item-361324\"><a href=\"\/ht\/city-hall\/economic-development\/redevelopment-agency\/\">Ajans Redevlopman Miami Beach (RDA)<\/a><\/li>\n<li id=\"menu-item-367566\"><a href=\"https:\/\/www.miamibeachfl.gov\/ht\/northbeachcra\/\">North Beach CRA<\/a><\/li>\n<li id=\"menu-item-361325\"><a href=\"\/ht\/city-hall\/economic-development\/open-a-business\/\">Ouvri yon biznis<\/a><\/li>\n<li id=\"menu-item-361326\"><a href=\"\/ht\/city-hall\/economic-development\/small-business-financial-assistance\/\">\u00c8d Finansye pou Ti Biznis<\/a><\/li>\n<li id=\"menu-item-361327\"><a href=\"\/ht\/city-hall\/economic-development\/tax-increment-financing\/\">Finansman Ogmantasyon Taks<\/a><\/li>\n<\/ul>","protected":false},"excerpt":{"rendered":"<p>Historic Preservation Incentives Home &gt; City Hall &gt; Economic Development &gt; Historic Preservation Incentives Federal Historic Preservation Incentives The 20% [&hellip;]<\/p>\n","protected":false},"author":222,"featured_media":0,"parent":29187,"menu_order":0,"comment_status":"closed","ping_status":"closed","template":"","meta":{"_searchwp_excluded":"","site-sidebar-layout":"default","site-content-layout":"","ast-site-content-layout":"default","site-content-style":"default","site-sidebar-style":"default","ast-global-header-display":"","ast-banner-title-visibility":"","ast-main-header-display":"","ast-hfb-above-header-display":"","ast-hfb-below-header-display":"","ast-hfb-mobile-header-display":"","site-post-title":"","ast-breadcrumbs-content":"","ast-featured-img":"","footer-sml-layout":"","theme-transparent-header-meta":"","adv-header-id-meta":"","stick-header-meta":"","header-above-stick-meta":"","header-main-stick-meta":"","header-below-stick-meta":"","astra-migrate-meta-layouts":"default","ast-page-background-enabled":"default","ast-page-background-meta":{"desktop":{"background-color":"var(--ast-global-color-5)","background-image":"","background-repeat":"repeat","background-position":"center center","background-size":"auto","background-attachment":"scroll","background-type":"","background-media":"","overlay-type":"","overlay-color":"","overlay-opacity":"","overlay-gradient":""},"tablet":{"background-color":"","background-image":"","background-repeat":"repeat","background-position":"center center","background-size":"auto","background-attachment":"scroll","background-type":"","background-media":"","overlay-type":"","overlay-color":"","overlay-opacity":"","overlay-gradient":""},"mobile":{"background-color":"","background-image":"","background-repeat":"repeat","background-position":"center center","background-size":"auto","background-attachment":"scroll","background-type":"","background-media":"","overlay-type":"","overlay-color":"","overlay-opacity":"","overlay-gradient":""}},"ast-content-background-meta":{"desktop":{"background-color":"var(--ast-global-color-4)","background-image":"","background-repeat":"repeat","background-position":"center center","background-size":"auto","background-attachment":"scroll","background-type":"","background-media":"","overlay-type":"","overlay-color":"","overlay-opacity":"","overlay-gradient":""},"tablet":{"background-color":"var(--ast-global-color-4)","background-image":"","background-repeat":"repeat","background-position":"center center","background-size":"auto","background-attachment":"scroll","background-type":"","background-media":"","overlay-type":"","overlay-color":"","overlay-opacity":"","overlay-gradient":""},"mobile":{"background-color":"var(--ast-global-color-4)","background-image":"","background-repeat":"repeat","background-position":"center center","background-size":"auto","background-attachment":"scroll","background-type":"","background-media":"","overlay-type":"","overlay-color":"","overlay-opacity":"","overlay-gradient":""}},"footnotes":""},"categories":[],"tags":[],"class_list":["post-29192","page","type-page","status-publish","hentry"],"yoast_head":"<!-- This site is optimized with the Yoast SEO Premium plugin v27.4 (Yoast SEO v27.4) - https:\/\/yoast.com\/product\/yoast-seo-premium-wordpress\/ -->\n<title>Historic Preservation Incentives - City of Miami Beach<\/title>\n<meta name=\"description\" content=\"%\" \/>\n<meta name=\"robots\" content=\"index, follow, max-snippet:-1, max-image-preview:large, max-video-preview:-1\" \/>\n<link rel=\"canonical\" href=\"https:\/\/www.miamibeachfl.gov\/ht\/city-hall\/economic-development\/historic-preservation-incentives\/\" \/>\n<meta property=\"og:locale\" content=\"ht_HT\" \/>\n<meta property=\"og:type\" content=\"article\" \/>\n<meta property=\"og:title\" content=\"Historic Preservation Incentives\" \/>\n<meta property=\"og:description\" content=\"%\" \/>\n<meta property=\"og:url\" content=\"https:\/\/www.miamibeachfl.gov\/ht\/city-hall\/economic-development\/historic-preservation-incentives\/\" \/>\n<meta property=\"og:site_name\" content=\"City of Miami Beach\" \/>\n<meta property=\"article:publisher\" content=\"https:\/\/www.facebook.com\/cityofmiamibeach\" \/>\n<meta property=\"article:modified_time\" content=\"2025-05-28T13:59:12+00:00\" \/>\n<meta property=\"og:image\" content=\"https:\/\/www.miamibeachfl.gov\/wp-content\/uploads\/2022\/07\/hero-small.jpg\" \/>\n<meta name=\"twitter:card\" content=\"summary_large_image\" \/>\n<meta name=\"twitter:site\" content=\"@Miamibeachnews\" \/>\n<script type=\"application\/ld+json\" class=\"yoast-schema-graph\">{\"@context\":\"https:\\\/\\\/schema.org\",\"@graph\":[{\"@type\":\"WebPage\",\"@id\":\"https:\\\/\\\/www.miamibeachfl.gov\\\/city-hall\\\/economic-development\\\/historic-preservation-incentives\\\/\",\"url\":\"https:\\\/\\\/www.miamibeachfl.gov\\\/city-hall\\\/economic-development\\\/historic-preservation-incentives\\\/\",\"name\":\"Historic Preservation Incentives - City of Miami Beach\",\"isPartOf\":{\"@id\":\"https:\\\/\\\/www.miamibeachfl.gov\\\/#website\"},\"primaryImageOfPage\":{\"@id\":\"https:\\\/\\\/www.miamibeachfl.gov\\\/city-hall\\\/economic-development\\\/historic-preservation-incentives\\\/#primaryimage\"},\"image\":{\"@id\":\"https:\\\/\\\/www.miamibeachfl.gov\\\/city-hall\\\/economic-development\\\/historic-preservation-incentives\\\/#primaryimage\"},\"thumbnailUrl\":\"https:\\\/\\\/www.miamibeachfl.gov\\\/wp-content\\\/uploads\\\/2022\\\/07\\\/hero-small.jpg\",\"datePublished\":\"2017-08-11T00:12:45+00:00\",\"dateModified\":\"2025-05-28T13:59:12+00:00\",\"description\":\"%\",\"breadcrumb\":{\"@id\":\"https:\\\/\\\/www.miamibeachfl.gov\\\/city-hall\\\/economic-development\\\/historic-preservation-incentives\\\/#breadcrumb\"},\"inLanguage\":\"ht\",\"potentialAction\":[{\"@type\":\"ReadAction\",\"target\":[\"https:\\\/\\\/www.miamibeachfl.gov\\\/city-hall\\\/economic-development\\\/historic-preservation-incentives\\\/\"]}]},{\"@type\":\"ImageObject\",\"inLanguage\":\"ht\",\"@id\":\"https:\\\/\\\/www.miamibeachfl.gov\\\/city-hall\\\/economic-development\\\/historic-preservation-incentives\\\/#primaryimage\",\"url\":\"https:\\\/\\\/www.miamibeachfl.gov\\\/wp-content\\\/uploads\\\/2022\\\/07\\\/hero-small.jpg\",\"contentUrl\":\"https:\\\/\\\/www.miamibeachfl.gov\\\/wp-content\\\/uploads\\\/2022\\\/07\\\/hero-small.jpg\"},{\"@type\":\"BreadcrumbList\",\"@id\":\"https:\\\/\\\/www.miamibeachfl.gov\\\/city-hall\\\/economic-development\\\/historic-preservation-incentives\\\/#breadcrumb\",\"itemListElement\":[{\"@type\":\"ListItem\",\"position\":1,\"name\":\"Home\",\"item\":\"https:\\\/\\\/www.miamibeachfl.gov\\\/\"},{\"@type\":\"ListItem\",\"position\":2,\"name\":\"City Hall\",\"item\":\"https:\\\/\\\/www.miamibeachfl.gov\\\/city-hall\\\/\"},{\"@type\":\"ListItem\",\"position\":3,\"name\":\"Economic Development\",\"item\":\"https:\\\/\\\/www.miamibeachfl.gov\\\/city-hall\\\/economic-development\\\/\"},{\"@type\":\"ListItem\",\"position\":4,\"name\":\"Historic Preservation Incentives\"}]},{\"@type\":\"WebSite\",\"@id\":\"https:\\\/\\\/www.miamibeachfl.gov\\\/#website\",\"url\":\"https:\\\/\\\/www.miamibeachfl.gov\\\/\",\"name\":\"City of Miami Beach\",\"description\":\"The official website of the City of Miami Beach. Stay informed, find important information on city services, news, alerts, events, trolley routes, government employment and more.\",\"publisher\":{\"@id\":\"https:\\\/\\\/www.miamibeachfl.gov\\\/#organization\"},\"potentialAction\":[{\"@type\":\"SearchAction\",\"target\":{\"@type\":\"EntryPoint\",\"urlTemplate\":\"https:\\\/\\\/www.miamibeachfl.gov\\\/?s={search_term_string}\"},\"query-input\":{\"@type\":\"PropertyValueSpecification\",\"valueRequired\":true,\"valueName\":\"search_term_string\"}}],\"inLanguage\":\"ht\"},{\"@type\":\"Organization\",\"@id\":\"https:\\\/\\\/www.miamibeachfl.gov\\\/#organization\",\"name\":\"City of Miami Beach\",\"url\":\"https:\\\/\\\/www.miamibeachfl.gov\\\/\",\"logo\":{\"@type\":\"ImageObject\",\"inLanguage\":\"ht\",\"@id\":\"https:\\\/\\\/www.miamibeachfl.gov\\\/#\\\/schema\\\/logo\\\/image\\\/\",\"url\":\"https:\\\/\\\/www.miamibeachfl.gov\\\/wp-content\\\/uploads\\\/2022\\\/06\\\/miamibeach-logoblue.png\",\"contentUrl\":\"https:\\\/\\\/www.miamibeachfl.gov\\\/wp-content\\\/uploads\\\/2022\\\/06\\\/miamibeach-logoblue.png\",\"width\":1962,\"height\":381,\"caption\":\"City of Miami Beach\"},\"image\":{\"@id\":\"https:\\\/\\\/www.miamibeachfl.gov\\\/#\\\/schema\\\/logo\\\/image\\\/\"},\"sameAs\":[\"https:\\\/\\\/www.facebook.com\\\/cityofmiamibeach\",\"https:\\\/\\\/x.com\\\/Miamibeachnews\",\"https:\\\/\\\/www.instagram.com\\\/miamibeachnews\\\/\"],\"description\":\"The official website of the City of Miami Beach. Stay informed, find important information on city services, news, alerts, events, trolley routes, government employment and more.\",\"telephone\":\"305.604.CITY(2489)\",\"legalName\":\"City of Miami Beach\"}]}<\/script>\n<!-- \/ Yoast SEO Premium plugin. -->","yoast_head_json":{"title":"Ankourajman pou Prez\u00e8vasyon Istorik - Vil Miami Beach","description":"%","robots":{"index":"index","follow":"follow","max-snippet":"max-snippet:-1","max-image-preview":"max-image-preview:large","max-video-preview":"max-video-preview:-1"},"canonical":"https:\/\/www.miamibeachfl.gov\/ht\/city-hall\/economic-development\/historic-preservation-incentives\/","og_locale":"ht_HT","og_type":"article","og_title":"Historic Preservation Incentives","og_description":"%","og_url":"https:\/\/www.miamibeachfl.gov\/ht\/city-hall\/economic-development\/historic-preservation-incentives\/","og_site_name":"City of Miami Beach","article_publisher":"https:\/\/www.facebook.com\/cityofmiamibeach","article_modified_time":"2025-05-28T13:59:12+00:00","og_image":[{"url":"https:\/\/www.miamibeachfl.gov\/wp-content\/uploads\/2022\/07\/hero-small.jpg","type":"","width":"","height":""}],"twitter_card":"summary_large_image","twitter_site":"@Miamibeachnews","schema":{"@context":"https:\/\/schema.org","@graph":[{"@type":"WebPage","@id":"https:\/\/www.miamibeachfl.gov\/city-hall\/economic-development\/historic-preservation-incentives\/","url":"https:\/\/www.miamibeachfl.gov\/city-hall\/economic-development\/historic-preservation-incentives\/","name":"Ankourajman pou Prez\u00e8vasyon Istorik - Vil Miami Beach","isPartOf":{"@id":"https:\/\/www.miamibeachfl.gov\/#website"},"primaryImageOfPage":{"@id":"https:\/\/www.miamibeachfl.gov\/city-hall\/economic-development\/historic-preservation-incentives\/#primaryimage"},"image":{"@id":"https:\/\/www.miamibeachfl.gov\/city-hall\/economic-development\/historic-preservation-incentives\/#primaryimage"},"thumbnailUrl":"https:\/\/www.miamibeachfl.gov\/wp-content\/uploads\/2022\/07\/hero-small.jpg","datePublished":"2017-08-11T00:12:45+00:00","dateModified":"2025-05-28T13:59:12+00:00","description":"%","breadcrumb":{"@id":"https:\/\/www.miamibeachfl.gov\/city-hall\/economic-development\/historic-preservation-incentives\/#breadcrumb"},"inLanguage":"ht","potentialAction":[{"@type":"ReadAction","target":["https:\/\/www.miamibeachfl.gov\/city-hall\/economic-development\/historic-preservation-incentives\/"]}]},{"@type":"ImageObject","inLanguage":"ht","@id":"https:\/\/www.miamibeachfl.gov\/city-hall\/economic-development\/historic-preservation-incentives\/#primaryimage","url":"https:\/\/www.miamibeachfl.gov\/wp-content\/uploads\/2022\/07\/hero-small.jpg","contentUrl":"https:\/\/www.miamibeachfl.gov\/wp-content\/uploads\/2022\/07\/hero-small.jpg"},{"@type":"BreadcrumbList","@id":"https:\/\/www.miamibeachfl.gov\/city-hall\/economic-development\/historic-preservation-incentives\/#breadcrumb","itemListElement":[{"@type":"ListItem","position":1,"name":"Home","item":"https:\/\/www.miamibeachfl.gov\/"},{"@type":"ListItem","position":2,"name":"City Hall","item":"https:\/\/www.miamibeachfl.gov\/city-hall\/"},{"@type":"ListItem","position":3,"name":"Economic Development","item":"https:\/\/www.miamibeachfl.gov\/city-hall\/economic-development\/"},{"@type":"ListItem","position":4,"name":"Historic Preservation Incentives"}]},{"@type":"WebSite","@id":"https:\/\/www.miamibeachfl.gov\/#website","url":"https:\/\/www.miamibeachfl.gov\/","name":"Vil Miami Beach","description":"Sitw\u00e8b ofisy\u00e8l Vil Miami Beach la. Rete enf\u00f2me, jwenn enf\u00f2masyon enp\u00f2tan sou s\u00e8vis vil la, nouv\u00e8l, al\u00e8t, ev\u00e8nman, wout tramway, travay gouv\u00e8nman an ak plis ank\u00f2.","publisher":{"@id":"https:\/\/www.miamibeachfl.gov\/#organization"},"potentialAction":[{"@type":"SearchAction","target":{"@type":"EntryPoint","urlTemplate":"https:\/\/www.miamibeachfl.gov\/?s={search_term_string}"},"query-input":{"@type":"PropertyValueSpecification","valueRequired":true,"valueName":"search_term_string"}}],"inLanguage":"ht"},{"@type":"Organization","@id":"https:\/\/www.miamibeachfl.gov\/#organization","name":"Vil Miami Beach","url":"https:\/\/www.miamibeachfl.gov\/","logo":{"@type":"ImageObject","inLanguage":"ht","@id":"https:\/\/www.miamibeachfl.gov\/#\/schema\/logo\/image\/","url":"https:\/\/www.miamibeachfl.gov\/wp-content\/uploads\/2022\/06\/miamibeach-logoblue.png","contentUrl":"https:\/\/www.miamibeachfl.gov\/wp-content\/uploads\/2022\/06\/miamibeach-logoblue.png","width":1962,"height":381,"caption":"City of Miami Beach"},"image":{"@id":"https:\/\/www.miamibeachfl.gov\/#\/schema\/logo\/image\/"},"sameAs":["https:\/\/www.facebook.com\/cityofmiamibeach","https:\/\/x.com\/Miamibeachnews","https:\/\/www.instagram.com\/miamibeachnews\/"],"description":"Sitw\u00e8b ofisy\u00e8l Vil Miami Beach la. Rete enf\u00f2me, jwenn enf\u00f2masyon enp\u00f2tan sou s\u00e8vis vil la, nouv\u00e8l, al\u00e8t, ev\u00e8nman, wout tramway, travay gouv\u00e8nman an ak plis ank\u00f2.","telephone":"305.604.CITY(2489)","legalName":"City of Miami Beach"}]}},"_links":{"self":[{"href":"https:\/\/www.miamibeachfl.gov\/ht\/wp-json\/wp\/v2\/pages\/29192","targetHints":{"allow":["GET"]}}],"collection":[{"href":"https:\/\/www.miamibeachfl.gov\/ht\/wp-json\/wp\/v2\/pages"}],"about":[{"href":"https:\/\/www.miamibeachfl.gov\/ht\/wp-json\/wp\/v2\/types\/page"}],"author":[{"embeddable":true,"href":"https:\/\/www.miamibeachfl.gov\/ht\/wp-json\/wp\/v2\/users\/222"}],"replies":[{"embeddable":true,"href":"https:\/\/www.miamibeachfl.gov\/ht\/wp-json\/wp\/v2\/comments?post=29192"}],"version-history":[{"count":0,"href":"https:\/\/www.miamibeachfl.gov\/ht\/wp-json\/wp\/v2\/pages\/29192\/revisions"}],"up":[{"embeddable":true,"href":"https:\/\/www.miamibeachfl.gov\/ht\/wp-json\/wp\/v2\/pages\/29187"}],"wp:attachment":[{"href":"https:\/\/www.miamibeachfl.gov\/ht\/wp-json\/wp\/v2\/media?parent=29192"}],"wp:term":[{"taxonomy":"category","embeddable":true,"href":"https:\/\/www.miamibeachfl.gov\/ht\/wp-json\/wp\/v2\/categories?post=29192"},{"taxonomy":"post_tag","embeddable":true,"href":"https:\/\/www.miamibeachfl.gov\/ht\/wp-json\/wp\/v2\/tags?post=29192"}],"curies":[{"name":"wp","href":"https:\/\/api.w.org\/{rel}","templated":true}]}}