{"id":291958,"date":"2024-03-12T12:57:17","date_gmt":"2024-03-12T16:57:17","guid":{"rendered":"https:\/\/www.miamibeachfl.gov\/?page_id=291958"},"modified":"2026-04-03T12:58:01","modified_gmt":"2026-04-03T16:58:01","slug":"41-street-water-main-replacement-project","status":"publish","type":"page","link":"https:\/\/www.miamibeachfl.gov\/ht\/projects\/41-street-water-main-replacement-project\/","title":{"rendered":"Pwoj\u00e8 Ranplasman Dlo Prensipal Ri 41 la"},"content":{"rendered":"<h3>\n\t\t\tPwoj\u00e8 Ranplasman Dlo Prensipal Ri 41 la\t<\/h3>\n<p>Vil Miami Beach ap ranplase ansyen tiyo dlo prensipal ayeryen ki sou 41y\u00e8m Ri ant Pine Tree Drive ak Collins Avenue. Pwoj\u00e8 sa a te yon priyorite nan plan direkt\u00e8 vil la epi li pral amelyore enfrastrikti ki egziste deja a pou l vin yon tiyo 20 pous atrav\u00e8 yon per\u00e7age direksyon\u00e8l orizontal. Yon fwa li fini nan ot\u00f2n 2024, nouvo tiyo a pral bay kapasite koule ki neses\u00e8 pou sip\u00f2te demand k ap ogmante sou Collins Avenue.<\/p>\n\t\t<h3>\t\n\tMizajou Pwoj\u00e8 yo<\/h3>\t\n\t\t\t\t\t\t\t\t<a href=\"#\" id=\"fl-tabs--label-0\" data-index=\"0\" aria-selected=\"true\" aria-controls=\"fl-tabs--panel-0\" aria-expanded=\"true\" role=\"tab\" tabindex=\"0\">\t\t\t\tNOUVO MIZAJOU\t\t\t\t<\/a>\n\t\t\t\t\t\t\t\t<a href=\"#\" id=\"fl-tabs--label-1\" data-index=\"1\" aria-selected=\"false\" aria-controls=\"fl-tabs--panel-1\" aria-expanded=\"false\" role=\"tab\" tabindex=\"0\">\t\t\t\tMIZAJOU ANSYEN YO\t\t\t\t<\/a>\n\t\t\t\t\t\t\t\t<a href=\"#\" id=\"fl-tabs--label-2\" data-index=\"2\" aria-selected=\"false\" aria-controls=\"fl-tabs--panel-2\" aria-expanded=\"false\" role=\"tab\" tabindex=\"0\">\t\t\t\tMATERY\u00c8L PWOJ\u00c8 A\t\t\t\t<\/a>\n\t\t\t\t\t\tNOUVO MIZAJOU\n\t\t\t\t\t\t\t\t\t\t\t<p><strong><a href=\"https:\/\/conta.cc\/4dHZxMu\">Mizajou Pwoj\u00e8 a \u2013 9.3.24<\/a><\/strong><\/p>\n<p><a href=\"https:\/\/conta.cc\/3MhpHtz\"><strong>Mizajou Pwoj\u00e8 a \u2013 8.21.24<\/strong><\/a><\/p>\n<p><a href=\"https:\/\/conta.cc\/3ydAMIy\"><strong>Mizajou Pwoj\u00e8 a \u2013 7.30.24<\/strong><\/a><\/p>\n<p><strong><a href=\"https:\/\/conta.cc\/3wYZGel\">Mizajou Pwoj\u00e8 a \u2013 5.24.24<\/a><\/strong><\/p>\n<p><a href=\"https:\/\/conta.cc\/3WCfDld\"><strong>Mizajou Pwoj\u00e8 a \u2013 5.14.24<\/strong><\/a><\/p>\n\t\t\t\t\t\tMIZAJOU ANSYEN YO\n\t\t\t\t\t\t\t\t\t\t\t<p><strong><a href=\"https:\/\/conta.cc\/4dxeod3\">Mizajou Pwoj\u00e8 a \u2013 5.10.24<\/a><\/strong><\/p>\n<p><strong><a href=\"https:\/\/myemail-api.constantcontact.com\/41-Street-Water-Main-Replacement-Project-Construction-Update.html?soid=1011085968389&amp;aid=2PzUqOxR_s4\">Mizajou Pwoj\u00e8 a \u2013 4.26.24<\/a><\/strong><\/p>\n<p><strong><a href=\"https:\/\/conta.cc\/3UDS6z7\">Mizajou Pwoj\u00e8 a \u2013 4.22.24<\/a><\/strong><\/p>\n<p><strong><a href=\"https:\/\/conta.cc\/3Vyr2BQ\">Av\u00e8tisman Konstriksyon Pwoj\u00e8 Ranplasman Dlo Prensipal 41 Street la \u2013 17\/04\/2024<\/a><\/strong><\/p>\n<p><strong><a href=\"https:\/\/conta.cc\/4aHL69C\">Rap\u00e8l Seremoni Inogirasyon \u2013 4.12.24<\/a><\/strong><\/p>\n<p><strong><a href=\"https:\/\/conta.cc\/3U02qjo\">Rap\u00e8l Seremoni Inogirasyon \u2013 4.10.24<\/a><\/strong><\/p>\n<p><strong><a href=\"https:\/\/r20.rs6.net\/tn.jsp?f=001lDSN2XCuicBfVqCP9XqurHXM7AjHCnNpSaXWvivvSwW1R7OIp5dG52vHfyAA4d1036x9L3cYO44hxX7BoHMuBPoFQHUzL744CYXw4KlkYXRiYFQgIplcC1WMoXjh7S9h-6GWNU_thfJT33bQHBhz7Q==&amp;c=gLgQi6qEP6QmK3V6umkKVtos8_wICFXirOHTUhIYXbO2sHtIVtEOHA==&amp;ch=jFRWBGt82sJYKyy_Fed4j757h7U98K9L8YbHh5UhUZkSyqqHHPmXVQ==&amp;_sm_au_=iVVv4v410vJW13WF\">Rezime Reyinyon Piblik la \u2013 4.5.24<\/a><\/strong><\/p>\n<p><strong><a href=\"https:\/\/myemail.constantcontact.com\/41-Street-Water-Main-Replacement---Public-Meeting.html?soid=1011085968389&amp;aid=9SPsmkRVAPY\">Rap\u00e8l Reyinyon Piblik \u2013 4.4.24<\/a><\/strong><\/p>\n<p><strong><a href=\"https:\/\/conta.cc\/3PF4JqH\">Seremoni Inogirasyon \u2013 3.27.24<\/a><\/strong><\/p>\n<p><strong><a href=\"https:\/\/conta.cc\/4cDzi9R\">Reyinyon Piblik \u2013 3.22.24<\/a><\/strong><\/p>\n<p><strong><a href=\"https:\/\/conta.cc\/48ZHhLG\">Kons\u00e8y Pwoj\u00e8 \u2013 3.6.24<\/a><\/strong><\/p>\n\t\t\t\t\t\tMATERY\u00c8L PWOJ\u00c8 A\n\t\t\t\t\t\t\t\t\t\t\t<p><strong><a href=\"https:\/\/www.miamibeachfl.gov\/wp-content\/uploads\/2024\/04\/Public-Meeting-Final-1.pdf\">Prezantasyon Ranplasman Dlo Prensipal 41 Street<\/a><\/strong><\/p>\n<p><a href=\"https:\/\/www.miamibeachfl.gov\/wp-content\/uploads\/2024\/04\/Submittal-006R5-Maintenance-of-Traffic-Plan.pdf\"><strong>Antretyen Plan Trafik la<\/strong><\/a><\/p>\n\t\t<h3>\t\n\tKesyon yo poze souvan (FAQ)<\/h3>\t\n\t\t\t\t\t<a href=\"#\"  id=\"fl-accordion--label-0\" tabindex=\"0\" aria-controls=\"fl-accordion--panel-0\">Ki kote pwoj\u00e8 sa a ye?<\/a>\n\t\t\t\t\t\t\t\t\t\t\t<a href=\"#\" id=\"fl-accordion--icon-0\"  tabindex=\"0\"><i title=\"Elaji\">Elaji<\/i><\/a>\n\t\t\t\t\t<p>Pwoj\u00e8 sa a sitiye sou 41y\u00e8m Ri ant Pine Tree Drive ak Collins Avenue.<\/p>\n\t\t\t\t\t<a href=\"#\"  id=\"fl-accordion--label-1\" tabindex=\"0\" aria-controls=\"fl-accordion--panel-1\">Ki sa ki yon tiyo HDPE?<\/a>\n\t\t\t\t\t\t\t\t\t\t\t<a href=\"#\" id=\"fl-accordion--icon-1\"  tabindex=\"0\"><i title=\"Elaji\">Elaji<\/i><\/a>\n\t\t\t\t\t<p>Polietil\u00e8n dansite wo, oubyen HDPE, se yon termoplastik ki s\u00f2ti nan gaz natir\u00e8l, ke yo rekon\u00e8t pou f\u00f2s enpresyonan li nan tansyon, rezistans korozyon ak rezistans enpak. Karakteristik sa yo f\u00e8 li chwa ideyal pou tiyo nan yon pak\u00e8t aplikasyon tankou tiyo presyon ak san presyon, konduit ak drenaj.<\/p>\n<figure id=\"attachment_292095\" aria-describedby=\"caption-attachment-292095\" style=\"width: 640px\" class=\"wp-caption alignleft\"><img loading=\"lazy\" decoding=\"async\" src=\"https:\/\/www.miamibeachfl.gov\/wp-content\/uploads\/2024\/03\/HDPE_060324_shutterstock_746739205-1024x683.jpg\" alt=\"\" width=\"640\" height=\"427\" \/><figcaption id=\"caption-attachment-292095\" class=\"wp-caption-text\">Tiyo HDPE pou rez\u00e8v dlo<\/figcaption><\/figure>\n\t\t\t\t\t<a href=\"#\"  id=\"fl-accordion--label-2\" tabindex=\"0\" aria-controls=\"fl-accordion--panel-2\">Ki sa ki yon Foraj Direksyon\u00e8l Orizontal (HDD)?<\/a>\n\t\t\t\t\t\t\t\t\t\t\t<a href=\"#\" id=\"fl-accordion--icon-2\"  tabindex=\"0\"><i title=\"Elaji\">Elaji<\/i><\/a>\n\t\t\t\t\t<p>Yon Foraj Direksyon\u00e8l Orizontal, souvan abreje k\u00f2m HDD, se yon met\u00f2d san tranche yo itilize pou enstale tiyo anba t\u00e8 ak yon minim\u00f2m dez\u00f2d sou sifas la. Teknik sa a enplike nan per\u00e7age yon twou pil\u00f2t sou yon chemen predet\u00e8mine, tipikman anba obstak tankou wout, rivy\u00e8, oswa enfrastrikti ki deja egziste. Yon fwa yo kreye twou pil\u00f2t la, yo elaji foraj la, epi yo mete tiyo dlo prensipal la nan plas li. HDD pi popil\u00e8 pou efikasite li, enpak anviw\u00f2nman an ki redwi, ak kapasite li pou minimize dez\u00f2d nan kominote yo ak sikilasyon trafik pandan enstalasyon an.<\/p>\n\t\t<h3>\t\n\tVideyo Pwoj\u00e8<\/h3><p>Reyinyon Piblik Vity\u00e8l \u2013 Avril 2024<\/p>\n\t\t<iframe loading=\"lazy\" width=\"560\" height=\"315\" src=\"https:\/\/www.youtube.com\/embed\/CJ7cUgmmP8M?si=tXIOM8Epn6tN3Udq\" title=\"Jw\u00e8 videyo YouTube\" frameborder=\"0\" allow=\"accelerometer; autoplay; clipboard-write; encrypted-media; gyroscope; picture-in-picture; web-share\" referrerpolicy=\"strict-origin-when-cross-origin\" allowfullscreen><\/iframe>\t\n<h3>\n\t\t\tMande Plis Enf\u00f2masyon\t<\/h3>\n\t<div class=\"wpforms-container wpforms-container-full\" id=\"wpforms-252800\"><form id=\"wpforms-form-252800\" class=\"wpforms-validate wpforms-form wpforms-ajax-form\" data-formid=\"252800\" method=\"post\" enctype=\"multipart\/form-data\" action=\"\/ht\/wp-json\/wp\/v2\/pages\/291958\" data-token=\"39edcb7b86ae3db118ee02cc59c5aaea\" data-token-time=\"1775305299\" data-trp-original-action=\"\/ht\/wp-json\/wp\/v2\/pages\/291958\"><noscript class=\"wpforms-error-noscript\">Tanpri aktive JavaScript nan navigat\u00e8 w la pou w ka ranpli f\u00f2m sa a.<\/noscript><div class=\"wpforms-field-container\"><div id=\"wpforms-252800-field_0-container\" class=\"wpforms-field wpforms-field-name\" data-field-id=\"0\"><label class=\"wpforms-field-label\">Non <span class=\"wpforms-required-label\">*<\/span><\/label><div class=\"wpforms-field-row wpforms-field-large\"><div class=\"wpforms-field-row-block wpforms-first wpforms-one-half\"><input type=\"text\" id=\"wpforms-252800-field_0\" class=\"wpforms-field-name-first wpforms-field-required\" name=\"wpforms[fields][0][first]\" required><label for=\"wpforms-252800-field_0\" class=\"wpforms-field-sublabel after\">Premye<\/label><\/div><div class=\"wpforms-field-row-block wpforms-one-half\"><input type=\"text\" id=\"wpforms-252800-field_0-last\" class=\"wpforms-field-name-last wpforms-field-required\" name=\"wpforms[fields][0][last]\" required><label for=\"wpforms-252800-field_0-last\" class=\"wpforms-field-sublabel after\">D\u00e8nye<\/label><\/div><\/div><\/div><div id=\"wpforms-252800-field_1-container\" class=\"wpforms-field wpforms-field-email\" data-field-id=\"1\"><label class=\"wpforms-field-label\" for=\"wpforms-252800-field_1\">Im\u00e8l <span class=\"wpforms-required-label\">*<\/span><\/label><input type=\"email\" id=\"wpforms-252800-field_1\" class=\"wpforms-field-medium wpforms-field-required\" name=\"wpforms[fields][1]\" spellcheck=\"false\" required><\/div><div id=\"wpforms-252800-field_2-container\" class=\"wpforms-field wpforms-field-textarea\" data-field-id=\"2\"><label class=\"wpforms-field-label\" for=\"wpforms-252800-field_2\">K\u00f2mant\u00e8 oswa Mesaj<\/label><textarea id=\"wpforms-252800-field_2\" class=\"wpforms-field-medium\" name=\"wpforms[fields][2]\" ><\/textarea><\/div><div id=\"wpforms-252800-field_4-container\" class=\"wpforms-field wpforms-field-hidden\" data-field-id=\"4\"><input type=\"hidden\" id=\"wpforms-252800-field_4\" name=\"wpforms[fields][4]\" value=\": https:\/\/www.miamibeachfl.gov\/ht\/wp-json\/wp\/v2\/pages\/291958\"><\/div><\/div><!-- .wpforms-field-container --><div class=\"wpforms-recaptcha-container wpforms-is-recaptcha wpforms-is-recaptcha-type-v2\" ><div class=\"g-recaptcha\" data-sitekey=\"6Lcwxc4pAAAAAKPjNaeWluTmul42T6sdKruYO3BQ\"><\/div><input type=\"text\" name=\"g-recaptcha-hidden\" class=\"wpforms-recaptcha-hidden\" style=\"position:absolute!important;clip:rect(0,0,0,0)!important;height:1px!important;width:1px!important;border:0!important;overflow:hidden!important;padding:0!important;margin:0!important;\" data-rule-recaptcha=\"1\"><\/div><div class=\"wpforms-submit-container\" ><input type=\"hidden\" name=\"wpforms[id]\" value=\"252800\"><input type=\"hidden\" name=\"page_title\" value=\"\"><input type=\"hidden\" name=\"page_url\" value=\"https:\/\/www.miamibeachfl.gov\/ht\/wp-json\/wp\/v2\/pages\/291958\"><input type=\"hidden\" name=\"url_referer\" value=\"\"><button type=\"submit\" name=\"wpforms[submit]\" id=\"wpforms-submit-252800\" class=\"wpforms-submit\" data-alt-text=\"Sending...\" data-submit-text=\"Submit\" aria-live=\"assertive\" value=\"wpforms-submit\">Soum\u00e8t<\/button><img loading=\"lazy\" decoding=\"async\" src=\"https:\/\/www.miamibeachfl.gov\/wp-content\/plugins\/wpforms\/assets\/images\/submit-spin.svg\" class=\"wpforms-submit-spinner\" style=\"display: none;\" width=\"26\" height=\"26\" alt=\"Loading\"><\/div><input type=\"hidden\" name=\"trp-form-language\" value=\"ht\"\/><\/form><\/div>  <!-- .wpforms-container -->\n<h3>\n\t\t\tAnplwaye Pwoj\u00e8 a\t<\/h3>\n\t<hr \/>\n<h3><strong>Ch\u00e8f Depatman<br \/>\nTravay Piblik<\/strong><\/h3>\n<h3><strong>Direkt\u00e8 Depatman Enterim\u00e8<br \/>\nBradford Kaine<\/strong><\/h3>\n<h3><strong>Manadj\u00e8 Konstriksyon<br \/>\nMatye LePera<\/strong><\/h3>\n<h3><strong>Enjeny\u00e8 Prensipal<br \/>\nArturo Carrocera<\/strong><\/h3>\n<hr \/>\n<h3>Kow\u00f2dinat\u00e8 Af\u00e8 Katye<br \/>\nGabriella Gonzalez<br \/>\n<a href=\"mailto:GabriellaGonzalez@miamibeachfl.gov\">GabriellaGonzalez@miamibeachfl.gov<\/a><\/h3>\n<hr \/>\n<h3>Enjeny\u00e8 Pwoj\u00e8<br \/>\nWade Trim, Inc.<\/h3>\n<h3>Konsiltan Pwoj\u00e8<br \/>\nKonsiltan CES, Inc.<\/h3>\n<h3>Kontrakt\u00e8<br \/>\nKalite Antrepriz Etazini, Inc.\u00a0<\/h3>\n<h3>\n\t\t\tFinansman\t<\/h3>\n\t\t<h3>\t\n\tBidj\u00e8 Total: $3,300,000<\/h3>\t\n<h3>\n\t\t\tEta Pwoj\u00e8 a\t<\/h3>\n\t\t<h3>\t\n\tKonstriksyon<\/h3>\t\n\t\t\t\t\t99%\t\t\t\t\n<h3>\n\t\t\tKote\t<\/h3>\n\t<iframe src=\"https:\/\/www.google.com\/maps\/embed\/v1\/place?q=41+Street+and+Pine+Tree+Drive%0A&#038;key=AIzaSyD09zQ9PNDNNy9TadMuzRV_UsPUoWKntt8\" aria-hidden=\"true\" title=\"41 Ri ak Pine Tree Drive\"><\/iframe>\n\t\t<h3>D\u00e8nye Mizajou<\/h3><p>Septanm 2024<\/p>","protected":false},"excerpt":{"rendered":"<p>Pwoj\u00e8 Ranplasman Dlo Prensipal Ri 41 Vil Miami Beach ap ranplase ansyen tiyo dlo prensipal ayeryen ki sou 41 [\u2026]<\/p>","protected":false},"author":256,"featured_media":0,"parent":397831,"menu_order":0,"comment_status":"closed","ping_status":"closed","template":"","meta":{"_searchwp_excluded":"","site-sidebar-layout":"default","site-content-layout":"","ast-site-content-layout":"default","site-content-style":"default","site-sidebar-style":"default","ast-global-header-display":"","ast-banner-title-visibility":"","ast-main-header-display":"","ast-hfb-above-header-display":"","ast-hfb-below-header-display":"","ast-hfb-mobile-header-display":"","site-post-title":"","ast-breadcrumbs-content":"","ast-featured-img":"","footer-sml-layout":"","theme-transparent-header-meta":"","adv-header-id-meta":"","stick-header-meta":"","header-above-stick-meta":"","header-main-stick-meta":"","header-below-stick-meta":"","astra-migrate-meta-layouts":"default","ast-page-background-enabled":"default","ast-page-background-meta":{"desktop":{"background-color":"var(--ast-global-color-5)","background-image":"","background-repeat":"repeat","background-position":"center center","background-size":"auto","background-attachment":"scroll","background-type":"","background-media":"","overlay-type":"","overlay-color":"","overlay-opacity":"","overlay-gradient":""},"tablet":{"background-color":"","background-image":"","background-repeat":"repeat","background-position":"center center","background-size":"auto","background-attachment":"scroll","background-type":"","background-media":"","overlay-type":"","overlay-color":"","overlay-opacity":"","overlay-gradient":""},"mobile":{"background-color":"","background-image":"","background-repeat":"repeat","background-position":"center center","background-size":"auto","background-attachment":"scroll","background-type":"","background-media":"","overlay-type":"","overlay-color":"","overlay-opacity":"","overlay-gradient":""}},"ast-content-background-meta":{"desktop":{"background-color":"var(--ast-global-color-4)","background-image":"","background-repeat":"repeat","background-position":"center center","background-size":"auto","background-attachment":"scroll","background-type":"","background-media":"","overlay-type":"","overlay-color":"","overlay-opacity":"","overlay-gradient":""},"tablet":{"background-color":"var(--ast-global-color-4)","background-image":"","background-repeat":"repeat","background-position":"center center","background-size":"auto","background-attachment":"scroll","background-type":"","background-media":"","overlay-type":"","overlay-color":"","overlay-opacity":"","overlay-gradient":""},"mobile":{"background-color":"var(--ast-global-color-4)","background-image":"","background-repeat":"repeat","background-position":"center center","background-size":"auto","background-attachment":"scroll","background-type":"","background-media":"","overlay-type":"","overlay-color":"","overlay-opacity":"","overlay-gradient":""}},"footnotes":""},"categories":[1888],"tags":[],"class_list":["post-291958","page","type-page","status-publish","hentry","category-completed-projects"],"yoast_head":"<!-- This site is optimized with the Yoast SEO Premium plugin v26.6 (Yoast SEO v26.6) - https:\/\/yoast.com\/wordpress\/plugins\/seo\/ -->\n<title>41 Street Water Main Replacement Project - City of Miami Beach<\/title>\n<meta name=\"description\" content=\"%\" \/>\n<meta name=\"robots\" content=\"index, follow, max-snippet:-1, max-image-preview:large, max-video-preview:-1\" \/>\n<link rel=\"canonical\" href=\"https:\/\/www.miamibeachfl.gov\/ht\/projects\/41-street-water-main-replacement-project\/\" \/>\n<meta property=\"og:locale\" content=\"ht_HT\" \/>\n<meta property=\"og:type\" content=\"article\" \/>\n<meta property=\"og:title\" content=\"41 Street Water Main Replacement Project\" \/>\n<meta property=\"og:description\" content=\"%\" \/>\n<meta property=\"og:url\" content=\"https:\/\/www.miamibeachfl.gov\/ht\/projects\/41-street-water-main-replacement-project\/\" \/>\n<meta property=\"og:site_name\" content=\"City of Miami Beach\" \/>\n<meta property=\"article:publisher\" content=\"https:\/\/www.facebook.com\/cityofmiamibeach\" \/>\n<meta property=\"article:modified_time\" content=\"2026-04-03T16:58:01+00:00\" \/>\n<meta property=\"og:image\" content=\"https:\/\/www.miamibeachfl.gov\/wp-content\/uploads\/2024\/03\/HDPE_060324_shutterstock_746739205-1024x683.jpg\" \/>\n<meta name=\"twitter:card\" content=\"summary_large_image\" \/>\n<meta name=\"twitter:site\" content=\"@Miamibeachnews\" \/>\n<script type=\"application\/ld+json\" class=\"yoast-schema-graph\">{\"@context\":\"https:\/\/schema.org\",\"@graph\":[{\"@type\":\"WebPage\",\"@id\":\"https:\/\/www.miamibeachfl.gov\/projects\/41-street-water-main-replacement-project\/\",\"url\":\"https:\/\/www.miamibeachfl.gov\/projects\/41-street-water-main-replacement-project\/\",\"name\":\"41 Street Water Main Replacement Project - City of Miami Beach\",\"isPartOf\":{\"@id\":\"https:\/\/www.miamibeachfl.gov\/#website\"},\"primaryImageOfPage\":{\"@id\":\"https:\/\/www.miamibeachfl.gov\/projects\/41-street-water-main-replacement-project\/#primaryimage\"},\"image\":{\"@id\":\"https:\/\/www.miamibeachfl.gov\/projects\/41-street-water-main-replacement-project\/#primaryimage\"},\"thumbnailUrl\":\"https:\/\/www.miamibeachfl.gov\/wp-content\/uploads\/2024\/03\/HDPE_060324_shutterstock_746739205-1024x683.jpg\",\"datePublished\":\"2024-03-12T16:57:17+00:00\",\"dateModified\":\"2026-04-03T16:58:01+00:00\",\"description\":\"%\",\"breadcrumb\":{\"@id\":\"https:\/\/www.miamibeachfl.gov\/projects\/41-street-water-main-replacement-project\/#breadcrumb\"},\"inLanguage\":\"ht\",\"potentialAction\":[{\"@type\":\"ReadAction\",\"target\":[\"https:\/\/www.miamibeachfl.gov\/projects\/41-street-water-main-replacement-project\/\"]}]},{\"@type\":\"ImageObject\",\"inLanguage\":\"ht\",\"@id\":\"https:\/\/www.miamibeachfl.gov\/projects\/41-street-water-main-replacement-project\/#primaryimage\",\"url\":\"https:\/\/www.miamibeachfl.gov\/wp-content\/uploads\/2024\/03\/HDPE_060324_shutterstock_746739205-1024x683.jpg\",\"contentUrl\":\"https:\/\/www.miamibeachfl.gov\/wp-content\/uploads\/2024\/03\/HDPE_060324_shutterstock_746739205-1024x683.jpg\"},{\"@type\":\"BreadcrumbList\",\"@id\":\"https:\/\/www.miamibeachfl.gov\/projects\/41-street-water-main-replacement-project\/#breadcrumb\",\"itemListElement\":[{\"@type\":\"ListItem\",\"position\":1,\"name\":\"Home\",\"item\":\"https:\/\/www.miamibeachfl.gov\/\"},{\"@type\":\"ListItem\",\"position\":2,\"name\":\"Projects\",\"item\":\"https:\/\/www.miamibeachfl.gov\/projects\/\"},{\"@type\":\"ListItem\",\"position\":3,\"name\":\"41 Street Water Main Replacement Project\"}]},{\"@type\":\"WebSite\",\"@id\":\"https:\/\/www.miamibeachfl.gov\/#website\",\"url\":\"https:\/\/www.miamibeachfl.gov\/\",\"name\":\"City of Miami Beach\",\"description\":\"The official website of the City of Miami Beach. Stay informed, find important information on city services, news, alerts, events, trolley routes, government employment and more.\",\"publisher\":{\"@id\":\"https:\/\/www.miamibeachfl.gov\/#organization\"},\"potentialAction\":[{\"@type\":\"SearchAction\",\"target\":{\"@type\":\"EntryPoint\",\"urlTemplate\":\"https:\/\/www.miamibeachfl.gov\/?s={search_term_string}\"},\"query-input\":{\"@type\":\"PropertyValueSpecification\",\"valueRequired\":true,\"valueName\":\"search_term_string\"}}],\"inLanguage\":\"ht\"},{\"@type\":\"Organization\",\"@id\":\"https:\/\/www.miamibeachfl.gov\/#organization\",\"name\":\"City of Miami Beach\",\"url\":\"https:\/\/www.miamibeachfl.gov\/\",\"logo\":{\"@type\":\"ImageObject\",\"inLanguage\":\"ht\",\"@id\":\"https:\/\/www.miamibeachfl.gov\/#\/schema\/logo\/image\/\",\"url\":\"https:\/\/www.miamibeachfl.gov\/wp-content\/uploads\/2022\/06\/miamibeach-logoblue.png\",\"contentUrl\":\"https:\/\/www.miamibeachfl.gov\/wp-content\/uploads\/2022\/06\/miamibeach-logoblue.png\",\"width\":1962,\"height\":381,\"caption\":\"City of Miami Beach\"},\"image\":{\"@id\":\"https:\/\/www.miamibeachfl.gov\/#\/schema\/logo\/image\/\"},\"sameAs\":[\"https:\/\/www.facebook.com\/cityofmiamibeach\",\"https:\/\/x.com\/Miamibeachnews\",\"https:\/\/www.instagram.com\/miamibeachnews\/\"],\"description\":\"The official website of the City of Miami Beach. Stay informed, find important information on city services, news, alerts, events, trolley routes, government employment and more.\",\"telephone\":\"305.604.CITY(2489)\",\"legalName\":\"City of Miami Beach\"}]}<\/script>\n<!-- \/ Yoast SEO Premium plugin. -->","yoast_head_json":{"title":"Pwoj\u00e8 Ranplasman Dlo Prensipal 41 Street - Vil Miami Beach","description":"%","robots":{"index":"index","follow":"follow","max-snippet":"max-snippet:-1","max-image-preview":"max-image-preview:large","max-video-preview":"max-video-preview:-1"},"canonical":"https:\/\/www.miamibeachfl.gov\/ht\/projects\/41-street-water-main-replacement-project\/","og_locale":"ht_HT","og_type":"article","og_title":"41 Street Water Main Replacement Project","og_description":"%","og_url":"https:\/\/www.miamibeachfl.gov\/ht\/projects\/41-street-water-main-replacement-project\/","og_site_name":"City of Miami Beach","article_publisher":"https:\/\/www.facebook.com\/cityofmiamibeach","article_modified_time":"2026-04-03T16:58:01+00:00","og_image":[{"url":"https:\/\/www.miamibeachfl.gov\/wp-content\/uploads\/2024\/03\/HDPE_060324_shutterstock_746739205-1024x683.jpg","type":"","width":"","height":""}],"twitter_card":"summary_large_image","twitter_site":"@Miamibeachnews","schema":{"@context":"https:\/\/schema.org","@graph":[{"@type":"WebPage","@id":"https:\/\/www.miamibeachfl.gov\/projects\/41-street-water-main-replacement-project\/","url":"https:\/\/www.miamibeachfl.gov\/projects\/41-street-water-main-replacement-project\/","name":"Pwoj\u00e8 Ranplasman Dlo Prensipal 41 Street - Vil Miami Beach","isPartOf":{"@id":"https:\/\/www.miamibeachfl.gov\/#website"},"primaryImageOfPage":{"@id":"https:\/\/www.miamibeachfl.gov\/projects\/41-street-water-main-replacement-project\/#primaryimage"},"image":{"@id":"https:\/\/www.miamibeachfl.gov\/projects\/41-street-water-main-replacement-project\/#primaryimage"},"thumbnailUrl":"https:\/\/www.miamibeachfl.gov\/wp-content\/uploads\/2024\/03\/HDPE_060324_shutterstock_746739205-1024x683.jpg","datePublished":"2024-03-12T16:57:17+00:00","dateModified":"2026-04-03T16:58:01+00:00","description":"%","breadcrumb":{"@id":"https:\/\/www.miamibeachfl.gov\/projects\/41-street-water-main-replacement-project\/#breadcrumb"},"inLanguage":"ht","potentialAction":[{"@type":"ReadAction","target":["https:\/\/www.miamibeachfl.gov\/projects\/41-street-water-main-replacement-project\/"]}]},{"@type":"ImageObject","inLanguage":"ht","@id":"https:\/\/www.miamibeachfl.gov\/projects\/41-street-water-main-replacement-project\/#primaryimage","url":"https:\/\/www.miamibeachfl.gov\/wp-content\/uploads\/2024\/03\/HDPE_060324_shutterstock_746739205-1024x683.jpg","contentUrl":"https:\/\/www.miamibeachfl.gov\/wp-content\/uploads\/2024\/03\/HDPE_060324_shutterstock_746739205-1024x683.jpg"},{"@type":"BreadcrumbList","@id":"https:\/\/www.miamibeachfl.gov\/projects\/41-street-water-main-replacement-project\/#breadcrumb","itemListElement":[{"@type":"ListItem","position":1,"name":"Home","item":"https:\/\/www.miamibeachfl.gov\/"},{"@type":"ListItem","position":2,"name":"Projects","item":"https:\/\/www.miamibeachfl.gov\/projects\/"},{"@type":"ListItem","position":3,"name":"41 Street Water Main Replacement Project"}]},{"@type":"WebSite","@id":"https:\/\/www.miamibeachfl.gov\/#website","url":"https:\/\/www.miamibeachfl.gov\/","name":"Vil Miami Beach","description":"Sitw\u00e8b ofisy\u00e8l Vil Miami Beach la. Rete enf\u00f2me, jwenn enf\u00f2masyon enp\u00f2tan sou s\u00e8vis vil la, nouv\u00e8l, al\u00e8t, ev\u00e8nman, wout tramway, travay gouv\u00e8nman an ak plis ank\u00f2.","publisher":{"@id":"https:\/\/www.miamibeachfl.gov\/#organization"},"potentialAction":[{"@type":"SearchAction","target":{"@type":"EntryPoint","urlTemplate":"https:\/\/www.miamibeachfl.gov\/?s={search_term_string}"},"query-input":{"@type":"PropertyValueSpecification","valueRequired":true,"valueName":"search_term_string"}}],"inLanguage":"ht"},{"@type":"Organization","@id":"https:\/\/www.miamibeachfl.gov\/#organization","name":"Vil Miami Beach","url":"https:\/\/www.miamibeachfl.gov\/","logo":{"@type":"ImageObject","inLanguage":"ht","@id":"https:\/\/www.miamibeachfl.gov\/#\/schema\/logo\/image\/","url":"https:\/\/www.miamibeachfl.gov\/wp-content\/uploads\/2022\/06\/miamibeach-logoblue.png","contentUrl":"https:\/\/www.miamibeachfl.gov\/wp-content\/uploads\/2022\/06\/miamibeach-logoblue.png","width":1962,"height":381,"caption":"City of Miami Beach"},"image":{"@id":"https:\/\/www.miamibeachfl.gov\/#\/schema\/logo\/image\/"},"sameAs":["https:\/\/www.facebook.com\/cityofmiamibeach","https:\/\/x.com\/Miamibeachnews","https:\/\/www.instagram.com\/miamibeachnews\/"],"description":"Sitw\u00e8b ofisy\u00e8l Vil Miami Beach la. Rete enf\u00f2me, jwenn enf\u00f2masyon enp\u00f2tan sou s\u00e8vis vil la, nouv\u00e8l, al\u00e8t, ev\u00e8nman, wout tramway, travay gouv\u00e8nman an ak plis ank\u00f2.","telephone":"305.604.CITY(2489)","legalName":"City of Miami Beach"}]}},"_links":{"self":[{"href":"https:\/\/www.miamibeachfl.gov\/ht\/wp-json\/wp\/v2\/pages\/291958","targetHints":{"allow":["GET"]}}],"collection":[{"href":"https:\/\/www.miamibeachfl.gov\/ht\/wp-json\/wp\/v2\/pages"}],"about":[{"href":"https:\/\/www.miamibeachfl.gov\/ht\/wp-json\/wp\/v2\/types\/page"}],"author":[{"embeddable":true,"href":"https:\/\/www.miamibeachfl.gov\/ht\/wp-json\/wp\/v2\/users\/256"}],"replies":[{"embeddable":true,"href":"https:\/\/www.miamibeachfl.gov\/ht\/wp-json\/wp\/v2\/comments?post=291958"}],"version-history":[{"count":0,"href":"https:\/\/www.miamibeachfl.gov\/ht\/wp-json\/wp\/v2\/pages\/291958\/revisions"}],"up":[{"embeddable":true,"href":"https:\/\/www.miamibeachfl.gov\/ht\/wp-json\/wp\/v2\/pages\/397831"}],"wp:attachment":[{"href":"https:\/\/www.miamibeachfl.gov\/ht\/wp-json\/wp\/v2\/media?parent=291958"}],"wp:term":[{"taxonomy":"category","embeddable":true,"href":"https:\/\/www.miamibeachfl.gov\/ht\/wp-json\/wp\/v2\/categories?post=291958"},{"taxonomy":"post_tag","embeddable":true,"href":"https:\/\/www.miamibeachfl.gov\/ht\/wp-json\/wp\/v2\/tags?post=291958"}],"curies":[{"name":"wp","href":"https:\/\/api.w.org\/{rel}","templated":true}]}}