{"id":29197,"date":"2017-08-11T00:12:52","date_gmt":"2017-08-11T00:12:52","guid":{"rendered":"http:\/\/www.miamibeachfl.gov\/city-hall\/tourism-culture-and-economic-development\/business-assistance\/business-start-up\/"},"modified":"2026-02-26T14:30:42","modified_gmt":"2026-02-26T19:30:42","slug":"open-a-business","status":"publish","type":"page","link":"https:\/\/www.miamibeachfl.gov\/ht\/city-hall\/economic-development\/open-a-business\/","title":{"rendered":"Ouvri yon biznis"},"content":{"rendered":"<img decoding=\"async\" src=\"https:\/\/www.miamibeachfl.gov\/wp-content\/uploads\/2022\/07\/hero-small.jpg\" alt=\"ocean drive art deco buildings\" itemprop=\"image\" height=\"211\" width=\"2395\" title=\"ewo-piti\" onerror=\"this.style.display='none'\" loading=\"lazy\" \/>\n<h1>\n\t\t\tOuvri yon biznis\t<\/h1>\n\t<nav id=\"breadcrumbs\" aria-label=\"Pen griye\"><a href=\"https:\/\/www.miamibeachfl.gov\/ht\/\">Lakay<\/a> &gt; <a href=\"https:\/\/www.miamibeachfl.gov\/ht\/city-hall\/\">Lakou Vil la<\/a> &gt; <a href=\"https:\/\/www.miamibeachfl.gov\/ht\/city-hall\/economic-development\/\">Devlopman Ekonomik<\/a> &gt; <strong>Ouvri yon biznis<\/strong><\/nav>\n\t\t\t\t\t\t<img decoding=\"async\" src=\"https:\/\/www.miamibeachfl.gov\/wp-content\/uploads\/2025\/06\/waitressbringingfood.jpg\" data-animation-class=\"zoomIn\" alt=\"Waitress bringing food to customers\" \/>\n\t\t\t\u00c8ske w ap louvri,<br \/>Chanje oswa demenaje<br \/> biznis ou<br \/>nan Miami Beach?\n\t\t\t<p><img loading=\"lazy\" decoding=\"async\" src=\"https:\/\/www.miamibeachfl.gov\/wp-content\/uploads\/2025\/06\/arrowaright@2x.png\" alt=\"arrows pointing right\" width=\"148\" height=\"33\" \/><\/p>\n<p>Aprann plis bagay sou 3 etap yo<br \/>tw\u00f2 lwen pou evite reta neses\u00e8.<\/p>\n\t\t\t\t\t\t<a aria-label=\"&Egrave;ske w ap louvri,&lt;br&gt;Chanje oswa demenaje&lt;br&gt; biznis ou&lt;br&gt;nan Miami Beach?\" href=\"\/ht\/business-open-change-relocation\/\" target=\"_blank\" rel=\"noopener\">\n\t\t\t\t\t\t\t<\/a>\n\t<h2><strong>DEMARAJ\u00a0\u00a0\u00a0\u00a0\u00a0\u00a0<\/strong><\/h2>\n<h2>LOUVRI YON BIZNIS<\/h2>\n<p>Tout pwopriyet\u00e8 biznis yo oblije jwenn yon <strong><a href=\"https:\/\/www.miamibeachfl.gov\/ht\/city-hall\/finance\/business-tax-receipts-btr\/\">Resi Tak Biznis (ansyen Lisans Pwofesyon\u00e8l)<\/a><\/strong>Nan k\u00e8k ka, l\u00e8 yon biznis ap chanje itilizasyon, <strong><a href=\"https:\/\/www.miamibeachfl.gov\/ht\/city-hall\/planning\/certificate-of-use\/\">W ap bezwen yon S\u00e8tifika Itilizasyon anvan ou jwenn Resi Taks Biznis la.<\/a><\/strong> L\u00e8 w ap aplike pou yon Resi Tak Biznis, pif\u00f2 biznis yo ap oblije bay yon kontra lokasyon\/b\u00f2nman lavant\/akte garanti anrejistre, nimewo idantifikasyon taks federal, ak atik enk\u00f2porasyon\/DBA. Pou yon lis konpl\u00e8 egzijans yo, tanpri klike sou lyen ki anba a oswa rele Depatman Finans nan nimewo <strong><a href=\"tel:3056737420\">305.673.7420<\/a>.<\/strong><\/p>\n<p><strong><a href=\"https:\/\/www.miamibeachfl.gov\/wp-content\/uploads\/2025\/07\/Business-Tax-Category.pdf\">Kategori ak Egzijans Biznis<\/a><\/strong><\/p>\n<p>Nan ka kote yon S\u00e8tifika Itilizasyon neses\u00e8, pwosesis aplikasyon an ap k\u00f2manse ak Depatman Konstriksyon an. Enspeksyon Depatman Konstriksyon an, Depatman Ponpye a, Depatman Planifikasyon an, ak l\u00f2t moun dwe f\u00e8t apre yo fin soum\u00e8t yon aplikasyon. Pou plis enf\u00f2masyon kons\u00e8nan yon S\u00e8tifika Itilizasyon, tanpri rele Depatman Konstriksyon an nan <strong><a href=\"tel:3056737610\">305.673.7610<\/a><\/strong>.<\/p>\n<h3>ANTREPRIZ ENDIVIDY\u00c8L, PATENARYA AK K\u00d2PORASYON<\/h3>\n<p><strong>Premye desizyon ou antanke pwopriyet\u00e8 biznis se det\u00e8mine estrikti legal biznis ou an.<\/strong> Your choice determines what kind of taxes the business must pay, who&#8217;s liable and what forms are necessary. There are four main choices: Sole Proprietorship, Partnership, Corporation or Limited Liability Company. Contact the Florida Department of State Division of Corporation for more information at <strong><a href=\"tel:8504889000\">850.488.9000<\/a><\/strong> oubyen vizite yo sou ent\u00e8n\u00e8t nan <strong><a title=\"www.sunbiz.org\" href=\"http:\/\/www.sunbiz.org\/\">www.sunbiz.org<\/a>.<\/strong><\/p>\n<h3>MAK KOM\u00c8SYAL ETA AK FEDERAL<\/h3>\n<p><strong>Yon mak kom\u00e8syal oswa yon mak s\u00e8vis ka anrejistre nan Divizyon K\u00f2porasyon Florid la.<\/strong> for use and protection only in the state of Florida. For protection of your trademark in the entire U.S., including Florida, you must register it with the U.S. Patent and Trademark Office. For information about registering in Florida, call 850.245.6051 or check the Division of Corporation&#8217;s website at <strong><a title=\"www.sunbiz.org\" href=\"http:\/\/www.sunbiz.org\/\">www.sunbiz.org<\/a><\/strong>Pou plis enf\u00f2masyon kons\u00e8nan anrejistreman federal, kontakte Biwo Patant ak Mak Kom\u00e8syal Etazini an. <strong><a href=\"tel:8007869199\">800.786.9199<\/a><\/strong> oubyen vizite yo sou ent\u00e8n\u00e8t nan <strong><a title=\"www.uspto.gov\" href=\"http:\/\/www.uspto.gov\/\">www.uspto.gov<\/a>.<\/strong><\/p>\n<h3>ENF\u00d2MASYON ITIL POU DEMARAJ<\/h3>\n<p><strong>Gid pou ti biznis Administrasyon Ti Biznis la <\/strong>Li f\u00e8t pou s\u00e8vi k\u00f2m yon gid pou k\u00f2manse yon biznis. Li konpl\u00e8 e fasil pou itilize. Li gen ladan l tou plizy\u00e8 lyen elektwonik pou plis enf\u00f2masyon. S\u00e8vi ak zouti ent\u00e8aktif pwisan sa a, av\u00e8k anpil resous sip\u00f2 pou ede w k\u00f2manse yon biznis ki reyisi. <strong><a href=\"http:\/\/www.sba.gov\/smallbusinessplanner\/index.html\">Klike la a pou jwenn aks\u00e8 nan gid planifikat\u00e8 ti biznis la.<\/a><\/strong><\/p>\n\t\tNavige pou ale nan\u2026\t\t\t\n\t\t\t\t\t<ul id=\"menu-economic-development-dept-menu\"><li id=\"menu-item-361319\"><a href=\"\/ht\/city-hall\/economic-development\/committee-resources\/\">Resous Komite a<\/a><\/li>\n<li id=\"menu-item-361320\"><a href=\"\/ht\/city-hall\/economic-development\/community-revitalization\/\">Revitalizasyon Kominot\u00e8 a<\/a><\/li>\n<li id=\"menu-item-361321\"><a href=\"\/ht\/city-hall\/economic-development\/convention-center-advisory-board-ccab\/\">Kons\u00e8y Konsiltatif Sant Konvansyon an (CCAB)<\/a><\/li>\n<li id=\"menu-item-361322\"><a href=\"\/ht\/city-hall\/economic-development\/quick-links\/\">Resous Devlopman Ekonomik<\/a><\/li>\n<li id=\"menu-item-361323\"><a href=\"\/ht\/city-hall\/economic-development\/historic-preservation-incentives\/\">Ankourajman pou Prez\u00e8vasyon Istorik<\/a><\/li>\n<li id=\"menu-item-361324\"><a href=\"\/ht\/city-hall\/economic-development\/redevelopment-agency\/\">Ajans Redevlopman Miami Beach (RDA)<\/a><\/li>\n<li id=\"menu-item-367566\"><a href=\"https:\/\/www.miamibeachfl.gov\/ht\/northbeachcra\/\">North Beach CRA<\/a><\/li>\n<li id=\"menu-item-361325\"><a href=\"\/ht\/city-hall\/economic-development\/open-a-business\/\">Ouvri yon biznis<\/a><\/li>\n<li id=\"menu-item-361326\"><a href=\"\/ht\/city-hall\/economic-development\/small-business-financial-assistance\/\">\u00c8d Finansye pou Ti Biznis<\/a><\/li>\n<li id=\"menu-item-361327\"><a href=\"\/ht\/city-hall\/economic-development\/tax-increment-financing\/\">Finansman Ogmantasyon Taks<\/a><\/li>\n<\/ul>","protected":false},"excerpt":{"rendered":"<p>Opening a Business Home &gt; City Hall &gt; Economic Development &gt; Opening a Business Are you Opening,Changing or Relocating your [&hellip;]<\/p>\n","protected":false},"author":222,"featured_media":0,"parent":29187,"menu_order":0,"comment_status":"closed","ping_status":"closed","template":"","meta":{"_searchwp_excluded":"","site-sidebar-layout":"default","site-content-layout":"","ast-site-content-layout":"default","site-content-style":"default","site-sidebar-style":"default","ast-global-header-display":"","ast-banner-title-visibility":"","ast-main-header-display":"","ast-hfb-above-header-display":"","ast-hfb-below-header-display":"","ast-hfb-mobile-header-display":"","site-post-title":"","ast-breadcrumbs-content":"","ast-featured-img":"","footer-sml-layout":"","theme-transparent-header-meta":"","adv-header-id-meta":"","stick-header-meta":"","header-above-stick-meta":"","header-main-stick-meta":"","header-below-stick-meta":"","astra-migrate-meta-layouts":"default","ast-page-background-enabled":"default","ast-page-background-meta":{"desktop":{"background-color":"var(--ast-global-color-5)","background-image":"","background-repeat":"repeat","background-position":"center center","background-size":"auto","background-attachment":"scroll","background-type":"","background-media":"","overlay-type":"","overlay-color":"","overlay-opacity":"","overlay-gradient":""},"tablet":{"background-color":"","background-image":"","background-repeat":"repeat","background-position":"center center","background-size":"auto","background-attachment":"scroll","background-type":"","background-media":"","overlay-type":"","overlay-color":"","overlay-opacity":"","overlay-gradient":""},"mobile":{"background-color":"","background-image":"","background-repeat":"repeat","background-position":"center center","background-size":"auto","background-attachment":"scroll","background-type":"","background-media":"","overlay-type":"","overlay-color":"","overlay-opacity":"","overlay-gradient":""}},"ast-content-background-meta":{"desktop":{"background-color":"var(--ast-global-color-4)","background-image":"","background-repeat":"repeat","background-position":"center center","background-size":"auto","background-attachment":"scroll","background-type":"","background-media":"","overlay-type":"","overlay-color":"","overlay-opacity":"","overlay-gradient":""},"tablet":{"background-color":"var(--ast-global-color-4)","background-image":"","background-repeat":"repeat","background-position":"center center","background-size":"auto","background-attachment":"scroll","background-type":"","background-media":"","overlay-type":"","overlay-color":"","overlay-opacity":"","overlay-gradient":""},"mobile":{"background-color":"var(--ast-global-color-4)","background-image":"","background-repeat":"repeat","background-position":"center center","background-size":"auto","background-attachment":"scroll","background-type":"","background-media":"","overlay-type":"","overlay-color":"","overlay-opacity":"","overlay-gradient":""}},"footnotes":""},"categories":[],"tags":[],"class_list":["post-29197","page","type-page","status-publish","hentry"],"yoast_head":"<!-- This site is optimized with the Yoast SEO Premium plugin v27.4 (Yoast SEO v27.4) - https:\/\/yoast.com\/product\/yoast-seo-premium-wordpress\/ -->\n<title>Opening a Business - City of Miami Beach<\/title>\n<meta name=\"description\" content=\"%\" \/>\n<meta name=\"robots\" content=\"index, follow, max-snippet:-1, max-image-preview:large, max-video-preview:-1\" \/>\n<link rel=\"canonical\" href=\"https:\/\/www.miamibeachfl.gov\/ht\/city-hall\/economic-development\/open-a-business\/\" \/>\n<meta property=\"og:locale\" content=\"ht_HT\" \/>\n<meta property=\"og:type\" content=\"article\" \/>\n<meta property=\"og:title\" content=\"Opening a Business\" \/>\n<meta property=\"og:description\" content=\"%\" \/>\n<meta property=\"og:url\" content=\"https:\/\/www.miamibeachfl.gov\/ht\/city-hall\/economic-development\/open-a-business\/\" \/>\n<meta property=\"og:site_name\" content=\"City of Miami Beach\" \/>\n<meta property=\"article:publisher\" content=\"https:\/\/www.facebook.com\/cityofmiamibeach\" \/>\n<meta property=\"article:modified_time\" content=\"2026-02-26T19:30:42+00:00\" \/>\n<meta property=\"og:image\" content=\"https:\/\/www.miamibeachfl.gov\/wp-content\/uploads\/2022\/07\/hero-small.jpg\" \/>\n<meta name=\"twitter:card\" content=\"summary_large_image\" \/>\n<meta name=\"twitter:site\" content=\"@Miamibeachnews\" \/>\n<script type=\"application\/ld+json\" class=\"yoast-schema-graph\">{\"@context\":\"https:\\\/\\\/schema.org\",\"@graph\":[{\"@type\":\"WebPage\",\"@id\":\"https:\\\/\\\/www.miamibeachfl.gov\\\/city-hall\\\/economic-development\\\/open-a-business\\\/\",\"url\":\"https:\\\/\\\/www.miamibeachfl.gov\\\/city-hall\\\/economic-development\\\/open-a-business\\\/\",\"name\":\"Opening a Business - City of Miami Beach\",\"isPartOf\":{\"@id\":\"https:\\\/\\\/www.miamibeachfl.gov\\\/#website\"},\"primaryImageOfPage\":{\"@id\":\"https:\\\/\\\/www.miamibeachfl.gov\\\/city-hall\\\/economic-development\\\/open-a-business\\\/#primaryimage\"},\"image\":{\"@id\":\"https:\\\/\\\/www.miamibeachfl.gov\\\/city-hall\\\/economic-development\\\/open-a-business\\\/#primaryimage\"},\"thumbnailUrl\":\"https:\\\/\\\/www.miamibeachfl.gov\\\/wp-content\\\/uploads\\\/2022\\\/07\\\/hero-small.jpg\",\"datePublished\":\"2017-08-11T00:12:52+00:00\",\"dateModified\":\"2026-02-26T19:30:42+00:00\",\"description\":\"%\",\"breadcrumb\":{\"@id\":\"https:\\\/\\\/www.miamibeachfl.gov\\\/city-hall\\\/economic-development\\\/open-a-business\\\/#breadcrumb\"},\"inLanguage\":\"ht\",\"potentialAction\":[{\"@type\":\"ReadAction\",\"target\":[\"https:\\\/\\\/www.miamibeachfl.gov\\\/city-hall\\\/economic-development\\\/open-a-business\\\/\"]}]},{\"@type\":\"ImageObject\",\"inLanguage\":\"ht\",\"@id\":\"https:\\\/\\\/www.miamibeachfl.gov\\\/city-hall\\\/economic-development\\\/open-a-business\\\/#primaryimage\",\"url\":\"https:\\\/\\\/www.miamibeachfl.gov\\\/wp-content\\\/uploads\\\/2022\\\/07\\\/hero-small.jpg\",\"contentUrl\":\"https:\\\/\\\/www.miamibeachfl.gov\\\/wp-content\\\/uploads\\\/2022\\\/07\\\/hero-small.jpg\"},{\"@type\":\"BreadcrumbList\",\"@id\":\"https:\\\/\\\/www.miamibeachfl.gov\\\/city-hall\\\/economic-development\\\/open-a-business\\\/#breadcrumb\",\"itemListElement\":[{\"@type\":\"ListItem\",\"position\":1,\"name\":\"Home\",\"item\":\"https:\\\/\\\/www.miamibeachfl.gov\\\/\"},{\"@type\":\"ListItem\",\"position\":2,\"name\":\"City Hall\",\"item\":\"https:\\\/\\\/www.miamibeachfl.gov\\\/city-hall\\\/\"},{\"@type\":\"ListItem\",\"position\":3,\"name\":\"Economic Development\",\"item\":\"https:\\\/\\\/www.miamibeachfl.gov\\\/city-hall\\\/economic-development\\\/\"},{\"@type\":\"ListItem\",\"position\":4,\"name\":\"Opening a Business\"}]},{\"@type\":\"WebSite\",\"@id\":\"https:\\\/\\\/www.miamibeachfl.gov\\\/#website\",\"url\":\"https:\\\/\\\/www.miamibeachfl.gov\\\/\",\"name\":\"City of Miami Beach\",\"description\":\"The official website of the City of Miami Beach. Stay informed, find important information on city services, news, alerts, events, trolley routes, government employment and more.\",\"publisher\":{\"@id\":\"https:\\\/\\\/www.miamibeachfl.gov\\\/#organization\"},\"potentialAction\":[{\"@type\":\"SearchAction\",\"target\":{\"@type\":\"EntryPoint\",\"urlTemplate\":\"https:\\\/\\\/www.miamibeachfl.gov\\\/?s={search_term_string}\"},\"query-input\":{\"@type\":\"PropertyValueSpecification\",\"valueRequired\":true,\"valueName\":\"search_term_string\"}}],\"inLanguage\":\"ht\"},{\"@type\":\"Organization\",\"@id\":\"https:\\\/\\\/www.miamibeachfl.gov\\\/#organization\",\"name\":\"City of Miami Beach\",\"url\":\"https:\\\/\\\/www.miamibeachfl.gov\\\/\",\"logo\":{\"@type\":\"ImageObject\",\"inLanguage\":\"ht\",\"@id\":\"https:\\\/\\\/www.miamibeachfl.gov\\\/#\\\/schema\\\/logo\\\/image\\\/\",\"url\":\"https:\\\/\\\/www.miamibeachfl.gov\\\/wp-content\\\/uploads\\\/2022\\\/06\\\/miamibeach-logoblue.png\",\"contentUrl\":\"https:\\\/\\\/www.miamibeachfl.gov\\\/wp-content\\\/uploads\\\/2022\\\/06\\\/miamibeach-logoblue.png\",\"width\":1962,\"height\":381,\"caption\":\"City of Miami Beach\"},\"image\":{\"@id\":\"https:\\\/\\\/www.miamibeachfl.gov\\\/#\\\/schema\\\/logo\\\/image\\\/\"},\"sameAs\":[\"https:\\\/\\\/www.facebook.com\\\/cityofmiamibeach\",\"https:\\\/\\\/x.com\\\/Miamibeachnews\",\"https:\\\/\\\/www.instagram.com\\\/miamibeachnews\\\/\"],\"description\":\"The official website of the City of Miami Beach. Stay informed, find important information on city services, news, alerts, events, trolley routes, government employment and more.\",\"telephone\":\"305.604.CITY(2489)\",\"legalName\":\"City of Miami Beach\"}]}<\/script>\n<!-- \/ Yoast SEO Premium plugin. -->","yoast_head_json":{"title":"Ouvri yon biznis - Vil Miami Beach","description":"%","robots":{"index":"index","follow":"follow","max-snippet":"max-snippet:-1","max-image-preview":"max-image-preview:large","max-video-preview":"max-video-preview:-1"},"canonical":"https:\/\/www.miamibeachfl.gov\/ht\/city-hall\/economic-development\/open-a-business\/","og_locale":"ht_HT","og_type":"article","og_title":"Opening a Business","og_description":"%","og_url":"https:\/\/www.miamibeachfl.gov\/ht\/city-hall\/economic-development\/open-a-business\/","og_site_name":"City of Miami Beach","article_publisher":"https:\/\/www.facebook.com\/cityofmiamibeach","article_modified_time":"2026-02-26T19:30:42+00:00","og_image":[{"url":"https:\/\/www.miamibeachfl.gov\/wp-content\/uploads\/2022\/07\/hero-small.jpg","type":"","width":"","height":""}],"twitter_card":"summary_large_image","twitter_site":"@Miamibeachnews","schema":{"@context":"https:\/\/schema.org","@graph":[{"@type":"WebPage","@id":"https:\/\/www.miamibeachfl.gov\/city-hall\/economic-development\/open-a-business\/","url":"https:\/\/www.miamibeachfl.gov\/city-hall\/economic-development\/open-a-business\/","name":"Ouvri yon biznis - Vil Miami Beach","isPartOf":{"@id":"https:\/\/www.miamibeachfl.gov\/#website"},"primaryImageOfPage":{"@id":"https:\/\/www.miamibeachfl.gov\/city-hall\/economic-development\/open-a-business\/#primaryimage"},"image":{"@id":"https:\/\/www.miamibeachfl.gov\/city-hall\/economic-development\/open-a-business\/#primaryimage"},"thumbnailUrl":"https:\/\/www.miamibeachfl.gov\/wp-content\/uploads\/2022\/07\/hero-small.jpg","datePublished":"2017-08-11T00:12:52+00:00","dateModified":"2026-02-26T19:30:42+00:00","description":"%","breadcrumb":{"@id":"https:\/\/www.miamibeachfl.gov\/city-hall\/economic-development\/open-a-business\/#breadcrumb"},"inLanguage":"ht","potentialAction":[{"@type":"ReadAction","target":["https:\/\/www.miamibeachfl.gov\/city-hall\/economic-development\/open-a-business\/"]}]},{"@type":"ImageObject","inLanguage":"ht","@id":"https:\/\/www.miamibeachfl.gov\/city-hall\/economic-development\/open-a-business\/#primaryimage","url":"https:\/\/www.miamibeachfl.gov\/wp-content\/uploads\/2022\/07\/hero-small.jpg","contentUrl":"https:\/\/www.miamibeachfl.gov\/wp-content\/uploads\/2022\/07\/hero-small.jpg"},{"@type":"BreadcrumbList","@id":"https:\/\/www.miamibeachfl.gov\/city-hall\/economic-development\/open-a-business\/#breadcrumb","itemListElement":[{"@type":"ListItem","position":1,"name":"Home","item":"https:\/\/www.miamibeachfl.gov\/"},{"@type":"ListItem","position":2,"name":"City Hall","item":"https:\/\/www.miamibeachfl.gov\/city-hall\/"},{"@type":"ListItem","position":3,"name":"Economic Development","item":"https:\/\/www.miamibeachfl.gov\/city-hall\/economic-development\/"},{"@type":"ListItem","position":4,"name":"Opening a Business"}]},{"@type":"WebSite","@id":"https:\/\/www.miamibeachfl.gov\/#website","url":"https:\/\/www.miamibeachfl.gov\/","name":"Vil Miami Beach","description":"Sitw\u00e8b ofisy\u00e8l Vil Miami Beach la. Rete enf\u00f2me, jwenn enf\u00f2masyon enp\u00f2tan sou s\u00e8vis vil la, nouv\u00e8l, al\u00e8t, ev\u00e8nman, wout tramway, travay gouv\u00e8nman an ak plis ank\u00f2.","publisher":{"@id":"https:\/\/www.miamibeachfl.gov\/#organization"},"potentialAction":[{"@type":"SearchAction","target":{"@type":"EntryPoint","urlTemplate":"https:\/\/www.miamibeachfl.gov\/?s={search_term_string}"},"query-input":{"@type":"PropertyValueSpecification","valueRequired":true,"valueName":"search_term_string"}}],"inLanguage":"ht"},{"@type":"Organization","@id":"https:\/\/www.miamibeachfl.gov\/#organization","name":"Vil Miami Beach","url":"https:\/\/www.miamibeachfl.gov\/","logo":{"@type":"ImageObject","inLanguage":"ht","@id":"https:\/\/www.miamibeachfl.gov\/#\/schema\/logo\/image\/","url":"https:\/\/www.miamibeachfl.gov\/wp-content\/uploads\/2022\/06\/miamibeach-logoblue.png","contentUrl":"https:\/\/www.miamibeachfl.gov\/wp-content\/uploads\/2022\/06\/miamibeach-logoblue.png","width":1962,"height":381,"caption":"City of Miami Beach"},"image":{"@id":"https:\/\/www.miamibeachfl.gov\/#\/schema\/logo\/image\/"},"sameAs":["https:\/\/www.facebook.com\/cityofmiamibeach","https:\/\/x.com\/Miamibeachnews","https:\/\/www.instagram.com\/miamibeachnews\/"],"description":"Sitw\u00e8b ofisy\u00e8l Vil Miami Beach la. Rete enf\u00f2me, jwenn enf\u00f2masyon enp\u00f2tan sou s\u00e8vis vil la, nouv\u00e8l, al\u00e8t, ev\u00e8nman, wout tramway, travay gouv\u00e8nman an ak plis ank\u00f2.","telephone":"305.604.CITY(2489)","legalName":"City of Miami Beach"}]}},"_links":{"self":[{"href":"https:\/\/www.miamibeachfl.gov\/ht\/wp-json\/wp\/v2\/pages\/29197","targetHints":{"allow":["GET"]}}],"collection":[{"href":"https:\/\/www.miamibeachfl.gov\/ht\/wp-json\/wp\/v2\/pages"}],"about":[{"href":"https:\/\/www.miamibeachfl.gov\/ht\/wp-json\/wp\/v2\/types\/page"}],"author":[{"embeddable":true,"href":"https:\/\/www.miamibeachfl.gov\/ht\/wp-json\/wp\/v2\/users\/222"}],"replies":[{"embeddable":true,"href":"https:\/\/www.miamibeachfl.gov\/ht\/wp-json\/wp\/v2\/comments?post=29197"}],"version-history":[{"count":3,"href":"https:\/\/www.miamibeachfl.gov\/ht\/wp-json\/wp\/v2\/pages\/29197\/revisions"}],"predecessor-version":[{"id":396812,"href":"https:\/\/www.miamibeachfl.gov\/ht\/wp-json\/wp\/v2\/pages\/29197\/revisions\/396812"}],"up":[{"embeddable":true,"href":"https:\/\/www.miamibeachfl.gov\/ht\/wp-json\/wp\/v2\/pages\/29187"}],"wp:attachment":[{"href":"https:\/\/www.miamibeachfl.gov\/ht\/wp-json\/wp\/v2\/media?parent=29197"}],"wp:term":[{"taxonomy":"category","embeddable":true,"href":"https:\/\/www.miamibeachfl.gov\/ht\/wp-json\/wp\/v2\/categories?post=29197"},{"taxonomy":"post_tag","embeddable":true,"href":"https:\/\/www.miamibeachfl.gov\/ht\/wp-json\/wp\/v2\/tags?post=29197"}],"curies":[{"name":"wp","href":"https:\/\/api.w.org\/{rel}","templated":true}]}}