{"id":29255,"date":"2017-08-11T00:13:27","date_gmt":"2017-08-11T00:13:27","guid":{"rendered":"http:\/\/www.miamibeachfl.gov\/residents\/major-events-plan-mep-resident-information\/mep-what-is-it\/"},"modified":"2026-02-06T11:00:30","modified_gmt":"2026-02-06T16:00:30","slug":"mep-what-is-it","status":"publish","type":"page","link":"https:\/\/www.miamibeachfl.gov\/ht\/residents\/community-events-and-perks\/mep-what-is-it\/","title":{"rendered":"Plan Gwo Ev\u00e8nman yo"},"content":{"rendered":"<h1>\n\t\t\tKi sa ki yon Plan pou Gwo Ev\u00e8nman?\t<\/h1>\nMeni Rezidan yo\t\t\t\n\t\t\t\t\t<ul id=\"menu-residents\"><li id=\"menu-item-258178\"><a href=\"\/ht\/residents\/\">Rezidan yo<\/a><\/li>\n<li id=\"menu-item-259185\"><a href=\"\/ht\/neighborhood-associations\/\">Asosyasyon Katye ak Kondominy\u00f2m<\/a><\/li>\n<li id=\"menu-item-258180\"><a href=\"\/ht\/residents\/neighborhood-affairs-division\/\">Af\u00e8 Katye yo<\/a><\/li>\n<li id=\"menu-item-258181\"><a href=\"\/ht\/community-events-and-perks\/\">Avantaj ak Rab\u00e8<\/a><\/li>\n<li id=\"menu-item-258182\"><a href=\"\/ht\/animal-control\/\">Swen ak Kontw\u00f2l Animal<\/a><\/li>\n<li id=\"menu-item-258183\"><a href=\"\/ht\/city-hall\/cip\/active-projects\/\">Pwoj\u00e8 Aktif yo<\/a><\/li>\n<li id=\"menu-item-281156\"><a href=\"\/ht\/engagementtoolbox\/\">Rete Konekte<\/a><\/li>\n<\/ul>\t\nMeni Rezidans \u00d7\t\t\t\t\t\t<ul id=\"menu-residents-1\"><li id=\"menu-item-258178\"><a href=\"\/ht\/residents\/\">Rezidan yo<\/a><\/li>\n<li id=\"menu-item-259185\"><a href=\"\/ht\/neighborhood-associations\/\">Asosyasyon Katye ak Kondominy\u00f2m<\/a><\/li>\n<li id=\"menu-item-258180\"><a href=\"\/ht\/residents\/neighborhood-affairs-division\/\">Af\u00e8 Katye yo<\/a><\/li>\n<li id=\"menu-item-258181\"><a href=\"\/ht\/community-events-and-perks\/\">Avantaj ak Rab\u00e8<\/a><\/li>\n<li id=\"menu-item-258182\"><a href=\"\/ht\/animal-control\/\">Swen ak Kontw\u00f2l Animal<\/a><\/li>\n<li id=\"menu-item-258183\"><a href=\"\/ht\/city-hall\/cip\/active-projects\/\">Pwoj\u00e8 Aktif yo<\/a><\/li>\n<li id=\"menu-item-281156\"><a href=\"\/ht\/engagementtoolbox\/\">Rete Konekte<\/a><\/li>\n<\/ul>\t\t\t\t\n\t<p>Miami Beach kontinye f\u00e8 pati lis destinasyon ki pi popil\u00e8 atrav\u00e8 lemond yo. Vizit\u00e8 yo atire pa sy\u00e8l ble vil nou an, sab blan li yo, ak tout sa ki gen pou f\u00e8 pandan tout ane a. Pandan ke gen vizit\u00e8 ki vini pou pran vakans, gen l\u00f2t ki vini pou patisipe nan plizy\u00e8 ev\u00e8nman ki dewoule nan vil la.<\/p>\n<p>L\u00e8 gwo ev\u00e8nman tankou Miami International Boat Show, Super Bowl, South Beach Wine and Food Festival, ak Art Basel Miami Beach rive nan vil la, Vil la ap travay av\u00e8k \u00f2ganizat\u00e8 ev\u00e8nman yo pou adrese enpak ev\u00e8nman sa yo ka genyen sou Vil nou an \u2013 soti nan trafik rive nan fatra. Ev\u00e8nman sa yo responsab pou peye pou amelyorasyon p\u00e8son\u00e8l ak s\u00e8vis ki neses\u00e8 pou asire ke vil la pwoteje epi pw\u00f2p.<\/p>\n<p>Sepandan, gen pery\u00f2d kote pa gen okenn ev\u00e8nman \u00f2ganize ki toujou atire anpil foul moun epi ki gen yon enpak pi gwo toujou sou vil la \u2013 tankou vakans prentan ak wikenn Memorial Day. Pou rezon sa a, Vil la te devlope pwosesis Miami Beach Major Events Plan (MEP), ki p\u00e8m\u00e8t kow\u00f2dinasyon ak kominikasyon ant div\u00e8s depatman vil la, ajans ekst\u00e8n, nayklib, ot\u00e8l, ak rezidan yo, ansanm ak vizit\u00e8 yo.<\/p>\n<p>Yon rezidan mway\u00e8n ka pa konnen ke yo aplike yon MEP anviwon uit a dis fwa pa ane. MEP pou Salon Bato a, Nouv\u00e8l Ane a, ak wikenn Jou Memoryal la, pami l\u00f2t bagay, ede Vil la prepare, epi chak fwa sa posib diminye, enpak ev\u00e8nman sa yo nan vil la. Anplwaye depatmantal yo ak plan s\u00e8vis yo diferan pou chak aplikasyon MEP selon bezwen an.<\/p>","protected":false},"excerpt":{"rendered":"<p>What is a Major Events Plan? Residents Menu Residents Neighborhood &#038; Condo Associations Neighborhood Affairs Perks &#038; Discounts Animal Care [&hellip;]<\/p>\n","protected":false},"author":222,"featured_media":0,"parent":41460,"menu_order":0,"comment_status":"closed","ping_status":"closed","template":"","meta":{"_searchwp_excluded":"","site-sidebar-layout":"default","site-content-layout":"","ast-site-content-layout":"default","site-content-style":"default","site-sidebar-style":"default","ast-global-header-display":"","ast-banner-title-visibility":"","ast-main-header-display":"","ast-hfb-above-header-display":"","ast-hfb-below-header-display":"","ast-hfb-mobile-header-display":"","site-post-title":"","ast-breadcrumbs-content":"","ast-featured-img":"","footer-sml-layout":"","theme-transparent-header-meta":"","adv-header-id-meta":"","stick-header-meta":"","header-above-stick-meta":"","header-main-stick-meta":"","header-below-stick-meta":"","astra-migrate-meta-layouts":"default","ast-page-background-enabled":"default","ast-page-background-meta":{"desktop":{"background-color":"var(--ast-global-color-5)","background-image":"","background-repeat":"repeat","background-position":"center center","background-size":"auto","background-attachment":"scroll","background-type":"","background-media":"","overlay-type":"","overlay-color":"","overlay-opacity":"","overlay-gradient":""},"tablet":{"background-color":"","background-image":"","background-repeat":"repeat","background-position":"center center","background-size":"auto","background-attachment":"scroll","background-type":"","background-media":"","overlay-type":"","overlay-color":"","overlay-opacity":"","overlay-gradient":""},"mobile":{"background-color":"","background-image":"","background-repeat":"repeat","background-position":"center center","background-size":"auto","background-attachment":"scroll","background-type":"","background-media":"","overlay-type":"","overlay-color":"","overlay-opacity":"","overlay-gradient":""}},"ast-content-background-meta":{"desktop":{"background-color":"var(--ast-global-color-4)","background-image":"","background-repeat":"repeat","background-position":"center center","background-size":"auto","background-attachment":"scroll","background-type":"","background-media":"","overlay-type":"","overlay-color":"","overlay-opacity":"","overlay-gradient":""},"tablet":{"background-color":"var(--ast-global-color-4)","background-image":"","background-repeat":"repeat","background-position":"center center","background-size":"auto","background-attachment":"scroll","background-type":"","background-media":"","overlay-type":"","overlay-color":"","overlay-opacity":"","overlay-gradient":""},"mobile":{"background-color":"var(--ast-global-color-4)","background-image":"","background-repeat":"repeat","background-position":"center center","background-size":"auto","background-attachment":"scroll","background-type":"","background-media":"","overlay-type":"","overlay-color":"","overlay-opacity":"","overlay-gradient":""}},"footnotes":""},"categories":[],"tags":[],"class_list":["post-29255","page","type-page","status-publish","hentry"],"yoast_head":"<!-- This site is optimized with the Yoast SEO Premium plugin v27.4 (Yoast SEO v27.4) - https:\/\/yoast.com\/product\/yoast-seo-premium-wordpress\/ -->\n<title>Major Events Plan - City of Miami Beach<\/title>\n<meta name=\"description\" content=\"%\" \/>\n<meta name=\"robots\" content=\"index, follow, max-snippet:-1, max-image-preview:large, max-video-preview:-1\" \/>\n<link rel=\"canonical\" href=\"https:\/\/www.miamibeachfl.gov\/ht\/residents\/community-events-and-perks\/mep-what-is-it\/\" \/>\n<meta property=\"og:locale\" content=\"ht_HT\" \/>\n<meta property=\"og:type\" content=\"article\" \/>\n<meta property=\"og:title\" content=\"Major Events Plan\" \/>\n<meta property=\"og:description\" content=\"%\" \/>\n<meta property=\"og:url\" content=\"https:\/\/www.miamibeachfl.gov\/ht\/residents\/community-events-and-perks\/mep-what-is-it\/\" \/>\n<meta property=\"og:site_name\" content=\"City of Miami Beach\" \/>\n<meta property=\"article:publisher\" content=\"https:\/\/www.facebook.com\/cityofmiamibeach\" \/>\n<meta property=\"article:modified_time\" content=\"2026-02-06T16:00:30+00:00\" \/>\n<meta property=\"og:image\" content=\"https:\/\/www.miamibeachfl.gov\/wp-content\/uploads\/2024\/01\/1000pxSquare-miamibeach-aerial-southpointview.jpeg\" \/>\n\t<meta property=\"og:image:width\" content=\"1000\" \/>\n\t<meta property=\"og:image:height\" content=\"1000\" \/>\n\t<meta property=\"og:image:type\" content=\"image\/jpeg\" \/>\n<meta name=\"twitter:card\" content=\"summary_large_image\" \/>\n<meta name=\"twitter:site\" content=\"@Miamibeachnews\" \/>\n<script type=\"application\/ld+json\" class=\"yoast-schema-graph\">{\"@context\":\"https:\\\/\\\/schema.org\",\"@graph\":[{\"@type\":\"WebPage\",\"@id\":\"https:\\\/\\\/www.miamibeachfl.gov\\\/residents\\\/community-events-and-perks\\\/mep-what-is-it\\\/\",\"url\":\"https:\\\/\\\/www.miamibeachfl.gov\\\/residents\\\/community-events-and-perks\\\/mep-what-is-it\\\/\",\"name\":\"Major Events Plan - City of Miami Beach\",\"isPartOf\":{\"@id\":\"https:\\\/\\\/www.miamibeachfl.gov\\\/#website\"},\"datePublished\":\"2017-08-11T00:13:27+00:00\",\"dateModified\":\"2026-02-06T16:00:30+00:00\",\"description\":\"%\",\"breadcrumb\":{\"@id\":\"https:\\\/\\\/www.miamibeachfl.gov\\\/residents\\\/community-events-and-perks\\\/mep-what-is-it\\\/#breadcrumb\"},\"inLanguage\":\"ht\",\"potentialAction\":[{\"@type\":\"ReadAction\",\"target\":[\"https:\\\/\\\/www.miamibeachfl.gov\\\/residents\\\/community-events-and-perks\\\/mep-what-is-it\\\/\"]}]},{\"@type\":\"BreadcrumbList\",\"@id\":\"https:\\\/\\\/www.miamibeachfl.gov\\\/residents\\\/community-events-and-perks\\\/mep-what-is-it\\\/#breadcrumb\",\"itemListElement\":[{\"@type\":\"ListItem\",\"position\":1,\"name\":\"Home\",\"item\":\"https:\\\/\\\/www.miamibeachfl.gov\\\/\"},{\"@type\":\"ListItem\",\"position\":2,\"name\":\"Residents\",\"item\":\"https:\\\/\\\/www.miamibeachfl.gov\\\/residents\\\/\"},{\"@type\":\"ListItem\",\"position\":3,\"name\":\"Community Events and Perks\",\"item\":\"https:\\\/\\\/www.miamibeachfl.gov\\\/residents\\\/community-events-and-perks\\\/\"},{\"@type\":\"ListItem\",\"position\":4,\"name\":\"Major Events Plan\"}]},{\"@type\":\"WebSite\",\"@id\":\"https:\\\/\\\/www.miamibeachfl.gov\\\/#website\",\"url\":\"https:\\\/\\\/www.miamibeachfl.gov\\\/\",\"name\":\"City of Miami Beach\",\"description\":\"The official website of the City of Miami Beach. Stay informed, find important information on city services, news, alerts, events, trolley routes, government employment and more.\",\"publisher\":{\"@id\":\"https:\\\/\\\/www.miamibeachfl.gov\\\/#organization\"},\"potentialAction\":[{\"@type\":\"SearchAction\",\"target\":{\"@type\":\"EntryPoint\",\"urlTemplate\":\"https:\\\/\\\/www.miamibeachfl.gov\\\/?s={search_term_string}\"},\"query-input\":{\"@type\":\"PropertyValueSpecification\",\"valueRequired\":true,\"valueName\":\"search_term_string\"}}],\"inLanguage\":\"ht\"},{\"@type\":\"Organization\",\"@id\":\"https:\\\/\\\/www.miamibeachfl.gov\\\/#organization\",\"name\":\"City of Miami Beach\",\"url\":\"https:\\\/\\\/www.miamibeachfl.gov\\\/\",\"logo\":{\"@type\":\"ImageObject\",\"inLanguage\":\"ht\",\"@id\":\"https:\\\/\\\/www.miamibeachfl.gov\\\/#\\\/schema\\\/logo\\\/image\\\/\",\"url\":\"https:\\\/\\\/www.miamibeachfl.gov\\\/wp-content\\\/uploads\\\/2022\\\/06\\\/miamibeach-logoblue.png\",\"contentUrl\":\"https:\\\/\\\/www.miamibeachfl.gov\\\/wp-content\\\/uploads\\\/2022\\\/06\\\/miamibeach-logoblue.png\",\"width\":1962,\"height\":381,\"caption\":\"City of Miami Beach\"},\"image\":{\"@id\":\"https:\\\/\\\/www.miamibeachfl.gov\\\/#\\\/schema\\\/logo\\\/image\\\/\"},\"sameAs\":[\"https:\\\/\\\/www.facebook.com\\\/cityofmiamibeach\",\"https:\\\/\\\/x.com\\\/Miamibeachnews\",\"https:\\\/\\\/www.instagram.com\\\/miamibeachnews\\\/\"],\"description\":\"The official website of the City of Miami Beach. Stay informed, find important information on city services, news, alerts, events, trolley routes, government employment and more.\",\"telephone\":\"305.604.CITY(2489)\",\"legalName\":\"City of Miami Beach\"}]}<\/script>\n<!-- \/ Yoast SEO Premium plugin. -->","yoast_head_json":{"title":"Plan Gwo Ev\u00e8nman - Vil Miami Beach","description":"%","robots":{"index":"index","follow":"follow","max-snippet":"max-snippet:-1","max-image-preview":"max-image-preview:large","max-video-preview":"max-video-preview:-1"},"canonical":"https:\/\/www.miamibeachfl.gov\/ht\/residents\/community-events-and-perks\/mep-what-is-it\/","og_locale":"ht_HT","og_type":"article","og_title":"Major Events Plan","og_description":"%","og_url":"https:\/\/www.miamibeachfl.gov\/ht\/residents\/community-events-and-perks\/mep-what-is-it\/","og_site_name":"City of Miami Beach","article_publisher":"https:\/\/www.facebook.com\/cityofmiamibeach","article_modified_time":"2026-02-06T16:00:30+00:00","og_image":[{"width":1000,"height":1000,"url":"https:\/\/www.miamibeachfl.gov\/wp-content\/uploads\/2024\/01\/1000pxSquare-miamibeach-aerial-southpointview.jpeg","type":"image\/jpeg"}],"twitter_card":"summary_large_image","twitter_site":"@Miamibeachnews","schema":{"@context":"https:\/\/schema.org","@graph":[{"@type":"WebPage","@id":"https:\/\/www.miamibeachfl.gov\/residents\/community-events-and-perks\/mep-what-is-it\/","url":"https:\/\/www.miamibeachfl.gov\/residents\/community-events-and-perks\/mep-what-is-it\/","name":"Plan Gwo Ev\u00e8nman - Vil Miami Beach","isPartOf":{"@id":"https:\/\/www.miamibeachfl.gov\/#website"},"datePublished":"2017-08-11T00:13:27+00:00","dateModified":"2026-02-06T16:00:30+00:00","description":"%","breadcrumb":{"@id":"https:\/\/www.miamibeachfl.gov\/residents\/community-events-and-perks\/mep-what-is-it\/#breadcrumb"},"inLanguage":"ht","potentialAction":[{"@type":"ReadAction","target":["https:\/\/www.miamibeachfl.gov\/residents\/community-events-and-perks\/mep-what-is-it\/"]}]},{"@type":"BreadcrumbList","@id":"https:\/\/www.miamibeachfl.gov\/residents\/community-events-and-perks\/mep-what-is-it\/#breadcrumb","itemListElement":[{"@type":"ListItem","position":1,"name":"Home","item":"https:\/\/www.miamibeachfl.gov\/"},{"@type":"ListItem","position":2,"name":"Residents","item":"https:\/\/www.miamibeachfl.gov\/residents\/"},{"@type":"ListItem","position":3,"name":"Community Events and Perks","item":"https:\/\/www.miamibeachfl.gov\/residents\/community-events-and-perks\/"},{"@type":"ListItem","position":4,"name":"Major Events Plan"}]},{"@type":"WebSite","@id":"https:\/\/www.miamibeachfl.gov\/#website","url":"https:\/\/www.miamibeachfl.gov\/","name":"Vil Miami Beach","description":"Sitw\u00e8b ofisy\u00e8l Vil Miami Beach la. Rete enf\u00f2me, jwenn enf\u00f2masyon enp\u00f2tan sou s\u00e8vis vil la, nouv\u00e8l, al\u00e8t, ev\u00e8nman, wout tramway, travay gouv\u00e8nman an ak plis ank\u00f2.","publisher":{"@id":"https:\/\/www.miamibeachfl.gov\/#organization"},"potentialAction":[{"@type":"SearchAction","target":{"@type":"EntryPoint","urlTemplate":"https:\/\/www.miamibeachfl.gov\/?s={search_term_string}"},"query-input":{"@type":"PropertyValueSpecification","valueRequired":true,"valueName":"search_term_string"}}],"inLanguage":"ht"},{"@type":"Organization","@id":"https:\/\/www.miamibeachfl.gov\/#organization","name":"Vil Miami Beach","url":"https:\/\/www.miamibeachfl.gov\/","logo":{"@type":"ImageObject","inLanguage":"ht","@id":"https:\/\/www.miamibeachfl.gov\/#\/schema\/logo\/image\/","url":"https:\/\/www.miamibeachfl.gov\/wp-content\/uploads\/2022\/06\/miamibeach-logoblue.png","contentUrl":"https:\/\/www.miamibeachfl.gov\/wp-content\/uploads\/2022\/06\/miamibeach-logoblue.png","width":1962,"height":381,"caption":"City of Miami Beach"},"image":{"@id":"https:\/\/www.miamibeachfl.gov\/#\/schema\/logo\/image\/"},"sameAs":["https:\/\/www.facebook.com\/cityofmiamibeach","https:\/\/x.com\/Miamibeachnews","https:\/\/www.instagram.com\/miamibeachnews\/"],"description":"Sitw\u00e8b ofisy\u00e8l Vil Miami Beach la. Rete enf\u00f2me, jwenn enf\u00f2masyon enp\u00f2tan sou s\u00e8vis vil la, nouv\u00e8l, al\u00e8t, ev\u00e8nman, wout tramway, travay gouv\u00e8nman an ak plis ank\u00f2.","telephone":"305.604.CITY(2489)","legalName":"City of Miami Beach"}]}},"_links":{"self":[{"href":"https:\/\/www.miamibeachfl.gov\/ht\/wp-json\/wp\/v2\/pages\/29255","targetHints":{"allow":["GET"]}}],"collection":[{"href":"https:\/\/www.miamibeachfl.gov\/ht\/wp-json\/wp\/v2\/pages"}],"about":[{"href":"https:\/\/www.miamibeachfl.gov\/ht\/wp-json\/wp\/v2\/types\/page"}],"author":[{"embeddable":true,"href":"https:\/\/www.miamibeachfl.gov\/ht\/wp-json\/wp\/v2\/users\/222"}],"replies":[{"embeddable":true,"href":"https:\/\/www.miamibeachfl.gov\/ht\/wp-json\/wp\/v2\/comments?post=29255"}],"version-history":[{"count":2,"href":"https:\/\/www.miamibeachfl.gov\/ht\/wp-json\/wp\/v2\/pages\/29255\/revisions"}],"predecessor-version":[{"id":396182,"href":"https:\/\/www.miamibeachfl.gov\/ht\/wp-json\/wp\/v2\/pages\/29255\/revisions\/396182"}],"up":[{"embeddable":true,"href":"https:\/\/www.miamibeachfl.gov\/ht\/wp-json\/wp\/v2\/pages\/41460"}],"wp:attachment":[{"href":"https:\/\/www.miamibeachfl.gov\/ht\/wp-json\/wp\/v2\/media?parent=29255"}],"wp:term":[{"taxonomy":"category","embeddable":true,"href":"https:\/\/www.miamibeachfl.gov\/ht\/wp-json\/wp\/v2\/categories?post=29255"},{"taxonomy":"post_tag","embeddable":true,"href":"https:\/\/www.miamibeachfl.gov\/ht\/wp-json\/wp\/v2\/tags?post=29255"}],"curies":[{"name":"wp","href":"https:\/\/api.w.org\/{rel}","templated":true}]}}