{"id":295052,"date":"2024-04-01T15:28:53","date_gmt":"2024-04-01T19:28:53","guid":{"rendered":"https:\/\/www.miamibeachfl.gov\/?page_id=295052"},"modified":"2025-05-25T15:48:02","modified_gmt":"2025-05-25T19:48:02","slug":"live-local-act-inventory-list","status":"publish","type":"page","link":"https:\/\/www.miamibeachfl.gov\/ht\/city-hall\/housing-and-community-development\/housing-and-community\/community-development\/live-local-act-inventory-list\/","title":{"rendered":"Lis Envant\u00e8 Lwa Lokal An Dir\u00e8k"},"content":{"rendered":"<h2>\n\t\t\tLis Envant\u00e8 Lwa Lokal An Dir\u00e8k\t<\/h2>\nLojman ak Kominote\t\t\t\n\t\t\t\t\t<ul id=\"menu-housing-and-community-services\"><li id=\"menu-item-273929\"><a href=\"\/ht\/city-hall\/housing-and-community-development\/\">Kay H &amp; C<\/a><\/li>\n<li id=\"menu-item-273934\" aria-haspopup=\"true\"><a aria-expanded=\"false\" href=\"\/ht\/city-hall\/housing-and-community-development\/housing-and-community\/\">Lojman ak Kominote<\/a>\n<ul>\n\t<li id=\"menu-item-273935\" aria-haspopup=\"true\"><a aria-expanded=\"false\" href=\"\/ht\/city-hall\/housing-and-community-development\/housing-and-community\/community-development\/\">Devlopman Kominot\u00e8<\/a>\n\t<ul>\n\t\t<li id=\"menu-item-295056\"><a href=\"\/ht\/city-hall\/housing-and-community-development\/housing-and-community\/community-development\/live-local-act-inventory-list\/\">Lis Envant\u00e8 Lwa Lokal An Dir\u00e8k<\/a><\/li>\n\t<\/ul>\n<\/li>\n\t<li id=\"menu-item-273936\" aria-haspopup=\"true\"><a aria-expanded=\"false\" href=\"\/ht\/city-hall\/housing-and-community-development\/housing-and-community\/\/housing-services\/\">S\u00e8vis Lojman<\/a>\n\t<ul>\n\t\t<li id=\"menu-item-275063\"><a href=\"\/ht\/city-hall\/housing-and-community-development\/housing-and-community\/housing-services\/firsttimehomebuyer\/\">Moun k ap achte kay pou premye fwa<\/a><\/li>\n\t\t<li id=\"menu-item-275064\"><a href=\"\/ht\/city-hall\/housing-and-community-development\/housing-and-community\/housing-services\/ship\/\">BATO<\/a><\/li>\n\t\t<li id=\"menu-item-275065\"><a href=\"\/ht\/city-hall\/housing-and-community-development\/housing-and-community\/housing-services\/fairhousing\/\">Lojman Jis<\/a><\/li>\n\t\t<li id=\"menu-item-335207\"><a href=\"\/ht\/city-hall\/housing-and-community-development\/housing-and-community\/housing-services\/housing-program\/\">Pwogram Ranbousman Fr\u00e8 Aplikasyon Lwaye<\/a><\/li>\n\t<\/ul>\n<\/li>\n<\/ul>\n<\/li>\n<li id=\"menu-item-273937\"><a href=\"\/ht\/city-hall\/housing-and-community-development\/residential-housing\/\">Lojman Rezidansy\u00e8l<\/a><\/li>\n<li id=\"menu-item-273933\"><a href=\"\/ht\/city-hall\/housing-and-community-development\/homeless-outreach\/\">Asistans pou moun ki san kay<\/a><\/li>\n<li id=\"menu-item-273930\" aria-haspopup=\"true\"><a aria-expanded=\"false\" href=\"\/ht\/city-hall\/housing-and-community-development\/community-services\/\">S\u00e8vis Kominot\u00e8 yo<\/a>\n<ul>\n\t<li id=\"menu-item-273931\" aria-haspopup=\"true\"><a aria-expanded=\"false\" href=\"\/ht\/city-hall\/housing-and-community-development\/community-services\/elder-services\/\">S\u00e8vis pou Granmoun Aje yo<\/a>\n\t<ul>\n\t\t<li id=\"menu-item-279801\"><a href=\"\/ht\/city-hall\/housing-and-community-development\/community-services\/elder-services\/senior-centers\/\">Sant pou Granmoun Aje yo<\/a><\/li>\n\t<\/ul>\n<\/li>\n\t<li id=\"menu-item-273932\"><a href=\"\/ht\/city-hall\/housing-and-community-development\/community-services\/youth-services\/\">S\u00e8vis pou J\u00e8n yo<\/a><\/li>\n\t<li id=\"menu-item-274595\"><a href=\"\/ht\/city-hall\/housing-and-community-development\/community-services\/#communityserviceslocations\">Kote yo<\/a><\/li>\n<\/ul>\n<\/li>\n<\/ul>\t\nLojman ak Kominote \u00d7\t\t\t\t\t\t<ul id=\"menu-housing-and-community-services-1\"><li id=\"menu-item-273929\"><a href=\"\/ht\/city-hall\/housing-and-community-development\/\">Kay H &amp; C<\/a><\/li>\n<li id=\"menu-item-273934\" aria-haspopup=\"true\"><a aria-expanded=\"false\" href=\"\/ht\/city-hall\/housing-and-community-development\/housing-and-community\/\">Lojman ak Kominote<\/a>\n<ul>\n\t<li id=\"menu-item-273935\" aria-haspopup=\"true\"><a aria-expanded=\"false\" href=\"\/ht\/city-hall\/housing-and-community-development\/housing-and-community\/community-development\/\">Devlopman Kominot\u00e8<\/a>\n\t<ul>\n\t\t<li id=\"menu-item-295056\"><a href=\"\/ht\/city-hall\/housing-and-community-development\/housing-and-community\/community-development\/live-local-act-inventory-list\/\">Lis Envant\u00e8 Lwa Lokal An Dir\u00e8k<\/a><\/li>\n\t<\/ul>\n<\/li>\n\t<li id=\"menu-item-273936\" aria-haspopup=\"true\"><a aria-expanded=\"false\" href=\"\/ht\/city-hall\/housing-and-community-development\/housing-and-community\/\/housing-services\/\">S\u00e8vis Lojman<\/a>\n\t<ul>\n\t\t<li id=\"menu-item-275063\"><a href=\"\/ht\/city-hall\/housing-and-community-development\/housing-and-community\/housing-services\/firsttimehomebuyer\/\">Moun k ap achte kay pou premye fwa<\/a><\/li>\n\t\t<li id=\"menu-item-275064\"><a href=\"\/ht\/city-hall\/housing-and-community-development\/housing-and-community\/housing-services\/ship\/\">BATO<\/a><\/li>\n\t\t<li id=\"menu-item-275065\"><a href=\"\/ht\/city-hall\/housing-and-community-development\/housing-and-community\/housing-services\/fairhousing\/\">Lojman Jis<\/a><\/li>\n\t\t<li id=\"menu-item-335207\"><a href=\"\/ht\/city-hall\/housing-and-community-development\/housing-and-community\/housing-services\/housing-program\/\">Pwogram Ranbousman Fr\u00e8 Aplikasyon Lwaye<\/a><\/li>\n\t<\/ul>\n<\/li>\n<\/ul>\n<\/li>\n<li id=\"menu-item-273937\"><a href=\"\/ht\/city-hall\/housing-and-community-development\/residential-housing\/\">Lojman Rezidansy\u00e8l<\/a><\/li>\n<li id=\"menu-item-273933\"><a href=\"\/ht\/city-hall\/housing-and-community-development\/homeless-outreach\/\">Asistans pou moun ki san kay<\/a><\/li>\n<li id=\"menu-item-273930\" aria-haspopup=\"true\"><a aria-expanded=\"false\" href=\"\/ht\/city-hall\/housing-and-community-development\/community-services\/\">S\u00e8vis Kominot\u00e8 yo<\/a>\n<ul>\n\t<li id=\"menu-item-273931\" aria-haspopup=\"true\"><a aria-expanded=\"false\" href=\"\/ht\/city-hall\/housing-and-community-development\/community-services\/elder-services\/\">S\u00e8vis pou Granmoun Aje yo<\/a>\n\t<ul>\n\t\t<li id=\"menu-item-279801\"><a href=\"\/ht\/city-hall\/housing-and-community-development\/community-services\/elder-services\/senior-centers\/\">Sant pou Granmoun Aje yo<\/a><\/li>\n\t<\/ul>\n<\/li>\n\t<li id=\"menu-item-273932\"><a href=\"\/ht\/city-hall\/housing-and-community-development\/community-services\/youth-services\/\">S\u00e8vis pou J\u00e8n yo<\/a><\/li>\n\t<li id=\"menu-item-274595\"><a href=\"\/ht\/city-hall\/housing-and-community-development\/community-services\/#communityserviceslocations\">Kote yo<\/a><\/li>\n<\/ul>\n<\/li>\n<\/ul>\t\t\t\t\n\t<p>An ak\u00f2 av\u00e8k Lwa Florid yo <a href=\"http:\/\/www.leg.state.fl.us\/statutes\/index.cfm?App_mode=Display_Statute&amp;Search_String=&amp;URL=0100-0199\/0166\/Sections\/0166.0451.html\">166.0451<\/a>, anba a se yon lis t\u00e8 ki pou Vil Miami Beach, ke Biwo Lojman ak S\u00e8vis Kominot\u00e8 Vil la jere, ki ka potansy\u00e8lman devlope pou itilize k\u00f2m lojman ab\u00f2dab. Pou rezon Lwa yo site yo, t\u00e8m &quot;ab\u00f2dab&quot; la gen menm siyifikasyon ak sa ki nan Lwa Florid Chap. 420.0004(3). Tanpri note ke transf\u00e8 oswa vant nenp\u00f2t, ak tout, t\u00e8 ki nan lis isit la se nan diskresyon s\u00e8l Majistra Vil Miami Beach ak Komisyon an. <i>Av\u00e8tisman: Gen k\u00e8k nan lo ki nan lis sa a ki ka gen restriksyon ak\u00f2z sous finansman orijinal yo.<\/i><\/p>\n<ul>\n<li>Apatman Barclay Plaza, 1940 Park Avenue, Miami Beach, FL 33141<\/li>\n<\/ul>\n\t\t\t\t<img decoding=\"async\" src=\"https:\/\/www.miamibeachfl.gov\/wp-content\/uploads\/bb-plugin\/cache\/Alba-Tarre1000sq-circle.jpg\" alt=\"Alba-Tarre1000sq\" title=\"Alba-Tarre 1000 kare kare\" itemprop=\"image\"\/>\n\t\t\t\t \n\t\t<h3>Alba Tarre<\/h3>Direkt\u00e8 Depatman Nou angaje nou pou nou reponn a bezwen rezidan nou yo l\u00e8 nou bay s\u00e8vis ak sip\u00f2 ki gen pi bon kalite, tout pandan n ap asire satisfaksyon kliyan nan chak ent\u00e8raksyon.\t\t\t\t\t\t\t\n\t\t\t\t<a href=\"mailto:albatarre@miamibeachfl.gov\" target=\"_self\">\t\t\t\t\n\t\t<\/a><a href=\"tel:305.673.7491\" target=\"_self\">\t\t\t\t\n\t\t<\/a>\t\t\t\t \n\t<ul>\n\t\t<li><a href=\"\/ht\/city-hall\/housing-and-community-development\/community-services\/#communityserviceslocations\" target=\"_self\"  aria-label=\"Ale nan \/city-hall\/housing-and-community-development\/community-services\/#communityserviceslocations\">\t\t\t\t\n\t\t<h3>Kote yo<\/h3><p>765 17y\u00e8m Ri.\u00a0<\/p><\/a><\/li><li><a href=\"tel:3056737491\" target=\"_self\"  aria-label=\"Ale nan nimewo telef\u00f2n sa a: 3056737491\">\t\t\t\t\n\t\t<h3>Nimewo Prensipal:<\/h3><p>305.673.7491<\/p><\/a><\/li><li><a href=\"mailto:albatarre@miamibeachfl.gov\" target=\"_self\"  aria-label=\"Ale nan adr\u00e8s imel: albatarre@miamibeachfl.gov\">\t\t\t\t\n\t\t<h3>Im\u00e8l:<\/h3><p><a href=\"mailto:albatarre@miamibeachfl.gov\">albatarre@miamibeachfl.gov<\/a><\/p><\/a><\/li><li><a href=\"mailto:Firedepartment@miamibeachfl.gov\" target=\"_self\"  aria-label=\"Ale nan adr\u00e8s imel sa a: Firedepartment@miamibeachfl.gov\">\t\t\t\t\n\t\t<h3>Or\u00e8 Operasyon:<\/h3><p>Lendi \u2013 Vandredi<br \/>8:30 am \u2013 5 pm<\/p><\/a><\/li>\t<\/ul>","protected":false},"excerpt":{"rendered":"<p>Lis Envant\u00e8 Lwa Lokal An Dir\u00e8k Lojman ak Kominote H &amp; C Kay Lojman ak Kominote Devlopman Kominot\u00e8 Lwa Lokal An Dir\u00e8k [\u2026]<\/p>","protected":false},"author":329,"featured_media":0,"parent":274814,"menu_order":0,"comment_status":"closed","ping_status":"closed","template":"","meta":{"_searchwp_excluded":"","site-sidebar-layout":"default","site-content-layout":"","ast-site-content-layout":"default","site-content-style":"default","site-sidebar-style":"default","ast-global-header-display":"","ast-banner-title-visibility":"","ast-main-header-display":"","ast-hfb-above-header-display":"","ast-hfb-below-header-display":"","ast-hfb-mobile-header-display":"","site-post-title":"","ast-breadcrumbs-content":"","ast-featured-img":"","footer-sml-layout":"","theme-transparent-header-meta":"","adv-header-id-meta":"","stick-header-meta":"","header-above-stick-meta":"","header-main-stick-meta":"","header-below-stick-meta":"","astra-migrate-meta-layouts":"default","ast-page-background-enabled":"default","ast-page-background-meta":{"desktop":{"background-color":"var(--ast-global-color-5)","background-image":"","background-repeat":"repeat","background-position":"center center","background-size":"auto","background-attachment":"scroll","background-type":"","background-media":"","overlay-type":"","overlay-color":"","overlay-opacity":"","overlay-gradient":""},"tablet":{"background-color":"","background-image":"","background-repeat":"repeat","background-position":"center center","background-size":"auto","background-attachment":"scroll","background-type":"","background-media":"","overlay-type":"","overlay-color":"","overlay-opacity":"","overlay-gradient":""},"mobile":{"background-color":"","background-image":"","background-repeat":"repeat","background-position":"center center","background-size":"auto","background-attachment":"scroll","background-type":"","background-media":"","overlay-type":"","overlay-color":"","overlay-opacity":"","overlay-gradient":""}},"ast-content-background-meta":{"desktop":{"background-color":"var(--ast-global-color-4)","background-image":"","background-repeat":"repeat","background-position":"center center","background-size":"auto","background-attachment":"scroll","background-type":"","background-media":"","overlay-type":"","overlay-color":"","overlay-opacity":"","overlay-gradient":""},"tablet":{"background-color":"var(--ast-global-color-4)","background-image":"","background-repeat":"repeat","background-position":"center center","background-size":"auto","background-attachment":"scroll","background-type":"","background-media":"","overlay-type":"","overlay-color":"","overlay-opacity":"","overlay-gradient":""},"mobile":{"background-color":"var(--ast-global-color-4)","background-image":"","background-repeat":"repeat","background-position":"center center","background-size":"auto","background-attachment":"scroll","background-type":"","background-media":"","overlay-type":"","overlay-color":"","overlay-opacity":"","overlay-gradient":""}},"footnotes":""},"categories":[],"tags":[1106],"class_list":["post-295052","page","type-page","status-publish","hentry","tag-housing-and-community-development"],"yoast_head":"<!-- This site is optimized with the Yoast SEO Premium plugin v26.6 (Yoast SEO v26.6) - https:\/\/yoast.com\/wordpress\/plugins\/seo\/ -->\n<title>Live Local Act Inventory List - City of Miami Beach<\/title>\n<meta name=\"description\" content=\"%\" \/>\n<meta name=\"robots\" content=\"index, follow, max-snippet:-1, max-image-preview:large, max-video-preview:-1\" \/>\n<link rel=\"canonical\" href=\"https:\/\/www.miamibeachfl.gov\/ht\/city-hall\/housing-and-community-development\/housing-and-community\/community-development\/live-local-act-inventory-list\/\" \/>\n<meta property=\"og:locale\" content=\"ht_HT\" \/>\n<meta property=\"og:type\" content=\"article\" \/>\n<meta property=\"og:title\" content=\"Live Local Act Inventory List\" \/>\n<meta property=\"og:description\" content=\"%\" \/>\n<meta property=\"og:url\" content=\"https:\/\/www.miamibeachfl.gov\/ht\/city-hall\/housing-and-community-development\/housing-and-community\/community-development\/live-local-act-inventory-list\/\" \/>\n<meta property=\"og:site_name\" content=\"City of Miami Beach\" \/>\n<meta property=\"article:publisher\" content=\"https:\/\/www.facebook.com\/cityofmiamibeach\" \/>\n<meta property=\"article:modified_time\" content=\"2025-05-25T19:48:02+00:00\" \/>\n<meta property=\"og:image\" content=\"https:\/\/www.miamibeachfl.gov\/wp-content\/uploads\/bb-plugin\/cache\/Alba-Tarre1000sq-circle.jpg\" \/>\n<meta name=\"twitter:card\" content=\"summary_large_image\" \/>\n<meta name=\"twitter:site\" content=\"@Miamibeachnews\" \/>\n<script type=\"application\/ld+json\" class=\"yoast-schema-graph\">{\"@context\":\"https:\/\/schema.org\",\"@graph\":[{\"@type\":\"WebPage\",\"@id\":\"https:\/\/www.miamibeachfl.gov\/city-hall\/housing-and-community-development\/housing-and-community\/community-development\/live-local-act-inventory-list\/\",\"url\":\"https:\/\/www.miamibeachfl.gov\/city-hall\/housing-and-community-development\/housing-and-community\/community-development\/live-local-act-inventory-list\/\",\"name\":\"Live Local Act Inventory List - City of Miami Beach\",\"isPartOf\":{\"@id\":\"https:\/\/www.miamibeachfl.gov\/#website\"},\"primaryImageOfPage\":{\"@id\":\"https:\/\/www.miamibeachfl.gov\/city-hall\/housing-and-community-development\/housing-and-community\/community-development\/live-local-act-inventory-list\/#primaryimage\"},\"image\":{\"@id\":\"https:\/\/www.miamibeachfl.gov\/city-hall\/housing-and-community-development\/housing-and-community\/community-development\/live-local-act-inventory-list\/#primaryimage\"},\"thumbnailUrl\":\"https:\/\/www.miamibeachfl.gov\/wp-content\/uploads\/bb-plugin\/cache\/Alba-Tarre1000sq-circle.jpg\",\"datePublished\":\"2024-04-01T19:28:53+00:00\",\"dateModified\":\"2025-05-25T19:48:02+00:00\",\"description\":\"%\",\"breadcrumb\":{\"@id\":\"https:\/\/www.miamibeachfl.gov\/city-hall\/housing-and-community-development\/housing-and-community\/community-development\/live-local-act-inventory-list\/#breadcrumb\"},\"inLanguage\":\"ht\",\"potentialAction\":[{\"@type\":\"ReadAction\",\"target\":[\"https:\/\/www.miamibeachfl.gov\/city-hall\/housing-and-community-development\/housing-and-community\/community-development\/live-local-act-inventory-list\/\"]}]},{\"@type\":\"ImageObject\",\"inLanguage\":\"ht\",\"@id\":\"https:\/\/www.miamibeachfl.gov\/city-hall\/housing-and-community-development\/housing-and-community\/community-development\/live-local-act-inventory-list\/#primaryimage\",\"url\":\"https:\/\/www.miamibeachfl.gov\/wp-content\/uploads\/bb-plugin\/cache\/Alba-Tarre1000sq-circle.jpg\",\"contentUrl\":\"https:\/\/www.miamibeachfl.gov\/wp-content\/uploads\/bb-plugin\/cache\/Alba-Tarre1000sq-circle.jpg\"},{\"@type\":\"BreadcrumbList\",\"@id\":\"https:\/\/www.miamibeachfl.gov\/city-hall\/housing-and-community-development\/housing-and-community\/community-development\/live-local-act-inventory-list\/#breadcrumb\",\"itemListElement\":[{\"@type\":\"ListItem\",\"position\":1,\"name\":\"Home\",\"item\":\"https:\/\/www.miamibeachfl.gov\/\"},{\"@type\":\"ListItem\",\"position\":2,\"name\":\"City Hall\",\"item\":\"https:\/\/www.miamibeachfl.gov\/city-hall\/\"},{\"@type\":\"ListItem\",\"position\":3,\"name\":\"Housing &#038; Community Services\",\"item\":\"https:\/\/www.miamibeachfl.gov\/city-hall\/housing-and-community-development\/\"},{\"@type\":\"ListItem\",\"position\":4,\"name\":\"Housing and Community Development\",\"item\":\"https:\/\/www.miamibeachfl.gov\/city-hall\/housing-and-community-development\/housing-and-community\/\"},{\"@type\":\"ListItem\",\"position\":5,\"name\":\"Community Development\",\"item\":\"https:\/\/www.miamibeachfl.gov\/city-hall\/housing-and-community-development\/housing-and-community\/community-development\/\"},{\"@type\":\"ListItem\",\"position\":6,\"name\":\"Live Local Act Inventory List\"}]},{\"@type\":\"WebSite\",\"@id\":\"https:\/\/www.miamibeachfl.gov\/#website\",\"url\":\"https:\/\/www.miamibeachfl.gov\/\",\"name\":\"City of Miami Beach\",\"description\":\"The official website of the City of Miami Beach. Stay informed, find important information on city services, news, alerts, events, trolley routes, government employment and more.\",\"publisher\":{\"@id\":\"https:\/\/www.miamibeachfl.gov\/#organization\"},\"potentialAction\":[{\"@type\":\"SearchAction\",\"target\":{\"@type\":\"EntryPoint\",\"urlTemplate\":\"https:\/\/www.miamibeachfl.gov\/?s={search_term_string}\"},\"query-input\":{\"@type\":\"PropertyValueSpecification\",\"valueRequired\":true,\"valueName\":\"search_term_string\"}}],\"inLanguage\":\"ht\"},{\"@type\":\"Organization\",\"@id\":\"https:\/\/www.miamibeachfl.gov\/#organization\",\"name\":\"City of Miami Beach\",\"url\":\"https:\/\/www.miamibeachfl.gov\/\",\"logo\":{\"@type\":\"ImageObject\",\"inLanguage\":\"ht\",\"@id\":\"https:\/\/www.miamibeachfl.gov\/#\/schema\/logo\/image\/\",\"url\":\"https:\/\/www.miamibeachfl.gov\/wp-content\/uploads\/2022\/06\/miamibeach-logoblue.png\",\"contentUrl\":\"https:\/\/www.miamibeachfl.gov\/wp-content\/uploads\/2022\/06\/miamibeach-logoblue.png\",\"width\":1962,\"height\":381,\"caption\":\"City of Miami Beach\"},\"image\":{\"@id\":\"https:\/\/www.miamibeachfl.gov\/#\/schema\/logo\/image\/\"},\"sameAs\":[\"https:\/\/www.facebook.com\/cityofmiamibeach\",\"https:\/\/x.com\/Miamibeachnews\",\"https:\/\/www.instagram.com\/miamibeachnews\/\"],\"description\":\"The official website of the City of Miami Beach. Stay informed, find important information on city services, news, alerts, events, trolley routes, government employment and more.\",\"telephone\":\"305.604.CITY(2489)\",\"legalName\":\"City of Miami Beach\"}]}<\/script>\n<!-- \/ Yoast SEO Premium plugin. -->","yoast_head_json":{"title":"Lis Envant\u00e8 Lwa Lokal An Dir\u00e8k - Vil Miami Beach","description":"%","robots":{"index":"index","follow":"follow","max-snippet":"max-snippet:-1","max-image-preview":"max-image-preview:large","max-video-preview":"max-video-preview:-1"},"canonical":"https:\/\/www.miamibeachfl.gov\/ht\/city-hall\/housing-and-community-development\/housing-and-community\/community-development\/live-local-act-inventory-list\/","og_locale":"ht_HT","og_type":"article","og_title":"Live Local Act Inventory List","og_description":"%","og_url":"https:\/\/www.miamibeachfl.gov\/ht\/city-hall\/housing-and-community-development\/housing-and-community\/community-development\/live-local-act-inventory-list\/","og_site_name":"City of Miami Beach","article_publisher":"https:\/\/www.facebook.com\/cityofmiamibeach","article_modified_time":"2025-05-25T19:48:02+00:00","og_image":[{"url":"https:\/\/www.miamibeachfl.gov\/wp-content\/uploads\/bb-plugin\/cache\/Alba-Tarre1000sq-circle.jpg","type":"","width":"","height":""}],"twitter_card":"summary_large_image","twitter_site":"@Miamibeachnews","schema":{"@context":"https:\/\/schema.org","@graph":[{"@type":"WebPage","@id":"https:\/\/www.miamibeachfl.gov\/city-hall\/housing-and-community-development\/housing-and-community\/community-development\/live-local-act-inventory-list\/","url":"https:\/\/www.miamibeachfl.gov\/city-hall\/housing-and-community-development\/housing-and-community\/community-development\/live-local-act-inventory-list\/","name":"Lis Envant\u00e8 Lwa Lokal An Dir\u00e8k - Vil Miami Beach","isPartOf":{"@id":"https:\/\/www.miamibeachfl.gov\/#website"},"primaryImageOfPage":{"@id":"https:\/\/www.miamibeachfl.gov\/city-hall\/housing-and-community-development\/housing-and-community\/community-development\/live-local-act-inventory-list\/#primaryimage"},"image":{"@id":"https:\/\/www.miamibeachfl.gov\/city-hall\/housing-and-community-development\/housing-and-community\/community-development\/live-local-act-inventory-list\/#primaryimage"},"thumbnailUrl":"https:\/\/www.miamibeachfl.gov\/wp-content\/uploads\/bb-plugin\/cache\/Alba-Tarre1000sq-circle.jpg","datePublished":"2024-04-01T19:28:53+00:00","dateModified":"2025-05-25T19:48:02+00:00","description":"%","breadcrumb":{"@id":"https:\/\/www.miamibeachfl.gov\/city-hall\/housing-and-community-development\/housing-and-community\/community-development\/live-local-act-inventory-list\/#breadcrumb"},"inLanguage":"ht","potentialAction":[{"@type":"ReadAction","target":["https:\/\/www.miamibeachfl.gov\/city-hall\/housing-and-community-development\/housing-and-community\/community-development\/live-local-act-inventory-list\/"]}]},{"@type":"ImageObject","inLanguage":"ht","@id":"https:\/\/www.miamibeachfl.gov\/city-hall\/housing-and-community-development\/housing-and-community\/community-development\/live-local-act-inventory-list\/#primaryimage","url":"https:\/\/www.miamibeachfl.gov\/wp-content\/uploads\/bb-plugin\/cache\/Alba-Tarre1000sq-circle.jpg","contentUrl":"https:\/\/www.miamibeachfl.gov\/wp-content\/uploads\/bb-plugin\/cache\/Alba-Tarre1000sq-circle.jpg"},{"@type":"BreadcrumbList","@id":"https:\/\/www.miamibeachfl.gov\/city-hall\/housing-and-community-development\/housing-and-community\/community-development\/live-local-act-inventory-list\/#breadcrumb","itemListElement":[{"@type":"ListItem","position":1,"name":"Home","item":"https:\/\/www.miamibeachfl.gov\/"},{"@type":"ListItem","position":2,"name":"City Hall","item":"https:\/\/www.miamibeachfl.gov\/city-hall\/"},{"@type":"ListItem","position":3,"name":"Housing &#038; Community Services","item":"https:\/\/www.miamibeachfl.gov\/city-hall\/housing-and-community-development\/"},{"@type":"ListItem","position":4,"name":"Housing and Community Development","item":"https:\/\/www.miamibeachfl.gov\/city-hall\/housing-and-community-development\/housing-and-community\/"},{"@type":"ListItem","position":5,"name":"Community Development","item":"https:\/\/www.miamibeachfl.gov\/city-hall\/housing-and-community-development\/housing-and-community\/community-development\/"},{"@type":"ListItem","position":6,"name":"Live Local Act Inventory List"}]},{"@type":"WebSite","@id":"https:\/\/www.miamibeachfl.gov\/#website","url":"https:\/\/www.miamibeachfl.gov\/","name":"Vil Miami Beach","description":"Sitw\u00e8b ofisy\u00e8l Vil Miami Beach la. Rete enf\u00f2me, jwenn enf\u00f2masyon enp\u00f2tan sou s\u00e8vis vil la, nouv\u00e8l, al\u00e8t, ev\u00e8nman, wout tramway, travay gouv\u00e8nman an ak plis ank\u00f2.","publisher":{"@id":"https:\/\/www.miamibeachfl.gov\/#organization"},"potentialAction":[{"@type":"SearchAction","target":{"@type":"EntryPoint","urlTemplate":"https:\/\/www.miamibeachfl.gov\/?s={search_term_string}"},"query-input":{"@type":"PropertyValueSpecification","valueRequired":true,"valueName":"search_term_string"}}],"inLanguage":"ht"},{"@type":"Organization","@id":"https:\/\/www.miamibeachfl.gov\/#organization","name":"Vil Miami Beach","url":"https:\/\/www.miamibeachfl.gov\/","logo":{"@type":"ImageObject","inLanguage":"ht","@id":"https:\/\/www.miamibeachfl.gov\/#\/schema\/logo\/image\/","url":"https:\/\/www.miamibeachfl.gov\/wp-content\/uploads\/2022\/06\/miamibeach-logoblue.png","contentUrl":"https:\/\/www.miamibeachfl.gov\/wp-content\/uploads\/2022\/06\/miamibeach-logoblue.png","width":1962,"height":381,"caption":"City of Miami Beach"},"image":{"@id":"https:\/\/www.miamibeachfl.gov\/#\/schema\/logo\/image\/"},"sameAs":["https:\/\/www.facebook.com\/cityofmiamibeach","https:\/\/x.com\/Miamibeachnews","https:\/\/www.instagram.com\/miamibeachnews\/"],"description":"Sitw\u00e8b ofisy\u00e8l Vil Miami Beach la. Rete enf\u00f2me, jwenn enf\u00f2masyon enp\u00f2tan sou s\u00e8vis vil la, nouv\u00e8l, al\u00e8t, ev\u00e8nman, wout tramway, travay gouv\u00e8nman an ak plis ank\u00f2.","telephone":"305.604.CITY(2489)","legalName":"City of Miami Beach"}]}},"_links":{"self":[{"href":"https:\/\/www.miamibeachfl.gov\/ht\/wp-json\/wp\/v2\/pages\/295052","targetHints":{"allow":["GET"]}}],"collection":[{"href":"https:\/\/www.miamibeachfl.gov\/ht\/wp-json\/wp\/v2\/pages"}],"about":[{"href":"https:\/\/www.miamibeachfl.gov\/ht\/wp-json\/wp\/v2\/types\/page"}],"author":[{"embeddable":true,"href":"https:\/\/www.miamibeachfl.gov\/ht\/wp-json\/wp\/v2\/users\/329"}],"replies":[{"embeddable":true,"href":"https:\/\/www.miamibeachfl.gov\/ht\/wp-json\/wp\/v2\/comments?post=295052"}],"version-history":[{"count":0,"href":"https:\/\/www.miamibeachfl.gov\/ht\/wp-json\/wp\/v2\/pages\/295052\/revisions"}],"up":[{"embeddable":true,"href":"https:\/\/www.miamibeachfl.gov\/ht\/wp-json\/wp\/v2\/pages\/274814"}],"wp:attachment":[{"href":"https:\/\/www.miamibeachfl.gov\/ht\/wp-json\/wp\/v2\/media?parent=295052"}],"wp:term":[{"taxonomy":"category","embeddable":true,"href":"https:\/\/www.miamibeachfl.gov\/ht\/wp-json\/wp\/v2\/categories?post=295052"},{"taxonomy":"post_tag","embeddable":true,"href":"https:\/\/www.miamibeachfl.gov\/ht\/wp-json\/wp\/v2\/tags?post=295052"}],"curies":[{"name":"wp","href":"https:\/\/api.w.org\/{rel}","templated":true}]}}