{"id":295615,"date":"2024-04-04T14:21:36","date_gmt":"2024-04-04T18:21:36","guid":{"rendered":"https:\/\/www.miamibeachfl.gov\/city-hall\/parking-new\/parking\/"},"modified":"2026-04-16T16:53:38","modified_gmt":"2026-04-16T20:53:38","slug":"parking","status":"publish","type":"page","link":"https:\/\/www.miamibeachfl.gov\/ht\/city-hall\/parking\/","title":{"rendered":"Pakin"},"content":{"rendered":"<figure itemscope itemtype=\"https:\/\/schema.org\/ImageObject\">\n\t\t\t\t<img decoding=\"async\" src=\"https:\/\/www.miamibeachfl.gov\/wp-content\/uploads\/2024\/04\/P-parkingcircle.png\" alt=\"P\" height=\"1200\" width=\"1200\" title=\"P-s\u00e8k pakin\" onerror=\"this.style.display='none'\" loading=\"lazy\" \/>\n\t<\/figure>\n<h1>\n\t\t\tDepatman Pakin\t<\/h1>\n\t<p>Depatman an jere epi opere 66 pakin sifas, 12 garaj, ak 19 z\u00f2n p\u00e8mi pakin rezidansy\u00e8l nan tout vil la. Vil la aplike teknoloji pakin amelyore tankou: peye pa plak machin, estasyon peman plizy\u00e8 espas pou <a href=\"https:\/\/www.miamibeachfl.gov\/ht\/city-hall\/parking\/parking-garages-lot-locations\/\">pakin sou lari ak sou sifas lari<\/a>, estasyon peye apye nan garaj yo, yon pwogram pataje bisikl\u00e8t ak Citi Bike, ak <a href=\"https:\/\/www.miamibeachfl.gov\/ht\/city-hall\/parking\/electric-vehicle-charging-stations\/\">Estasyon rechaje Blink (Nivo 2) nan k\u00e8k garaj. Estasyon rechaje Tesla nan Garaj G9 ki sitiye nan 1661 Pennsylvania Ave.<\/a><\/p>\n\t<a href=\"\/ht\/city-hall\/parking\/residents-only\/\" target=\"_self\"  aria-label=\"Ale nan \/city-hall\/parking\/residents-only\"><\/a>\n\t\t\t\t<img decoding=\"async\" src=\"https:\/\/www.miamibeachfl.gov\/wp-content\/uploads\/bb-plugin\/cache\/ResidentParking-GirlNextToCar-circle.jpeg\" alt=\"person next to vehicle using the parking app to park\" title=\"Pakin Rezidan-TifiAkoteMachin\" itemprop=\"image\"\/>\n\t\t<h2>Pou Rezidan yo<\/h2>\n\t\t\t<a href=\"https:\/\/www.miamibeachfl.gov\/ht\/city-hall\/parking\/residents-only\/resident-parking-discounts\/\"  target=\"_self\">\n\t\t\t\t\t\t\tPwogram Pakin Rezidansy\u00e8l \n\t\t\t\t\t<\/a>\n\t\t\t<a href=\"\/ht\/city-hall\/parking\/residents-only\/residential-parking-zones\/\"  target=\"_self\">\n\t\t\t\t\t\t\tP\u00e8mi Z\u00f2n Pakin Rezidansy\u00e8l \n\t\t\t\t\t<\/a>\n\t\t\t<a href=\"https:\/\/www.miamibeachfl.gov\/ht\/city-hall\/parking\/residents-only\/nobe-rrpp\/\"  target=\"_blank\" rel=\"noopener\">\n\t\t\t\t\t\t\tPwogram Pil\u00f2t Pakin pou Rezidan Anrejistre nan North Beach \n\t\t\t\t\t<\/a>\n\t\t\t<a href=\"\/ht\/city-hall\/parking\/permit-programs\/2-citywide-scootermotorcycle-parking-permit\/\"  target=\"_self\">\n\t\t\t\t\t\t\tP\u00e8mi Pakin pou Scooter\/Motosikl\u00e8t \n\t\t\t\t\t<\/a>\n\t\t\t<a href=\"\/ht\/city-hall\/parking\/residents-only\/maurice-gibb-boat-ramp-info\/\"  target=\"_self\">\n\t\t\t\t\t\t\tP\u00e8mi Ranp Bato Maurice Gibb \n\t\t\t\t\t<\/a>\n\t\t\t<a href=\"\/ht\/city-hall\/parking\/residents-only\/parking-flood-relief-program\/\"  target=\"_self\">\n\t\t\t\t\t\t\tPwogram Pakin pou Sekou Inondasyon King Tide \n\t\t\t\t\t<\/a>\n\t<a href=\"\/ht\/city-hall\/parking\/facilities-and-rates\/\" target=\"_self\"  aria-label=\"Ale nan \/city-hall\/parking\/facilities-and-rates\/\"><\/a>\n\t\t\t\t<img decoding=\"async\" src=\"https:\/\/www.miamibeachfl.gov\/wp-content\/uploads\/bb-plugin\/cache\/Parking-Garage1Sign-circle.jpg\" alt=\"Public Parking Garage sign\" title=\"Pakin-Garaj1Siyal\" itemprop=\"image\"\/>\n\t\t<h2>Enstalasyon ak Tarif<\/h2>\n\t\t\t<a href=\"\/ht\/city-hall\/parking\/electric-vehicle-charging-stations\/\"  target=\"_self\">\n\t\t\t\t\t\t\tEstasyon Chaje Veyikil Elektrik yo \n\t\t\t\t\t<\/a>\n\t\t\t<a href=\"\/ht\/city-hall\/parking\/parking-garages-lot-locations\/\"  target=\"_self\">\n\t\t\t\t\t\t\tLokalizasyon Pakin ak Garaj \n\t\t\t\t\t<\/a>\n\t\t\t<a href=\"\/ht\/city-hall\/parking\/parking-garages-lot-locations\/parking-garage-rates\/\"  target=\"_self\">\n\t\t\t\t\t\t\t Tarif Pakin Garaj \n\t\t\t\t\t<\/a>\n\t\t\t<a href=\"\/ht\/city-hall\/parking\/parking-meter-rates\/\"  target=\"_self\">\n\t\t\t\t\t\t\tTarif Pakin\u00e8 \n\t\t\t\t\t<\/a>\n\t<a href=\"\/ht\/city-hall\/parking\/permit-programs\/\" target=\"_self\"  aria-label=\"Ale nan \/city-hall\/parking\/permit-programs\/\"><\/a>\n\t\t\t\t<img decoding=\"async\" src=\"https:\/\/www.miamibeachfl.gov\/wp-content\/uploads\/bb-plugin\/cache\/Parking-Spots2-scaled-circle.jpeg\" alt=\"Parking spots\" title=\"Plas Pakin 2\" itemprop=\"image\"\/>\n\t\t<h2>P\u00e8mi ak Pwogram<\/h2>\n\t\t\t<a href=\"\/ht\/city-hall\/parking\/ada-parking\/\"  target=\"_self\">\n\t\t\t\t\t\t\tP\u00e8mi Pakin ADA \n\t\t\t\t\t<\/a>\n\t\t\t<a href=\"\/ht\/city-hall\/parking\/permit-programs\/boards-committees\/\"  target=\"_self\">\n\t\t\t\t\t\t\tP\u00e8mi Pakin pou Kons\u00e8y Administrasyon ak Komite yo \n\t\t\t\t\t<\/a>\n\t\t\t<a href=\"\/ht\/city-hall\/parking\/permit-programs\/hybrid-vehicle-parking\/\"  target=\"_self\">\n\t\t\t\t\t\t\tP\u00e8mi Pakin pou Veyikil nan Tout Vil la \n\t\t\t\t\t<\/a>\n\t\t\t<a href=\"\/ht\/city-hall\/parking\/permit-programs\/construction-parking-management-plan\/\"  target=\"_self\">\n\t\t\t\t\t\t\tP\u00e8mi Plan Jesyon Pakin Konstriksyon (CPMP) \n\t\t\t\t\t<\/a>\n\t\t\t<a href=\"\/ht\/city-hall\/parking\/permit-programs\/freight-loading-parking-permit-program\/\"  target=\"_self\">\n\t\t\t\t\t\t\tPwogram P\u00e8mi Pakin pou Chaje Machandiz \n\t\t\t\t\t<\/a>\n\t\t\t<a href=\"\/ht\/city-hall\/parking\/permit-programs\/garage-permits\/\"  target=\"_self\">\n\t\t\t\t\t\t\tP\u00e8mi Mansy\u00e8l pou Garaj ak Pakin \n\t\t\t\t\t<\/a>\n\t\t\t<a href=\"\/ht\/city-hall\/parking\/permit-programs\/production-company-recreational-vehicle-pcrv-parking-permit\/\"  target=\"_self\">\n\t\t\t\t\t\t\tP\u00e8mi Pakin pou Veyikil Rekreyasyon Konpayi Pwodiksyon (PCRV) \n\t\t\t\t\t<\/a>\n\t\t\t<a href=\"\/ht\/city-hall\/parking\/permit-programs\/space-rentals\/\"  target=\"_self\">\n\t\t\t\t\t\t\tLokasyon Espas \n\t\t\t\t\t<\/a>\n<h2>\n\t\t\tEnf\u00f2masyon pou kontakte\t<\/h2>\n\t<p><strong>Se divizyon s\u00e8vis kliyan Depatman Finans ki sitiye sou 1ye a ki vann p\u00e8mi yo.<sup>st<\/sup> etaj nan 1755 Meridian Avenue.<\/strong><\/p>\n<h2>\n\t\t\tFinans S\u00e8vis Kliyan Pakin:\t<\/h2>\n<h2>\n\t\t<a href=\"tel:3056737505\" title=\"RELE: 305.673.7505\"  target=\"_blank\"  rel=\"noopener\">\n\t\t\tRELE: 305.673.7505\t\t<\/a>\n\t<\/h2>\n\t<p><strong>An s\u00e8vis soti 8:30 AM pou rive 6 PM pou ede ak:<\/strong><\/p>\n<ul>\n<li>P\u00e8mi Pakin Rezidansy\u00e8l<\/li>\n<li>P\u00e8mi Pakin nan Garaj<\/li>\n<li>P\u00e8mi pakin<\/li>\n<li>P\u00e8mi Pakin Mansy\u00e8l<\/li>\n<li>Z\u00f2n Chajman Machandiz<\/li>\n<li>Pakin Konpayi Pwodiksyon<\/li>\n<li>P\u00e8mi pou Veyikil Rekreyasyon Konpayi an<br \/>\n<a href=\"\/ht\/city-hall\/parking\/permit-programs\/\">Klike la a pou jwenn enf\u00f2masyon sou p\u00e8mi pakin <\/a><\/li>\n<\/ul>\n<h2>\n\t\t\tAdministrasyon Pakin:\t<\/h2>\n<h2>\n\t\t<a href=\"tel:3056737525\" title=\"RELE: 305.673.PARK (7275)\"  target=\"_blank\"  rel=\"noopener\">\n\t\t\tRELE: 305.673.PARK (7275)\t\t<\/a>\n\t<\/h2>\n\t<p><strong>An s\u00e8vis soti 8:30 AM pou rive 5 PM pou ede ak:<\/strong><\/p>\n<ul>\n<li>Lokasyon Espas (ki gen ladan s\u00e8vis valet)<\/li>\n<li>Plan Jesyon Pakin Konstriksyon (CPMP)<\/li>\n<li>Revi<\/li>\n<li>Demann pou ap\u00e8l sitasyon<\/li>\n<li>P\u00e8mi manm Kons\u00e8y Administrasyon ak Komite<\/li>\n<li>Pwogram Sekou pou Inondasyon<\/li>\n<li><a href=\"\/ht\/city-hall\/parking\/permit-programs\/\">Klike la a pou jwenn enf\u00f2masyon sou pwogram p\u00e8mi pakin yo <\/a><\/li>\n<\/ul>\n<h2>\n\t\t\tWilliam MacDonald\t<\/h2>\n\t<p>Direkt\u00e8 Pakin<\/p>\n<h2>\n\t\t\tAlberto Ventura\t<\/h2>\n\tDirekt\u00e8 Asistan<br \/>\n305.604.4785\n<h3>\n\t\t\tBiwo Prensipal\t<\/h3>\n\t1700 Konvansyon Center Drive,<br \/>\nMiami Beach, Florid 33139\n<h3>\n\t\t\tNimewo Biwo\t<\/h3>\n\t<p><strong><a href=\"tel:3056044785\">305.604.4785<\/a><\/strong><\/p>\n<h3>\n\t\t\tOr\u00e8 Operasyon\t<\/h3>\n\tLendi \u2013 Vandredi<br \/>\n8:30 AM \u2013 6 PM<br \/>\n(S\u00e8vis Kliyant\u00e8l)\n<h2>\n\t\t\tAplikasyon pou Pakin\t<\/h2>\n\t\t\t\t<img decoding=\"async\" src=\"https:\/\/www.miamibeachfl.gov\/wp-content\/uploads\/2023\/07\/parkmobile-parking-logo.png\" alt=\"parkmobile-parking-logo\" title=\"logo-pakin-parkmobile\" itemprop=\"image\"\/>\n\t\t<h3>Aplikasyon ParkMobile<\/h3>\t\t\t\n\t\t\t<a href=\"https:\/\/itunes.apple.com\/us\/app\/parkmobile\/id365399299?mt=8\"  target=\"_blank\" rel=\"noopener\">\n\t\t\t\t\t\tTelechaje aplikasyon Park Mobile Apple la\n\t\t\t\t\t<\/a>\n\t\t\t<a href=\"https:\/\/play.google.com\/store\/apps\/details?id=net.sharewire.parkmobilev2&#038;hl=en_US\"  target=\"_blank\" rel=\"noopener\">\n\t\t\t\t\t\tTelechaje aplikasyon mobil Park pou Android la\n\t\t\t\t\t<\/a>\n\t<p>ParkMobile ofri yon nouvo fason ki pi bon pou peye pou pakin l\u00e8 w s\u00e8vi ak telef\u00f2n selil\u00e8 w. Av\u00e8k aplikasyon mobil ParkMobile la, ou ka k\u00f2manse tranzaksyon pakin ou an s\u00e8lman k\u00e8k segond. Si w ap kondui yon machin diferan de sa ou te anrejistre a, ou ka chanje nimewo plak la byen vit epi aktive sesyon pakin ou an. Ou ka &quot;chwazi&quot; pou resevwa yon notifikasyon pou raple 15 minit anvan pakin ou an ekspire. Ou kapab peye pou pakin tou l\u00e8 w rele ParkMobile nan nimewo sa a: <a href=\"tel:18777275714\">1-877-727-5714.<\/a><\/p>\n\t<a href=\"https:\/\/www2.paybyphone.com\/park-in-miami-beach\" target=\"_blank\" rel=\"noopener\" aria-label=\"Ale sou https:\/\/www2.paybyphone.com\/park-in-miami-beach\"><\/a>\n\t\t\t\t<img decoding=\"async\" src=\"https:\/\/www.miamibeachfl.gov\/wp-content\/uploads\/2023\/10\/paybyphonelogo.png\" alt=\"paybyphone\" title=\"logo paybyphone\" itemprop=\"image\"\/>\n\t\t<h3>PeyePaTelef\u00f2n<\/h3>\t\t\t\n\t\t\t<a href=\"https:\/\/apps.apple.com\/us\/app\/paybyphone-parking\/id448474183\"  target=\"_blank\" rel=\"noopener\">\n\t\t\t\t\t\tTelechaje aplikasyon PayByPhone Apple la\n\t\t\t\t\t<\/a>\n\t\t\t<a href=\"https:\/\/play.google.com\/store\/apps\/details?id=com.paybyphone\"  target=\"_blank\" rel=\"noopener\">\n\t\t\t\t\t\tTelechaje aplikasyon PayByPhone pou Android la\n\t\t\t\t\t<\/a>\n\t<strong>Peye pou pakin ak aplikasyon PayByPhone nan Miami Beach!<\/strong><br \/>\nPayByPhone p\u00e8m\u00e8t ou peye pou pakin machin ou an k\u00e8k segonn nan pakin nou yo. Aplikasyon an se yon solisyon ki pa gen lajan kach ditou, li f\u00e8 w sonje l\u00e8 sesyon pakin ou a pral fini, epi li menm p\u00e8m\u00e8t ou pwolonje tan pakin ou a nenp\u00f2t kote! PayByPhone se pratik, fasil epi an sekirite.","protected":false},"excerpt":{"rendered":"<p><a href=\"tel:3056737505\" style=\"text-decoration:none; color:#004896;\"><br \/>\n    <i class=\"fa-solid fa-phone\"><\/i> 305.673.7505<\/a><\/p>","protected":false},"author":222,"featured_media":347253,"parent":28206,"menu_order":0,"comment_status":"closed","ping_status":"closed","template":"","meta":{"_searchwp_excluded":"","site-sidebar-layout":"default","site-content-layout":"","ast-site-content-layout":"default","site-content-style":"default","site-sidebar-style":"default","ast-global-header-display":"","ast-banner-title-visibility":"","ast-main-header-display":"","ast-hfb-above-header-display":"","ast-hfb-below-header-display":"","ast-hfb-mobile-header-display":"","site-post-title":"","ast-breadcrumbs-content":"","ast-featured-img":"","footer-sml-layout":"","theme-transparent-header-meta":"","adv-header-id-meta":"","stick-header-meta":"","header-above-stick-meta":"","header-main-stick-meta":"","header-below-stick-meta":"","astra-migrate-meta-layouts":"default","ast-page-background-enabled":"default","ast-page-background-meta":{"desktop":{"background-color":"var(--ast-global-color-5)","background-image":"","background-repeat":"repeat","background-position":"center center","background-size":"auto","background-attachment":"scroll","background-type":"","background-media":"","overlay-type":"","overlay-color":"","overlay-opacity":"","overlay-gradient":""},"tablet":{"background-color":"","background-image":"","background-repeat":"repeat","background-position":"center center","background-size":"auto","background-attachment":"scroll","background-type":"","background-media":"","overlay-type":"","overlay-color":"","overlay-opacity":"","overlay-gradient":""},"mobile":{"background-color":"","background-image":"","background-repeat":"repeat","background-position":"center center","background-size":"auto","background-attachment":"scroll","background-type":"","background-media":"","overlay-type":"","overlay-color":"","overlay-opacity":"","overlay-gradient":""}},"ast-content-background-meta":{"desktop":{"background-color":"var(--ast-global-color-4)","background-image":"","background-repeat":"repeat","background-position":"center center","background-size":"auto","background-attachment":"scroll","background-type":"","background-media":"","overlay-type":"","overlay-color":"","overlay-opacity":"","overlay-gradient":""},"tablet":{"background-color":"var(--ast-global-color-4)","background-image":"","background-repeat":"repeat","background-position":"center center","background-size":"auto","background-attachment":"scroll","background-type":"","background-media":"","overlay-type":"","overlay-color":"","overlay-opacity":"","overlay-gradient":""},"mobile":{"background-color":"var(--ast-global-color-4)","background-image":"","background-repeat":"repeat","background-position":"center center","background-size":"auto","background-attachment":"scroll","background-type":"","background-media":"","overlay-type":"","overlay-color":"","overlay-opacity":"","overlay-gradient":""}},"footnotes":""},"categories":[],"tags":[1730,1518,1734],"class_list":["post-295615","page","type-page","status-publish","has-post-thumbnail","hentry","tag-city-services","tag-parking-site","tag-transportation"],"yoast_head":"<!-- This site is optimized with the Yoast SEO Premium plugin v27.4 (Yoast SEO v27.4) - https:\/\/yoast.com\/product\/yoast-seo-premium-wordpress\/ -->\n<title>Parking - City of Miami Beach<\/title>\n<meta name=\"description\" content=\"The department manages and operates 66 surface parking lots, 12 garages, and has 19 residential parking permit zones citywide.\" \/>\n<meta name=\"robots\" content=\"index, follow, max-snippet:-1, max-image-preview:large, max-video-preview:-1\" \/>\n<link rel=\"canonical\" href=\"https:\/\/www.miamibeachfl.gov\/ht\/city-hall\/parking\/\" \/>\n<meta property=\"og:locale\" content=\"ht_HT\" \/>\n<meta property=\"og:type\" content=\"article\" \/>\n<meta property=\"og:title\" content=\"Parking\" \/>\n<meta property=\"og:description\" content=\"The department manages and operates 66 surface parking lots, 12 garages, and has 19 residential parking permit zones citywide.\" \/>\n<meta property=\"og:url\" content=\"https:\/\/www.miamibeachfl.gov\/ht\/city-hall\/parking\/\" \/>\n<meta property=\"og:site_name\" content=\"City of Miami Beach\" \/>\n<meta property=\"article:publisher\" content=\"https:\/\/www.facebook.com\/cityofmiamibeach\" \/>\n<meta property=\"article:modified_time\" content=\"2026-04-16T20:53:38+00:00\" \/>\n<meta property=\"og:image\" content=\"https:\/\/www.miamibeachfl.gov\/wp-content\/uploads\/2024\/04\/Parking-Garage1Sign.jpg\" \/>\n\t<meta property=\"og:image:width\" content=\"1440\" \/>\n\t<meta property=\"og:image:height\" content=\"1920\" \/>\n\t<meta property=\"og:image:type\" content=\"image\/jpeg\" \/>\n<meta name=\"twitter:card\" content=\"summary_large_image\" \/>\n<meta name=\"twitter:image\" content=\"https:\/\/www.miamibeachfl.gov\/wp-content\/uploads\/2024\/05\/ParkingHeros-ForResidents.jpeg\" \/>\n<meta name=\"twitter:site\" content=\"@Miamibeachnews\" \/>\n<script type=\"application\/ld+json\" class=\"yoast-schema-graph\">{\"@context\":\"https:\\\/\\\/schema.org\",\"@graph\":[{\"@type\":\"WebPage\",\"@id\":\"https:\\\/\\\/www.miamibeachfl.gov\\\/city-hall\\\/parking\\\/\",\"url\":\"https:\\\/\\\/www.miamibeachfl.gov\\\/city-hall\\\/parking\\\/\",\"name\":\"Parking - City of Miami Beach\",\"isPartOf\":{\"@id\":\"https:\\\/\\\/www.miamibeachfl.gov\\\/#website\"},\"primaryImageOfPage\":{\"@id\":\"https:\\\/\\\/www.miamibeachfl.gov\\\/city-hall\\\/parking\\\/#primaryimage\"},\"image\":{\"@id\":\"https:\\\/\\\/www.miamibeachfl.gov\\\/city-hall\\\/parking\\\/#primaryimage\"},\"thumbnailUrl\":\"https:\\\/\\\/www.miamibeachfl.gov\\\/wp-content\\\/uploads\\\/2024\\\/11\\\/MiamiNewDrama.jpeg\",\"datePublished\":\"2024-04-04T18:21:36+00:00\",\"dateModified\":\"2026-04-16T20:53:38+00:00\",\"description\":\"The department manages and operates 66 surface parking lots, 12 garages, and has 19 residential parking permit zones citywide.\",\"breadcrumb\":{\"@id\":\"https:\\\/\\\/www.miamibeachfl.gov\\\/city-hall\\\/parking\\\/#breadcrumb\"},\"inLanguage\":\"ht\",\"potentialAction\":[{\"@type\":\"ReadAction\",\"target\":[\"https:\\\/\\\/www.miamibeachfl.gov\\\/city-hall\\\/parking\\\/\"]}]},{\"@type\":\"ImageObject\",\"inLanguage\":\"ht\",\"@id\":\"https:\\\/\\\/www.miamibeachfl.gov\\\/city-hall\\\/parking\\\/#primaryimage\",\"url\":\"https:\\\/\\\/www.miamibeachfl.gov\\\/wp-content\\\/uploads\\\/2024\\\/11\\\/MiamiNewDrama.jpeg\",\"contentUrl\":\"https:\\\/\\\/www.miamibeachfl.gov\\\/wp-content\\\/uploads\\\/2024\\\/11\\\/MiamiNewDrama.jpeg\",\"width\":400,\"height\":400,\"caption\":\"Miami New Drama at Collins Parking Garage\"},{\"@type\":\"BreadcrumbList\",\"@id\":\"https:\\\/\\\/www.miamibeachfl.gov\\\/city-hall\\\/parking\\\/#breadcrumb\",\"itemListElement\":[{\"@type\":\"ListItem\",\"position\":1,\"name\":\"Home\",\"item\":\"https:\\\/\\\/www.miamibeachfl.gov\\\/\"},{\"@type\":\"ListItem\",\"position\":2,\"name\":\"City Hall\",\"item\":\"https:\\\/\\\/www.miamibeachfl.gov\\\/city-hall\\\/\"},{\"@type\":\"ListItem\",\"position\":3,\"name\":\"Parking\"}]},{\"@type\":\"WebSite\",\"@id\":\"https:\\\/\\\/www.miamibeachfl.gov\\\/#website\",\"url\":\"https:\\\/\\\/www.miamibeachfl.gov\\\/\",\"name\":\"City of Miami Beach\",\"description\":\"The official website of the City of Miami Beach. Stay informed, find important information on city services, news, alerts, events, trolley routes, government employment and more.\",\"publisher\":{\"@id\":\"https:\\\/\\\/www.miamibeachfl.gov\\\/#organization\"},\"potentialAction\":[{\"@type\":\"SearchAction\",\"target\":{\"@type\":\"EntryPoint\",\"urlTemplate\":\"https:\\\/\\\/www.miamibeachfl.gov\\\/?s={search_term_string}\"},\"query-input\":{\"@type\":\"PropertyValueSpecification\",\"valueRequired\":true,\"valueName\":\"search_term_string\"}}],\"inLanguage\":\"ht\"},{\"@type\":\"Organization\",\"@id\":\"https:\\\/\\\/www.miamibeachfl.gov\\\/#organization\",\"name\":\"City of Miami Beach\",\"url\":\"https:\\\/\\\/www.miamibeachfl.gov\\\/\",\"logo\":{\"@type\":\"ImageObject\",\"inLanguage\":\"ht\",\"@id\":\"https:\\\/\\\/www.miamibeachfl.gov\\\/#\\\/schema\\\/logo\\\/image\\\/\",\"url\":\"https:\\\/\\\/www.miamibeachfl.gov\\\/wp-content\\\/uploads\\\/2022\\\/06\\\/miamibeach-logoblue.png\",\"contentUrl\":\"https:\\\/\\\/www.miamibeachfl.gov\\\/wp-content\\\/uploads\\\/2022\\\/06\\\/miamibeach-logoblue.png\",\"width\":1962,\"height\":381,\"caption\":\"City of Miami Beach\"},\"image\":{\"@id\":\"https:\\\/\\\/www.miamibeachfl.gov\\\/#\\\/schema\\\/logo\\\/image\\\/\"},\"sameAs\":[\"https:\\\/\\\/www.facebook.com\\\/cityofmiamibeach\",\"https:\\\/\\\/x.com\\\/Miamibeachnews\",\"https:\\\/\\\/www.instagram.com\\\/miamibeachnews\\\/\"],\"description\":\"The official website of the City of Miami Beach. Stay informed, find important information on city services, news, alerts, events, trolley routes, government employment and more.\",\"telephone\":\"305.604.CITY(2489)\",\"legalName\":\"City of Miami Beach\"}]}<\/script>\n<!-- \/ Yoast SEO Premium plugin. -->","yoast_head_json":{"title":"Pakin - Vil Miami Beach","description":"Depatman an jere epi opere 66 pakin sifas, 12 garaj, epi li gen 19 z\u00f2n pakin rezidansy\u00e8l ki gen p\u00e8mi pakin nan tout vil la.","robots":{"index":"index","follow":"follow","max-snippet":"max-snippet:-1","max-image-preview":"max-image-preview:large","max-video-preview":"max-video-preview:-1"},"canonical":"https:\/\/www.miamibeachfl.gov\/ht\/city-hall\/parking\/","og_locale":"ht_HT","og_type":"article","og_title":"Parking","og_description":"The department manages and operates 66 surface parking lots, 12 garages, and has 19 residential parking permit zones citywide.","og_url":"https:\/\/www.miamibeachfl.gov\/ht\/city-hall\/parking\/","og_site_name":"City of Miami Beach","article_publisher":"https:\/\/www.facebook.com\/cityofmiamibeach","article_modified_time":"2026-04-16T20:53:38+00:00","og_image":[{"width":1440,"height":1920,"url":"https:\/\/www.miamibeachfl.gov\/wp-content\/uploads\/2024\/04\/Parking-Garage1Sign.jpg","type":"image\/jpeg"}],"twitter_card":"summary_large_image","twitter_image":"https:\/\/www.miamibeachfl.gov\/wp-content\/uploads\/2024\/05\/ParkingHeros-ForResidents.jpeg","twitter_site":"@Miamibeachnews","schema":{"@context":"https:\/\/schema.org","@graph":[{"@type":"WebPage","@id":"https:\/\/www.miamibeachfl.gov\/city-hall\/parking\/","url":"https:\/\/www.miamibeachfl.gov\/city-hall\/parking\/","name":"Pakin - Vil Miami Beach","isPartOf":{"@id":"https:\/\/www.miamibeachfl.gov\/#website"},"primaryImageOfPage":{"@id":"https:\/\/www.miamibeachfl.gov\/city-hall\/parking\/#primaryimage"},"image":{"@id":"https:\/\/www.miamibeachfl.gov\/city-hall\/parking\/#primaryimage"},"thumbnailUrl":"https:\/\/www.miamibeachfl.gov\/wp-content\/uploads\/2024\/11\/MiamiNewDrama.jpeg","datePublished":"2024-04-04T18:21:36+00:00","dateModified":"2026-04-16T20:53:38+00:00","description":"Depatman an jere epi opere 66 pakin sifas, 12 garaj, epi li gen 19 z\u00f2n pakin rezidansy\u00e8l ki gen p\u00e8mi pakin nan tout vil la.","breadcrumb":{"@id":"https:\/\/www.miamibeachfl.gov\/city-hall\/parking\/#breadcrumb"},"inLanguage":"ht","potentialAction":[{"@type":"ReadAction","target":["https:\/\/www.miamibeachfl.gov\/city-hall\/parking\/"]}]},{"@type":"ImageObject","inLanguage":"ht","@id":"https:\/\/www.miamibeachfl.gov\/city-hall\/parking\/#primaryimage","url":"https:\/\/www.miamibeachfl.gov\/wp-content\/uploads\/2024\/11\/MiamiNewDrama.jpeg","contentUrl":"https:\/\/www.miamibeachfl.gov\/wp-content\/uploads\/2024\/11\/MiamiNewDrama.jpeg","width":400,"height":400,"caption":"Miami New Drama at Collins Parking Garage"},{"@type":"BreadcrumbList","@id":"https:\/\/www.miamibeachfl.gov\/city-hall\/parking\/#breadcrumb","itemListElement":[{"@type":"ListItem","position":1,"name":"Home","item":"https:\/\/www.miamibeachfl.gov\/"},{"@type":"ListItem","position":2,"name":"City Hall","item":"https:\/\/www.miamibeachfl.gov\/city-hall\/"},{"@type":"ListItem","position":3,"name":"Parking"}]},{"@type":"WebSite","@id":"https:\/\/www.miamibeachfl.gov\/#website","url":"https:\/\/www.miamibeachfl.gov\/","name":"Vil Miami Beach","description":"Sitw\u00e8b ofisy\u00e8l Vil Miami Beach la. Rete enf\u00f2me, jwenn enf\u00f2masyon enp\u00f2tan sou s\u00e8vis vil la, nouv\u00e8l, al\u00e8t, ev\u00e8nman, wout tramway, travay gouv\u00e8nman an ak plis ank\u00f2.","publisher":{"@id":"https:\/\/www.miamibeachfl.gov\/#organization"},"potentialAction":[{"@type":"SearchAction","target":{"@type":"EntryPoint","urlTemplate":"https:\/\/www.miamibeachfl.gov\/?s={search_term_string}"},"query-input":{"@type":"PropertyValueSpecification","valueRequired":true,"valueName":"search_term_string"}}],"inLanguage":"ht"},{"@type":"Organization","@id":"https:\/\/www.miamibeachfl.gov\/#organization","name":"Vil Miami Beach","url":"https:\/\/www.miamibeachfl.gov\/","logo":{"@type":"ImageObject","inLanguage":"ht","@id":"https:\/\/www.miamibeachfl.gov\/#\/schema\/logo\/image\/","url":"https:\/\/www.miamibeachfl.gov\/wp-content\/uploads\/2022\/06\/miamibeach-logoblue.png","contentUrl":"https:\/\/www.miamibeachfl.gov\/wp-content\/uploads\/2022\/06\/miamibeach-logoblue.png","width":1962,"height":381,"caption":"City of Miami Beach"},"image":{"@id":"https:\/\/www.miamibeachfl.gov\/#\/schema\/logo\/image\/"},"sameAs":["https:\/\/www.facebook.com\/cityofmiamibeach","https:\/\/x.com\/Miamibeachnews","https:\/\/www.instagram.com\/miamibeachnews\/"],"description":"Sitw\u00e8b ofisy\u00e8l Vil Miami Beach la. Rete enf\u00f2me, jwenn enf\u00f2masyon enp\u00f2tan sou s\u00e8vis vil la, nouv\u00e8l, al\u00e8t, ev\u00e8nman, wout tramway, travay gouv\u00e8nman an ak plis ank\u00f2.","telephone":"305.604.CITY(2489)","legalName":"City of Miami Beach"}]}},"_links":{"self":[{"href":"https:\/\/www.miamibeachfl.gov\/ht\/wp-json\/wp\/v2\/pages\/295615","targetHints":{"allow":["GET"]}}],"collection":[{"href":"https:\/\/www.miamibeachfl.gov\/ht\/wp-json\/wp\/v2\/pages"}],"about":[{"href":"https:\/\/www.miamibeachfl.gov\/ht\/wp-json\/wp\/v2\/types\/page"}],"author":[{"embeddable":true,"href":"https:\/\/www.miamibeachfl.gov\/ht\/wp-json\/wp\/v2\/users\/222"}],"replies":[{"embeddable":true,"href":"https:\/\/www.miamibeachfl.gov\/ht\/wp-json\/wp\/v2\/comments?post=295615"}],"version-history":[{"count":12,"href":"https:\/\/www.miamibeachfl.gov\/ht\/wp-json\/wp\/v2\/pages\/295615\/revisions"}],"predecessor-version":[{"id":399042,"href":"https:\/\/www.miamibeachfl.gov\/ht\/wp-json\/wp\/v2\/pages\/295615\/revisions\/399042"}],"up":[{"embeddable":true,"href":"https:\/\/www.miamibeachfl.gov\/ht\/wp-json\/wp\/v2\/pages\/28206"}],"wp:featuredmedia":[{"embeddable":true,"href":"https:\/\/www.miamibeachfl.gov\/ht\/wp-json\/wp\/v2\/media\/347253"}],"wp:attachment":[{"href":"https:\/\/www.miamibeachfl.gov\/ht\/wp-json\/wp\/v2\/media?parent=295615"}],"wp:term":[{"taxonomy":"category","embeddable":true,"href":"https:\/\/www.miamibeachfl.gov\/ht\/wp-json\/wp\/v2\/categories?post=295615"},{"taxonomy":"post_tag","embeddable":true,"href":"https:\/\/www.miamibeachfl.gov\/ht\/wp-json\/wp\/v2\/tags?post=295615"}],"curies":[{"name":"wp","href":"https:\/\/api.w.org\/{rel}","templated":true}]}}