{"id":307100,"date":"2024-04-29T10:42:47","date_gmt":"2024-04-29T14:42:47","guid":{"rendered":"https:\/\/www.miamibeachfl.gov\/?page_id=307100"},"modified":"2025-08-05T09:08:50","modified_gmt":"2025-08-05T13:08:50","slug":"trolleytracker","status":"publish","type":"page","link":"https:\/\/www.miamibeachfl.gov\/ht\/trolleytracker\/","title":{"rendered":"Suivi Trolley"},"content":{"rendered":"<h1>\n\t\t\tSwiv Trolley la\t<\/h1>\n\t<p>Planifye woulib gratis ou a av\u00e8k nou <a href=\"#mbtrolleytracker\"><strong>Suivi Trolley Miami Beach<\/strong><\/a> \u2013 oubyen telechaje a <strong><a href=\"#transitapp\">Aplikasyon Transp\u00f2<\/a>.\u00a0<\/strong><\/p>\n\t<iframe loading=\"lazy\" src=\"https:\/\/maps.trilliumtransit.com\/map\/feed\/miamibeach-fl-us\" width=\"100%\" height=\"1300\" title=\"deskripsyon_kontni_iframe\">\n  <!-- Optional fallback content for browsers that don't support iframes -->\n  <p>Navigat\u00e8 w la pa sip\u00f2te iframes.<\/p>\n<\/iframe>\n\t\t\t<h3>Aplikasyon Transp\u00f2<\/h3>\n\t\t\t\t<p>Aplikasyon Transp\u00f2 a amelyore kapasite ou pou swiv trolley yo an tan rey\u00e8l av\u00e8k fonksyonalite adisyon\u00e8l ki f\u00e8t pou amelyore eksperyans transp\u00f2 ou. Vil la kouvri pri ab\u00f2nman prim aplikasyon an, ke yo rele &quot;Royale,&quot; kidonk tout itilizat\u00e8 nou yo ka jwenn aks\u00e8 a fonksyonalite prim sa yo gratis l\u00e8 y ap swiv trolley yo nan Miami Beach.<\/p>\n\t<p><strong>K\u00f2manse av\u00e8k aplikasyon transp\u00f2 a nan twa etap fasil:<\/strong><\/p>\n<strong>1. Telechaje aplikasyon an:<br \/>\n<\/strong><br \/>\n<a href=\"https:\/\/itunes.apple.com\/app\/apple-store\/id498151501?pt=2090552&amp;ct=website-homepage&amp;mt=8\"><img loading=\"lazy\" decoding=\"async\" src=\"https:\/\/www.miamibeachfl.gov\/wp-content\/uploads\/2024\/01\/AppleStoreButton.png\" alt=\"Download App from Apple Store Button\" width=\"211\" height=\"63\" \/><\/a>\n<p><a href=\"https:\/\/play.google.com\/store\/apps\/details?id=com.thetransitapp.droid&amp;referrer=utm_source%3Dtransit%26utm_medium%3Dwebsite-homepage%26utm_campaign%3Dwebsite-homepage\"><img loading=\"lazy\" decoding=\"async\" src=\"https:\/\/www.miamibeachfl.gov\/wp-content\/uploads\/2024\/01\/GooglePlayButton.png\" alt=\"Download app on Google Play\" width=\"212\" height=\"63\" \/><\/a><\/p>\n<p><strong>2. Louvri aplikasyon an.<\/strong><\/p>\n<p><strong>3. Ch\u00e8che wout tramway Miami Beach yo pou k\u00f2manse swiv yo an tan rey\u00e8l.<\/strong><\/p>\n\t\t\t<a href=\"https:\/\/transitapp.com\/\" target=\"_self\">\n\t\t\t\t\t\tVizite sitw\u00e8b aplikasyon transp\u00f2 a pou plis enf\u00f2masyon\n\t\t\t\t\t<\/a>\n\t<p>Yon l\u00f2t opsyon se ekip s\u00e8vis kliyan nou an ki disponib nan <a href=\"tel:3056737117\">305.673.7117<\/a> pou bay l\u00e8 pou rive trolley a dir\u00e8kteman. Itilizat\u00e8 yo kapab voye yon mesaj t\u00e8ks bay nimewo ID ar\u00e8 Vil Miami Beach la (ki disponib sou tout siy ar\u00e8 trolley yo) pou <a href=\"tel:7869814545\">786.981.4545<\/a> pou resevwa l\u00e8 rive yo pa mesaj t\u00e8ks.<\/p>\n<p>S\u00e8vis tramway gratis Miami Beach la pou tout vil la fonksyone 15 \u00e8dtan pa jou, soti 8\u00e8 dimaten rive 11\u00e8 diswa, 7 jou pa sem\u00e8n ak yon frekans s\u00e8vis mway\u00e8n apepr\u00e8 20 minit sou chak wout.<\/p>\n\t<p><strong>Bezwen plis asistans?<\/strong> Si ou bezwen \u00e8d ak Aplikasyon Transit la oswa ou gen l\u00f2t kesyon sou s\u00e8vis tramway Miami Beach yo, tanpri kontakte s\u00e8vis kliyan nou an nan <a href=\"mailto:trolley@miamibeachfl.gov\">trolley@miamibeachfl.gov<\/a><\/p>\n<p><strong>Ansyen founis\u00e8 swivi charyo nan vil la, TSO Mobile, pa an s\u00e8vis ank\u00f2.<\/strong><\/p>","protected":false},"excerpt":{"rendered":"<p>Swiv Trolley la Planifye vwayaj gratis ou a av\u00e8k Miami Beach Trolley Tracker nou an \u2013 oubyen telechaje aplikasyon Transit la. Ou [\u2026]<\/p>","protected":false},"author":222,"featured_media":0,"parent":0,"menu_order":19,"comment_status":"closed","ping_status":"closed","template":"","meta":{"_searchwp_excluded":"","site-sidebar-layout":"default","site-content-layout":"","ast-site-content-layout":"","site-content-style":"default","site-sidebar-style":"default","ast-global-header-display":"disabled","ast-banner-title-visibility":"","ast-main-header-display":"","ast-hfb-above-header-display":"","ast-hfb-below-header-display":"","ast-hfb-mobile-header-display":"","site-post-title":"","ast-breadcrumbs-content":"","ast-featured-img":"","footer-sml-layout":"disabled","theme-transparent-header-meta":"","adv-header-id-meta":"","stick-header-meta":"","header-above-stick-meta":"","header-main-stick-meta":"","header-below-stick-meta":"","astra-migrate-meta-layouts":"default","ast-page-background-enabled":"default","ast-page-background-meta":{"desktop":{"background-color":"var(--ast-global-color-5)","background-image":"","background-repeat":"repeat","background-position":"center center","background-size":"auto","background-attachment":"scroll","background-type":"","background-media":"","overlay-type":"","overlay-color":"","overlay-opacity":"","overlay-gradient":""},"tablet":{"background-color":"","background-image":"","background-repeat":"repeat","background-position":"center center","background-size":"auto","background-attachment":"scroll","background-type":"","background-media":"","overlay-type":"","overlay-color":"","overlay-opacity":"","overlay-gradient":""},"mobile":{"background-color":"","background-image":"","background-repeat":"repeat","background-position":"center center","background-size":"auto","background-attachment":"scroll","background-type":"","background-media":"","overlay-type":"","overlay-color":"","overlay-opacity":"","overlay-gradient":""}},"ast-content-background-meta":{"desktop":{"background-color":"var(--ast-global-color-4)","background-image":"","background-repeat":"repeat","background-position":"center center","background-size":"auto","background-attachment":"scroll","background-type":"","background-media":"","overlay-type":"","overlay-color":"","overlay-opacity":"","overlay-gradient":""},"tablet":{"background-color":"var(--ast-global-color-4)","background-image":"","background-repeat":"repeat","background-position":"center center","background-size":"auto","background-attachment":"scroll","background-type":"","background-media":"","overlay-type":"","overlay-color":"","overlay-opacity":"","overlay-gradient":""},"mobile":{"background-color":"var(--ast-global-color-4)","background-image":"","background-repeat":"repeat","background-position":"center center","background-size":"auto","background-attachment":"scroll","background-type":"","background-media":"","overlay-type":"","overlay-color":"","overlay-opacity":"","overlay-gradient":""}},"footnotes":""},"categories":[],"tags":[1002],"class_list":["post-307100","page","type-page","status-publish","hentry","tag-app-egov-page"],"yoast_head":"<!-- This site is optimized with the Yoast SEO Premium plugin v26.6 (Yoast SEO v26.6) - https:\/\/yoast.com\/wordpress\/plugins\/seo\/ -->\n<title>Trolley Tracker - City of Miami Beach<\/title>\n<meta name=\"description\" content=\"%\" \/>\n<meta name=\"robots\" content=\"index, follow, max-snippet:-1, max-image-preview:large, max-video-preview:-1\" \/>\n<link rel=\"canonical\" href=\"https:\/\/www.miamibeachfl.gov\/ht\/trolleytracker\/\" \/>\n<meta property=\"og:locale\" content=\"ht_HT\" \/>\n<meta property=\"og:type\" content=\"article\" \/>\n<meta property=\"og:title\" content=\"Trolley Tracker\" \/>\n<meta property=\"og:description\" content=\"%\" \/>\n<meta property=\"og:url\" content=\"https:\/\/www.miamibeachfl.gov\/ht\/trolleytracker\/\" \/>\n<meta property=\"og:site_name\" content=\"City of Miami Beach\" \/>\n<meta property=\"article:publisher\" content=\"https:\/\/www.facebook.com\/cityofmiamibeach\" \/>\n<meta property=\"article:modified_time\" content=\"2025-08-05T13:08:50+00:00\" \/>\n<meta property=\"og:image\" content=\"https:\/\/www.miamibeachfl.gov\/wp-content\/uploads\/2024\/01\/AppleStoreButton.png\" \/>\n<meta name=\"twitter:card\" content=\"summary_large_image\" \/>\n<meta name=\"twitter:site\" content=\"@Miamibeachnews\" \/>\n<script type=\"application\/ld+json\" class=\"yoast-schema-graph\">{\"@context\":\"https:\/\/schema.org\",\"@graph\":[{\"@type\":\"WebPage\",\"@id\":\"https:\/\/www.miamibeachfl.gov\/trolleytracker\/\",\"url\":\"https:\/\/www.miamibeachfl.gov\/trolleytracker\/\",\"name\":\"Trolley Tracker - City of Miami Beach\",\"isPartOf\":{\"@id\":\"https:\/\/www.miamibeachfl.gov\/#website\"},\"primaryImageOfPage\":{\"@id\":\"https:\/\/www.miamibeachfl.gov\/trolleytracker\/#primaryimage\"},\"image\":{\"@id\":\"https:\/\/www.miamibeachfl.gov\/trolleytracker\/#primaryimage\"},\"thumbnailUrl\":\"https:\/\/www.miamibeachfl.gov\/wp-content\/uploads\/2024\/01\/AppleStoreButton.png\",\"datePublished\":\"2024-04-29T14:42:47+00:00\",\"dateModified\":\"2025-08-05T13:08:50+00:00\",\"description\":\"%\",\"breadcrumb\":{\"@id\":\"https:\/\/www.miamibeachfl.gov\/trolleytracker\/#breadcrumb\"},\"inLanguage\":\"ht\",\"potentialAction\":[{\"@type\":\"ReadAction\",\"target\":[\"https:\/\/www.miamibeachfl.gov\/trolleytracker\/\"]}]},{\"@type\":\"ImageObject\",\"inLanguage\":\"ht\",\"@id\":\"https:\/\/www.miamibeachfl.gov\/trolleytracker\/#primaryimage\",\"url\":\"https:\/\/www.miamibeachfl.gov\/wp-content\/uploads\/2024\/01\/AppleStoreButton.png\",\"contentUrl\":\"https:\/\/www.miamibeachfl.gov\/wp-content\/uploads\/2024\/01\/AppleStoreButton.png\"},{\"@type\":\"BreadcrumbList\",\"@id\":\"https:\/\/www.miamibeachfl.gov\/trolleytracker\/#breadcrumb\",\"itemListElement\":[{\"@type\":\"ListItem\",\"position\":1,\"name\":\"Home\",\"item\":\"https:\/\/www.miamibeachfl.gov\/\"},{\"@type\":\"ListItem\",\"position\":2,\"name\":\"Trolley Tracker\"}]},{\"@type\":\"WebSite\",\"@id\":\"https:\/\/www.miamibeachfl.gov\/#website\",\"url\":\"https:\/\/www.miamibeachfl.gov\/\",\"name\":\"City of Miami Beach\",\"description\":\"The official website of the City of Miami Beach. Stay informed, find important information on city services, news, alerts, events, trolley routes, government employment and more.\",\"publisher\":{\"@id\":\"https:\/\/www.miamibeachfl.gov\/#organization\"},\"potentialAction\":[{\"@type\":\"SearchAction\",\"target\":{\"@type\":\"EntryPoint\",\"urlTemplate\":\"https:\/\/www.miamibeachfl.gov\/?s={search_term_string}\"},\"query-input\":{\"@type\":\"PropertyValueSpecification\",\"valueRequired\":true,\"valueName\":\"search_term_string\"}}],\"inLanguage\":\"ht\"},{\"@type\":\"Organization\",\"@id\":\"https:\/\/www.miamibeachfl.gov\/#organization\",\"name\":\"City of Miami Beach\",\"url\":\"https:\/\/www.miamibeachfl.gov\/\",\"logo\":{\"@type\":\"ImageObject\",\"inLanguage\":\"ht\",\"@id\":\"https:\/\/www.miamibeachfl.gov\/#\/schema\/logo\/image\/\",\"url\":\"https:\/\/www.miamibeachfl.gov\/wp-content\/uploads\/2022\/06\/miamibeach-logoblue.png\",\"contentUrl\":\"https:\/\/www.miamibeachfl.gov\/wp-content\/uploads\/2022\/06\/miamibeach-logoblue.png\",\"width\":1962,\"height\":381,\"caption\":\"City of Miami Beach\"},\"image\":{\"@id\":\"https:\/\/www.miamibeachfl.gov\/#\/schema\/logo\/image\/\"},\"sameAs\":[\"https:\/\/www.facebook.com\/cityofmiamibeach\",\"https:\/\/x.com\/Miamibeachnews\",\"https:\/\/www.instagram.com\/miamibeachnews\/\"],\"description\":\"The official website of the City of Miami Beach. Stay informed, find important information on city services, news, alerts, events, trolley routes, government employment and more.\",\"telephone\":\"305.604.CITY(2489)\",\"legalName\":\"City of Miami Beach\"}]}<\/script>\n<!-- \/ Yoast SEO Premium plugin. -->","yoast_head_json":{"title":"Sist\u00e8m swivi trolley - Vil Miami Beach","description":"%","robots":{"index":"index","follow":"follow","max-snippet":"max-snippet:-1","max-image-preview":"max-image-preview:large","max-video-preview":"max-video-preview:-1"},"canonical":"https:\/\/www.miamibeachfl.gov\/ht\/trolleytracker\/","og_locale":"ht_HT","og_type":"article","og_title":"Trolley Tracker","og_description":"%","og_url":"https:\/\/www.miamibeachfl.gov\/ht\/trolleytracker\/","og_site_name":"City of Miami Beach","article_publisher":"https:\/\/www.facebook.com\/cityofmiamibeach","article_modified_time":"2025-08-05T13:08:50+00:00","og_image":[{"url":"https:\/\/www.miamibeachfl.gov\/wp-content\/uploads\/2024\/01\/AppleStoreButton.png","type":"","width":"","height":""}],"twitter_card":"summary_large_image","twitter_site":"@Miamibeachnews","schema":{"@context":"https:\/\/schema.org","@graph":[{"@type":"WebPage","@id":"https:\/\/www.miamibeachfl.gov\/trolleytracker\/","url":"https:\/\/www.miamibeachfl.gov\/trolleytracker\/","name":"Sist\u00e8m swivi trolley - Vil Miami Beach","isPartOf":{"@id":"https:\/\/www.miamibeachfl.gov\/#website"},"primaryImageOfPage":{"@id":"https:\/\/www.miamibeachfl.gov\/trolleytracker\/#primaryimage"},"image":{"@id":"https:\/\/www.miamibeachfl.gov\/trolleytracker\/#primaryimage"},"thumbnailUrl":"https:\/\/www.miamibeachfl.gov\/wp-content\/uploads\/2024\/01\/AppleStoreButton.png","datePublished":"2024-04-29T14:42:47+00:00","dateModified":"2025-08-05T13:08:50+00:00","description":"%","breadcrumb":{"@id":"https:\/\/www.miamibeachfl.gov\/trolleytracker\/#breadcrumb"},"inLanguage":"ht","potentialAction":[{"@type":"ReadAction","target":["https:\/\/www.miamibeachfl.gov\/trolleytracker\/"]}]},{"@type":"ImageObject","inLanguage":"ht","@id":"https:\/\/www.miamibeachfl.gov\/trolleytracker\/#primaryimage","url":"https:\/\/www.miamibeachfl.gov\/wp-content\/uploads\/2024\/01\/AppleStoreButton.png","contentUrl":"https:\/\/www.miamibeachfl.gov\/wp-content\/uploads\/2024\/01\/AppleStoreButton.png"},{"@type":"BreadcrumbList","@id":"https:\/\/www.miamibeachfl.gov\/trolleytracker\/#breadcrumb","itemListElement":[{"@type":"ListItem","position":1,"name":"Home","item":"https:\/\/www.miamibeachfl.gov\/"},{"@type":"ListItem","position":2,"name":"Trolley Tracker"}]},{"@type":"WebSite","@id":"https:\/\/www.miamibeachfl.gov\/#website","url":"https:\/\/www.miamibeachfl.gov\/","name":"Vil Miami Beach","description":"Sitw\u00e8b ofisy\u00e8l Vil Miami Beach la. Rete enf\u00f2me, jwenn enf\u00f2masyon enp\u00f2tan sou s\u00e8vis vil la, nouv\u00e8l, al\u00e8t, ev\u00e8nman, wout tramway, travay gouv\u00e8nman an ak plis ank\u00f2.","publisher":{"@id":"https:\/\/www.miamibeachfl.gov\/#organization"},"potentialAction":[{"@type":"SearchAction","target":{"@type":"EntryPoint","urlTemplate":"https:\/\/www.miamibeachfl.gov\/?s={search_term_string}"},"query-input":{"@type":"PropertyValueSpecification","valueRequired":true,"valueName":"search_term_string"}}],"inLanguage":"ht"},{"@type":"Organization","@id":"https:\/\/www.miamibeachfl.gov\/#organization","name":"Vil Miami Beach","url":"https:\/\/www.miamibeachfl.gov\/","logo":{"@type":"ImageObject","inLanguage":"ht","@id":"https:\/\/www.miamibeachfl.gov\/#\/schema\/logo\/image\/","url":"https:\/\/www.miamibeachfl.gov\/wp-content\/uploads\/2022\/06\/miamibeach-logoblue.png","contentUrl":"https:\/\/www.miamibeachfl.gov\/wp-content\/uploads\/2022\/06\/miamibeach-logoblue.png","width":1962,"height":381,"caption":"City of Miami Beach"},"image":{"@id":"https:\/\/www.miamibeachfl.gov\/#\/schema\/logo\/image\/"},"sameAs":["https:\/\/www.facebook.com\/cityofmiamibeach","https:\/\/x.com\/Miamibeachnews","https:\/\/www.instagram.com\/miamibeachnews\/"],"description":"Sitw\u00e8b ofisy\u00e8l Vil Miami Beach la. Rete enf\u00f2me, jwenn enf\u00f2masyon enp\u00f2tan sou s\u00e8vis vil la, nouv\u00e8l, al\u00e8t, ev\u00e8nman, wout tramway, travay gouv\u00e8nman an ak plis ank\u00f2.","telephone":"305.604.CITY(2489)","legalName":"City of Miami Beach"}]}},"_links":{"self":[{"href":"https:\/\/www.miamibeachfl.gov\/ht\/wp-json\/wp\/v2\/pages\/307100","targetHints":{"allow":["GET"]}}],"collection":[{"href":"https:\/\/www.miamibeachfl.gov\/ht\/wp-json\/wp\/v2\/pages"}],"about":[{"href":"https:\/\/www.miamibeachfl.gov\/ht\/wp-json\/wp\/v2\/types\/page"}],"author":[{"embeddable":true,"href":"https:\/\/www.miamibeachfl.gov\/ht\/wp-json\/wp\/v2\/users\/222"}],"replies":[{"embeddable":true,"href":"https:\/\/www.miamibeachfl.gov\/ht\/wp-json\/wp\/v2\/comments?post=307100"}],"version-history":[{"count":0,"href":"https:\/\/www.miamibeachfl.gov\/ht\/wp-json\/wp\/v2\/pages\/307100\/revisions"}],"wp:attachment":[{"href":"https:\/\/www.miamibeachfl.gov\/ht\/wp-json\/wp\/v2\/media?parent=307100"}],"wp:term":[{"taxonomy":"category","embeddable":true,"href":"https:\/\/www.miamibeachfl.gov\/ht\/wp-json\/wp\/v2\/categories?post=307100"},{"taxonomy":"post_tag","embeddable":true,"href":"https:\/\/www.miamibeachfl.gov\/ht\/wp-json\/wp\/v2\/tags?post=307100"}],"curies":[{"name":"wp","href":"https:\/\/api.w.org\/{rel}","templated":true}]}}