{"id":314040,"date":"2024-05-17T16:11:24","date_gmt":"2024-05-17T20:11:24","guid":{"rendered":"https:\/\/www.miamibeachfl.gov\/?page_id=314040"},"modified":"2026-01-21T13:28:57","modified_gmt":"2026-01-21T18:28:57","slug":"facilities-and-fleet-management","status":"publish","type":"page","link":"https:\/\/www.miamibeachfl.gov\/ht\/city-hall\/facilities-and-fleet-management\/","title":{"rendered":"Jesyon Enstalasyon ak Fl\u00f2t"},"content":{"rendered":"<h1>\n\t\t<a href=\"\/ht\/city-hall\/facilities-and-fleet-management\/\" title=\"Jesyon Enstalasyon ak Fl\u00f2t\"  target=\"_self\">\n\t\t\tJesyon Enstalasyon ak Fl\u00f2t\t\t<\/a>\n\t<\/h1>\nMeni Pak ak Lwazi\t\t\t\n\t\t\t\t\t<ul id=\"menu-facilities-and-fleet-management\"><li id=\"menu-item-318139\"><a href=\"https:\/\/www.miamibeachfl.gov\/ht\/city-hall\/facilities-and-fleet-management\/asset-management\/\">Jesyon Byen<\/a><\/li>\n<li id=\"menu-item-318138\"><a href=\"https:\/\/www.miamibeachfl.gov\/ht\/city-hall\/facilities-and-fleet-management\/facilities-management\/\">Jesyon Enstalasyon yo<\/a><\/li>\n<li id=\"menu-item-318137\"><a href=\"https:\/\/www.miamibeachfl.gov\/ht\/city-hall\/facilities-and-fleet-management\/fleet-management\/\">Jesyon Fl\u00f2t<\/a><\/li>\n<li id=\"menu-item-317111\"><a href=\"https:\/\/apps.miamibeachfl.gov\/egovweb\">Rap\u00f2te yon pwobl\u00e8m<\/a><\/li>\n<li id=\"menu-item-317110\"><a href=\"https:\/\/www.miamibeachfl.gov\/ht\/city-hall\/facilities-and-fleet-management\/beach-concessions\/\">P\u00e8mi Konsesyon Plaj<\/a><\/li>\n<\/ul>\t\nMeni Pak ak Lwazi \u00d7\t\t\t\t\t\t<ul id=\"menu-facilities-and-fleet-management-1\"><li id=\"menu-item-318139\"><a href=\"https:\/\/www.miamibeachfl.gov\/ht\/city-hall\/facilities-and-fleet-management\/asset-management\/\">Jesyon Byen<\/a><\/li>\n<li id=\"menu-item-318138\"><a href=\"https:\/\/www.miamibeachfl.gov\/ht\/city-hall\/facilities-and-fleet-management\/facilities-management\/\">Jesyon Enstalasyon yo<\/a><\/li>\n<li id=\"menu-item-318137\"><a href=\"https:\/\/www.miamibeachfl.gov\/ht\/city-hall\/facilities-and-fleet-management\/fleet-management\/\">Jesyon Fl\u00f2t<\/a><\/li>\n<li id=\"menu-item-317111\"><a href=\"https:\/\/apps.miamibeachfl.gov\/egovweb\">Rap\u00f2te yon pwobl\u00e8m<\/a><\/li>\n<li id=\"menu-item-317110\"><a href=\"https:\/\/www.miamibeachfl.gov\/ht\/city-hall\/facilities-and-fleet-management\/beach-concessions\/\">P\u00e8mi Konsesyon Plaj<\/a><\/li>\n<\/ul>\t\t\t\t\n\t<p>Depatman Jesyon Enstalasyon ak Fl\u00f2t la bay jesyon konpl\u00e8 ak antretyen byen ki pou vil la, tankou enstalasyon, byen imobilye, ak machin fl\u00f2t. N\u00f2m endistri yo, r\u00e8gleman yo, senplifikasyon pwosesis yo, ak desizyon ki baze sou done yo louvri chemen pou sip\u00f2te s\u00e8vis vil sa yo.<\/p>\n\t<p>Depatman an responsab twa divizyon: Jesyon Byen, Jesyon Enstalasyon, ak Jesyon Fl\u00f2t. Divizyon sa yo konpoze de travay\u00e8 pwofesyon\u00e8l, kalifye, ak moun ki pa kalifye.<\/p>\n\t<a href=\"\/ht\/city-hall\/facilities-and-fleet-management\/asset-management\/\" target=\"_self\"  aria-label=\"Ale nan \/city-hall\/facilities-and-fleet-management\/asset-management\/\"><\/a>\n\t\t<h3>Jesyon Byen<\/h3>\t\t\t\n\t<a href=\"\/ht\/city-hall\/facilities-and-fleet-management\/facilities-management\/\" target=\"_blank\" rel=\"noopener\" aria-label=\"Ale nan \/city-hall\/facilities-and-fleet-management\/facilities-management\/\"><\/a>\n\t\t<h3>Jesyon Enstalasyon yo<\/h3>\t\t\t\n\t<a href=\"\/ht\/city-hall\/facilities-and-fleet-management\/fleet-management\/\" target=\"_self\"  aria-label=\"Ale nan \/city-hall\/facilities-and-fleet-management\/fleet-management\/\"><\/a>\n\t\t<h3>Jesyon Fl\u00f2t<\/h3>\t\t\t\n\t\t<h3>Ron Mumaw<\/h3>Direkt\u00e8 Jesyon Enstalasyon ak Fl\u00f2t\n\t<ul>\n\t\t<li><a href=\"https:\/\/maps.app.goo.gl\/P2U27MCrP7DEyQqp8\" target=\"_blank\" rel=\"noopener\" aria-label=\"Ale sou https:\/\/maps.app.goo.gl\/P2U27MCrP7DEyQqp8\">\t\t\t\t\n\t\t<h3>Biwo Prensipal:<\/h3><p>1833 Bay Road,<br \/>Miami Beach, Florid 33139<\/p><\/a><\/li><li><a href=\"tel:3056737631\" target=\"_self\"  aria-label=\"Ale nan nimewo telef\u00f2n sa a: 3056737631\">\t\t\t\t\n\t\t<h3>Nimewo Prensipal:<\/h3><p>305.673.7631<\/p><\/a><\/li><li>\t\t\t\t\n\t\t<h3>Or\u00e8 Operasyon:<\/h3><p>Lendi \u2013 Vandredi<br \/>7:30 am \u2013 5:00 pm<\/p><\/li><li><a href=\"https:\/\/www.miamibeachfl.gov\/ht\/city-hall\/facilities-and-fleet-management\/additional-contacts\/\" target=\"_self\"  aria-label=\"Ale sou https:\/\/www.miamibeachfl.gov\/city-hall\/facilities-and-fleet-management\/additional-contacts\/\">\t\t\t\t\n\t\t<h3>Enf\u00f2masyon pou Kontakte Anplis<\/h3><\/a><\/li>\t<\/ul>","protected":false},"excerpt":{"rendered":"<p><a href=\"tel:3056737631\" style=\"text-decoration:none; color:#004896;\"><br \/>\n    <i class=\"fa-solid fa-phone\"><\/i> 305.673.7631<br \/>\n<\/a><a href=\"https:\/\/www.miamibeachfl.gov\/ht\/city-hall\/facilities-and-fleet-management\/additional-contacts\/\" style=\"text-decoration:none; color:#004896;\"><br \/>\n    <i class=\"fa-solid fa-circle-info\"><\/i> Enf\u00f2masyon pou kontakte<br \/>\n<\/a><\/p>","protected":false},"author":329,"featured_media":260856,"parent":28206,"menu_order":148,"comment_status":"closed","ping_status":"closed","template":"","meta":{"_searchwp_excluded":"","site-sidebar-layout":"default","site-content-layout":"","ast-site-content-layout":"default","site-content-style":"default","site-sidebar-style":"default","ast-global-header-display":"","ast-banner-title-visibility":"","ast-main-header-display":"","ast-hfb-above-header-display":"","ast-hfb-below-header-display":"","ast-hfb-mobile-header-display":"","site-post-title":"","ast-breadcrumbs-content":"","ast-featured-img":"","footer-sml-layout":"","theme-transparent-header-meta":"","adv-header-id-meta":"","stick-header-meta":"","header-above-stick-meta":"","header-main-stick-meta":"","header-below-stick-meta":"","astra-migrate-meta-layouts":"default","ast-page-background-enabled":"default","ast-page-background-meta":{"desktop":{"background-color":"var(--ast-global-color-5)","background-image":"","background-repeat":"repeat","background-position":"center center","background-size":"auto","background-attachment":"scroll","background-type":"","background-media":"","overlay-type":"","overlay-color":"","overlay-opacity":"","overlay-gradient":""},"tablet":{"background-color":"","background-image":"","background-repeat":"repeat","background-position":"center center","background-size":"auto","background-attachment":"scroll","background-type":"","background-media":"","overlay-type":"","overlay-color":"","overlay-opacity":"","overlay-gradient":""},"mobile":{"background-color":"","background-image":"","background-repeat":"repeat","background-position":"center center","background-size":"auto","background-attachment":"scroll","background-type":"","background-media":"","overlay-type":"","overlay-color":"","overlay-opacity":"","overlay-gradient":""}},"ast-content-background-meta":{"desktop":{"background-color":"var(--ast-global-color-4)","background-image":"","background-repeat":"repeat","background-position":"center center","background-size":"auto","background-attachment":"scroll","background-type":"","background-media":"","overlay-type":"","overlay-color":"","overlay-opacity":"","overlay-gradient":""},"tablet":{"background-color":"var(--ast-global-color-4)","background-image":"","background-repeat":"repeat","background-position":"center center","background-size":"auto","background-attachment":"scroll","background-type":"","background-media":"","overlay-type":"","overlay-color":"","overlay-opacity":"","overlay-gradient":""},"mobile":{"background-color":"var(--ast-global-color-4)","background-image":"","background-repeat":"repeat","background-position":"center center","background-size":"auto","background-attachment":"scroll","background-type":"","background-media":"","overlay-type":"","overlay-color":"","overlay-opacity":"","overlay-gradient":""}},"footnotes":""},"categories":[1],"tags":[],"class_list":["post-314040","page","type-page","status-publish","has-post-thumbnail","hentry","category-uncategorized"],"yoast_head":"<!-- This site is optimized with the Yoast SEO Premium plugin v27.4 (Yoast SEO v27.4) - https:\/\/yoast.com\/product\/yoast-seo-premium-wordpress\/ -->\n<title>Facilities &amp; Fleet Management - City of Miami Beach<\/title>\n<meta name=\"description\" content=\"%\" \/>\n<meta name=\"robots\" content=\"index, follow, max-snippet:-1, max-image-preview:large, max-video-preview:-1\" \/>\n<link rel=\"canonical\" href=\"https:\/\/www.miamibeachfl.gov\/ht\/city-hall\/facilities-and-fleet-management\/\" \/>\n<meta property=\"og:locale\" content=\"ht_HT\" \/>\n<meta property=\"og:type\" content=\"article\" \/>\n<meta property=\"og:title\" content=\"Facilities &amp; Fleet Management\" \/>\n<meta property=\"og:description\" content=\"%\" \/>\n<meta property=\"og:url\" content=\"https:\/\/www.miamibeachfl.gov\/ht\/city-hall\/facilities-and-fleet-management\/\" \/>\n<meta property=\"og:site_name\" content=\"City of Miami Beach\" \/>\n<meta property=\"article:publisher\" content=\"https:\/\/www.facebook.com\/cityofmiamibeach\" \/>\n<meta property=\"article:modified_time\" content=\"2026-01-21T18:28:57+00:00\" \/>\n<meta property=\"og:image\" content=\"https:\/\/www.miamibeachfl.gov\/wp-content\/uploads\/2023\/05\/Fleet-yard-property-management.jpg\" \/>\n\t<meta property=\"og:image:width\" content=\"542\" \/>\n\t<meta property=\"og:image:height\" content=\"542\" \/>\n\t<meta property=\"og:image:type\" content=\"image\/jpeg\" \/>\n<meta name=\"twitter:card\" content=\"summary_large_image\" \/>\n<meta name=\"twitter:site\" content=\"@Miamibeachnews\" \/>\n<script type=\"application\/ld+json\" class=\"yoast-schema-graph\">{\"@context\":\"https:\\\/\\\/schema.org\",\"@graph\":[{\"@type\":\"WebPage\",\"@id\":\"https:\\\/\\\/www.miamibeachfl.gov\\\/city-hall\\\/facilities-and-fleet-management\\\/\",\"url\":\"https:\\\/\\\/www.miamibeachfl.gov\\\/city-hall\\\/facilities-and-fleet-management\\\/\",\"name\":\"Facilities & Fleet Management - City of Miami Beach\",\"isPartOf\":{\"@id\":\"https:\\\/\\\/www.miamibeachfl.gov\\\/#website\"},\"primaryImageOfPage\":{\"@id\":\"https:\\\/\\\/www.miamibeachfl.gov\\\/city-hall\\\/facilities-and-fleet-management\\\/#primaryimage\"},\"image\":{\"@id\":\"https:\\\/\\\/www.miamibeachfl.gov\\\/city-hall\\\/facilities-and-fleet-management\\\/#primaryimage\"},\"thumbnailUrl\":\"https:\\\/\\\/www.miamibeachfl.gov\\\/wp-content\\\/uploads\\\/2023\\\/05\\\/Fleet-yard-property-management.jpg\",\"datePublished\":\"2024-05-17T20:11:24+00:00\",\"dateModified\":\"2026-01-21T18:28:57+00:00\",\"description\":\"%\",\"breadcrumb\":{\"@id\":\"https:\\\/\\\/www.miamibeachfl.gov\\\/city-hall\\\/facilities-and-fleet-management\\\/#breadcrumb\"},\"inLanguage\":\"ht\",\"potentialAction\":[{\"@type\":\"ReadAction\",\"target\":[\"https:\\\/\\\/www.miamibeachfl.gov\\\/city-hall\\\/facilities-and-fleet-management\\\/\"]}]},{\"@type\":\"ImageObject\",\"inLanguage\":\"ht\",\"@id\":\"https:\\\/\\\/www.miamibeachfl.gov\\\/city-hall\\\/facilities-and-fleet-management\\\/#primaryimage\",\"url\":\"https:\\\/\\\/www.miamibeachfl.gov\\\/wp-content\\\/uploads\\\/2023\\\/05\\\/Fleet-yard-property-management.jpg\",\"contentUrl\":\"https:\\\/\\\/www.miamibeachfl.gov\\\/wp-content\\\/uploads\\\/2023\\\/05\\\/Fleet-yard-property-management.jpg\",\"width\":542,\"height\":542,\"caption\":\"Fleet Management Fixing City Vehicles in Garage\"},{\"@type\":\"BreadcrumbList\",\"@id\":\"https:\\\/\\\/www.miamibeachfl.gov\\\/city-hall\\\/facilities-and-fleet-management\\\/#breadcrumb\",\"itemListElement\":[{\"@type\":\"ListItem\",\"position\":1,\"name\":\"Home\",\"item\":\"https:\\\/\\\/www.miamibeachfl.gov\\\/\"},{\"@type\":\"ListItem\",\"position\":2,\"name\":\"City Hall\",\"item\":\"https:\\\/\\\/www.miamibeachfl.gov\\\/city-hall\\\/\"},{\"@type\":\"ListItem\",\"position\":3,\"name\":\"Facilities &#038; Fleet Management\"}]},{\"@type\":\"WebSite\",\"@id\":\"https:\\\/\\\/www.miamibeachfl.gov\\\/#website\",\"url\":\"https:\\\/\\\/www.miamibeachfl.gov\\\/\",\"name\":\"City of Miami Beach\",\"description\":\"The official website of the City of Miami Beach. Stay informed, find important information on city services, news, alerts, events, trolley routes, government employment and more.\",\"publisher\":{\"@id\":\"https:\\\/\\\/www.miamibeachfl.gov\\\/#organization\"},\"potentialAction\":[{\"@type\":\"SearchAction\",\"target\":{\"@type\":\"EntryPoint\",\"urlTemplate\":\"https:\\\/\\\/www.miamibeachfl.gov\\\/?s={search_term_string}\"},\"query-input\":{\"@type\":\"PropertyValueSpecification\",\"valueRequired\":true,\"valueName\":\"search_term_string\"}}],\"inLanguage\":\"ht\"},{\"@type\":\"Organization\",\"@id\":\"https:\\\/\\\/www.miamibeachfl.gov\\\/#organization\",\"name\":\"City of Miami Beach\",\"url\":\"https:\\\/\\\/www.miamibeachfl.gov\\\/\",\"logo\":{\"@type\":\"ImageObject\",\"inLanguage\":\"ht\",\"@id\":\"https:\\\/\\\/www.miamibeachfl.gov\\\/#\\\/schema\\\/logo\\\/image\\\/\",\"url\":\"https:\\\/\\\/www.miamibeachfl.gov\\\/wp-content\\\/uploads\\\/2022\\\/06\\\/miamibeach-logoblue.png\",\"contentUrl\":\"https:\\\/\\\/www.miamibeachfl.gov\\\/wp-content\\\/uploads\\\/2022\\\/06\\\/miamibeach-logoblue.png\",\"width\":1962,\"height\":381,\"caption\":\"City of Miami Beach\"},\"image\":{\"@id\":\"https:\\\/\\\/www.miamibeachfl.gov\\\/#\\\/schema\\\/logo\\\/image\\\/\"},\"sameAs\":[\"https:\\\/\\\/www.facebook.com\\\/cityofmiamibeach\",\"https:\\\/\\\/x.com\\\/Miamibeachnews\",\"https:\\\/\\\/www.instagram.com\\\/miamibeachnews\\\/\"],\"description\":\"The official website of the City of Miami Beach. Stay informed, find important information on city services, news, alerts, events, trolley routes, government employment and more.\",\"telephone\":\"305.604.CITY(2489)\",\"legalName\":\"City of Miami Beach\"}]}<\/script>\n<!-- \/ Yoast SEO Premium plugin. -->","yoast_head_json":{"title":"Jesyon Enstalasyon ak Fl\u00f2t - Vil Miami Beach","description":"%","robots":{"index":"index","follow":"follow","max-snippet":"max-snippet:-1","max-image-preview":"max-image-preview:large","max-video-preview":"max-video-preview:-1"},"canonical":"https:\/\/www.miamibeachfl.gov\/ht\/city-hall\/facilities-and-fleet-management\/","og_locale":"ht_HT","og_type":"article","og_title":"Facilities & Fleet Management","og_description":"%","og_url":"https:\/\/www.miamibeachfl.gov\/ht\/city-hall\/facilities-and-fleet-management\/","og_site_name":"City of Miami Beach","article_publisher":"https:\/\/www.facebook.com\/cityofmiamibeach","article_modified_time":"2026-01-21T18:28:57+00:00","og_image":[{"width":542,"height":542,"url":"https:\/\/www.miamibeachfl.gov\/wp-content\/uploads\/2023\/05\/Fleet-yard-property-management.jpg","type":"image\/jpeg"}],"twitter_card":"summary_large_image","twitter_site":"@Miamibeachnews","schema":{"@context":"https:\/\/schema.org","@graph":[{"@type":"WebPage","@id":"https:\/\/www.miamibeachfl.gov\/city-hall\/facilities-and-fleet-management\/","url":"https:\/\/www.miamibeachfl.gov\/city-hall\/facilities-and-fleet-management\/","name":"Jesyon Enstalasyon ak Fl\u00f2t - Vil Miami Beach","isPartOf":{"@id":"https:\/\/www.miamibeachfl.gov\/#website"},"primaryImageOfPage":{"@id":"https:\/\/www.miamibeachfl.gov\/city-hall\/facilities-and-fleet-management\/#primaryimage"},"image":{"@id":"https:\/\/www.miamibeachfl.gov\/city-hall\/facilities-and-fleet-management\/#primaryimage"},"thumbnailUrl":"https:\/\/www.miamibeachfl.gov\/wp-content\/uploads\/2023\/05\/Fleet-yard-property-management.jpg","datePublished":"2024-05-17T20:11:24+00:00","dateModified":"2026-01-21T18:28:57+00:00","description":"%","breadcrumb":{"@id":"https:\/\/www.miamibeachfl.gov\/city-hall\/facilities-and-fleet-management\/#breadcrumb"},"inLanguage":"ht","potentialAction":[{"@type":"ReadAction","target":["https:\/\/www.miamibeachfl.gov\/city-hall\/facilities-and-fleet-management\/"]}]},{"@type":"ImageObject","inLanguage":"ht","@id":"https:\/\/www.miamibeachfl.gov\/city-hall\/facilities-and-fleet-management\/#primaryimage","url":"https:\/\/www.miamibeachfl.gov\/wp-content\/uploads\/2023\/05\/Fleet-yard-property-management.jpg","contentUrl":"https:\/\/www.miamibeachfl.gov\/wp-content\/uploads\/2023\/05\/Fleet-yard-property-management.jpg","width":542,"height":542,"caption":"Fleet Management Fixing City Vehicles in Garage"},{"@type":"BreadcrumbList","@id":"https:\/\/www.miamibeachfl.gov\/city-hall\/facilities-and-fleet-management\/#breadcrumb","itemListElement":[{"@type":"ListItem","position":1,"name":"Home","item":"https:\/\/www.miamibeachfl.gov\/"},{"@type":"ListItem","position":2,"name":"City Hall","item":"https:\/\/www.miamibeachfl.gov\/city-hall\/"},{"@type":"ListItem","position":3,"name":"Facilities &#038; Fleet Management"}]},{"@type":"WebSite","@id":"https:\/\/www.miamibeachfl.gov\/#website","url":"https:\/\/www.miamibeachfl.gov\/","name":"Vil Miami Beach","description":"Sitw\u00e8b ofisy\u00e8l Vil Miami Beach la. Rete enf\u00f2me, jwenn enf\u00f2masyon enp\u00f2tan sou s\u00e8vis vil la, nouv\u00e8l, al\u00e8t, ev\u00e8nman, wout tramway, travay gouv\u00e8nman an ak plis ank\u00f2.","publisher":{"@id":"https:\/\/www.miamibeachfl.gov\/#organization"},"potentialAction":[{"@type":"SearchAction","target":{"@type":"EntryPoint","urlTemplate":"https:\/\/www.miamibeachfl.gov\/?s={search_term_string}"},"query-input":{"@type":"PropertyValueSpecification","valueRequired":true,"valueName":"search_term_string"}}],"inLanguage":"ht"},{"@type":"Organization","@id":"https:\/\/www.miamibeachfl.gov\/#organization","name":"Vil Miami Beach","url":"https:\/\/www.miamibeachfl.gov\/","logo":{"@type":"ImageObject","inLanguage":"ht","@id":"https:\/\/www.miamibeachfl.gov\/#\/schema\/logo\/image\/","url":"https:\/\/www.miamibeachfl.gov\/wp-content\/uploads\/2022\/06\/miamibeach-logoblue.png","contentUrl":"https:\/\/www.miamibeachfl.gov\/wp-content\/uploads\/2022\/06\/miamibeach-logoblue.png","width":1962,"height":381,"caption":"City of Miami Beach"},"image":{"@id":"https:\/\/www.miamibeachfl.gov\/#\/schema\/logo\/image\/"},"sameAs":["https:\/\/www.facebook.com\/cityofmiamibeach","https:\/\/x.com\/Miamibeachnews","https:\/\/www.instagram.com\/miamibeachnews\/"],"description":"Sitw\u00e8b ofisy\u00e8l Vil Miami Beach la. Rete enf\u00f2me, jwenn enf\u00f2masyon enp\u00f2tan sou s\u00e8vis vil la, nouv\u00e8l, al\u00e8t, ev\u00e8nman, wout tramway, travay gouv\u00e8nman an ak plis ank\u00f2.","telephone":"305.604.CITY(2489)","legalName":"City of Miami Beach"}]}},"_links":{"self":[{"href":"https:\/\/www.miamibeachfl.gov\/ht\/wp-json\/wp\/v2\/pages\/314040","targetHints":{"allow":["GET"]}}],"collection":[{"href":"https:\/\/www.miamibeachfl.gov\/ht\/wp-json\/wp\/v2\/pages"}],"about":[{"href":"https:\/\/www.miamibeachfl.gov\/ht\/wp-json\/wp\/v2\/types\/page"}],"author":[{"embeddable":true,"href":"https:\/\/www.miamibeachfl.gov\/ht\/wp-json\/wp\/v2\/users\/329"}],"replies":[{"embeddable":true,"href":"https:\/\/www.miamibeachfl.gov\/ht\/wp-json\/wp\/v2\/comments?post=314040"}],"version-history":[{"count":1,"href":"https:\/\/www.miamibeachfl.gov\/ht\/wp-json\/wp\/v2\/pages\/314040\/revisions"}],"predecessor-version":[{"id":387686,"href":"https:\/\/www.miamibeachfl.gov\/ht\/wp-json\/wp\/v2\/pages\/314040\/revisions\/387686"}],"up":[{"embeddable":true,"href":"https:\/\/www.miamibeachfl.gov\/ht\/wp-json\/wp\/v2\/pages\/28206"}],"wp:featuredmedia":[{"embeddable":true,"href":"https:\/\/www.miamibeachfl.gov\/ht\/wp-json\/wp\/v2\/media\/260856"}],"wp:attachment":[{"href":"https:\/\/www.miamibeachfl.gov\/ht\/wp-json\/wp\/v2\/media?parent=314040"}],"wp:term":[{"taxonomy":"category","embeddable":true,"href":"https:\/\/www.miamibeachfl.gov\/ht\/wp-json\/wp\/v2\/categories?post=314040"},{"taxonomy":"post_tag","embeddable":true,"href":"https:\/\/www.miamibeachfl.gov\/ht\/wp-json\/wp\/v2\/tags?post=314040"}],"curies":[{"name":"wp","href":"https:\/\/api.w.org\/{rel}","templated":true}]}}