{"id":319949,"date":"2024-06-05T15:58:56","date_gmt":"2024-06-05T19:58:56","guid":{"rendered":"https:\/\/www.miamibeachfl.gov\/?page_id=319949"},"modified":"2026-01-15T13:48:06","modified_gmt":"2026-01-15T18:48:06","slug":"meetings-and-agendas","status":"publish","type":"page","link":"https:\/\/www.miamibeachfl.gov\/ht\/city-hall\/city-clerk\/meetings-and-agendas\/","title":{"rendered":"Reyinyon ak Ajanda Vil Miami Beach"},"content":{"rendered":"<h1>\n\t\t\tReyinyon ak Ajanda Vil Miami Beach\t<\/h1>\nMeni Grefye Vil la\t\t\t\n\t\t\t\t\t<ul id=\"menu-city-clerk\"><li id=\"menu-item-317005\"><a href=\"\/ht\/city-hall\/city-clerk\/\">Grefye Vil la<\/a><\/li>\n<li id=\"menu-item-258831\"><a href=\"\/ht\/city-hall\/city-clerk\/public-records-request\/\">Dosye Piblik yo<\/a><\/li>\n<li id=\"menu-item-258832\"><a href=\"\/ht\/city-hall\/city-clerk\/meetings-and-agendas\/\">Ajanda yo<\/a><\/li>\n<li id=\"menu-item-258833\"><a href=\"\/ht\/city-hall\/city-clerk\/forms\/\">F\u00f2m yo<\/a><\/li>\n<li id=\"menu-item-258834\"><a href=\"\/ht\/city-hall\/city-clerk\/boards-and-committees\/\">Kons\u00e8y Administrasyon ak Komite yo<\/a><\/li>\n<li id=\"menu-item-258835\"><a href=\"\/ht\/city-hall\/city-clerk\/election-information\/\">Enf\u00f2masyon sou Eleksyon<\/a><\/li>\n<li id=\"menu-item-258836\"><a href=\"\/ht\/city-hall\/city-clerk\/notification-system\/\">Notifikasyon<\/a><\/li>\n<li id=\"menu-item-258837\"><a href=\"\/ht\/city-hall\/city-clerk\/public-records-request\/additional-contacts\/\">Kontakte nou<\/a><\/li>\n<\/ul>\t\nMeni Sekret\u00e8 Minisipal la \u00d7\t\t\t\t\t\t<ul id=\"menu-city-clerk-1\"><li id=\"menu-item-317005\"><a href=\"\/ht\/city-hall\/city-clerk\/\">Grefye Vil la<\/a><\/li>\n<li id=\"menu-item-258831\"><a href=\"\/ht\/city-hall\/city-clerk\/public-records-request\/\">Dosye Piblik yo<\/a><\/li>\n<li id=\"menu-item-258832\"><a href=\"\/ht\/city-hall\/city-clerk\/meetings-and-agendas\/\">Ajanda yo<\/a><\/li>\n<li id=\"menu-item-258833\"><a href=\"\/ht\/city-hall\/city-clerk\/forms\/\">F\u00f2m yo<\/a><\/li>\n<li id=\"menu-item-258834\"><a href=\"\/ht\/city-hall\/city-clerk\/boards-and-committees\/\">Kons\u00e8y Administrasyon ak Komite yo<\/a><\/li>\n<li id=\"menu-item-258835\"><a href=\"\/ht\/city-hall\/city-clerk\/election-information\/\">Enf\u00f2masyon sou Eleksyon<\/a><\/li>\n<li id=\"menu-item-258836\"><a href=\"\/ht\/city-hall\/city-clerk\/notification-system\/\">Notifikasyon<\/a><\/li>\n<li id=\"menu-item-258837\"><a href=\"\/ht\/city-hall\/city-clerk\/public-records-request\/additional-contacts\/\">Kontakte nou<\/a><\/li>\n<\/ul>\t\t\t\t\n\t<p>La <b>Reyinyon ak Ajanda Vil Miami Beach<\/b>\u00a0bay aks\u00e8 a enf\u00f2masyon sou reyinyon Vil Miami Beach ki pral f\u00e8t ak ki te f\u00e8t anvan yo, tankou ajanda, rap\u00f2 ak anrejistreman videyo. Li s\u00e8vi k\u00f2m yon resous pou rezidan yo rete enf\u00f2me sou pwosedi gouv\u00e8nman vil la epi patisipe nan pran desizyon lokal yo.<\/p>\n\t<iframe loading=\"lazy\" title=\"Gade Reyinyon Komisyon an ak Kons\u00e8y Administrasyon an\" src=\"https:\/\/miamibeachfl.primegov.com\/public\/portal?fromiframe=true\" name=\"cityofmiamibeach\" width=\"100%\" height=\"1200\" frameborder=\"0\"><\/iframe>\n\t\t\t<a href=\"\/ht\/city-hall\/city-clerk\/meetings-and-agendas\/sound-search\/\" target=\"_blank\" rel=\"noopener\">\n\t\t\t\t\t\tRech\u00e8ch Son\n\t\t\t\t\t<\/a>\n\t\t\t<a href=\"\/ht\/city-hall\/city-clerk\/special-magistrate\/\" target=\"_blank\" rel=\"noopener\">\n\t\t\t\t\t\t\tMAJISTRA ESPESYAL<br \/> Ajanda ak Enf\u00f2masyon\n\t\t\t\t\t<\/a>\n\t\t\t<a href=\"\/ht\/city-hall\/city-clerk\/city-commission-meeting-dates\/\" target=\"_blank\" rel=\"noopener\">\n\t\t\t\t\t\t\tDat Reyinyon Komisyon Vil la\n\t\t\t\t\t<\/a>\n\t\t\t<a href=\"\/ht\/city-hall\/city-clerk\/agenda-archive-main-page-2\/archive\/\" target=\"_blank\" rel=\"noopener\">\n\t\t\t\t\t\tAjanda ak Pwos\u00e8v\u00e8bal Reyinyon Komisyon an ak Reyinyon Komite Komisyon an anvan 26 jen 2024\n\t\t\t\t\t<\/a>\n\t\t\t<a href=\"\/ht\/city-hall\/city-clerk\/agenda-archive-main-page-2\/archive\/\" target=\"_blank\" rel=\"noopener\">\n\t\t\t\t\t\tAjanda ak Pwos\u00e8v\u00e8bal Reyinyon Kons\u00e8y Itilizasyon T\u00e8 yo Anvan 1ye Out 2024\n\t\t\t\t\t<\/a>\n\t\t\t<a href=\"https:\/\/docmgmt.miamibeachfl.gov\/WebLink\/Browse.aspx?id=217585&#038;dbid=0&#038;repo=CityClerk&#038;cr=1\" target=\"_blank\" rel=\"noopener\">\n\t\t\t\t\t\tAjanda Reyinyon Komisyon an ak Ajanda Apre Aksyon Anvan 20 Jiy\u00e8 2016\n\t\t\t\t\t<\/a>\n\t\t\t<a href=\"\/ht\/city-hall\/city-clerk\/agenda-archive-main-page-2\/archived-agendas-after-actions-schedules\/\" target=\"_blank\" rel=\"noopener\">\n\t\t\t\t\t\tRap\u00f2 apre aksyon Komisyon Itilizasyon T\u00e8 yo ak Minit Reyinyon Anvan Mas 2016\n\t\t\t\t\t<\/a>","protected":false},"excerpt":{"rendered":"<p>City of Miami Beach Meetings &#038; Agendas City Clerk Menu City Clerk Public Records Agendas Forms Boards &#038; Committees Election [&hellip;]<\/p>\n","protected":false},"author":329,"featured_media":244241,"parent":28337,"menu_order":92,"comment_status":"closed","ping_status":"closed","template":"","meta":{"_searchwp_excluded":"","site-sidebar-layout":"default","site-content-layout":"","ast-site-content-layout":"default","site-content-style":"default","site-sidebar-style":"default","ast-global-header-display":"","ast-banner-title-visibility":"","ast-main-header-display":"","ast-hfb-above-header-display":"","ast-hfb-below-header-display":"","ast-hfb-mobile-header-display":"","site-post-title":"","ast-breadcrumbs-content":"","ast-featured-img":"","footer-sml-layout":"","theme-transparent-header-meta":"","adv-header-id-meta":"","stick-header-meta":"","header-above-stick-meta":"","header-main-stick-meta":"","header-below-stick-meta":"","astra-migrate-meta-layouts":"default","ast-page-background-enabled":"default","ast-page-background-meta":{"desktop":{"background-color":"var(--ast-global-color-5)","background-image":"","background-repeat":"repeat","background-position":"center center","background-size":"auto","background-attachment":"scroll","background-type":"","background-media":"","overlay-type":"","overlay-color":"","overlay-opacity":"","overlay-gradient":""},"tablet":{"background-color":"","background-image":"","background-repeat":"repeat","background-position":"center center","background-size":"auto","background-attachment":"scroll","background-type":"","background-media":"","overlay-type":"","overlay-color":"","overlay-opacity":"","overlay-gradient":""},"mobile":{"background-color":"","background-image":"","background-repeat":"repeat","background-position":"center center","background-size":"auto","background-attachment":"scroll","background-type":"","background-media":"","overlay-type":"","overlay-color":"","overlay-opacity":"","overlay-gradient":""}},"ast-content-background-meta":{"desktop":{"background-color":"var(--ast-global-color-4)","background-image":"","background-repeat":"repeat","background-position":"center center","background-size":"auto","background-attachment":"scroll","background-type":"","background-media":"","overlay-type":"","overlay-color":"","overlay-opacity":"","overlay-gradient":""},"tablet":{"background-color":"var(--ast-global-color-4)","background-image":"","background-repeat":"repeat","background-position":"center center","background-size":"auto","background-attachment":"scroll","background-type":"","background-media":"","overlay-type":"","overlay-color":"","overlay-opacity":"","overlay-gradient":""},"mobile":{"background-color":"var(--ast-global-color-4)","background-image":"","background-repeat":"repeat","background-position":"center center","background-size":"auto","background-attachment":"scroll","background-type":"","background-media":"","overlay-type":"","overlay-color":"","overlay-opacity":"","overlay-gradient":""}},"footnotes":""},"categories":[1761],"tags":[],"class_list":["post-319949","page","type-page","status-publish","has-post-thumbnail","hentry","category-government"],"yoast_head":"<!-- This site is optimized with the Yoast SEO Premium plugin v27.4 (Yoast SEO v27.4) - https:\/\/yoast.com\/product\/yoast-seo-premium-wordpress\/ -->\n<title>City of Miami Beach Meetings and Agendas - City of Miami Beach<\/title>\n<meta name=\"description\" content=\"The City of Miami Beach Meetings and Agendas provides access to information about upcoming and past City of Miami Beach meetings, including agendas, minutes and video recordings. It serves as a resource for residents to stay informed about city government proceedings and participate in local decision-making.\" \/>\n<meta name=\"robots\" content=\"index, follow, max-snippet:-1, max-image-preview:large, max-video-preview:-1\" \/>\n<link rel=\"canonical\" href=\"https:\/\/www.miamibeachfl.gov\/ht\/city-hall\/city-clerk\/meetings-and-agendas\/\" \/>\n<meta property=\"og:locale\" content=\"ht_HT\" \/>\n<meta property=\"og:type\" content=\"article\" \/>\n<meta property=\"og:title\" content=\"City of Miami Beach Meetings and Agendas\" \/>\n<meta property=\"og:description\" content=\"The City of Miami Beach Meetings and Agendas provides access to information about upcoming and past City of Miami Beach meetings, including agendas, minutes and video recordings. It serves as a resource for residents to stay informed about city government proceedings and participate in local decision-making.\" \/>\n<meta property=\"og:url\" content=\"https:\/\/www.miamibeachfl.gov\/ht\/city-hall\/city-clerk\/meetings-and-agendas\/\" \/>\n<meta property=\"og:site_name\" content=\"City of Miami Beach\" \/>\n<meta property=\"article:publisher\" content=\"https:\/\/www.facebook.com\/cityofmiamibeach\" \/>\n<meta property=\"article:modified_time\" content=\"2026-01-15T18:48:06+00:00\" \/>\n<meta property=\"og:image\" content=\"https:\/\/www.miamibeachfl.gov\/wp-content\/uploads\/2023\/01\/office-meeting.jpg\" \/>\n\t<meta property=\"og:image:width\" content=\"1000\" \/>\n\t<meta property=\"og:image:height\" content=\"1000\" \/>\n\t<meta property=\"og:image:type\" content=\"image\/jpeg\" \/>\n<meta name=\"twitter:card\" content=\"summary_large_image\" \/>\n<meta name=\"twitter:site\" content=\"@Miamibeachnews\" \/>\n<script type=\"application\/ld+json\" class=\"yoast-schema-graph\">{\"@context\":\"https:\\\/\\\/schema.org\",\"@graph\":[{\"@type\":\"WebPage\",\"@id\":\"https:\\\/\\\/www.miamibeachfl.gov\\\/city-hall\\\/city-clerk\\\/meetings-and-agendas\\\/\",\"url\":\"https:\\\/\\\/www.miamibeachfl.gov\\\/city-hall\\\/city-clerk\\\/meetings-and-agendas\\\/\",\"name\":\"City of Miami Beach Meetings and Agendas - City of Miami Beach\",\"isPartOf\":{\"@id\":\"https:\\\/\\\/www.miamibeachfl.gov\\\/#website\"},\"primaryImageOfPage\":{\"@id\":\"https:\\\/\\\/www.miamibeachfl.gov\\\/city-hall\\\/city-clerk\\\/meetings-and-agendas\\\/#primaryimage\"},\"image\":{\"@id\":\"https:\\\/\\\/www.miamibeachfl.gov\\\/city-hall\\\/city-clerk\\\/meetings-and-agendas\\\/#primaryimage\"},\"thumbnailUrl\":\"https:\\\/\\\/www.miamibeachfl.gov\\\/wp-content\\\/uploads\\\/2023\\\/01\\\/office-meeting.jpg\",\"datePublished\":\"2024-06-05T19:58:56+00:00\",\"dateModified\":\"2026-01-15T18:48:06+00:00\",\"description\":\"The City of Miami Beach Meetings and Agendas provides access to information about upcoming and past City of Miami Beach meetings, including agendas, minutes and video recordings. It serves as a resource for residents to stay informed about city government proceedings and participate in local decision-making.\",\"breadcrumb\":{\"@id\":\"https:\\\/\\\/www.miamibeachfl.gov\\\/city-hall\\\/city-clerk\\\/meetings-and-agendas\\\/#breadcrumb\"},\"inLanguage\":\"ht\",\"potentialAction\":[{\"@type\":\"ReadAction\",\"target\":[\"https:\\\/\\\/www.miamibeachfl.gov\\\/city-hall\\\/city-clerk\\\/meetings-and-agendas\\\/\"]}]},{\"@type\":\"ImageObject\",\"inLanguage\":\"ht\",\"@id\":\"https:\\\/\\\/www.miamibeachfl.gov\\\/city-hall\\\/city-clerk\\\/meetings-and-agendas\\\/#primaryimage\",\"url\":\"https:\\\/\\\/www.miamibeachfl.gov\\\/wp-content\\\/uploads\\\/2023\\\/01\\\/office-meeting.jpg\",\"contentUrl\":\"https:\\\/\\\/www.miamibeachfl.gov\\\/wp-content\\\/uploads\\\/2023\\\/01\\\/office-meeting.jpg\",\"width\":1000,\"height\":1000,\"caption\":\"Office Meeting\"},{\"@type\":\"BreadcrumbList\",\"@id\":\"https:\\\/\\\/www.miamibeachfl.gov\\\/city-hall\\\/city-clerk\\\/meetings-and-agendas\\\/#breadcrumb\",\"itemListElement\":[{\"@type\":\"ListItem\",\"position\":1,\"name\":\"Home\",\"item\":\"https:\\\/\\\/www.miamibeachfl.gov\\\/\"},{\"@type\":\"ListItem\",\"position\":2,\"name\":\"City Hall\",\"item\":\"https:\\\/\\\/www.miamibeachfl.gov\\\/city-hall\\\/\"},{\"@type\":\"ListItem\",\"position\":3,\"name\":\"City Clerk\",\"item\":\"https:\\\/\\\/www.miamibeachfl.gov\\\/city-hall\\\/city-clerk\\\/\"},{\"@type\":\"ListItem\",\"position\":4,\"name\":\"City of Miami Beach Meetings and Agendas\"}]},{\"@type\":\"WebSite\",\"@id\":\"https:\\\/\\\/www.miamibeachfl.gov\\\/#website\",\"url\":\"https:\\\/\\\/www.miamibeachfl.gov\\\/\",\"name\":\"City of Miami Beach\",\"description\":\"The official website of the City of Miami Beach. Stay informed, find important information on city services, news, alerts, events, trolley routes, government employment and more.\",\"publisher\":{\"@id\":\"https:\\\/\\\/www.miamibeachfl.gov\\\/#organization\"},\"potentialAction\":[{\"@type\":\"SearchAction\",\"target\":{\"@type\":\"EntryPoint\",\"urlTemplate\":\"https:\\\/\\\/www.miamibeachfl.gov\\\/?s={search_term_string}\"},\"query-input\":{\"@type\":\"PropertyValueSpecification\",\"valueRequired\":true,\"valueName\":\"search_term_string\"}}],\"inLanguage\":\"ht\"},{\"@type\":\"Organization\",\"@id\":\"https:\\\/\\\/www.miamibeachfl.gov\\\/#organization\",\"name\":\"City of Miami Beach\",\"url\":\"https:\\\/\\\/www.miamibeachfl.gov\\\/\",\"logo\":{\"@type\":\"ImageObject\",\"inLanguage\":\"ht\",\"@id\":\"https:\\\/\\\/www.miamibeachfl.gov\\\/#\\\/schema\\\/logo\\\/image\\\/\",\"url\":\"https:\\\/\\\/www.miamibeachfl.gov\\\/wp-content\\\/uploads\\\/2022\\\/06\\\/miamibeach-logoblue.png\",\"contentUrl\":\"https:\\\/\\\/www.miamibeachfl.gov\\\/wp-content\\\/uploads\\\/2022\\\/06\\\/miamibeach-logoblue.png\",\"width\":1962,\"height\":381,\"caption\":\"City of Miami Beach\"},\"image\":{\"@id\":\"https:\\\/\\\/www.miamibeachfl.gov\\\/#\\\/schema\\\/logo\\\/image\\\/\"},\"sameAs\":[\"https:\\\/\\\/www.facebook.com\\\/cityofmiamibeach\",\"https:\\\/\\\/x.com\\\/Miamibeachnews\",\"https:\\\/\\\/www.instagram.com\\\/miamibeachnews\\\/\"],\"description\":\"The official website of the City of Miami Beach. Stay informed, find important information on city services, news, alerts, events, trolley routes, government employment and more.\",\"telephone\":\"305.604.CITY(2489)\",\"legalName\":\"City of Miami Beach\"}]}<\/script>\n<!-- \/ Yoast SEO Premium plugin. -->","yoast_head_json":{"title":"Reyinyon ak Ajanda Vil Miami Beach - Vil Miami Beach","description":"Reyinyon ak Ajanda Vil Miami Beach yo bay aks\u00e8 a enf\u00f2masyon sou reyinyon Vil Miami Beach ki pral f\u00e8t ak ki te f\u00e8t anvan yo, tankou ajanda, rap\u00f2 ak anrejistreman videyo. Li s\u00e8vi k\u00f2m yon resous pou rezidan yo rete enf\u00f2me sou pwosedi gouv\u00e8nman vil la epi patisipe nan pran desizyon lokal yo.","robots":{"index":"index","follow":"follow","max-snippet":"max-snippet:-1","max-image-preview":"max-image-preview:large","max-video-preview":"max-video-preview:-1"},"canonical":"https:\/\/www.miamibeachfl.gov\/ht\/city-hall\/city-clerk\/meetings-and-agendas\/","og_locale":"ht_HT","og_type":"article","og_title":"City of Miami Beach Meetings and Agendas","og_description":"The City of Miami Beach Meetings and Agendas provides access to information about upcoming and past City of Miami Beach meetings, including agendas, minutes and video recordings. It serves as a resource for residents to stay informed about city government proceedings and participate in local decision-making.","og_url":"https:\/\/www.miamibeachfl.gov\/ht\/city-hall\/city-clerk\/meetings-and-agendas\/","og_site_name":"City of Miami Beach","article_publisher":"https:\/\/www.facebook.com\/cityofmiamibeach","article_modified_time":"2026-01-15T18:48:06+00:00","og_image":[{"width":1000,"height":1000,"url":"https:\/\/www.miamibeachfl.gov\/wp-content\/uploads\/2023\/01\/office-meeting.jpg","type":"image\/jpeg"}],"twitter_card":"summary_large_image","twitter_site":"@Miamibeachnews","schema":{"@context":"https:\/\/schema.org","@graph":[{"@type":"WebPage","@id":"https:\/\/www.miamibeachfl.gov\/city-hall\/city-clerk\/meetings-and-agendas\/","url":"https:\/\/www.miamibeachfl.gov\/city-hall\/city-clerk\/meetings-and-agendas\/","name":"Reyinyon ak Ajanda Vil Miami Beach - Vil Miami Beach","isPartOf":{"@id":"https:\/\/www.miamibeachfl.gov\/#website"},"primaryImageOfPage":{"@id":"https:\/\/www.miamibeachfl.gov\/city-hall\/city-clerk\/meetings-and-agendas\/#primaryimage"},"image":{"@id":"https:\/\/www.miamibeachfl.gov\/city-hall\/city-clerk\/meetings-and-agendas\/#primaryimage"},"thumbnailUrl":"https:\/\/www.miamibeachfl.gov\/wp-content\/uploads\/2023\/01\/office-meeting.jpg","datePublished":"2024-06-05T19:58:56+00:00","dateModified":"2026-01-15T18:48:06+00:00","description":"Reyinyon ak Ajanda Vil Miami Beach yo bay aks\u00e8 a enf\u00f2masyon sou reyinyon Vil Miami Beach ki pral f\u00e8t ak ki te f\u00e8t anvan yo, tankou ajanda, rap\u00f2 ak anrejistreman videyo. Li s\u00e8vi k\u00f2m yon resous pou rezidan yo rete enf\u00f2me sou pwosedi gouv\u00e8nman vil la epi patisipe nan pran desizyon lokal yo.","breadcrumb":{"@id":"https:\/\/www.miamibeachfl.gov\/city-hall\/city-clerk\/meetings-and-agendas\/#breadcrumb"},"inLanguage":"ht","potentialAction":[{"@type":"ReadAction","target":["https:\/\/www.miamibeachfl.gov\/city-hall\/city-clerk\/meetings-and-agendas\/"]}]},{"@type":"ImageObject","inLanguage":"ht","@id":"https:\/\/www.miamibeachfl.gov\/city-hall\/city-clerk\/meetings-and-agendas\/#primaryimage","url":"https:\/\/www.miamibeachfl.gov\/wp-content\/uploads\/2023\/01\/office-meeting.jpg","contentUrl":"https:\/\/www.miamibeachfl.gov\/wp-content\/uploads\/2023\/01\/office-meeting.jpg","width":1000,"height":1000,"caption":"Office Meeting"},{"@type":"BreadcrumbList","@id":"https:\/\/www.miamibeachfl.gov\/city-hall\/city-clerk\/meetings-and-agendas\/#breadcrumb","itemListElement":[{"@type":"ListItem","position":1,"name":"Home","item":"https:\/\/www.miamibeachfl.gov\/"},{"@type":"ListItem","position":2,"name":"City Hall","item":"https:\/\/www.miamibeachfl.gov\/city-hall\/"},{"@type":"ListItem","position":3,"name":"City Clerk","item":"https:\/\/www.miamibeachfl.gov\/city-hall\/city-clerk\/"},{"@type":"ListItem","position":4,"name":"City of Miami Beach Meetings and Agendas"}]},{"@type":"WebSite","@id":"https:\/\/www.miamibeachfl.gov\/#website","url":"https:\/\/www.miamibeachfl.gov\/","name":"Vil Miami Beach","description":"Sitw\u00e8b ofisy\u00e8l Vil Miami Beach la. Rete enf\u00f2me, jwenn enf\u00f2masyon enp\u00f2tan sou s\u00e8vis vil la, nouv\u00e8l, al\u00e8t, ev\u00e8nman, wout tramway, travay gouv\u00e8nman an ak plis ank\u00f2.","publisher":{"@id":"https:\/\/www.miamibeachfl.gov\/#organization"},"potentialAction":[{"@type":"SearchAction","target":{"@type":"EntryPoint","urlTemplate":"https:\/\/www.miamibeachfl.gov\/?s={search_term_string}"},"query-input":{"@type":"PropertyValueSpecification","valueRequired":true,"valueName":"search_term_string"}}],"inLanguage":"ht"},{"@type":"Organization","@id":"https:\/\/www.miamibeachfl.gov\/#organization","name":"Vil Miami Beach","url":"https:\/\/www.miamibeachfl.gov\/","logo":{"@type":"ImageObject","inLanguage":"ht","@id":"https:\/\/www.miamibeachfl.gov\/#\/schema\/logo\/image\/","url":"https:\/\/www.miamibeachfl.gov\/wp-content\/uploads\/2022\/06\/miamibeach-logoblue.png","contentUrl":"https:\/\/www.miamibeachfl.gov\/wp-content\/uploads\/2022\/06\/miamibeach-logoblue.png","width":1962,"height":381,"caption":"City of Miami Beach"},"image":{"@id":"https:\/\/www.miamibeachfl.gov\/#\/schema\/logo\/image\/"},"sameAs":["https:\/\/www.facebook.com\/cityofmiamibeach","https:\/\/x.com\/Miamibeachnews","https:\/\/www.instagram.com\/miamibeachnews\/"],"description":"Sitw\u00e8b ofisy\u00e8l Vil Miami Beach la. Rete enf\u00f2me, jwenn enf\u00f2masyon enp\u00f2tan sou s\u00e8vis vil la, nouv\u00e8l, al\u00e8t, ev\u00e8nman, wout tramway, travay gouv\u00e8nman an ak plis ank\u00f2.","telephone":"305.604.CITY(2489)","legalName":"City of Miami Beach"}]}},"_links":{"self":[{"href":"https:\/\/www.miamibeachfl.gov\/ht\/wp-json\/wp\/v2\/pages\/319949","targetHints":{"allow":["GET"]}}],"collection":[{"href":"https:\/\/www.miamibeachfl.gov\/ht\/wp-json\/wp\/v2\/pages"}],"about":[{"href":"https:\/\/www.miamibeachfl.gov\/ht\/wp-json\/wp\/v2\/types\/page"}],"author":[{"embeddable":true,"href":"https:\/\/www.miamibeachfl.gov\/ht\/wp-json\/wp\/v2\/users\/329"}],"replies":[{"embeddable":true,"href":"https:\/\/www.miamibeachfl.gov\/ht\/wp-json\/wp\/v2\/comments?post=319949"}],"version-history":[{"count":5,"href":"https:\/\/www.miamibeachfl.gov\/ht\/wp-json\/wp\/v2\/pages\/319949\/revisions"}],"predecessor-version":[{"id":395122,"href":"https:\/\/www.miamibeachfl.gov\/ht\/wp-json\/wp\/v2\/pages\/319949\/revisions\/395122"}],"up":[{"embeddable":true,"href":"https:\/\/www.miamibeachfl.gov\/ht\/wp-json\/wp\/v2\/pages\/28337"}],"wp:featuredmedia":[{"embeddable":true,"href":"https:\/\/www.miamibeachfl.gov\/ht\/wp-json\/wp\/v2\/media\/244241"}],"wp:attachment":[{"href":"https:\/\/www.miamibeachfl.gov\/ht\/wp-json\/wp\/v2\/media?parent=319949"}],"wp:term":[{"taxonomy":"category","embeddable":true,"href":"https:\/\/www.miamibeachfl.gov\/ht\/wp-json\/wp\/v2\/categories?post=319949"},{"taxonomy":"post_tag","embeddable":true,"href":"https:\/\/www.miamibeachfl.gov\/ht\/wp-json\/wp\/v2\/tags?post=319949"}],"curies":[{"name":"wp","href":"https:\/\/api.w.org\/{rel}","templated":true}]}}