{"id":325573,"date":"2024-07-12T13:43:49","date_gmt":"2024-07-12T17:43:49","guid":{"rendered":"https:\/\/www.miamibeachfl.gov\/?page_id=325573"},"modified":"2026-04-01T09:54:19","modified_gmt":"2026-04-01T13:54:19","slug":"understand-alerts","status":"publish","type":"page","link":"https:\/\/www.miamibeachfl.gov\/ht\/flood-awareness\/understand-alerts\/","title":{"rendered":"Konprann Al\u00e8t Inondasyon yo"},"content":{"rendered":"<img decoding=\"async\" src=\"https:\/\/www.miamibeachfl.gov\/wp-content\/uploads\/2024\/07\/floodalerts-circles.png\" alt=\"flood alerts\" itemprop=\"image\" height=\"328\" width=\"463\" title=\"s\u00e8k al\u00e8t inondasyon\" onerror=\"this.style.display='none'\" loading=\"lazy\" \/>\n<h1>\n\t\t\tKonprann Al\u00e8t Inondasyon yo\t<\/h1>\n\t<ul>\n\t\t<li><h3>Avi pou Inondasyon <\/h3><p><strong>F\u00e8 atansyon!<\/strong> Yo bay yon Avi Inondasyon l\u00e8 yo pa prevwa inondasyon pral grav ase pou yo bay yon av\u00e8tisman men li ka lak\u00f2z gwo deranjman, epi si yo pa pran prekosyon, li ka mennen nan sitiyasyon ki ka menase lavi ak\/oswa pwopriyete. S\u00e8vis Metewolojik Nasyonal la pafwa bay Avi endepandamman de Av\u00e8tisman oswa Av\u00e8tisman Inondasyon. Souvan yo bay yo nan kote espesifik si predikt\u00e8 yo w\u00e8 posibilite pou enpak lokalize.<\/p><\/li><li><h3>Av\u00e8tisman Inondasyon<\/h3><strong>Prepare w!<\/strong> Yon Av\u00e8tisman Inondasyon vle di ke kondisyon yo favorab pou inondasyon rive nan z\u00f2n ki deziyen an. Li se yon al\u00e8t prekosyon ki endike ke rezidan yo ta dwe prepare epi rete enf\u00f2me sou kondisyon metewolojik yo. Swiv d\u00e8nye nouv\u00e8l metewolojik yo regily\u00e8man, konnen wout pou ale nan t\u00e8 ki pi wo\/abri epi prepare w pou pran aksyon si yo bay yon Av\u00e8tisman Inondasyon.<\/li><li><h3>Av\u00e8tisman Inondasyon<\/h3><strong>Pran aksyon!<\/strong> Yon Av\u00e8tisman Inondasyon endike ke inondasyon iminan oswa deja ap f\u00e8t nan z\u00f2n espesifik la. Yo bay li l\u00e8 inondasyon poze yon menas pou lavi ak pwopriyete epi li neses\u00e8 pou pran aksyon imedya. Pran aksyon rapid pou pwoteje t\u00e8t ou ak pwopriyete w la. Sa ka enplike deplase nan yon t\u00e8ren ki pi wo, sekirize bagay ou yo, epi swiv l\u00f2d evakyasyon si sa neses\u00e8.<\/li><li><h3>Av\u00e8tisman Inondasyon Sibit<\/h3><strong>Pran aksyon imedyatman!<\/strong> Yo bay yon Av\u00e8tisman Inondasyon Sibit l\u00e8 yon inondasyon sibit iminan oswa ap dewoule. Inondasyon sibit yo rive toudenkou epi yo ka rive nan k\u00e8k minit oswa k\u00e8k \u00e8dtan apre anpil lapli. Ale nan yon z\u00f2n ki pi wo imedyatman epi evite z\u00f2n ki gen tandans pou inondasyon. Evite kondui pandan inondasyon sibit paske wout yo ka byen vit vin enpasabl.<\/li><li><h3>Ijans Inondasyon Sibit<\/h3><strong>Ou an danje!<\/strong> Yo bay al\u00e8t ra sa a l\u00e8 inondasyon kapab<br \/>\nlak\u00f2z plis enpak enp\u00f2tan. Ch\u00e8che refij imedyatman sou yon sifas ki wo<br \/>\nat\u00e8. Kanpe sou kote si w ap kondui, sitou nan z\u00f2n ki tipikman<br \/>\ninondasyon. Tann jiskaske kondisyon yo amelyore.\n<\/li>\t<\/ul>","protected":false},"excerpt":{"rendered":"<p>Understanding Flood Alerts Flood Advisory Be aware! A Flood Advisory is issued when flooding is not expected to be severe [&hellip;]<\/p>\n","protected":false},"author":222,"featured_media":0,"parent":325360,"menu_order":23,"comment_status":"closed","ping_status":"closed","template":"","meta":{"_searchwp_excluded":"","site-sidebar-layout":"default","site-content-layout":"","ast-site-content-layout":"default","site-content-style":"default","site-sidebar-style":"default","ast-global-header-display":"","ast-banner-title-visibility":"","ast-main-header-display":"","ast-hfb-above-header-display":"","ast-hfb-below-header-display":"","ast-hfb-mobile-header-display":"","site-post-title":"","ast-breadcrumbs-content":"","ast-featured-img":"","footer-sml-layout":"","theme-transparent-header-meta":"","adv-header-id-meta":"","stick-header-meta":"","header-above-stick-meta":"","header-main-stick-meta":"","header-below-stick-meta":"","astra-migrate-meta-layouts":"default","ast-page-background-enabled":"default","ast-page-background-meta":{"desktop":{"background-color":"var(--ast-global-color-5)","background-image":"","background-repeat":"repeat","background-position":"center center","background-size":"auto","background-attachment":"scroll","background-type":"","background-media":"","overlay-type":"","overlay-color":"","overlay-opacity":"","overlay-gradient":""},"tablet":{"background-color":"","background-image":"","background-repeat":"repeat","background-position":"center center","background-size":"auto","background-attachment":"scroll","background-type":"","background-media":"","overlay-type":"","overlay-color":"","overlay-opacity":"","overlay-gradient":""},"mobile":{"background-color":"","background-image":"","background-repeat":"repeat","background-position":"center center","background-size":"auto","background-attachment":"scroll","background-type":"","background-media":"","overlay-type":"","overlay-color":"","overlay-opacity":"","overlay-gradient":""}},"ast-content-background-meta":{"desktop":{"background-color":"var(--ast-global-color-4)","background-image":"","background-repeat":"repeat","background-position":"center center","background-size":"auto","background-attachment":"scroll","background-type":"","background-media":"","overlay-type":"","overlay-color":"","overlay-opacity":"","overlay-gradient":""},"tablet":{"background-color":"var(--ast-global-color-4)","background-image":"","background-repeat":"repeat","background-position":"center center","background-size":"auto","background-attachment":"scroll","background-type":"","background-media":"","overlay-type":"","overlay-color":"","overlay-opacity":"","overlay-gradient":""},"mobile":{"background-color":"var(--ast-global-color-4)","background-image":"","background-repeat":"repeat","background-position":"center center","background-size":"auto","background-attachment":"scroll","background-type":"","background-media":"","overlay-type":"","overlay-color":"","overlay-opacity":"","overlay-gradient":""}},"footnotes":""},"categories":[],"tags":[],"class_list":["post-325573","page","type-page","status-publish","hentry"],"yoast_head":"<!-- This site is optimized with the Yoast SEO Premium plugin v27.4 (Yoast SEO v27.4) - https:\/\/yoast.com\/product\/yoast-seo-premium-wordpress\/ -->\n<title>Understanding Flood Alerts - City of Miami Beach<\/title>\n<meta name=\"description\" content=\"Understanding the different flood alerts can help you adequately prepare for flooding events.\" \/>\n<meta name=\"robots\" content=\"index, follow, max-snippet:-1, max-image-preview:large, max-video-preview:-1\" \/>\n<link rel=\"canonical\" href=\"https:\/\/www.miamibeachfl.gov\/ht\/flood-awareness\/understand-alerts\/\" \/>\n<meta property=\"og:locale\" content=\"ht_HT\" \/>\n<meta property=\"og:type\" content=\"article\" \/>\n<meta property=\"og:title\" content=\"Understanding Flood Alerts\" \/>\n<meta property=\"og:description\" content=\"Understanding the different flood alerts can help you adequately prepare for flooding events.\" \/>\n<meta property=\"og:url\" content=\"https:\/\/www.miamibeachfl.gov\/ht\/flood-awareness\/understand-alerts\/\" \/>\n<meta property=\"og:site_name\" content=\"City of Miami Beach\" \/>\n<meta property=\"article:publisher\" content=\"https:\/\/www.facebook.com\/cityofmiamibeach\" \/>\n<meta property=\"article:modified_time\" content=\"2026-04-01T13:54:19+00:00\" \/>\n<meta property=\"og:image\" content=\"https:\/\/www.miamibeachfl.gov\/wp-content\/uploads\/2023\/08\/Masterpermitcircle.jpeg\" \/>\n\t<meta property=\"og:image:width\" content=\"1200\" \/>\n\t<meta property=\"og:image:height\" content=\"1200\" \/>\n\t<meta property=\"og:image:type\" content=\"image\/jpeg\" \/>\n<meta name=\"twitter:card\" content=\"summary_large_image\" \/>\n<meta name=\"twitter:site\" content=\"@Miamibeachnews\" \/>\n<script type=\"application\/ld+json\" class=\"yoast-schema-graph\">{\"@context\":\"https:\\\/\\\/schema.org\",\"@graph\":[{\"@type\":\"WebPage\",\"@id\":\"https:\\\/\\\/www.miamibeachfl.gov\\\/flood-awareness\\\/understand-alerts\\\/\",\"url\":\"https:\\\/\\\/www.miamibeachfl.gov\\\/flood-awareness\\\/understand-alerts\\\/\",\"name\":\"Understanding Flood Alerts - City of Miami Beach\",\"isPartOf\":{\"@id\":\"https:\\\/\\\/www.miamibeachfl.gov\\\/#website\"},\"primaryImageOfPage\":{\"@id\":\"https:\\\/\\\/www.miamibeachfl.gov\\\/flood-awareness\\\/understand-alerts\\\/#primaryimage\"},\"image\":{\"@id\":\"https:\\\/\\\/www.miamibeachfl.gov\\\/flood-awareness\\\/understand-alerts\\\/#primaryimage\"},\"thumbnailUrl\":\"https:\\\/\\\/www.miamibeachfl.gov\\\/wp-content\\\/uploads\\\/2024\\\/07\\\/floodalerts-circles.png\",\"datePublished\":\"2024-07-12T17:43:49+00:00\",\"dateModified\":\"2026-04-01T13:54:19+00:00\",\"description\":\"Understanding the different flood alerts can help you adequately prepare for flooding events.\",\"breadcrumb\":{\"@id\":\"https:\\\/\\\/www.miamibeachfl.gov\\\/flood-awareness\\\/understand-alerts\\\/#breadcrumb\"},\"inLanguage\":\"ht\",\"potentialAction\":[{\"@type\":\"ReadAction\",\"target\":[\"https:\\\/\\\/www.miamibeachfl.gov\\\/flood-awareness\\\/understand-alerts\\\/\"]}]},{\"@type\":\"ImageObject\",\"inLanguage\":\"ht\",\"@id\":\"https:\\\/\\\/www.miamibeachfl.gov\\\/flood-awareness\\\/understand-alerts\\\/#primaryimage\",\"url\":\"https:\\\/\\\/www.miamibeachfl.gov\\\/wp-content\\\/uploads\\\/2024\\\/07\\\/floodalerts-circles.png\",\"contentUrl\":\"https:\\\/\\\/www.miamibeachfl.gov\\\/wp-content\\\/uploads\\\/2024\\\/07\\\/floodalerts-circles.png\"},{\"@type\":\"BreadcrumbList\",\"@id\":\"https:\\\/\\\/www.miamibeachfl.gov\\\/flood-awareness\\\/understand-alerts\\\/#breadcrumb\",\"itemListElement\":[{\"@type\":\"ListItem\",\"position\":1,\"name\":\"Home\",\"item\":\"https:\\\/\\\/www.miamibeachfl.gov\\\/\"},{\"@type\":\"ListItem\",\"position\":2,\"name\":\"Flood Awareness\",\"item\":\"https:\\\/\\\/www.miamibeachfl.gov\\\/flood-awareness\\\/\"},{\"@type\":\"ListItem\",\"position\":3,\"name\":\"Understanding Flood Alerts\"}]},{\"@type\":\"WebSite\",\"@id\":\"https:\\\/\\\/www.miamibeachfl.gov\\\/#website\",\"url\":\"https:\\\/\\\/www.miamibeachfl.gov\\\/\",\"name\":\"City of Miami Beach\",\"description\":\"The official website of the City of Miami Beach. Stay informed, find important information on city services, news, alerts, events, trolley routes, government employment and more.\",\"publisher\":{\"@id\":\"https:\\\/\\\/www.miamibeachfl.gov\\\/#organization\"},\"potentialAction\":[{\"@type\":\"SearchAction\",\"target\":{\"@type\":\"EntryPoint\",\"urlTemplate\":\"https:\\\/\\\/www.miamibeachfl.gov\\\/?s={search_term_string}\"},\"query-input\":{\"@type\":\"PropertyValueSpecification\",\"valueRequired\":true,\"valueName\":\"search_term_string\"}}],\"inLanguage\":\"ht\"},{\"@type\":\"Organization\",\"@id\":\"https:\\\/\\\/www.miamibeachfl.gov\\\/#organization\",\"name\":\"City of Miami Beach\",\"url\":\"https:\\\/\\\/www.miamibeachfl.gov\\\/\",\"logo\":{\"@type\":\"ImageObject\",\"inLanguage\":\"ht\",\"@id\":\"https:\\\/\\\/www.miamibeachfl.gov\\\/#\\\/schema\\\/logo\\\/image\\\/\",\"url\":\"https:\\\/\\\/www.miamibeachfl.gov\\\/wp-content\\\/uploads\\\/2022\\\/06\\\/miamibeach-logoblue.png\",\"contentUrl\":\"https:\\\/\\\/www.miamibeachfl.gov\\\/wp-content\\\/uploads\\\/2022\\\/06\\\/miamibeach-logoblue.png\",\"width\":1962,\"height\":381,\"caption\":\"City of Miami Beach\"},\"image\":{\"@id\":\"https:\\\/\\\/www.miamibeachfl.gov\\\/#\\\/schema\\\/logo\\\/image\\\/\"},\"sameAs\":[\"https:\\\/\\\/www.facebook.com\\\/cityofmiamibeach\",\"https:\\\/\\\/x.com\\\/Miamibeachnews\",\"https:\\\/\\\/www.instagram.com\\\/miamibeachnews\\\/\"],\"description\":\"The official website of the City of Miami Beach. Stay informed, find important information on city services, news, alerts, events, trolley routes, government employment and more.\",\"telephone\":\"305.604.CITY(2489)\",\"legalName\":\"City of Miami Beach\"}]}<\/script>\n<!-- \/ Yoast SEO Premium plugin. -->","yoast_head_json":{"title":"Konprann Al\u00e8t Inondasyon - Vil Miami Beach","description":"Konprann diferan al\u00e8t inondasyon yo ka ede ou prepare w byen pou ev\u00e8nman inondasyon.","robots":{"index":"index","follow":"follow","max-snippet":"max-snippet:-1","max-image-preview":"max-image-preview:large","max-video-preview":"max-video-preview:-1"},"canonical":"https:\/\/www.miamibeachfl.gov\/ht\/flood-awareness\/understand-alerts\/","og_locale":"ht_HT","og_type":"article","og_title":"Understanding Flood Alerts","og_description":"Understanding the different flood alerts can help you adequately prepare for flooding events.","og_url":"https:\/\/www.miamibeachfl.gov\/ht\/flood-awareness\/understand-alerts\/","og_site_name":"City of Miami Beach","article_publisher":"https:\/\/www.facebook.com\/cityofmiamibeach","article_modified_time":"2026-04-01T13:54:19+00:00","og_image":[{"width":1200,"height":1200,"url":"https:\/\/www.miamibeachfl.gov\/wp-content\/uploads\/2023\/08\/Masterpermitcircle.jpeg","type":"image\/jpeg"}],"twitter_card":"summary_large_image","twitter_site":"@Miamibeachnews","schema":{"@context":"https:\/\/schema.org","@graph":[{"@type":"WebPage","@id":"https:\/\/www.miamibeachfl.gov\/flood-awareness\/understand-alerts\/","url":"https:\/\/www.miamibeachfl.gov\/flood-awareness\/understand-alerts\/","name":"Konprann Al\u00e8t Inondasyon - Vil Miami Beach","isPartOf":{"@id":"https:\/\/www.miamibeachfl.gov\/#website"},"primaryImageOfPage":{"@id":"https:\/\/www.miamibeachfl.gov\/flood-awareness\/understand-alerts\/#primaryimage"},"image":{"@id":"https:\/\/www.miamibeachfl.gov\/flood-awareness\/understand-alerts\/#primaryimage"},"thumbnailUrl":"https:\/\/www.miamibeachfl.gov\/wp-content\/uploads\/2024\/07\/floodalerts-circles.png","datePublished":"2024-07-12T17:43:49+00:00","dateModified":"2026-04-01T13:54:19+00:00","description":"Konprann diferan al\u00e8t inondasyon yo ka ede ou prepare w byen pou ev\u00e8nman inondasyon.","breadcrumb":{"@id":"https:\/\/www.miamibeachfl.gov\/flood-awareness\/understand-alerts\/#breadcrumb"},"inLanguage":"ht","potentialAction":[{"@type":"ReadAction","target":["https:\/\/www.miamibeachfl.gov\/flood-awareness\/understand-alerts\/"]}]},{"@type":"ImageObject","inLanguage":"ht","@id":"https:\/\/www.miamibeachfl.gov\/flood-awareness\/understand-alerts\/#primaryimage","url":"https:\/\/www.miamibeachfl.gov\/wp-content\/uploads\/2024\/07\/floodalerts-circles.png","contentUrl":"https:\/\/www.miamibeachfl.gov\/wp-content\/uploads\/2024\/07\/floodalerts-circles.png"},{"@type":"BreadcrumbList","@id":"https:\/\/www.miamibeachfl.gov\/flood-awareness\/understand-alerts\/#breadcrumb","itemListElement":[{"@type":"ListItem","position":1,"name":"Home","item":"https:\/\/www.miamibeachfl.gov\/"},{"@type":"ListItem","position":2,"name":"Flood Awareness","item":"https:\/\/www.miamibeachfl.gov\/flood-awareness\/"},{"@type":"ListItem","position":3,"name":"Understanding Flood Alerts"}]},{"@type":"WebSite","@id":"https:\/\/www.miamibeachfl.gov\/#website","url":"https:\/\/www.miamibeachfl.gov\/","name":"Vil Miami Beach","description":"Sitw\u00e8b ofisy\u00e8l Vil Miami Beach la. Rete enf\u00f2me, jwenn enf\u00f2masyon enp\u00f2tan sou s\u00e8vis vil la, nouv\u00e8l, al\u00e8t, ev\u00e8nman, wout tramway, travay gouv\u00e8nman an ak plis ank\u00f2.","publisher":{"@id":"https:\/\/www.miamibeachfl.gov\/#organization"},"potentialAction":[{"@type":"SearchAction","target":{"@type":"EntryPoint","urlTemplate":"https:\/\/www.miamibeachfl.gov\/?s={search_term_string}"},"query-input":{"@type":"PropertyValueSpecification","valueRequired":true,"valueName":"search_term_string"}}],"inLanguage":"ht"},{"@type":"Organization","@id":"https:\/\/www.miamibeachfl.gov\/#organization","name":"Vil Miami Beach","url":"https:\/\/www.miamibeachfl.gov\/","logo":{"@type":"ImageObject","inLanguage":"ht","@id":"https:\/\/www.miamibeachfl.gov\/#\/schema\/logo\/image\/","url":"https:\/\/www.miamibeachfl.gov\/wp-content\/uploads\/2022\/06\/miamibeach-logoblue.png","contentUrl":"https:\/\/www.miamibeachfl.gov\/wp-content\/uploads\/2022\/06\/miamibeach-logoblue.png","width":1962,"height":381,"caption":"City of Miami Beach"},"image":{"@id":"https:\/\/www.miamibeachfl.gov\/#\/schema\/logo\/image\/"},"sameAs":["https:\/\/www.facebook.com\/cityofmiamibeach","https:\/\/x.com\/Miamibeachnews","https:\/\/www.instagram.com\/miamibeachnews\/"],"description":"Sitw\u00e8b ofisy\u00e8l Vil Miami Beach la. Rete enf\u00f2me, jwenn enf\u00f2masyon enp\u00f2tan sou s\u00e8vis vil la, nouv\u00e8l, al\u00e8t, ev\u00e8nman, wout tramway, travay gouv\u00e8nman an ak plis ank\u00f2.","telephone":"305.604.CITY(2489)","legalName":"City of Miami Beach"}]}},"_links":{"self":[{"href":"https:\/\/www.miamibeachfl.gov\/ht\/wp-json\/wp\/v2\/pages\/325573","targetHints":{"allow":["GET"]}}],"collection":[{"href":"https:\/\/www.miamibeachfl.gov\/ht\/wp-json\/wp\/v2\/pages"}],"about":[{"href":"https:\/\/www.miamibeachfl.gov\/ht\/wp-json\/wp\/v2\/types\/page"}],"author":[{"embeddable":true,"href":"https:\/\/www.miamibeachfl.gov\/ht\/wp-json\/wp\/v2\/users\/222"}],"replies":[{"embeddable":true,"href":"https:\/\/www.miamibeachfl.gov\/ht\/wp-json\/wp\/v2\/comments?post=325573"}],"version-history":[{"count":2,"href":"https:\/\/www.miamibeachfl.gov\/ht\/wp-json\/wp\/v2\/pages\/325573\/revisions"}],"predecessor-version":[{"id":398199,"href":"https:\/\/www.miamibeachfl.gov\/ht\/wp-json\/wp\/v2\/pages\/325573\/revisions\/398199"}],"up":[{"embeddable":true,"href":"https:\/\/www.miamibeachfl.gov\/ht\/wp-json\/wp\/v2\/pages\/325360"}],"wp:attachment":[{"href":"https:\/\/www.miamibeachfl.gov\/ht\/wp-json\/wp\/v2\/media?parent=325573"}],"wp:term":[{"taxonomy":"category","embeddable":true,"href":"https:\/\/www.miamibeachfl.gov\/ht\/wp-json\/wp\/v2\/categories?post=325573"},{"taxonomy":"post_tag","embeddable":true,"href":"https:\/\/www.miamibeachfl.gov\/ht\/wp-json\/wp\/v2\/tags?post=325573"}],"curies":[{"name":"wp","href":"https:\/\/api.w.org\/{rel}","templated":true}]}}