{"id":346311,"date":"2024-11-04T11:30:10","date_gmt":"2024-11-04T16:30:10","guid":{"rendered":"https:\/\/www.miamibeachfl.gov\/?page_id=346311"},"modified":"2025-12-12T11:46:41","modified_gmt":"2025-12-12T16:46:41","slug":"giftprograms","status":"publish","type":"page","link":"https:\/\/www.miamibeachfl.gov\/ht\/giftprograms\/","title":{"rendered":"Pwogram Kado Komemoratif"},"content":{"rendered":"<h1>\n\t\t\tPwogram Kado Komemoratif Miami Beach\t<\/h1>\n\t<h4><strong>Ap ch\u00e8che yon fason enp\u00f2tan pou selebre yon okazyon espesyal oubyen onore yon moun ou renmen? <\/strong><\/h4>\n<h4><strong>Pwogram Kado Komemoratif Vil Miami Beach yo p\u00e8m\u00e8t moun ak \u00f2ganizasyon yo kite yon eritaj dirab nan youn nan b\u00e8l kote nou yo.<\/strong><\/h4>\n\t\t\t\t<a href=\"https:\/\/www.miamibeachfl.gov\/ht\/city-hall\/parks-and-recreation\/parks-facilities-directory\/adopt-a-bench\/\"  target=\"_self\" itemprop=\"url\">\n\t\t\t\t<img decoding=\"async\" src=\"https:\/\/www.miamibeachfl.gov\/wp-content\/uploads\/2024\/11\/Bench-Square.jpeg\" alt=\"Miami Beach Bench\" itemprop=\"image\" height=\"400\" width=\"400\" title=\"Kare ban\" onerror=\"this.style.display='none'\" loading=\"lazy\" \/>\n\t\t\t\t<\/a>\n\t<p><strong>Pwogram Adopte yon Ban<\/strong><\/p>\n<p>Vin yon pati nan peyizaj la l\u00e8 w adopte yon ban, swa yon ban nouvo oswa yon ban ki deja egziste, nan youn nan pak trankil vil nou yo. Pwogram sa a p\u00e8m\u00e8t ou onore yon moun espesyal oswa selebre yon ev\u00e8nman, kreye yon omaj inik ak yon kote pezib pou refleksyon.<\/p>\n\t\t\t<a href=\"\/ht\/city-hall\/parks-and-recreation\/parks-facilities-directory\/adopt-a-bench\/\" target=\"_self\">\n\t\t\t\t\t\t\tPlis Enf\u00f2masyon\n\t\t\t\t\t<\/a>\n\t<p><strong>Pwogram Adopte-Yon-Brik<\/strong><\/p>\n<p>P\u00e8sonalize yon brik nan antre 26 Street Beachwalk la. Grave yon mesaj, yon non, oswa yon dat pou kreye yon rap\u00e8l dirab sou koneksyon ou ak Miami Beach. Brik ou a pral anbeli Beachwalk la pandan l ap s\u00e8vi k\u00f2m yon temwayaj pou moman espesyal nan lavi ou.<\/p>\n\t\t\t<a href=\"\/ht\/city-hall\/parks-and-recreation\/parks-facilities-directory\/adopt-a-brick\/\" target=\"_self\">\n\t\t\t\t\t\t\tPlis Enf\u00f2masyon\n\t\t\t\t\t<\/a>\n\t\t\t\t<a href=\"https:\/\/www.miamibeachfl.gov\/ht\/city-hall\/parks-and-recreation\/parks-facilities-directory\/adopt-a-brick\/\"  target=\"_self\" itemprop=\"url\">\n\t\t\t\t<img decoding=\"async\" src=\"https:\/\/www.miamibeachfl.gov\/wp-content\/uploads\/2024\/11\/Beach-Entrance.jpeg\" alt=\"Beachwalk entrance\" itemprop=\"image\" height=\"400\" width=\"400\" title=\"Antre nan plaj la\" onerror=\"this.style.display='none'\" loading=\"lazy\" \/>\n\t\t\t\t<\/a>\n\t\t\t\t<a href=\"https:\/\/www.mbrisingabove.com\/climate-mitigation\/urban-forest\/#accordion-7\"  target=\"_blank\" rel=\"noopener\"  itemprop=\"url\">\n\t\t\t\t<img decoding=\"async\" src=\"https:\/\/www.miamibeachfl.gov\/wp-content\/uploads\/2024\/11\/Tree-400x400-1.jpeg\" alt=\"tree\" itemprop=\"image\" height=\"400\" width=\"400\" title=\"Pye bwa 400x400\" onerror=\"this.style.display='none'\" loading=\"lazy\" \/>\n\t\t\t\t<\/a>\n\t<p><strong>Pwogram Pye Bwa Komemoratif<\/strong><\/p>\n<p><em>Plante yon pyebwa an lon\u00e8 yon moun ou renmen oswa yon ev\u00e8nman enp\u00f2tan av\u00e8k pwogram Pyebwa Komemoratif nou an. Chak pyebwa yo plante ede amelyore bote Miami Beach tout pandan y ap kontribye nan anviw\u00f2nman an. Ofiramezi pyebwa a ap grandi, l ap kanpe k\u00f2m yon omaj vivan, k ap bay lonbray ak bote pou jenerasyon k ap vini yo.<\/em><\/p>\n\t\t\t<a href=\"https:\/\/www.mbrisingabove.com\/climate-mitigation\/urban-forest\/#accordion-7\" target=\"_blank\" rel=\"noopener\">\n\t\t\t\t\t\t\tPlis Enf\u00f2masyon\n\t\t\t\t\t<\/a>\n\t<p><strong>Chemen Enklizyon an \u2013 Achte yon Brik<\/strong><\/p>\n<p>Kite mak ou sou Miami Beach l\u00e8 w achte yon moso nan Chemen Enklizyon an!<\/p>\n<p>An patenarya av\u00e8k Vil Miami Beach, Fondasyon Sabrina Cohen ap kreye yon nouvo chemen pave ak brik aksesib pou ADA pou konekte Oceanside Adaptive Park la nan 5301 Collins Avenue ak Beachwalk la.<\/p>\n<p>Lajan ki soti nan chak brik la pral finanse dir\u00e8kteman devlopman sit la, ki gen ladan kreyasyon premye Sant Lwazi Adaptab nan peyi a.<\/p>\n<strong>Opsyon parennaj brik:<\/strong><br \/>\nBrik 4\u2033x 8\u2033 | $500 chak.<br \/>\nBrik 8\u2033x 8\u2033 | $1,000 chak.\n<p><a href=\"https:\/\/www.bricksrus.com\/donorsite\/scf\"><strong>Achte brik ou a nan bricksrus.com\/donorsite\/scf.<\/strong><\/a><\/p>\n<p><strong><a href=\"https:\/\/sabrinacohenfoundation.org\/\">Aprann plis bagay sou pwoj\u00e8 a nan sabrinacohenfoundation.org.<\/a><\/strong><\/p>\n\t\t\t\t<a href=\"https:\/\/www.miamibeachfl.gov\/ht\/city-hall\/parks-and-recreation\/parks-facilities-directory\/adopt-a-brick\/\"  target=\"_self\" itemprop=\"url\">\n\t\t\t\t<img decoding=\"async\" src=\"https:\/\/www.miamibeachfl.gov\/wp-content\/uploads\/2025\/12\/Brick-Campaign-Flyer.jpg\" alt=\"the pathway of decision\" itemprop=\"image\" height=\"369\" width=\"600\" title=\"Fey\u00e8 Kanpay Brik\" onerror=\"this.style.display='none'\" loading=\"lazy\" \/>\n\t\t\t\t<\/a>","protected":false},"excerpt":{"rendered":"<p>Miami Beach Commemorative Gift Programs Looking for a meaningful way to celebrate a special occasion or honor a loved one? [&hellip;]<\/p>\n","protected":false},"author":222,"featured_media":0,"parent":0,"menu_order":17,"comment_status":"closed","ping_status":"closed","template":"","meta":{"_searchwp_excluded":"","site-sidebar-layout":"default","site-content-layout":"","ast-site-content-layout":"default","site-content-style":"default","site-sidebar-style":"default","ast-global-header-display":"","ast-banner-title-visibility":"","ast-main-header-display":"","ast-hfb-above-header-display":"","ast-hfb-below-header-display":"","ast-hfb-mobile-header-display":"","site-post-title":"","ast-breadcrumbs-content":"","ast-featured-img":"","footer-sml-layout":"","theme-transparent-header-meta":"","adv-header-id-meta":"","stick-header-meta":"","header-above-stick-meta":"","header-main-stick-meta":"","header-below-stick-meta":"","astra-migrate-meta-layouts":"default","ast-page-background-enabled":"default","ast-page-background-meta":{"desktop":{"background-color":"var(--ast-global-color-5)","background-image":"","background-repeat":"repeat","background-position":"center center","background-size":"auto","background-attachment":"scroll","background-type":"","background-media":"","overlay-type":"","overlay-color":"","overlay-opacity":"","overlay-gradient":""},"tablet":{"background-color":"","background-image":"","background-repeat":"repeat","background-position":"center center","background-size":"auto","background-attachment":"scroll","background-type":"","background-media":"","overlay-type":"","overlay-color":"","overlay-opacity":"","overlay-gradient":""},"mobile":{"background-color":"","background-image":"","background-repeat":"repeat","background-position":"center center","background-size":"auto","background-attachment":"scroll","background-type":"","background-media":"","overlay-type":"","overlay-color":"","overlay-opacity":"","overlay-gradient":""}},"ast-content-background-meta":{"desktop":{"background-color":"var(--ast-global-color-4)","background-image":"","background-repeat":"repeat","background-position":"center center","background-size":"auto","background-attachment":"scroll","background-type":"","background-media":"","overlay-type":"","overlay-color":"","overlay-opacity":"","overlay-gradient":""},"tablet":{"background-color":"var(--ast-global-color-4)","background-image":"","background-repeat":"repeat","background-position":"center center","background-size":"auto","background-attachment":"scroll","background-type":"","background-media":"","overlay-type":"","overlay-color":"","overlay-opacity":"","overlay-gradient":""},"mobile":{"background-color":"var(--ast-global-color-4)","background-image":"","background-repeat":"repeat","background-position":"center center","background-size":"auto","background-attachment":"scroll","background-type":"","background-media":"","overlay-type":"","overlay-color":"","overlay-opacity":"","overlay-gradient":""}},"footnotes":""},"categories":[],"tags":[],"class_list":["post-346311","page","type-page","status-publish","hentry"],"yoast_head":"<!-- This site is optimized with the Yoast SEO Premium plugin v27.4 (Yoast SEO v27.4) - https:\/\/yoast.com\/product\/yoast-seo-premium-wordpress\/ -->\n<title>Commemorative Gift Program - City of Miami Beach<\/title>\n<meta name=\"description\" content=\"%\" \/>\n<meta name=\"robots\" content=\"index, follow, max-snippet:-1, max-image-preview:large, max-video-preview:-1\" \/>\n<link rel=\"canonical\" href=\"https:\/\/www.miamibeachfl.gov\/ht\/giftprograms\/\" \/>\n<meta property=\"og:locale\" content=\"ht_HT\" \/>\n<meta property=\"og:type\" content=\"article\" \/>\n<meta property=\"og:title\" content=\"Commemorative Gift Program\" \/>\n<meta property=\"og:description\" content=\"%\" \/>\n<meta property=\"og:url\" content=\"https:\/\/www.miamibeachfl.gov\/ht\/giftprograms\/\" \/>\n<meta property=\"og:site_name\" content=\"City of Miami Beach\" \/>\n<meta property=\"article:publisher\" content=\"https:\/\/www.facebook.com\/cityofmiamibeach\" \/>\n<meta property=\"article:modified_time\" content=\"2025-12-12T16:46:41+00:00\" \/>\n<meta property=\"og:image\" content=\"https:\/\/www.miamibeachfl.gov\/wp-content\/uploads\/2024\/11\/Bench-Square.jpeg\" \/>\n<meta name=\"twitter:card\" content=\"summary_large_image\" \/>\n<meta name=\"twitter:site\" content=\"@Miamibeachnews\" \/>\n<script type=\"application\/ld+json\" class=\"yoast-schema-graph\">{\"@context\":\"https:\\\/\\\/schema.org\",\"@graph\":[{\"@type\":\"WebPage\",\"@id\":\"https:\\\/\\\/www.miamibeachfl.gov\\\/giftprograms\\\/\",\"url\":\"https:\\\/\\\/www.miamibeachfl.gov\\\/giftprograms\\\/\",\"name\":\"Commemorative Gift Program - City of Miami Beach\",\"isPartOf\":{\"@id\":\"https:\\\/\\\/www.miamibeachfl.gov\\\/#website\"},\"primaryImageOfPage\":{\"@id\":\"https:\\\/\\\/www.miamibeachfl.gov\\\/giftprograms\\\/#primaryimage\"},\"image\":{\"@id\":\"https:\\\/\\\/www.miamibeachfl.gov\\\/giftprograms\\\/#primaryimage\"},\"thumbnailUrl\":\"https:\\\/\\\/www.miamibeachfl.gov\\\/wp-content\\\/uploads\\\/2024\\\/11\\\/Bench-Square.jpeg\",\"datePublished\":\"2024-11-04T16:30:10+00:00\",\"dateModified\":\"2025-12-12T16:46:41+00:00\",\"description\":\"%\",\"breadcrumb\":{\"@id\":\"https:\\\/\\\/www.miamibeachfl.gov\\\/giftprograms\\\/#breadcrumb\"},\"inLanguage\":\"ht\",\"potentialAction\":[{\"@type\":\"ReadAction\",\"target\":[\"https:\\\/\\\/www.miamibeachfl.gov\\\/giftprograms\\\/\"]}]},{\"@type\":\"ImageObject\",\"inLanguage\":\"ht\",\"@id\":\"https:\\\/\\\/www.miamibeachfl.gov\\\/giftprograms\\\/#primaryimage\",\"url\":\"https:\\\/\\\/www.miamibeachfl.gov\\\/wp-content\\\/uploads\\\/2024\\\/11\\\/Bench-Square.jpeg\",\"contentUrl\":\"https:\\\/\\\/www.miamibeachfl.gov\\\/wp-content\\\/uploads\\\/2024\\\/11\\\/Bench-Square.jpeg\"},{\"@type\":\"BreadcrumbList\",\"@id\":\"https:\\\/\\\/www.miamibeachfl.gov\\\/giftprograms\\\/#breadcrumb\",\"itemListElement\":[{\"@type\":\"ListItem\",\"position\":1,\"name\":\"Home\",\"item\":\"https:\\\/\\\/www.miamibeachfl.gov\\\/\"},{\"@type\":\"ListItem\",\"position\":2,\"name\":\"Commemorative Gift Program\"}]},{\"@type\":\"WebSite\",\"@id\":\"https:\\\/\\\/www.miamibeachfl.gov\\\/#website\",\"url\":\"https:\\\/\\\/www.miamibeachfl.gov\\\/\",\"name\":\"City of Miami Beach\",\"description\":\"The official website of the City of Miami Beach. Stay informed, find important information on city services, news, alerts, events, trolley routes, government employment and more.\",\"publisher\":{\"@id\":\"https:\\\/\\\/www.miamibeachfl.gov\\\/#organization\"},\"potentialAction\":[{\"@type\":\"SearchAction\",\"target\":{\"@type\":\"EntryPoint\",\"urlTemplate\":\"https:\\\/\\\/www.miamibeachfl.gov\\\/?s={search_term_string}\"},\"query-input\":{\"@type\":\"PropertyValueSpecification\",\"valueRequired\":true,\"valueName\":\"search_term_string\"}}],\"inLanguage\":\"ht\"},{\"@type\":\"Organization\",\"@id\":\"https:\\\/\\\/www.miamibeachfl.gov\\\/#organization\",\"name\":\"City of Miami Beach\",\"url\":\"https:\\\/\\\/www.miamibeachfl.gov\\\/\",\"logo\":{\"@type\":\"ImageObject\",\"inLanguage\":\"ht\",\"@id\":\"https:\\\/\\\/www.miamibeachfl.gov\\\/#\\\/schema\\\/logo\\\/image\\\/\",\"url\":\"https:\\\/\\\/www.miamibeachfl.gov\\\/wp-content\\\/uploads\\\/2022\\\/06\\\/miamibeach-logoblue.png\",\"contentUrl\":\"https:\\\/\\\/www.miamibeachfl.gov\\\/wp-content\\\/uploads\\\/2022\\\/06\\\/miamibeach-logoblue.png\",\"width\":1962,\"height\":381,\"caption\":\"City of Miami Beach\"},\"image\":{\"@id\":\"https:\\\/\\\/www.miamibeachfl.gov\\\/#\\\/schema\\\/logo\\\/image\\\/\"},\"sameAs\":[\"https:\\\/\\\/www.facebook.com\\\/cityofmiamibeach\",\"https:\\\/\\\/x.com\\\/Miamibeachnews\",\"https:\\\/\\\/www.instagram.com\\\/miamibeachnews\\\/\"],\"description\":\"The official website of the City of Miami Beach. Stay informed, find important information on city services, news, alerts, events, trolley routes, government employment and more.\",\"telephone\":\"305.604.CITY(2489)\",\"legalName\":\"City of Miami Beach\"}]}<\/script>\n<!-- \/ Yoast SEO Premium plugin. -->","yoast_head_json":{"title":"Pwogram Kado Komemoratif - Vil Miami Beach","description":"%","robots":{"index":"index","follow":"follow","max-snippet":"max-snippet:-1","max-image-preview":"max-image-preview:large","max-video-preview":"max-video-preview:-1"},"canonical":"https:\/\/www.miamibeachfl.gov\/ht\/giftprograms\/","og_locale":"ht_HT","og_type":"article","og_title":"Commemorative Gift Program","og_description":"%","og_url":"https:\/\/www.miamibeachfl.gov\/ht\/giftprograms\/","og_site_name":"City of Miami Beach","article_publisher":"https:\/\/www.facebook.com\/cityofmiamibeach","article_modified_time":"2025-12-12T16:46:41+00:00","og_image":[{"url":"https:\/\/www.miamibeachfl.gov\/wp-content\/uploads\/2024\/11\/Bench-Square.jpeg","type":"","width":"","height":""}],"twitter_card":"summary_large_image","twitter_site":"@Miamibeachnews","schema":{"@context":"https:\/\/schema.org","@graph":[{"@type":"WebPage","@id":"https:\/\/www.miamibeachfl.gov\/giftprograms\/","url":"https:\/\/www.miamibeachfl.gov\/giftprograms\/","name":"Pwogram Kado Komemoratif - Vil Miami Beach","isPartOf":{"@id":"https:\/\/www.miamibeachfl.gov\/#website"},"primaryImageOfPage":{"@id":"https:\/\/www.miamibeachfl.gov\/giftprograms\/#primaryimage"},"image":{"@id":"https:\/\/www.miamibeachfl.gov\/giftprograms\/#primaryimage"},"thumbnailUrl":"https:\/\/www.miamibeachfl.gov\/wp-content\/uploads\/2024\/11\/Bench-Square.jpeg","datePublished":"2024-11-04T16:30:10+00:00","dateModified":"2025-12-12T16:46:41+00:00","description":"%","breadcrumb":{"@id":"https:\/\/www.miamibeachfl.gov\/giftprograms\/#breadcrumb"},"inLanguage":"ht","potentialAction":[{"@type":"ReadAction","target":["https:\/\/www.miamibeachfl.gov\/giftprograms\/"]}]},{"@type":"ImageObject","inLanguage":"ht","@id":"https:\/\/www.miamibeachfl.gov\/giftprograms\/#primaryimage","url":"https:\/\/www.miamibeachfl.gov\/wp-content\/uploads\/2024\/11\/Bench-Square.jpeg","contentUrl":"https:\/\/www.miamibeachfl.gov\/wp-content\/uploads\/2024\/11\/Bench-Square.jpeg"},{"@type":"BreadcrumbList","@id":"https:\/\/www.miamibeachfl.gov\/giftprograms\/#breadcrumb","itemListElement":[{"@type":"ListItem","position":1,"name":"Home","item":"https:\/\/www.miamibeachfl.gov\/"},{"@type":"ListItem","position":2,"name":"Commemorative Gift Program"}]},{"@type":"WebSite","@id":"https:\/\/www.miamibeachfl.gov\/#website","url":"https:\/\/www.miamibeachfl.gov\/","name":"Vil Miami Beach","description":"Sitw\u00e8b ofisy\u00e8l Vil Miami Beach la. Rete enf\u00f2me, jwenn enf\u00f2masyon enp\u00f2tan sou s\u00e8vis vil la, nouv\u00e8l, al\u00e8t, ev\u00e8nman, wout tramway, travay gouv\u00e8nman an ak plis ank\u00f2.","publisher":{"@id":"https:\/\/www.miamibeachfl.gov\/#organization"},"potentialAction":[{"@type":"SearchAction","target":{"@type":"EntryPoint","urlTemplate":"https:\/\/www.miamibeachfl.gov\/?s={search_term_string}"},"query-input":{"@type":"PropertyValueSpecification","valueRequired":true,"valueName":"search_term_string"}}],"inLanguage":"ht"},{"@type":"Organization","@id":"https:\/\/www.miamibeachfl.gov\/#organization","name":"Vil Miami Beach","url":"https:\/\/www.miamibeachfl.gov\/","logo":{"@type":"ImageObject","inLanguage":"ht","@id":"https:\/\/www.miamibeachfl.gov\/#\/schema\/logo\/image\/","url":"https:\/\/www.miamibeachfl.gov\/wp-content\/uploads\/2022\/06\/miamibeach-logoblue.png","contentUrl":"https:\/\/www.miamibeachfl.gov\/wp-content\/uploads\/2022\/06\/miamibeach-logoblue.png","width":1962,"height":381,"caption":"City of Miami Beach"},"image":{"@id":"https:\/\/www.miamibeachfl.gov\/#\/schema\/logo\/image\/"},"sameAs":["https:\/\/www.facebook.com\/cityofmiamibeach","https:\/\/x.com\/Miamibeachnews","https:\/\/www.instagram.com\/miamibeachnews\/"],"description":"Sitw\u00e8b ofisy\u00e8l Vil Miami Beach la. Rete enf\u00f2me, jwenn enf\u00f2masyon enp\u00f2tan sou s\u00e8vis vil la, nouv\u00e8l, al\u00e8t, ev\u00e8nman, wout tramway, travay gouv\u00e8nman an ak plis ank\u00f2.","telephone":"305.604.CITY(2489)","legalName":"City of Miami Beach"}]}},"_links":{"self":[{"href":"https:\/\/www.miamibeachfl.gov\/ht\/wp-json\/wp\/v2\/pages\/346311","targetHints":{"allow":["GET"]}}],"collection":[{"href":"https:\/\/www.miamibeachfl.gov\/ht\/wp-json\/wp\/v2\/pages"}],"about":[{"href":"https:\/\/www.miamibeachfl.gov\/ht\/wp-json\/wp\/v2\/types\/page"}],"author":[{"embeddable":true,"href":"https:\/\/www.miamibeachfl.gov\/ht\/wp-json\/wp\/v2\/users\/222"}],"replies":[{"embeddable":true,"href":"https:\/\/www.miamibeachfl.gov\/ht\/wp-json\/wp\/v2\/comments?post=346311"}],"version-history":[{"count":3,"href":"https:\/\/www.miamibeachfl.gov\/ht\/wp-json\/wp\/v2\/pages\/346311\/revisions"}],"predecessor-version":[{"id":393356,"href":"https:\/\/www.miamibeachfl.gov\/ht\/wp-json\/wp\/v2\/pages\/346311\/revisions\/393356"}],"wp:attachment":[{"href":"https:\/\/www.miamibeachfl.gov\/ht\/wp-json\/wp\/v2\/media?parent=346311"}],"wp:term":[{"taxonomy":"category","embeddable":true,"href":"https:\/\/www.miamibeachfl.gov\/ht\/wp-json\/wp\/v2\/categories?post=346311"},{"taxonomy":"post_tag","embeddable":true,"href":"https:\/\/www.miamibeachfl.gov\/ht\/wp-json\/wp\/v2\/tags?post=346311"}],"curies":[{"name":"wp","href":"https:\/\/api.w.org\/{rel}","templated":true}]}}