{"id":348974,"date":"2024-11-27T16:28:58","date_gmt":"2024-11-27T21:28:58","guid":{"rendered":"https:\/\/www.miamibeachfl.gov\/?page_id=348974"},"modified":"2026-01-07T11:32:31","modified_gmt":"2026-01-07T16:32:31","slug":"camera-enforcement-violations","status":"publish","type":"page","link":"https:\/\/www.miamibeachfl.gov\/ht\/yourmbpd\/services\/camera-enforcement-violations\/","title":{"rendered":"Vyolasyon Aplikasyon Kamera"},"content":{"rendered":"<a href=\"\/ht\/yourmbpd\/\"  target=\"_self\" itemprop=\"url\">\n\t\t\t\t<img decoding=\"async\" src=\"https:\/\/www.miamibeachfl.gov\/wp-content\/uploads\/2019\/12\/badge-for-banner.png\" alt=\"badge for banner\" itemprop=\"image\" height=\"556\" width=\"1000\" title=\"badj pou bany\u00e8\" onerror=\"this.style.display='none'\" loading=\"lazy\" \/>\n\t\t\t\t<\/a>\n<h1>\n\t\t<a href=\"\/ht\/yourmbpd\/leadership\/\" title=\"LIDERAY\"  target=\"_self\">\n\t\t\tLIDERAY\t\t<\/a>\n\t<\/h1>\n<h1>\n\t\t<a href=\"\/ht\/yourmbpd\/neighborhoods\/\" title=\"KATYE YO\"  target=\"_self\">\n\t\t\tKATYE YO\t\t<\/a>\n\t<\/h1>\n<h1>\n\t\t<a href=\"\/ht\/yourmbpd\/services\/\" title=\"S\u00c8VIS\"  target=\"_self\">\n\t\t\tS\u00c8VIS\t\t<\/a>\n\t<\/h1>\n<h1>\n\t\t<a href=\"\/ht\/yourmbpd\/monthlycrimesdatareport\/\" title=\"DONE KRIM\"  target=\"_self\">\n\t\t\tDONE KRIM\t\t<\/a>\n\t<\/h1>\n<h1>\n\t\t<a href=\"\/ht\/yourmbpd\/contact\/\" title=\"KONTAKTE\"  target=\"_self\">\n\t\t\tKONTAKTE\t\t<\/a>\n\t<\/h1>\n<h1>\n\t\t\tVyolasyon R\u00e8gleman sou Aplikasyon Kamera nan Vil Miami Beach\t<\/h1>\n\t<p>Vil Miami Beach la ap f\u00e8 siveyans pou siveye limy\u00e8 wouj ki pran foto ak videyo nan kote sa yo:<\/p>\n\t\t\t\t\t\n\t\t\t\t\t\n\t\t\t\t\t\n\t\t\t\t\t\n\t\t\t\t\t\n\t\t\t\t\t\n\t\t\t\t\t\n\t\t\t\t\t\n\t\t\t\t\t\n\t\t\t\t\t\n\t\t\t\t\t\t<table>\n\t\t\t\t\t\t\t<thead>\n\t\t\t\t\t\t\t\t\t\t\t\t\t\t\t\t\t<tr>\n\t\t\t\t\t\t\t\t\t\t\t\t\t\t\t\t\t\t\t<th>\n\t\t\t\t\t\t\t\t\t\t\t<label> Ent\u00e8seksyon <\/label>\n\t\t\t\t\t\t\t\t\t\t\t\t\t\t\t\t\t\t\t\t\t<\/th>\n\t\t\t\t\t\t\t\t\t\t\t\t\t\t\t\t\t\t\t\t<th>\n\t\t\t\t\t\t\t\t\t\t\t<label> Direksyon vwayaj la <\/label>\n\t\t\t\t\t\t\t\t\t\t\t\t\t\t\t\t\t\t\t\t\t<\/th>\n\t\t\t\t\t\t\t\t\t\t\t\t\t\t\t\t\t<\/tr><\/thead>\n\t\t\t\t\t\t\t<tbody>\n\t\t\t\t\t\t\t\t\t\t\t\t\t\t\t\t\t\t\t\t\t\t\t\t\t<tr>\n\t\t\t\t\t\t\t\t\t\t\t\t\t\t\t\t\t\t\t\t\t<td>\n\t\t\t\t\t\t\t\t\t\t\t\t 17y\u00e8m Ri ak Avni Washington \n\t\t\t\t\t\t\t\t\t\t\t<\/td>\n\t\t\t\t\t\t\t\t\t\t\t\t\t\t\t\t\t\t\t\t\t\t\t\t\t\t\t\t\t\t\t\t<td>\n\t\t\t\t\t\t\t\t\t\t\t\t L\u00e8s \n\t\t\t\t\t\t\t\t\t\t\t<\/td>\n\t\t\t\t\t\t\t\t\t\t\t\t\t\t\t\t\t\t\t\t\t\t\t\t\t\t\t\t\t\t<\/tr>\n\t\t\t\t\t\t\t\t\t\t\t\t\t\t\t\t\t<tr>\n\t\t\t\t\t\t\t\t\t\t\t\t\t\t\t\t\t\t\t\t\t<td>\n\t\t\t\t\t\t\t\t\t\t\t\t Indian Creek Dr ak Abbott Ave \n\t\t\t\t\t\t\t\t\t\t\t<\/td>\n\t\t\t\t\t\t\t\t\t\t\t\t\t\t\t\t\t\t\t\t\t\t\t\t\t\t\t\t\t\t\t\t<td>\n\t\t\t\t\t\t\t\t\t\t\t\t Sid \n\t\t\t\t\t\t\t\t\t\t\t<\/td>\n\t\t\t\t\t\t\t\t\t\t\t\t\t\t\t\t\t\t\t\t\t\t\t\t\t\t\t\t\t\t<\/tr>\n\t\t\t\t\t\t\t\t\t\t\t\t\t\t\t\t\t<tr>\n\t\t\t\t\t\t\t\t\t\t\t\t\t\t\t\t\t\t\t\t\t<td>\n\t\t\t\t\t\t\t\t\t\t\t\t Alton Rd ak Chase Ave \n\t\t\t\t\t\t\t\t\t\t\t<\/td>\n\t\t\t\t\t\t\t\t\t\t\t\t\t\t\t\t\t\t\t\t\t\t\t\t\t\t\t\t\t\t\t\t<td>\n\t\t\t\t\t\t\t\t\t\t\t\t N\u00f2 \n\t\t\t\t\t\t\t\t\t\t\t<\/td>\n\t\t\t\t\t\t\t\t\t\t\t\t\t\t\t\t\t\t\t\t\t\t\t\t\t\t\t\t\t\t<\/tr>\n\t\t\t\t\t\t\t\t\t\t\t\t\t\t\t\t\t<tr>\n\t\t\t\t\t\t\t\t\t\t\t\t\t\t\t\t\t\t\t\t\t<td>\n\t\t\t\t\t\t\t\t\t\t\t\t Indian Creek Dr ak 63y\u00e8m Ri \n\t\t\t\t\t\t\t\t\t\t\t<\/td>\n\t\t\t\t\t\t\t\t\t\t\t\t\t\t\t\t\t\t\t\t\t\t\t\t\t\t\t\t\t\t\t\t<td>\n\t\t\t\t\t\t\t\t\t\t\t\t Sid \n\t\t\t\t\t\t\t\t\t\t\t<\/td>\n\t\t\t\t\t\t\t\t\t\t\t\t\t\t\t\t\t\t\t\t\t\t\t\t\t\t\t\t\t\t<\/tr>\n\t\t\t\t\t\t\t\t\t\t\t\t\t\t\t\t\t<tr>\n\t\t\t\t\t\t\t\t\t\t\t\t\t\t\t\t\t\t\t\t\t<td>\n\t\t\t\t\t\t\t\t\t\t\t\t Avni Prairie ak 41y\u00e8m Ri \n\t\t\t\t\t\t\t\t\t\t\t<\/td>\n\t\t\t\t\t\t\t\t\t\t\t\t\t\t\t\t\t\t\t\t\t\t\t\t\t\t\t\t\t\t\t\t<td>\n\t\t\t\t\t\t\t\t\t\t\t\t N\u00f2 \n\t\t\t\t\t\t\t\t\t\t\t<\/td>\n\t\t\t\t\t\t\t\t\t\t\t\t\t\t\t\t\t\t\t\t\t\t\t\t\t\t\t\t\t\t<\/tr>\n\t\t\t\t\t\t\t\t\t\t\t\t\t\t\t\t\t<tr>\n\t\t\t\t\t\t\t\t\t\t\t\t\t\t\t\t\t\t\t\t\t<td>\n\t\t\t\t\t\t\t\t\t\t\t\t Indian Creek Dr ak 71y\u00e8m Ri \n\t\t\t\t\t\t\t\t\t\t\t<\/td>\n\t\t\t\t\t\t\t\t\t\t\t\t\t\t\t\t\t\t\t\t\t\t\t\t\t\t\t\t\t\t\t\t<td>\n\t\t\t\t\t\t\t\t\t\t\t\t N\u00f2 \n\t\t\t\t\t\t\t\t\t\t\t<\/td>\n\t\t\t\t\t\t\t\t\t\t\t\t\t\t\t\t\t\t\t\t\t\t\t\t\t\t\t\t\t\t<\/tr>\n\t\t\t\t\t\t\t\t\t\t\t\t\t\t\t\t\t<tr>\n\t\t\t\t\t\t\t\t\t\t\t\t\t\t\t\t\t\t\t\t\t<td>\n\t\t\t\t\t\t\t\t\t\t\t\t 23y\u00e8m Ri ak Prairie Ave \n\t\t\t\t\t\t\t\t\t\t\t<\/td>\n\t\t\t\t\t\t\t\t\t\t\t\t\t\t\t\t\t\t\t\t\t\t\t\t\t\t\t\t\t\t\t\t<td>\n\t\t\t\t\t\t\t\t\t\t\t\t Lw\u00e8s \n\t\t\t\t\t\t\t\t\t\t\t<\/td>\n\t\t\t\t\t\t\t\t\t\t\t\t\t\t\t\t\t\t\t\t\t\t\t\t\t\t\t\t\t\t<\/tr>\n\t\t\t\t\t\t\t\t\t\t\t\t\t\t\t\t\t<tr>\n\t\t\t\t\t\t\t\t\t\t\t\t\t\t\t\t\t\t\t\t\t<td>\n\t\t\t\t\t\t\t\t\t\t\t\t 17y\u00e8m Ri ak Alton Rd \n\t\t\t\t\t\t\t\t\t\t\t<\/td>\n\t\t\t\t\t\t\t\t\t\t\t\t\t\t\t\t\t\t\t\t\t\t\t\t\t\t\t\t\t\t\t\t<td>\n\t\t\t\t\t\t\t\t\t\t\t\t Lw\u00e8s \n\t\t\t\t\t\t\t\t\t\t\t<\/td>\n\t\t\t\t\t\t\t\t\t\t\t\t\t\t\t\t\t\t\t\t\t\t\t\t\t\t\t\t\t\t<\/tr>\n\t\t\t\t\t\t\t\t\t\t\t\t\t\t\t\t\t<tr>\n\t\t\t\t\t\t\t\t\t\t\t\t\t\t\t\t\t\t\t\t\t<td>\n\t\t\t\t\t\t\t\t\t\t\t\t Boulevard Dade ak Avni Washington \n\t\t\t\t\t\t\t\t\t\t\t<\/td>\n\t\t\t\t\t\t\t\t\t\t\t\t\t\t\t\t\t\t\t\t\t\t\t\t\t\t\t\t\t\t\t\t<td>\n\t\t\t\t\t\t\t\t\t\t\t\t L\u00e8s \n\t\t\t\t\t\t\t\t\t\t\t<\/td>\n\t\t\t\t\t\t\t\t\t\t\t\t\t\t\t\t\t\t\t\t\t\t\t\t\t\t\t\t\t\t<\/tr>\n\t\t\t\t\t\t\t\t\t\t\t\t\t\t\t\t\t<tr>\n\t\t\t\t\t\t\t\t\t\t\t\t\t\t\t\t\t\t\t\t\t<td>\n\t\t\t\t\t\t\t\t\t\t\t\t Avni Washington ak 17y\u00e8m Ri \n\t\t\t\t\t\t\t\t\t\t\t<\/td>\n\t\t\t\t\t\t\t\t\t\t\t\t\t\t\t\t\t\t\t\t\t\t\t\t\t\t\t\t\t\t\t\t<td>\n\t\t\t\t\t\t\t\t\t\t\t\t Sid \n\t\t\t\t\t\t\t\t\t\t\t<\/td>\n\t\t\t\t\t\t\t\t\t\t\t\t\t\t\t\t\t\t\t\t\t\t\t\t\t\t\t\t\t\t<\/tr>\n\t\t\t\t\t\t\t\t\t\t\t\t\t\t\t\t\n\t\t\t\t\t\t\t<\/tbody>\n\t\t\t\t\t\t<\/table>\n\t\t<h2>\n\t\t\tEnf\u00f2masyon enp\u00f2tan sou vyolasyon\t<\/h2>\n\t<p>Machin yo idantifye k\u00f2m moun ki vyole siyal limy\u00e8 wouj la nan ent\u00e8seksyon ki nan lis la ka resevwa yon Avi Vyolasyon nan adr\u00e8s kote machin nan anrejistre a. <u>Yon Avi Vyolasyon gen yon sanksyon sivil $158.<\/u> Enfraksyon yo bay atrav\u00e8 pwogram sa a pa krimin\u00e8l epi yo p ap afekte asirans oto ou oswa dosye lisans chof\u00e8 ou. Gen plizy\u00e8 egzanpsyon responsablite pou yon pwopriyet\u00e8 machin ki resevwa yon Avi Vyolasyon. Ou <strong><em>me<\/em><\/strong> egzante si ou te:<\/p>\n<ul>\n<li><strong>Sede dwa pasaj bay yon machin ijans oswa yon pwosesyon fineray;<\/strong><\/li>\n<li><strong>Si yon ofisye lapolis te dirije ou;<\/strong><\/li>\n<li><strong>Si machin ou an te sou swen, gad oswa kontw\u00f2l yon l\u00f2t moun;<\/strong><\/li>\n<li><strong>Si yo te v\u00f2l\u00e8 machin ou an l\u00e8 vyolasyon an te f\u00e8t; oubyen<\/strong><\/li>\n<li><strong>Si yon ofisye lapolis te bay chof\u00e8 machin nan yon Sitasyon Sikilasyon Inif\u00f2m (UTC) pou menm vyolasyon an nan menm kote vyolasyon limy\u00e8 wouj la te f\u00e8t.<\/strong><\/li>\n<\/ul>\n<p>Si ou kw\u00e8 ou gen yon egzanpsyon legal pou ou te pase limy\u00e8 wouj la, ou ka konteste vyolasyon ou an nan yon odyans ap\u00e8l. Ou dwe ranpli yon afidavit notarye ki deklare, anba pinisyon pou fo temwayaj, ke youn nan sikonstans ki anwo yo aplike nan egzanpsyon w ap mande a. Soum\u00e8t yon fo afidavit se yon deli 2y\u00e8m degre ki pini jan sa prevwa nan Seksyon 775.082 oswa Seksyon 775.083, Lwa Florid yo.<\/p>\n<p>Afidavit \u2013 Pwopriyet\u00e8 Veyikil ki pa Responsab: <a href=\"https:\/\/www.miamibeachfl.gov\/wp-content\/uploads\/2024\/11\/Miami-Beach-AFFIDAVIT.pdf\"><strong>Klike la a <\/strong><\/a><\/p>\n<p>Si ou vle f\u00e8 ap\u00e8l kont Avi Vyolasyon an. D\u00e8y\u00e8 avi w la gen enstriksyon pou w depoze yon ap\u00e8l bay Tribinal Espesyal Vil Miami Beach la.<\/p>\n<h2>\n\t\t\tSitasyon Inif\u00f2m Trafik Florid (UTC)\t<\/h2>\n\t<p>Si ou pa satisf\u00e8 yon Avi Vyolasyon (peye amann oswa f\u00e8 ap\u00e8l) nan tan ki espesifye sou avi a, Depatman Lapolis Miami Beach la pral revize vyolasyon an. Si yo konfime vyolasyon an, yo ka ba ou yon Sitasyon Inif\u00f2m Florid (UTC).<\/p>\n<p><u>Amann akty\u00e8l la pou yon UTC nan Konte Miami-Dade se $277.<\/u> Apati dat yo ba ou yon Sitasyon Sikilasyon Inif\u00f2m, ou gen 30 jou pou aji (pou vyolasyon peman oswa pou mande yon konparisyon nan tribinal). Si ou pa aji sou Sitasyon Sikilasyon Inif\u00f2m nan nan 30 jou, yo ka sispann lisans ou, epi ou ka pa kapab anrejistre machin ou.<\/p>\n<p>Tanpri vizite sitw\u00e8b Biwo Grefye Miami-Dade la pou plis enf\u00f2masyon l\u00e8 w klike sou lyen sa a:<\/p>\n<p><strong><a href=\"https:\/\/www.miamidadeclerk.gov\/clerk\/traffic-parking.page\">https:\/\/www.miamidadeclerk.gov\/clerk\/traffic-parking.page<\/a><\/strong><\/p>\n<h2>\n\t\t\tEnf\u00f2masyon sou Pwogram Regilasyon an\t<\/h2>\n\t<p>An ak\u00f2 av\u00e8k Lwa Florid 316.0083(4), Vil Miami Beach bay lyen pou dokiman sa yo:<\/p>\n<p>\u00b7 <a href=\"https:\/\/www.miamibeachfl.gov\/wp-content\/uploads\/2024\/11\/2024-Annual-Traffic-Infraction-Detector-Report.pdf\"><strong>Rap\u00f2 Any\u00e8l Detekt\u00e8 Enfraksyon Trafik 2024 la<\/strong><\/a><\/p>\n<p>\u00b7 <a href=\"https:\/\/www.miamibeachfl.gov\/wp-content\/uploads\/2024\/11\/Commission-Memorandum-10.30.24-Approving-Report-per-316.00834.pdf\"><strong>30.10.2024 Memorand\u00f2m Komisyon an ki apwouve rap\u00f2 a<\/strong><\/a><\/p>\n<p>\u00b7 <a href=\"https:\/\/www.miamibeachfl.gov\/wp-content\/uploads\/2024\/12\/Resolution-2024-33351.pdf\"><strong>Rezolisyon \u2013 Rap\u00f2 Any\u00e8l sou Detekt\u00e8 Enfraksyon Trafik<\/strong><\/a><\/p>\n\t<p>\u00a9 2025 Dwa ot\u00e8 Vil Miami Beach.<\/p>\n\t\t\t<a href=\"\/ht\/\" target=\"_self\">\n\t\t\t\t\t\t\tSitw\u00e8b Vil Miami Beach la\n\t\t\t\t\t<\/a>\n\t\t\t<a href=\"\/ht\/policies-disclaimers\/\" target=\"_self\">\n\t\t\t\t\t\t\tR\u00e8gleman ak Av\u00e8tisman\n\t\t\t\t\t<\/a>\n\t\t\t<a href=\"\/ht\/accessibility\/\" target=\"_self\">\n\t\t\t\t\t\t\tAks\u00e8\n\t\t\t\t\t<\/a>\n\t\t\t<a href=\"\/ht\/policies-disclaimers\/#cookies\" target=\"_self\">\n\t\t\t\t\t\t\tParam\u00e8t Bonbon\n\t\t\t\t\t<\/a>","protected":false},"excerpt":{"rendered":"<p>LEADERSHIP NEIGHBORHOODS SERVICES CRIME DATA CONTACT City of Miami Beach Camera Enforcement Violations The City of Miami Beach conducts Camera [&hellip;]<\/p>\n","protected":false},"author":329,"featured_media":0,"parent":122945,"menu_order":97,"comment_status":"closed","ping_status":"closed","template":"","meta":{"_searchwp_excluded":"","site-sidebar-layout":"default","site-content-layout":"","ast-site-content-layout":"","site-content-style":"default","site-sidebar-style":"default","ast-global-header-display":"disabled","ast-banner-title-visibility":"","ast-main-header-display":"","ast-hfb-above-header-display":"","ast-hfb-below-header-display":"","ast-hfb-mobile-header-display":"","site-post-title":"","ast-breadcrumbs-content":"","ast-featured-img":"","footer-sml-layout":"disabled","theme-transparent-header-meta":"","adv-header-id-meta":"","stick-header-meta":"","header-above-stick-meta":"","header-main-stick-meta":"","header-below-stick-meta":"","astra-migrate-meta-layouts":"default","ast-page-background-enabled":"default","ast-page-background-meta":{"desktop":{"background-color":"var(--ast-global-color-5)","background-image":"","background-repeat":"repeat","background-position":"center center","background-size":"auto","background-attachment":"scroll","background-type":"","background-media":"","overlay-type":"","overlay-color":"","overlay-opacity":"","overlay-gradient":""},"tablet":{"background-color":"","background-image":"","background-repeat":"repeat","background-position":"center center","background-size":"auto","background-attachment":"scroll","background-type":"","background-media":"","overlay-type":"","overlay-color":"","overlay-opacity":"","overlay-gradient":""},"mobile":{"background-color":"","background-image":"","background-repeat":"repeat","background-position":"center center","background-size":"auto","background-attachment":"scroll","background-type":"","background-media":"","overlay-type":"","overlay-color":"","overlay-opacity":"","overlay-gradient":""}},"ast-content-background-meta":{"desktop":{"background-color":"var(--ast-global-color-4)","background-image":"","background-repeat":"repeat","background-position":"center center","background-size":"auto","background-attachment":"scroll","background-type":"","background-media":"","overlay-type":"","overlay-color":"","overlay-opacity":"","overlay-gradient":""},"tablet":{"background-color":"var(--ast-global-color-4)","background-image":"","background-repeat":"repeat","background-position":"center center","background-size":"auto","background-attachment":"scroll","background-type":"","background-media":"","overlay-type":"","overlay-color":"","overlay-opacity":"","overlay-gradient":""},"mobile":{"background-color":"var(--ast-global-color-4)","background-image":"","background-repeat":"repeat","background-position":"center center","background-size":"auto","background-attachment":"scroll","background-type":"","background-media":"","overlay-type":"","overlay-color":"","overlay-opacity":"","overlay-gradient":""}},"footnotes":""},"categories":[],"tags":[],"class_list":["post-348974","page","type-page","status-publish","hentry"],"yoast_head":"<!-- This site is optimized with the Yoast SEO Premium plugin v27.4 (Yoast SEO v27.4) - https:\/\/yoast.com\/product\/yoast-seo-premium-wordpress\/ -->\n<title>Camera Enforcement Violations - City of Miami Beach<\/title>\n<meta name=\"description\" content=\"%\" \/>\n<meta name=\"robots\" content=\"index, follow, max-snippet:-1, max-image-preview:large, max-video-preview:-1\" \/>\n<link rel=\"canonical\" href=\"https:\/\/www.miamibeachfl.gov\/ht\/yourmbpd\/services\/camera-enforcement-violations\/\" \/>\n<meta property=\"og:locale\" content=\"ht_HT\" \/>\n<meta property=\"og:type\" content=\"article\" \/>\n<meta property=\"og:title\" content=\"Camera Enforcement Violations\" \/>\n<meta property=\"og:description\" content=\"%\" \/>\n<meta property=\"og:url\" content=\"https:\/\/www.miamibeachfl.gov\/ht\/yourmbpd\/services\/camera-enforcement-violations\/\" \/>\n<meta property=\"og:site_name\" content=\"City of Miami Beach\" \/>\n<meta property=\"article:publisher\" content=\"https:\/\/www.facebook.com\/cityofmiamibeach\" \/>\n<meta property=\"article:modified_time\" content=\"2026-01-07T16:32:31+00:00\" \/>\n<meta property=\"og:image\" content=\"https:\/\/www.miamibeachfl.gov\/wp-content\/uploads\/2019\/12\/badge-for-banner.png\" \/>\n<meta name=\"twitter:card\" content=\"summary_large_image\" \/>\n<meta name=\"twitter:site\" content=\"@Miamibeachnews\" \/>\n<script type=\"application\/ld+json\" class=\"yoast-schema-graph\">{\"@context\":\"https:\\\/\\\/schema.org\",\"@graph\":[{\"@type\":\"WebPage\",\"@id\":\"https:\\\/\\\/www.miamibeachfl.gov\\\/yourmbpd\\\/services\\\/camera-enforcement-violations\\\/\",\"url\":\"https:\\\/\\\/www.miamibeachfl.gov\\\/yourmbpd\\\/services\\\/camera-enforcement-violations\\\/\",\"name\":\"Camera Enforcement Violations - City of Miami Beach\",\"isPartOf\":{\"@id\":\"https:\\\/\\\/www.miamibeachfl.gov\\\/#website\"},\"primaryImageOfPage\":{\"@id\":\"https:\\\/\\\/www.miamibeachfl.gov\\\/yourmbpd\\\/services\\\/camera-enforcement-violations\\\/#primaryimage\"},\"image\":{\"@id\":\"https:\\\/\\\/www.miamibeachfl.gov\\\/yourmbpd\\\/services\\\/camera-enforcement-violations\\\/#primaryimage\"},\"thumbnailUrl\":\"https:\\\/\\\/www.miamibeachfl.gov\\\/wp-content\\\/uploads\\\/2019\\\/12\\\/badge-for-banner.png\",\"datePublished\":\"2024-11-27T21:28:58+00:00\",\"dateModified\":\"2026-01-07T16:32:31+00:00\",\"description\":\"%\",\"breadcrumb\":{\"@id\":\"https:\\\/\\\/www.miamibeachfl.gov\\\/yourmbpd\\\/services\\\/camera-enforcement-violations\\\/#breadcrumb\"},\"inLanguage\":\"ht\",\"potentialAction\":[{\"@type\":\"ReadAction\",\"target\":[\"https:\\\/\\\/www.miamibeachfl.gov\\\/yourmbpd\\\/services\\\/camera-enforcement-violations\\\/\"]}]},{\"@type\":\"ImageObject\",\"inLanguage\":\"ht\",\"@id\":\"https:\\\/\\\/www.miamibeachfl.gov\\\/yourmbpd\\\/services\\\/camera-enforcement-violations\\\/#primaryimage\",\"url\":\"https:\\\/\\\/www.miamibeachfl.gov\\\/wp-content\\\/uploads\\\/2019\\\/12\\\/badge-for-banner.png\",\"contentUrl\":\"https:\\\/\\\/www.miamibeachfl.gov\\\/wp-content\\\/uploads\\\/2019\\\/12\\\/badge-for-banner.png\"},{\"@type\":\"BreadcrumbList\",\"@id\":\"https:\\\/\\\/www.miamibeachfl.gov\\\/yourmbpd\\\/services\\\/camera-enforcement-violations\\\/#breadcrumb\",\"itemListElement\":[{\"@type\":\"ListItem\",\"position\":1,\"name\":\"Home\",\"item\":\"https:\\\/\\\/www.miamibeachfl.gov\\\/\"},{\"@type\":\"ListItem\",\"position\":2,\"name\":\"Police\",\"item\":\"https:\\\/\\\/www.miamibeachfl.gov\\\/yourmbpd\\\/\"},{\"@type\":\"ListItem\",\"position\":3,\"name\":\"Services\",\"item\":\"https:\\\/\\\/www.miamibeachfl.gov\\\/yourmbpd\\\/services\\\/\"},{\"@type\":\"ListItem\",\"position\":4,\"name\":\"Camera Enforcement Violations\"}]},{\"@type\":\"WebSite\",\"@id\":\"https:\\\/\\\/www.miamibeachfl.gov\\\/#website\",\"url\":\"https:\\\/\\\/www.miamibeachfl.gov\\\/\",\"name\":\"City of Miami Beach\",\"description\":\"The official website of the City of Miami Beach. Stay informed, find important information on city services, news, alerts, events, trolley routes, government employment and more.\",\"publisher\":{\"@id\":\"https:\\\/\\\/www.miamibeachfl.gov\\\/#organization\"},\"potentialAction\":[{\"@type\":\"SearchAction\",\"target\":{\"@type\":\"EntryPoint\",\"urlTemplate\":\"https:\\\/\\\/www.miamibeachfl.gov\\\/?s={search_term_string}\"},\"query-input\":{\"@type\":\"PropertyValueSpecification\",\"valueRequired\":true,\"valueName\":\"search_term_string\"}}],\"inLanguage\":\"ht\"},{\"@type\":\"Organization\",\"@id\":\"https:\\\/\\\/www.miamibeachfl.gov\\\/#organization\",\"name\":\"City of Miami Beach\",\"url\":\"https:\\\/\\\/www.miamibeachfl.gov\\\/\",\"logo\":{\"@type\":\"ImageObject\",\"inLanguage\":\"ht\",\"@id\":\"https:\\\/\\\/www.miamibeachfl.gov\\\/#\\\/schema\\\/logo\\\/image\\\/\",\"url\":\"https:\\\/\\\/www.miamibeachfl.gov\\\/wp-content\\\/uploads\\\/2022\\\/06\\\/miamibeach-logoblue.png\",\"contentUrl\":\"https:\\\/\\\/www.miamibeachfl.gov\\\/wp-content\\\/uploads\\\/2022\\\/06\\\/miamibeach-logoblue.png\",\"width\":1962,\"height\":381,\"caption\":\"City of Miami Beach\"},\"image\":{\"@id\":\"https:\\\/\\\/www.miamibeachfl.gov\\\/#\\\/schema\\\/logo\\\/image\\\/\"},\"sameAs\":[\"https:\\\/\\\/www.facebook.com\\\/cityofmiamibeach\",\"https:\\\/\\\/x.com\\\/Miamibeachnews\",\"https:\\\/\\\/www.instagram.com\\\/miamibeachnews\\\/\"],\"description\":\"The official website of the City of Miami Beach. Stay informed, find important information on city services, news, alerts, events, trolley routes, government employment and more.\",\"telephone\":\"305.604.CITY(2489)\",\"legalName\":\"City of Miami Beach\"}]}<\/script>\n<!-- \/ Yoast SEO Premium plugin. -->","yoast_head_json":{"title":"Vyolasyon Aplikasyon Kamera - Vil Miami Beach","description":"%","robots":{"index":"index","follow":"follow","max-snippet":"max-snippet:-1","max-image-preview":"max-image-preview:large","max-video-preview":"max-video-preview:-1"},"canonical":"https:\/\/www.miamibeachfl.gov\/ht\/yourmbpd\/services\/camera-enforcement-violations\/","og_locale":"ht_HT","og_type":"article","og_title":"Camera Enforcement Violations","og_description":"%","og_url":"https:\/\/www.miamibeachfl.gov\/ht\/yourmbpd\/services\/camera-enforcement-violations\/","og_site_name":"City of Miami Beach","article_publisher":"https:\/\/www.facebook.com\/cityofmiamibeach","article_modified_time":"2026-01-07T16:32:31+00:00","og_image":[{"url":"https:\/\/www.miamibeachfl.gov\/wp-content\/uploads\/2019\/12\/badge-for-banner.png","type":"","width":"","height":""}],"twitter_card":"summary_large_image","twitter_site":"@Miamibeachnews","schema":{"@context":"https:\/\/schema.org","@graph":[{"@type":"WebPage","@id":"https:\/\/www.miamibeachfl.gov\/yourmbpd\/services\/camera-enforcement-violations\/","url":"https:\/\/www.miamibeachfl.gov\/yourmbpd\/services\/camera-enforcement-violations\/","name":"Vyolasyon Aplikasyon Kamera - Vil Miami Beach","isPartOf":{"@id":"https:\/\/www.miamibeachfl.gov\/#website"},"primaryImageOfPage":{"@id":"https:\/\/www.miamibeachfl.gov\/yourmbpd\/services\/camera-enforcement-violations\/#primaryimage"},"image":{"@id":"https:\/\/www.miamibeachfl.gov\/yourmbpd\/services\/camera-enforcement-violations\/#primaryimage"},"thumbnailUrl":"https:\/\/www.miamibeachfl.gov\/wp-content\/uploads\/2019\/12\/badge-for-banner.png","datePublished":"2024-11-27T21:28:58+00:00","dateModified":"2026-01-07T16:32:31+00:00","description":"%","breadcrumb":{"@id":"https:\/\/www.miamibeachfl.gov\/yourmbpd\/services\/camera-enforcement-violations\/#breadcrumb"},"inLanguage":"ht","potentialAction":[{"@type":"ReadAction","target":["https:\/\/www.miamibeachfl.gov\/yourmbpd\/services\/camera-enforcement-violations\/"]}]},{"@type":"ImageObject","inLanguage":"ht","@id":"https:\/\/www.miamibeachfl.gov\/yourmbpd\/services\/camera-enforcement-violations\/#primaryimage","url":"https:\/\/www.miamibeachfl.gov\/wp-content\/uploads\/2019\/12\/badge-for-banner.png","contentUrl":"https:\/\/www.miamibeachfl.gov\/wp-content\/uploads\/2019\/12\/badge-for-banner.png"},{"@type":"BreadcrumbList","@id":"https:\/\/www.miamibeachfl.gov\/yourmbpd\/services\/camera-enforcement-violations\/#breadcrumb","itemListElement":[{"@type":"ListItem","position":1,"name":"Home","item":"https:\/\/www.miamibeachfl.gov\/"},{"@type":"ListItem","position":2,"name":"Police","item":"https:\/\/www.miamibeachfl.gov\/yourmbpd\/"},{"@type":"ListItem","position":3,"name":"Services","item":"https:\/\/www.miamibeachfl.gov\/yourmbpd\/services\/"},{"@type":"ListItem","position":4,"name":"Camera Enforcement Violations"}]},{"@type":"WebSite","@id":"https:\/\/www.miamibeachfl.gov\/#website","url":"https:\/\/www.miamibeachfl.gov\/","name":"Vil Miami Beach","description":"Sitw\u00e8b ofisy\u00e8l Vil Miami Beach la. Rete enf\u00f2me, jwenn enf\u00f2masyon enp\u00f2tan sou s\u00e8vis vil la, nouv\u00e8l, al\u00e8t, ev\u00e8nman, wout tramway, travay gouv\u00e8nman an ak plis ank\u00f2.","publisher":{"@id":"https:\/\/www.miamibeachfl.gov\/#organization"},"potentialAction":[{"@type":"SearchAction","target":{"@type":"EntryPoint","urlTemplate":"https:\/\/www.miamibeachfl.gov\/?s={search_term_string}"},"query-input":{"@type":"PropertyValueSpecification","valueRequired":true,"valueName":"search_term_string"}}],"inLanguage":"ht"},{"@type":"Organization","@id":"https:\/\/www.miamibeachfl.gov\/#organization","name":"Vil Miami Beach","url":"https:\/\/www.miamibeachfl.gov\/","logo":{"@type":"ImageObject","inLanguage":"ht","@id":"https:\/\/www.miamibeachfl.gov\/#\/schema\/logo\/image\/","url":"https:\/\/www.miamibeachfl.gov\/wp-content\/uploads\/2022\/06\/miamibeach-logoblue.png","contentUrl":"https:\/\/www.miamibeachfl.gov\/wp-content\/uploads\/2022\/06\/miamibeach-logoblue.png","width":1962,"height":381,"caption":"City of Miami Beach"},"image":{"@id":"https:\/\/www.miamibeachfl.gov\/#\/schema\/logo\/image\/"},"sameAs":["https:\/\/www.facebook.com\/cityofmiamibeach","https:\/\/x.com\/Miamibeachnews","https:\/\/www.instagram.com\/miamibeachnews\/"],"description":"Sitw\u00e8b ofisy\u00e8l Vil Miami Beach la. Rete enf\u00f2me, jwenn enf\u00f2masyon enp\u00f2tan sou s\u00e8vis vil la, nouv\u00e8l, al\u00e8t, ev\u00e8nman, wout tramway, travay gouv\u00e8nman an ak plis ank\u00f2.","telephone":"305.604.CITY(2489)","legalName":"City of Miami Beach"}]}},"_links":{"self":[{"href":"https:\/\/www.miamibeachfl.gov\/ht\/wp-json\/wp\/v2\/pages\/348974","targetHints":{"allow":["GET"]}}],"collection":[{"href":"https:\/\/www.miamibeachfl.gov\/ht\/wp-json\/wp\/v2\/pages"}],"about":[{"href":"https:\/\/www.miamibeachfl.gov\/ht\/wp-json\/wp\/v2\/types\/page"}],"author":[{"embeddable":true,"href":"https:\/\/www.miamibeachfl.gov\/ht\/wp-json\/wp\/v2\/users\/329"}],"replies":[{"embeddable":true,"href":"https:\/\/www.miamibeachfl.gov\/ht\/wp-json\/wp\/v2\/comments?post=348974"}],"version-history":[{"count":6,"href":"https:\/\/www.miamibeachfl.gov\/ht\/wp-json\/wp\/v2\/pages\/348974\/revisions"}],"predecessor-version":[{"id":394696,"href":"https:\/\/www.miamibeachfl.gov\/ht\/wp-json\/wp\/v2\/pages\/348974\/revisions\/394696"}],"up":[{"embeddable":true,"href":"https:\/\/www.miamibeachfl.gov\/ht\/wp-json\/wp\/v2\/pages\/122945"}],"wp:attachment":[{"href":"https:\/\/www.miamibeachfl.gov\/ht\/wp-json\/wp\/v2\/media?parent=348974"}],"wp:term":[{"taxonomy":"category","embeddable":true,"href":"https:\/\/www.miamibeachfl.gov\/ht\/wp-json\/wp\/v2\/categories?post=348974"},{"taxonomy":"post_tag","embeddable":true,"href":"https:\/\/www.miamibeachfl.gov\/ht\/wp-json\/wp\/v2\/tags?post=348974"}],"curies":[{"name":"wp","href":"https:\/\/api.w.org\/{rel}","templated":true}]}}