{"id":358835,"date":"2025-01-08T16:16:02","date_gmt":"2025-01-08T21:16:02","guid":{"rendered":"https:\/\/www.miamibeachfl.gov\/?page_id=358835"},"modified":"2026-04-20T11:08:45","modified_gmt":"2026-04-20T15:08:45","slug":"cert-training-registration","status":"publish","type":"page","link":"https:\/\/www.miamibeachfl.gov\/ht\/city-hall\/fire\/emergency-management\/cert-training-registration\/","title":{"rendered":"Enskripsyon F\u00f2masyon CERT"},"content":{"rendered":"\n\n\t\t<link itemprop=\"url\" href=\"https:\/\/www.miamibeachfl.gov\"\/>\n\t\t<a itemprop=\"sameAs\" href=\"https:\/\/www.facebook.com\/miamibeachfire\/\" target=\"_blank\" title=\"Facebook\" aria-label=\"Facebook\" role=\"button\" rel=\"noopener noreferrer external\">\n\t\t\t\t\t<\/a>\n\t\t<link itemprop=\"url\" href=\"https:\/\/www.miamibeachfl.gov\"\/>\n\t\t<a itemprop=\"sameAs\" href=\"https:\/\/twitter.com\/miamibeachfire\" target=\"_blank\" title=\"X\" aria-label=\"X\" role=\"button\" rel=\"noopener noreferrer external\">\n\t\t\t\t\t<\/a>\n\t\t<link itemprop=\"url\" href=\"https:\/\/www.miamibeachfl.gov\"\/>\n\t\t<a itemprop=\"sameAs\" href=\"https:\/\/www.instagram.com\/miamibeachfire\/?hl=en\" target=\"_blank\" title=\"Instagram\" aria-label=\"Instagram\" role=\"button\" rel=\"noopener noreferrer external\">\n\t\t\t\t\t<\/a>\n\t\t\t<style>\n\t\t\t\n\t\t\t\t\t\t\t#searchwp-form-3 .swp-input,\n                #searchwp-form-3 .swp-select {\n                    border: 1px solid #ffffff;\n                    border-radius: 5px;\n                }\n\t\t\t\t#searchwp-form-3 .searchwp-form-input-container .swp-select {\n                    border-top-right-radius: 0;\n                    border-bottom-right-radius: 0;\n                    border-right: 0;\n                }\n\t\t\t\t#searchwp-form-3 .searchwp-form-input-container .swp-select + .swp-input {\n                    border-top-left-radius: 0;\n                    border-bottom-left-radius: 0;\n                }\n\t\t\t\t#searchwp-form-3 input[type=submit] {\n                    border-radius: 5px;\n                }\n\t\t\t\n\t\t\t\n\t\t\t                #searchwp-form-3 .swp-toggle-checkbox:checked + .swp-toggle-switch,\n                #searchwp-form-3 .swp-toggle-switch--checked  {\n                    background: #ffffff;\n                }\n\t\t\t\n\t\t\t\n\t\t\t\t\t\t\t#searchwp-form-3 input[type=submit] {\n                    background-color: #7c1e20;\n                }\n\t\t\t\n\t\t\t\n\t\t\t\n\t\t\t\t\t<\/style>\n\t\t\t\t<form id=\"searchwp-form-3\"\n\t\t\trole=\"search\"\n\t\t\tmethod=\"get\"\n\t\t\tclass=\"searchwp-form\"\n\t\t\taction=\"https:\/\/www.miamibeachfl.gov\/ht\/\"\n\t\t\taria-label=\"Search\"\n\t\t\t\t\t\t>\n\t\t\t<input type=\"hidden\" name=\"swp_form[form_id]\" value=\"3\">\n\t\t\t<div class=\"swp-flex--col swp-flex--wrap swp-flex--gap-md\">\n\t\t\t\t<div class=\"swp-flex--row swp-items-stretch swp-flex--gap-md\">\n\t\t\t\t\t<div class=\"searchwp-form-input-container swp-items-stretch\">\n\t\t\t\t\t\t\t\t\t\t\t\t\t\t<input type=\"search\"\n\t\t\tclass=\"swp-input--search swp-input\"\n\t\t\tplaceholder=\"\"\n\t\t\tvalue=\"\"\n\t\t\tname=\"swps\"\n\t\t\ttitle=\"\"\n\t\t\taria-label=\"Search\"\n\t\t\taria-required=\"false\"\n\t\t\t data-swplive=\"true\" data-swpengine=\"fire_department\"\t\t\/>\n\t\t\t\t\t\t\t\t\t\t\t\t\t<\/div>\n\t\t\t\t\t\t\t<input type=\"submit\"\n\t\t\tclass=\"search-submit swp-button\"\n\t\t\tvalue=\"SEARCH\"\n\t\t\taria-label=\"SEARCH\"\n\t\t\/>\n\t\t\t\t\t\t<\/div>\n\t\t\t\t\t\t\t\t\t\t\t<\/div>\n\t\t\t\t\t<\/form>\n\t\t\n<figure itemscope itemtype=\"https:\/\/schema.org\/ImageObject\">\n\t\t\t\t<a href=\"\/city-hall\/fire\"  target=\"_self\" itemprop=\"url\">\n\t\t\t\t<img decoding=\"async\" src=\"https:\/\/www.miamibeachfl.gov\/wp-content\/uploads\/2025\/03\/2024FIRELogo.png\" alt=\"Fire Department Logo\" height=\"437\" width=\"437\" title=\"2024FIRELogo\" onerror=\"this.style.display='none'\" loading=\"lazy\" \/>\n\t\t\t\t<\/a>\n\t<\/figure>\n\t\t\t<button tabindex=\"0\" aria-label=\"MENU\" aria-expanded=\"false\">\n\t\t\t\tMENU\t\t\t<\/button>\n\t<nav aria-label=\"Fire Department Menu\" itemscope=\"itemscope\" itemtype=\"https:\/\/schema.org\/SiteNavigationElement\">\n\t\t<ul id=\"menu-fire-new\"><li id=\"menu-item-367860\"><a aria-expanded=\"false\" href=\"#\">DIVISIONS<\/a><ul>\t<li id=\"menu-item-367866\"><a href=\"\/city-hall\/fire\/emergency-management\/\">Emergency Management &#038; Preparedness<\/a><\/li>\t<li id=\"menu-item-367867\"><a href=\"\/city-hall\/fire\/fire-prevention\/\">Fire Prevention &#038; Safety<\/a><\/li>\t<li id=\"menu-item-367868\"><a href=\"\/city-hall\/fire\/fire-rescue\/\">Fire Rescue &#038; Suppression<\/a><\/li>\t<li id=\"menu-item-367869\"><a href=\"\/city-hall\/fire\/ocean-rescue\/\">Ocean Rescue &#038; Beach Information<\/a><\/li>\t<li id=\"menu-item-367870\"><a href=\"\/city-hall\/fire\/public-safety-communications-division-911\/\">Public Safety Communications (911)<\/a><\/li><\/ul><\/li><li id=\"menu-item-367861\"><a href=\"\/city-hall\/fire\/fire-prevention\/building-inspections\/\">PERMITS &#038; INSPECTIONS<\/a><\/li><li id=\"menu-item-367862\"><a href=\"https:\/\/www.miamibeachfl.gov\/city-hall\/fire\/fire-prevention\/fire-safety-programs-services\/\">PROGRAMS<\/a><\/li><li id=\"menu-item-367864\"><a aria-expanded=\"false\" href=\"\/city-hall\/fire\/fire-contacts\/\">CONTACTS<\/a><ul>\t<li id=\"menu-item-367929\"><a href=\"https:\/\/miamibeachfl.justfoia.com\/publicportal\/home\/track\">Public Records Request<\/a><\/li><\/ul><\/li><li id=\"menu-item-371168\"><a href=\"\/city-hall\/fire\/emergency-management\/plan-and-prepare-emergency-preparation\/\">WEATHER EMERGENCIES<\/a><\/li><\/ul>\t<\/nav>\n\t<nav id=\"breadcrumbs\" aria-label=\"Breadcrumbs\"><a href=\"https:\/\/www.miamibeachfl.gov\/\">Home<\/a> &gt; <a href=\"https:\/\/www.miamibeachfl.gov\/city-hall\/\">City Hall<\/a> &gt; <a href=\"https:\/\/www.miamibeachfl.gov\/city-hall\/fire\/\">Fire<\/a> &gt; <a href=\"https:\/\/www.miamibeachfl.gov\/city-hall\/fire\/emergency-management\/\">Emergency Management<\/a> &gt; <strong>CERT Training Registration<\/strong><\/nav><h1>\n\t\t\tBasic Community Emergency Response Team (CERT) Training\t<\/h1>\n\t<p>If you are interested in volunteering with the City of Miami Beach in any capacity (following a disaster or not) you are required to complete the CERT training course. CERT training is offered as a series of classes that total 24 hours, including a simulated disaster drill. Completion of all modules is necessary to obtain certification.<\/p>\n<h2>\n\t\t\tTopics include the following:\t<\/h2>\n\t<ul>\n<li>Hazard Identification &amp; Disaster Preparedness<\/li>\n<li>Response Team Organization and Communication<\/li>\n<li>Fire Safety and Suppression<\/li>\n<li>Light Search and Rescue<\/li>\n<li>Simple Triage and Rapid Treatment<\/li>\n<li>Disaster Medical Operations<\/li>\n<li>Terrorism Awareness<\/li>\n<li>Disaster Psychology and Emotional Impacts<\/li>\n<li>Comprehensive Final Drill<\/li>\n<\/ul>\n\t<table id=\"ptp_1b8a2b5e47485feb_1\" class=\"posts-data-table theme-default\" width=\"100%\" data-config=\"{&quot;pageLength&quot;:25,&quot;pagingType&quot;:&quot;numbers&quot;,&quot;serverSide&quot;:false,&quot;autoWidth&quot;:true,&quot;clickFilter&quot;:&quot;false&quot;,&quot;stickyHeader&quot;:false,&quot;scrollOffset&quot;:15,&quot;resetButton&quot;:false,&quot;numOrder&quot;:false,&quot;lengthMenu&quot;:[[10,25,50,100,-1],[10,25,50,100,&quot;All&quot;]],&quot;columnDefs&quot;:[{&quot;className&quot;:&quot;col-title&quot;,&quot;targets&quot;:0,&quot;type&quot;:&quot;html&quot;}],&quot;responsive&quot;:{&quot;details&quot;:{&quot;display&quot;:&quot;child_row&quot;}},&quot;language&quot;:{&quot;info&quot;:&quot;_TOTAL_ pages&quot;,&quot;infoEmpty&quot;:&quot;0 pages&quot;,&quot;emptyTable&quot;:&quot;No matching pages.&quot;,&quot;zeroRecords&quot;:&quot;No matching pages.&quot;,&quot;totalsSingle&quot;:&quot;page&quot;,&quot;totalsPlural&quot;:&quot;pages&quot;},&quot;dom&quot;:&quot;&lt;\\&quot;posts-table-wrapper astra\\&quot;&lt;\\&quot;posts-table-above posts-table-controls\\&quot;&gt;t&lt;\\&quot;posts-table-below posts-table-controls\\&quot;lip&gt;&gt;&quot;}\" data-filters=\"false\" data-order=\"[]\"><thead><tr><th class=\"all\" data-name=\"title\" data-orderable=\"true\" data-searchable=\"true\" data-priority=\"1\">SELECT A TRAINING DATE<\/th><\/tr><\/thead><tbody><tr id=\"post-row-395674\" class=\"post-row post-type-page page-395674 publish\"><td><a href=\"https:\/\/www.miamibeachfl.gov\/ht\/city-hall\/fire\/emergency-management\/cert-training-registration\/may2026\/\">CERT Training May 3, 10 and 17, 2026<\/a><\/td><\/tr><tr id=\"post-row-399111\" class=\"post-row post-type-page page-399111 publish\"><td><a href=\"https:\/\/www.miamibeachfl.gov\/ht\/city-hall\/fire\/emergency-management\/cert-training-registration\/june-2026-teen-cert-camp\/\">Teen CERT Summer Camp June 2026<\/a><\/td><\/tr><tr id=\"post-row-395682\" class=\"post-row post-type-page page-395682 publish\"><td><a href=\"https:\/\/www.miamibeachfl.gov\/ht\/city-hall\/fire\/emergency-management\/cert-training-registration\/september-october-2026\/\">CERT Training September 26, 27 and October 3, 2026 &#8211; Spanish<\/a><\/td><\/tr><\/tbody><\/table>\n<p>&nbsp;<\/p>\n\n","protected":false},"excerpt":{"rendered":"<p>MENU DIVISIONS Emergency Management &#038; Preparedness Fire Prevention &#038; Safety Fire Rescue &#038; Suppression Ocean Rescue &#038; Beach Information Public [&hellip;]<\/p>\n","protected":false},"author":222,"featured_media":0,"parent":28525,"menu_order":0,"comment_status":"closed","ping_status":"closed","template":"","meta":{"_searchwp_excluded":"","site-sidebar-layout":"default","site-content-layout":"","ast-site-content-layout":"","site-content-style":"default","site-sidebar-style":"default","ast-global-header-display":"disabled","ast-banner-title-visibility":"","ast-main-header-display":"","ast-hfb-above-header-display":"","ast-hfb-below-header-display":"","ast-hfb-mobile-header-display":"","site-post-title":"","ast-breadcrumbs-content":"","ast-featured-img":"","footer-sml-layout":"disabled","theme-transparent-header-meta":"","adv-header-id-meta":"","stick-header-meta":"","header-above-stick-meta":"","header-main-stick-meta":"","header-below-stick-meta":"","astra-migrate-meta-layouts":"default","ast-page-background-enabled":"default","ast-page-background-meta":{"desktop":{"background-color":"var(--ast-global-color-5)","background-image":"","background-repeat":"repeat","background-position":"center center","background-size":"auto","background-attachment":"scroll","background-type":"","background-media":"","overlay-type":"","overlay-color":"","overlay-opacity":"","overlay-gradient":""},"tablet":{"background-color":"","background-image":"","background-repeat":"repeat","background-position":"center center","background-size":"auto","background-attachment":"scroll","background-type":"","background-media":"","overlay-type":"","overlay-color":"","overlay-opacity":"","overlay-gradient":""},"mobile":{"background-color":"","background-image":"","background-repeat":"repeat","background-position":"center center","background-size":"auto","background-attachment":"scroll","background-type":"","background-media":"","overlay-type":"","overlay-color":"","overlay-opacity":"","overlay-gradient":""}},"ast-content-background-meta":{"desktop":{"background-color":"var(--ast-global-color-4)","background-image":"","background-repeat":"repeat","background-position":"center center","background-size":"auto","background-attachment":"scroll","background-type":"","background-media":"","overlay-type":"","overlay-color":"","overlay-opacity":"","overlay-gradient":""},"tablet":{"background-color":"var(--ast-global-color-4)","background-image":"","background-repeat":"repeat","background-position":"center center","background-size":"auto","background-attachment":"scroll","background-type":"","background-media":"","overlay-type":"","overlay-color":"","overlay-opacity":"","overlay-gradient":""},"mobile":{"background-color":"var(--ast-global-color-4)","background-image":"","background-repeat":"repeat","background-position":"center center","background-size":"auto","background-attachment":"scroll","background-type":"","background-media":"","overlay-type":"","overlay-color":"","overlay-opacity":"","overlay-gradient":""}},"footnotes":""},"categories":[1765,1764],"tags":[1774],"class_list":["post-358835","page","type-page","status-publish","hentry","category-emergency-management","category-fire-department","tag-emergency-management"],"yoast_head":"<!-- This site is optimized with the Yoast SEO Premium plugin v27.4 (Yoast SEO v27.4) - https:\/\/yoast.com\/product\/yoast-seo-premium-wordpress\/ -->\n<title>CERT Training Registration - City of Miami Beach<\/title>\n<meta name=\"description\" content=\"CERT training is offered as a series of classes that total 24 hours, including a simulated disaster drill. Completion of all modules is necessary to obtain certification. The course is offered in a hybrid format.\u00a0 Eight (8) hours of the course can be completed online through independent study, followed by two 8-hour sessions of hands-on training.\" \/>\n<meta name=\"robots\" content=\"index, follow, max-snippet:-1, max-image-preview:large, max-video-preview:-1\" \/>\n<link rel=\"canonical\" href=\"https:\/\/www.miamibeachfl.gov\/ht\/city-hall\/fire\/emergency-management\/cert-training-registration\/\" \/>\n<meta property=\"og:locale\" content=\"ht_HT\" \/>\n<meta property=\"og:type\" content=\"article\" \/>\n<meta property=\"og:title\" content=\"CERT Training Registration\" \/>\n<meta property=\"og:description\" content=\"CERT training is offered as a series of classes that total 24 hours, including a simulated disaster drill. Completion of all modules is necessary to obtain certification. The course is offered in a hybrid format.\u00a0 Eight (8) hours of the course can be completed online through independent study, followed by two 8-hour sessions of hands-on training.\" \/>\n<meta property=\"og:url\" content=\"https:\/\/www.miamibeachfl.gov\/ht\/city-hall\/fire\/emergency-management\/cert-training-registration\/\" \/>\n<meta property=\"og:site_name\" content=\"City of Miami Beach\" \/>\n<meta property=\"article:publisher\" content=\"https:\/\/www.facebook.com\/cityofmiamibeach\" \/>\n<meta property=\"article:modified_time\" content=\"2026-04-20T15:08:45+00:00\" \/>\n<meta property=\"og:image\" content=\"https:\/\/www.miamibeachfl.gov\/wp-content\/uploads\/2023\/03\/2023-CertTrainingEvents-8.jpg\" \/>\n\t<meta property=\"og:image:width\" content=\"800\" \/>\n\t<meta property=\"og:image:height\" content=\"600\" \/>\n\t<meta property=\"og:image:type\" content=\"image\/jpeg\" \/>\n<meta name=\"twitter:card\" content=\"summary_large_image\" \/>\n<meta name=\"twitter:site\" content=\"@Miamibeachnews\" \/>\n<script type=\"application\/ld+json\" class=\"yoast-schema-graph\">{\"@context\":\"https:\\\/\\\/schema.org\",\"@graph\":[{\"@type\":\"WebPage\",\"@id\":\"https:\\\/\\\/www.miamibeachfl.gov\\\/city-hall\\\/fire\\\/emergency-management\\\/cert-training-registration\\\/\",\"url\":\"https:\\\/\\\/www.miamibeachfl.gov\\\/city-hall\\\/fire\\\/emergency-management\\\/cert-training-registration\\\/\",\"name\":\"CERT Training Registration - City of Miami Beach\",\"isPartOf\":{\"@id\":\"https:\\\/\\\/www.miamibeachfl.gov\\\/#website\"},\"primaryImageOfPage\":{\"@id\":\"https:\\\/\\\/www.miamibeachfl.gov\\\/city-hall\\\/fire\\\/emergency-management\\\/cert-training-registration\\\/#primaryimage\"},\"image\":{\"@id\":\"https:\\\/\\\/www.miamibeachfl.gov\\\/city-hall\\\/fire\\\/emergency-management\\\/cert-training-registration\\\/#primaryimage\"},\"thumbnailUrl\":\"https:\\\/\\\/www.miamibeachfl.gov\\\/wp-content\\\/uploads\\\/2025\\\/03\\\/2024FIRELogo.png\",\"datePublished\":\"2025-01-08T21:16:02+00:00\",\"dateModified\":\"2026-04-20T15:08:45+00:00\",\"description\":\"CERT training is offered as a series of classes that total 24 hours, including a simulated disaster drill. Completion of all modules is necessary to obtain certification. The course is offered in a hybrid format.\u00a0 Eight (8) hours of the course can be completed online through independent study, followed by two 8-hour sessions of hands-on training.\",\"breadcrumb\":{\"@id\":\"https:\\\/\\\/www.miamibeachfl.gov\\\/city-hall\\\/fire\\\/emergency-management\\\/cert-training-registration\\\/#breadcrumb\"},\"inLanguage\":\"ht\",\"potentialAction\":[{\"@type\":\"ReadAction\",\"target\":[\"https:\\\/\\\/www.miamibeachfl.gov\\\/city-hall\\\/fire\\\/emergency-management\\\/cert-training-registration\\\/\"]}]},{\"@type\":\"ImageObject\",\"inLanguage\":\"ht\",\"@id\":\"https:\\\/\\\/www.miamibeachfl.gov\\\/city-hall\\\/fire\\\/emergency-management\\\/cert-training-registration\\\/#primaryimage\",\"url\":\"https:\\\/\\\/www.miamibeachfl.gov\\\/wp-content\\\/uploads\\\/2025\\\/03\\\/2024FIRELogo.png\",\"contentUrl\":\"https:\\\/\\\/www.miamibeachfl.gov\\\/wp-content\\\/uploads\\\/2025\\\/03\\\/2024FIRELogo.png\"},{\"@type\":\"BreadcrumbList\",\"@id\":\"https:\\\/\\\/www.miamibeachfl.gov\\\/city-hall\\\/fire\\\/emergency-management\\\/cert-training-registration\\\/#breadcrumb\",\"itemListElement\":[{\"@type\":\"ListItem\",\"position\":1,\"name\":\"Home\",\"item\":\"https:\\\/\\\/www.miamibeachfl.gov\\\/\"},{\"@type\":\"ListItem\",\"position\":2,\"name\":\"City Hall\",\"item\":\"https:\\\/\\\/www.miamibeachfl.gov\\\/city-hall\\\/\"},{\"@type\":\"ListItem\",\"position\":3,\"name\":\"Fire\",\"item\":\"https:\\\/\\\/www.miamibeachfl.gov\\\/city-hall\\\/fire\\\/\"},{\"@type\":\"ListItem\",\"position\":4,\"name\":\"Emergency Management\",\"item\":\"https:\\\/\\\/www.miamibeachfl.gov\\\/city-hall\\\/fire\\\/emergency-management\\\/\"},{\"@type\":\"ListItem\",\"position\":5,\"name\":\"CERT Training Registration\"}]},{\"@type\":\"WebSite\",\"@id\":\"https:\\\/\\\/www.miamibeachfl.gov\\\/#website\",\"url\":\"https:\\\/\\\/www.miamibeachfl.gov\\\/\",\"name\":\"City of Miami Beach\",\"description\":\"The official website of the City of Miami Beach. Stay informed, find important information on city services, news, alerts, events, trolley routes, government employment and more.\",\"publisher\":{\"@id\":\"https:\\\/\\\/www.miamibeachfl.gov\\\/#organization\"},\"potentialAction\":[{\"@type\":\"SearchAction\",\"target\":{\"@type\":\"EntryPoint\",\"urlTemplate\":\"https:\\\/\\\/www.miamibeachfl.gov\\\/?s={search_term_string}\"},\"query-input\":{\"@type\":\"PropertyValueSpecification\",\"valueRequired\":true,\"valueName\":\"search_term_string\"}}],\"inLanguage\":\"ht\"},{\"@type\":\"Organization\",\"@id\":\"https:\\\/\\\/www.miamibeachfl.gov\\\/#organization\",\"name\":\"City of Miami Beach\",\"url\":\"https:\\\/\\\/www.miamibeachfl.gov\\\/\",\"logo\":{\"@type\":\"ImageObject\",\"inLanguage\":\"ht\",\"@id\":\"https:\\\/\\\/www.miamibeachfl.gov\\\/#\\\/schema\\\/logo\\\/image\\\/\",\"url\":\"https:\\\/\\\/www.miamibeachfl.gov\\\/wp-content\\\/uploads\\\/2022\\\/06\\\/miamibeach-logoblue.png\",\"contentUrl\":\"https:\\\/\\\/www.miamibeachfl.gov\\\/wp-content\\\/uploads\\\/2022\\\/06\\\/miamibeach-logoblue.png\",\"width\":1962,\"height\":381,\"caption\":\"City of Miami Beach\"},\"image\":{\"@id\":\"https:\\\/\\\/www.miamibeachfl.gov\\\/#\\\/schema\\\/logo\\\/image\\\/\"},\"sameAs\":[\"https:\\\/\\\/www.facebook.com\\\/cityofmiamibeach\",\"https:\\\/\\\/x.com\\\/Miamibeachnews\",\"https:\\\/\\\/www.instagram.com\\\/miamibeachnews\\\/\"],\"description\":\"The official website of the City of Miami Beach. Stay informed, find important information on city services, news, alerts, events, trolley routes, government employment and more.\",\"telephone\":\"305.604.CITY(2489)\",\"legalName\":\"City of Miami Beach\"}]}<\/script>\n<!-- \/ Yoast SEO Premium plugin. -->","yoast_head_json":{"title":"Enskripsyon F\u00f2masyon CERT - Vil Miami Beach","description":"F\u00f2masyon CERT la ofri k\u00f2m yon seri kou ki dire 24 \u00e8dtan antou, ki gen ladan yon similasyon egz\u00e8sis katastw\u00f2f. Ou dwe fin ranpli tout modil yo pou jwenn s\u00e8tifikasyon an. Kou a ofri nan yon f\u00f2ma ibrid. Ou ka fini uit (8) \u00e8dtan nan kou a sou ent\u00e8n\u00e8t atrav\u00e8 etid endepandan, epi apre sa, ou ka f\u00e8 de sesyon f\u00f2masyon pratik uit \u00e8dtan.","robots":{"index":"index","follow":"follow","max-snippet":"max-snippet:-1","max-image-preview":"max-image-preview:large","max-video-preview":"max-video-preview:-1"},"canonical":"https:\/\/www.miamibeachfl.gov\/ht\/city-hall\/fire\/emergency-management\/cert-training-registration\/","og_locale":"ht_HT","og_type":"article","og_title":"CERT Training Registration","og_description":"CERT training is offered as a series of classes that total 24 hours, including a simulated disaster drill. Completion of all modules is necessary to obtain certification. The course is offered in a hybrid format.\u00a0 Eight (8) hours of the course can be completed online through independent study, followed by two 8-hour sessions of hands-on training.","og_url":"https:\/\/www.miamibeachfl.gov\/ht\/city-hall\/fire\/emergency-management\/cert-training-registration\/","og_site_name":"City of Miami Beach","article_publisher":"https:\/\/www.facebook.com\/cityofmiamibeach","article_modified_time":"2026-04-20T15:08:45+00:00","og_image":[{"width":800,"height":600,"url":"https:\/\/www.miamibeachfl.gov\/wp-content\/uploads\/2023\/03\/2023-CertTrainingEvents-8.jpg","type":"image\/jpeg"}],"twitter_card":"summary_large_image","twitter_site":"@Miamibeachnews","schema":{"@context":"https:\/\/schema.org","@graph":[{"@type":"WebPage","@id":"https:\/\/www.miamibeachfl.gov\/city-hall\/fire\/emergency-management\/cert-training-registration\/","url":"https:\/\/www.miamibeachfl.gov\/city-hall\/fire\/emergency-management\/cert-training-registration\/","name":"Enskripsyon F\u00f2masyon CERT - Vil Miami Beach","isPartOf":{"@id":"https:\/\/www.miamibeachfl.gov\/#website"},"primaryImageOfPage":{"@id":"https:\/\/www.miamibeachfl.gov\/city-hall\/fire\/emergency-management\/cert-training-registration\/#primaryimage"},"image":{"@id":"https:\/\/www.miamibeachfl.gov\/city-hall\/fire\/emergency-management\/cert-training-registration\/#primaryimage"},"thumbnailUrl":"https:\/\/www.miamibeachfl.gov\/wp-content\/uploads\/2025\/03\/2024FIRELogo.png","datePublished":"2025-01-08T21:16:02+00:00","dateModified":"2026-04-20T15:08:45+00:00","description":"F\u00f2masyon CERT la ofri k\u00f2m yon seri kou ki dire 24 \u00e8dtan antou, ki gen ladan yon similasyon egz\u00e8sis katastw\u00f2f. Ou dwe fin ranpli tout modil yo pou jwenn s\u00e8tifikasyon an. Kou a ofri nan yon f\u00f2ma ibrid. Ou ka fini uit (8) \u00e8dtan nan kou a sou ent\u00e8n\u00e8t atrav\u00e8 etid endepandan, epi apre sa, ou ka f\u00e8 de sesyon f\u00f2masyon pratik uit \u00e8dtan.","breadcrumb":{"@id":"https:\/\/www.miamibeachfl.gov\/city-hall\/fire\/emergency-management\/cert-training-registration\/#breadcrumb"},"inLanguage":"ht","potentialAction":[{"@type":"ReadAction","target":["https:\/\/www.miamibeachfl.gov\/city-hall\/fire\/emergency-management\/cert-training-registration\/"]}]},{"@type":"ImageObject","inLanguage":"ht","@id":"https:\/\/www.miamibeachfl.gov\/city-hall\/fire\/emergency-management\/cert-training-registration\/#primaryimage","url":"https:\/\/www.miamibeachfl.gov\/wp-content\/uploads\/2025\/03\/2024FIRELogo.png","contentUrl":"https:\/\/www.miamibeachfl.gov\/wp-content\/uploads\/2025\/03\/2024FIRELogo.png"},{"@type":"BreadcrumbList","@id":"https:\/\/www.miamibeachfl.gov\/city-hall\/fire\/emergency-management\/cert-training-registration\/#breadcrumb","itemListElement":[{"@type":"ListItem","position":1,"name":"Home","item":"https:\/\/www.miamibeachfl.gov\/"},{"@type":"ListItem","position":2,"name":"City Hall","item":"https:\/\/www.miamibeachfl.gov\/city-hall\/"},{"@type":"ListItem","position":3,"name":"Fire","item":"https:\/\/www.miamibeachfl.gov\/city-hall\/fire\/"},{"@type":"ListItem","position":4,"name":"Emergency Management","item":"https:\/\/www.miamibeachfl.gov\/city-hall\/fire\/emergency-management\/"},{"@type":"ListItem","position":5,"name":"CERT Training Registration"}]},{"@type":"WebSite","@id":"https:\/\/www.miamibeachfl.gov\/#website","url":"https:\/\/www.miamibeachfl.gov\/","name":"Vil Miami Beach","description":"Sitw\u00e8b ofisy\u00e8l Vil Miami Beach la. Rete enf\u00f2me, jwenn enf\u00f2masyon enp\u00f2tan sou s\u00e8vis vil la, nouv\u00e8l, al\u00e8t, ev\u00e8nman, wout tramway, travay gouv\u00e8nman an ak plis ank\u00f2.","publisher":{"@id":"https:\/\/www.miamibeachfl.gov\/#organization"},"potentialAction":[{"@type":"SearchAction","target":{"@type":"EntryPoint","urlTemplate":"https:\/\/www.miamibeachfl.gov\/?s={search_term_string}"},"query-input":{"@type":"PropertyValueSpecification","valueRequired":true,"valueName":"search_term_string"}}],"inLanguage":"ht"},{"@type":"Organization","@id":"https:\/\/www.miamibeachfl.gov\/#organization","name":"Vil Miami Beach","url":"https:\/\/www.miamibeachfl.gov\/","logo":{"@type":"ImageObject","inLanguage":"ht","@id":"https:\/\/www.miamibeachfl.gov\/#\/schema\/logo\/image\/","url":"https:\/\/www.miamibeachfl.gov\/wp-content\/uploads\/2022\/06\/miamibeach-logoblue.png","contentUrl":"https:\/\/www.miamibeachfl.gov\/wp-content\/uploads\/2022\/06\/miamibeach-logoblue.png","width":1962,"height":381,"caption":"City of Miami Beach"},"image":{"@id":"https:\/\/www.miamibeachfl.gov\/#\/schema\/logo\/image\/"},"sameAs":["https:\/\/www.facebook.com\/cityofmiamibeach","https:\/\/x.com\/Miamibeachnews","https:\/\/www.instagram.com\/miamibeachnews\/"],"description":"Sitw\u00e8b ofisy\u00e8l Vil Miami Beach la. Rete enf\u00f2me, jwenn enf\u00f2masyon enp\u00f2tan sou s\u00e8vis vil la, nouv\u00e8l, al\u00e8t, ev\u00e8nman, wout tramway, travay gouv\u00e8nman an ak plis ank\u00f2.","telephone":"305.604.CITY(2489)","legalName":"City of Miami Beach"}]}},"_links":{"self":[{"href":"https:\/\/www.miamibeachfl.gov\/ht\/wp-json\/wp\/v2\/pages\/358835","targetHints":{"allow":["GET"]}}],"collection":[{"href":"https:\/\/www.miamibeachfl.gov\/ht\/wp-json\/wp\/v2\/pages"}],"about":[{"href":"https:\/\/www.miamibeachfl.gov\/ht\/wp-json\/wp\/v2\/types\/page"}],"author":[{"embeddable":true,"href":"https:\/\/www.miamibeachfl.gov\/ht\/wp-json\/wp\/v2\/users\/222"}],"replies":[{"embeddable":true,"href":"https:\/\/www.miamibeachfl.gov\/ht\/wp-json\/wp\/v2\/comments?post=358835"}],"version-history":[{"count":11,"href":"https:\/\/www.miamibeachfl.gov\/ht\/wp-json\/wp\/v2\/pages\/358835\/revisions"}],"predecessor-version":[{"id":399119,"href":"https:\/\/www.miamibeachfl.gov\/ht\/wp-json\/wp\/v2\/pages\/358835\/revisions\/399119"}],"up":[{"embeddable":true,"href":"https:\/\/www.miamibeachfl.gov\/ht\/wp-json\/wp\/v2\/pages\/28525"}],"wp:attachment":[{"href":"https:\/\/www.miamibeachfl.gov\/ht\/wp-json\/wp\/v2\/media?parent=358835"}],"wp:term":[{"taxonomy":"category","embeddable":true,"href":"https:\/\/www.miamibeachfl.gov\/ht\/wp-json\/wp\/v2\/categories?post=358835"},{"taxonomy":"post_tag","embeddable":true,"href":"https:\/\/www.miamibeachfl.gov\/ht\/wp-json\/wp\/v2\/tags?post=358835"}],"curies":[{"name":"wp","href":"https:\/\/api.w.org\/{rel}","templated":true}]}}