{"id":362357,"date":"2025-02-13T08:02:50","date_gmt":"2025-02-13T13:02:50","guid":{"rendered":"https:\/\/www.miamibeachfl.gov\/?page_id=362357"},"modified":"2026-02-10T12:16:26","modified_gmt":"2026-02-10T17:16:26","slug":"giveawayterms","status":"publish","type":"page","link":"https:\/\/www.miamibeachfl.gov\/ht\/giveawayterms\/","title":{"rendered":"Kondisyon Konkou Medya Sosyal Miami Beach la"},"content":{"rendered":"<h1>\n\t\t\tKonkou Medya Sosyal Miami Beach X SOBEWFF\u00ae la\t<\/h1>\n\t<p>The City of Miami Beach has launched a social media drawing for SOBEWFF\u00ae via our Instagram channel asking followers to complete the steps outlined below to be entered into a draw to win two (2) General Admission tickets to the SOBEWFF\u00ae Goya Foods&#8217; Grand Tasting Village on Sunday, February 22, 2026.<\/p>\n<p>Pral gen yon s\u00e8l gayan ki pral chwazi pou pri 2 tik\u00e8 yo pral bay la.<\/p>\n<h3>\n\t\t\tChan\u00e8l: Instagram @miamibeachnews\t<\/h3>\n\t<blockquote data-instgrm-permalink=\"https:\/\/www.instagram.com\/miamibeachnews\/?utm_source=ig_embed&amp;utm_campaign=loading\" data-instgrm-version=\"14\"> <a href=\"https:\/\/www.instagram.com\/miamibeachnews\/?utm_source=ig_embed&amp;utm_campaign=loading\" target=\"_blank\">       Gade pwofil sa a sou Instagram            <\/a><p><a href=\"https:\/\/www.instagram.com\/miamibeachnews\/?utm_source=ig_embed&amp;utm_campaign=loading\" target=\"_blank\">Vil Miami Beach<\/a> (@<a href=\"https:\/\/www.instagram.com\/miamibeachnews\/?utm_source=ig_embed&amp;utm_campaign=loading\" target=\"_blank\">nouv\u00e8l miamibeach<\/a>) \u2022 Foto ak videyo Instagram<\/p><\/blockquote>\n<h3>\n\t\t\tKijan li pral fonksyone:\t<\/h3>\n\t<p>One entry per person per social media channel. The contest for this prize is being promoted on Instagram. Fraudulent methods of entry or circumvention of the rules may result in the City of Miami Beach invalidating a participant&#8217;s entries.<\/p>\n<h3>\n\t\t\tEtap pou patisipe nan konkou a sou Instagram:\t<\/h3>\n\t<ol>\n<li>Swiv nou @miamibeachnews ak @sobewff sou Instagram<\/li>\n<li>Share this post on your story using the hashtag #MiamiBeachGiveaway. (Don&#8217;t forget to tag us!)<\/li>\n<li>Tag the person you&#8217;d bring with you to the event in the comments on the Instagram post.<\/li>\n<\/ol>\n\t<ol>\n<li><strong>Elijibilite<\/strong><br \/>\nMust be 21 years or older to be eligible for the contest. Must complete all steps for contest to be eligible for random drawing. City of Miami Beach subsidiaries, affiliates, suppliers, advertising and promotion agencies, employees&#8217; and immediate family members are ineligible participate in the contest\/giveaway. Void where prohibited by law.<\/li>\n<li><strong>Parennaj<\/strong><br \/>\nKonkou a administre pa Vil Miami Beach ki sitiye nan 1700 Convention Ctr Dr, Miami Beach, FL 33139, epi pri a bay pa SOBEWFF\u00ae ki sitiye nan Chaplin School of Hospitality &amp; Tourism Management, Biscayne Bay Campus, 3000 NE 151st Street, North Miami, FL 33181.<\/li>\n<li><strong>Ak\u00f2 sou R\u00e8g yo<\/strong><br \/>\nBy entering your contest, participants agree to abide by the City of Miami Beach&#8217;s Official Rules and decisions. Miami Beach reserves the right to refuse, withdraw, or disqualify entries at our sole discretion. By entering this contest participants agree to accept the decision of the Sponsor as final and binding.<\/li>\n<li><strong>Pery\u00f2d Antre<\/strong><br \/>\n\u2022 The SOBEWFF\u00ae Goya Foods&#8217; Grand Tasting Village &#8211; Sunday, February 22, 2026, promotion will run from Tuesday, February 10, 2026 at 12:30 p.m. EST through Wednesday, February 11, 2026 at 12:30 p.m. EST.<\/li>\n<li><strong>Pri<\/strong><br \/>\nOnly one person will be awarded the prize. This prize is not transferable. Acceptance of this prize grants the City of Miami Beach permission to use the winner&#8217;s entry, name, and likeness for advertising, promotion, and trade without further compensation or remuneration unless prohibited by law.<br \/>\n\u2022 One winner will receive a 2 pack of General Admission tickets to the Sunday, February 22, 2026 SOBEWFF\u00ae Goya Foods&#8217; Grand Tasting Village, which is valued at approximately $558.<\/li>\n<li><strong>Chans<\/strong><br \/>\nChans pou genyen an depann de kantite patisipasyon kalifye yo resevwa.<\/li>\n<li><strong>Seleksyon ak Notifikasyon Gayan an<\/strong><br \/>\nY ap chwazi gayan yo atrav\u00e8 yon tiraj os\u00f2 anba sip\u00e8vizyon Vil Miami Beach. Y ap avize gayan yo jou konkou a fini atrav\u00e8 yon mesaj dir\u00e8k sou Instagram epi answit yon im\u00e8l. Gayan yo ap bezwen reklame pri yo a epi yo ka p\u00e8di pri a si yo pa reponn nan 24 \u00e8dtan. Vil Miami Beach pa responsab si gayan an pa resevwa notifikasyon genyen an si li te bay yon patisipasyon nan konkou a sou yon kont ki pa fonksyon\u00e8l nan moman yo t ap avize gayan an pou pri a. Pou resevwa pri a, li dwe respekte lwa federal, leta ak lokal yo, elatriye.<\/li>\n<li><strong>Dwa Patisipan an ak\u00f2de<\/strong><br \/>\nL\u00e8 yon moun soum\u00e8t yon patisipasyon nan tiraj os\u00f2 a oswa nan konkou a, Vil Miami Beach gen dwa pou itilize patisipasyon an k\u00f2m patisipasyon, vwa li, p\u00f2tre li, imaj li, deklarasyon li sou konkou a, eksetera, pou piblisite, nouv\u00e8l, piblisite, rezon pwomosyon\u00e8l, kom\u00e8s, eksetera, san okenn l\u00f2t avi, revizyon, konsantman, konpansasyon oswa peman. Patisipasyon yo dwe orijinal epi yo pa dwe vyole dwa pwopriyet\u00e8 oswa dwa pwopriyete entelekty\u00e8l p\u00e8sonn. Konsekans pou patisipasyon ki vyole dwa pwopriyete entelekty\u00e8l l\u00f2t moun ap lak\u00f2z diskalifikasyon patisipan an.<\/li>\n<li><strong>T\u00e8m ak Kondisyon<\/strong><br \/>\nVil Miami Beach rez\u00e8ve dwa pou modifye, sispann, anile oswa mete fen nan kado sa a nan ka ta gen ent\u00e8vansyon imen ki pa otorize, yon pin\u00e8z oswa yon viris, fwod, oswa l\u00f2t k\u00f2z ki pa anba kontw\u00f2l Vil Miami Beach ki afekte oswa ki korwonp sekirite, jistis, bon konduit, oswa administrasyon konkou\/kado a. Vil Miami Beach rez\u00e8ve dwa pou diskalifye nenp\u00f2t moun ki vyole kondisyon yo, ansanm ak dwa pou mande domaj nan tout limit lalwa p\u00e8m\u00e8t nan ka kote yon patisipan te lak\u00f2z domaj volont\u00e8man oswa te febli fonksy\u00f2nman legal pwomosyon an.<\/li>\n<li><strong>Limitasyon Responsablite<\/strong><br \/>\nParticipant&#8217;s entry into this giveaway constitutes his or her agreement to release and hold harmless the City of Miami Beach and its subsidiaries, affiliates, employees, etc., against all claims liability, illness, injury, death, loss, etc., that occurs directly or indirectly from participation in the contest or use\/misuse of the awarded prize.<\/li>\n<li><strong>Litij<\/strong><br \/>\nPatisipan an dak\u00f2, k\u00f2m yon kondisyon pou patisipe nan pwomosyon an, ke tout dispit ki pa rezoud ant patisipan an ak Vil Miami Beach dwe rezoud endividy\u00e8lman s\u00e8lman devan yon tribinal ki sitiye nan Eta Florid, san yo pa bezwen rekounye a okenn f\u00f2m aksyon kolektif. Patisipan yo renonse tout dwa pou domaj p\u00e8n, ensidan, oswa konsekansy\u00e8l, ansanm ak tout dwa pou domaj yo miltipliye oswa ogmante.<\/li>\n<li><strong>R\u00e8gleman sou enf\u00f2masyon prive<\/strong><br \/>\nNenp\u00f2t enf\u00f2masyon yo pataje sij\u00e8 a r\u00e8gleman sou enf\u00f2masyon prive Vil Miami Beach la (https:\/\/www.miamibeachfl.gov\/policies-disclaimers\/).<\/li>\n<li><strong>Lis Ganyan yo<\/strong><br \/>\nPatisipan yo ka mande yon kopi lis gayan yo l\u00e8 yo kontakte MadisonBrown@miamibeachfl.gov.<\/li>\n<li><strong>R\u00e8g Platf\u00f2m Medya Sosyal yo<\/strong><br \/>\nLoteri tik\u00e8 SOBEWFF\u00ae ke Vil Miami Beach \u00f2ganize a pa patwone, andose, administre oswa asosye ditou ak SOBEWFF\u00ae, oubyen Instagram.<\/li>\n<li><strong>Afimasyon Akseptasyon ak Ak\u00f2 av\u00e8k Tout R\u00e8g Ofisy\u00e8l yo<\/strong><br \/>\nL\u00e8 yon patisipan antre nan konkou a, li li, li aksepte, epi li dak\u00f2 ak tout t\u00e8m ak kondisyon ki anwo yo.<\/li>\n<\/ol>","protected":false},"excerpt":{"rendered":"<p>Konkou Medya Sosyal Miami Beach X SOBEWFF\u00ae Vil Miami Beach lanse yon tiraj os\u00f2 sou medya sosyal pou SOBEWFF\u00ae [\u2026]<\/p>","protected":false},"author":222,"featured_media":0,"parent":0,"menu_order":13,"comment_status":"closed","ping_status":"closed","template":"","meta":{"_searchwp_excluded":"","site-sidebar-layout":"default","site-content-layout":"","ast-site-content-layout":"default","site-content-style":"default","site-sidebar-style":"default","ast-global-header-display":"","ast-banner-title-visibility":"","ast-main-header-display":"","ast-hfb-above-header-display":"","ast-hfb-below-header-display":"","ast-hfb-mobile-header-display":"","site-post-title":"","ast-breadcrumbs-content":"","ast-featured-img":"","footer-sml-layout":"","theme-transparent-header-meta":"","adv-header-id-meta":"","stick-header-meta":"","header-above-stick-meta":"","header-main-stick-meta":"","header-below-stick-meta":"","astra-migrate-meta-layouts":"default","ast-page-background-enabled":"default","ast-page-background-meta":{"desktop":{"background-color":"var(--ast-global-color-5)","background-image":"","background-repeat":"repeat","background-position":"center center","background-size":"auto","background-attachment":"scroll","background-type":"","background-media":"","overlay-type":"","overlay-color":"","overlay-opacity":"","overlay-gradient":""},"tablet":{"background-color":"","background-image":"","background-repeat":"repeat","background-position":"center center","background-size":"auto","background-attachment":"scroll","background-type":"","background-media":"","overlay-type":"","overlay-color":"","overlay-opacity":"","overlay-gradient":""},"mobile":{"background-color":"","background-image":"","background-repeat":"repeat","background-position":"center center","background-size":"auto","background-attachment":"scroll","background-type":"","background-media":"","overlay-type":"","overlay-color":"","overlay-opacity":"","overlay-gradient":""}},"ast-content-background-meta":{"desktop":{"background-color":"var(--ast-global-color-4)","background-image":"","background-repeat":"repeat","background-position":"center center","background-size":"auto","background-attachment":"scroll","background-type":"","background-media":"","overlay-type":"","overlay-color":"","overlay-opacity":"","overlay-gradient":""},"tablet":{"background-color":"var(--ast-global-color-4)","background-image":"","background-repeat":"repeat","background-position":"center center","background-size":"auto","background-attachment":"scroll","background-type":"","background-media":"","overlay-type":"","overlay-color":"","overlay-opacity":"","overlay-gradient":""},"mobile":{"background-color":"var(--ast-global-color-4)","background-image":"","background-repeat":"repeat","background-position":"center center","background-size":"auto","background-attachment":"scroll","background-type":"","background-media":"","overlay-type":"","overlay-color":"","overlay-opacity":"","overlay-gradient":""}},"footnotes":""},"categories":[1],"tags":[],"class_list":["post-362357","page","type-page","status-publish","hentry","category-uncategorized"],"yoast_head":"<!-- This site is optimized with the Yoast SEO Premium plugin v26.6 (Yoast SEO v26.6) - https:\/\/yoast.com\/wordpress\/plugins\/seo\/ -->\n<title>Miami Beach Social Media Contest Giveaway Terms - City of Miami Beach<\/title>\n<meta name=\"description\" content=\"The City of Miami Beach has launched a social media drawing for SOBEWFF\u00ae via our Instagram channel asking followers to complete the steps outlined below to be entered into a draw to win two (2) General Admission tickets to the SOBEWFF\u00ae Goya Foods&#039; Grand Tasting Village- 2\/23\/25.\" \/>\n<meta name=\"robots\" content=\"index, follow, max-snippet:-1, max-image-preview:large, max-video-preview:-1\" \/>\n<link rel=\"canonical\" href=\"https:\/\/www.miamibeachfl.gov\/ht\/giveawayterms\/\" \/>\n<meta property=\"og:locale\" content=\"ht_HT\" \/>\n<meta property=\"og:type\" content=\"article\" \/>\n<meta property=\"og:title\" content=\"Miami Beach Social Media Contest Giveaway Terms\" \/>\n<meta property=\"og:description\" content=\"The City of Miami Beach has launched a social media drawing for SOBEWFF\u00ae via our Instagram channel asking followers to complete the steps outlined below to be entered into a draw to win two (2) General Admission tickets to the SOBEWFF\u00ae Goya Foods&#039; Grand Tasting Village- 2\/23\/25.\" \/>\n<meta property=\"og:url\" content=\"https:\/\/www.miamibeachfl.gov\/ht\/giveawayterms\/\" \/>\n<meta property=\"og:site_name\" content=\"City of Miami Beach\" \/>\n<meta property=\"article:publisher\" content=\"https:\/\/www.facebook.com\/cityofmiamibeach\" \/>\n<meta property=\"article:modified_time\" content=\"2026-02-10T17:16:26+00:00\" \/>\n<meta property=\"og:image\" content=\"https:\/\/www.miamibeachfl.gov\/wp-content\/uploads\/2024\/01\/1000pxSquare-miamibeach-aerial-southpointview.jpeg\" \/>\n\t<meta property=\"og:image:width\" content=\"1000\" \/>\n\t<meta property=\"og:image:height\" content=\"1000\" \/>\n\t<meta property=\"og:image:type\" content=\"image\/jpeg\" \/>\n<meta name=\"twitter:card\" content=\"summary_large_image\" \/>\n<meta name=\"twitter:site\" content=\"@Miamibeachnews\" \/>\n<script type=\"application\/ld+json\" class=\"yoast-schema-graph\">{\"@context\":\"https:\/\/schema.org\",\"@graph\":[{\"@type\":\"WebPage\",\"@id\":\"https:\/\/www.miamibeachfl.gov\/giveawayterms\/\",\"url\":\"https:\/\/www.miamibeachfl.gov\/giveawayterms\/\",\"name\":\"Miami Beach Social Media Contest Giveaway Terms - City of Miami Beach\",\"isPartOf\":{\"@id\":\"https:\/\/www.miamibeachfl.gov\/#website\"},\"datePublished\":\"2025-02-13T13:02:50+00:00\",\"dateModified\":\"2026-02-10T17:16:26+00:00\",\"description\":\"The City of Miami Beach has launched a social media drawing for SOBEWFF\u00ae via our Instagram channel asking followers to complete the steps outlined below to be entered into a draw to win two (2) General Admission tickets to the SOBEWFF\u00ae Goya Foods' Grand Tasting Village- 2\/23\/25.\",\"breadcrumb\":{\"@id\":\"https:\/\/www.miamibeachfl.gov\/giveawayterms\/#breadcrumb\"},\"inLanguage\":\"ht\",\"potentialAction\":[{\"@type\":\"ReadAction\",\"target\":[\"https:\/\/www.miamibeachfl.gov\/giveawayterms\/\"]}]},{\"@type\":\"BreadcrumbList\",\"@id\":\"https:\/\/www.miamibeachfl.gov\/giveawayterms\/#breadcrumb\",\"itemListElement\":[{\"@type\":\"ListItem\",\"position\":1,\"name\":\"Home\",\"item\":\"https:\/\/www.miamibeachfl.gov\/\"},{\"@type\":\"ListItem\",\"position\":2,\"name\":\"Miami Beach Social Media Contest Giveaway Terms\"}]},{\"@type\":\"WebSite\",\"@id\":\"https:\/\/www.miamibeachfl.gov\/#website\",\"url\":\"https:\/\/www.miamibeachfl.gov\/\",\"name\":\"City of Miami Beach\",\"description\":\"The official website of the City of Miami Beach. Stay informed, find important information on city services, news, alerts, events, trolley routes, government employment and more.\",\"publisher\":{\"@id\":\"https:\/\/www.miamibeachfl.gov\/#organization\"},\"potentialAction\":[{\"@type\":\"SearchAction\",\"target\":{\"@type\":\"EntryPoint\",\"urlTemplate\":\"https:\/\/www.miamibeachfl.gov\/?s={search_term_string}\"},\"query-input\":{\"@type\":\"PropertyValueSpecification\",\"valueRequired\":true,\"valueName\":\"search_term_string\"}}],\"inLanguage\":\"ht\"},{\"@type\":\"Organization\",\"@id\":\"https:\/\/www.miamibeachfl.gov\/#organization\",\"name\":\"City of Miami Beach\",\"url\":\"https:\/\/www.miamibeachfl.gov\/\",\"logo\":{\"@type\":\"ImageObject\",\"inLanguage\":\"ht\",\"@id\":\"https:\/\/www.miamibeachfl.gov\/#\/schema\/logo\/image\/\",\"url\":\"https:\/\/www.miamibeachfl.gov\/wp-content\/uploads\/2022\/06\/miamibeach-logoblue.png\",\"contentUrl\":\"https:\/\/www.miamibeachfl.gov\/wp-content\/uploads\/2022\/06\/miamibeach-logoblue.png\",\"width\":1962,\"height\":381,\"caption\":\"City of Miami Beach\"},\"image\":{\"@id\":\"https:\/\/www.miamibeachfl.gov\/#\/schema\/logo\/image\/\"},\"sameAs\":[\"https:\/\/www.facebook.com\/cityofmiamibeach\",\"https:\/\/x.com\/Miamibeachnews\",\"https:\/\/www.instagram.com\/miamibeachnews\/\"],\"description\":\"The official website of the City of Miami Beach. Stay informed, find important information on city services, news, alerts, events, trolley routes, government employment and more.\",\"telephone\":\"305.604.CITY(2489)\",\"legalName\":\"City of Miami Beach\"}]}<\/script>\n<!-- \/ Yoast SEO Premium plugin. -->","yoast_head_json":{"title":"Kondisyon Konkou Medya Sosyal Miami Beach la - Vil Miami Beach","description":"Vil Miami Beach lanse yon tiraj os\u00f2 sou rezo sosyal pou SOBEWFF\u00ae atrav\u00e8 chan\u00e8l Instagram nou an. Li mande moun k ap swiv li yo pou yo swiv etap ki dekri anba yo pou yo ka antre nan yon tiraj os\u00f2 pou genyen de (2) tik\u00e8 Admisyon Jeneral nan Grand Tasting Village SOBEWFF\u00ae Goya Foods la - 2\/23\/25.","robots":{"index":"index","follow":"follow","max-snippet":"max-snippet:-1","max-image-preview":"max-image-preview:large","max-video-preview":"max-video-preview:-1"},"canonical":"https:\/\/www.miamibeachfl.gov\/ht\/giveawayterms\/","og_locale":"ht_HT","og_type":"article","og_title":"Miami Beach Social Media Contest Giveaway Terms","og_description":"The City of Miami Beach has launched a social media drawing for SOBEWFF\u00ae via our Instagram channel asking followers to complete the steps outlined below to be entered into a draw to win two (2) General Admission tickets to the SOBEWFF\u00ae Goya Foods' Grand Tasting Village- 2\/23\/25.","og_url":"https:\/\/www.miamibeachfl.gov\/ht\/giveawayterms\/","og_site_name":"City of Miami Beach","article_publisher":"https:\/\/www.facebook.com\/cityofmiamibeach","article_modified_time":"2026-02-10T17:16:26+00:00","og_image":[{"width":1000,"height":1000,"url":"https:\/\/www.miamibeachfl.gov\/wp-content\/uploads\/2024\/01\/1000pxSquare-miamibeach-aerial-southpointview.jpeg","type":"image\/jpeg"}],"twitter_card":"summary_large_image","twitter_site":"@Miamibeachnews","schema":{"@context":"https:\/\/schema.org","@graph":[{"@type":"WebPage","@id":"https:\/\/www.miamibeachfl.gov\/giveawayterms\/","url":"https:\/\/www.miamibeachfl.gov\/giveawayterms\/","name":"Kondisyon Konkou Medya Sosyal Miami Beach la - Vil Miami Beach","isPartOf":{"@id":"https:\/\/www.miamibeachfl.gov\/#website"},"datePublished":"2025-02-13T13:02:50+00:00","dateModified":"2026-02-10T17:16:26+00:00","description":"Vil Miami Beach lanse yon tiraj os\u00f2 sou rezo sosyal pou SOBEWFF\u00ae atrav\u00e8 chan\u00e8l Instagram nou an. Li mande moun k ap swiv li yo pou yo swiv etap ki dekri anba yo pou yo ka antre nan yon tiraj os\u00f2 pou genyen de (2) tik\u00e8 Admisyon Jeneral nan Grand Tasting Village SOBEWFF\u00ae Goya Foods la - 2\/23\/25.","breadcrumb":{"@id":"https:\/\/www.miamibeachfl.gov\/giveawayterms\/#breadcrumb"},"inLanguage":"ht","potentialAction":[{"@type":"ReadAction","target":["https:\/\/www.miamibeachfl.gov\/giveawayterms\/"]}]},{"@type":"BreadcrumbList","@id":"https:\/\/www.miamibeachfl.gov\/giveawayterms\/#breadcrumb","itemListElement":[{"@type":"ListItem","position":1,"name":"Home","item":"https:\/\/www.miamibeachfl.gov\/"},{"@type":"ListItem","position":2,"name":"Miami Beach Social Media Contest Giveaway Terms"}]},{"@type":"WebSite","@id":"https:\/\/www.miamibeachfl.gov\/#website","url":"https:\/\/www.miamibeachfl.gov\/","name":"Vil Miami Beach","description":"Sitw\u00e8b ofisy\u00e8l Vil Miami Beach la. Rete enf\u00f2me, jwenn enf\u00f2masyon enp\u00f2tan sou s\u00e8vis vil la, nouv\u00e8l, al\u00e8t, ev\u00e8nman, wout tramway, travay gouv\u00e8nman an ak plis ank\u00f2.","publisher":{"@id":"https:\/\/www.miamibeachfl.gov\/#organization"},"potentialAction":[{"@type":"SearchAction","target":{"@type":"EntryPoint","urlTemplate":"https:\/\/www.miamibeachfl.gov\/?s={search_term_string}"},"query-input":{"@type":"PropertyValueSpecification","valueRequired":true,"valueName":"search_term_string"}}],"inLanguage":"ht"},{"@type":"Organization","@id":"https:\/\/www.miamibeachfl.gov\/#organization","name":"Vil Miami Beach","url":"https:\/\/www.miamibeachfl.gov\/","logo":{"@type":"ImageObject","inLanguage":"ht","@id":"https:\/\/www.miamibeachfl.gov\/#\/schema\/logo\/image\/","url":"https:\/\/www.miamibeachfl.gov\/wp-content\/uploads\/2022\/06\/miamibeach-logoblue.png","contentUrl":"https:\/\/www.miamibeachfl.gov\/wp-content\/uploads\/2022\/06\/miamibeach-logoblue.png","width":1962,"height":381,"caption":"City of Miami Beach"},"image":{"@id":"https:\/\/www.miamibeachfl.gov\/#\/schema\/logo\/image\/"},"sameAs":["https:\/\/www.facebook.com\/cityofmiamibeach","https:\/\/x.com\/Miamibeachnews","https:\/\/www.instagram.com\/miamibeachnews\/"],"description":"Sitw\u00e8b ofisy\u00e8l Vil Miami Beach la. Rete enf\u00f2me, jwenn enf\u00f2masyon enp\u00f2tan sou s\u00e8vis vil la, nouv\u00e8l, al\u00e8t, ev\u00e8nman, wout tramway, travay gouv\u00e8nman an ak plis ank\u00f2.","telephone":"305.604.CITY(2489)","legalName":"City of Miami Beach"}]}},"_links":{"self":[{"href":"https:\/\/www.miamibeachfl.gov\/ht\/wp-json\/wp\/v2\/pages\/362357","targetHints":{"allow":["GET"]}}],"collection":[{"href":"https:\/\/www.miamibeachfl.gov\/ht\/wp-json\/wp\/v2\/pages"}],"about":[{"href":"https:\/\/www.miamibeachfl.gov\/ht\/wp-json\/wp\/v2\/types\/page"}],"author":[{"embeddable":true,"href":"https:\/\/www.miamibeachfl.gov\/ht\/wp-json\/wp\/v2\/users\/222"}],"replies":[{"embeddable":true,"href":"https:\/\/www.miamibeachfl.gov\/ht\/wp-json\/wp\/v2\/comments?post=362357"}],"version-history":[{"count":0,"href":"https:\/\/www.miamibeachfl.gov\/ht\/wp-json\/wp\/v2\/pages\/362357\/revisions"}],"wp:attachment":[{"href":"https:\/\/www.miamibeachfl.gov\/ht\/wp-json\/wp\/v2\/media?parent=362357"}],"wp:term":[{"taxonomy":"category","embeddable":true,"href":"https:\/\/www.miamibeachfl.gov\/ht\/wp-json\/wp\/v2\/categories?post=362357"},{"taxonomy":"post_tag","embeddable":true,"href":"https:\/\/www.miamibeachfl.gov\/ht\/wp-json\/wp\/v2\/tags?post=362357"}],"curies":[{"name":"wp","href":"https:\/\/api.w.org\/{rel}","templated":true}]}}