{"id":366277,"date":"2025-03-12T11:28:19","date_gmt":"2025-03-12T15:28:19","guid":{"rendered":"https:\/\/www.miamibeachfl.gov\/?page_id=366277"},"modified":"2026-01-13T12:28:55","modified_gmt":"2026-01-13T17:28:55","slug":"citibike","status":"publish","type":"page","link":"https:\/\/www.miamibeachfl.gov\/ht\/citibike\/","title":{"rendered":"Citibike Miami Beach"},"content":{"rendered":"<a href=\"http:\/\/www.citibikemiami.com\"  target=\"_blank\" rel=\"noopener\"  itemprop=\"url\">\n\t\t\t\t<img decoding=\"async\" src=\"https:\/\/www.miamibeachfl.gov\/wp-content\/uploads\/2024\/11\/citybikemiami.png\" alt=\"citibike\" itemprop=\"image\" height=\"240\" width=\"240\" title=\"bisikl\u00e8t vil miami\" onerror=\"this.style.display='none'\" loading=\"lazy\" \/>\n\t\t\t\t<\/a>\n<h1>\n\t\t\tAvantaj pou rezidan CITI BIKE Miami Beach yo\t<\/h1>\n\t<h2>Moun ki abite Miami Beach yo ka jwi avantaj espesyal Citi Bike l\u00e8 yo chwazi youn nan opsyon sa yo:<\/h2>\n<h3>Opsyon 1: Lwaye bisikl\u00e8t gratis<\/h3>\n<p>Jwenn twa (3) kous 30 minit gratis chak 30 jou.<\/p>\n<ul>\n<li>Disponib s\u00e8lman pou moun ki pa ab\u00f2ne.<\/li>\n<li>Chak k\u00f2d pwomosyon\u00e8l valab pou 30 jou.<\/li>\n<li>Ou ka mande yon nouvo k\u00f2d yon fwa k\u00f2d anvan an ekspire.<\/li>\n<\/ul>\n<h3>Opsyon 2: Mwa gratis pou manm ki la depi lontan<\/h3>\n<p>Jwenn 1 mwa ab\u00f2nman gratis si:<\/p>\n<ul>\n<li>Ou te gen yon ab\u00f2nman Citi Bike aktif pandan 12 d\u00e8nye mwa konsekitif yo.<\/li>\n<li>Y ap aplike yon kredi ki egal a yon mwa ab\u00f2nman sou kont ou a.<\/li>\n<li>Ou ka mande avantaj sa a ank\u00f2 apre 12 mwa anplis k\u00f2m manm aktif.<\/li>\n<\/ul>\n<p>* Rezidan yo ka s\u00e8lman chwazi\/rachte youn nan de opsyon Ankourajman Rezidan Miami Beach ki anwo yo pou chak rezidan.<\/p>\n<hr \/>\n<h2>Kijan pou enskri<\/h2>\n<p><strong>Enskri nan youn nan twa fason sa yo:<\/strong><\/p>\n<ol>\n<li>An p\u00e8s\u00f2n nan magazen nou an<br \/>\nMagazen Citi Bike\/Deco Bike nan Miami Beach<br \/>\n723 Washington Avenue, Miami Beach, FL 33139<br \/>\nLouvri 7 jou sou 7 soti 10\u00e8 maten rive 1\u00e8 apr\u00e8midi, epi soti 2\u00e8 apr\u00e8midi rive 6\u00e8 apr\u00e8midi (F\u00e8men 1\u00e8 apr\u00e8midi rive 2\u00e8 apr\u00e8midi)<br \/>\nOr\u00e8 yo ka chanje pou gwo jou ferye ak wikenn ev\u00e8nman yo.<br \/>\nTanpri rele davans Tel: <strong><a href=\"tel:3055239494\">305-523-9494<\/a>.<\/strong><\/li>\n<li>Sou ent\u00e8n\u00e8t. <strong><a href=\"https:\/\/docs.google.com\/forms\/d\/e\/1FAIpQLSduJ1k3KdhhImiTDZOzRC3MGX5CY0DU5E2vmAdUKbOJjF7O-A\/viewform\">Klike la a pou enskri<\/a><\/strong><\/li>\n<li>Pa im\u00e8l nan <a href=\"mailto:customerservice@decobike.com\"><strong>customerservice@decobike.com<\/strong><\/a> mete &quot;Ankourajman pou Rezidan Miami Beach&quot; nan sij\u00e8 mesaj la.<\/li>\n<\/ol>\n<h3>Kondisyon pou Enskri<\/h3>\n<p>Yon py\u00e8s idantite ak foto ki valab e ki soti nan gouv\u00e8nman an AK youn nan dokiman sa yo ki gen non ak adr\u00e8s ou epi ki te voye pa lap\u00f2s nan 30 d\u00e8nye jou yo:<\/p>\n<ul>\n<li>Fakti s\u00e8vis piblik (FPL, telef\u00f2n, gaz, kab)<\/li>\n<li>Fakti telef\u00f2n selil\u00e8<\/li>\n<li>Rele bank\u00e8<\/li>\n<li>Rele kat kredi<\/li>\n<li>Deklarasyon ipot\u00e8k<\/li>\n<li>Deklarasyon taks sou pwopriyete (d\u00e8nye a te resevwa)<\/li>\n<li>Ak\u00f2 lokasyon<\/li>\n<\/ul>\n<h3>Aks\u00e8 Aplikasyon<\/h3>\n<p>S\u00e8vi ak aplikasyon Citi Bike Miami sou Android oubyen iOS pou debloke bisikl\u00e8t yo.<\/p>\n\t<p>Citi Bike Miami Beach se pwopriyete DecoBike LLC epi li fy\u00e8 d\u00e8ske li jere li. <a href=\"https:\/\/citibikemiami.com\/beachresidentincentive\">Pou plis enf\u00f2masyon sou Pwogram Ankourajman pou Rezidan Miami Beach yo, tanpri vizite citibikemiami.com\/beachresidentincentive<\/a>.<\/p>","protected":false},"excerpt":{"rendered":"<p>CITI BIKE Miami Beach Resident Perks Miami Beach residents can enjoy special Citi Bike perks by choosing one of the [&hellip;]<\/p>\n","protected":false},"author":222,"featured_media":0,"parent":0,"menu_order":8,"comment_status":"closed","ping_status":"closed","template":"","meta":{"_searchwp_excluded":"","site-sidebar-layout":"default","site-content-layout":"","ast-site-content-layout":"default","site-content-style":"default","site-sidebar-style":"default","ast-global-header-display":"","ast-banner-title-visibility":"","ast-main-header-display":"","ast-hfb-above-header-display":"","ast-hfb-below-header-display":"","ast-hfb-mobile-header-display":"","site-post-title":"","ast-breadcrumbs-content":"","ast-featured-img":"","footer-sml-layout":"","theme-transparent-header-meta":"","adv-header-id-meta":"","stick-header-meta":"","header-above-stick-meta":"","header-main-stick-meta":"","header-below-stick-meta":"","astra-migrate-meta-layouts":"default","ast-page-background-enabled":"default","ast-page-background-meta":{"desktop":{"background-color":"var(--ast-global-color-5)","background-image":"","background-repeat":"repeat","background-position":"center center","background-size":"auto","background-attachment":"scroll","background-type":"","background-media":"","overlay-type":"","overlay-color":"","overlay-opacity":"","overlay-gradient":""},"tablet":{"background-color":"","background-image":"","background-repeat":"repeat","background-position":"center center","background-size":"auto","background-attachment":"scroll","background-type":"","background-media":"","overlay-type":"","overlay-color":"","overlay-opacity":"","overlay-gradient":""},"mobile":{"background-color":"","background-image":"","background-repeat":"repeat","background-position":"center center","background-size":"auto","background-attachment":"scroll","background-type":"","background-media":"","overlay-type":"","overlay-color":"","overlay-opacity":"","overlay-gradient":""}},"ast-content-background-meta":{"desktop":{"background-color":"var(--ast-global-color-4)","background-image":"","background-repeat":"repeat","background-position":"center center","background-size":"auto","background-attachment":"scroll","background-type":"","background-media":"","overlay-type":"","overlay-color":"","overlay-opacity":"","overlay-gradient":""},"tablet":{"background-color":"var(--ast-global-color-4)","background-image":"","background-repeat":"repeat","background-position":"center center","background-size":"auto","background-attachment":"scroll","background-type":"","background-media":"","overlay-type":"","overlay-color":"","overlay-opacity":"","overlay-gradient":""},"mobile":{"background-color":"var(--ast-global-color-4)","background-image":"","background-repeat":"repeat","background-position":"center center","background-size":"auto","background-attachment":"scroll","background-type":"","background-media":"","overlay-type":"","overlay-color":"","overlay-opacity":"","overlay-gradient":""}},"footnotes":""},"categories":[],"tags":[],"class_list":["post-366277","page","type-page","status-publish","hentry"],"yoast_head":"<!-- This site is optimized with the Yoast SEO Premium plugin v27.4 (Yoast SEO v27.4) - https:\/\/yoast.com\/product\/yoast-seo-premium-wordpress\/ -->\n<title>Miami Beach Citibike - City of Miami Beach<\/title>\n<meta name=\"description\" content=\"Miami Beach residents can enjoy special Citi Bike perks\" \/>\n<meta name=\"robots\" content=\"index, follow, max-snippet:-1, max-image-preview:large, max-video-preview:-1\" \/>\n<link rel=\"canonical\" href=\"https:\/\/www.miamibeachfl.gov\/ht\/citibike\/\" \/>\n<meta property=\"og:locale\" content=\"ht_HT\" \/>\n<meta property=\"og:type\" content=\"article\" \/>\n<meta property=\"og:title\" content=\"Miami Beach Citibike\" \/>\n<meta property=\"og:description\" content=\"Miami Beach residents can enjoy special Citi Bike perks\" \/>\n<meta property=\"og:url\" content=\"https:\/\/www.miamibeachfl.gov\/ht\/citibike\/\" \/>\n<meta property=\"og:site_name\" content=\"City of Miami Beach\" \/>\n<meta property=\"article:publisher\" content=\"https:\/\/www.facebook.com\/cityofmiamibeach\" \/>\n<meta property=\"article:modified_time\" content=\"2026-01-13T17:28:55+00:00\" \/>\n<meta property=\"og:image\" content=\"https:\/\/www.miamibeachfl.gov\/wp-content\/uploads\/2024\/11\/citybikemiami.png\" \/>\n<meta name=\"twitter:card\" content=\"summary_large_image\" \/>\n<meta name=\"twitter:site\" content=\"@Miamibeachnews\" \/>\n<script type=\"application\/ld+json\" class=\"yoast-schema-graph\">{\"@context\":\"https:\\\/\\\/schema.org\",\"@graph\":[{\"@type\":\"WebPage\",\"@id\":\"https:\\\/\\\/www.miamibeachfl.gov\\\/citibike\\\/\",\"url\":\"https:\\\/\\\/www.miamibeachfl.gov\\\/citibike\\\/\",\"name\":\"Miami Beach Citibike - City of Miami Beach\",\"isPartOf\":{\"@id\":\"https:\\\/\\\/www.miamibeachfl.gov\\\/#website\"},\"primaryImageOfPage\":{\"@id\":\"https:\\\/\\\/www.miamibeachfl.gov\\\/citibike\\\/#primaryimage\"},\"image\":{\"@id\":\"https:\\\/\\\/www.miamibeachfl.gov\\\/citibike\\\/#primaryimage\"},\"thumbnailUrl\":\"https:\\\/\\\/www.miamibeachfl.gov\\\/wp-content\\\/uploads\\\/2024\\\/11\\\/citybikemiami.png\",\"datePublished\":\"2025-03-12T15:28:19+00:00\",\"dateModified\":\"2026-01-13T17:28:55+00:00\",\"description\":\"Miami Beach residents can enjoy special Citi Bike perks\",\"breadcrumb\":{\"@id\":\"https:\\\/\\\/www.miamibeachfl.gov\\\/citibike\\\/#breadcrumb\"},\"inLanguage\":\"ht\",\"potentialAction\":[{\"@type\":\"ReadAction\",\"target\":[\"https:\\\/\\\/www.miamibeachfl.gov\\\/citibike\\\/\"]}]},{\"@type\":\"ImageObject\",\"inLanguage\":\"ht\",\"@id\":\"https:\\\/\\\/www.miamibeachfl.gov\\\/citibike\\\/#primaryimage\",\"url\":\"https:\\\/\\\/www.miamibeachfl.gov\\\/wp-content\\\/uploads\\\/2024\\\/11\\\/citybikemiami.png\",\"contentUrl\":\"https:\\\/\\\/www.miamibeachfl.gov\\\/wp-content\\\/uploads\\\/2024\\\/11\\\/citybikemiami.png\"},{\"@type\":\"BreadcrumbList\",\"@id\":\"https:\\\/\\\/www.miamibeachfl.gov\\\/citibike\\\/#breadcrumb\",\"itemListElement\":[{\"@type\":\"ListItem\",\"position\":1,\"name\":\"Home\",\"item\":\"https:\\\/\\\/www.miamibeachfl.gov\\\/\"},{\"@type\":\"ListItem\",\"position\":2,\"name\":\"Miami Beach Citibike\"}]},{\"@type\":\"WebSite\",\"@id\":\"https:\\\/\\\/www.miamibeachfl.gov\\\/#website\",\"url\":\"https:\\\/\\\/www.miamibeachfl.gov\\\/\",\"name\":\"City of Miami Beach\",\"description\":\"The official website of the City of Miami Beach. Stay informed, find important information on city services, news, alerts, events, trolley routes, government employment and more.\",\"publisher\":{\"@id\":\"https:\\\/\\\/www.miamibeachfl.gov\\\/#organization\"},\"potentialAction\":[{\"@type\":\"SearchAction\",\"target\":{\"@type\":\"EntryPoint\",\"urlTemplate\":\"https:\\\/\\\/www.miamibeachfl.gov\\\/?s={search_term_string}\"},\"query-input\":{\"@type\":\"PropertyValueSpecification\",\"valueRequired\":true,\"valueName\":\"search_term_string\"}}],\"inLanguage\":\"ht\"},{\"@type\":\"Organization\",\"@id\":\"https:\\\/\\\/www.miamibeachfl.gov\\\/#organization\",\"name\":\"City of Miami Beach\",\"url\":\"https:\\\/\\\/www.miamibeachfl.gov\\\/\",\"logo\":{\"@type\":\"ImageObject\",\"inLanguage\":\"ht\",\"@id\":\"https:\\\/\\\/www.miamibeachfl.gov\\\/#\\\/schema\\\/logo\\\/image\\\/\",\"url\":\"https:\\\/\\\/www.miamibeachfl.gov\\\/wp-content\\\/uploads\\\/2022\\\/06\\\/miamibeach-logoblue.png\",\"contentUrl\":\"https:\\\/\\\/www.miamibeachfl.gov\\\/wp-content\\\/uploads\\\/2022\\\/06\\\/miamibeach-logoblue.png\",\"width\":1962,\"height\":381,\"caption\":\"City of Miami Beach\"},\"image\":{\"@id\":\"https:\\\/\\\/www.miamibeachfl.gov\\\/#\\\/schema\\\/logo\\\/image\\\/\"},\"sameAs\":[\"https:\\\/\\\/www.facebook.com\\\/cityofmiamibeach\",\"https:\\\/\\\/x.com\\\/Miamibeachnews\",\"https:\\\/\\\/www.instagram.com\\\/miamibeachnews\\\/\"],\"description\":\"The official website of the City of Miami Beach. Stay informed, find important information on city services, news, alerts, events, trolley routes, government employment and more.\",\"telephone\":\"305.604.CITY(2489)\",\"legalName\":\"City of Miami Beach\"}]}<\/script>\n<!-- \/ Yoast SEO Premium plugin. -->","yoast_head_json":{"title":"Citibike Miami Beach - Vil Miami Beach","description":"Rezidan Miami Beach yo ka jwi avantaj espesyal Citi Bike yo.","robots":{"index":"index","follow":"follow","max-snippet":"max-snippet:-1","max-image-preview":"max-image-preview:large","max-video-preview":"max-video-preview:-1"},"canonical":"https:\/\/www.miamibeachfl.gov\/ht\/citibike\/","og_locale":"ht_HT","og_type":"article","og_title":"Miami Beach Citibike","og_description":"Miami Beach residents can enjoy special Citi Bike perks","og_url":"https:\/\/www.miamibeachfl.gov\/ht\/citibike\/","og_site_name":"City of Miami Beach","article_publisher":"https:\/\/www.facebook.com\/cityofmiamibeach","article_modified_time":"2026-01-13T17:28:55+00:00","og_image":[{"url":"https:\/\/www.miamibeachfl.gov\/wp-content\/uploads\/2024\/11\/citybikemiami.png","type":"","width":"","height":""}],"twitter_card":"summary_large_image","twitter_site":"@Miamibeachnews","schema":{"@context":"https:\/\/schema.org","@graph":[{"@type":"WebPage","@id":"https:\/\/www.miamibeachfl.gov\/citibike\/","url":"https:\/\/www.miamibeachfl.gov\/citibike\/","name":"Citibike Miami Beach - Vil Miami Beach","isPartOf":{"@id":"https:\/\/www.miamibeachfl.gov\/#website"},"primaryImageOfPage":{"@id":"https:\/\/www.miamibeachfl.gov\/citibike\/#primaryimage"},"image":{"@id":"https:\/\/www.miamibeachfl.gov\/citibike\/#primaryimage"},"thumbnailUrl":"https:\/\/www.miamibeachfl.gov\/wp-content\/uploads\/2024\/11\/citybikemiami.png","datePublished":"2025-03-12T15:28:19+00:00","dateModified":"2026-01-13T17:28:55+00:00","description":"Rezidan Miami Beach yo ka jwi avantaj espesyal Citi Bike yo.","breadcrumb":{"@id":"https:\/\/www.miamibeachfl.gov\/citibike\/#breadcrumb"},"inLanguage":"ht","potentialAction":[{"@type":"ReadAction","target":["https:\/\/www.miamibeachfl.gov\/citibike\/"]}]},{"@type":"ImageObject","inLanguage":"ht","@id":"https:\/\/www.miamibeachfl.gov\/citibike\/#primaryimage","url":"https:\/\/www.miamibeachfl.gov\/wp-content\/uploads\/2024\/11\/citybikemiami.png","contentUrl":"https:\/\/www.miamibeachfl.gov\/wp-content\/uploads\/2024\/11\/citybikemiami.png"},{"@type":"BreadcrumbList","@id":"https:\/\/www.miamibeachfl.gov\/citibike\/#breadcrumb","itemListElement":[{"@type":"ListItem","position":1,"name":"Home","item":"https:\/\/www.miamibeachfl.gov\/"},{"@type":"ListItem","position":2,"name":"Miami Beach Citibike"}]},{"@type":"WebSite","@id":"https:\/\/www.miamibeachfl.gov\/#website","url":"https:\/\/www.miamibeachfl.gov\/","name":"Vil Miami Beach","description":"Sitw\u00e8b ofisy\u00e8l Vil Miami Beach la. Rete enf\u00f2me, jwenn enf\u00f2masyon enp\u00f2tan sou s\u00e8vis vil la, nouv\u00e8l, al\u00e8t, ev\u00e8nman, wout tramway, travay gouv\u00e8nman an ak plis ank\u00f2.","publisher":{"@id":"https:\/\/www.miamibeachfl.gov\/#organization"},"potentialAction":[{"@type":"SearchAction","target":{"@type":"EntryPoint","urlTemplate":"https:\/\/www.miamibeachfl.gov\/?s={search_term_string}"},"query-input":{"@type":"PropertyValueSpecification","valueRequired":true,"valueName":"search_term_string"}}],"inLanguage":"ht"},{"@type":"Organization","@id":"https:\/\/www.miamibeachfl.gov\/#organization","name":"Vil Miami Beach","url":"https:\/\/www.miamibeachfl.gov\/","logo":{"@type":"ImageObject","inLanguage":"ht","@id":"https:\/\/www.miamibeachfl.gov\/#\/schema\/logo\/image\/","url":"https:\/\/www.miamibeachfl.gov\/wp-content\/uploads\/2022\/06\/miamibeach-logoblue.png","contentUrl":"https:\/\/www.miamibeachfl.gov\/wp-content\/uploads\/2022\/06\/miamibeach-logoblue.png","width":1962,"height":381,"caption":"City of Miami Beach"},"image":{"@id":"https:\/\/www.miamibeachfl.gov\/#\/schema\/logo\/image\/"},"sameAs":["https:\/\/www.facebook.com\/cityofmiamibeach","https:\/\/x.com\/Miamibeachnews","https:\/\/www.instagram.com\/miamibeachnews\/"],"description":"Sitw\u00e8b ofisy\u00e8l Vil Miami Beach la. Rete enf\u00f2me, jwenn enf\u00f2masyon enp\u00f2tan sou s\u00e8vis vil la, nouv\u00e8l, al\u00e8t, ev\u00e8nman, wout tramway, travay gouv\u00e8nman an ak plis ank\u00f2.","telephone":"305.604.CITY(2489)","legalName":"City of Miami Beach"}]}},"_links":{"self":[{"href":"https:\/\/www.miamibeachfl.gov\/ht\/wp-json\/wp\/v2\/pages\/366277","targetHints":{"allow":["GET"]}}],"collection":[{"href":"https:\/\/www.miamibeachfl.gov\/ht\/wp-json\/wp\/v2\/pages"}],"about":[{"href":"https:\/\/www.miamibeachfl.gov\/ht\/wp-json\/wp\/v2\/types\/page"}],"author":[{"embeddable":true,"href":"https:\/\/www.miamibeachfl.gov\/ht\/wp-json\/wp\/v2\/users\/222"}],"replies":[{"embeddable":true,"href":"https:\/\/www.miamibeachfl.gov\/ht\/wp-json\/wp\/v2\/comments?post=366277"}],"version-history":[{"count":7,"href":"https:\/\/www.miamibeachfl.gov\/ht\/wp-json\/wp\/v2\/pages\/366277\/revisions"}],"predecessor-version":[{"id":395015,"href":"https:\/\/www.miamibeachfl.gov\/ht\/wp-json\/wp\/v2\/pages\/366277\/revisions\/395015"}],"wp:attachment":[{"href":"https:\/\/www.miamibeachfl.gov\/ht\/wp-json\/wp\/v2\/media?parent=366277"}],"wp:term":[{"taxonomy":"category","embeddable":true,"href":"https:\/\/www.miamibeachfl.gov\/ht\/wp-json\/wp\/v2\/categories?post=366277"},{"taxonomy":"post_tag","embeddable":true,"href":"https:\/\/www.miamibeachfl.gov\/ht\/wp-json\/wp\/v2\/tags?post=366277"}],"curies":[{"name":"wp","href":"https:\/\/api.w.org\/{rel}","templated":true}]}}