{"id":366555,"date":"2025-03-14T09:20:55","date_gmt":"2025-03-14T13:20:55","guid":{"rendered":"https:\/\/www.miamibeachfl.gov\/?page_id=366555"},"modified":"2025-06-07T10:49:59","modified_gmt":"2025-06-07T14:49:59","slug":"human-trafficking","status":"publish","type":"page","link":"https:\/\/www.miamibeachfl.gov\/ht\/yourmbpd\/services\/human-trafficking\/","title":{"rendered":"Trafik Moun"},"content":{"rendered":"<a href=\"\/ht\/yourmbpd\/\"  target=\"_self\" itemprop=\"url\">\n\t\t\t\t<img decoding=\"async\" src=\"https:\/\/www.miamibeachfl.gov\/wp-content\/uploads\/2019\/12\/badge-for-banner.png\" alt=\"badge for banner\" itemprop=\"image\" title=\"badj pou bany\u00e8\" onerror=\"this.style.display='none'\" loading='lazy' \/>\n\t\t\t\t<\/a>\n<h3>\n\t\t<a href=\"\/ht\/yourmbpd\/leadership\/\" title=\"LIDERAY\"  target=\"_self\">\n\t\t\tLIDERAY\t\t<\/a>\n\t<\/h3>\n<h3>\n\t\t<a href=\"\/ht\/yourmbpd\/neighborhoods\/\" title=\"KATYE YO\"  target=\"_self\">\n\t\t\tKATYE YO\t\t<\/a>\n\t<\/h3>\n<h3>\n\t\t<a href=\"\/ht\/yourmbpd\/services\/\" title=\"S\u00c8VIS\"  target=\"_self\">\n\t\t\tS\u00c8VIS\t\t<\/a>\n\t<\/h3>\n<h1>\n\t\t\tKonsyantizasyon ak Rap\u00f2 sou Trafik Moun\t<\/h1>\n<h2>\n\t\t\tDepatman Lapolis Miami Beach\t<\/h2>\n\t<p><strong>&quot;Lavi moun pa pou vann&quot;<\/strong><\/p>\n<p>Trafik moun se yon f\u00f2m esklavaj mod\u00e8n epi yon vyolasyon grav dwa moun. Li enplike itilizasyon f\u00f2s, fwod, oswa presyon pou eksplwate moun pou travay f\u00f2se, s\u00e8vitid domestik, oswa s\u00e8ks kom\u00e8syal.<\/p>\n<p>Souvan, viktim yo sibi kontw\u00f2l ak manipile atrav\u00e8 menas, vyolans, manti, oswa esklavaj pou d\u00e8t, sa ki f\u00e8 li difisil pou yo ch\u00e8che \u00e8d oswa chape. Trafik moun ka rive tout kote. Nenp\u00f2t moun ka yon viktim, k\u00e8lkeswa laj, s\u00e8ks, nasyonalite, oswa orijin sosyoekonomik yo.<\/p>\n<p>Depatman Lapolis Miami Beach (MBPD) gen yon Inite Trafik Moun ki espesyalize nan idantifye viktim yo, mennen ank\u00e8t sou ka yo, epi mennen trafik\u00e8 yo devan lajistis. Si ou sisp\u00e8k trafik moun, rap\u00f2te li dir\u00e8kteman bay MBPD asire repons ki pi rapid la ak pi bon chans pou ede viktim yo.<\/p>\n<p>L\u00e8 ou rete enf\u00f2me, rekon\u00e8t siy av\u00e8tisman yo, epi rap\u00f2te aktivite sisp\u00e8k, ou ka ede sove lavi epi mennen trafik\u00e8 yo devan lajistis.<\/p>\n<p><strong>Kisa Trafik Moun ye?<\/strong><\/p>\n<p>Trafik moun se yon f\u00f2m eksplwatasyon kote trafik\u00e8 yo itilize div\u00e8s met\u00f2d pou f\u00f2se, twonpe, oswa f\u00f2se moun antre nan sitiyasyon kote yo eksplwate yo pou travay oswa s\u00e8ks. Gen de f\u00f2m prensipal:<\/p>\n<strong>Trafik s\u00e8ks<\/strong><br \/>\nL\u00e8 yon moun sibi presyon, f\u00f2s oswa twonpe pou l angaje l nan zak s\u00e8ks kom\u00e8syal, oubyen si moun nan gen mwens pase 18 an epi l ap f\u00e8 zak s\u00e8ks kom\u00e8syal san konsidere presyon, f\u00f2s ak fwod.\n<strong>Trafik Travay<\/strong><br \/>\nL\u00e8 moun yo oblije travay kont volonte yo atrav\u00e8 menas, esklavaj pou d\u00e8t, twonpri, oswa vyolans. Viktim yo ka jwenn nan endistri tankou agrikilti, konstriksyon, Ospitalite, ak travay domestik.\n<hr \/>\n<p><strong>Rekon\u00e8t Siy Trafik Moun yo<\/strong><\/p>\n<p>Viktim trafik moun yo souvan viv nan laper\u00e8z epi yo ka pa idantifye t\u00e8t yo k\u00f2m viktim. Rekon\u00e8t siy av\u00e8tisman yo enp\u00f2tan pou ede yon moun chape anba eksplwatasyon.<\/p>\n<ul>\n<li>Siy abi: Ematom, koupe, boule, sikatris, oswa blesi ki pa trete<\/li>\n<li>Malnitrisyon oswa dezidratasyon<\/li>\n<li>Move ijy\u00e8n oswa lavi nan move kondisyon<\/li>\n<li>Tatoo oswa mak sou mak (souvan trafik\u00e8 yo itilize yo pou &quot;reklame&quot; viktim yo)<\/li>\n<\/ul>\n<p><strong>Endikat\u00e8 Konp\u00f2tmantal <\/strong><\/p>\n<ul>\n<li>Konp\u00f2tman ki f\u00e8 moun p\u00e8, enkyete, oswa soum\u00e8t<\/li>\n<li>Evite kontak zye ak ent\u00e8raksyon sosyal<\/li>\n<li>Yo pa gen dwa pale pou t\u00e8t yo oubyen yo toujou anba siveyans yon l\u00f2t moun.<\/li>\n<li>Montre mefyans anv\u00e8 lapolis oswa figi otorite yo<\/li>\n<li>Sanble konfonn oswa li pa kapab sonje enf\u00f2masyon debaz sou kote li ye a<\/li>\n<\/ul>\n<p><strong>Endikat\u00e8 Mantal ak Emosyon\u00e8l <\/strong><\/p>\n<ul>\n<li>Ba estim pw\u00f2p t\u00e8t ou, depresyon, oswa panse swisid<\/li>\n<li>Yo p\u00e8 l\u00e8 y ap pale de sitiyasyon p\u00e8son\u00e8l yo<\/li>\n<li>Siy ch\u00f2k, tankou PTSD, enkyetid, oswa gwo detr\u00e8s<\/li>\n<li>Eksprime yon santiman dezespwa oswa yon santiman &quot;pran nan py\u00e8j&quot;<\/li>\n<li>Pa idantifye t\u00e8t li k\u00f2m yon viktim<\/li>\n<\/ul>\n<p><strong>Endikat\u00e8 Sosyal ak Ent\u00e8p\u00e8son\u00e8l<\/strong><\/p>\n<ul>\n<li>Akonpaye pa yon moun ki kontwole<\/li>\n<li>Izole de zanmi, fanmi, oswa kominote a<\/li>\n<li>Pa gen aks\u00e8 a dokiman idantifikasyon p\u00e8son\u00e8l, kat idantite, oswa lajan.<\/li>\n<li>Travay pandan plizy\u00e8 \u00e8dtan pou yon ti sal\u00e8 oswa pou anyen pa genyen<\/li>\n<li>Ap viv nan plas travay li oswa nan move kondisyon, kote moun ap viv tw\u00f2p.<\/li>\n<\/ul>\n\t\t\t\t\t<a href=\"#\"  id=\"fl-accordion--label-0\" tabindex=\"0\" aria-controls=\"fl-accordion--panel-0\">Kijan pou rap\u00f2te trafik moun<\/a>\n\t\t\t\t\t\t\t\t\t\t\t<a href=\"#\" id=\"fl-accordion--icon-0\"  tabindex=\"0\"><i title=\"Elaji\">Elaji<\/i><\/a>\n\t\t\t\t\t<p>Si ou sisp\u00e8k yon moun se yon viktim trafik moun, li enp\u00f2tan pou rap\u00f2te li imedyatman. Chak ap\u00e8l ka sove yon lavi.<\/p>\n<p><strong> An Ka Ijans: Rele 911 imedyatman si yon moun an danje imedya oswa si li bezwen asistans lapolis ijan.<\/strong><\/p>\n<p><strong> Liy ki pa ijans MBPD:<\/strong> <a href=\"tel:3056737900\"><strong>305-673-7900<\/strong><\/a><\/p>\n<ul>\n<li>Si sitiyasyon an pa yon ijans men ou sisp\u00e8k trafik moun, rele nimewo ki pa ijans MBPD a pou jwenn asistans dir\u00e8k nan men lapolis lokal la.<\/li>\n<\/ul>\n<h3><strong>Liy dir\u00e8k pou rap\u00f2te enf\u00f2masyon lokal ak nasyonal<\/strong><\/h3>\n<p> <strong>Liy dir\u00e8k pou trafik moun nan Avoka Eta Miami-Dade: 305-FIX-STOP <a href=\"tel:3053497867\">(305-349-7867)<\/a><\/strong><\/p>\n<ul>\n<li><strong>Tan repons ki pi rapid:<\/strong> Yo voye rap\u00f2 yo bay lapolis lokal la nan k\u00e8k \u00e8dtan.<\/li>\n<li><strong>Rek\u00f2mande pou ka Miami-Dade yo ak\u00f2z aksyon pi rapid konpare ak liy dir\u00e8k nasyonal yo.<\/strong><\/li>\n<\/ul>\n<p> <strong>Liy dir\u00e8k nasyonal pou trafik moun: <a href=\"tel:18883737888\">1-888-373-7888<\/a><\/strong><\/p>\n<ul>\n<li><strong>Disponib 24\/7<\/strong> av\u00e8k defans\u00e8 liy dir\u00e8k anti-trafik moun ki resevwa f\u00f2masyon.<\/li>\n<li><strong>Voye t\u00e8ks \u00c8D nan 233733<\/strong> (GRATIS) pou asistans konfidansy\u00e8l.<\/li>\n<li><strong>Soum\u00e8t yon enf\u00f2masyon anonim sou ent\u00e8n\u00e8t<\/strong> atrav\u00e8 F\u00f2m Liy Dir\u00e8k Nasyonal pou Rap\u00f2te Trafik Moun nan.<\/li>\n<\/ul>\n\t\t\t\t\t<a href=\"#\"  id=\"fl-accordion--label-1\" tabindex=\"0\" aria-controls=\"fl-accordion--panel-1\">Inite Trafik Moun MBPD a<\/a>\n\t\t\t\t\t\t\t\t\t\t\t<a href=\"#\" id=\"fl-accordion--icon-1\"  tabindex=\"0\"><i title=\"Elaji\">Elaji<\/i><\/a>\n\t\t\t\t\t<p>La <strong>Inite Trafik Moun nan Depatman Lapolis Miami Beach la<\/strong> angaje l pou:<\/p>\n<ul>\n<li><strong>Idantifikasyon ak sekou viktim yo<\/strong> nan trafik.<\/li>\n<li><strong>Ank\u00e8t sou ka trafik moun<\/strong> epi arete moun ki kom\u00e8t krim yo.<\/li>\n<li><strong>Kolaborasyon av\u00e8k ajans lokal, leta ak federal yo<\/strong> pou konbat trafik moun.<\/li>\n<li><strong>Bay resous ak s\u00e8vis sip\u00f2 pou viktim yo<\/strong>.<\/li>\n<\/ul>\n<p>Si ou sisp\u00e8k trafik moun nan <strong>Plaj Miyami<\/strong>, ap rele <strong>MBPD premye<\/strong> nan <a href=\"tel:3056737900\"><strong>305-673-7900<\/strong><\/a> asire a <strong>repons ki pi rapid<\/strong>.<\/p>\n\t\t\t\t\t<a href=\"#\"  id=\"fl-accordion--label-2\" tabindex=\"0\" aria-controls=\"fl-accordion--panel-2\">Resous Edikasyon\u00e8l ak Sip\u00f2 Kominot\u00e8<\/a>\n\t\t\t\t\t\t\t\t\t\t\t<a href=\"#\" id=\"fl-accordion--icon-2\"  tabindex=\"0\"><i title=\"Elaji\">Elaji<\/i><\/a>\n\t\t\t\t\t<p>Trafik moun se yon pwobl\u00e8m konpl\u00e8ks, men edikasyon ak sansibilizasyon enp\u00f2tan pou prevansyon ak ent\u00e8vansyon. Men k\u00e8k resous pou viktim yo, sitwayen kons\u00e8ne yo, ak defans\u00e8 yo:<\/p>\n<h3><strong>Resous Lokal yo<\/strong><\/h3>\n<ul>\n<li><a href=\"https:\/\/www.miamidade.gov\/global\/service.page?Mduid_service=ser1596148213169225\"><strong>Vizite sitw\u00e8b S\u00e8vis Trafik Moun Konte Miami-Dade la <\/strong><\/a><\/li>\n<\/ul>\n<h3><strong>Kanpay Sensibilizasyon<\/strong><\/h3>\n<p><strong> Rete enf\u00f2me epi patisipe nan ef\u00f2 lokal yo kont trafik moun:<\/strong><\/p>\n<ul>\n<li><strong>Kanpay 2022:<\/strong> <a href=\"https:\/\/x.com\/MiamiDade_SO\/status\/1478167653462200321\">Lavi moun pa pou vann<\/a><\/li>\n<li><strong>Kanpay 2024 la:<\/strong> <a href=\"https:\/\/x.com\/MiamiDadeCounty\/status\/1745430365907333437\">Trafik moun se yon bagay ki toupre lakay nou<\/a><\/li>\n<\/ul>\n\n\t\t\t\t\t<a href=\"#\"  id=\"fl-accordion--label-3\" tabindex=\"0\" aria-controls=\"fl-accordion--panel-3\">Trafik moun ap f\u00e8t nan kominote nou an<\/a>\n\t\t\t\t\t\t\t\t\t\t\t<a href=\"#\" id=\"fl-accordion--icon-3\"  tabindex=\"0\"><i title=\"Elaji\">Elaji<\/i><\/a>\n\t\t\t\t\t<p>Viktim trafik moun yo kapab timoun, adolesan, granmoun ak granmoun aje ki soti nan tout orijin. Trafik\u00e8 yo pwofite sou vilnerabilite yo, tankou sanzabri, enstabilite finansye, sitiyasyon imigrasyon oswa mank sip\u00f2 sosyal.<\/p>\n<p><strong>Kijan ou ka ede <\/strong><\/p>\n<ul>\n<li>Rekon\u00e8t siy trafik moun yo.<\/li>\n<li>Rap\u00f2te aktivite sisp\u00e8k.<\/li>\n<li>Pataje kanpay sansibilizasyon ak resous yo.<\/li>\n<li>Sip\u00f2te \u00f2ganizasyon ki dedye pou ede viktim yo.<\/li>\n<\/ul>\n<p>L\u00e8 w pran aksyon epi w sansibilize moun, ou ka ede pwoteje moun ki vilnerab yo epi rann trafik\u00e8 yo responsab.<\/p>\n<p>Pou plis enf\u00f2masyon, resous, ak fason pou patisipe, vizite <a href=\"https:\/\/www.miamibeachfl.gov\/ht\/yourmbpd\/\">https:\/\/www.miamibeachfl.gov\/yourmbpd\/<\/a><\/p>\n<h3><strong>Ansanm, nou ka fini ak trafik moun<\/strong><\/h3>\n<p>Trafik moun se yon krim kache, men ou ka vwa ki mete l an limy\u00e8. Si ou w\u00e8 yon bagay sisp\u00e8k, di yon bagay - sa ka sove yon lavi.<\/p>\n <strong>RAP\u00d2TE TRAFIK IMEN JODI A<\/strong><br \/>\n <strong> 911 | 305-REPARE-ARETE | 1-888-373-7888<\/strong>\n\t<p>\u00a9 2025 Dwa ot\u00e8 Vil Miami Beach.<\/p>\n\t\t\t<a href=\"\/ht\/\" target=\"_self\">\n\t\t\t\t\t\t\tSitw\u00e8b Vil Miami Beach la\n\t\t\t\t\t<\/a>\n\t\t\t<a href=\"\/ht\/policies-disclaimers\/\" target=\"_self\">\n\t\t\t\t\t\t\tR\u00e8gleman ak Av\u00e8tisman\n\t\t\t\t\t<\/a>\n\t\t\t<a href=\"\/ht\/accessibility\/\" target=\"_self\">\n\t\t\t\t\t\t\tAks\u00e8\n\t\t\t\t\t<\/a>\n\t\t\t<a href=\"\/ht\/policies-disclaimers\/#cookies\" target=\"_self\">\n\t\t\t\t\t\t\tParam\u00e8t Bonbon\n\t\t\t\t\t<\/a>","protected":false},"excerpt":{"rendered":"<p>LEADERSHIP NEIGHBORHOODS SERVICES Human Trafficking Awareness &#038; Reporting Miami Beach Police Department &#8220;Human Life Is Not for Sale&#8221; Human trafficking [&hellip;]<\/p>\n","protected":false},"author":222,"featured_media":0,"parent":122945,"menu_order":97,"comment_status":"closed","ping_status":"closed","template":"","meta":{"_searchwp_excluded":"","site-sidebar-layout":"default","site-content-layout":"","ast-site-content-layout":"","site-content-style":"default","site-sidebar-style":"default","ast-global-header-display":"disabled","ast-banner-title-visibility":"","ast-main-header-display":"","ast-hfb-above-header-display":"","ast-hfb-below-header-display":"","ast-hfb-mobile-header-display":"","site-post-title":"","ast-breadcrumbs-content":"","ast-featured-img":"","footer-sml-layout":"disabled","theme-transparent-header-meta":"","adv-header-id-meta":"","stick-header-meta":"","header-above-stick-meta":"","header-main-stick-meta":"","header-below-stick-meta":"","astra-migrate-meta-layouts":"default","ast-page-background-enabled":"default","ast-page-background-meta":{"desktop":{"background-color":"var(--ast-global-color-5)","background-image":"","background-repeat":"repeat","background-position":"center center","background-size":"auto","background-attachment":"scroll","background-type":"","background-media":"","overlay-type":"","overlay-color":"","overlay-opacity":"","overlay-gradient":""},"tablet":{"background-color":"","background-image":"","background-repeat":"repeat","background-position":"center center","background-size":"auto","background-attachment":"scroll","background-type":"","background-media":"","overlay-type":"","overlay-color":"","overlay-opacity":"","overlay-gradient":""},"mobile":{"background-color":"","background-image":"","background-repeat":"repeat","background-position":"center center","background-size":"auto","background-attachment":"scroll","background-type":"","background-media":"","overlay-type":"","overlay-color":"","overlay-opacity":"","overlay-gradient":""}},"ast-content-background-meta":{"desktop":{"background-color":"var(--ast-global-color-4)","background-image":"","background-repeat":"repeat","background-position":"center center","background-size":"auto","background-attachment":"scroll","background-type":"","background-media":"","overlay-type":"","overlay-color":"","overlay-opacity":"","overlay-gradient":""},"tablet":{"background-color":"var(--ast-global-color-4)","background-image":"","background-repeat":"repeat","background-position":"center center","background-size":"auto","background-attachment":"scroll","background-type":"","background-media":"","overlay-type":"","overlay-color":"","overlay-opacity":"","overlay-gradient":""},"mobile":{"background-color":"var(--ast-global-color-4)","background-image":"","background-repeat":"repeat","background-position":"center center","background-size":"auto","background-attachment":"scroll","background-type":"","background-media":"","overlay-type":"","overlay-color":"","overlay-opacity":"","overlay-gradient":""}},"footnotes":""},"categories":[],"tags":[],"class_list":["post-366555","page","type-page","status-publish","hentry"],"yoast_head":"<!-- This site is optimized with the Yoast SEO Premium plugin v27.4 (Yoast SEO v27.4) - https:\/\/yoast.com\/product\/yoast-seo-premium-wordpress\/ -->\n<title>Human Trafficking - City of Miami Beach<\/title>\n<meta name=\"description\" content=\"Human trafficking is a modern-day form of slavery and a serious violation of human rights. It involves the use of force, fraud, or coercion to exploit individuals for forced labor, domestic servitude, or commercial sex.\" \/>\n<meta name=\"robots\" content=\"index, follow, max-snippet:-1, max-image-preview:large, max-video-preview:-1\" \/>\n<link rel=\"canonical\" href=\"https:\/\/www.miamibeachfl.gov\/ht\/yourmbpd\/services\/human-trafficking\/\" \/>\n<meta property=\"og:locale\" content=\"ht_HT\" \/>\n<meta property=\"og:type\" content=\"article\" \/>\n<meta property=\"og:title\" content=\"Human Trafficking\" \/>\n<meta property=\"og:description\" content=\"Human trafficking is a modern-day form of slavery and a serious violation of human rights. It involves the use of force, fraud, or coercion to exploit individuals for forced labor, domestic servitude, or commercial sex.\" \/>\n<meta property=\"og:url\" content=\"https:\/\/www.miamibeachfl.gov\/ht\/yourmbpd\/services\/human-trafficking\/\" \/>\n<meta property=\"og:site_name\" content=\"City of Miami Beach\" \/>\n<meta property=\"article:publisher\" content=\"https:\/\/www.facebook.com\/cityofmiamibeach\" \/>\n<meta property=\"article:modified_time\" content=\"2025-06-07T14:49:59+00:00\" \/>\n<meta property=\"og:image\" content=\"https:\/\/www.miamibeachfl.gov\/wp-content\/uploads\/2019\/12\/badge-for-banner.png\" \/>\n<meta name=\"twitter:card\" content=\"summary_large_image\" \/>\n<meta name=\"twitter:site\" content=\"@Miamibeachnews\" \/>\n<script type=\"application\/ld+json\" class=\"yoast-schema-graph\">{\"@context\":\"https:\\\/\\\/schema.org\",\"@graph\":[{\"@type\":\"WebPage\",\"@id\":\"https:\\\/\\\/www.miamibeachfl.gov\\\/yourmbpd\\\/services\\\/human-trafficking\\\/\",\"url\":\"https:\\\/\\\/www.miamibeachfl.gov\\\/yourmbpd\\\/services\\\/human-trafficking\\\/\",\"name\":\"Human Trafficking - City of Miami Beach\",\"isPartOf\":{\"@id\":\"https:\\\/\\\/www.miamibeachfl.gov\\\/#website\"},\"primaryImageOfPage\":{\"@id\":\"https:\\\/\\\/www.miamibeachfl.gov\\\/yourmbpd\\\/services\\\/human-trafficking\\\/#primaryimage\"},\"image\":{\"@id\":\"https:\\\/\\\/www.miamibeachfl.gov\\\/yourmbpd\\\/services\\\/human-trafficking\\\/#primaryimage\"},\"thumbnailUrl\":\"https:\\\/\\\/www.miamibeachfl.gov\\\/wp-content\\\/uploads\\\/2019\\\/12\\\/badge-for-banner.png\",\"datePublished\":\"2025-03-14T13:20:55+00:00\",\"dateModified\":\"2025-06-07T14:49:59+00:00\",\"description\":\"Human trafficking is a modern-day form of slavery and a serious violation of human rights. It involves the use of force, fraud, or coercion to exploit individuals for forced labor, domestic servitude, or commercial sex.\",\"breadcrumb\":{\"@id\":\"https:\\\/\\\/www.miamibeachfl.gov\\\/yourmbpd\\\/services\\\/human-trafficking\\\/#breadcrumb\"},\"inLanguage\":\"ht\",\"potentialAction\":[{\"@type\":\"ReadAction\",\"target\":[\"https:\\\/\\\/www.miamibeachfl.gov\\\/yourmbpd\\\/services\\\/human-trafficking\\\/\"]}]},{\"@type\":\"ImageObject\",\"inLanguage\":\"ht\",\"@id\":\"https:\\\/\\\/www.miamibeachfl.gov\\\/yourmbpd\\\/services\\\/human-trafficking\\\/#primaryimage\",\"url\":\"https:\\\/\\\/www.miamibeachfl.gov\\\/wp-content\\\/uploads\\\/2019\\\/12\\\/badge-for-banner.png\",\"contentUrl\":\"https:\\\/\\\/www.miamibeachfl.gov\\\/wp-content\\\/uploads\\\/2019\\\/12\\\/badge-for-banner.png\"},{\"@type\":\"BreadcrumbList\",\"@id\":\"https:\\\/\\\/www.miamibeachfl.gov\\\/yourmbpd\\\/services\\\/human-trafficking\\\/#breadcrumb\",\"itemListElement\":[{\"@type\":\"ListItem\",\"position\":1,\"name\":\"Home\",\"item\":\"https:\\\/\\\/www.miamibeachfl.gov\\\/\"},{\"@type\":\"ListItem\",\"position\":2,\"name\":\"Police\",\"item\":\"https:\\\/\\\/www.miamibeachfl.gov\\\/yourmbpd\\\/\"},{\"@type\":\"ListItem\",\"position\":3,\"name\":\"Services\",\"item\":\"https:\\\/\\\/www.miamibeachfl.gov\\\/yourmbpd\\\/services\\\/\"},{\"@type\":\"ListItem\",\"position\":4,\"name\":\"Human Trafficking\"}]},{\"@type\":\"WebSite\",\"@id\":\"https:\\\/\\\/www.miamibeachfl.gov\\\/#website\",\"url\":\"https:\\\/\\\/www.miamibeachfl.gov\\\/\",\"name\":\"City of Miami Beach\",\"description\":\"The official website of the City of Miami Beach. Stay informed, find important information on city services, news, alerts, events, trolley routes, government employment and more.\",\"publisher\":{\"@id\":\"https:\\\/\\\/www.miamibeachfl.gov\\\/#organization\"},\"potentialAction\":[{\"@type\":\"SearchAction\",\"target\":{\"@type\":\"EntryPoint\",\"urlTemplate\":\"https:\\\/\\\/www.miamibeachfl.gov\\\/?s={search_term_string}\"},\"query-input\":{\"@type\":\"PropertyValueSpecification\",\"valueRequired\":true,\"valueName\":\"search_term_string\"}}],\"inLanguage\":\"ht\"},{\"@type\":\"Organization\",\"@id\":\"https:\\\/\\\/www.miamibeachfl.gov\\\/#organization\",\"name\":\"City of Miami Beach\",\"url\":\"https:\\\/\\\/www.miamibeachfl.gov\\\/\",\"logo\":{\"@type\":\"ImageObject\",\"inLanguage\":\"ht\",\"@id\":\"https:\\\/\\\/www.miamibeachfl.gov\\\/#\\\/schema\\\/logo\\\/image\\\/\",\"url\":\"https:\\\/\\\/www.miamibeachfl.gov\\\/wp-content\\\/uploads\\\/2022\\\/06\\\/miamibeach-logoblue.png\",\"contentUrl\":\"https:\\\/\\\/www.miamibeachfl.gov\\\/wp-content\\\/uploads\\\/2022\\\/06\\\/miamibeach-logoblue.png\",\"width\":1962,\"height\":381,\"caption\":\"City of Miami Beach\"},\"image\":{\"@id\":\"https:\\\/\\\/www.miamibeachfl.gov\\\/#\\\/schema\\\/logo\\\/image\\\/\"},\"sameAs\":[\"https:\\\/\\\/www.facebook.com\\\/cityofmiamibeach\",\"https:\\\/\\\/x.com\\\/Miamibeachnews\",\"https:\\\/\\\/www.instagram.com\\\/miamibeachnews\\\/\"],\"description\":\"The official website of the City of Miami Beach. Stay informed, find important information on city services, news, alerts, events, trolley routes, government employment and more.\",\"telephone\":\"305.604.CITY(2489)\",\"legalName\":\"City of Miami Beach\"}]}<\/script>\n<!-- \/ Yoast SEO Premium plugin. -->","yoast_head_json":{"title":"Trafik Moun - Vil Miami Beach","description":"Trafik moun se yon f\u00f2m esklavaj mod\u00e8n epi yon vyolasyon grav dwa moun. Li enplike itilizasyon f\u00f2s, fwod, oswa presyon pou eksplwate moun pou travay f\u00f2se, s\u00e8vitid domestik, oswa s\u00e8ks kom\u00e8syal.","robots":{"index":"index","follow":"follow","max-snippet":"max-snippet:-1","max-image-preview":"max-image-preview:large","max-video-preview":"max-video-preview:-1"},"canonical":"https:\/\/www.miamibeachfl.gov\/ht\/yourmbpd\/services\/human-trafficking\/","og_locale":"ht_HT","og_type":"article","og_title":"Human Trafficking","og_description":"Human trafficking is a modern-day form of slavery and a serious violation of human rights. It involves the use of force, fraud, or coercion to exploit individuals for forced labor, domestic servitude, or commercial sex.","og_url":"https:\/\/www.miamibeachfl.gov\/ht\/yourmbpd\/services\/human-trafficking\/","og_site_name":"City of Miami Beach","article_publisher":"https:\/\/www.facebook.com\/cityofmiamibeach","article_modified_time":"2025-06-07T14:49:59+00:00","og_image":[{"url":"https:\/\/www.miamibeachfl.gov\/wp-content\/uploads\/2019\/12\/badge-for-banner.png","type":"","width":"","height":""}],"twitter_card":"summary_large_image","twitter_site":"@Miamibeachnews","schema":{"@context":"https:\/\/schema.org","@graph":[{"@type":"WebPage","@id":"https:\/\/www.miamibeachfl.gov\/yourmbpd\/services\/human-trafficking\/","url":"https:\/\/www.miamibeachfl.gov\/yourmbpd\/services\/human-trafficking\/","name":"Trafik Moun - Vil Miami Beach","isPartOf":{"@id":"https:\/\/www.miamibeachfl.gov\/#website"},"primaryImageOfPage":{"@id":"https:\/\/www.miamibeachfl.gov\/yourmbpd\/services\/human-trafficking\/#primaryimage"},"image":{"@id":"https:\/\/www.miamibeachfl.gov\/yourmbpd\/services\/human-trafficking\/#primaryimage"},"thumbnailUrl":"https:\/\/www.miamibeachfl.gov\/wp-content\/uploads\/2019\/12\/badge-for-banner.png","datePublished":"2025-03-14T13:20:55+00:00","dateModified":"2025-06-07T14:49:59+00:00","description":"Trafik moun se yon f\u00f2m esklavaj mod\u00e8n epi yon vyolasyon grav dwa moun. Li enplike itilizasyon f\u00f2s, fwod, oswa presyon pou eksplwate moun pou travay f\u00f2se, s\u00e8vitid domestik, oswa s\u00e8ks kom\u00e8syal.","breadcrumb":{"@id":"https:\/\/www.miamibeachfl.gov\/yourmbpd\/services\/human-trafficking\/#breadcrumb"},"inLanguage":"ht","potentialAction":[{"@type":"ReadAction","target":["https:\/\/www.miamibeachfl.gov\/yourmbpd\/services\/human-trafficking\/"]}]},{"@type":"ImageObject","inLanguage":"ht","@id":"https:\/\/www.miamibeachfl.gov\/yourmbpd\/services\/human-trafficking\/#primaryimage","url":"https:\/\/www.miamibeachfl.gov\/wp-content\/uploads\/2019\/12\/badge-for-banner.png","contentUrl":"https:\/\/www.miamibeachfl.gov\/wp-content\/uploads\/2019\/12\/badge-for-banner.png"},{"@type":"BreadcrumbList","@id":"https:\/\/www.miamibeachfl.gov\/yourmbpd\/services\/human-trafficking\/#breadcrumb","itemListElement":[{"@type":"ListItem","position":1,"name":"Home","item":"https:\/\/www.miamibeachfl.gov\/"},{"@type":"ListItem","position":2,"name":"Police","item":"https:\/\/www.miamibeachfl.gov\/yourmbpd\/"},{"@type":"ListItem","position":3,"name":"Services","item":"https:\/\/www.miamibeachfl.gov\/yourmbpd\/services\/"},{"@type":"ListItem","position":4,"name":"Human Trafficking"}]},{"@type":"WebSite","@id":"https:\/\/www.miamibeachfl.gov\/#website","url":"https:\/\/www.miamibeachfl.gov\/","name":"Vil Miami Beach","description":"Sitw\u00e8b ofisy\u00e8l Vil Miami Beach la. Rete enf\u00f2me, jwenn enf\u00f2masyon enp\u00f2tan sou s\u00e8vis vil la, nouv\u00e8l, al\u00e8t, ev\u00e8nman, wout tramway, travay gouv\u00e8nman an ak plis ank\u00f2.","publisher":{"@id":"https:\/\/www.miamibeachfl.gov\/#organization"},"potentialAction":[{"@type":"SearchAction","target":{"@type":"EntryPoint","urlTemplate":"https:\/\/www.miamibeachfl.gov\/?s={search_term_string}"},"query-input":{"@type":"PropertyValueSpecification","valueRequired":true,"valueName":"search_term_string"}}],"inLanguage":"ht"},{"@type":"Organization","@id":"https:\/\/www.miamibeachfl.gov\/#organization","name":"Vil Miami Beach","url":"https:\/\/www.miamibeachfl.gov\/","logo":{"@type":"ImageObject","inLanguage":"ht","@id":"https:\/\/www.miamibeachfl.gov\/#\/schema\/logo\/image\/","url":"https:\/\/www.miamibeachfl.gov\/wp-content\/uploads\/2022\/06\/miamibeach-logoblue.png","contentUrl":"https:\/\/www.miamibeachfl.gov\/wp-content\/uploads\/2022\/06\/miamibeach-logoblue.png","width":1962,"height":381,"caption":"City of Miami Beach"},"image":{"@id":"https:\/\/www.miamibeachfl.gov\/#\/schema\/logo\/image\/"},"sameAs":["https:\/\/www.facebook.com\/cityofmiamibeach","https:\/\/x.com\/Miamibeachnews","https:\/\/www.instagram.com\/miamibeachnews\/"],"description":"Sitw\u00e8b ofisy\u00e8l Vil Miami Beach la. Rete enf\u00f2me, jwenn enf\u00f2masyon enp\u00f2tan sou s\u00e8vis vil la, nouv\u00e8l, al\u00e8t, ev\u00e8nman, wout tramway, travay gouv\u00e8nman an ak plis ank\u00f2.","telephone":"305.604.CITY(2489)","legalName":"City of Miami Beach"}]}},"_links":{"self":[{"href":"https:\/\/www.miamibeachfl.gov\/ht\/wp-json\/wp\/v2\/pages\/366555","targetHints":{"allow":["GET"]}}],"collection":[{"href":"https:\/\/www.miamibeachfl.gov\/ht\/wp-json\/wp\/v2\/pages"}],"about":[{"href":"https:\/\/www.miamibeachfl.gov\/ht\/wp-json\/wp\/v2\/types\/page"}],"author":[{"embeddable":true,"href":"https:\/\/www.miamibeachfl.gov\/ht\/wp-json\/wp\/v2\/users\/222"}],"replies":[{"embeddable":true,"href":"https:\/\/www.miamibeachfl.gov\/ht\/wp-json\/wp\/v2\/comments?post=366555"}],"version-history":[{"count":3,"href":"https:\/\/www.miamibeachfl.gov\/ht\/wp-json\/wp\/v2\/pages\/366555\/revisions"}],"predecessor-version":[{"id":375686,"href":"https:\/\/www.miamibeachfl.gov\/ht\/wp-json\/wp\/v2\/pages\/366555\/revisions\/375686"}],"up":[{"embeddable":true,"href":"https:\/\/www.miamibeachfl.gov\/ht\/wp-json\/wp\/v2\/pages\/122945"}],"wp:attachment":[{"href":"https:\/\/www.miamibeachfl.gov\/ht\/wp-json\/wp\/v2\/media?parent=366555"}],"wp:term":[{"taxonomy":"category","embeddable":true,"href":"https:\/\/www.miamibeachfl.gov\/ht\/wp-json\/wp\/v2\/categories?post=366555"},{"taxonomy":"post_tag","embeddable":true,"href":"https:\/\/www.miamibeachfl.gov\/ht\/wp-json\/wp\/v2\/tags?post=366555"}],"curies":[{"name":"wp","href":"https:\/\/api.w.org\/{rel}","templated":true}]}}