{"id":367994,"date":"2025-03-28T13:37:01","date_gmt":"2025-03-28T17:37:01","guid":{"rendered":"https:\/\/www.miamibeachfl.gov\/?page_id=367994"},"modified":"2026-03-30T16:34:17","modified_gmt":"2026-03-30T20:34:17","slug":"freebee","status":"publish","type":"page","link":"https:\/\/www.miamibeachfl.gov\/ht\/freebee\/","title":{"rendered":"My\u00e8l gratis"},"content":{"rendered":"<img decoding=\"async\" src=\"https:\/\/www.miamibeachfl.gov\/wp-content\/uploads\/2025\/03\/freebeelogo.jpg\" alt=\"freebee logo\" itemprop=\"image\" height=\"207\" width=\"500\" title=\"logo gratisbee\" onerror=\"this.style.display='none'\" loading=\"lazy\" \/>\n<h2>\n\t\t\tFreebee On\u2011Demand Service &#8211; Available in both Miami and Miami Beach.\t<\/h2>\n\t<p>Vil Miami Beach asosye av\u00e8k Freebee pou ofri yon s\u00e8vis transp\u00f2 piblik sou demann (ODT) GRATIS pou pasaje nan tout Mid Beach ak k\u00e8k pati nan North Beach! S\u00e8vis ODT a bay s\u00e8vis premye mil\/d\u00e8nye mil ki konekte ak s\u00e8vis Miami Beach Trolley ak Miami-Dade County Bus ki deja egziste a nan z\u00f2n s\u00e8vis ki gen kloti jeyografik la ak s\u00e8vis p\u00f2t-a-p\u00f2t pou vwayaj ki k\u00f2manse epi ki fini nan z\u00f2n s\u00e8vis ki gen kloti jeyografik la. S\u00e8vis la fonksyone k\u00f2m yon pisin van kontiny\u00e8l, ki ajiste wout machin yo dinamikman pou satisf\u00e8 demann pasaje yo ak bezwen s\u00e8vis yo nan z\u00f2n s\u00e8vis la k\u00f2msadwa.<\/p>\n<strong>Or\u00e8 S\u00e8vis:<\/strong><br \/>\nLendi \u2013 Vandredi: 6:30am \u2013 10pm<br \/>\nSamdi: 8\u00e8 dimaten \u2013 10\u00e8 diswa<br \/>\nDimanch: 8\u00e8 dimaten \u2013 8\u00e8 diswa<br \/>\nPri: Gratis\n\t<p>Pou mande yon woulib Freebee gratis,\u00a0<a title=\"tel:8559183733\" href=\"tel:8559183733\" data-outlook-id=\"9e9c9248-3de6-469d-9d3e-f279b08bec9a\"><b>Tanpri rele 855.918.3733<\/b><\/a>, telechaje aplikasyon mobil Ride Freebee a sou telef\u00f2n entelijan ou (enstriksyon yo anba a), oubyen rele yon Freebee b\u00f2 lari a.<\/p>\n<hr \/>\n<p><a href=\"https:\/\/www.miamibeachfl.gov\/wp-content\/uploads\/2025\/06\/Miami-Beach-Pamphlet-Update-March-202562.pdf\"><img loading=\"lazy\" decoding=\"async\" src=\"https:\/\/www.miamibeachfl.gov\/wp-content\/uploads\/2025\/06\/freebeeflyer.jpg\" alt=\"freebee flyer\" width=\"696\" height=\"348\" \/><\/a><\/p>\n<hr \/>\n<ul>\n<li>Nou sijere pou mande s\u00e8vis apepr\u00e8 20 minit anvan l\u00e8 ou vle depa a.<\/li>\n<li>Machin MB Freebee yo se 100% elektrik epi yo pa pwodui emisyon.<\/li>\n<li>Timoun ki pi piti ak tibebe yo dwe rete byen sere nan yon ch\u00e8z machin apwouve pa gouv\u00e8nman federal la, ki bay pa paran yo oswa gadyen legal yo.<\/li>\n<li>Gen ch\u00e8z pou timoun ki disponib si sa neses\u00e8. Si sa neses\u00e8, tanpri mande chof\u00e8 a pou ch\u00e8z la.<\/li>\n<li>Koneksyon transp\u00f2 piblik ki disponib yo disponib nan kote sa yo:<\/li>\n<\/ul>\n\t\t\t\t<a href=\"https:\/\/www.miamibeachfl.gov\/wp-content\/uploads\/2025\/06\/freebeemap.jpg\"  target=\"_self\" itemprop=\"url\">\n\t\t\t\t<img decoding=\"async\" src=\"https:\/\/www.miamibeachfl.gov\/wp-content\/uploads\/2025\/06\/freebeemap.jpg\" alt=\"freebee map\" itemprop=\"image\" height=\"734\" width=\"500\" title=\"freebeemap\" onerror=\"this.style.display='none'\" loading=\"lazy\" \/>\n\t\t\t\t<\/a>\n\t<ul>\n<li>\n<p>Sant Transp\u00f2 sou Alton Road\/ Lincoln Road<\/p>\n<\/li>\n<li>\n<p>Publix sou West Avenue\/19 Street Publix<\/p>\n<\/li>\n<li>\n<p>Sant Transp\u00f2 sou Washington Avenue\/17th Street<\/p>\n<\/li>\n<li>\n<p>Sant Transp\u00f2 sou Indian Creek Dr\/41 Street<\/p>\n<\/li>\n<li>\n<p>Sant Transp\u00f2 sou Indian Creek Drive\/63 Street<\/p>\n<\/li>\n<li>\n<p>Sant Shane sou Indian Creek Drive\/65 Street<\/p>\n<\/li>\n<li>\n<p>Publix sou Collins Avenue\/69 Street<\/p>\n<\/li>\n<\/ul>\n\t<p>Si ou pa gen aks\u00e8 a yon telef\u00f2n entelijan, oubyen si ou ta renmen mande plis aranjman pou aks\u00e8, tanpri rele 855.918.3733.<\/p>\n<p><strong>Lyen itil<\/strong><\/p>\n<a href=\"https:\/\/www.miamibeachfl.gov\/ht\/city-hall\/transportation\/trolley\/customer-rights\/\" data-outlook-id=\"1b8617f0-f6d8-4978-8b66-e15ffb5abeec\"><strong>Gade Dwa Kliyan yo<\/strong><\/a><br \/>\n<a href=\"https:\/\/www.miamibeachfl.gov\/ht\/city-hall\/transportation\/trolley\/trolley-feedback-form\/\" data-outlook-id=\"45239134-9a4b-4108-a311-9f96db35c14f\"><strong>Ou vle depoze yon plent oswa bay fidbak?<\/strong><\/a>\n<p>Telechaje aplikasyon mobil lan sou\u00a0<a href=\"https:\/\/play.google.com\/store\/apps\/details?id=com.ravn.freebee&amp;hl=en_US&amp;pli=1\" data-outlook-id=\"686bdff4-2f50-42b9-996b-9363a60ff591\"><strong>Google Jwe<\/strong><\/a>\u00a0oubyen\u00a0<a href=\"https:\/\/apps.apple.com\/us\/app\/ride-freebee\/id1014088236\" data-outlook-id=\"d2e46982-43fa-4e02-9951-6c5536b79a04\"><strong>Magazen Apple<\/strong><\/a><\/p>\n<p>Pou zaf\u00e8 s\u00e8vis kliyan (kesyon, k\u00f2mant\u00e8 oswa plent), tanpri kontakte Depatman Transp\u00f2 ak Mobilite Vil la nan <a href=\"tel:3056737514\"><strong>305.673.7514<\/strong><\/a>.<\/p>\n<p>Nou ta renmen tande nouv\u00e8l ou!<\/p>","protected":false},"excerpt":{"rendered":"<p>Freebee On\u2011Demand Service &#8211; Available in both Miami and Miami Beach. The City of Miami Beach has partnered with Freebee [&hellip;]<\/p>\n","protected":false},"author":222,"featured_media":0,"parent":0,"menu_order":0,"comment_status":"closed","ping_status":"closed","template":"","meta":{"_searchwp_excluded":"","site-sidebar-layout":"default","site-content-layout":"","ast-site-content-layout":"default","site-content-style":"default","site-sidebar-style":"default","ast-global-header-display":"","ast-banner-title-visibility":"","ast-main-header-display":"","ast-hfb-above-header-display":"","ast-hfb-below-header-display":"","ast-hfb-mobile-header-display":"","site-post-title":"","ast-breadcrumbs-content":"","ast-featured-img":"","footer-sml-layout":"","theme-transparent-header-meta":"","adv-header-id-meta":"","stick-header-meta":"","header-above-stick-meta":"","header-main-stick-meta":"","header-below-stick-meta":"","astra-migrate-meta-layouts":"default","ast-page-background-enabled":"default","ast-page-background-meta":{"desktop":{"background-color":"var(--ast-global-color-5)","background-image":"","background-repeat":"repeat","background-position":"center center","background-size":"auto","background-attachment":"scroll","background-type":"","background-media":"","overlay-type":"","overlay-color":"","overlay-opacity":"","overlay-gradient":""},"tablet":{"background-color":"","background-image":"","background-repeat":"repeat","background-position":"center center","background-size":"auto","background-attachment":"scroll","background-type":"","background-media":"","overlay-type":"","overlay-color":"","overlay-opacity":"","overlay-gradient":""},"mobile":{"background-color":"","background-image":"","background-repeat":"repeat","background-position":"center center","background-size":"auto","background-attachment":"scroll","background-type":"","background-media":"","overlay-type":"","overlay-color":"","overlay-opacity":"","overlay-gradient":""}},"ast-content-background-meta":{"desktop":{"background-color":"var(--ast-global-color-4)","background-image":"","background-repeat":"repeat","background-position":"center center","background-size":"auto","background-attachment":"scroll","background-type":"","background-media":"","overlay-type":"","overlay-color":"","overlay-opacity":"","overlay-gradient":""},"tablet":{"background-color":"var(--ast-global-color-4)","background-image":"","background-repeat":"repeat","background-position":"center center","background-size":"auto","background-attachment":"scroll","background-type":"","background-media":"","overlay-type":"","overlay-color":"","overlay-opacity":"","overlay-gradient":""},"mobile":{"background-color":"var(--ast-global-color-4)","background-image":"","background-repeat":"repeat","background-position":"center center","background-size":"auto","background-attachment":"scroll","background-type":"","background-media":"","overlay-type":"","overlay-color":"","overlay-opacity":"","overlay-gradient":""}},"footnotes":""},"categories":[],"tags":[],"class_list":["post-367994","page","type-page","status-publish","hentry"],"yoast_head":"<!-- This site is optimized with the Yoast SEO Premium plugin v27.4 (Yoast SEO v27.4) - https:\/\/yoast.com\/product\/yoast-seo-premium-wordpress\/ -->\n<title>Freebee - City of Miami Beach<\/title>\n<meta name=\"description\" content=\"%\" \/>\n<meta name=\"robots\" content=\"index, follow, max-snippet:-1, max-image-preview:large, max-video-preview:-1\" \/>\n<link rel=\"canonical\" href=\"https:\/\/www.miamibeachfl.gov\/ht\/freebee\/\" \/>\n<meta property=\"og:locale\" content=\"ht_HT\" \/>\n<meta property=\"og:type\" content=\"article\" \/>\n<meta property=\"og:title\" content=\"Freebee\" \/>\n<meta property=\"og:description\" content=\"%\" \/>\n<meta property=\"og:url\" content=\"https:\/\/www.miamibeachfl.gov\/ht\/freebee\/\" \/>\n<meta property=\"og:site_name\" content=\"City of Miami Beach\" \/>\n<meta property=\"article:publisher\" content=\"https:\/\/www.facebook.com\/cityofmiamibeach\" \/>\n<meta property=\"article:modified_time\" content=\"2026-03-30T20:34:17+00:00\" \/>\n<meta property=\"og:image\" content=\"https:\/\/www.miamibeachfl.gov\/wp-content\/uploads\/2025\/03\/freebeelogo.jpg\" \/>\n<meta name=\"twitter:card\" content=\"summary_large_image\" \/>\n<meta name=\"twitter:site\" content=\"@Miamibeachnews\" \/>\n<script type=\"application\/ld+json\" class=\"yoast-schema-graph\">{\"@context\":\"https:\\\/\\\/schema.org\",\"@graph\":[{\"@type\":\"WebPage\",\"@id\":\"https:\\\/\\\/www.miamibeachfl.gov\\\/freebee\\\/\",\"url\":\"https:\\\/\\\/www.miamibeachfl.gov\\\/freebee\\\/\",\"name\":\"Freebee - City of Miami Beach\",\"isPartOf\":{\"@id\":\"https:\\\/\\\/www.miamibeachfl.gov\\\/#website\"},\"primaryImageOfPage\":{\"@id\":\"https:\\\/\\\/www.miamibeachfl.gov\\\/freebee\\\/#primaryimage\"},\"image\":{\"@id\":\"https:\\\/\\\/www.miamibeachfl.gov\\\/freebee\\\/#primaryimage\"},\"thumbnailUrl\":\"https:\\\/\\\/www.miamibeachfl.gov\\\/wp-content\\\/uploads\\\/2025\\\/03\\\/freebeelogo.jpg\",\"datePublished\":\"2025-03-28T17:37:01+00:00\",\"dateModified\":\"2026-03-30T20:34:17+00:00\",\"description\":\"%\",\"breadcrumb\":{\"@id\":\"https:\\\/\\\/www.miamibeachfl.gov\\\/freebee\\\/#breadcrumb\"},\"inLanguage\":\"ht\",\"potentialAction\":[{\"@type\":\"ReadAction\",\"target\":[\"https:\\\/\\\/www.miamibeachfl.gov\\\/freebee\\\/\"]}]},{\"@type\":\"ImageObject\",\"inLanguage\":\"ht\",\"@id\":\"https:\\\/\\\/www.miamibeachfl.gov\\\/freebee\\\/#primaryimage\",\"url\":\"https:\\\/\\\/www.miamibeachfl.gov\\\/wp-content\\\/uploads\\\/2025\\\/03\\\/freebeelogo.jpg\",\"contentUrl\":\"https:\\\/\\\/www.miamibeachfl.gov\\\/wp-content\\\/uploads\\\/2025\\\/03\\\/freebeelogo.jpg\"},{\"@type\":\"BreadcrumbList\",\"@id\":\"https:\\\/\\\/www.miamibeachfl.gov\\\/freebee\\\/#breadcrumb\",\"itemListElement\":[{\"@type\":\"ListItem\",\"position\":1,\"name\":\"Home\",\"item\":\"https:\\\/\\\/www.miamibeachfl.gov\\\/\"},{\"@type\":\"ListItem\",\"position\":2,\"name\":\"Freebee\"}]},{\"@type\":\"WebSite\",\"@id\":\"https:\\\/\\\/www.miamibeachfl.gov\\\/#website\",\"url\":\"https:\\\/\\\/www.miamibeachfl.gov\\\/\",\"name\":\"City of Miami Beach\",\"description\":\"The official website of the City of Miami Beach. Stay informed, find important information on city services, news, alerts, events, trolley routes, government employment and more.\",\"publisher\":{\"@id\":\"https:\\\/\\\/www.miamibeachfl.gov\\\/#organization\"},\"potentialAction\":[{\"@type\":\"SearchAction\",\"target\":{\"@type\":\"EntryPoint\",\"urlTemplate\":\"https:\\\/\\\/www.miamibeachfl.gov\\\/?s={search_term_string}\"},\"query-input\":{\"@type\":\"PropertyValueSpecification\",\"valueRequired\":true,\"valueName\":\"search_term_string\"}}],\"inLanguage\":\"ht\"},{\"@type\":\"Organization\",\"@id\":\"https:\\\/\\\/www.miamibeachfl.gov\\\/#organization\",\"name\":\"City of Miami Beach\",\"url\":\"https:\\\/\\\/www.miamibeachfl.gov\\\/\",\"logo\":{\"@type\":\"ImageObject\",\"inLanguage\":\"ht\",\"@id\":\"https:\\\/\\\/www.miamibeachfl.gov\\\/#\\\/schema\\\/logo\\\/image\\\/\",\"url\":\"https:\\\/\\\/www.miamibeachfl.gov\\\/wp-content\\\/uploads\\\/2022\\\/06\\\/miamibeach-logoblue.png\",\"contentUrl\":\"https:\\\/\\\/www.miamibeachfl.gov\\\/wp-content\\\/uploads\\\/2022\\\/06\\\/miamibeach-logoblue.png\",\"width\":1962,\"height\":381,\"caption\":\"City of Miami Beach\"},\"image\":{\"@id\":\"https:\\\/\\\/www.miamibeachfl.gov\\\/#\\\/schema\\\/logo\\\/image\\\/\"},\"sameAs\":[\"https:\\\/\\\/www.facebook.com\\\/cityofmiamibeach\",\"https:\\\/\\\/x.com\\\/Miamibeachnews\",\"https:\\\/\\\/www.instagram.com\\\/miamibeachnews\\\/\"],\"description\":\"The official website of the City of Miami Beach. Stay informed, find important information on city services, news, alerts, events, trolley routes, government employment and more.\",\"telephone\":\"305.604.CITY(2489)\",\"legalName\":\"City of Miami Beach\"}]}<\/script>\n<!-- \/ Yoast SEO Premium plugin. -->","yoast_head_json":{"title":"Freebee - Vil Miami Beach","description":"%","robots":{"index":"index","follow":"follow","max-snippet":"max-snippet:-1","max-image-preview":"max-image-preview:large","max-video-preview":"max-video-preview:-1"},"canonical":"https:\/\/www.miamibeachfl.gov\/ht\/freebee\/","og_locale":"ht_HT","og_type":"article","og_title":"Freebee","og_description":"%","og_url":"https:\/\/www.miamibeachfl.gov\/ht\/freebee\/","og_site_name":"City of Miami Beach","article_publisher":"https:\/\/www.facebook.com\/cityofmiamibeach","article_modified_time":"2026-03-30T20:34:17+00:00","og_image":[{"url":"https:\/\/www.miamibeachfl.gov\/wp-content\/uploads\/2025\/03\/freebeelogo.jpg","type":"","width":"","height":""}],"twitter_card":"summary_large_image","twitter_site":"@Miamibeachnews","schema":{"@context":"https:\/\/schema.org","@graph":[{"@type":"WebPage","@id":"https:\/\/www.miamibeachfl.gov\/freebee\/","url":"https:\/\/www.miamibeachfl.gov\/freebee\/","name":"Freebee - Vil Miami Beach","isPartOf":{"@id":"https:\/\/www.miamibeachfl.gov\/#website"},"primaryImageOfPage":{"@id":"https:\/\/www.miamibeachfl.gov\/freebee\/#primaryimage"},"image":{"@id":"https:\/\/www.miamibeachfl.gov\/freebee\/#primaryimage"},"thumbnailUrl":"https:\/\/www.miamibeachfl.gov\/wp-content\/uploads\/2025\/03\/freebeelogo.jpg","datePublished":"2025-03-28T17:37:01+00:00","dateModified":"2026-03-30T20:34:17+00:00","description":"%","breadcrumb":{"@id":"https:\/\/www.miamibeachfl.gov\/freebee\/#breadcrumb"},"inLanguage":"ht","potentialAction":[{"@type":"ReadAction","target":["https:\/\/www.miamibeachfl.gov\/freebee\/"]}]},{"@type":"ImageObject","inLanguage":"ht","@id":"https:\/\/www.miamibeachfl.gov\/freebee\/#primaryimage","url":"https:\/\/www.miamibeachfl.gov\/wp-content\/uploads\/2025\/03\/freebeelogo.jpg","contentUrl":"https:\/\/www.miamibeachfl.gov\/wp-content\/uploads\/2025\/03\/freebeelogo.jpg"},{"@type":"BreadcrumbList","@id":"https:\/\/www.miamibeachfl.gov\/freebee\/#breadcrumb","itemListElement":[{"@type":"ListItem","position":1,"name":"Home","item":"https:\/\/www.miamibeachfl.gov\/"},{"@type":"ListItem","position":2,"name":"Freebee"}]},{"@type":"WebSite","@id":"https:\/\/www.miamibeachfl.gov\/#website","url":"https:\/\/www.miamibeachfl.gov\/","name":"Vil Miami Beach","description":"Sitw\u00e8b ofisy\u00e8l Vil Miami Beach la. Rete enf\u00f2me, jwenn enf\u00f2masyon enp\u00f2tan sou s\u00e8vis vil la, nouv\u00e8l, al\u00e8t, ev\u00e8nman, wout tramway, travay gouv\u00e8nman an ak plis ank\u00f2.","publisher":{"@id":"https:\/\/www.miamibeachfl.gov\/#organization"},"potentialAction":[{"@type":"SearchAction","target":{"@type":"EntryPoint","urlTemplate":"https:\/\/www.miamibeachfl.gov\/?s={search_term_string}"},"query-input":{"@type":"PropertyValueSpecification","valueRequired":true,"valueName":"search_term_string"}}],"inLanguage":"ht"},{"@type":"Organization","@id":"https:\/\/www.miamibeachfl.gov\/#organization","name":"Vil Miami Beach","url":"https:\/\/www.miamibeachfl.gov\/","logo":{"@type":"ImageObject","inLanguage":"ht","@id":"https:\/\/www.miamibeachfl.gov\/#\/schema\/logo\/image\/","url":"https:\/\/www.miamibeachfl.gov\/wp-content\/uploads\/2022\/06\/miamibeach-logoblue.png","contentUrl":"https:\/\/www.miamibeachfl.gov\/wp-content\/uploads\/2022\/06\/miamibeach-logoblue.png","width":1962,"height":381,"caption":"City of Miami Beach"},"image":{"@id":"https:\/\/www.miamibeachfl.gov\/#\/schema\/logo\/image\/"},"sameAs":["https:\/\/www.facebook.com\/cityofmiamibeach","https:\/\/x.com\/Miamibeachnews","https:\/\/www.instagram.com\/miamibeachnews\/"],"description":"Sitw\u00e8b ofisy\u00e8l Vil Miami Beach la. Rete enf\u00f2me, jwenn enf\u00f2masyon enp\u00f2tan sou s\u00e8vis vil la, nouv\u00e8l, al\u00e8t, ev\u00e8nman, wout tramway, travay gouv\u00e8nman an ak plis ank\u00f2.","telephone":"305.604.CITY(2489)","legalName":"City of Miami Beach"}]}},"_links":{"self":[{"href":"https:\/\/www.miamibeachfl.gov\/ht\/wp-json\/wp\/v2\/pages\/367994","targetHints":{"allow":["GET"]}}],"collection":[{"href":"https:\/\/www.miamibeachfl.gov\/ht\/wp-json\/wp\/v2\/pages"}],"about":[{"href":"https:\/\/www.miamibeachfl.gov\/ht\/wp-json\/wp\/v2\/types\/page"}],"author":[{"embeddable":true,"href":"https:\/\/www.miamibeachfl.gov\/ht\/wp-json\/wp\/v2\/users\/222"}],"replies":[{"embeddable":true,"href":"https:\/\/www.miamibeachfl.gov\/ht\/wp-json\/wp\/v2\/comments?post=367994"}],"version-history":[{"count":4,"href":"https:\/\/www.miamibeachfl.gov\/ht\/wp-json\/wp\/v2\/pages\/367994\/revisions"}],"predecessor-version":[{"id":398060,"href":"https:\/\/www.miamibeachfl.gov\/ht\/wp-json\/wp\/v2\/pages\/367994\/revisions\/398060"}],"wp:attachment":[{"href":"https:\/\/www.miamibeachfl.gov\/ht\/wp-json\/wp\/v2\/media?parent=367994"}],"wp:term":[{"taxonomy":"category","embeddable":true,"href":"https:\/\/www.miamibeachfl.gov\/ht\/wp-json\/wp\/v2\/categories?post=367994"},{"taxonomy":"post_tag","embeddable":true,"href":"https:\/\/www.miamibeachfl.gov\/ht\/wp-json\/wp\/v2\/tags?post=367994"}],"curies":[{"name":"wp","href":"https:\/\/api.w.org\/{rel}","templated":true}]}}