{"id":368134,"date":"2025-03-31T10:22:04","date_gmt":"2025-03-31T14:22:04","guid":{"rendered":"https:\/\/www.miamibeachfl.gov\/?page_id=368134"},"modified":"2026-04-01T09:45:36","modified_gmt":"2026-04-01T13:45:36","slug":"mediterranean-revival","status":"publish","type":"page","link":"https:\/\/www.miamibeachfl.gov\/ht\/architecture\/mediterranean-revival\/","title":{"rendered":"Renesans Mediterane a"},"content":{"rendered":"Meni Achitekti\t\t\t\n\t\t\t\t\t<ul id=\"menu-architecture\"><li id=\"menu-item-368811\"><a href=\"\/ht\/architecture\/\">ACHITEKTI<\/a><\/li>\n<li id=\"menu-item-368245\"><a href=\"\/ht\/architecture\/mediterranean-revival\/\">REV\u00c8Y MEDITERANEYEN AN<\/a><\/li>\n<li id=\"menu-item-368244\"><a href=\"\/ht\/architecture\/art-deco\/\">ART DECO<\/a><\/li>\n<li id=\"menu-item-368246\"><a href=\"\/ht\/architecture\/mimo-miami-modern\/\">MiMo<\/a><\/li>\n<li id=\"menu-item-368247\"><a href=\"\/ht\/architecture\/other\/\">L\u00d2T STIL<\/a><\/li>\n<\/ul>\t\nMeni Achitekti \u00d7\t\t\t\t\t\t<ul id=\"menu-architecture-1\"><li id=\"menu-item-368811\"><a href=\"\/ht\/architecture\/\">ACHITEKTI<\/a><\/li>\n<li id=\"menu-item-368245\"><a href=\"\/ht\/architecture\/mediterranean-revival\/\">REV\u00c8Y MEDITERANEYEN AN<\/a><\/li>\n<li id=\"menu-item-368244\"><a href=\"\/ht\/architecture\/art-deco\/\">ART DECO<\/a><\/li>\n<li id=\"menu-item-368246\"><a href=\"\/ht\/architecture\/mimo-miami-modern\/\">MiMo<\/a><\/li>\n<li id=\"menu-item-368247\"><a href=\"\/ht\/architecture\/other\/\">L\u00d2T STIL<\/a><\/li>\n<\/ul>\t\t\t\t\n\t\t\t<h3>\n\t\t\tREV\u00c8Y MEDITERANEYEN AN\t<\/h3>\n\t<p>Achitekti Mediterane Revival la jwe yon w\u00f2l enp\u00f2tan nan defini stil distenk Miami Beach la, li melanje cham Mediterane a ak anviw\u00f2nman twopikal vil la. Av\u00e8k cham dirab li, stil achitekti sa a kontinye selebre ni nan bilding restore yo ni nan nouvo konstriksyon yo.<\/p>\n\t\t\t\t\t\t\t<img width=\"150\" height=\"150\" src=\"https:\/\/www.miamibeachfl.gov\/wp-content\/uploads\/2025\/04\/mediterranean-revival-circle-150x150.png\" alt=\"mediterranean column\" decoding=\"async\" loading=\"lazy\" srcset=\"https:\/\/www.miamibeachfl.gov\/wp-content\/uploads\/2025\/04\/mediterranean-revival-circle-150x150.png 150w, https:\/\/www.miamibeachfl.gov\/wp-content\/uploads\/2025\/04\/mediterranean-revival-circle-300x300.png 300w, https:\/\/www.miamibeachfl.gov\/wp-content\/uploads\/2025\/04\/mediterranean-revival-circle.png 500w\" sizes=\"auto, (max-width: 150px) 100vw, 150px\" \/>\n\t\t\t\tOrijin ak Devlopman\n\t\t\t\t<p>Achitekti Mediterane Revival la te par\u00e8t nan Miami Beach nan k\u00f2mansman 20y\u00e8m sy\u00e8k la, li te vin tounen yon stil enp\u00f2tan nan ane 1920 yo. Enpire pa rejyon koty\u00e8 sid Ew\u00f2p yo, patikily\u00e8man Itali ak Espay, stil sa a te f\u00e8 pati yon mouvman pi laj Ozetazini pou kreye yon v\u00e8syon ideyalize vila ak pwopriyete Mediterane yo. Popilarite li te koresponn ak boom devlopman nan Florid, pandan Miami Beach te k\u00f2manse transf\u00f2me soti nan yon vil vakans trankil an yon destinasyon touristik mayifik. Yo te adopte stil Mediterane Revival la pou cham womantik ak san tan li yo ak kapasite li pou melanje san ef\u00f2 ak klima twopikal rejyon an.<\/p>\n<p>Mouvman Renesans Mediterane a te make yon repo ak estil Beaux-Arts ak Neoklasik ki te pi dekore yo, li te ofri yon estetik pi rilaks ak sol\u00e8y ki te anf\u00f2m ak kilti resort vil la. Achit\u00e8k remakab, tankou Addison Mizner ak Maurice Fatio, te bay lavi estil sa a nan Miami Beach l\u00e8 l s\u00e8vi av\u00e8k matery\u00e8l ak karakteristik konsepsyon ki te konplete anviw\u00f2nman twopikal rejyon an.<\/p>\n\t<p><strong>Carl Fisher,<\/strong> Yo souvan rekon\u00e8t li k\u00f2m yon moun ki te f\u00e8 pwomosyon pou Miami Beach k\u00f2m yon destinasyon touristik pou sezon iv\u00e8 nan k\u00f2mansman venty\u00e8m sy\u00e8k la, li te itilize stil ekzotik Neo-Mediterane sa a nan piblisite. &quot;Clubhouse&quot; li a, ki kounye a se lakay Rum Room ak Venu a, se li ki konsidere k\u00f2m pi ansyen bilding piblik nan Miami Beach.<\/p>\n<p>Bati an 1916 \u2013 Achit\u00e8k: August Geiger<\/p>\n\t\t\t<a href=\"https:\/\/www.miamibeachconvention.com\/rum-room-venu\" target=\"_blank\" rel=\"noopener\">\n\t\t\t\t\t\tVenu\n\t\t\t\t\t<\/a>\n\t\t\t<a href=\"https:\/\/www.rumroommiamibeach.com\/\" target=\"_blank\" rel=\"noopener\">\n\t\t\t\t\t\tChanm Wonm \n\t\t\t\t\t<\/a>\n\t\t\t\t<img decoding=\"async\" src=\"https:\/\/www.miamibeachfl.gov\/wp-content\/uploads\/2025\/04\/Carlfisherhouse.jpg\" alt=\"Carl Fisher House\" itemprop=\"image\" height=\"574\" width=\"800\" title=\"Carlfisherhouse\" onerror=\"this.style.display='none'\" loading=\"lazy\" \/>\n\t\t\t\t<img decoding=\"async\" src=\"https:\/\/www.miamibeachfl.gov\/wp-content\/uploads\/2025\/04\/mediterraneandivider.png\" alt=\"mediterranean divider line\" itemprop=\"image\" height=\"50\" width=\"500\" title=\"divizeur mediteraneyen\" onerror=\"this.style.display='none'\" loading=\"lazy\" \/>\n<h3>\n\t\t\tKARAKTERISTIK ENP\u00d2TAN\t<\/h3>\n\t\t<ul>\n\t\t\t\t\t<li>\n\t\t\t\t\t\t\t\t\t\t\t<img loading=\"lazy\" decoding=\"async\" src=\"https:\/\/www.miamibeachfl.gov\/wp-content\/uploads\/2025\/04\/keyfeatures-stucco.png\" alt=\"keyfeatures-stucco\" width=\"500\" height=\"500\" \/>\n\t\t\t\t<h3>Ekstery\u00e8 stuko<\/h3>\n\t\t<p>Stuko blan oswa koul\u00e8 kl\u00e8 komen, souvan konbine av\u00e8k twati ak twil wouj ki imite vila tradisyon\u00e8l Pany\u00f2l ak Italyen yo.<\/p>\t\t\t\n\t\t\t<\/li>\n\t\t\t\t\t<li>\n\t\t\t\t\t\t\t\t\t\t\t<img loading=\"lazy\" decoding=\"async\" src=\"https:\/\/www.miamibeachfl.gov\/wp-content\/uploads\/2025\/04\/keyfeatures-tile.png\" alt=\"keyfeatures-tile\" width=\"500\" height=\"500\" \/>\n\t\t\t\t<h3>Travay mozayik<\/h3>\n\t\t<p>Mozayik seramik dekoratif, souvan nan koul\u00e8 fonse, yo te souvan itilize pou dekore, patikily\u00e8man ozalantou fen\u00e8t, p\u00f2t ak lakou.<\/p>\t\t\t\n\t\t\t<\/li>\n\t\t\t\t\t<li>\n\t\t\t\t\t\t\t\t\t\t\t<img loading=\"lazy\" decoding=\"async\" src=\"https:\/\/www.miamibeachfl.gov\/wp-content\/uploads\/2025\/04\/keyfeatures-arches.png\" alt=\"keyfeatures-arches\" width=\"500\" height=\"500\" \/>\n\t\t\t\t<h3>Arches<\/h3>\n\t\t<p>Yo te itilize vout awondi oswa pwenti nan fen\u00e8t, p\u00f2t ak lodjya, pou f\u00e8 eko tradisyon konsepsyon Mediterane yo.<\/p>\t\t\t\n\t\t\t<\/li>\n\t\t\t\t\t<li>\n\t\t\t\t\t\t\t\t\t\t\t<img loading=\"lazy\" decoding=\"async\" src=\"https:\/\/www.miamibeachfl.gov\/wp-content\/uploads\/2025\/04\/keyfeatures-roof.png\" alt=\"keyfeatures-roof\" width=\"500\" height=\"500\" \/>\n\t\t\t\t<h3>Twil twati t\u00e8rakota<\/h3>\n\t\t<p>Tuil twati ajil wouj oswa zoranj ikonik yo te yon eleman esansy\u00e8l nan pwopriyete Neomediterane yo, yo te ba yo yon aparans diferan ak riral.<\/p>\t\t\t\n\t\t\t<\/li>\n\t\t\t\t<\/ul>\n\t\t<ul>\n\t\t\t\t\t<li>\n\t\t\t\t\t\t\t\t\t\t\t<img loading=\"lazy\" decoding=\"async\" src=\"https:\/\/www.miamibeachfl.gov\/wp-content\/uploads\/2025\/04\/keyfeatures-balconies.png\" alt=\"keyfeatures-balconies\" width=\"500\" height=\"500\" \/>\n\t\t\t\t<h3>Balkon ak Lakou<\/h3>\n\t\t<p>Espas sa yo te souvan santral nan konsepsyon an, yo te envite moun viv dey\u00f2 epi amelyore f\u00f2m vi Mediterane a.<\/p>\t\t\t\n\t\t\t<\/li>\n\t\t\t\t\t<li>\n\t\t\t\t\t\t\t\t\t\t\t<img loading=\"lazy\" decoding=\"async\" src=\"https:\/\/www.miamibeachfl.gov\/wp-content\/uploads\/2025\/04\/keyfeatures-ironwork.png\" alt=\"keyfeatures-ironwork\" width=\"500\" height=\"500\" \/>\n\t\t\t\t<h3>Detay sou travay an f\u00e8 ak f\u00e8 f\u00f2je<\/h3>\n\t\t<p>Balistrad dekoratif, bary\u00e8 ak apar\u00e8y limy\u00e8 an f\u00e8 f\u00f2je te komen, sa ki te ajoute nan elegans jeneral estrikti yo.<\/p>\t\t\t\n\t\t\t<\/li>\n\t\t\t\t\t<li>\n\t\t\t\t\t\t\t\t\t\t\t<img loading=\"lazy\" decoding=\"async\" src=\"https:\/\/www.miamibeachfl.gov\/wp-content\/uploads\/2025\/04\/keyfeatures-landscaping.png\" alt=\"keyfeatures-landscaping\" width=\"500\" height=\"500\" \/>\n\t\t\t\t<h3>Peyizaj twopikal<\/h3>\n\t\t<p>Enk\u00f2porasyon vejetasyon abondan, tankou pye palmis ak l\u00f2t plant natif natal, te kle pou melanje achitekti a ak anviw\u00f2nman natir\u00e8l la.<\/p>\t\t\t\n\t\t\t<\/li>\n\t\t\t\t<\/ul>\n\t\t\t\t<img decoding=\"async\" src=\"https:\/\/www.miamibeachfl.gov\/wp-content\/uploads\/2025\/04\/mediterraneandivider.png\" alt=\"mediterranean divider line\" itemprop=\"image\" height=\"50\" width=\"500\" title=\"divizeur mediteraneyen\" onerror=\"this.style.display='none'\" loading=\"lazy\" \/>\n<h3>\n\t\t\tPWOPRIYETE REMAKAB\t<\/h3>\n\t\t\t\t<img decoding=\"async\" src=\"https:\/\/www.miamibeachfl.gov\/wp-content\/uploads\/2025\/04\/VersaceMansion.jpg\" alt=\"versace mansion\" itemprop=\"image\" height=\"520\" width=\"800\" title=\"VersaceMansion\" onerror=\"this.style.display='none'\" loading=\"lazy\" \/>\n<h3>\n\t\t\tKay Casuarina<br \/>(Mezon Versace la)\t<\/h3>\n<h5>\n\t\t\t1116 Ocean Drive\t<\/h5>\n\t<p><strong>Ane Konstriksyon:<\/strong> 1930<\/p>\n<p><strong>Achit\u00e8k:<\/strong> Henry LaPointe<\/p>\n<p>Ok\u00f2mansman f\u00e8t k\u00f2m yon pwopriyete prive, Casa Casuarina prezante Renesans Mediterane a ak travay mozayik konplike li yo, p\u00f2t vout ak twati t\u00e8rakota. Pwopriyete a te vin renome atrav\u00e8 lemond k\u00f2m ansyen kay designer Gianni Versace.<\/p>\n\t\t\t\t<img decoding=\"async\" src=\"https:\/\/www.miamibeachfl.gov\/wp-content\/uploads\/2025\/04\/OldCityHall.jpg\" alt=\"Old City Hall\" itemprop=\"image\" height=\"400\" width=\"600\" title=\"Ansyen Lakou Vil la\" onerror=\"this.style.display='none'\" loading=\"lazy\" \/>\n<h3>\n\t\t\tPlaj istorik Miami<br \/>Lakou Vil la\t<\/h3>\n<h5>\n\t\t\t1130 Avni Washington\t<\/h5>\n\t<p><strong>Ane Konstriksyon:<\/strong> 1927<\/p>\n<p><strong>Achit\u00e8k:<\/strong> Martin L. Hampton<\/p>\n<p>Pwopriyete sa a gen ladan l eleman klasik Mediterane yo, tankou dey\u00f2 stuko, yon do-kay ak twil wouj, fen\u00e8t vout ak travay f\u00e8 dekoratif.<\/p>\n\t\t\t\t<img decoding=\"async\" src=\"https:\/\/www.miamibeachfl.gov\/wp-content\/uploads\/2025\/04\/Espanolaway.jpg\" alt=\"espanola way\" itemprop=\"image\" height=\"520\" width=\"800\" title=\"Espanolaway\" onerror=\"this.style.display='none'\" loading=\"lazy\" \/>\n<h3>\n\t\t\tEspay\u00f2l<br \/>Chemen\t<\/h3>\n<h5>\n\t\t\tAnt 14 ak 15 Ri\t<\/h5>\n\t<p><strong>Ane Konstriksyon:<\/strong> 1925<\/p>\n<p><strong>Achit\u00e8k:<\/strong> Ansyen konsepsyon pa Robert A. Taylor<\/p>\n<p>Espa\u00f1ola Way se yon b\u00e8l lari pyeton nan style Neomediterane a ki f\u00e8t pou sanble ak yon vilaj pany\u00f2l. Li aliyen ak bilding stuko kolore, p\u00f2t vout, twati twil, balkon f\u00e8 f\u00f2je ak lakou dey\u00f2. Kreye k\u00f2m yon destinasyon touristik, li rete yon pwen santral nan Miami Beach.<\/p>","protected":false},"excerpt":{"rendered":"<p>Enfliyans kolonyal pany\u00f2l, vout ak twati ak twil ajil.<\/p>","protected":false},"author":222,"featured_media":368177,"parent":368116,"menu_order":8,"comment_status":"closed","ping_status":"closed","template":"","meta":{"_searchwp_excluded":"","site-sidebar-layout":"default","site-content-layout":"","ast-site-content-layout":"default","site-content-style":"default","site-sidebar-style":"default","ast-global-header-display":"","ast-banner-title-visibility":"","ast-main-header-display":"","ast-hfb-above-header-display":"","ast-hfb-below-header-display":"","ast-hfb-mobile-header-display":"","site-post-title":"","ast-breadcrumbs-content":"","ast-featured-img":"","footer-sml-layout":"","theme-transparent-header-meta":"","adv-header-id-meta":"","stick-header-meta":"","header-above-stick-meta":"","header-main-stick-meta":"","header-below-stick-meta":"","astra-migrate-meta-layouts":"default","ast-page-background-enabled":"default","ast-page-background-meta":{"desktop":{"background-color":"var(--ast-global-color-5)","background-image":"","background-repeat":"repeat","background-position":"center center","background-size":"auto","background-attachment":"scroll","background-type":"","background-media":"","overlay-type":"","overlay-color":"","overlay-opacity":"","overlay-gradient":""},"tablet":{"background-color":"","background-image":"","background-repeat":"repeat","background-position":"center center","background-size":"auto","background-attachment":"scroll","background-type":"","background-media":"","overlay-type":"","overlay-color":"","overlay-opacity":"","overlay-gradient":""},"mobile":{"background-color":"","background-image":"","background-repeat":"repeat","background-position":"center center","background-size":"auto","background-attachment":"scroll","background-type":"","background-media":"","overlay-type":"","overlay-color":"","overlay-opacity":"","overlay-gradient":""}},"ast-content-background-meta":{"desktop":{"background-color":"var(--ast-global-color-4)","background-image":"","background-repeat":"repeat","background-position":"center center","background-size":"auto","background-attachment":"scroll","background-type":"","background-media":"","overlay-type":"","overlay-color":"","overlay-opacity":"","overlay-gradient":""},"tablet":{"background-color":"var(--ast-global-color-4)","background-image":"","background-repeat":"repeat","background-position":"center center","background-size":"auto","background-attachment":"scroll","background-type":"","background-media":"","overlay-type":"","overlay-color":"","overlay-opacity":"","overlay-gradient":""},"mobile":{"background-color":"var(--ast-global-color-4)","background-image":"","background-repeat":"repeat","background-position":"center center","background-size":"auto","background-attachment":"scroll","background-type":"","background-media":"","overlay-type":"","overlay-color":"","overlay-opacity":"","overlay-gradient":""}},"footnotes":""},"categories":[],"tags":[605],"class_list":["post-368134","page","type-page","status-publish","has-post-thumbnail","hentry","tag-architecture"],"yoast_head":"<!-- This site is optimized with the Yoast SEO Premium plugin v27.4 (Yoast SEO v27.4) - https:\/\/yoast.com\/product\/yoast-seo-premium-wordpress\/ -->\n<title>Mediterranean Revival - City of Miami Beach<\/title>\n<meta name=\"description\" content=\"Mediterranean Revival architecture plays a crucial role in defining Miami Beach\u2019s distinctive style, blending the charm of the Mediterranean with the city\u2019s tropical environment. With its enduring appeal, this architectural style continues to be celebrated in both restored buildings and new constructions.\" \/>\n<meta name=\"robots\" content=\"index, follow, max-snippet:-1, max-image-preview:large, max-video-preview:-1\" \/>\n<link rel=\"canonical\" href=\"https:\/\/www.miamibeachfl.gov\/ht\/architecture\/mediterranean-revival\/\" \/>\n<meta property=\"og:locale\" content=\"ht_HT\" \/>\n<meta property=\"og:type\" content=\"article\" \/>\n<meta property=\"og:title\" content=\"Mediterranean Revival\" \/>\n<meta property=\"og:description\" content=\"Mediterranean Revival architecture plays a crucial role in defining Miami Beach\u2019s distinctive style, blending the charm of the Mediterranean with the city\u2019s tropical environment. With its enduring appeal, this architectural style continues to be celebrated in both restored buildings and new constructions.\" \/>\n<meta property=\"og:url\" content=\"https:\/\/www.miamibeachfl.gov\/ht\/architecture\/mediterranean-revival\/\" \/>\n<meta property=\"og:site_name\" content=\"City of Miami Beach\" \/>\n<meta property=\"article:publisher\" content=\"https:\/\/www.facebook.com\/cityofmiamibeach\" \/>\n<meta property=\"article:modified_time\" content=\"2026-04-01T13:45:36+00:00\" \/>\n<meta property=\"og:image\" content=\"https:\/\/www.miamibeachfl.gov\/wp-content\/uploads\/2025\/03\/Architecture-Mediterranean-Espanola.jpg\" \/>\n\t<meta property=\"og:image:width\" content=\"500\" \/>\n\t<meta property=\"og:image:height\" content=\"500\" \/>\n\t<meta property=\"og:image:type\" content=\"image\/jpeg\" \/>\n<meta name=\"twitter:card\" content=\"summary_large_image\" \/>\n<meta name=\"twitter:site\" content=\"@Miamibeachnews\" \/>\n<script type=\"application\/ld+json\" class=\"yoast-schema-graph\">{\"@context\":\"https:\\\/\\\/schema.org\",\"@graph\":[{\"@type\":\"WebPage\",\"@id\":\"https:\\\/\\\/www.miamibeachfl.gov\\\/architecture\\\/mediterranean-revival\\\/\",\"url\":\"https:\\\/\\\/www.miamibeachfl.gov\\\/architecture\\\/mediterranean-revival\\\/\",\"name\":\"Mediterranean Revival - City of Miami Beach\",\"isPartOf\":{\"@id\":\"https:\\\/\\\/www.miamibeachfl.gov\\\/#website\"},\"primaryImageOfPage\":{\"@id\":\"https:\\\/\\\/www.miamibeachfl.gov\\\/architecture\\\/mediterranean-revival\\\/#primaryimage\"},\"image\":{\"@id\":\"https:\\\/\\\/www.miamibeachfl.gov\\\/architecture\\\/mediterranean-revival\\\/#primaryimage\"},\"thumbnailUrl\":\"https:\\\/\\\/www.miamibeachfl.gov\\\/wp-content\\\/uploads\\\/2025\\\/03\\\/Architecture-Mediterranean-Espanola.jpg\",\"datePublished\":\"2025-03-31T14:22:04+00:00\",\"dateModified\":\"2026-04-01T13:45:36+00:00\",\"description\":\"Mediterranean Revival architecture plays a crucial role in defining Miami Beach\u2019s distinctive style, blending the charm of the Mediterranean with the city\u2019s tropical environment. With its enduring appeal, this architectural style continues to be celebrated in both restored buildings and new constructions.\",\"breadcrumb\":{\"@id\":\"https:\\\/\\\/www.miamibeachfl.gov\\\/architecture\\\/mediterranean-revival\\\/#breadcrumb\"},\"inLanguage\":\"ht\",\"potentialAction\":[{\"@type\":\"ReadAction\",\"target\":[\"https:\\\/\\\/www.miamibeachfl.gov\\\/architecture\\\/mediterranean-revival\\\/\"]}]},{\"@type\":\"ImageObject\",\"inLanguage\":\"ht\",\"@id\":\"https:\\\/\\\/www.miamibeachfl.gov\\\/architecture\\\/mediterranean-revival\\\/#primaryimage\",\"url\":\"https:\\\/\\\/www.miamibeachfl.gov\\\/wp-content\\\/uploads\\\/2025\\\/03\\\/Architecture-Mediterranean-Espanola.jpg\",\"contentUrl\":\"https:\\\/\\\/www.miamibeachfl.gov\\\/wp-content\\\/uploads\\\/2025\\\/03\\\/Architecture-Mediterranean-Espanola.jpg\",\"width\":500,\"height\":500,\"caption\":\"Mediterranean Architecture\"},{\"@type\":\"BreadcrumbList\",\"@id\":\"https:\\\/\\\/www.miamibeachfl.gov\\\/architecture\\\/mediterranean-revival\\\/#breadcrumb\",\"itemListElement\":[{\"@type\":\"ListItem\",\"position\":1,\"name\":\"Home\",\"item\":\"https:\\\/\\\/www.miamibeachfl.gov\\\/\"},{\"@type\":\"ListItem\",\"position\":2,\"name\":\"Miami Beach Architecture\",\"item\":\"https:\\\/\\\/www.miamibeachfl.gov\\\/architecture\\\/\"},{\"@type\":\"ListItem\",\"position\":3,\"name\":\"Mediterranean Revival\"}]},{\"@type\":\"WebSite\",\"@id\":\"https:\\\/\\\/www.miamibeachfl.gov\\\/#website\",\"url\":\"https:\\\/\\\/www.miamibeachfl.gov\\\/\",\"name\":\"City of Miami Beach\",\"description\":\"The official website of the City of Miami Beach. Stay informed, find important information on city services, news, alerts, events, trolley routes, government employment and more.\",\"publisher\":{\"@id\":\"https:\\\/\\\/www.miamibeachfl.gov\\\/#organization\"},\"potentialAction\":[{\"@type\":\"SearchAction\",\"target\":{\"@type\":\"EntryPoint\",\"urlTemplate\":\"https:\\\/\\\/www.miamibeachfl.gov\\\/?s={search_term_string}\"},\"query-input\":{\"@type\":\"PropertyValueSpecification\",\"valueRequired\":true,\"valueName\":\"search_term_string\"}}],\"inLanguage\":\"ht\"},{\"@type\":\"Organization\",\"@id\":\"https:\\\/\\\/www.miamibeachfl.gov\\\/#organization\",\"name\":\"City of Miami Beach\",\"url\":\"https:\\\/\\\/www.miamibeachfl.gov\\\/\",\"logo\":{\"@type\":\"ImageObject\",\"inLanguage\":\"ht\",\"@id\":\"https:\\\/\\\/www.miamibeachfl.gov\\\/#\\\/schema\\\/logo\\\/image\\\/\",\"url\":\"https:\\\/\\\/www.miamibeachfl.gov\\\/wp-content\\\/uploads\\\/2022\\\/06\\\/miamibeach-logoblue.png\",\"contentUrl\":\"https:\\\/\\\/www.miamibeachfl.gov\\\/wp-content\\\/uploads\\\/2022\\\/06\\\/miamibeach-logoblue.png\",\"width\":1962,\"height\":381,\"caption\":\"City of Miami Beach\"},\"image\":{\"@id\":\"https:\\\/\\\/www.miamibeachfl.gov\\\/#\\\/schema\\\/logo\\\/image\\\/\"},\"sameAs\":[\"https:\\\/\\\/www.facebook.com\\\/cityofmiamibeach\",\"https:\\\/\\\/x.com\\\/Miamibeachnews\",\"https:\\\/\\\/www.instagram.com\\\/miamibeachnews\\\/\"],\"description\":\"The official website of the City of Miami Beach. Stay informed, find important information on city services, news, alerts, events, trolley routes, government employment and more.\",\"telephone\":\"305.604.CITY(2489)\",\"legalName\":\"City of Miami Beach\"}]}<\/script>\n<!-- \/ Yoast SEO Premium plugin. -->","yoast_head_json":{"title":"Renesans Mediterane a - Vil Miami Beach","description":"Achitekti Mediterane Revival la jwe yon w\u00f2l enp\u00f2tan nan defini stil distenk Miami Beach la, li melanje cham Mediterane a ak anviw\u00f2nman twopikal vil la. Av\u00e8k cham dirab li, stil achitekti sa a kontinye selebre ni nan bilding restore yo ni nan nouvo konstriksyon yo.","robots":{"index":"index","follow":"follow","max-snippet":"max-snippet:-1","max-image-preview":"max-image-preview:large","max-video-preview":"max-video-preview:-1"},"canonical":"https:\/\/www.miamibeachfl.gov\/ht\/architecture\/mediterranean-revival\/","og_locale":"ht_HT","og_type":"article","og_title":"Mediterranean Revival","og_description":"Mediterranean Revival architecture plays a crucial role in defining Miami Beach\u2019s distinctive style, blending the charm of the Mediterranean with the city\u2019s tropical environment. With its enduring appeal, this architectural style continues to be celebrated in both restored buildings and new constructions.","og_url":"https:\/\/www.miamibeachfl.gov\/ht\/architecture\/mediterranean-revival\/","og_site_name":"City of Miami Beach","article_publisher":"https:\/\/www.facebook.com\/cityofmiamibeach","article_modified_time":"2026-04-01T13:45:36+00:00","og_image":[{"width":500,"height":500,"url":"https:\/\/www.miamibeachfl.gov\/wp-content\/uploads\/2025\/03\/Architecture-Mediterranean-Espanola.jpg","type":"image\/jpeg"}],"twitter_card":"summary_large_image","twitter_site":"@Miamibeachnews","schema":{"@context":"https:\/\/schema.org","@graph":[{"@type":"WebPage","@id":"https:\/\/www.miamibeachfl.gov\/architecture\/mediterranean-revival\/","url":"https:\/\/www.miamibeachfl.gov\/architecture\/mediterranean-revival\/","name":"Renesans Mediterane a - Vil Miami Beach","isPartOf":{"@id":"https:\/\/www.miamibeachfl.gov\/#website"},"primaryImageOfPage":{"@id":"https:\/\/www.miamibeachfl.gov\/architecture\/mediterranean-revival\/#primaryimage"},"image":{"@id":"https:\/\/www.miamibeachfl.gov\/architecture\/mediterranean-revival\/#primaryimage"},"thumbnailUrl":"https:\/\/www.miamibeachfl.gov\/wp-content\/uploads\/2025\/03\/Architecture-Mediterranean-Espanola.jpg","datePublished":"2025-03-31T14:22:04+00:00","dateModified":"2026-04-01T13:45:36+00:00","description":"Achitekti Mediterane Revival la jwe yon w\u00f2l enp\u00f2tan nan defini stil distenk Miami Beach la, li melanje cham Mediterane a ak anviw\u00f2nman twopikal vil la. Av\u00e8k cham dirab li, stil achitekti sa a kontinye selebre ni nan bilding restore yo ni nan nouvo konstriksyon yo.","breadcrumb":{"@id":"https:\/\/www.miamibeachfl.gov\/architecture\/mediterranean-revival\/#breadcrumb"},"inLanguage":"ht","potentialAction":[{"@type":"ReadAction","target":["https:\/\/www.miamibeachfl.gov\/architecture\/mediterranean-revival\/"]}]},{"@type":"ImageObject","inLanguage":"ht","@id":"https:\/\/www.miamibeachfl.gov\/architecture\/mediterranean-revival\/#primaryimage","url":"https:\/\/www.miamibeachfl.gov\/wp-content\/uploads\/2025\/03\/Architecture-Mediterranean-Espanola.jpg","contentUrl":"https:\/\/www.miamibeachfl.gov\/wp-content\/uploads\/2025\/03\/Architecture-Mediterranean-Espanola.jpg","width":500,"height":500,"caption":"Mediterranean Architecture"},{"@type":"BreadcrumbList","@id":"https:\/\/www.miamibeachfl.gov\/architecture\/mediterranean-revival\/#breadcrumb","itemListElement":[{"@type":"ListItem","position":1,"name":"Home","item":"https:\/\/www.miamibeachfl.gov\/"},{"@type":"ListItem","position":2,"name":"Miami Beach Architecture","item":"https:\/\/www.miamibeachfl.gov\/architecture\/"},{"@type":"ListItem","position":3,"name":"Mediterranean Revival"}]},{"@type":"WebSite","@id":"https:\/\/www.miamibeachfl.gov\/#website","url":"https:\/\/www.miamibeachfl.gov\/","name":"Vil Miami Beach","description":"Sitw\u00e8b ofisy\u00e8l Vil Miami Beach la. Rete enf\u00f2me, jwenn enf\u00f2masyon enp\u00f2tan sou s\u00e8vis vil la, nouv\u00e8l, al\u00e8t, ev\u00e8nman, wout tramway, travay gouv\u00e8nman an ak plis ank\u00f2.","publisher":{"@id":"https:\/\/www.miamibeachfl.gov\/#organization"},"potentialAction":[{"@type":"SearchAction","target":{"@type":"EntryPoint","urlTemplate":"https:\/\/www.miamibeachfl.gov\/?s={search_term_string}"},"query-input":{"@type":"PropertyValueSpecification","valueRequired":true,"valueName":"search_term_string"}}],"inLanguage":"ht"},{"@type":"Organization","@id":"https:\/\/www.miamibeachfl.gov\/#organization","name":"Vil Miami Beach","url":"https:\/\/www.miamibeachfl.gov\/","logo":{"@type":"ImageObject","inLanguage":"ht","@id":"https:\/\/www.miamibeachfl.gov\/#\/schema\/logo\/image\/","url":"https:\/\/www.miamibeachfl.gov\/wp-content\/uploads\/2022\/06\/miamibeach-logoblue.png","contentUrl":"https:\/\/www.miamibeachfl.gov\/wp-content\/uploads\/2022\/06\/miamibeach-logoblue.png","width":1962,"height":381,"caption":"City of Miami Beach"},"image":{"@id":"https:\/\/www.miamibeachfl.gov\/#\/schema\/logo\/image\/"},"sameAs":["https:\/\/www.facebook.com\/cityofmiamibeach","https:\/\/x.com\/Miamibeachnews","https:\/\/www.instagram.com\/miamibeachnews\/"],"description":"Sitw\u00e8b ofisy\u00e8l Vil Miami Beach la. Rete enf\u00f2me, jwenn enf\u00f2masyon enp\u00f2tan sou s\u00e8vis vil la, nouv\u00e8l, al\u00e8t, ev\u00e8nman, wout tramway, travay gouv\u00e8nman an ak plis ank\u00f2.","telephone":"305.604.CITY(2489)","legalName":"City of Miami Beach"}]}},"_links":{"self":[{"href":"https:\/\/www.miamibeachfl.gov\/ht\/wp-json\/wp\/v2\/pages\/368134","targetHints":{"allow":["GET"]}}],"collection":[{"href":"https:\/\/www.miamibeachfl.gov\/ht\/wp-json\/wp\/v2\/pages"}],"about":[{"href":"https:\/\/www.miamibeachfl.gov\/ht\/wp-json\/wp\/v2\/types\/page"}],"author":[{"embeddable":true,"href":"https:\/\/www.miamibeachfl.gov\/ht\/wp-json\/wp\/v2\/users\/222"}],"replies":[{"embeddable":true,"href":"https:\/\/www.miamibeachfl.gov\/ht\/wp-json\/wp\/v2\/comments?post=368134"}],"version-history":[{"count":4,"href":"https:\/\/www.miamibeachfl.gov\/ht\/wp-json\/wp\/v2\/pages\/368134\/revisions"}],"predecessor-version":[{"id":398192,"href":"https:\/\/www.miamibeachfl.gov\/ht\/wp-json\/wp\/v2\/pages\/368134\/revisions\/398192"}],"up":[{"embeddable":true,"href":"https:\/\/www.miamibeachfl.gov\/ht\/wp-json\/wp\/v2\/pages\/368116"}],"wp:featuredmedia":[{"embeddable":true,"href":"https:\/\/www.miamibeachfl.gov\/ht\/wp-json\/wp\/v2\/media\/368177"}],"wp:attachment":[{"href":"https:\/\/www.miamibeachfl.gov\/ht\/wp-json\/wp\/v2\/media?parent=368134"}],"wp:term":[{"taxonomy":"category","embeddable":true,"href":"https:\/\/www.miamibeachfl.gov\/ht\/wp-json\/wp\/v2\/categories?post=368134"},{"taxonomy":"post_tag","embeddable":true,"href":"https:\/\/www.miamibeachfl.gov\/ht\/wp-json\/wp\/v2\/tags?post=368134"}],"curies":[{"name":"wp","href":"https:\/\/api.w.org\/{rel}","templated":true}]}}