{"id":372292,"date":"2025-05-12T13:20:50","date_gmt":"2025-05-12T17:20:50","guid":{"rendered":"https:\/\/www.miamibeachfl.gov\/?page_id=372292"},"modified":"2025-05-29T14:27:13","modified_gmt":"2025-05-29T18:27:13","slug":"michelangelo","status":"publish","type":"page","link":"https:\/\/www.miamibeachfl.gov\/ht\/michelangelo\/","title":{"rendered":"Michelangelo"},"content":{"rendered":"<img decoding=\"async\" src=\"https:\/\/www.miamibeachfl.gov\/wp-content\/uploads\/2025\/05\/michelangelologo2.jpg\" alt=\"michelangelo logo\" itemprop=\"image\" title=\"michelangelologo2\" onerror=\"this.style.display='none'\" loading='lazy' \/>\n<h3>\n\t\t\tOuv\u00e8ti: M\u00e8kredi 21 Me 2025 \u2013 1212 Lincoln Road\t<\/h3>\n<h1>\n\t\t\tAntoure t\u00e8t ou ak jeni Michelangelo a - Vizit gide imersif gratis pou rezidan Miami Beach yo\t<\/h1>\n\t<p>Vil Miami Beach envite rezidan li yo pou yo f\u00e8 eksperyans atizay Michelangelo jan yo pa janm f\u00e8 sa anvan nan yon vwayaj mayifik ak milti-sansory\u00e8l ki bay travay m\u00e8t la lavi. Rezidan Miami Beach yo jwi aks\u00e8 eksklizif ak gide nan Michelangelo Immersive Experience la. Chak vizit limite a 30 envite pou yon eksperyans entim. Senk dat disponib pou vizit la.<\/p>\n<p>Moun ki abite Miami Beach yo kapab tou pwofite ekspozisyon an poukont yo. Moun ki abite Miami Beach yo kapab reklame jiska\u00a0<strong>de tik\u00e8 gratis pou chak kay<\/strong> nan la\u00a0<strong>Plaj Miyami<\/strong> <strong>Sant S\u00e8vis Kliyan <\/strong>k\u00f2manse\u00a0<strong>Vandredi 16 me<\/strong>, toutotan gen rez\u00e8v.\u00a0<strong>Gen 25 p\u00e8 tik\u00e8 disponib \u2013 premye moun ki rive, premye moun ki s\u00e8vi! <\/strong>Pr\u00e8v rezidans obligatwa.<\/p>\n\n<h3>\n\t\t\tRez\u00e8ve vizit gratis ou kounye a atrav\u00e8 lyen ki anba yo: \t<\/h3>\n\t\t<ul>\n\t\t\t\t\t<li>\n\t\t\t\t\t<a href=\"http:\/\/www.eventbrite.com\/e\/gmvb-michelangelo-immersive-group-1-tickets-1347239111449?aff=oddtdtcreator\" target=\"_blank\">\n\t\t\t\t\t\t\t\t\t\t\t<img loading=\"lazy\" decoding=\"async\" src=\"https:\/\/www.miamibeachfl.gov\/wp-content\/uploads\/2025\/05\/Eventbrite-Stacked-Logo.png\" alt=\"Eventbrite Stacked Logo\" width=\"1470\" height=\"1362\" \/>\n\t\t\t\t<h4>Gwoup M\u00e8kredi 21 Me | 10-11:30 am<\/h4>\n\t<\/a>\n\t\t\t<\/li>\n\t\t\t\t\t<li>\n\t\t\t\t\t<a href=\"http:\/\/www.eventbrite.com\/e\/gmvb-michelangelo-immersive-group-2-tickets-1358488298069?aff=oddtdtcreator\" target=\"_blank\">\n\t\t\t\t\t\t\t\t\t\t\t<img loading=\"lazy\" decoding=\"async\" src=\"https:\/\/www.miamibeachfl.gov\/wp-content\/uploads\/2025\/05\/Eventbrite-Stacked-Logo.png\" alt=\"Eventbrite Stacked Logo\" width=\"1470\" height=\"1362\" \/>\n\t\t\t\t<h4>Gwoup M\u00e8kredi 21 Me | 6-7 pm<\/h4>\n\t<\/a>\n\t\t\t<\/li>\n\t\t\t\t\t<li>\n\t\t\t\t\t<a href=\"http:\/\/www.eventbrite.com\/e\/gmvb-michelangelo-immersive-group-3-tickets-1347239713249?aff=oddtdtcreator\" target=\"_blank\">\n\t\t\t\t\t\t\t\t\t\t\t<img loading=\"lazy\" decoding=\"async\" src=\"https:\/\/www.miamibeachfl.gov\/wp-content\/uploads\/2025\/05\/Eventbrite-Stacked-Logo.png\" alt=\"Eventbrite Stacked Logo\" width=\"1470\" height=\"1362\" \/>\n\t\t\t\t<h4>Gwoup Jedi 22 Me | 10-11:30 am<\/h4>\n\t<\/a>\n\t\t\t<\/li>\n\t\t\t\t\t<li>\n\t\t\t\t\t<a href=\"http:\/\/www.eventbrite.com\/e\/gmvb-michelangelo-immersive-group-4-tickets-1358489170679?aff=oddtdtcreator\" target=\"_blank\">\n\t\t\t\t\t\t\t\t\t\t\t<img loading=\"lazy\" decoding=\"async\" src=\"https:\/\/www.miamibeachfl.gov\/wp-content\/uploads\/2025\/05\/Eventbrite-Stacked-Logo.png\" alt=\"Eventbrite Stacked Logo\" width=\"1470\" height=\"1362\" \/>\n\t\t\t\t<h4>Gwoup Jedi 22 Me | 6-7 pm<\/h4>\n\t<\/a>\n\t\t\t<\/li>\n\t\t\t\t\t<li>\n\t\t\t\t\t<a href=\"http:\/\/www.eventbrite.com\/e\/gmvb-michelangelo-immersive-group-5-tickets-1347240636009?aff=oddtdtcreator\" target=\"_blank\">\n\t\t\t\t\t\t\t\t\t\t\t<img loading=\"lazy\" decoding=\"async\" src=\"https:\/\/www.miamibeachfl.gov\/wp-content\/uploads\/2025\/05\/Eventbrite-Stacked-Logo.png\" alt=\"Eventbrite Stacked Logo\" width=\"1470\" height=\"1362\" \/>\n\t\t\t\t<h4>Gwoup M\u00e8kredi 11 Jen | 10-11:30 am<\/h4>\n\t<\/a>\n\t\t\t<\/li>\n\t\t\t\t<\/ul>\n\t<p><i>Prezante pa Premier X Group, Michelangelo Immersive konbine atizay klasik ak teknoloji mod\u00e8n atrav\u00e8 yon seri chanm ent\u00e8aktif. Repwodiksyon David, Piet\u00e0, Moyiz ak Bakchus gwos\u00e8 natir\u00e8l yo eklere ak ekleraj dinamik ak detay dijital, mete aksan sou atistik ak emosyon nan travay eskilti Michelangelo a. Yon karakteristik santral nan ekspozisyon an se yon rekreyasyon dijital gran ech\u00e8l nan Chap\u00e8l Sixtine lan, kote pwojeksyon &quot;Kreyasyon Adan an,&quot; &quot;D\u00e8nye Jijman an&quot; ak l\u00f2t fresk yo par\u00e8t an gwo rezolisyon. Pou plis enf\u00f2masyon sou ekspozisyon an, vizite: <a title=\"https:\/\/gcc02.safelinks.protection.outlook.com\/?url=https%3A%2F%2Fwww.michelangeloimmersive.com%2F&amp;data=05%7C02%7COlgaLyons%40miamibeachfl.gov%7Cbf5e370c0e9a49e28f7f08dd8e435071%7C551608f948f34871808aa969ec5cf48a%7C0%7C0%7C638823141973345774%7CUnknown%7CTWFpbGZsb3d8eyJFbXB0eU1hcGkiOnRydWUsIlYiOiIwLjAuMDAwMCIsIlAiOiJXaW4zMiIsIkFOIjoiTWFpbCIsIldUIjoyfQ%3D%3D%7C0%7C%7C%7C&amp;sdata=3Mt2HG8HvOSMWNy3sbC%2BJnhc4epvBYWLarzWkmxkAMY%3D&amp;reserved=0\" href=\"https:\/\/www.michelangeloimmersive.com\" target=\"_blank\" rel=\"noopener\" data-outlook-id=\"99661d37-de66-4dd4-a2c2-8cd87cafa980\">https:\/\/www.michelangeloimmersive.com<\/a><\/i><\/p>","protected":false},"excerpt":{"rendered":"<p>Opening: Wednesday, May 21, 2025 &#8211; 1212 Lincoln Road Surround Yourself in the Genius of Michelangelo &#8211; Free Immersive Guided [&hellip;]<\/p>\n","protected":false},"author":222,"featured_media":0,"parent":0,"menu_order":0,"comment_status":"closed","ping_status":"closed","template":"","meta":{"_searchwp_excluded":"","site-sidebar-layout":"default","site-content-layout":"","ast-site-content-layout":"default","site-content-style":"default","site-sidebar-style":"default","ast-global-header-display":"","ast-banner-title-visibility":"","ast-main-header-display":"","ast-hfb-above-header-display":"","ast-hfb-below-header-display":"","ast-hfb-mobile-header-display":"","site-post-title":"","ast-breadcrumbs-content":"","ast-featured-img":"","footer-sml-layout":"","theme-transparent-header-meta":"","adv-header-id-meta":"","stick-header-meta":"","header-above-stick-meta":"","header-main-stick-meta":"","header-below-stick-meta":"","astra-migrate-meta-layouts":"default","ast-page-background-enabled":"default","ast-page-background-meta":{"desktop":{"background-color":"var(--ast-global-color-5)","background-image":"","background-repeat":"repeat","background-position":"center center","background-size":"auto","background-attachment":"scroll","background-type":"","background-media":"","overlay-type":"","overlay-color":"","overlay-opacity":"","overlay-gradient":""},"tablet":{"background-color":"","background-image":"","background-repeat":"repeat","background-position":"center center","background-size":"auto","background-attachment":"scroll","background-type":"","background-media":"","overlay-type":"","overlay-color":"","overlay-opacity":"","overlay-gradient":""},"mobile":{"background-color":"","background-image":"","background-repeat":"repeat","background-position":"center center","background-size":"auto","background-attachment":"scroll","background-type":"","background-media":"","overlay-type":"","overlay-color":"","overlay-opacity":"","overlay-gradient":""}},"ast-content-background-meta":{"desktop":{"background-color":"var(--ast-global-color-4)","background-image":"","background-repeat":"repeat","background-position":"center center","background-size":"auto","background-attachment":"scroll","background-type":"","background-media":"","overlay-type":"","overlay-color":"","overlay-opacity":"","overlay-gradient":""},"tablet":{"background-color":"var(--ast-global-color-4)","background-image":"","background-repeat":"repeat","background-position":"center center","background-size":"auto","background-attachment":"scroll","background-type":"","background-media":"","overlay-type":"","overlay-color":"","overlay-opacity":"","overlay-gradient":""},"mobile":{"background-color":"var(--ast-global-color-4)","background-image":"","background-repeat":"repeat","background-position":"center center","background-size":"auto","background-attachment":"scroll","background-type":"","background-media":"","overlay-type":"","overlay-color":"","overlay-opacity":"","overlay-gradient":""}},"footnotes":""},"categories":[],"tags":[],"class_list":["post-372292","page","type-page","status-publish","hentry"],"yoast_head":"<!-- This site is optimized with the Yoast SEO Premium plugin v27.4 (Yoast SEO v27.4) - https:\/\/yoast.com\/product\/yoast-seo-premium-wordpress\/ -->\n<title>Michelangelo - City of Miami Beach<\/title>\n<meta name=\"description\" content=\"Surround Yourself in the Genius of Michelangelo \u2014 Free Immersive Guided Tours for Miami Beach Residents\" \/>\n<meta name=\"robots\" content=\"index, follow, max-snippet:-1, max-image-preview:large, max-video-preview:-1\" \/>\n<link rel=\"canonical\" href=\"https:\/\/www.miamibeachfl.gov\/ht\/michelangelo\/\" \/>\n<meta property=\"og:locale\" content=\"ht_HT\" \/>\n<meta property=\"og:type\" content=\"article\" \/>\n<meta property=\"og:title\" content=\"Michelangelo\" \/>\n<meta property=\"og:description\" content=\"Surround Yourself in the Genius of Michelangelo \u2014 Free Immersive Guided Tours for Miami Beach Residents\" \/>\n<meta property=\"og:url\" content=\"https:\/\/www.miamibeachfl.gov\/ht\/michelangelo\/\" \/>\n<meta property=\"og:site_name\" content=\"City of Miami Beach\" \/>\n<meta property=\"article:publisher\" content=\"https:\/\/www.facebook.com\/cityofmiamibeach\" \/>\n<meta property=\"article:modified_time\" content=\"2025-05-29T18:27:13+00:00\" \/>\n<meta property=\"og:image\" content=\"https:\/\/www.miamibeachfl.gov\/wp-content\/uploads\/2025\/05\/michelangelologo2.jpg\" \/>\n<meta name=\"twitter:card\" content=\"summary_large_image\" \/>\n<meta name=\"twitter:site\" content=\"@Miamibeachnews\" \/>\n<script type=\"application\/ld+json\" class=\"yoast-schema-graph\">{\"@context\":\"https:\\\/\\\/schema.org\",\"@graph\":[{\"@type\":\"WebPage\",\"@id\":\"https:\\\/\\\/www.miamibeachfl.gov\\\/michelangelo\\\/\",\"url\":\"https:\\\/\\\/www.miamibeachfl.gov\\\/michelangelo\\\/\",\"name\":\"Michelangelo - City of Miami Beach\",\"isPartOf\":{\"@id\":\"https:\\\/\\\/www.miamibeachfl.gov\\\/#website\"},\"primaryImageOfPage\":{\"@id\":\"https:\\\/\\\/www.miamibeachfl.gov\\\/michelangelo\\\/#primaryimage\"},\"image\":{\"@id\":\"https:\\\/\\\/www.miamibeachfl.gov\\\/michelangelo\\\/#primaryimage\"},\"thumbnailUrl\":\"https:\\\/\\\/www.miamibeachfl.gov\\\/wp-content\\\/uploads\\\/2025\\\/05\\\/michelangelologo2.jpg\",\"datePublished\":\"2025-05-12T17:20:50+00:00\",\"dateModified\":\"2025-05-29T18:27:13+00:00\",\"description\":\"Surround Yourself in the Genius of Michelangelo \u2014 Free Immersive Guided Tours for Miami Beach Residents\",\"breadcrumb\":{\"@id\":\"https:\\\/\\\/www.miamibeachfl.gov\\\/michelangelo\\\/#breadcrumb\"},\"inLanguage\":\"ht\",\"potentialAction\":[{\"@type\":\"ReadAction\",\"target\":[\"https:\\\/\\\/www.miamibeachfl.gov\\\/michelangelo\\\/\"]}]},{\"@type\":\"ImageObject\",\"inLanguage\":\"ht\",\"@id\":\"https:\\\/\\\/www.miamibeachfl.gov\\\/michelangelo\\\/#primaryimage\",\"url\":\"https:\\\/\\\/www.miamibeachfl.gov\\\/wp-content\\\/uploads\\\/2025\\\/05\\\/michelangelologo2.jpg\",\"contentUrl\":\"https:\\\/\\\/www.miamibeachfl.gov\\\/wp-content\\\/uploads\\\/2025\\\/05\\\/michelangelologo2.jpg\"},{\"@type\":\"BreadcrumbList\",\"@id\":\"https:\\\/\\\/www.miamibeachfl.gov\\\/michelangelo\\\/#breadcrumb\",\"itemListElement\":[{\"@type\":\"ListItem\",\"position\":1,\"name\":\"Home\",\"item\":\"https:\\\/\\\/www.miamibeachfl.gov\\\/\"},{\"@type\":\"ListItem\",\"position\":2,\"name\":\"Michelangelo\"}]},{\"@type\":\"WebSite\",\"@id\":\"https:\\\/\\\/www.miamibeachfl.gov\\\/#website\",\"url\":\"https:\\\/\\\/www.miamibeachfl.gov\\\/\",\"name\":\"City of Miami Beach\",\"description\":\"The official website of the City of Miami Beach. Stay informed, find important information on city services, news, alerts, events, trolley routes, government employment and more.\",\"publisher\":{\"@id\":\"https:\\\/\\\/www.miamibeachfl.gov\\\/#organization\"},\"potentialAction\":[{\"@type\":\"SearchAction\",\"target\":{\"@type\":\"EntryPoint\",\"urlTemplate\":\"https:\\\/\\\/www.miamibeachfl.gov\\\/?s={search_term_string}\"},\"query-input\":{\"@type\":\"PropertyValueSpecification\",\"valueRequired\":true,\"valueName\":\"search_term_string\"}}],\"inLanguage\":\"ht\"},{\"@type\":\"Organization\",\"@id\":\"https:\\\/\\\/www.miamibeachfl.gov\\\/#organization\",\"name\":\"City of Miami Beach\",\"url\":\"https:\\\/\\\/www.miamibeachfl.gov\\\/\",\"logo\":{\"@type\":\"ImageObject\",\"inLanguage\":\"ht\",\"@id\":\"https:\\\/\\\/www.miamibeachfl.gov\\\/#\\\/schema\\\/logo\\\/image\\\/\",\"url\":\"https:\\\/\\\/www.miamibeachfl.gov\\\/wp-content\\\/uploads\\\/2022\\\/06\\\/miamibeach-logoblue.png\",\"contentUrl\":\"https:\\\/\\\/www.miamibeachfl.gov\\\/wp-content\\\/uploads\\\/2022\\\/06\\\/miamibeach-logoblue.png\",\"width\":1962,\"height\":381,\"caption\":\"City of Miami Beach\"},\"image\":{\"@id\":\"https:\\\/\\\/www.miamibeachfl.gov\\\/#\\\/schema\\\/logo\\\/image\\\/\"},\"sameAs\":[\"https:\\\/\\\/www.facebook.com\\\/cityofmiamibeach\",\"https:\\\/\\\/x.com\\\/Miamibeachnews\",\"https:\\\/\\\/www.instagram.com\\\/miamibeachnews\\\/\"],\"description\":\"The official website of the City of Miami Beach. Stay informed, find important information on city services, news, alerts, events, trolley routes, government employment and more.\",\"telephone\":\"305.604.CITY(2489)\",\"legalName\":\"City of Miami Beach\"}]}<\/script>\n<!-- \/ Yoast SEO Premium plugin. -->","yoast_head_json":{"title":"Michelangelo - Vil Miami Beach","description":"Antoure t\u00e8t ou ak jeni Michelangelo a \u2014 Vizit gide imersif gratis pou rezidan Miami Beach yo","robots":{"index":"index","follow":"follow","max-snippet":"max-snippet:-1","max-image-preview":"max-image-preview:large","max-video-preview":"max-video-preview:-1"},"canonical":"https:\/\/www.miamibeachfl.gov\/ht\/michelangelo\/","og_locale":"ht_HT","og_type":"article","og_title":"Michelangelo","og_description":"Surround Yourself in the Genius of Michelangelo \u2014 Free Immersive Guided Tours for Miami Beach Residents","og_url":"https:\/\/www.miamibeachfl.gov\/ht\/michelangelo\/","og_site_name":"City of Miami Beach","article_publisher":"https:\/\/www.facebook.com\/cityofmiamibeach","article_modified_time":"2025-05-29T18:27:13+00:00","og_image":[{"url":"https:\/\/www.miamibeachfl.gov\/wp-content\/uploads\/2025\/05\/michelangelologo2.jpg","type":"","width":"","height":""}],"twitter_card":"summary_large_image","twitter_site":"@Miamibeachnews","schema":{"@context":"https:\/\/schema.org","@graph":[{"@type":"WebPage","@id":"https:\/\/www.miamibeachfl.gov\/michelangelo\/","url":"https:\/\/www.miamibeachfl.gov\/michelangelo\/","name":"Michelangelo - Vil Miami Beach","isPartOf":{"@id":"https:\/\/www.miamibeachfl.gov\/#website"},"primaryImageOfPage":{"@id":"https:\/\/www.miamibeachfl.gov\/michelangelo\/#primaryimage"},"image":{"@id":"https:\/\/www.miamibeachfl.gov\/michelangelo\/#primaryimage"},"thumbnailUrl":"https:\/\/www.miamibeachfl.gov\/wp-content\/uploads\/2025\/05\/michelangelologo2.jpg","datePublished":"2025-05-12T17:20:50+00:00","dateModified":"2025-05-29T18:27:13+00:00","description":"Antoure t\u00e8t ou ak jeni Michelangelo a \u2014 Vizit gide imersif gratis pou rezidan Miami Beach yo","breadcrumb":{"@id":"https:\/\/www.miamibeachfl.gov\/michelangelo\/#breadcrumb"},"inLanguage":"ht","potentialAction":[{"@type":"ReadAction","target":["https:\/\/www.miamibeachfl.gov\/michelangelo\/"]}]},{"@type":"ImageObject","inLanguage":"ht","@id":"https:\/\/www.miamibeachfl.gov\/michelangelo\/#primaryimage","url":"https:\/\/www.miamibeachfl.gov\/wp-content\/uploads\/2025\/05\/michelangelologo2.jpg","contentUrl":"https:\/\/www.miamibeachfl.gov\/wp-content\/uploads\/2025\/05\/michelangelologo2.jpg"},{"@type":"BreadcrumbList","@id":"https:\/\/www.miamibeachfl.gov\/michelangelo\/#breadcrumb","itemListElement":[{"@type":"ListItem","position":1,"name":"Home","item":"https:\/\/www.miamibeachfl.gov\/"},{"@type":"ListItem","position":2,"name":"Michelangelo"}]},{"@type":"WebSite","@id":"https:\/\/www.miamibeachfl.gov\/#website","url":"https:\/\/www.miamibeachfl.gov\/","name":"Vil Miami Beach","description":"Sitw\u00e8b ofisy\u00e8l Vil Miami Beach la. Rete enf\u00f2me, jwenn enf\u00f2masyon enp\u00f2tan sou s\u00e8vis vil la, nouv\u00e8l, al\u00e8t, ev\u00e8nman, wout tramway, travay gouv\u00e8nman an ak plis ank\u00f2.","publisher":{"@id":"https:\/\/www.miamibeachfl.gov\/#organization"},"potentialAction":[{"@type":"SearchAction","target":{"@type":"EntryPoint","urlTemplate":"https:\/\/www.miamibeachfl.gov\/?s={search_term_string}"},"query-input":{"@type":"PropertyValueSpecification","valueRequired":true,"valueName":"search_term_string"}}],"inLanguage":"ht"},{"@type":"Organization","@id":"https:\/\/www.miamibeachfl.gov\/#organization","name":"Vil Miami Beach","url":"https:\/\/www.miamibeachfl.gov\/","logo":{"@type":"ImageObject","inLanguage":"ht","@id":"https:\/\/www.miamibeachfl.gov\/#\/schema\/logo\/image\/","url":"https:\/\/www.miamibeachfl.gov\/wp-content\/uploads\/2022\/06\/miamibeach-logoblue.png","contentUrl":"https:\/\/www.miamibeachfl.gov\/wp-content\/uploads\/2022\/06\/miamibeach-logoblue.png","width":1962,"height":381,"caption":"City of Miami Beach"},"image":{"@id":"https:\/\/www.miamibeachfl.gov\/#\/schema\/logo\/image\/"},"sameAs":["https:\/\/www.facebook.com\/cityofmiamibeach","https:\/\/x.com\/Miamibeachnews","https:\/\/www.instagram.com\/miamibeachnews\/"],"description":"Sitw\u00e8b ofisy\u00e8l Vil Miami Beach la. Rete enf\u00f2me, jwenn enf\u00f2masyon enp\u00f2tan sou s\u00e8vis vil la, nouv\u00e8l, al\u00e8t, ev\u00e8nman, wout tramway, travay gouv\u00e8nman an ak plis ank\u00f2.","telephone":"305.604.CITY(2489)","legalName":"City of Miami Beach"}]}},"_links":{"self":[{"href":"https:\/\/www.miamibeachfl.gov\/ht\/wp-json\/wp\/v2\/pages\/372292","targetHints":{"allow":["GET"]}}],"collection":[{"href":"https:\/\/www.miamibeachfl.gov\/ht\/wp-json\/wp\/v2\/pages"}],"about":[{"href":"https:\/\/www.miamibeachfl.gov\/ht\/wp-json\/wp\/v2\/types\/page"}],"author":[{"embeddable":true,"href":"https:\/\/www.miamibeachfl.gov\/ht\/wp-json\/wp\/v2\/users\/222"}],"replies":[{"embeddable":true,"href":"https:\/\/www.miamibeachfl.gov\/ht\/wp-json\/wp\/v2\/comments?post=372292"}],"version-history":[{"count":2,"href":"https:\/\/www.miamibeachfl.gov\/ht\/wp-json\/wp\/v2\/pages\/372292\/revisions"}],"predecessor-version":[{"id":374721,"href":"https:\/\/www.miamibeachfl.gov\/ht\/wp-json\/wp\/v2\/pages\/372292\/revisions\/374721"}],"wp:attachment":[{"href":"https:\/\/www.miamibeachfl.gov\/ht\/wp-json\/wp\/v2\/media?parent=372292"}],"wp:term":[{"taxonomy":"category","embeddable":true,"href":"https:\/\/www.miamibeachfl.gov\/ht\/wp-json\/wp\/v2\/categories?post=372292"},{"taxonomy":"post_tag","embeddable":true,"href":"https:\/\/www.miamibeachfl.gov\/ht\/wp-json\/wp\/v2\/tags?post=372292"}],"curies":[{"name":"wp","href":"https:\/\/api.w.org\/{rel}","templated":true}]}}