{"id":372495,"date":"2025-05-14T10:43:26","date_gmt":"2025-05-14T14:43:26","guid":{"rendered":"https:\/\/www.miamibeachfl.gov\/?page_id=372495"},"modified":"2025-06-07T16:48:36","modified_gmt":"2025-06-07T20:48:36","slug":"busshelter","status":"publish","type":"page","link":"https:\/\/www.miamibeachfl.gov\/ht\/busshelter\/","title":{"rendered":"Abri bis"},"content":{"rendered":"<h1>\n\t\t\tPwototip Abri Bis\t<\/h1>\n<h3>\n\t\t\tKons\u00e8nan Pwoj\u00e8 a \t<\/h3>\n\t<p>Vil Miami Beach devlope yon nouvo seri abri bis ikonik ak eskiltir\u00e8l ki f\u00e8t pou amelyore konf\u00f2, fonksyonalite ak estetik pasaje transp\u00f2 piblik yo. Y ap enstale abri sa yo piti piti nan chak ar\u00e8 bis kote dwa pasaj la (ROW) p\u00e8m\u00e8t sa, pou kontribye nan yon espas piblik ki pi mod\u00e8n e ki pi vivan. Pou asire ke pwodwi final la satisf\u00e8 bezwen itilizat\u00e8 yo ak objektif konsepsyon vil la, n ap teste yon pwototip sou teren an. Paj sa a bay yon ap\u00e8si sou pwoj\u00e8 a, ak karakteristik espesifik ki enkli nan abri pwototip ki ekspoze kounye a.\u00a0<\/p>\n\t\t\t<a href=\"https:\/\/maps.app.goo.gl\/fzS59j8BXTssR9Ac8\" target=\"_blank\" rel=\"noopener\">\n\t\t\t\t\t\tPwototip la sitiye sou Indian Creek Drive jis nan sid 41 Street. Gade sou kat la.\n\t\t\t\t\t<\/a>\n\t\t\t\t<img decoding=\"async\" src=\"https:\/\/www.miamibeachfl.gov\/wp-content\/uploads\/2025\/05\/busshelter-closeup2.jpg\" alt=\"bus shelter prototype\" itemprop=\"image\" title=\"abri-otobis-closeup2\" onerror=\"this.style.display='none'\" loading='lazy' \/>\n<h3>\n\t\t\tKalite ak gwos\u00e8 abri \t<\/h3>\n\t<p>Yo te konsevwa twa kalite abri pou akomode diferan kondisyon sit:<\/p>\n\t\t<ul>\n\t\t\t\t\t<li>\n\t\t\t\t<h4>Estanda:<\/h4>\n\t\t<p>20\u2032 long\u00e8 x 7\u2032 laj\u00e8 (gen ladan l yon deb\u00f2de devan 5\u2032 laj\u00e8 ak yon deb\u00f2de d\u00e8y\u00e8 2\u2032 laj\u00e8)<\/p>\n\t\t\t<\/li>\n\t\t\t\t\t<li>\n\t\t\t\t<h4>Minimal:<\/h4>\n\t\t<p>10 pye long\u00e8 x 7 pye laj\u00e8 (laj\u00e8 menm jan ak pi wo a)<\/p>\t\t\t\n\t\t\t<\/li>\n\t\t\t\t\t<li>\n\t\t\t\t<h4>Etwat:<\/h4>\n\t\t<p>10 pye long\u00e8 x 3 pye laj\u00e8 (abri\/twa mens pou twotwa ki gen restriksyon)<\/p>\t\t\t\n\t\t\t<\/li>\n\t\t\t\t<\/ul>\n\t<p>Chak kalite abri se modil\u00e8 epi yo ka konfigire ak div\u00e8s konpozan selon espas ak bezwen yo.\u00a0<\/p>\n\t\t\t\t<img decoding=\"async\" src=\"https:\/\/www.miamibeachfl.gov\/wp-content\/uploads\/2025\/05\/BusShelterPhoto.jpg\" alt=\"bus shelter prototype\" itemprop=\"image\" title=\"Abri BisFoto\" onerror=\"this.style.display='none'\" loading='lazy' \/>\n<h3>\n\t\t\tAp\u00e8si sou Pwototip la\t<\/h3>\n\t<p>Pwototip abri ki enstale kounye a nan ar\u00e8 bis ki sou Indian Creek Drive, jis nan sid 41y\u00e8m Ri a, se Abri Minimal la (10 pye x 7 pye). Li gen ladan l:<\/p>\n\t\t<ul>\n\t\t\t\t\t<li>\n\t\t\t\t<h4>Yon s\u00e8l plas<\/h4>\n\t\t\t<\/li>\n\t\t\t\t\t<li>\n\t\t\t\t<h4>Yon ray ki panche<\/h4>\n\t\t\t<\/li>\n\t\t\t\t\t<li>\n\t\t\t\t<h4>Yon siy dijital ETA (L\u00e8 Estimatif pou Arive) <\/h4>\n\t\t\t<\/li>\n\t\t\t\t<\/ul>\n\t<p><strong>Objektif Pwototip la:<\/strong> Enstalasyon sa a p\u00e8m\u00e8t vil la teste p\u00e8f\u00f2mans estriktir\u00e8l, eksperyans itilizat\u00e8, ekleraj ak fonksyonalite konpozan yo anvan yo k\u00f2manse pwodiksyon ak enstalasyon konpl\u00e8, ki prevwa pou k\u00f2manse pita nan ane sa.<\/p>\n\t\t\t\t<img decoding=\"async\" src=\"https:\/\/www.miamibeachfl.gov\/wp-content\/uploads\/2025\/05\/busshelter-overhangcircles.jpg\" alt=\"bus shelter prototype\" itemprop=\"image\" title=\"s\u00e8k abri otobis ki depase\" onerror=\"this.style.display='none'\" loading='lazy' \/>\n<h3>\n\t\t\tVizyon Konsepsyon \t<\/h3>\n\t<p>Yo te konsevwa abri yo ak prensip sa yo nan t\u00e8t: <\/p>\n\t\t<ul>\n\t\t\t\t\t<li>\n\t\t\t\t<h4>Koule Eskilti:<\/h4>\n\t\t<p>Yon estrikti lej\u00e8 e fluid ki melanje nan peyizaj iben an av\u00e8k distenksyon. <\/p>\n\t\t\t<\/li>\n\t\t\t\t\t<li>\n\t\t\t\t<h4>Jw\u00e8t Limy\u00e8 ak Lonbray:<\/h4>\n\t\t<p>Itilizasyon panno ki gen twou, fen\u00e8t twati ak fim dikwoik kreye yon jw\u00e8t limy\u00e8 dinamik pandan tout jounen an.<\/p>\t\t\t\n\t\t\t<\/li>\n\t\t\t\t\t<li>\n\t\t\t\t<h4>Ekleraj entegre:<\/h4>\n\t\t<p>Eleman ekleraj sibtil entegre yo amelyore vizibilite ak sekirite lannwit. <\/p>\n\t\t\t<\/li>\n\t\t\t\t\t<li>\n\t\t\t\t<h4>Kolore ak kaptivan:<\/h4>\n\t\t<p>Aksan koul\u00e8 ak mod\u00e8l opsyon\u00e8l yo bay yon enter\u00e8 vizy\u00e8l epi reflete lespri Miami Beach la. <\/p>\n\t\t\t<\/li>\n\t\t\t\t<\/ul>\n\t\t\t\t<img decoding=\"async\" src=\"https:\/\/www.miamibeachfl.gov\/wp-content\/uploads\/2025\/05\/busshelter-bench2.jpg\" alt=\"bus shelter prototype\" itemprop=\"image\" title=\"ban-abri-bus2\" onerror=\"this.style.display='none'\" loading='lazy' \/>\n<h3>\n\t\t\tKonpozan kle yo\t<\/h3>\n<h3>\n\t\t\tSy\u00e8j ak Ray Apiye \t<\/h3>\n\t<p>F\u00e8t pou maksimize konf\u00f2 ak aks\u00e8 pandan y ap minimize anplasman. Abri yo ka ekipe ak div\u00e8s konfigirasyon: <\/p>\n\t\t<ul>\n\t\t\t\t\t<li>\n\t\t\t\t\t\t\t\t\t\t\t<img loading=\"lazy\" decoding=\"async\" src=\"https:\/\/www.miamibeachfl.gov\/wp-content\/uploads\/2025\/05\/busshelter-bench.jpg\" alt=\"busshelter-bench\" width=\"600\" height=\"800\" \/>\n\t\t\t\t<h4>Sy\u00e8j san do <\/h4>\n\t\t\t<\/li>\n\t\t\t\t\t<li>\n\t\t\t\t\t\t\t\t\t\t\t<img loading=\"lazy\" decoding=\"async\" src=\"https:\/\/www.miamibeachfl.gov\/wp-content\/uploads\/2025\/05\/busshelter-lean-1.jpg\" alt=\"busshelter-lean\" width=\"600\" height=\"800\" \/>\n\t\t\t\t<h4>Ray apiye pou konf\u00f2 kout t\u00e8m<\/h4>\n\t\t\t<\/li>\n\t\t\t\t<\/ul>\n<h3>\n\t\t\tEkspozisyon dijital ETA \t<\/h3>\n\t<p>Chak abri ka gen yon ekran dijital an tan rey\u00e8l ki montre l\u00e8 estime otobis yo ap rive. Ekran an monte nan nivo je epi li entegre san pwobl\u00e8m nan konsepsyon abri a.<\/p>\n<h3>\n\t\t\tKisa k ap vini apre a \t<\/h3>\n\t<p>Pwototip sa a f\u00e8 pati angajman Vil la pou reimajine eksperyans transp\u00f2 piblik la pou rezidan yo ak vizit\u00e8 yo san distenksyon. Apre t\u00e8s abri sa a ki te reyisi sou teren an, Vil la pral kontinye ak pwodiksyon an mas ak enstalasyon nouvo abri yo nan ar\u00e8 bis ki kalifye yo nan tout vil la, apati pita nan ane sa a.<\/p>\n<p>Abri nouvo jenerasyon sa yo reprezante yon gwo envestisman nan konf\u00f2 piblik, ekselans nan konsepsyon, ak enfrastrikti transp\u00f2 mod\u00e8n\u2014epi yo se jis k\u00f2mansman an.<\/p>\n<p><strong>M\u00e8si pou enter\u00e8 ou nan pwoj\u00e8 sa a epi pou \u00e8d ou bay nou pou konstwi yon Miami Beach ki pi konekte e ki pi akeyan.<\/strong><\/p>","protected":false},"excerpt":{"rendered":"<p>Bus Shelter Prototype About the Project The City of Miami Beach has developed a new series of iconic, sculptural bus [&hellip;]<\/p>\n","protected":false},"author":222,"featured_media":0,"parent":0,"menu_order":0,"comment_status":"closed","ping_status":"closed","template":"","meta":{"_searchwp_excluded":"","site-sidebar-layout":"default","site-content-layout":"","ast-site-content-layout":"default","site-content-style":"default","site-sidebar-style":"default","ast-global-header-display":"","ast-banner-title-visibility":"","ast-main-header-display":"","ast-hfb-above-header-display":"","ast-hfb-below-header-display":"","ast-hfb-mobile-header-display":"","site-post-title":"","ast-breadcrumbs-content":"","ast-featured-img":"","footer-sml-layout":"","theme-transparent-header-meta":"","adv-header-id-meta":"","stick-header-meta":"","header-above-stick-meta":"","header-main-stick-meta":"","header-below-stick-meta":"","astra-migrate-meta-layouts":"default","ast-page-background-enabled":"default","ast-page-background-meta":{"desktop":{"background-color":"var(--ast-global-color-5)","background-image":"","background-repeat":"repeat","background-position":"center center","background-size":"auto","background-attachment":"scroll","background-type":"","background-media":"","overlay-type":"","overlay-color":"","overlay-opacity":"","overlay-gradient":""},"tablet":{"background-color":"","background-image":"","background-repeat":"repeat","background-position":"center center","background-size":"auto","background-attachment":"scroll","background-type":"","background-media":"","overlay-type":"","overlay-color":"","overlay-opacity":"","overlay-gradient":""},"mobile":{"background-color":"","background-image":"","background-repeat":"repeat","background-position":"center center","background-size":"auto","background-attachment":"scroll","background-type":"","background-media":"","overlay-type":"","overlay-color":"","overlay-opacity":"","overlay-gradient":""}},"ast-content-background-meta":{"desktop":{"background-color":"var(--ast-global-color-4)","background-image":"","background-repeat":"repeat","background-position":"center center","background-size":"auto","background-attachment":"scroll","background-type":"","background-media":"","overlay-type":"","overlay-color":"","overlay-opacity":"","overlay-gradient":""},"tablet":{"background-color":"var(--ast-global-color-4)","background-image":"","background-repeat":"repeat","background-position":"center center","background-size":"auto","background-attachment":"scroll","background-type":"","background-media":"","overlay-type":"","overlay-color":"","overlay-opacity":"","overlay-gradient":""},"mobile":{"background-color":"var(--ast-global-color-4)","background-image":"","background-repeat":"repeat","background-position":"center center","background-size":"auto","background-attachment":"scroll","background-type":"","background-media":"","overlay-type":"","overlay-color":"","overlay-opacity":"","overlay-gradient":""}},"footnotes":""},"categories":[],"tags":[],"class_list":["post-372495","page","type-page","status-publish","hentry"],"yoast_head":"<!-- This site is optimized with the Yoast SEO Premium plugin v27.4 (Yoast SEO v27.4) - https:\/\/yoast.com\/product\/yoast-seo-premium-wordpress\/ -->\n<title>Bus Shelter - City of Miami Beach<\/title>\n<meta name=\"description\" content=\"The City of Miami Beach has developed a new series of iconic, sculptural bus shelters designed to improve comfort, functionality, and aesthetics for transit riders. These shelters will be gradually installed at every bus stop where the right-of-way (ROW) permits, contributing to a more modern and vibrant public realm.\u00a0\" \/>\n<meta name=\"robots\" content=\"index, follow, max-snippet:-1, max-image-preview:large, max-video-preview:-1\" \/>\n<link rel=\"canonical\" href=\"https:\/\/www.miamibeachfl.gov\/ht\/busshelter\/\" \/>\n<meta property=\"og:locale\" content=\"ht_HT\" \/>\n<meta property=\"og:type\" content=\"article\" \/>\n<meta property=\"og:title\" content=\"Bus Shelter\" \/>\n<meta property=\"og:description\" content=\"The City of Miami Beach has developed a new series of iconic, sculptural bus shelters designed to improve comfort, functionality, and aesthetics for transit riders. These shelters will be gradually installed at every bus stop where the right-of-way (ROW) permits, contributing to a more modern and vibrant public realm.\u00a0\" \/>\n<meta property=\"og:url\" content=\"https:\/\/www.miamibeachfl.gov\/ht\/busshelter\/\" \/>\n<meta property=\"og:site_name\" content=\"City of Miami Beach\" \/>\n<meta property=\"article:publisher\" content=\"https:\/\/www.facebook.com\/cityofmiamibeach\" \/>\n<meta property=\"article:modified_time\" content=\"2025-06-07T20:48:36+00:00\" \/>\n<meta property=\"og:image\" content=\"https:\/\/www.miamibeachfl.gov\/wp-content\/uploads\/2025\/05\/busshelter-closeup2.jpg\" \/>\n<meta name=\"twitter:card\" content=\"summary_large_image\" \/>\n<meta name=\"twitter:site\" content=\"@Miamibeachnews\" \/>\n<script type=\"application\/ld+json\" class=\"yoast-schema-graph\">{\"@context\":\"https:\\\/\\\/schema.org\",\"@graph\":[{\"@type\":\"WebPage\",\"@id\":\"https:\\\/\\\/www.miamibeachfl.gov\\\/busshelter\\\/\",\"url\":\"https:\\\/\\\/www.miamibeachfl.gov\\\/busshelter\\\/\",\"name\":\"Bus Shelter - City of Miami Beach\",\"isPartOf\":{\"@id\":\"https:\\\/\\\/www.miamibeachfl.gov\\\/#website\"},\"primaryImageOfPage\":{\"@id\":\"https:\\\/\\\/www.miamibeachfl.gov\\\/busshelter\\\/#primaryimage\"},\"image\":{\"@id\":\"https:\\\/\\\/www.miamibeachfl.gov\\\/busshelter\\\/#primaryimage\"},\"thumbnailUrl\":\"https:\\\/\\\/www.miamibeachfl.gov\\\/wp-content\\\/uploads\\\/2025\\\/05\\\/busshelter-closeup2.jpg\",\"datePublished\":\"2025-05-14T14:43:26+00:00\",\"dateModified\":\"2025-06-07T20:48:36+00:00\",\"description\":\"The City of Miami Beach has developed a new series of iconic, sculptural bus shelters designed to improve comfort, functionality, and aesthetics for transit riders. These shelters will be gradually installed at every bus stop where the right-of-way (ROW) permits, contributing to a more modern and vibrant public realm.\u00a0\",\"breadcrumb\":{\"@id\":\"https:\\\/\\\/www.miamibeachfl.gov\\\/busshelter\\\/#breadcrumb\"},\"inLanguage\":\"ht\",\"potentialAction\":[{\"@type\":\"ReadAction\",\"target\":[\"https:\\\/\\\/www.miamibeachfl.gov\\\/busshelter\\\/\"]}]},{\"@type\":\"ImageObject\",\"inLanguage\":\"ht\",\"@id\":\"https:\\\/\\\/www.miamibeachfl.gov\\\/busshelter\\\/#primaryimage\",\"url\":\"https:\\\/\\\/www.miamibeachfl.gov\\\/wp-content\\\/uploads\\\/2025\\\/05\\\/busshelter-closeup2.jpg\",\"contentUrl\":\"https:\\\/\\\/www.miamibeachfl.gov\\\/wp-content\\\/uploads\\\/2025\\\/05\\\/busshelter-closeup2.jpg\"},{\"@type\":\"BreadcrumbList\",\"@id\":\"https:\\\/\\\/www.miamibeachfl.gov\\\/busshelter\\\/#breadcrumb\",\"itemListElement\":[{\"@type\":\"ListItem\",\"position\":1,\"name\":\"Home\",\"item\":\"https:\\\/\\\/www.miamibeachfl.gov\\\/\"},{\"@type\":\"ListItem\",\"position\":2,\"name\":\"Bus Shelter\"}]},{\"@type\":\"WebSite\",\"@id\":\"https:\\\/\\\/www.miamibeachfl.gov\\\/#website\",\"url\":\"https:\\\/\\\/www.miamibeachfl.gov\\\/\",\"name\":\"City of Miami Beach\",\"description\":\"The official website of the City of Miami Beach. Stay informed, find important information on city services, news, alerts, events, trolley routes, government employment and more.\",\"publisher\":{\"@id\":\"https:\\\/\\\/www.miamibeachfl.gov\\\/#organization\"},\"potentialAction\":[{\"@type\":\"SearchAction\",\"target\":{\"@type\":\"EntryPoint\",\"urlTemplate\":\"https:\\\/\\\/www.miamibeachfl.gov\\\/?s={search_term_string}\"},\"query-input\":{\"@type\":\"PropertyValueSpecification\",\"valueRequired\":true,\"valueName\":\"search_term_string\"}}],\"inLanguage\":\"ht\"},{\"@type\":\"Organization\",\"@id\":\"https:\\\/\\\/www.miamibeachfl.gov\\\/#organization\",\"name\":\"City of Miami Beach\",\"url\":\"https:\\\/\\\/www.miamibeachfl.gov\\\/\",\"logo\":{\"@type\":\"ImageObject\",\"inLanguage\":\"ht\",\"@id\":\"https:\\\/\\\/www.miamibeachfl.gov\\\/#\\\/schema\\\/logo\\\/image\\\/\",\"url\":\"https:\\\/\\\/www.miamibeachfl.gov\\\/wp-content\\\/uploads\\\/2022\\\/06\\\/miamibeach-logoblue.png\",\"contentUrl\":\"https:\\\/\\\/www.miamibeachfl.gov\\\/wp-content\\\/uploads\\\/2022\\\/06\\\/miamibeach-logoblue.png\",\"width\":1962,\"height\":381,\"caption\":\"City of Miami Beach\"},\"image\":{\"@id\":\"https:\\\/\\\/www.miamibeachfl.gov\\\/#\\\/schema\\\/logo\\\/image\\\/\"},\"sameAs\":[\"https:\\\/\\\/www.facebook.com\\\/cityofmiamibeach\",\"https:\\\/\\\/x.com\\\/Miamibeachnews\",\"https:\\\/\\\/www.instagram.com\\\/miamibeachnews\\\/\"],\"description\":\"The official website of the City of Miami Beach. Stay informed, find important information on city services, news, alerts, events, trolley routes, government employment and more.\",\"telephone\":\"305.604.CITY(2489)\",\"legalName\":\"City of Miami Beach\"}]}<\/script>\n<!-- \/ Yoast SEO Premium plugin. -->","yoast_head_json":{"title":"Abribis - Vil Miami Beach","description":"Vil Miami Beach devlope yon nouvo seri abri bis ikonik ak eskiltir\u00e8l ki f\u00e8t pou amelyore konf\u00f2, fonksyonalite ak estetik pasaje transp\u00f2 piblik yo. Y ap enstale abri sa yo piti piti nan chak ar\u00e8 bis kote dwa pasaj la (ROW) p\u00e8m\u00e8t sa, pou kontribye nan yon espas piblik ki pi mod\u00e8n ak vibran.\u00a0","robots":{"index":"index","follow":"follow","max-snippet":"max-snippet:-1","max-image-preview":"max-image-preview:large","max-video-preview":"max-video-preview:-1"},"canonical":"https:\/\/www.miamibeachfl.gov\/ht\/busshelter\/","og_locale":"ht_HT","og_type":"article","og_title":"Bus Shelter","og_description":"The City of Miami Beach has developed a new series of iconic, sculptural bus shelters designed to improve comfort, functionality, and aesthetics for transit riders. These shelters will be gradually installed at every bus stop where the right-of-way (ROW) permits, contributing to a more modern and vibrant public realm.\u00a0","og_url":"https:\/\/www.miamibeachfl.gov\/ht\/busshelter\/","og_site_name":"City of Miami Beach","article_publisher":"https:\/\/www.facebook.com\/cityofmiamibeach","article_modified_time":"2025-06-07T20:48:36+00:00","og_image":[{"url":"https:\/\/www.miamibeachfl.gov\/wp-content\/uploads\/2025\/05\/busshelter-closeup2.jpg","type":"","width":"","height":""}],"twitter_card":"summary_large_image","twitter_site":"@Miamibeachnews","schema":{"@context":"https:\/\/schema.org","@graph":[{"@type":"WebPage","@id":"https:\/\/www.miamibeachfl.gov\/busshelter\/","url":"https:\/\/www.miamibeachfl.gov\/busshelter\/","name":"Abribis - Vil Miami Beach","isPartOf":{"@id":"https:\/\/www.miamibeachfl.gov\/#website"},"primaryImageOfPage":{"@id":"https:\/\/www.miamibeachfl.gov\/busshelter\/#primaryimage"},"image":{"@id":"https:\/\/www.miamibeachfl.gov\/busshelter\/#primaryimage"},"thumbnailUrl":"https:\/\/www.miamibeachfl.gov\/wp-content\/uploads\/2025\/05\/busshelter-closeup2.jpg","datePublished":"2025-05-14T14:43:26+00:00","dateModified":"2025-06-07T20:48:36+00:00","description":"Vil Miami Beach devlope yon nouvo seri abri bis ikonik ak eskiltir\u00e8l ki f\u00e8t pou amelyore konf\u00f2, fonksyonalite ak estetik pasaje transp\u00f2 piblik yo. Y ap enstale abri sa yo piti piti nan chak ar\u00e8 bis kote dwa pasaj la (ROW) p\u00e8m\u00e8t sa, pou kontribye nan yon espas piblik ki pi mod\u00e8n ak vibran.\u00a0","breadcrumb":{"@id":"https:\/\/www.miamibeachfl.gov\/busshelter\/#breadcrumb"},"inLanguage":"ht","potentialAction":[{"@type":"ReadAction","target":["https:\/\/www.miamibeachfl.gov\/busshelter\/"]}]},{"@type":"ImageObject","inLanguage":"ht","@id":"https:\/\/www.miamibeachfl.gov\/busshelter\/#primaryimage","url":"https:\/\/www.miamibeachfl.gov\/wp-content\/uploads\/2025\/05\/busshelter-closeup2.jpg","contentUrl":"https:\/\/www.miamibeachfl.gov\/wp-content\/uploads\/2025\/05\/busshelter-closeup2.jpg"},{"@type":"BreadcrumbList","@id":"https:\/\/www.miamibeachfl.gov\/busshelter\/#breadcrumb","itemListElement":[{"@type":"ListItem","position":1,"name":"Home","item":"https:\/\/www.miamibeachfl.gov\/"},{"@type":"ListItem","position":2,"name":"Bus Shelter"}]},{"@type":"WebSite","@id":"https:\/\/www.miamibeachfl.gov\/#website","url":"https:\/\/www.miamibeachfl.gov\/","name":"Vil Miami Beach","description":"Sitw\u00e8b ofisy\u00e8l Vil Miami Beach la. Rete enf\u00f2me, jwenn enf\u00f2masyon enp\u00f2tan sou s\u00e8vis vil la, nouv\u00e8l, al\u00e8t, ev\u00e8nman, wout tramway, travay gouv\u00e8nman an ak plis ank\u00f2.","publisher":{"@id":"https:\/\/www.miamibeachfl.gov\/#organization"},"potentialAction":[{"@type":"SearchAction","target":{"@type":"EntryPoint","urlTemplate":"https:\/\/www.miamibeachfl.gov\/?s={search_term_string}"},"query-input":{"@type":"PropertyValueSpecification","valueRequired":true,"valueName":"search_term_string"}}],"inLanguage":"ht"},{"@type":"Organization","@id":"https:\/\/www.miamibeachfl.gov\/#organization","name":"Vil Miami Beach","url":"https:\/\/www.miamibeachfl.gov\/","logo":{"@type":"ImageObject","inLanguage":"ht","@id":"https:\/\/www.miamibeachfl.gov\/#\/schema\/logo\/image\/","url":"https:\/\/www.miamibeachfl.gov\/wp-content\/uploads\/2022\/06\/miamibeach-logoblue.png","contentUrl":"https:\/\/www.miamibeachfl.gov\/wp-content\/uploads\/2022\/06\/miamibeach-logoblue.png","width":1962,"height":381,"caption":"City of Miami Beach"},"image":{"@id":"https:\/\/www.miamibeachfl.gov\/#\/schema\/logo\/image\/"},"sameAs":["https:\/\/www.facebook.com\/cityofmiamibeach","https:\/\/x.com\/Miamibeachnews","https:\/\/www.instagram.com\/miamibeachnews\/"],"description":"Sitw\u00e8b ofisy\u00e8l Vil Miami Beach la. Rete enf\u00f2me, jwenn enf\u00f2masyon enp\u00f2tan sou s\u00e8vis vil la, nouv\u00e8l, al\u00e8t, ev\u00e8nman, wout tramway, travay gouv\u00e8nman an ak plis ank\u00f2.","telephone":"305.604.CITY(2489)","legalName":"City of Miami Beach"}]}},"_links":{"self":[{"href":"https:\/\/www.miamibeachfl.gov\/ht\/wp-json\/wp\/v2\/pages\/372495","targetHints":{"allow":["GET"]}}],"collection":[{"href":"https:\/\/www.miamibeachfl.gov\/ht\/wp-json\/wp\/v2\/pages"}],"about":[{"href":"https:\/\/www.miamibeachfl.gov\/ht\/wp-json\/wp\/v2\/types\/page"}],"author":[{"embeddable":true,"href":"https:\/\/www.miamibeachfl.gov\/ht\/wp-json\/wp\/v2\/users\/222"}],"replies":[{"embeddable":true,"href":"https:\/\/www.miamibeachfl.gov\/ht\/wp-json\/wp\/v2\/comments?post=372495"}],"version-history":[{"count":1,"href":"https:\/\/www.miamibeachfl.gov\/ht\/wp-json\/wp\/v2\/pages\/372495\/revisions"}],"predecessor-version":[{"id":375859,"href":"https:\/\/www.miamibeachfl.gov\/ht\/wp-json\/wp\/v2\/pages\/372495\/revisions\/375859"}],"wp:attachment":[{"href":"https:\/\/www.miamibeachfl.gov\/ht\/wp-json\/wp\/v2\/media?parent=372495"}],"wp:term":[{"taxonomy":"category","embeddable":true,"href":"https:\/\/www.miamibeachfl.gov\/ht\/wp-json\/wp\/v2\/categories?post=372495"},{"taxonomy":"post_tag","embeddable":true,"href":"https:\/\/www.miamibeachfl.gov\/ht\/wp-json\/wp\/v2\/tags?post=372495"}],"curies":[{"name":"wp","href":"https:\/\/api.w.org\/{rel}","templated":true}]}}