{"id":374936,"date":"2025-05-30T10:11:35","date_gmt":"2025-05-30T14:11:35","guid":{"rendered":"https:\/\/www.miamibeachfl.gov\/?page_id=374936"},"modified":"2026-01-05T14:19:16","modified_gmt":"2026-01-05T19:19:16","slug":"related-resolutions-november-4-2025","status":"publish","type":"page","link":"https:\/\/www.miamibeachfl.gov\/ht\/city-hall\/city-clerk\/election-information\/related-resolutions-november-4-2025\/","title":{"rendered":"Rezolisyon ki gen rap\u00f2 ak sij\u00e8 sa a \u2013 4 NOVANM 2025"},"content":{"rendered":"<nav id=\"breadcrumbs\" aria-label=\"Pen griye\"><a href=\"https:\/\/www.miamibeachfl.gov\/ht\/\">Lakay<\/a> &gt; <a href=\"https:\/\/www.miamibeachfl.gov\/ht\/city-hall\/\">Lakou Vil la<\/a> &gt; <a href=\"https:\/\/www.miamibeachfl.gov\/ht\/city-hall\/city-clerk\/\">Grefye Vil la<\/a> &gt; <a href=\"https:\/\/www.miamibeachfl.gov\/ht\/city-hall\/city-clerk\/election-information\/\">Enf\u00f2masyon sou Eleksyon<\/a> &gt; <strong>Rezolisyon ki gen rap\u00f2 ak sij\u00e8 sa a \u2013 4 NOVANM 2025<\/strong><\/nav><h1>\n\t\t\tRezolisyon ki gen rap\u00f2 ak sij\u00e8 sa a \u2013 4 novanm 2025\t<\/h1>\n\t<ul>\n<li><a href=\"https:\/\/www.miamibeachfl.gov\/wp-content\/uploads\/2026\/01\/Resolution-2025-33956.pdf\">Rezolisyon 2025-33956<\/a>YON REZOLISYON M\u00c8 A AK KOMISYON VIL MIAMI BEACH, FLORID KI ADOPTE S\u00c8TIFIKASYON REZILTA ELEKSYON 2Y\u00c8M SWEN ELEKSYON 9 DESANM 2025 LA POU VIL MIAMI BEACH, EPI KI DEKLARE KANDIDA YO ELI.<\/li>\n<li><a href=\"https:\/\/www.miamibeachfl.gov\/wp-content\/uploads\/2025\/11\/Resolution-2025-33950.pdf\">Rezolisyon 2025-33950<\/a>YON REZOLISYON M\u00c8 A AK KOMISYON VIL MIAMI BEACH, FLORID, KI ADOPTE S\u00c8TIFIKA REZILTA ELEKSYON JENERAL 4 NOVANM 2025 LA POU VIL MIAMI BEACH.<\/li>\n<li><a href=\"https:\/\/www.miamibeachfl.gov\/wp-content\/uploads\/2025\/08\/Resolution-2025-33813.pdf\">Rezolisyon 2025-33813:<\/a> YON REZOLISYON M\u00c8 A AK KOMISYON VIL MIAMI BEACH, FLORID, KI OTORIZE ADMINISTRASYON AN POU ANREJISTRE VIDEYO AK DIF\u00c8 SOU MBTV PREZANTASYON VIDEYO KANDIDA M\u00c8 A AK KOMISYON GWOUP I, II AK III POU ELEKSYON JENERAL 4 NOVANM 2025 LA EPI KI AFIME K\u00d2M DEKLARASYON POLITIK LI OBJEKTIF PIBLIO POU EDIKE VOT\u00c8 VIL LA SOU KANDIDA KALIFYE KI CHACHE ELEKSYON NAN ELEKSYON JENERAL 4 NOVANM 2025 LA.<\/li>\n<li><a href=\"https:\/\/www.miamibeachfl.gov\/wp-content\/uploads\/2025\/08\/Resolution-2025-33812.pdf\">Rezolisyon 2025-33812<\/a>\u00a0YON REZOLISYON M\u00c8 A AK KOMISYON VIL MIAMI BEACH, FLORID, KI OTORIZE V\u00d2T ANVIW\u00d2NMAN POU ELEKSYON JENERAL 4 NOVANM 2025 LA NAN VIL MIAMI BEACH EPI, SI SA NESES\u00c8, POU YON GWO SEGOND ELEKSYON 9 DESANM 2025 LA EPI KI BAY BIWO SIP\u00c8VIZ\u00c8 ELEKSYON KONTE MIAMI-DADE A ENSTRIKSYON POU BAY BWAT DEPO DRIVE-THROUGH NAN TOUT SIT V\u00d2T ANVIW\u00d2NMAN YO PANDAN V\u00d2T ANVIW\u00d2NMAN AN POU P\u00c8M\u00c8T VOT\u00c8 YO RETOUNEN BILTEN V\u00d2T PA LAP\u00d2S YO AV\u00c8K TOUT SEKIRITE E AL\u00c8 POU ELEKSYON JENERAL 4 NOVANM 2025 LA, EPI, SI SA NESES\u00c8, POU GWO SEGOND ELEKSYON 9 DESANM 2025 LA.<\/li>\n<li><a href=\"https:\/\/www.miamibeachfl.gov\/wp-content\/uploads\/2025\/08\/Resolution-2025-33811.pdf\">Rezolisyon 2025-33811<\/a>\u00a0YON REZOLISYON M\u00c8 A AK KOMISYON VIL MIAMI BEACH, FLORID, KI MANDE POU YON ELEKSYON JENERAL KI DWE F\u00c8T 4 NOVANM 2025 NAN VIL MIAMI BEACH POU ELI YON M\u00c8 AK TWA KOMIS\u00c8 VIL LA (GWOUP I, II, AK III); KI PREVWA POU YON GWO DEZY\u00c8M ELEKSYON, SI SA NESES\u00c8, KI DWE F\u00c8T 9 DESANM 2025; KI PREVWA POU BIWO SIP\u00c8VIZ\u00c8 ELEKSYON KONTE MIAMI-DADE A (BIWO SIP\u00c8VIZ\u00c8 ELEKSYON YO) AP F\u00c8 ELEKSYON SA YO; KI PREVWA KE SIKOR\u00d2 V\u00d2T POU ELEKSYON SA YO DWE SA YO SIP\u00c8VIZ\u00c8 ELEKSYON YO TE ETABLI; KI PREVWA POU AVI ELEKSYON SA YO; KI PRAL DEPANN F\u00d2M BILTEN V\u00d2T AK ENSKRIPSYON VOT\u00c8 YO AN AK\u00d2 AK LALWA ETA A; KI PRAL DEPANN POU PATISIPASYON VOT\u00c8 YO PA V\u00d2T PA LAP\u00d2S NAN ELEKSYON SA YO AN AK\u00d2 AK LALWA ETA A; EPI KI PRAL DEPANN TOUT DEPANS POU ORGANIZE ELEKSYON YO.<\/li>\n<li><a href=\"https:\/\/www.miamibeachfl.gov\/wp-content\/uploads\/2025\/05\/Reso-2025-33648.pdf\">Rezolisyon 2025-33648<\/a>YON REZOLISYON M\u00c8 A AK KOMISYON VIL MIAMI BEACH, FLORID, KI AKSEPTE REKOMANDASYON KOMITE SEKIRITE PIBLIK AK KALITE LAVI KATYE A, NAN REYINYON 9 AVRIL 2025 LI A, POU (1) APROUVE EKSPANSYON KAT SIT V\u00d2T ANVIW\u00d2NMAN PANDAN GWO DEZY\u00c8M ELEKSYON 2025 LA (SI SA NESES\u00c8) POU AMELYORE AKS\u00c8 VOT\u00c8 YO, PITYIL\u00c8MAN NAN SOUTH BEACH PANDAN PERY\u00d2D ART BASEL LA; EPI (2) SIP\u00d2TE KONFIMASYON REZ\u00c8VASYON PAKIN PRIYORIT\u00c8 POU VOT\u00c8 YO NAN GARAJ PAKIN G7 SHORT TERM CITY HALL LA PANDAN GWO DEZY\u00c8M ELEKSYON 2025 LA (SI SA NESES\u00c8); EPI KI P\u00c8V\u00c8DI TRANSMISYON PW\u00d2P SA A BAY SIP\u00c8VIZ\u00c8 ELEKSYON YO AK EGZEKISYON PA GREF\u00c8 VIL LA.<\/li>\n<\/ul>","protected":false},"excerpt":{"rendered":"<p>Ak\u00e8y &gt; Lakou Minisipal la &gt; Sekret\u00e8 Minisipal la &gt; Enf\u00f2masyon sou Eleksyon &gt; Rezolisyon ki gen rap\u00f2 \u2013 4 NOVANM 2025 Rezolisyon ki gen rap\u00f2 \u2013 [\u2026]<\/p>","protected":false},"author":222,"featured_media":0,"parent":28358,"menu_order":78,"comment_status":"closed","ping_status":"closed","template":"","meta":{"_searchwp_excluded":"","site-sidebar-layout":"default","site-content-layout":"","ast-site-content-layout":"default","site-content-style":"default","site-sidebar-style":"default","ast-global-header-display":"","ast-banner-title-visibility":"","ast-main-header-display":"","ast-hfb-above-header-display":"","ast-hfb-below-header-display":"","ast-hfb-mobile-header-display":"","site-post-title":"","ast-breadcrumbs-content":"","ast-featured-img":"","footer-sml-layout":"","theme-transparent-header-meta":"","adv-header-id-meta":"","stick-header-meta":"","header-above-stick-meta":"","header-main-stick-meta":"","header-below-stick-meta":"","astra-migrate-meta-layouts":"default","ast-page-background-enabled":"default","ast-page-background-meta":{"desktop":{"background-color":"var(--ast-global-color-5)","background-image":"","background-repeat":"repeat","background-position":"center center","background-size":"auto","background-attachment":"scroll","background-type":"","background-media":"","overlay-type":"","overlay-color":"","overlay-opacity":"","overlay-gradient":""},"tablet":{"background-color":"","background-image":"","background-repeat":"repeat","background-position":"center center","background-size":"auto","background-attachment":"scroll","background-type":"","background-media":"","overlay-type":"","overlay-color":"","overlay-opacity":"","overlay-gradient":""},"mobile":{"background-color":"","background-image":"","background-repeat":"repeat","background-position":"center center","background-size":"auto","background-attachment":"scroll","background-type":"","background-media":"","overlay-type":"","overlay-color":"","overlay-opacity":"","overlay-gradient":""}},"ast-content-background-meta":{"desktop":{"background-color":"var(--ast-global-color-4)","background-image":"","background-repeat":"repeat","background-position":"center center","background-size":"auto","background-attachment":"scroll","background-type":"","background-media":"","overlay-type":"","overlay-color":"","overlay-opacity":"","overlay-gradient":""},"tablet":{"background-color":"var(--ast-global-color-4)","background-image":"","background-repeat":"repeat","background-position":"center center","background-size":"auto","background-attachment":"scroll","background-type":"","background-media":"","overlay-type":"","overlay-color":"","overlay-opacity":"","overlay-gradient":""},"mobile":{"background-color":"var(--ast-global-color-4)","background-image":"","background-repeat":"repeat","background-position":"center center","background-size":"auto","background-attachment":"scroll","background-type":"","background-media":"","overlay-type":"","overlay-color":"","overlay-opacity":"","overlay-gradient":""}},"footnotes":""},"categories":[1],"tags":[],"class_list":["post-374936","page","type-page","status-publish","hentry","category-uncategorized"],"yoast_head":"<!-- This site is optimized with the Yoast SEO Premium plugin v26.6 (Yoast SEO v26.6) - https:\/\/yoast.com\/wordpress\/plugins\/seo\/ -->\n<title>Related Resolutions - NOVEMBER 4, 2025 - City of Miami Beach<\/title>\n<meta name=\"description\" content=\"%\" \/>\n<meta name=\"robots\" content=\"index, follow, max-snippet:-1, max-image-preview:large, max-video-preview:-1\" \/>\n<link rel=\"canonical\" href=\"https:\/\/www.miamibeachfl.gov\/ht\/city-hall\/city-clerk\/election-information\/related-resolutions-november-4-2025\/\" \/>\n<meta property=\"og:locale\" content=\"ht_HT\" \/>\n<meta property=\"og:type\" content=\"article\" \/>\n<meta property=\"og:title\" content=\"Related Resolutions - NOVEMBER 4, 2025\" \/>\n<meta property=\"og:description\" content=\"%\" \/>\n<meta property=\"og:url\" content=\"https:\/\/www.miamibeachfl.gov\/ht\/city-hall\/city-clerk\/election-information\/related-resolutions-november-4-2025\/\" \/>\n<meta property=\"og:site_name\" content=\"City of Miami Beach\" \/>\n<meta property=\"article:publisher\" content=\"https:\/\/www.facebook.com\/cityofmiamibeach\" \/>\n<meta property=\"article:modified_time\" content=\"2026-01-05T19:19:16+00:00\" \/>\n<meta property=\"og:image\" content=\"https:\/\/www.miamibeachfl.gov\/wp-content\/uploads\/2024\/01\/1000pxSquare-miamibeach-aerial-southpointview.jpeg\" \/>\n\t<meta property=\"og:image:width\" content=\"1000\" \/>\n\t<meta property=\"og:image:height\" content=\"1000\" \/>\n\t<meta property=\"og:image:type\" content=\"image\/jpeg\" \/>\n<meta name=\"twitter:card\" content=\"summary_large_image\" \/>\n<meta name=\"twitter:site\" content=\"@Miamibeachnews\" \/>\n<script type=\"application\/ld+json\" class=\"yoast-schema-graph\">{\"@context\":\"https:\/\/schema.org\",\"@graph\":[{\"@type\":\"WebPage\",\"@id\":\"https:\/\/www.miamibeachfl.gov\/city-hall\/city-clerk\/election-information\/related-resolutions-november-4-2025\/\",\"url\":\"https:\/\/www.miamibeachfl.gov\/city-hall\/city-clerk\/election-information\/related-resolutions-november-4-2025\/\",\"name\":\"Related Resolutions - NOVEMBER 4, 2025 - City of Miami Beach\",\"isPartOf\":{\"@id\":\"https:\/\/www.miamibeachfl.gov\/#website\"},\"datePublished\":\"2025-05-30T14:11:35+00:00\",\"dateModified\":\"2026-01-05T19:19:16+00:00\",\"description\":\"%\",\"breadcrumb\":{\"@id\":\"https:\/\/www.miamibeachfl.gov\/city-hall\/city-clerk\/election-information\/related-resolutions-november-4-2025\/#breadcrumb\"},\"inLanguage\":\"ht\",\"potentialAction\":[{\"@type\":\"ReadAction\",\"target\":[\"https:\/\/www.miamibeachfl.gov\/city-hall\/city-clerk\/election-information\/related-resolutions-november-4-2025\/\"]}]},{\"@type\":\"BreadcrumbList\",\"@id\":\"https:\/\/www.miamibeachfl.gov\/city-hall\/city-clerk\/election-information\/related-resolutions-november-4-2025\/#breadcrumb\",\"itemListElement\":[{\"@type\":\"ListItem\",\"position\":1,\"name\":\"Home\",\"item\":\"https:\/\/www.miamibeachfl.gov\/\"},{\"@type\":\"ListItem\",\"position\":2,\"name\":\"City Hall\",\"item\":\"https:\/\/www.miamibeachfl.gov\/city-hall\/\"},{\"@type\":\"ListItem\",\"position\":3,\"name\":\"City Clerk\",\"item\":\"https:\/\/www.miamibeachfl.gov\/city-hall\/city-clerk\/\"},{\"@type\":\"ListItem\",\"position\":4,\"name\":\"Election Information\",\"item\":\"https:\/\/www.miamibeachfl.gov\/city-hall\/city-clerk\/election-information\/\"},{\"@type\":\"ListItem\",\"position\":5,\"name\":\"Related Resolutions &#8211; NOVEMBER 4, 2025\"}]},{\"@type\":\"WebSite\",\"@id\":\"https:\/\/www.miamibeachfl.gov\/#website\",\"url\":\"https:\/\/www.miamibeachfl.gov\/\",\"name\":\"City of Miami Beach\",\"description\":\"The official website of the City of Miami Beach. Stay informed, find important information on city services, news, alerts, events, trolley routes, government employment and more.\",\"publisher\":{\"@id\":\"https:\/\/www.miamibeachfl.gov\/#organization\"},\"potentialAction\":[{\"@type\":\"SearchAction\",\"target\":{\"@type\":\"EntryPoint\",\"urlTemplate\":\"https:\/\/www.miamibeachfl.gov\/?s={search_term_string}\"},\"query-input\":{\"@type\":\"PropertyValueSpecification\",\"valueRequired\":true,\"valueName\":\"search_term_string\"}}],\"inLanguage\":\"ht\"},{\"@type\":\"Organization\",\"@id\":\"https:\/\/www.miamibeachfl.gov\/#organization\",\"name\":\"City of Miami Beach\",\"url\":\"https:\/\/www.miamibeachfl.gov\/\",\"logo\":{\"@type\":\"ImageObject\",\"inLanguage\":\"ht\",\"@id\":\"https:\/\/www.miamibeachfl.gov\/#\/schema\/logo\/image\/\",\"url\":\"https:\/\/www.miamibeachfl.gov\/wp-content\/uploads\/2022\/06\/miamibeach-logoblue.png\",\"contentUrl\":\"https:\/\/www.miamibeachfl.gov\/wp-content\/uploads\/2022\/06\/miamibeach-logoblue.png\",\"width\":1962,\"height\":381,\"caption\":\"City of Miami Beach\"},\"image\":{\"@id\":\"https:\/\/www.miamibeachfl.gov\/#\/schema\/logo\/image\/\"},\"sameAs\":[\"https:\/\/www.facebook.com\/cityofmiamibeach\",\"https:\/\/x.com\/Miamibeachnews\",\"https:\/\/www.instagram.com\/miamibeachnews\/\"],\"description\":\"The official website of the City of Miami Beach. Stay informed, find important information on city services, news, alerts, events, trolley routes, government employment and more.\",\"telephone\":\"305.604.CITY(2489)\",\"legalName\":\"City of Miami Beach\"}]}<\/script>\n<!-- \/ Yoast SEO Premium plugin. -->","yoast_head_json":{"title":"Rezolisyon ki gen rap\u00f2 - 4 NOVANM 2025 - Vil Miami Beach","description":"%","robots":{"index":"index","follow":"follow","max-snippet":"max-snippet:-1","max-image-preview":"max-image-preview:large","max-video-preview":"max-video-preview:-1"},"canonical":"https:\/\/www.miamibeachfl.gov\/ht\/city-hall\/city-clerk\/election-information\/related-resolutions-november-4-2025\/","og_locale":"ht_HT","og_type":"article","og_title":"Related Resolutions - NOVEMBER 4, 2025","og_description":"%","og_url":"https:\/\/www.miamibeachfl.gov\/ht\/city-hall\/city-clerk\/election-information\/related-resolutions-november-4-2025\/","og_site_name":"City of Miami Beach","article_publisher":"https:\/\/www.facebook.com\/cityofmiamibeach","article_modified_time":"2026-01-05T19:19:16+00:00","og_image":[{"width":1000,"height":1000,"url":"https:\/\/www.miamibeachfl.gov\/wp-content\/uploads\/2024\/01\/1000pxSquare-miamibeach-aerial-southpointview.jpeg","type":"image\/jpeg"}],"twitter_card":"summary_large_image","twitter_site":"@Miamibeachnews","schema":{"@context":"https:\/\/schema.org","@graph":[{"@type":"WebPage","@id":"https:\/\/www.miamibeachfl.gov\/city-hall\/city-clerk\/election-information\/related-resolutions-november-4-2025\/","url":"https:\/\/www.miamibeachfl.gov\/city-hall\/city-clerk\/election-information\/related-resolutions-november-4-2025\/","name":"Rezolisyon ki gen rap\u00f2 - 4 NOVANM 2025 - Vil Miami Beach","isPartOf":{"@id":"https:\/\/www.miamibeachfl.gov\/#website"},"datePublished":"2025-05-30T14:11:35+00:00","dateModified":"2026-01-05T19:19:16+00:00","description":"%","breadcrumb":{"@id":"https:\/\/www.miamibeachfl.gov\/city-hall\/city-clerk\/election-information\/related-resolutions-november-4-2025\/#breadcrumb"},"inLanguage":"ht","potentialAction":[{"@type":"ReadAction","target":["https:\/\/www.miamibeachfl.gov\/city-hall\/city-clerk\/election-information\/related-resolutions-november-4-2025\/"]}]},{"@type":"BreadcrumbList","@id":"https:\/\/www.miamibeachfl.gov\/city-hall\/city-clerk\/election-information\/related-resolutions-november-4-2025\/#breadcrumb","itemListElement":[{"@type":"ListItem","position":1,"name":"Home","item":"https:\/\/www.miamibeachfl.gov\/"},{"@type":"ListItem","position":2,"name":"City Hall","item":"https:\/\/www.miamibeachfl.gov\/city-hall\/"},{"@type":"ListItem","position":3,"name":"City Clerk","item":"https:\/\/www.miamibeachfl.gov\/city-hall\/city-clerk\/"},{"@type":"ListItem","position":4,"name":"Election Information","item":"https:\/\/www.miamibeachfl.gov\/city-hall\/city-clerk\/election-information\/"},{"@type":"ListItem","position":5,"name":"Related Resolutions &#8211; NOVEMBER 4, 2025"}]},{"@type":"WebSite","@id":"https:\/\/www.miamibeachfl.gov\/#website","url":"https:\/\/www.miamibeachfl.gov\/","name":"Vil Miami Beach","description":"Sitw\u00e8b ofisy\u00e8l Vil Miami Beach la. Rete enf\u00f2me, jwenn enf\u00f2masyon enp\u00f2tan sou s\u00e8vis vil la, nouv\u00e8l, al\u00e8t, ev\u00e8nman, wout tramway, travay gouv\u00e8nman an ak plis ank\u00f2.","publisher":{"@id":"https:\/\/www.miamibeachfl.gov\/#organization"},"potentialAction":[{"@type":"SearchAction","target":{"@type":"EntryPoint","urlTemplate":"https:\/\/www.miamibeachfl.gov\/?s={search_term_string}"},"query-input":{"@type":"PropertyValueSpecification","valueRequired":true,"valueName":"search_term_string"}}],"inLanguage":"ht"},{"@type":"Organization","@id":"https:\/\/www.miamibeachfl.gov\/#organization","name":"Vil Miami Beach","url":"https:\/\/www.miamibeachfl.gov\/","logo":{"@type":"ImageObject","inLanguage":"ht","@id":"https:\/\/www.miamibeachfl.gov\/#\/schema\/logo\/image\/","url":"https:\/\/www.miamibeachfl.gov\/wp-content\/uploads\/2022\/06\/miamibeach-logoblue.png","contentUrl":"https:\/\/www.miamibeachfl.gov\/wp-content\/uploads\/2022\/06\/miamibeach-logoblue.png","width":1962,"height":381,"caption":"City of Miami Beach"},"image":{"@id":"https:\/\/www.miamibeachfl.gov\/#\/schema\/logo\/image\/"},"sameAs":["https:\/\/www.facebook.com\/cityofmiamibeach","https:\/\/x.com\/Miamibeachnews","https:\/\/www.instagram.com\/miamibeachnews\/"],"description":"Sitw\u00e8b ofisy\u00e8l Vil Miami Beach la. Rete enf\u00f2me, jwenn enf\u00f2masyon enp\u00f2tan sou s\u00e8vis vil la, nouv\u00e8l, al\u00e8t, ev\u00e8nman, wout tramway, travay gouv\u00e8nman an ak plis ank\u00f2.","telephone":"305.604.CITY(2489)","legalName":"City of Miami Beach"}]}},"_links":{"self":[{"href":"https:\/\/www.miamibeachfl.gov\/ht\/wp-json\/wp\/v2\/pages\/374936","targetHints":{"allow":["GET"]}}],"collection":[{"href":"https:\/\/www.miamibeachfl.gov\/ht\/wp-json\/wp\/v2\/pages"}],"about":[{"href":"https:\/\/www.miamibeachfl.gov\/ht\/wp-json\/wp\/v2\/types\/page"}],"author":[{"embeddable":true,"href":"https:\/\/www.miamibeachfl.gov\/ht\/wp-json\/wp\/v2\/users\/222"}],"replies":[{"embeddable":true,"href":"https:\/\/www.miamibeachfl.gov\/ht\/wp-json\/wp\/v2\/comments?post=374936"}],"version-history":[{"count":0,"href":"https:\/\/www.miamibeachfl.gov\/ht\/wp-json\/wp\/v2\/pages\/374936\/revisions"}],"up":[{"embeddable":true,"href":"https:\/\/www.miamibeachfl.gov\/ht\/wp-json\/wp\/v2\/pages\/28358"}],"wp:attachment":[{"href":"https:\/\/www.miamibeachfl.gov\/ht\/wp-json\/wp\/v2\/media?parent=374936"}],"wp:term":[{"taxonomy":"category","embeddable":true,"href":"https:\/\/www.miamibeachfl.gov\/ht\/wp-json\/wp\/v2\/categories?post=374936"},{"taxonomy":"post_tag","embeddable":true,"href":"https:\/\/www.miamibeachfl.gov\/ht\/wp-json\/wp\/v2\/tags?post=374936"}],"curies":[{"name":"wp","href":"https:\/\/api.w.org\/{rel}","templated":true}]}}