{"id":38359,"date":"2017-10-09T14:36:33","date_gmt":"2017-10-09T18:36:33","guid":{"rendered":"http:\/\/www.miamibeachfl.gov\/?page_id=38359"},"modified":"2025-07-14T15:26:53","modified_gmt":"2025-07-14T19:26:53","slug":"deferred-retirement-option-plan","status":"publish","type":"page","link":"https:\/\/www.miamibeachfl.gov\/ht\/city-hall\/mberp\/deferred-retirement-option-plan\/","title":{"rendered":"GOTE"},"content":{"rendered":"<img decoding=\"async\" src=\"https:\/\/www.miamibeachfl.gov\/wp-content\/uploads\/2022\/07\/hero-small.jpg\" alt=\"ocean drive art deco buildings\" itemprop=\"image\" title=\"ewo-piti\" onerror=\"this.style.display='none'\" loading='lazy' \/>\n<h1>\n\t\t\tGOTE\t<\/h1>\n\t<nav id=\"breadcrumbs\" aria-label=\"Pen griye\"><a href=\"https:\/\/www.miamibeachfl.gov\/ht\/\">Lakay<\/a> &gt; <a href=\"https:\/\/www.miamibeachfl.gov\/ht\/city-hall\/\">Lakou Vil la<\/a> &gt; <a href=\"https:\/\/www.miamibeachfl.gov\/ht\/city-hall\/mberp\/\">MBERP \u2013 Plan Retr\u00e8t Anplwaye Miami Beach<\/a> &gt; <strong>GOTE<\/strong><\/nav>\n\t<p>Gen anpil bagay pou konsidere l\u00e8 w pral sispann travay epi finalman pran retr\u00e8t. Pwogram DROP la ajoute plis kesyon toujou pou w konsidere nan plan retr\u00e8t ou a. Nou la pou ede w konprann ki opsyon ou genyen epi pou ede w devlope yon estrateji retr\u00e8t ki adapte endividy\u00e8lman ak sitiyasyon w lan. Men k\u00e8k kesyon nou resevwa regily\u00e8man:<\/p>\n<p><strong>Tanpri note<\/strong>Gen plis kesyon ki pa kouvri isit la epi tout repons sa yo ka pa gen rap\u00f2 ak sitiyasyon endividy\u00e8l ou. Pran yon randevou pou revize enkyetid ou yo endividy\u00e8lman.<\/p>\n<h3>Kisa pwogram DROP la ye?<\/h3>\n<p>L\u00e8 ou antre nan pwogram DROP la, ou sispann akimile kantite ane s\u00e8vis ou yo pou pansyon ou. Ou akty\u00e8lman &quot;pran retr\u00e8t&quot; epi ou k\u00f2manse resevwa pansyon ou. Ou kontinye travay epi yo peye ou sal\u00e8 ou ak l\u00e8 siplemant\u00e8 ou, men yo peye ou tou pansyon ou chak mwa ke yo mete sou kote nan yon kont apa. Sa a rele kont DROP ou. Ou ka rete nan pwogram nan pou yon maksim\u00f2m senk ane, men apre sa ou dwe pran retr\u00e8t ofisy\u00e8lman.<\/p>\n<h3>\u00c8ske mwen ta dwe antre nan DROP?<\/h3>\n<p>Gen anpil bagay pou konsidere l\u00e8 w ap reponn kesyon sa a. \u00c8ske w gen plan pou w monte grad byento oubyen \u00e8ske w nan pi gwo ech\u00e8l sal\u00e8 ou prevwa atenn nan? Si w ap monte grad byento, ou ka vle tann pou w bloke montan pansyon ki pi wo a ak\u00f2z ogmantasyon nan sal\u00e8 debaz ou a. \u00c8ske w ap vle kite travay la nan senk ane? Gen k\u00e8k moun ki pa pare pou yo pran angajman sa a. Yon fwa ou chwazi antre nan pwogram DROP la, ou p ap ka travay plis pase 5 ane anplis, kidonk ou ta dwe prepare mantalman pou w pran retr\u00e8t.<\/p>\n<h3>Kisa pou m f\u00e8 ak DROP la l\u00e8 m ale?<\/h3>\n<p>Piske ou pa ka kite lajan an nan kont DROP la, ou gen twa opsyon fondamantal. Ou ka pran yon distribisyon yon s\u00e8l kou, transfere lajan an nan plan konpansasyon difere ou a (457) oswa ou ka transfere lajan an nan yon Rollover IRA. Av\u00e8k distribisyon yon s\u00e8l kou a, ou pral oblije peye taks sou revni sou montan total la. Sa a tr\u00e8 enp\u00f2tan pou konsidere paske ak gwo kantite lajan ki nan kont DROP la, li ka mennen nan yon gwo p\u00e8t taks. Si ou transfere lajan an nan konpansasyon difere oswa yon IRA, ou ka kontinye transfere taks yo epi envesti lajan an. Kit ou itilize konpansasyon difere oswa yon IRA ap depann de plizy\u00e8 bagay; tankou laj ou, konbyen fleksibilite ou vle ak envestisman ou yo, ak kalite envestisman ou vle envesti nan yo.<\/p>\n<h3>Ki envestisman mwen ta dwe chwazi nan Rollover IRA mwen an?<\/h3>\n<p>Sa a se yon kesyon ki inik pou chak moun nan nou. Gen moun ki vle konplete pansyon yo epi envesti nan CD, bon Trez\u00f2 Ameriken, bon antrepriz oswa fon mity\u00e8l ki jenere revni. Gen l\u00f2t ki enterese nan potansy\u00e8lman pi gwo risk\/retou l\u00e8 yo envesti nan aksyon endividy\u00e8l ak fon mity\u00e8l. Gen k\u00e8k ki ta renmen konsidere karakteristik asirans nan anuite varyab yo.<\/p>\n<h3>Kil\u00e8 pou m vin w\u00e8 w?<\/h3>\n<p>Ou ta dwe vin w\u00e8 m nenp\u00f2t l\u00e8 ou gen kesyon. Mwen ka ede diskite sou opsyon ou genyen nan fen pwogram DROP la, pou ou ka gen yon ti trankilite lespri epi repoze l\u00e8 w konnen kijan lajan DROP la ka pi byen mache pou ou. Omwen, ou ta dwe vin w\u00e8 m k\u00e8k mwa anvan ou pran retr\u00e8t, pou nou ka etabli yon Rollover IRA epi k\u00f2manse ranpli papye vil la ki neses\u00e8 pou k\u00f2manse pwosesis rollover la.<\/p>\n\t\tNavige pou ale nan\u2026\t\t\t\n\t\t\t\t\t<ul id=\"menu-mberp\"><li id=\"menu-item-363202\"><a href=\"\/ht\/city-hall\/mberp\/actuarial-valuation\/\">Evalyasyon Aktyary\u00e8l<\/a><\/li>\n<li id=\"menu-item-363203\"><a href=\"\/ht\/city-hall\/mberp\/agendas-minutes\/\">Ajanda ak Pwos\u00e8v\u00e8bal<\/a><\/li>\n<li id=\"menu-item-363204\"><a href=\"\/ht\/city-hall\/mberp\/board-of-trustees\/\">Kons\u00e8y Administrasyon an<\/a><\/li>\n<li id=\"menu-item-363205\"><a href=\"\/ht\/city-hall\/mberp\/deferred-retirement-option-plan\/\">GOTE<\/a><\/li>\n<li id=\"menu-item-363206\"><a href=\"\/ht\/city-hall\/mberp\/notice-drug-coverage-and-medicare\/\">Avi pou Asirans Medikaman sou Preskripsyon ou ak Medicare<\/a><\/li>\n<li id=\"menu-item-363207\"><a href=\"\/ht\/city-hall\/mberp\/internal-audit-reports\/\">Rap\u00f2 Odit Pansyon yo<\/a><\/li>\n<li id=\"menu-item-363208\"><a href=\"\/ht\/city-hall\/mberp\/quarterly-investment-report\/\">Rap\u00f2 Envestisman Trim\u00e8stry\u00e8l<\/a><\/li>\n<li id=\"menu-item-363209\"><a href=\"\/ht\/city-hall\/mberp\/retiree-benefit-links\/\">Lyen Benefis pou Retrete<\/a><\/li>\n<li id=\"menu-item-363210\"><a href=\"\/ht\/city-hall\/mberp\/national-retirement-benefit\/\">Benefis retr\u00e8t<\/a><\/li>\n<li id=\"menu-item-363211\"><a href=\"\/ht\/city-hall\/mberp\/the-plan\/\">Plan an<\/a><\/li>\n<\/ul>\t\n\t<div class=\"page-navigation\"><a class=\"prev-page\" href=\"https:\/\/www.miamibeachfl.gov\/ht\/city-hall\/mberp\/investment-policy\/\">\u2190 Politik Envestisman<\/a> <a class=\"next-page\" href=\"https:\/\/www.miamibeachfl.gov\/ht\/city-hall\/mberp\/other-links\/\">L\u00f2t Lyen Plan Retr\u00e8t \u2192<\/a><\/div>","protected":false},"excerpt":{"rendered":"<p>DROP Home &gt; City Hall &gt; MBERP &#8211; Miami Beach Employee Retirement Plan &gt; DROP There are many things to [&hellip;]<\/p>\n","protected":false},"author":222,"featured_media":0,"parent":28734,"menu_order":183,"comment_status":"closed","ping_status":"closed","template":"","meta":{"_searchwp_excluded":"","site-sidebar-layout":"default","site-content-layout":"","ast-site-content-layout":"default","site-content-style":"default","site-sidebar-style":"default","ast-global-header-display":"","ast-banner-title-visibility":"","ast-main-header-display":"","ast-hfb-above-header-display":"","ast-hfb-below-header-display":"","ast-hfb-mobile-header-display":"","site-post-title":"","ast-breadcrumbs-content":"","ast-featured-img":"","footer-sml-layout":"","theme-transparent-header-meta":"","adv-header-id-meta":"","stick-header-meta":"","header-above-stick-meta":"","header-main-stick-meta":"","header-below-stick-meta":"","astra-migrate-meta-layouts":"default","ast-page-background-enabled":"default","ast-page-background-meta":{"desktop":{"background-color":"var(--ast-global-color-5)","background-image":"","background-repeat":"repeat","background-position":"center center","background-size":"auto","background-attachment":"scroll","background-type":"","background-media":"","overlay-type":"","overlay-color":"","overlay-opacity":"","overlay-gradient":""},"tablet":{"background-color":"","background-image":"","background-repeat":"repeat","background-position":"center center","background-size":"auto","background-attachment":"scroll","background-type":"","background-media":"","overlay-type":"","overlay-color":"","overlay-opacity":"","overlay-gradient":""},"mobile":{"background-color":"","background-image":"","background-repeat":"repeat","background-position":"center center","background-size":"auto","background-attachment":"scroll","background-type":"","background-media":"","overlay-type":"","overlay-color":"","overlay-opacity":"","overlay-gradient":""}},"ast-content-background-meta":{"desktop":{"background-color":"var(--ast-global-color-4)","background-image":"","background-repeat":"repeat","background-position":"center center","background-size":"auto","background-attachment":"scroll","background-type":"","background-media":"","overlay-type":"","overlay-color":"","overlay-opacity":"","overlay-gradient":""},"tablet":{"background-color":"var(--ast-global-color-4)","background-image":"","background-repeat":"repeat","background-position":"center center","background-size":"auto","background-attachment":"scroll","background-type":"","background-media":"","overlay-type":"","overlay-color":"","overlay-opacity":"","overlay-gradient":""},"mobile":{"background-color":"var(--ast-global-color-4)","background-image":"","background-repeat":"repeat","background-position":"center center","background-size":"auto","background-attachment":"scroll","background-type":"","background-media":"","overlay-type":"","overlay-color":"","overlay-opacity":"","overlay-gradient":""}},"footnotes":""},"categories":[],"tags":[],"class_list":["post-38359","page","type-page","status-publish","hentry"],"yoast_head":"<!-- This site is optimized with the Yoast SEO Premium plugin v27.4 (Yoast SEO v27.4) - https:\/\/yoast.com\/product\/yoast-seo-premium-wordpress\/ -->\n<title>DROP - City of Miami Beach<\/title>\n<meta name=\"description\" content=\"%\" \/>\n<meta name=\"robots\" content=\"index, follow, max-snippet:-1, max-image-preview:large, max-video-preview:-1\" \/>\n<link rel=\"canonical\" href=\"https:\/\/www.miamibeachfl.gov\/ht\/city-hall\/mberp\/deferred-retirement-option-plan\/\" \/>\n<meta property=\"og:locale\" content=\"ht_HT\" \/>\n<meta property=\"og:type\" content=\"article\" \/>\n<meta property=\"og:title\" content=\"DROP\" \/>\n<meta property=\"og:description\" content=\"%\" \/>\n<meta property=\"og:url\" content=\"https:\/\/www.miamibeachfl.gov\/ht\/city-hall\/mberp\/deferred-retirement-option-plan\/\" \/>\n<meta property=\"og:site_name\" content=\"City of Miami Beach\" \/>\n<meta property=\"article:publisher\" content=\"https:\/\/www.facebook.com\/cityofmiamibeach\" \/>\n<meta property=\"article:modified_time\" content=\"2025-07-14T19:26:53+00:00\" \/>\n<meta property=\"og:image\" content=\"https:\/\/www.miamibeachfl.gov\/wp-content\/uploads\/2022\/07\/hero-small.jpg\" \/>\n<meta name=\"twitter:card\" content=\"summary_large_image\" \/>\n<meta name=\"twitter:site\" content=\"@Miamibeachnews\" \/>\n<script type=\"application\/ld+json\" class=\"yoast-schema-graph\">{\"@context\":\"https:\\\/\\\/schema.org\",\"@graph\":[{\"@type\":\"WebPage\",\"@id\":\"https:\\\/\\\/www.miamibeachfl.gov\\\/city-hall\\\/mberp\\\/deferred-retirement-option-plan\\\/\",\"url\":\"https:\\\/\\\/www.miamibeachfl.gov\\\/city-hall\\\/mberp\\\/deferred-retirement-option-plan\\\/\",\"name\":\"DROP - City of Miami Beach\",\"isPartOf\":{\"@id\":\"https:\\\/\\\/www.miamibeachfl.gov\\\/#website\"},\"primaryImageOfPage\":{\"@id\":\"https:\\\/\\\/www.miamibeachfl.gov\\\/city-hall\\\/mberp\\\/deferred-retirement-option-plan\\\/#primaryimage\"},\"image\":{\"@id\":\"https:\\\/\\\/www.miamibeachfl.gov\\\/city-hall\\\/mberp\\\/deferred-retirement-option-plan\\\/#primaryimage\"},\"thumbnailUrl\":\"https:\\\/\\\/www.miamibeachfl.gov\\\/wp-content\\\/uploads\\\/2022\\\/07\\\/hero-small.jpg\",\"datePublished\":\"2017-10-09T18:36:33+00:00\",\"dateModified\":\"2025-07-14T19:26:53+00:00\",\"description\":\"%\",\"breadcrumb\":{\"@id\":\"https:\\\/\\\/www.miamibeachfl.gov\\\/city-hall\\\/mberp\\\/deferred-retirement-option-plan\\\/#breadcrumb\"},\"inLanguage\":\"ht\",\"potentialAction\":[{\"@type\":\"ReadAction\",\"target\":[\"https:\\\/\\\/www.miamibeachfl.gov\\\/city-hall\\\/mberp\\\/deferred-retirement-option-plan\\\/\"]}]},{\"@type\":\"ImageObject\",\"inLanguage\":\"ht\",\"@id\":\"https:\\\/\\\/www.miamibeachfl.gov\\\/city-hall\\\/mberp\\\/deferred-retirement-option-plan\\\/#primaryimage\",\"url\":\"https:\\\/\\\/www.miamibeachfl.gov\\\/wp-content\\\/uploads\\\/2022\\\/07\\\/hero-small.jpg\",\"contentUrl\":\"https:\\\/\\\/www.miamibeachfl.gov\\\/wp-content\\\/uploads\\\/2022\\\/07\\\/hero-small.jpg\"},{\"@type\":\"BreadcrumbList\",\"@id\":\"https:\\\/\\\/www.miamibeachfl.gov\\\/city-hall\\\/mberp\\\/deferred-retirement-option-plan\\\/#breadcrumb\",\"itemListElement\":[{\"@type\":\"ListItem\",\"position\":1,\"name\":\"Home\",\"item\":\"https:\\\/\\\/www.miamibeachfl.gov\\\/\"},{\"@type\":\"ListItem\",\"position\":2,\"name\":\"City Hall\",\"item\":\"https:\\\/\\\/www.miamibeachfl.gov\\\/city-hall\\\/\"},{\"@type\":\"ListItem\",\"position\":3,\"name\":\"MBERP &#8211; Miami Beach Employee Retirement Plan\",\"item\":\"https:\\\/\\\/www.miamibeachfl.gov\\\/city-hall\\\/mberp\\\/\"},{\"@type\":\"ListItem\",\"position\":4,\"name\":\"DROP\"}]},{\"@type\":\"WebSite\",\"@id\":\"https:\\\/\\\/www.miamibeachfl.gov\\\/#website\",\"url\":\"https:\\\/\\\/www.miamibeachfl.gov\\\/\",\"name\":\"City of Miami Beach\",\"description\":\"The official website of the City of Miami Beach. Stay informed, find important information on city services, news, alerts, events, trolley routes, government employment and more.\",\"publisher\":{\"@id\":\"https:\\\/\\\/www.miamibeachfl.gov\\\/#organization\"},\"potentialAction\":[{\"@type\":\"SearchAction\",\"target\":{\"@type\":\"EntryPoint\",\"urlTemplate\":\"https:\\\/\\\/www.miamibeachfl.gov\\\/?s={search_term_string}\"},\"query-input\":{\"@type\":\"PropertyValueSpecification\",\"valueRequired\":true,\"valueName\":\"search_term_string\"}}],\"inLanguage\":\"ht\"},{\"@type\":\"Organization\",\"@id\":\"https:\\\/\\\/www.miamibeachfl.gov\\\/#organization\",\"name\":\"City of Miami Beach\",\"url\":\"https:\\\/\\\/www.miamibeachfl.gov\\\/\",\"logo\":{\"@type\":\"ImageObject\",\"inLanguage\":\"ht\",\"@id\":\"https:\\\/\\\/www.miamibeachfl.gov\\\/#\\\/schema\\\/logo\\\/image\\\/\",\"url\":\"https:\\\/\\\/www.miamibeachfl.gov\\\/wp-content\\\/uploads\\\/2022\\\/06\\\/miamibeach-logoblue.png\",\"contentUrl\":\"https:\\\/\\\/www.miamibeachfl.gov\\\/wp-content\\\/uploads\\\/2022\\\/06\\\/miamibeach-logoblue.png\",\"width\":1962,\"height\":381,\"caption\":\"City of Miami Beach\"},\"image\":{\"@id\":\"https:\\\/\\\/www.miamibeachfl.gov\\\/#\\\/schema\\\/logo\\\/image\\\/\"},\"sameAs\":[\"https:\\\/\\\/www.facebook.com\\\/cityofmiamibeach\",\"https:\\\/\\\/x.com\\\/Miamibeachnews\",\"https:\\\/\\\/www.instagram.com\\\/miamibeachnews\\\/\"],\"description\":\"The official website of the City of Miami Beach. Stay informed, find important information on city services, news, alerts, events, trolley routes, government employment and more.\",\"telephone\":\"305.604.CITY(2489)\",\"legalName\":\"City of Miami Beach\"}]}<\/script>\n<!-- \/ Yoast SEO Premium plugin. -->","yoast_head_json":{"title":"DROP - Vil Miami Beach","description":"%","robots":{"index":"index","follow":"follow","max-snippet":"max-snippet:-1","max-image-preview":"max-image-preview:large","max-video-preview":"max-video-preview:-1"},"canonical":"https:\/\/www.miamibeachfl.gov\/ht\/city-hall\/mberp\/deferred-retirement-option-plan\/","og_locale":"ht_HT","og_type":"article","og_title":"DROP","og_description":"%","og_url":"https:\/\/www.miamibeachfl.gov\/ht\/city-hall\/mberp\/deferred-retirement-option-plan\/","og_site_name":"City of Miami Beach","article_publisher":"https:\/\/www.facebook.com\/cityofmiamibeach","article_modified_time":"2025-07-14T19:26:53+00:00","og_image":[{"url":"https:\/\/www.miamibeachfl.gov\/wp-content\/uploads\/2022\/07\/hero-small.jpg","type":"","width":"","height":""}],"twitter_card":"summary_large_image","twitter_site":"@Miamibeachnews","schema":{"@context":"https:\/\/schema.org","@graph":[{"@type":"WebPage","@id":"https:\/\/www.miamibeachfl.gov\/city-hall\/mberp\/deferred-retirement-option-plan\/","url":"https:\/\/www.miamibeachfl.gov\/city-hall\/mberp\/deferred-retirement-option-plan\/","name":"DROP - Vil Miami Beach","isPartOf":{"@id":"https:\/\/www.miamibeachfl.gov\/#website"},"primaryImageOfPage":{"@id":"https:\/\/www.miamibeachfl.gov\/city-hall\/mberp\/deferred-retirement-option-plan\/#primaryimage"},"image":{"@id":"https:\/\/www.miamibeachfl.gov\/city-hall\/mberp\/deferred-retirement-option-plan\/#primaryimage"},"thumbnailUrl":"https:\/\/www.miamibeachfl.gov\/wp-content\/uploads\/2022\/07\/hero-small.jpg","datePublished":"2017-10-09T18:36:33+00:00","dateModified":"2025-07-14T19:26:53+00:00","description":"%","breadcrumb":{"@id":"https:\/\/www.miamibeachfl.gov\/city-hall\/mberp\/deferred-retirement-option-plan\/#breadcrumb"},"inLanguage":"ht","potentialAction":[{"@type":"ReadAction","target":["https:\/\/www.miamibeachfl.gov\/city-hall\/mberp\/deferred-retirement-option-plan\/"]}]},{"@type":"ImageObject","inLanguage":"ht","@id":"https:\/\/www.miamibeachfl.gov\/city-hall\/mberp\/deferred-retirement-option-plan\/#primaryimage","url":"https:\/\/www.miamibeachfl.gov\/wp-content\/uploads\/2022\/07\/hero-small.jpg","contentUrl":"https:\/\/www.miamibeachfl.gov\/wp-content\/uploads\/2022\/07\/hero-small.jpg"},{"@type":"BreadcrumbList","@id":"https:\/\/www.miamibeachfl.gov\/city-hall\/mberp\/deferred-retirement-option-plan\/#breadcrumb","itemListElement":[{"@type":"ListItem","position":1,"name":"Home","item":"https:\/\/www.miamibeachfl.gov\/"},{"@type":"ListItem","position":2,"name":"City Hall","item":"https:\/\/www.miamibeachfl.gov\/city-hall\/"},{"@type":"ListItem","position":3,"name":"MBERP &#8211; Miami Beach Employee Retirement Plan","item":"https:\/\/www.miamibeachfl.gov\/city-hall\/mberp\/"},{"@type":"ListItem","position":4,"name":"DROP"}]},{"@type":"WebSite","@id":"https:\/\/www.miamibeachfl.gov\/#website","url":"https:\/\/www.miamibeachfl.gov\/","name":"Vil Miami Beach","description":"Sitw\u00e8b ofisy\u00e8l Vil Miami Beach la. Rete enf\u00f2me, jwenn enf\u00f2masyon enp\u00f2tan sou s\u00e8vis vil la, nouv\u00e8l, al\u00e8t, ev\u00e8nman, wout tramway, travay gouv\u00e8nman an ak plis ank\u00f2.","publisher":{"@id":"https:\/\/www.miamibeachfl.gov\/#organization"},"potentialAction":[{"@type":"SearchAction","target":{"@type":"EntryPoint","urlTemplate":"https:\/\/www.miamibeachfl.gov\/?s={search_term_string}"},"query-input":{"@type":"PropertyValueSpecification","valueRequired":true,"valueName":"search_term_string"}}],"inLanguage":"ht"},{"@type":"Organization","@id":"https:\/\/www.miamibeachfl.gov\/#organization","name":"Vil Miami Beach","url":"https:\/\/www.miamibeachfl.gov\/","logo":{"@type":"ImageObject","inLanguage":"ht","@id":"https:\/\/www.miamibeachfl.gov\/#\/schema\/logo\/image\/","url":"https:\/\/www.miamibeachfl.gov\/wp-content\/uploads\/2022\/06\/miamibeach-logoblue.png","contentUrl":"https:\/\/www.miamibeachfl.gov\/wp-content\/uploads\/2022\/06\/miamibeach-logoblue.png","width":1962,"height":381,"caption":"City of Miami Beach"},"image":{"@id":"https:\/\/www.miamibeachfl.gov\/#\/schema\/logo\/image\/"},"sameAs":["https:\/\/www.facebook.com\/cityofmiamibeach","https:\/\/x.com\/Miamibeachnews","https:\/\/www.instagram.com\/miamibeachnews\/"],"description":"Sitw\u00e8b ofisy\u00e8l Vil Miami Beach la. Rete enf\u00f2me, jwenn enf\u00f2masyon enp\u00f2tan sou s\u00e8vis vil la, nouv\u00e8l, al\u00e8t, ev\u00e8nman, wout tramway, travay gouv\u00e8nman an ak plis ank\u00f2.","telephone":"305.604.CITY(2489)","legalName":"City of Miami Beach"}]}},"_links":{"self":[{"href":"https:\/\/www.miamibeachfl.gov\/ht\/wp-json\/wp\/v2\/pages\/38359","targetHints":{"allow":["GET"]}}],"collection":[{"href":"https:\/\/www.miamibeachfl.gov\/ht\/wp-json\/wp\/v2\/pages"}],"about":[{"href":"https:\/\/www.miamibeachfl.gov\/ht\/wp-json\/wp\/v2\/types\/page"}],"author":[{"embeddable":true,"href":"https:\/\/www.miamibeachfl.gov\/ht\/wp-json\/wp\/v2\/users\/222"}],"replies":[{"embeddable":true,"href":"https:\/\/www.miamibeachfl.gov\/ht\/wp-json\/wp\/v2\/comments?post=38359"}],"version-history":[{"count":1,"href":"https:\/\/www.miamibeachfl.gov\/ht\/wp-json\/wp\/v2\/pages\/38359\/revisions"}],"predecessor-version":[{"id":386609,"href":"https:\/\/www.miamibeachfl.gov\/ht\/wp-json\/wp\/v2\/pages\/38359\/revisions\/386609"}],"up":[{"embeddable":true,"href":"https:\/\/www.miamibeachfl.gov\/ht\/wp-json\/wp\/v2\/pages\/28734"}],"wp:attachment":[{"href":"https:\/\/www.miamibeachfl.gov\/ht\/wp-json\/wp\/v2\/media?parent=38359"}],"wp:term":[{"taxonomy":"category","embeddable":true,"href":"https:\/\/www.miamibeachfl.gov\/ht\/wp-json\/wp\/v2\/categories?post=38359"},{"taxonomy":"post_tag","embeddable":true,"href":"https:\/\/www.miamibeachfl.gov\/ht\/wp-json\/wp\/v2\/tags?post=38359"}],"curies":[{"name":"wp","href":"https:\/\/api.w.org\/{rel}","templated":true}]}}