{"id":384561,"date":"2025-06-23T13:16:31","date_gmt":"2025-06-23T17:16:31","guid":{"rendered":"https:\/\/www.miamibeachfl.gov\/?page_id=384561"},"modified":"2026-04-01T09:49:17","modified_gmt":"2026-04-01T13:49:17","slug":"business-open-change-relocation","status":"publish","type":"page","link":"https:\/\/www.miamibeachfl.gov\/ht\/business-open-change-relocation\/","title":{"rendered":"Ouv\u00e8ti, Chanje oswa Demenaje yon Biznis"},"content":{"rendered":"<img decoding=\"async\" src=\"https:\/\/www.miamibeachfl.gov\/wp-content\/uploads\/2025\/06\/aqua-arrows-down@3x.png\" alt=\"aqua arrows pointing down\" itemprop=\"image\" height=\"415\" width=\"90\" title=\"dlo-fl\u00e8ch-anba@3x\" onerror=\"this.style.display='none'\" loading=\"lazy\" \/>\n<h2>\n\t\t\t\u00c8ske ou ye?\t<\/h2>\n<h2>\n\t\t\tOUVERTIR,\t<\/h2>\n<h2>\n\t\t\tCHANJE OSWA\t<\/h2>\n<h1>\n\t\t\tDemenajman\t<\/h1>\n<h1>\n\t\t\tbiznis ou nan Miami Beach?\t<\/h1>\n<h3>\n\t\t\tK\u00f2manse sou 3 etap sa yo touswit pou evite reta ki pa neses\u00e8.\t<\/h3>\n\t<p>Vil Miami Beach ap travay di pou ede nouvo biznis nou yo k\u00f2manse byen epi pou ede biznis ki deja egziste yo rete an bon eta. Twa etap sa yo enp\u00f2tan pou ede w k\u00f2manse byen.<\/p>\n<p>Pa dekouraje si yo mande w pou bay plis enf\u00f2masyon pandan nenp\u00f2t nan pwosesis aplikasyon sa yo \u2013 w ap aprann plis sou sa ki neses\u00e8 pou sitiyasyon patikilye w la pandan w ap kontinye.<\/p>\n<p><strong>Ou dwe fini etap 1 (CU) ak etap 2 (County Review) anvan etap 3 (BTR); sepandan, k\u00f2manse rasanble dokiman ki neses\u00e8 pou BTR a byen bon\u00e8 pou d\u00e8nye etap la ka yon pwosesis rapid.<\/strong><\/p>\n\t\t<ul>\n\t\t\t\t\t<li>\n\t\t\t\t\t\t\t\t\t\t\t<img loading=\"lazy\" decoding=\"async\" src=\"https:\/\/www.miamibeachfl.gov\/wp-content\/uploads\/2025\/06\/arrows-right@2x.png\" alt=\"arrows-right@2x\" width=\"64\" height=\"60\" \/>\n\t\t\t\t<h3>REMAK<\/h3>\n\t\t<p>Yon S\u00e8tifika Okipasyon Tanpor\u00e8 (TCO) oswa yon S\u00e8tifika Okipasyon (CO) endike ke yon p\u00e8mi konstriksyon toupre oswa nan etap final li. TCO oswa CO <strong>pa f\u00e8 sa<\/strong> otorize operasyon yon biznis. Tanpri swiv Etap 1, 2 ak 3 ki dekri nan gid sa a pou opere an sekirite epi legalman.<\/p>\t\t\t\n\t\t\t<\/li>\n\t\t\t\t<\/ul>\n\t\t\t\t<img decoding=\"async\" src=\"https:\/\/www.miamibeachfl.gov\/wp-content\/uploads\/2025\/06\/number-one@2x.png\" alt=\"number 1\" itemprop=\"image\" height=\"74\" width=\"30\" title=\"nimewo en @ 2x\" onerror=\"this.style.display='none'\" loading=\"lazy\" \/>\n\t\t\t\t<img decoding=\"async\" src=\"https:\/\/www.miamibeachfl.gov\/wp-content\/uploads\/2025\/06\/arrowaright@2x.png\" alt=\"arrows pointing right\" itemprop=\"image\" height=\"33\" width=\"148\" title=\"fl\u00e8chadwat@2x\" onerror=\"this.style.display='none'\" loading=\"lazy\" \/>\n\t\t\t\t<img decoding=\"async\" src=\"https:\/\/www.miamibeachfl.gov\/wp-content\/uploads\/2025\/06\/waitressbringingfood.jpg\" alt=\"Waitress bringing food to customers\" itemprop=\"image\" height=\"400\" width=\"400\" title=\"s\u00e8vez ap pote manje\" onerror=\"this.style.display='none'\" loading=\"lazy\" \/>\n<h3>\n\t\t\tAplike pou yon S\u00e8tifika Itilizasyon (CU)<br \/>av\u00e8k Vil Miami Beach la\t<\/h3>\n\t<p>Yon S\u00e8tifika Itilizasyon (CU) konfime ke operasyon biznis ki prevwa nan yon kote espesifik yo konf\u00f2m ak R\u00e8gleman Devlopman T\u00e8 yo nan moman apwobasyon an. Li asire ke biznis yo ap opere legalman e an sekirite, epi yo respekte r\u00e8gleman ki pwoteje b\u00e8l vil nou an.<\/p>\n\t\t\t<a href=\"\/ht\/city-hall\/planning\/certificate-of-use\/\" target=\"_blank\" rel=\"noopener\">\n\t\t\t\t\t\t\tEnstriksyon yo, ki gen ladan egzijans yo ak yon lyen pou f\u00f2m aplikasyon an.\n\t\t\t<\/a>\n\t<p><strong>Kesyon Etap 1?<\/strong> Kontakte Depatman Planifikasyon ak Zonaj Vil Miami Beach la nan <strong><a href=\"tel:3056737550\">305.673.7550<\/a><\/strong> Lendi jiska Vandredi soti 8:30 AM pou rive 4:30 PM.<\/p>\n\t\t\t\t<img decoding=\"async\" src=\"https:\/\/www.miamibeachfl.gov\/wp-content\/uploads\/2025\/06\/number-two@2x.png\" alt=\"number 2\" itemprop=\"image\" height=\"76\" width=\"59\" title=\"nimewo-de@2x\" onerror=\"this.style.display='none'\" loading=\"lazy\" \/>\n\t\t\t\t<img decoding=\"async\" src=\"https:\/\/www.miamibeachfl.gov\/wp-content\/uploads\/2025\/06\/arrowaright@2x.png\" alt=\"arrows pointing right\" itemprop=\"image\" height=\"33\" width=\"148\" title=\"fl\u00e8chadwat@2x\" onerror=\"this.style.display='none'\" loading=\"lazy\" \/>\n\t\t\t\t<img decoding=\"async\" src=\"https:\/\/www.miamibeachfl.gov\/wp-content\/uploads\/2025\/06\/businessmanatcomputer.jpg\" alt=\"business man on a computer\" itemprop=\"image\" height=\"400\" width=\"400\" title=\"biznismann nan \u00f2dinat\u00e8\" onerror=\"this.style.display='none'\" loading=\"lazy\" \/>\n<h3>\n\t\t\tAplike pou Revizyon CU Konte Miami-Dade\t<\/h3>\n\tBiznis yo oblije jwenn apwobasyon Konte a si gen yon &quot;sifas an pye kare defini&quot; ak yon &quot;kote defini&quot; pou yon<br \/>\nbiznis. Anplis de sa, selon itilizasyon biznis la, yo ka mande tou yon p\u00e8mi operasyon Divizyon Jesyon Resous Anviw\u00f2nman (DERM).\n<p>Aplikasyon CU ki pa bezwen yon revizyon Konte a gen ladan yo:<\/p>\n<ul>\n<li>Biznis ki baze lakay yo<\/li>\n<li>Pwopriyete lokasyon kout t\u00e8m<\/li>\n<li>Bilding apatman ak kondominy\u00f2m<\/li>\n<\/ul>\n\t\t\t<a href=\"https:\/\/www.miamidade.gov\/Apps\/RER\/EPSPortal\/PlanReview\/CUApplications\/Landing\" target=\"_blank\" rel=\"noopener\">\n\t\t\t\t\t\t\tEnstriksyon yo, ki gen ladan egzijans yo ak yon lyen pou f\u00f2m aplikasyon an.\n\t\t\t<\/a>\n\t<strong>Kesyon Etap 2? <\/strong>Kontakte Depatman Resous Regilasyon ak Ekonomik Miami-Dade la nan<br \/>\n<strong><a href=\"mailto:dermplanreview@miamidade.gov\">dermplanreview@miamidade.gov<\/a> <\/strong>oubyen <strong><a href=\"tel:7863152800\">786.315.2800<\/a><br \/>\n<\/strong>\n\t\t\t\t<img decoding=\"async\" src=\"https:\/\/www.miamibeachfl.gov\/wp-content\/uploads\/2025\/06\/number-three@2x.png\" alt=\"number 3\" itemprop=\"image\" height=\"79\" width=\"59\" title=\"nimewo twa@2x\" onerror=\"this.style.display='none'\" loading=\"lazy\" \/>\n\t\t\t\t<img decoding=\"async\" src=\"https:\/\/www.miamibeachfl.gov\/wp-content\/uploads\/2025\/06\/arrowaright@2x.png\" alt=\"arrows pointing right\" itemprop=\"image\" height=\"33\" width=\"148\" title=\"fl\u00e8chadwat@2x\" onerror=\"this.style.display='none'\" loading=\"lazy\" \/>\n<h3>\n\t\t\tAplike pou yon BTR av\u00e8k Vil Miami Beach ak Konte Miami-Dade\t<\/h3>\n\t<p>Nenp\u00f2t moun ki bay machandiz oswa s\u00e8vis bay piblik la, menmsi se yon konpayi yon s\u00e8l moun oswa yon biznis lakay, dwe jwenn yon Resi Tak Biznis (BTR) nan men <strong>tou de Vil Miami Beach ak Konte Miami-Dade<\/strong> pou fonksyone. Aplikasyon yo mande:<\/p>\n<ul>\n<li>CU valab ki soti nan Vil Miami Beach<\/li>\n<li>Kontra lokasyon konpl\u00e8tman egzekite<\/li>\n<li>Apwobasyon DERM ak CU Minisipal, si sa neses\u00e8<\/li>\n<li>Nimewo Idantifikasyon Federal (FEIN)<\/li>\n<li>Atik Enk\u00f2porasyon yo<\/li>\n<li>Non fiktif (si sa aplikab)<\/li>\n<li>Lisans leta (si sa aplikab)<\/li>\n<li>Dokiman adisyon\u00e8l ki baze sou kalite biznis la<\/li>\n<\/ul>\n\t\t\t<a href=\"\/ht\/city-hall\/finance\/business-tax-receipts-btr\/\" target=\"_blank\" rel=\"noopener\">\n\t\t\t\t\t\t\tEnstriksyon yo, ki gen ladan egzijans yo ak yon lyen pou f\u00f2m aplikasyon an.\n\t\t\t<\/a>\n\t<p><strong>Kesyon Etap 3?<\/strong> Kontakte Sant S\u00e8vis Kliyan Vil Miami Beach la nan <strong><a href=\"tel:3056737420\">305.673.7420<\/a><\/strong> Lendi jiska Vandredi soti 8:30 AM pou rive 6 PM (f\u00e8men midi pou rive 1 PM).<\/p>\n\t\t\t<a href=\"\/wp-content\/uploads\/2025\/06\/OpeningABusiness_Flyer_v08.pdf\" target=\"_blank\" rel=\"noopener\">\n\t\t\t\t\t\t\tTelechaje v\u00e8syon PDF la\n\t\t\t<\/a>\n\t\t\t\t<img decoding=\"async\" src=\"https:\/\/www.miamibeachfl.gov\/wp-content\/uploads\/2025\/06\/arrowaright@2x.png\" alt=\"arrows pointing right\" itemprop=\"image\" height=\"33\" width=\"148\" title=\"fl\u00e8chadwat@2x\" onerror=\"this.style.display='none'\" loading=\"lazy\" \/>\n<h3>\n\t\t\tDirije yon biznis kapab yon bagay ki f\u00e8 p\u00e8, men nou la pou ede w! \t<\/h3>\n<h3>\n\t\t\tKONTAKTE NOU\t<\/h3>\n\t<p><strong><a href=\"\/ht\/city-hall\/customer-service-center\/\">Sant S\u00e8vis Kliyan Miami Beach<\/a><\/strong><\/p>\n<p>Lendi \u2013 Vandredi | 8:30 AM \u2013 6 PM<\/p>\n<p>(F\u00e8men 12:30 PM \u2013 1 PM)<\/p>\n<p><strong><a href=\"tel:3056737420\">305.673.7420<\/a><\/strong><\/p>","protected":false},"excerpt":{"rendered":"<p>Are you OPENING, CHANGING OR Relocating your business in Miami Beach? Start on these 3 steps right away to avoid [&hellip;]<\/p>\n","protected":false},"author":222,"featured_media":0,"parent":0,"menu_order":0,"comment_status":"closed","ping_status":"closed","template":"","meta":{"_searchwp_excluded":"","site-sidebar-layout":"default","site-content-layout":"","ast-site-content-layout":"default","site-content-style":"default","site-sidebar-style":"default","ast-global-header-display":"","ast-banner-title-visibility":"","ast-main-header-display":"","ast-hfb-above-header-display":"","ast-hfb-below-header-display":"","ast-hfb-mobile-header-display":"","site-post-title":"","ast-breadcrumbs-content":"","ast-featured-img":"","footer-sml-layout":"","theme-transparent-header-meta":"","adv-header-id-meta":"","stick-header-meta":"","header-above-stick-meta":"","header-main-stick-meta":"","header-below-stick-meta":"","astra-migrate-meta-layouts":"default","ast-page-background-enabled":"default","ast-page-background-meta":{"desktop":{"background-color":"var(--ast-global-color-5)","background-image":"","background-repeat":"repeat","background-position":"center center","background-size":"auto","background-attachment":"scroll","background-type":"","background-media":"","overlay-type":"","overlay-color":"","overlay-opacity":"","overlay-gradient":""},"tablet":{"background-color":"","background-image":"","background-repeat":"repeat","background-position":"center center","background-size":"auto","background-attachment":"scroll","background-type":"","background-media":"","overlay-type":"","overlay-color":"","overlay-opacity":"","overlay-gradient":""},"mobile":{"background-color":"","background-image":"","background-repeat":"repeat","background-position":"center center","background-size":"auto","background-attachment":"scroll","background-type":"","background-media":"","overlay-type":"","overlay-color":"","overlay-opacity":"","overlay-gradient":""}},"ast-content-background-meta":{"desktop":{"background-color":"var(--ast-global-color-4)","background-image":"","background-repeat":"repeat","background-position":"center center","background-size":"auto","background-attachment":"scroll","background-type":"","background-media":"","overlay-type":"","overlay-color":"","overlay-opacity":"","overlay-gradient":""},"tablet":{"background-color":"var(--ast-global-color-4)","background-image":"","background-repeat":"repeat","background-position":"center center","background-size":"auto","background-attachment":"scroll","background-type":"","background-media":"","overlay-type":"","overlay-color":"","overlay-opacity":"","overlay-gradient":""},"mobile":{"background-color":"var(--ast-global-color-4)","background-image":"","background-repeat":"repeat","background-position":"center center","background-size":"auto","background-attachment":"scroll","background-type":"","background-media":"","overlay-type":"","overlay-color":"","overlay-opacity":"","overlay-gradient":""}},"footnotes":""},"categories":[],"tags":[],"class_list":["post-384561","page","type-page","status-publish","hentry"],"yoast_head":"<!-- This site is optimized with the Yoast SEO Premium plugin v27.4 (Yoast SEO v27.4) - https:\/\/yoast.com\/product\/yoast-seo-premium-wordpress\/ -->\n<title>Opening Changing or Relocating a business - City of Miami Beach<\/title>\n<meta name=\"description\" content=\"The City of Miami Beach is working hard to help our new businesses have a smooth start and our existing businesses to stay in good standing. These three steps are important to \u0003get you off to a great start.\" \/>\n<meta name=\"robots\" content=\"index, follow, max-snippet:-1, max-image-preview:large, max-video-preview:-1\" \/>\n<link rel=\"canonical\" href=\"https:\/\/www.miamibeachfl.gov\/ht\/business-open-change-relocation\/\" \/>\n<meta property=\"og:locale\" content=\"ht_HT\" \/>\n<meta property=\"og:type\" content=\"article\" \/>\n<meta property=\"og:title\" content=\"Opening Changing or Relocating a business\" \/>\n<meta property=\"og:description\" content=\"The City of Miami Beach is working hard to help our new businesses have a smooth start and our existing businesses to stay in good standing. These three steps are important to \u0003get you off to a great start.\" \/>\n<meta property=\"og:url\" content=\"https:\/\/www.miamibeachfl.gov\/ht\/business-open-change-relocation\/\" \/>\n<meta property=\"og:site_name\" content=\"City of Miami Beach\" \/>\n<meta property=\"article:publisher\" content=\"https:\/\/www.facebook.com\/cityofmiamibeach\" \/>\n<meta property=\"article:modified_time\" content=\"2026-04-01T13:49:17+00:00\" \/>\n<meta property=\"og:image\" content=\"https:\/\/www.miamibeachfl.gov\/wp-content\/uploads\/2025\/06\/aqua-arrows-down@3x.png\" \/>\n<meta name=\"twitter:card\" content=\"summary_large_image\" \/>\n<meta name=\"twitter:site\" content=\"@Miamibeachnews\" \/>\n<script type=\"application\/ld+json\" class=\"yoast-schema-graph\">{\"@context\":\"https:\\\/\\\/schema.org\",\"@graph\":[{\"@type\":\"WebPage\",\"@id\":\"https:\\\/\\\/www.miamibeachfl.gov\\\/business-open-change-relocation\\\/\",\"url\":\"https:\\\/\\\/www.miamibeachfl.gov\\\/business-open-change-relocation\\\/\",\"name\":\"Opening Changing or Relocating a business - City of Miami Beach\",\"isPartOf\":{\"@id\":\"https:\\\/\\\/www.miamibeachfl.gov\\\/#website\"},\"primaryImageOfPage\":{\"@id\":\"https:\\\/\\\/www.miamibeachfl.gov\\\/business-open-change-relocation\\\/#primaryimage\"},\"image\":{\"@id\":\"https:\\\/\\\/www.miamibeachfl.gov\\\/business-open-change-relocation\\\/#primaryimage\"},\"thumbnailUrl\":\"https:\\\/\\\/www.miamibeachfl.gov\\\/wp-content\\\/uploads\\\/2025\\\/06\\\/aqua-arrows-down@3x.png\",\"datePublished\":\"2025-06-23T17:16:31+00:00\",\"dateModified\":\"2026-04-01T13:49:17+00:00\",\"description\":\"The City of Miami Beach is working hard to help our new businesses have a smooth start and our existing businesses to stay in good standing. These three steps are important to \\u0003get you off to a great start.\",\"breadcrumb\":{\"@id\":\"https:\\\/\\\/www.miamibeachfl.gov\\\/business-open-change-relocation\\\/#breadcrumb\"},\"inLanguage\":\"ht\",\"potentialAction\":[{\"@type\":\"ReadAction\",\"target\":[\"https:\\\/\\\/www.miamibeachfl.gov\\\/business-open-change-relocation\\\/\"]}]},{\"@type\":\"ImageObject\",\"inLanguage\":\"ht\",\"@id\":\"https:\\\/\\\/www.miamibeachfl.gov\\\/business-open-change-relocation\\\/#primaryimage\",\"url\":\"https:\\\/\\\/www.miamibeachfl.gov\\\/wp-content\\\/uploads\\\/2025\\\/06\\\/aqua-arrows-down@3x.png\",\"contentUrl\":\"https:\\\/\\\/www.miamibeachfl.gov\\\/wp-content\\\/uploads\\\/2025\\\/06\\\/aqua-arrows-down@3x.png\"},{\"@type\":\"BreadcrumbList\",\"@id\":\"https:\\\/\\\/www.miamibeachfl.gov\\\/business-open-change-relocation\\\/#breadcrumb\",\"itemListElement\":[{\"@type\":\"ListItem\",\"position\":1,\"name\":\"Home\",\"item\":\"https:\\\/\\\/www.miamibeachfl.gov\\\/\"},{\"@type\":\"ListItem\",\"position\":2,\"name\":\"Opening Changing or Relocating a business\"}]},{\"@type\":\"WebSite\",\"@id\":\"https:\\\/\\\/www.miamibeachfl.gov\\\/#website\",\"url\":\"https:\\\/\\\/www.miamibeachfl.gov\\\/\",\"name\":\"City of Miami Beach\",\"description\":\"The official website of the City of Miami Beach. Stay informed, find important information on city services, news, alerts, events, trolley routes, government employment and more.\",\"publisher\":{\"@id\":\"https:\\\/\\\/www.miamibeachfl.gov\\\/#organization\"},\"potentialAction\":[{\"@type\":\"SearchAction\",\"target\":{\"@type\":\"EntryPoint\",\"urlTemplate\":\"https:\\\/\\\/www.miamibeachfl.gov\\\/?s={search_term_string}\"},\"query-input\":{\"@type\":\"PropertyValueSpecification\",\"valueRequired\":true,\"valueName\":\"search_term_string\"}}],\"inLanguage\":\"ht\"},{\"@type\":\"Organization\",\"@id\":\"https:\\\/\\\/www.miamibeachfl.gov\\\/#organization\",\"name\":\"City of Miami Beach\",\"url\":\"https:\\\/\\\/www.miamibeachfl.gov\\\/\",\"logo\":{\"@type\":\"ImageObject\",\"inLanguage\":\"ht\",\"@id\":\"https:\\\/\\\/www.miamibeachfl.gov\\\/#\\\/schema\\\/logo\\\/image\\\/\",\"url\":\"https:\\\/\\\/www.miamibeachfl.gov\\\/wp-content\\\/uploads\\\/2022\\\/06\\\/miamibeach-logoblue.png\",\"contentUrl\":\"https:\\\/\\\/www.miamibeachfl.gov\\\/wp-content\\\/uploads\\\/2022\\\/06\\\/miamibeach-logoblue.png\",\"width\":1962,\"height\":381,\"caption\":\"City of Miami Beach\"},\"image\":{\"@id\":\"https:\\\/\\\/www.miamibeachfl.gov\\\/#\\\/schema\\\/logo\\\/image\\\/\"},\"sameAs\":[\"https:\\\/\\\/www.facebook.com\\\/cityofmiamibeach\",\"https:\\\/\\\/x.com\\\/Miamibeachnews\",\"https:\\\/\\\/www.instagram.com\\\/miamibeachnews\\\/\"],\"description\":\"The official website of the City of Miami Beach. Stay informed, find important information on city services, news, alerts, events, trolley routes, government employment and more.\",\"telephone\":\"305.604.CITY(2489)\",\"legalName\":\"City of Miami Beach\"}]}<\/script>\n<!-- \/ Yoast SEO Premium plugin. -->","yoast_head_json":{"title":"Opening Changing or Relocating a business - City of Miami Beach","description":"The City of Miami Beach is working hard to help our new businesses have a smooth start and our existing businesses to stay in good standing. These three steps are important to \u0003get you off to a great start.","robots":{"index":"index","follow":"follow","max-snippet":"max-snippet:-1","max-image-preview":"max-image-preview:large","max-video-preview":"max-video-preview:-1"},"canonical":"https:\/\/www.miamibeachfl.gov\/ht\/business-open-change-relocation\/","og_locale":"ht_HT","og_type":"article","og_title":"Opening Changing or Relocating a business","og_description":"The City of Miami Beach is working hard to help our new businesses have a smooth start and our existing businesses to stay in good standing. These three steps are important to \u0003get you off to a great start.","og_url":"https:\/\/www.miamibeachfl.gov\/ht\/business-open-change-relocation\/","og_site_name":"City of Miami Beach","article_publisher":"https:\/\/www.facebook.com\/cityofmiamibeach","article_modified_time":"2026-04-01T13:49:17+00:00","og_image":[{"url":"https:\/\/www.miamibeachfl.gov\/wp-content\/uploads\/2025\/06\/aqua-arrows-down@3x.png","type":"","width":"","height":""}],"twitter_card":"summary_large_image","twitter_site":"@Miamibeachnews","schema":{"@context":"https:\/\/schema.org","@graph":[{"@type":"WebPage","@id":"https:\/\/www.miamibeachfl.gov\/business-open-change-relocation\/","url":"https:\/\/www.miamibeachfl.gov\/business-open-change-relocation\/","name":"Opening Changing or Relocating a business - City of Miami Beach","isPartOf":{"@id":"https:\/\/www.miamibeachfl.gov\/#website"},"primaryImageOfPage":{"@id":"https:\/\/www.miamibeachfl.gov\/business-open-change-relocation\/#primaryimage"},"image":{"@id":"https:\/\/www.miamibeachfl.gov\/business-open-change-relocation\/#primaryimage"},"thumbnailUrl":"https:\/\/www.miamibeachfl.gov\/wp-content\/uploads\/2025\/06\/aqua-arrows-down@3x.png","datePublished":"2025-06-23T17:16:31+00:00","dateModified":"2026-04-01T13:49:17+00:00","description":"The City of Miami Beach is working hard to help our new businesses have a smooth start and our existing businesses to stay in good standing. These three steps are important to \u0003get you off to a great start.","breadcrumb":{"@id":"https:\/\/www.miamibeachfl.gov\/business-open-change-relocation\/#breadcrumb"},"inLanguage":"ht","potentialAction":[{"@type":"ReadAction","target":["https:\/\/www.miamibeachfl.gov\/business-open-change-relocation\/"]}]},{"@type":"ImageObject","inLanguage":"ht","@id":"https:\/\/www.miamibeachfl.gov\/business-open-change-relocation\/#primaryimage","url":"https:\/\/www.miamibeachfl.gov\/wp-content\/uploads\/2025\/06\/aqua-arrows-down@3x.png","contentUrl":"https:\/\/www.miamibeachfl.gov\/wp-content\/uploads\/2025\/06\/aqua-arrows-down@3x.png"},{"@type":"BreadcrumbList","@id":"https:\/\/www.miamibeachfl.gov\/business-open-change-relocation\/#breadcrumb","itemListElement":[{"@type":"ListItem","position":1,"name":"Home","item":"https:\/\/www.miamibeachfl.gov\/"},{"@type":"ListItem","position":2,"name":"Opening Changing or Relocating a business"}]},{"@type":"WebSite","@id":"https:\/\/www.miamibeachfl.gov\/#website","url":"https:\/\/www.miamibeachfl.gov\/","name":"Vil Miami Beach","description":"Sitw\u00e8b ofisy\u00e8l Vil Miami Beach la. Rete enf\u00f2me, jwenn enf\u00f2masyon enp\u00f2tan sou s\u00e8vis vil la, nouv\u00e8l, al\u00e8t, ev\u00e8nman, wout tramway, travay gouv\u00e8nman an ak plis ank\u00f2.","publisher":{"@id":"https:\/\/www.miamibeachfl.gov\/#organization"},"potentialAction":[{"@type":"SearchAction","target":{"@type":"EntryPoint","urlTemplate":"https:\/\/www.miamibeachfl.gov\/?s={search_term_string}"},"query-input":{"@type":"PropertyValueSpecification","valueRequired":true,"valueName":"search_term_string"}}],"inLanguage":"ht"},{"@type":"Organization","@id":"https:\/\/www.miamibeachfl.gov\/#organization","name":"Vil Miami Beach","url":"https:\/\/www.miamibeachfl.gov\/","logo":{"@type":"ImageObject","inLanguage":"ht","@id":"https:\/\/www.miamibeachfl.gov\/#\/schema\/logo\/image\/","url":"https:\/\/www.miamibeachfl.gov\/wp-content\/uploads\/2022\/06\/miamibeach-logoblue.png","contentUrl":"https:\/\/www.miamibeachfl.gov\/wp-content\/uploads\/2022\/06\/miamibeach-logoblue.png","width":1962,"height":381,"caption":"City of Miami Beach"},"image":{"@id":"https:\/\/www.miamibeachfl.gov\/#\/schema\/logo\/image\/"},"sameAs":["https:\/\/www.facebook.com\/cityofmiamibeach","https:\/\/x.com\/Miamibeachnews","https:\/\/www.instagram.com\/miamibeachnews\/"],"description":"Sitw\u00e8b ofisy\u00e8l Vil Miami Beach la. Rete enf\u00f2me, jwenn enf\u00f2masyon enp\u00f2tan sou s\u00e8vis vil la, nouv\u00e8l, al\u00e8t, ev\u00e8nman, wout tramway, travay gouv\u00e8nman an ak plis ank\u00f2.","telephone":"305.604.CITY(2489)","legalName":"City of Miami Beach"}]}},"_links":{"self":[{"href":"https:\/\/www.miamibeachfl.gov\/ht\/wp-json\/wp\/v2\/pages\/384561","targetHints":{"allow":["GET"]}}],"collection":[{"href":"https:\/\/www.miamibeachfl.gov\/ht\/wp-json\/wp\/v2\/pages"}],"about":[{"href":"https:\/\/www.miamibeachfl.gov\/ht\/wp-json\/wp\/v2\/types\/page"}],"author":[{"embeddable":true,"href":"https:\/\/www.miamibeachfl.gov\/ht\/wp-json\/wp\/v2\/users\/222"}],"replies":[{"embeddable":true,"href":"https:\/\/www.miamibeachfl.gov\/ht\/wp-json\/wp\/v2\/comments?post=384561"}],"version-history":[{"count":11,"href":"https:\/\/www.miamibeachfl.gov\/ht\/wp-json\/wp\/v2\/pages\/384561\/revisions"}],"predecessor-version":[{"id":398194,"href":"https:\/\/www.miamibeachfl.gov\/ht\/wp-json\/wp\/v2\/pages\/384561\/revisions\/398194"}],"wp:attachment":[{"href":"https:\/\/www.miamibeachfl.gov\/ht\/wp-json\/wp\/v2\/media?parent=384561"}],"wp:term":[{"taxonomy":"category","embeddable":true,"href":"https:\/\/www.miamibeachfl.gov\/ht\/wp-json\/wp\/v2\/categories?post=384561"},{"taxonomy":"post_tag","embeddable":true,"href":"https:\/\/www.miamibeachfl.gov\/ht\/wp-json\/wp\/v2\/tags?post=384561"}],"curies":[{"name":"wp","href":"https:\/\/api.w.org\/{rel}","templated":true}]}}