{"id":385722,"date":"2025-07-01T14:38:27","date_gmt":"2025-07-01T18:38:27","guid":{"rendered":"https:\/\/www.miamibeachfl.gov\/?page_id=385722"},"modified":"2026-05-06T08:10:26","modified_gmt":"2026-05-06T12:10:26","slug":"bluezones","status":"publish","type":"page","link":"https:\/\/www.miamibeachfl.gov\/ht\/bluezones\/","title":{"rendered":"Z\u00f2n Ble yo"},"content":{"rendered":"<figure itemscope itemtype=\"https:\/\/schema.org\/ImageObject\">\n\t\t\t\t<img decoding=\"async\" src=\"https:\/\/www.miamibeachfl.gov\/wp-content\/uploads\/2025\/07\/bluezones_logo_og2.png\" alt=\"blue zones logo\" height=\"109\" width=\"555\" title=\"bluezones_logo_og2\" onerror=\"this.style.display='none'\" loading=\"lazy\" \/>\n\t<\/figure>\n<h1>\n\t\t<a href=\"https:\/\/www.bluezones.com\/ignite-miami-beach\/\" title=\"Vin jwenn nou pandan n ap limen Miami Beach\"  target=\"_blank\"  rel=\"noopener\">\n\t\t\tVin jwenn nou pandan n ap limen Miami Beach\t\t<\/a>\n\t<\/h1>\n\t<p>Miami Beach ap patisipe nan yon mouvman mondyal pou amelyore sante ak byenn\u00e8t kote nou rete, travay, aprann ak jwe.<\/p>\n<p><a href=\"https:\/\/www.bluezones.com\/\"><strong>Aprann plis sou Z\u00f2n Ble yo<\/strong><\/a><\/p>\n\t\t\t\t\t\t\t<img loading=\"lazy\" decoding=\"async\" src=\"https:\/\/www.miamibeachfl.gov\/wp-content\/uploads\/2025\/07\/bluezonesassessmentthumb.jpg\" alt=\"blue zones assessment report thumbnail\" width=\"300\" height=\"230\" \/>\n\t\t\t\t\t\t<h4>Rap\u00f2 Evalyasyon Z\u00f2n Ble yo<\/h4>\t\t\t\t\t\n\t\t\t\t\t<p>Rap\u00f2 sa a pale sou analiz Blue Zones te konpile a, espesyalman sou f\u00f2s ak defi Vil Miami Beach dwe konsidere.<\/p>\t\t\t\t\n\t\t\t<a href=\"https:\/\/www.flipsnack.com\/bluezones\/blue-zones-miami-beach-report\/full-view.html\"  target=\"_blank\" rel=\"noopener\">\n\t\t\t\t\t\t\tLi rap\u00f2 a\n\t\t\t<\/a>\n<h2>\n\t\t\tFaz 1 | Ev\u00e8nman ki te pase yo\t<\/h2>\n\t<p>On February 5, 2025 the City of Miami Beach launched Blue Zones Ignite, a 6-month well-being initiative bringing together civic and community leaders to initiate well-being enhancements- setting up residents to live long, healthy, happy lives.<\/p>\n\t\t\t\t\t\t\t<img loading=\"lazy\" decoding=\"async\" src=\"https:\/\/www.miamibeachfl.gov\/wp-content\/uploads\/2025\/07\/bluezones-video1.jpg\" alt=\"blue zones go to video thumbnail\" width=\"400\" height=\"222\" \/>\n\t\t\t\t\t\t<h2>Z\u00f2n Ble 2.5.25 Limen Miami Beach Diskou Prensipal:<\/h2>\t\t\t\t\t\n\t\t\t\t\t<p>Ev\u00e8nman an te f\u00e8t nan New World Center Truist Pavilion pou prezante istwa Blue Zones yo ak manm ekip eksp\u00e8 yo pou lanse travay nan kominote nou an pou amelyore byenn\u00e8t. Ekip la te mande lid\u00e8 kominote yo ak rezidan yo pou aprann plis bagay sou vil nou an epi kolabore pou konstwi yon plan pou chanjman.<\/p>\t\t\t\t\n\t\t\t<a href=\"https:\/\/www.youtube.com\/watch?v=q4G_V3mwkGA\"  target=\"_blank\" rel=\"noopener\">\n\t\t\t\t\t\t\tGade Videyo\n\t\t\t<\/a>\n\t\t\t\t\t\t\t<img loading=\"lazy\" decoding=\"async\" src=\"https:\/\/www.miamibeachfl.gov\/wp-content\/uploads\/2025\/07\/bluezones-video2.jpg\" alt=\"blue zones go to video thumbnail\" width=\"400\" height=\"222\" \/>\n\t\t\t\t\t\t<h2>Lekti Kominot\u00e8 Z\u00f2n Ble yo 6.23.2025:<\/h2>\t\t\t\t\t\n\t\t\t\t\t<p>Ev\u00e8nman an te f\u00e8t nan Jaden Botanik Miami Beach la pou prezante rezilta Evalyasyon Z\u00f2n Ble Ignite nou an. Evalyasyon preparasyon ak fizibilite apwofondi sa a se premye etap pou f\u00e8 Miami Beach yon vil deziyen pou Z\u00f2n Ble yo.<\/p>\t\t\t\t\n\t\t\t<a href=\"https:\/\/www.youtube.com\/watch?v=Xqd2DdGHZp8\"  target=\"_blank\" rel=\"noopener\">\n\t\t\t\t\t\t\tGade Videyo\n\t\t\t<\/a>\n\t\t\t<a href=\"https:\/\/www.miamibeachfl.gov\/wp-content\/uploads\/2025\/07\/BlueZones_Report_Community_Readout_Pres.pdf\"  target=\"_blank\" rel=\"noopener\">\n\t\t\t\t\t\t\tGade Prezantasyon an\n\t\t\t<\/a>\n<h2>\n\t\t\tKons\u00e8nan Inisyativ yo\t<\/h2>\n\t<p>The City of Miami Beach is committed to providing excellent public service and safety to all who live, work, and play in our vibrant, tropical and historic community. With outstanding health care facilities, active transportation options and an abundance of healthy outdoor activities, we&#8217;ve built a foundation that supports the well-being of our entire community.<\/p>\n<p>L\u00e8 nou entegre Z\u00f2n Ble yo nan inisyativ nou yo, nou vize ogmante enpak nou epi kreye yon avni briyan ak an sante pou tout rezidan yo, pou asire siks\u00e8 alont\u00e8m pou tout moun ki rete epi ki travay nan Miami Beach.<\/p>\n<p>\ud83c\udf0d<a href=\"https:\/\/www.bluezones.com\/2016\/11\/power-9\/\">Pouvwa 9\u00ae<\/a><\/p>\n<p><em>Abitid ki enfliyanse f\u00f2m vi ak anviw\u00f2nman kominote kote moun viv pi lontan ak an pi bon sante.<\/em><\/p>\n<p><a href=\"https:\/\/www.bluezones.com\/live-longer-better\/life-radius\/\">\u00a0Reyon lavi\u00ae<\/a><\/p>\n<p><em>Transf\u00f2masyon yo te konsantre sou optimize z\u00f2n ki toupre lakay nou kote nou pase 90 pousan nan lavi nou.<\/em><\/p>\n<h2>\n\t\t\tZ\u00f2n Ble Miami Beach nan Nouv\u00e8l yo\t<\/h2>\n\t<ul>\n<li>\n<ul>\n<li><strong><a href=\"https:\/\/www.miamibeachfl.gov\/wp-content\/uploads\/2026\/05\/Blue-Zone.pdf\">Stil lavi Sid Florid: Bon lavi<\/a><\/strong><\/li>\n<li><a href=\"https:\/\/www.miamitodaynews.com\/2026\/04\/29\/fall-start-due-for-miami-beach-blue-zones-strategy\/\"><strong>Miami Jodi a: Estrateji Z\u00f2n Ble Miami Beach la dwe k\u00f2manse nan ot\u00f2n<\/strong><\/a><\/li>\n<li><strong><a href=\"https:\/\/www.miamibeachfl.gov\/wp-content\/uploads\/2025\/07\/Miami-Today-e-Edition-Miami-Today-07032025-e-Edition-8.pdf\">Miami Jodi a: Miami Beach ap ch\u00e8che $1.5 milyon dola pa ane pou finanse Z\u00f2n Ble yo.<\/a><\/strong><\/li>\n<li><strong><a href=\"https:\/\/www.miamitodaynews.com\/2025\/06\/25\/miami-beach-moving-closer-to-becoming-blue-zones-city\/\">Miami Jodi a: Miami Beach ap pwoche pou l vin yon vil Z\u00f2n Ble<\/a><\/strong><\/li>\n<li><strong><a href=\"https:\/\/www.miamiherald.com\/news\/health-care\/article299700669.html\">Miami Herald: Can Miami Beach be a healthier place to live? Here&#8217;s how a &#8216;Blue Zone&#8217; works<\/a><\/strong><\/li>\n<li><a href=\"https:\/\/www.miamiherald.com\/news\/health-care\/article298171243.html\"><strong>Miami Herald: Miami Beach wants to be the next Blue Zone. Here&#8217;s what that may mean for your health<\/strong><\/a><\/li>\n<li><a href=\"https:\/\/www.realtor.com\/news\/trends\/miami-beach-florida-blue-zone-cities-healthy-living\/\"><strong>Realtor.com: Miami Beach wants to be the next &#8216;Blue Zone&#8217;-How will it get there?<\/strong><\/a><\/li>\n<li><a href=\"https:\/\/www.miamitodaynews.com\/2025\/01\/08\/miami-beach-set-to-take-big-step-to-join-blue-zones\/\"><strong>Miami Jodi a: Miami Beach pare pou f\u00e8 yon gwo pa pou rantre nan Z\u00f2n Ble yo<\/strong><\/a><\/li>\n<li><a href=\"https:\/\/www.miamitodaynews.com\/breaking\/beach-budgets-to-assess-becoming-a-blue-zone-city\/#google_vignette\"><strong>Miami Jodi a: Bidj\u00e8 plaj yo pral evalye pou yo vin yon vil Z\u00f2n Ble<\/strong><\/a><\/li>\n<li><strong><a href=\"https:\/\/www.youtube.com\/watch?v=PBtxaUKahhU\">Trel\u00e8 Podcast Dan Buettner<\/a><\/strong><\/li>\n<li><strong><a href=\"https:\/\/www.miamitodaynews.com\/2025\/09\/10\/miami-beach-follows-four-year-path-to-be-blue-zone-city\/#google_vignette\" target=\"_blank\" rel=\"noopener\">Miami Beach swiv chemen katran pou l vin yon vil Z\u00f2n Ble.<\/a><br \/>\n<\/strong><\/li>\n<li><strong><a href=\"https:\/\/refreshmiami.com\/news\/with-an-assist-from-tech-could-miami-beach-become-a-healthier-and-happier-blue-zone\/\">With an assist from tech, could Miami Beach become a healthier and happier &#8216;Blue Zone&#8217;? &#8211; Refresh Miami<\/a><\/strong><\/li>\n<li><a href=\"https:\/\/www.miamitodaynews.com\/2026\/01\/07\/team-seeks-8-million-to-make-miami-beach-a-blue-zone\/\"><strong>Ekip la ap ch\u00e8che $8 milyon dola pou f\u00e8 Miami Beach yon Z\u00f2n Ble.<\/strong><\/a><\/li>\n<\/ul>\n<\/li>\n<\/ul>\n<p>&nbsp;<\/p>\n\t<div class=\"page-navigation\"><a class=\"prev-page\" href=\"https:\/\/www.miamibeachfl.gov\/ht\/business-open-change-relocation\/\">\u2190 Ouv\u00e8ti Chanje oswa Demenaje yon biznis<\/a> <a class=\"next-page\" href=\"https:\/\/www.miamibeachfl.gov\/ht\/projects\/sunset-islands-2-3-infrastructure-improvements\/\">Amelyorasyon Enfrastrikti Sunset Islands 2 &amp; 3 \u2192<\/a><\/div>","protected":false},"excerpt":{"rendered":"<p>Join Us as We Ignite Miami Beach Miami Beach is participating in a global movement to improve health and well-being [&hellip;]<\/p>\n","protected":false},"author":222,"featured_media":385729,"parent":0,"menu_order":0,"comment_status":"closed","ping_status":"closed","template":"","meta":{"_searchwp_excluded":"","site-sidebar-layout":"default","site-content-layout":"","ast-site-content-layout":"default","site-content-style":"default","site-sidebar-style":"default","ast-global-header-display":"","ast-banner-title-visibility":"","ast-main-header-display":"","ast-hfb-above-header-display":"","ast-hfb-below-header-display":"","ast-hfb-mobile-header-display":"","site-post-title":"","ast-breadcrumbs-content":"","ast-featured-img":"","footer-sml-layout":"","ast-disable-related-posts":"","theme-transparent-header-meta":"","adv-header-id-meta":"","stick-header-meta":"","header-above-stick-meta":"","header-main-stick-meta":"","header-below-stick-meta":"","astra-migrate-meta-layouts":"default","ast-page-background-enabled":"default","ast-page-background-meta":{"desktop":{"background-color":"var(--ast-global-color-5)","background-image":"","background-repeat":"repeat","background-position":"center center","background-size":"auto","background-attachment":"scroll","background-type":"","background-media":"","overlay-type":"","overlay-color":"","overlay-opacity":"","overlay-gradient":""},"tablet":{"background-color":"","background-image":"","background-repeat":"repeat","background-position":"center center","background-size":"auto","background-attachment":"scroll","background-type":"","background-media":"","overlay-type":"","overlay-color":"","overlay-opacity":"","overlay-gradient":""},"mobile":{"background-color":"","background-image":"","background-repeat":"repeat","background-position":"center center","background-size":"auto","background-attachment":"scroll","background-type":"","background-media":"","overlay-type":"","overlay-color":"","overlay-opacity":"","overlay-gradient":""}},"ast-content-background-meta":{"desktop":{"background-color":"var(--ast-global-color-4)","background-image":"","background-repeat":"repeat","background-position":"center center","background-size":"auto","background-attachment":"scroll","background-type":"","background-media":"","overlay-type":"","overlay-color":"","overlay-opacity":"","overlay-gradient":""},"tablet":{"background-color":"var(--ast-global-color-4)","background-image":"","background-repeat":"repeat","background-position":"center center","background-size":"auto","background-attachment":"scroll","background-type":"","background-media":"","overlay-type":"","overlay-color":"","overlay-opacity":"","overlay-gradient":""},"mobile":{"background-color":"var(--ast-global-color-4)","background-image":"","background-repeat":"repeat","background-position":"center center","background-size":"auto","background-attachment":"scroll","background-type":"","background-media":"","overlay-type":"","overlay-color":"","overlay-opacity":"","overlay-gradient":""}},"footnotes":""},"categories":[],"tags":[],"class_list":["post-385722","page","type-page","status-publish","has-post-thumbnail","hentry"],"yoast_head":"<!-- This site is optimized with the Yoast SEO Premium plugin v27.4 (Yoast SEO v27.4) - https:\/\/yoast.com\/product\/yoast-seo-premium-wordpress\/ -->\n<title>Blue Zones - City of Miami Beach<\/title>\n<meta name=\"description\" content=\"Miami Beach is participating in a global movement to improve health and well-being in the places we live, work, learn and play.\" \/>\n<meta name=\"robots\" content=\"index, follow, max-snippet:-1, max-image-preview:large, max-video-preview:-1\" \/>\n<link rel=\"canonical\" href=\"https:\/\/www.miamibeachfl.gov\/ht\/bluezones\/\" \/>\n<meta property=\"og:locale\" content=\"ht_HT\" \/>\n<meta property=\"og:type\" content=\"article\" \/>\n<meta property=\"og:title\" content=\"Blue Zones\" \/>\n<meta property=\"og:description\" content=\"Miami Beach is participating in a global movement to improve health and well-being in the places we live, work, learn and play.\" \/>\n<meta property=\"og:url\" content=\"https:\/\/www.miamibeachfl.gov\/ht\/bluezones\/\" \/>\n<meta property=\"og:site_name\" content=\"City of Miami Beach\" \/>\n<meta property=\"article:publisher\" content=\"https:\/\/www.facebook.com\/cityofmiamibeach\" \/>\n<meta property=\"article:modified_time\" content=\"2026-05-06T12:10:26+00:00\" \/>\n<meta property=\"og:image\" content=\"https:\/\/www.miamibeachfl.gov\/wp-content\/uploads\/2025\/07\/bluezones_logo_og.png\" \/>\n\t<meta property=\"og:image:width\" content=\"555\" \/>\n\t<meta property=\"og:image:height\" content=\"109\" \/>\n\t<meta property=\"og:image:type\" content=\"image\/png\" \/>\n<meta name=\"twitter:card\" content=\"summary_large_image\" \/>\n<meta name=\"twitter:site\" content=\"@Miamibeachnews\" \/>\n<script type=\"application\/ld+json\" class=\"yoast-schema-graph\">{\"@context\":\"https:\\\/\\\/schema.org\",\"@graph\":[{\"@type\":\"WebPage\",\"@id\":\"https:\\\/\\\/www.miamibeachfl.gov\\\/bluezones\\\/\",\"url\":\"https:\\\/\\\/www.miamibeachfl.gov\\\/bluezones\\\/\",\"name\":\"Blue Zones - City of Miami Beach\",\"isPartOf\":{\"@id\":\"https:\\\/\\\/www.miamibeachfl.gov\\\/#website\"},\"primaryImageOfPage\":{\"@id\":\"https:\\\/\\\/www.miamibeachfl.gov\\\/bluezones\\\/#primaryimage\"},\"image\":{\"@id\":\"https:\\\/\\\/www.miamibeachfl.gov\\\/bluezones\\\/#primaryimage\"},\"thumbnailUrl\":\"https:\\\/\\\/www.miamibeachfl.gov\\\/wp-content\\\/uploads\\\/2025\\\/07\\\/bluezones_logo_og.png\",\"datePublished\":\"2025-07-01T18:38:27+00:00\",\"dateModified\":\"2026-05-06T12:10:26+00:00\",\"description\":\"Miami Beach is participating in a global movement to improve health and well-being in the places we live, work, learn and play.\",\"breadcrumb\":{\"@id\":\"https:\\\/\\\/www.miamibeachfl.gov\\\/bluezones\\\/#breadcrumb\"},\"inLanguage\":\"ht\",\"potentialAction\":[{\"@type\":\"ReadAction\",\"target\":[\"https:\\\/\\\/www.miamibeachfl.gov\\\/bluezones\\\/\"]}]},{\"@type\":\"ImageObject\",\"inLanguage\":\"ht\",\"@id\":\"https:\\\/\\\/www.miamibeachfl.gov\\\/bluezones\\\/#primaryimage\",\"url\":\"https:\\\/\\\/www.miamibeachfl.gov\\\/wp-content\\\/uploads\\\/2025\\\/07\\\/bluezones_logo_og.png\",\"contentUrl\":\"https:\\\/\\\/www.miamibeachfl.gov\\\/wp-content\\\/uploads\\\/2025\\\/07\\\/bluezones_logo_og.png\",\"width\":555,\"height\":109,\"caption\":\"blue zones logo\"},{\"@type\":\"BreadcrumbList\",\"@id\":\"https:\\\/\\\/www.miamibeachfl.gov\\\/bluezones\\\/#breadcrumb\",\"itemListElement\":[{\"@type\":\"ListItem\",\"position\":1,\"name\":\"Home\",\"item\":\"https:\\\/\\\/www.miamibeachfl.gov\\\/\"},{\"@type\":\"ListItem\",\"position\":2,\"name\":\"Blue Zones\"}]},{\"@type\":\"WebSite\",\"@id\":\"https:\\\/\\\/www.miamibeachfl.gov\\\/#website\",\"url\":\"https:\\\/\\\/www.miamibeachfl.gov\\\/\",\"name\":\"City of Miami Beach\",\"description\":\"The official website of the City of Miami Beach. Stay informed, find important information on city services, news, alerts, events, trolley routes, government employment and more.\",\"publisher\":{\"@id\":\"https:\\\/\\\/www.miamibeachfl.gov\\\/#organization\"},\"potentialAction\":[{\"@type\":\"SearchAction\",\"target\":{\"@type\":\"EntryPoint\",\"urlTemplate\":\"https:\\\/\\\/www.miamibeachfl.gov\\\/?s={search_term_string}\"},\"query-input\":{\"@type\":\"PropertyValueSpecification\",\"valueRequired\":true,\"valueName\":\"search_term_string\"}}],\"inLanguage\":\"ht\"},{\"@type\":\"Organization\",\"@id\":\"https:\\\/\\\/www.miamibeachfl.gov\\\/#organization\",\"name\":\"City of Miami Beach\",\"url\":\"https:\\\/\\\/www.miamibeachfl.gov\\\/\",\"logo\":{\"@type\":\"ImageObject\",\"inLanguage\":\"ht\",\"@id\":\"https:\\\/\\\/www.miamibeachfl.gov\\\/#\\\/schema\\\/logo\\\/image\\\/\",\"url\":\"https:\\\/\\\/www.miamibeachfl.gov\\\/wp-content\\\/uploads\\\/2022\\\/06\\\/miamibeach-logoblue.png\",\"contentUrl\":\"https:\\\/\\\/www.miamibeachfl.gov\\\/wp-content\\\/uploads\\\/2022\\\/06\\\/miamibeach-logoblue.png\",\"width\":1962,\"height\":381,\"caption\":\"City of Miami Beach\"},\"image\":{\"@id\":\"https:\\\/\\\/www.miamibeachfl.gov\\\/#\\\/schema\\\/logo\\\/image\\\/\"},\"sameAs\":[\"https:\\\/\\\/www.facebook.com\\\/cityofmiamibeach\",\"https:\\\/\\\/x.com\\\/Miamibeachnews\",\"https:\\\/\\\/www.instagram.com\\\/miamibeachnews\\\/\"],\"description\":\"The official website of the City of Miami Beach. Stay informed, find important information on city services, news, alerts, events, trolley routes, government employment and more.\",\"telephone\":\"305.604.CITY(2489)\",\"legalName\":\"City of Miami Beach\"}]}<\/script>\n<!-- \/ Yoast SEO Premium plugin. -->","yoast_head_json":{"title":"Blue Zones - City of Miami Beach","description":"Miami Beach ap patisipe nan yon mouvman mondyal pou amelyore sante ak byenn\u00e8t kote nou rete, travay, aprann ak jwe.","robots":{"index":"index","follow":"follow","max-snippet":"max-snippet:-1","max-image-preview":"max-image-preview:large","max-video-preview":"max-video-preview:-1"},"canonical":"https:\/\/www.miamibeachfl.gov\/ht\/bluezones\/","og_locale":"ht_HT","og_type":"article","og_title":"Blue Zones","og_description":"Miami Beach is participating in a global movement to improve health and well-being in the places we live, work, learn and play.","og_url":"https:\/\/www.miamibeachfl.gov\/ht\/bluezones\/","og_site_name":"City of Miami Beach","article_publisher":"https:\/\/www.facebook.com\/cityofmiamibeach","article_modified_time":"2026-05-06T12:10:26+00:00","og_image":[{"width":555,"height":109,"url":"https:\/\/www.miamibeachfl.gov\/wp-content\/uploads\/2025\/07\/bluezones_logo_og.png","type":"image\/png"}],"twitter_card":"summary_large_image","twitter_site":"@Miamibeachnews","schema":{"@context":"https:\/\/schema.org","@graph":[{"@type":"WebPage","@id":"https:\/\/www.miamibeachfl.gov\/bluezones\/","url":"https:\/\/www.miamibeachfl.gov\/bluezones\/","name":"Blue Zones - City of Miami Beach","isPartOf":{"@id":"https:\/\/www.miamibeachfl.gov\/#website"},"primaryImageOfPage":{"@id":"https:\/\/www.miamibeachfl.gov\/bluezones\/#primaryimage"},"image":{"@id":"https:\/\/www.miamibeachfl.gov\/bluezones\/#primaryimage"},"thumbnailUrl":"https:\/\/www.miamibeachfl.gov\/wp-content\/uploads\/2025\/07\/bluezones_logo_og.png","datePublished":"2025-07-01T18:38:27+00:00","dateModified":"2026-05-06T12:10:26+00:00","description":"Miami Beach ap patisipe nan yon mouvman mondyal pou amelyore sante ak byenn\u00e8t kote nou rete, travay, aprann ak jwe.","breadcrumb":{"@id":"https:\/\/www.miamibeachfl.gov\/bluezones\/#breadcrumb"},"inLanguage":"ht","potentialAction":[{"@type":"ReadAction","target":["https:\/\/www.miamibeachfl.gov\/bluezones\/"]}]},{"@type":"ImageObject","inLanguage":"ht","@id":"https:\/\/www.miamibeachfl.gov\/bluezones\/#primaryimage","url":"https:\/\/www.miamibeachfl.gov\/wp-content\/uploads\/2025\/07\/bluezones_logo_og.png","contentUrl":"https:\/\/www.miamibeachfl.gov\/wp-content\/uploads\/2025\/07\/bluezones_logo_og.png","width":555,"height":109,"caption":"blue zones logo"},{"@type":"BreadcrumbList","@id":"https:\/\/www.miamibeachfl.gov\/bluezones\/#breadcrumb","itemListElement":[{"@type":"ListItem","position":1,"name":"Home","item":"https:\/\/www.miamibeachfl.gov\/"},{"@type":"ListItem","position":2,"name":"Blue Zones"}]},{"@type":"WebSite","@id":"https:\/\/www.miamibeachfl.gov\/#website","url":"https:\/\/www.miamibeachfl.gov\/","name":"Vil Miami Beach","description":"Sitw\u00e8b ofisy\u00e8l Vil Miami Beach la. Rete enf\u00f2me, jwenn enf\u00f2masyon enp\u00f2tan sou s\u00e8vis vil la, nouv\u00e8l, al\u00e8t, ev\u00e8nman, wout tramway, travay gouv\u00e8nman an ak plis ank\u00f2.","publisher":{"@id":"https:\/\/www.miamibeachfl.gov\/#organization"},"potentialAction":[{"@type":"SearchAction","target":{"@type":"EntryPoint","urlTemplate":"https:\/\/www.miamibeachfl.gov\/?s={search_term_string}"},"query-input":{"@type":"PropertyValueSpecification","valueRequired":true,"valueName":"search_term_string"}}],"inLanguage":"ht"},{"@type":"Organization","@id":"https:\/\/www.miamibeachfl.gov\/#organization","name":"Vil Miami Beach","url":"https:\/\/www.miamibeachfl.gov\/","logo":{"@type":"ImageObject","inLanguage":"ht","@id":"https:\/\/www.miamibeachfl.gov\/#\/schema\/logo\/image\/","url":"https:\/\/www.miamibeachfl.gov\/wp-content\/uploads\/2022\/06\/miamibeach-logoblue.png","contentUrl":"https:\/\/www.miamibeachfl.gov\/wp-content\/uploads\/2022\/06\/miamibeach-logoblue.png","width":1962,"height":381,"caption":"City of Miami Beach"},"image":{"@id":"https:\/\/www.miamibeachfl.gov\/#\/schema\/logo\/image\/"},"sameAs":["https:\/\/www.facebook.com\/cityofmiamibeach","https:\/\/x.com\/Miamibeachnews","https:\/\/www.instagram.com\/miamibeachnews\/"],"description":"Sitw\u00e8b ofisy\u00e8l Vil Miami Beach la. Rete enf\u00f2me, jwenn enf\u00f2masyon enp\u00f2tan sou s\u00e8vis vil la, nouv\u00e8l, al\u00e8t, ev\u00e8nman, wout tramway, travay gouv\u00e8nman an ak plis ank\u00f2.","telephone":"305.604.CITY(2489)","legalName":"City of Miami Beach"}]}},"_links":{"self":[{"href":"https:\/\/www.miamibeachfl.gov\/ht\/wp-json\/wp\/v2\/pages\/385722","targetHints":{"allow":["GET"]}}],"collection":[{"href":"https:\/\/www.miamibeachfl.gov\/ht\/wp-json\/wp\/v2\/pages"}],"about":[{"href":"https:\/\/www.miamibeachfl.gov\/ht\/wp-json\/wp\/v2\/types\/page"}],"author":[{"embeddable":true,"href":"https:\/\/www.miamibeachfl.gov\/ht\/wp-json\/wp\/v2\/users\/222"}],"replies":[{"embeddable":true,"href":"https:\/\/www.miamibeachfl.gov\/ht\/wp-json\/wp\/v2\/comments?post=385722"}],"version-history":[{"count":14,"href":"https:\/\/www.miamibeachfl.gov\/ht\/wp-json\/wp\/v2\/pages\/385722\/revisions"}],"predecessor-version":[{"id":400110,"href":"https:\/\/www.miamibeachfl.gov\/ht\/wp-json\/wp\/v2\/pages\/385722\/revisions\/400110"}],"wp:featuredmedia":[{"embeddable":true,"href":"https:\/\/www.miamibeachfl.gov\/ht\/wp-json\/wp\/v2\/media\/385729"}],"wp:attachment":[{"href":"https:\/\/www.miamibeachfl.gov\/ht\/wp-json\/wp\/v2\/media?parent=385722"}],"wp:term":[{"taxonomy":"category","embeddable":true,"href":"https:\/\/www.miamibeachfl.gov\/ht\/wp-json\/wp\/v2\/categories?post=385722"},{"taxonomy":"post_tag","embeddable":true,"href":"https:\/\/www.miamibeachfl.gov\/ht\/wp-json\/wp\/v2\/tags?post=385722"}],"curies":[{"name":"wp","href":"https:\/\/api.w.org\/{rel}","templated":true}]}}