{"id":385864,"date":"2025-07-03T14:57:11","date_gmt":"2025-07-03T18:57:11","guid":{"rendered":"https:\/\/www.miamibeachfl.gov\/?page_id=385864"},"modified":"2025-12-31T15:31:54","modified_gmt":"2025-12-31T20:31:54","slug":"ww2-in-miami-beach","status":"publish","type":"page","link":"https:\/\/www.miamibeachfl.gov\/ht\/galeria\/ww2-in-miami-beach\/","title":{"rendered":"Dezy\u00e8m G\u00e8 Mondyal la nan Miami Beach"},"content":{"rendered":"<p>Ant 1942 ak 1945, Miami Beach te vin tounen yon teren antr\u00e8nman pou plis pase 600,000 s\u00f2lda ameriken ki t ap prepare pou Dezy\u00e8m G\u00e8 Mondyal la. Yo te konv\u00e8ti ot\u00e8l ak bilding apatman an kaz\u00e8n, pandan y ap transf\u00f2me lobi, sal bal, teyat ak magazen an salklas. Restoran yo te vin tounen sal manje, pak vil la ak teren g\u00f2lf yo te s\u00e8vi k\u00f2m teren parad, epi twoup yo te ranplase moun ki t ap pran sol\u00e8y sou plaj yo.<\/p>\n\t\t\t\t<img decoding=\"async\" src=\"https:\/\/www.miamibeachfl.gov\/wp-content\/uploads\/2025\/07\/BannerWWII_June.png\" alt=\"ww2 banner\" itemprop=\"image\" height=\"594\" width=\"1222\" title=\"Bany\u00e8Dezy\u00e8m G\u00e8 Mondyal_Jen\" onerror=\"this.style.display='none'\" loading=\"lazy\" \/>\n\t\t\t\t<a href=\"https:\/\/www.miamibeachfl.gov\/wp-content\/uploads\/2025\/02\/Boothcampinparadiseflyer2.jpg\"  target=\"_self\" itemprop=\"url\">\n\t\t\t\t<img decoding=\"async\" src=\"https:\/\/www.miamibeachfl.gov\/wp-content\/uploads\/2025\/02\/Boothcampinparadiseflyer2.jpg\" alt=\"Bootcamp in paradise\" itemprop=\"image\" height=\"1050\" width=\"550\" title=\"Kanpay izolwa, paradi, voleur2\" onerror=\"this.style.display='none'\" loading=\"lazy\" \/>\n\t\t\t\t<\/a>\n\t\t\t\t<a href=\"https:\/\/www.miamibeachfl.gov\/wp-content\/uploads\/2024\/10\/thecadetstakeover.jpg\"  target=\"_self\" itemprop=\"url\">\n\t\t\t\t<img decoding=\"async\" src=\"https:\/\/www.miamibeachfl.gov\/wp-content\/uploads\/2024\/10\/thecadetstakeover.jpg\" alt=\"The Cadets take over\" itemprop=\"image\" height=\"1050\" width=\"550\" title=\"kade yo pran kontw\u00f2l\" onerror=\"this.style.display='none'\" loading=\"lazy\" \/>\n\t\t\t\t<\/a>\n\t\t\t\t<a href=\"https:\/\/www.miamibeachfl.gov\/wp-content\/uploads\/2025\/02\/BootcampInParadiseFlyer1.jpg\"  target=\"_self\" itemprop=\"url\">\n\t\t\t\t<img decoding=\"async\" src=\"https:\/\/www.miamibeachfl.gov\/wp-content\/uploads\/2025\/02\/BootcampInParadiseFlyer1.jpg\" alt=\"bootcamp in paradise\" itemprop=\"image\" height=\"1050\" width=\"550\" title=\"Kan Antr\u00e8nman Nan ParadiFlyer1\" onerror=\"this.style.display='none'\" loading=\"lazy\" \/>\n\t\t\t\t<\/a>\n\t\t\t\t<a href=\"https:\/\/www.miamibeachfl.gov\/wp-content\/uploads\/2024\/10\/armyairforce.jpg\"  target=\"_self\" itemprop=\"url\">\n\t\t\t\t<img decoding=\"async\" src=\"https:\/\/www.miamibeachfl.gov\/wp-content\/uploads\/2024\/10\/armyairforce.jpg\" alt=\"ww2 photo\" itemprop=\"image\" height=\"1050\" width=\"550\" title=\"f\u00f2s aeryen lame\" onerror=\"this.style.display='none'\" loading=\"lazy\" \/>\n\t\t\t\t<\/a>\n<h2>\n\t\t\tGALRI FOTO\t<\/h2>\n\t\t\t\t<a\n\t\t\thref=\"https:\/\/www.miamibeachfl.gov\/wp-content\/uploads\/2025\/04\/Galeria-Ocean-Drive_1.jpg\"\n\t\t\t\t\t\tdata-fancybox=\"images\" \n\t\t\ttitle=\"Galeria-Ocean-Drive_1\" \n\t\t\t\t\t\tdata-caption=\"\"\n\t\t\t\t\t\tdata-description=\"\" \n\t\t\titemprop=\"contentUrl\">\n\t\t\t<img loading=\"lazy\" decoding=\"async\" src=\"https:\/\/www.miamibeachfl.gov\/wp-content\/uploads\/2025\/04\/Galeria-Ocean-Drive_1-300x225.jpg\" alt=\"Mayor at the Galeria Exhibit\" data-no-lazy=\"1\" itemprop=\"thumbnail\" width=\"300\" height=\"225\" \/>\n\t\t\t<!-- Overlay Wrapper -->\n\t\t\t <!-- Overlay Wrapper Closed -->\n\t\t\t\t<\/a>\n\t\t\t\t\t\t\t<meta itemprop=\"width\" content=\"300\" \/>\n\t\t\t<meta itemprop=\"height\" content=\"225\" \/>\n\t\t\t\t<a\n\t\t\thref=\"https:\/\/www.miamibeachfl.gov\/wp-content\/uploads\/2025\/04\/Galeria-Ocean-Drive_2.jpg\"\n\t\t\t\t\t\tdata-fancybox=\"images\" \n\t\t\ttitle=\"Galeria-Ocean-Drive_2\" \n\t\t\t\t\t\tdata-caption=\"\"\n\t\t\t\t\t\tdata-description=\"\" \n\t\t\titemprop=\"contentUrl\">\n\t\t\t<img loading=\"lazy\" decoding=\"async\" src=\"https:\/\/www.miamibeachfl.gov\/wp-content\/uploads\/2025\/04\/Galeria-Ocean-Drive_2-300x225.jpg\" alt=\"Person at the Galleria Exhibit\" data-no-lazy=\"1\" itemprop=\"thumbnail\" width=\"300\" height=\"225\" \/>\n\t\t\t<!-- Overlay Wrapper -->\n\t\t\t <!-- Overlay Wrapper Closed -->\n\t\t\t\t<\/a>\n\t\t\t\t\t\t\t<meta itemprop=\"width\" content=\"300\" \/>\n\t\t\t<meta itemprop=\"height\" content=\"225\" \/>\n\t\t\t\t<a\n\t\t\thref=\"https:\/\/www.miamibeachfl.gov\/wp-content\/uploads\/2025\/04\/Galeria-Ocean-Drive_3.jpg\"\n\t\t\t\t\t\tdata-fancybox=\"images\" \n\t\t\ttitle=\"Galeria-Ocean-Drive_3\" \n\t\t\t\t\t\tdata-caption=\"\"\n\t\t\t\t\t\tdata-description=\"\" \n\t\t\titemprop=\"contentUrl\">\n\t\t\t<img loading=\"lazy\" decoding=\"async\" src=\"https:\/\/www.miamibeachfl.gov\/wp-content\/uploads\/2025\/04\/Galeria-Ocean-Drive_3-300x225.jpg\" alt=\"Galleria Exhibit\" data-no-lazy=\"1\" itemprop=\"thumbnail\" width=\"300\" height=\"225\" \/>\n\t\t\t<!-- Overlay Wrapper -->\n\t\t\t <!-- Overlay Wrapper Closed -->\n\t\t\t\t<\/a>\n\t\t\t\t\t\t\t<meta itemprop=\"width\" content=\"300\" \/>\n\t\t\t<meta itemprop=\"height\" content=\"225\" \/>\n\t\t\t\t<a\n\t\t\thref=\"https:\/\/www.miamibeachfl.gov\/wp-content\/uploads\/2025\/04\/Galeria-Ocean-Drive_4.jpg\"\n\t\t\t\t\t\tdata-fancybox=\"images\" \n\t\t\ttitle=\"Galeria-Ocean-Drive_4\" \n\t\t\t\t\t\tdata-caption=\"\"\n\t\t\t\t\t\tdata-description=\"\" \n\t\t\titemprop=\"contentUrl\">\n\t\t\t<img loading=\"lazy\" decoding=\"async\" src=\"https:\/\/www.miamibeachfl.gov\/wp-content\/uploads\/2025\/04\/Galeria-Ocean-Drive_4-300x225.jpg\" alt=\"Veterans at the Galleria Exhibit\" data-no-lazy=\"1\" itemprop=\"thumbnail\" width=\"300\" height=\"225\" \/>\n\t\t\t<!-- Overlay Wrapper -->\n\t\t\t <!-- Overlay Wrapper Closed -->\n\t\t\t\t<\/a>\n\t\t\t\t\t\t\t<meta itemprop=\"width\" content=\"300\" \/>\n\t\t\t<meta itemprop=\"height\" content=\"225\" \/>\n\t\t\t\t<a\n\t\t\thref=\"https:\/\/www.miamibeachfl.gov\/wp-content\/uploads\/2025\/04\/Galeria-Ocean-Drive_5.jpg\"\n\t\t\t\t\t\tdata-fancybox=\"images\" \n\t\t\ttitle=\"Galeria-Ocean-Drive_5\" \n\t\t\t\t\t\tdata-caption=\"\"\n\t\t\t\t\t\tdata-description=\"\" \n\t\t\titemprop=\"contentUrl\">\n\t\t\t<img loading=\"lazy\" decoding=\"async\" src=\"https:\/\/www.miamibeachfl.gov\/wp-content\/uploads\/2025\/04\/Galeria-Ocean-Drive_5-300x225.jpg\" alt=\"people at the Galleria Exhibit\" data-no-lazy=\"1\" itemprop=\"thumbnail\" width=\"300\" height=\"225\" \/>\n\t\t\t<!-- Overlay Wrapper -->\n\t\t\t <!-- Overlay Wrapper Closed -->\n\t\t\t\t<\/a>\n\t\t\t\t\t\t\t<meta itemprop=\"width\" content=\"300\" \/>\n\t\t\t<meta itemprop=\"height\" content=\"225\" \/>\n\t\t\t\t<a\n\t\t\thref=\"https:\/\/www.miamibeachfl.gov\/wp-content\/uploads\/2025\/04\/Galeria-Ocean-Drive_6.jpg\"\n\t\t\t\t\t\tdata-fancybox=\"images\" \n\t\t\ttitle=\"Galeria-Ocean-Drive_6\" \n\t\t\t\t\t\tdata-caption=\"\"\n\t\t\t\t\t\tdata-description=\"\" \n\t\t\titemprop=\"contentUrl\">\n\t\t\t<img loading=\"lazy\" decoding=\"async\" src=\"https:\/\/www.miamibeachfl.gov\/wp-content\/uploads\/2025\/04\/Galeria-Ocean-Drive_6-300x225.jpg\" alt=\"people at the Galleria Exhibit\" data-no-lazy=\"1\" itemprop=\"thumbnail\" width=\"300\" height=\"225\" \/>\n\t\t\t<!-- Overlay Wrapper -->\n\t\t\t <!-- Overlay Wrapper Closed -->\n\t\t\t\t<\/a>\n\t\t\t\t\t\t\t<meta itemprop=\"width\" content=\"300\" \/>\n\t\t\t<meta itemprop=\"height\" content=\"225\" \/>\n\t\t\t\t<a\n\t\t\thref=\"https:\/\/www.miamibeachfl.gov\/wp-content\/uploads\/2025\/04\/Galeria-Ocean-Drive_7.jpg\"\n\t\t\t\t\t\tdata-fancybox=\"images\" \n\t\t\ttitle=\"Galeria-Ocean-Drive_7\" \n\t\t\t\t\t\tdata-caption=\"\"\n\t\t\t\t\t\tdata-description=\"\" \n\t\t\titemprop=\"contentUrl\">\n\t\t\t<img loading=\"lazy\" decoding=\"async\" src=\"https:\/\/www.miamibeachfl.gov\/wp-content\/uploads\/2025\/04\/Galeria-Ocean-Drive_7-300x225.jpg\" alt=\"people at the Galleria Exhibit\" data-no-lazy=\"1\" itemprop=\"thumbnail\" width=\"300\" height=\"225\" \/>\n\t\t\t<!-- Overlay Wrapper -->\n\t\t\t <!-- Overlay Wrapper Closed -->\n\t\t\t\t<\/a>\n\t\t\t\t\t\t\t<meta itemprop=\"width\" content=\"300\" \/>\n\t\t\t<meta itemprop=\"height\" content=\"225\" \/>\n\t\t\t\t<a\n\t\t\thref=\"https:\/\/www.miamibeachfl.gov\/wp-content\/uploads\/2025\/04\/Galeria-Ocean-Drive_8.jpg\"\n\t\t\t\t\t\tdata-fancybox=\"images\" \n\t\t\ttitle=\"Galeria-Ocean-Drive_8\" \n\t\t\t\t\t\tdata-caption=\"\"\n\t\t\t\t\t\tdata-description=\"\" \n\t\t\titemprop=\"contentUrl\">\n\t\t\t<img loading=\"lazy\" decoding=\"async\" src=\"https:\/\/www.miamibeachfl.gov\/wp-content\/uploads\/2025\/04\/Galeria-Ocean-Drive_8-300x225.jpg\" alt=\"People looking at a jeep\" data-no-lazy=\"1\" itemprop=\"thumbnail\" width=\"300\" height=\"225\" \/>\n\t\t\t<!-- Overlay Wrapper -->\n\t\t\t <!-- Overlay Wrapper Closed -->\n\t\t\t\t<\/a>\n\t\t\t\t\t\t\t<meta itemprop=\"width\" content=\"300\" \/>\n\t\t\t<meta itemprop=\"height\" content=\"225\" \/>\n\t<meta itemprop=\"name\" content=\"bootcamp in paradise\" \/><meta itemprop=\"description\" content=\"bootcamp in paradise\" \/><meta itemprop=\"uploadDate\" content=\"2025-08-07T10:00-05:00\" \/><meta itemprop=\"thumbnailUrl\" content=\"https:\/\/www.miamibeachfl.gov\/wp-content\/uploads\/2024\/10\/bootcampinparadiseheader.png\" \/><meta itemprop=\"contentUrl\" content=\"https:\/\/vimeo.com\/1045449684\" \/><meta itemprop=\"embedUrl\" content=\"https:\/\/vimeo.com\/1045449684\" \/>\t\n\t<iframe allowfullscreen allow=\"autoplay\" data-src=\"https:\/\/player.vimeo.com\/video\/1045449684?color&amp;autopause=0&amp;loop=0&amp;muted=0&amp;title=0&amp;portrait=0&amp;byline=0&amp;h\" title=\"kan f\u00f2masyon nan paradi\"><\/iframe>\t\t\n\t\t\t\t\tJwe Videyo\n\t<meta itemprop=\"name\" content=\"Culture Crawl Event Video\" \/><meta itemprop=\"description\" content=\"Culture Crawl Event Video\" \/><meta itemprop=\"uploadDate\" content=\"2025-08-07T10:00-05:00\" \/><meta itemprop=\"thumbnailUrl\" content=\"https:\/\/www.miamibeachfl.gov\/wp-content\/uploads\/2024\/10\/ww2beachscene.jpg\" \/><meta itemprop=\"contentUrl\" content=\"https:\/\/vimeo.com\/1055439033\" \/><meta itemprop=\"embedUrl\" content=\"https:\/\/vimeo.com\/1055439033\" \/>\t\n\t<iframe allowfullscreen allow=\"autoplay\" data-src=\"https:\/\/player.vimeo.com\/video\/1055439033?color&amp;autopause=0&amp;loop=0&amp;muted=0&amp;title=0&amp;portrait=0&amp;byline=0&amp;h\" title=\"Videyo ev\u00e8nman &quot;Culture Crawl&quot; la\"><\/iframe>\t\t\n\t\t\t\t\tJwe Videyo\n\t\t\t\t<img decoding=\"async\" src=\"https:\/\/www.miamibeachfl.gov\/wp-content\/uploads\/2024\/10\/GaleriaOceanDriveLogo.png\" alt=\"Galeria Ocean Drive Logo\" itemprop=\"image\" height=\"193\" width=\"525\" title=\"GaleriaOceanDriveLogo\" onerror=\"this.style.display='none'\" loading=\"lazy\" \/>\n\t<p>Espas ekspozisyon nan Lummus Park sou Ocean Drive ant 11 ak 12 Streets<\/p>\n\t\t\t\t<img decoding=\"async\" src=\"https:\/\/www.miamibeachfl.gov\/wp-content\/uploads\/2019\/11\/ColorSealLogo-01.png\" alt=\"ColorSealLogo-01\" itemprop=\"image\" height=\"1542\" width=\"1542\" title=\"Koul\u00e8SealLogo-01\" onerror=\"this.style.display='none'\" loading=\"lazy\" \/>\n\t<p>KIRIZE PA BIWO M\u00c8 A AK KOMISYON VIL LA<\/p>\n\t<p>Misyon Galer\u00eda Ocean Drive se selebre rich\u00e8s istwa, atizay, kilti ak achitekti Miami Beach, pou ankouraje yon apresyasyon pi pwofon pou eritaj inik vil la.<\/p>","protected":false},"excerpt":{"rendered":"<p>Miami Beach, from 1942-45, became a training ground for over 600,000 U.S. troops preparing for World War II. Hotels and [&hellip;]<\/p>\n","protected":false},"author":222,"featured_media":386050,"parent":340592,"menu_order":17,"comment_status":"closed","ping_status":"closed","template":"","meta":{"_searchwp_excluded":"","site-sidebar-layout":"default","site-content-layout":"","ast-site-content-layout":"default","site-content-style":"default","site-sidebar-style":"default","ast-global-header-display":"","ast-banner-title-visibility":"","ast-main-header-display":"","ast-hfb-above-header-display":"","ast-hfb-below-header-display":"","ast-hfb-mobile-header-display":"","site-post-title":"","ast-breadcrumbs-content":"","ast-featured-img":"","footer-sml-layout":"","theme-transparent-header-meta":"","adv-header-id-meta":"","stick-header-meta":"","header-above-stick-meta":"","header-main-stick-meta":"","header-below-stick-meta":"","astra-migrate-meta-layouts":"default","ast-page-background-enabled":"default","ast-page-background-meta":{"desktop":{"background-color":"var(--ast-global-color-5)","background-image":"","background-repeat":"repeat","background-position":"center center","background-size":"auto","background-attachment":"scroll","background-type":"","background-media":"","overlay-type":"","overlay-color":"","overlay-opacity":"","overlay-gradient":""},"tablet":{"background-color":"","background-image":"","background-repeat":"repeat","background-position":"center center","background-size":"auto","background-attachment":"scroll","background-type":"","background-media":"","overlay-type":"","overlay-color":"","overlay-opacity":"","overlay-gradient":""},"mobile":{"background-color":"","background-image":"","background-repeat":"repeat","background-position":"center center","background-size":"auto","background-attachment":"scroll","background-type":"","background-media":"","overlay-type":"","overlay-color":"","overlay-opacity":"","overlay-gradient":""}},"ast-content-background-meta":{"desktop":{"background-color":"var(--ast-global-color-4)","background-image":"","background-repeat":"repeat","background-position":"center center","background-size":"auto","background-attachment":"scroll","background-type":"","background-media":"","overlay-type":"","overlay-color":"","overlay-opacity":"","overlay-gradient":""},"tablet":{"background-color":"var(--ast-global-color-4)","background-image":"","background-repeat":"repeat","background-position":"center center","background-size":"auto","background-attachment":"scroll","background-type":"","background-media":"","overlay-type":"","overlay-color":"","overlay-opacity":"","overlay-gradient":""},"mobile":{"background-color":"var(--ast-global-color-4)","background-image":"","background-repeat":"repeat","background-position":"center center","background-size":"auto","background-attachment":"scroll","background-type":"","background-media":"","overlay-type":"","overlay-color":"","overlay-opacity":"","overlay-gradient":""}},"footnotes":""},"categories":[1820],"tags":[],"class_list":["post-385864","page","type-page","status-publish","has-post-thumbnail","hentry","category-galeria-exhibits"],"yoast_head":"<!-- This site is optimized with the Yoast SEO Premium plugin v27.4 (Yoast SEO v27.4) - https:\/\/yoast.com\/product\/yoast-seo-premium-wordpress\/ -->\n<title>WWII in Miami Beach - City of Miami Beach<\/title>\n<meta name=\"description\" content=\"The mission of Galeria Ocean Drive is to celebrate Miami Beach&#039;s rich history, art, culture and architecture, fostering a deeper appreciation of the city&#039;s unique heritage.\" \/>\n<meta name=\"robots\" content=\"index, follow, max-snippet:-1, max-image-preview:large, max-video-preview:-1\" \/>\n<link rel=\"canonical\" href=\"https:\/\/www.miamibeachfl.gov\/ht\/galeria\/ww2-in-miami-beach\/\" \/>\n<meta property=\"og:locale\" content=\"ht_HT\" \/>\n<meta property=\"og:type\" content=\"article\" \/>\n<meta property=\"og:title\" content=\"WWII in Miami Beach\" \/>\n<meta property=\"og:description\" content=\"The mission of Galeria Ocean Drive is to celebrate Miami Beach&#039;s rich history, art, culture and architecture, fostering a deeper appreciation of the city&#039;s unique heritage.\" \/>\n<meta property=\"og:url\" content=\"https:\/\/www.miamibeachfl.gov\/ht\/galeria\/ww2-in-miami-beach\/\" \/>\n<meta property=\"og:site_name\" content=\"City of Miami Beach\" \/>\n<meta property=\"article:publisher\" content=\"https:\/\/www.facebook.com\/cityofmiamibeach\" \/>\n<meta property=\"article:modified_time\" content=\"2025-12-31T20:31:54+00:00\" \/>\n<meta property=\"og:image\" content=\"https:\/\/www.miamibeachfl.gov\/wp-content\/uploads\/2025\/07\/BannerWWII_June.png\" \/>\n\t<meta property=\"og:image:width\" content=\"1222\" \/>\n\t<meta property=\"og:image:height\" content=\"594\" \/>\n\t<meta property=\"og:image:type\" content=\"image\/png\" \/>\n<meta name=\"twitter:card\" content=\"summary_large_image\" \/>\n<meta name=\"twitter:site\" content=\"@Miamibeachnews\" \/>\n<script type=\"application\/ld+json\" class=\"yoast-schema-graph\">{\"@context\":\"https:\\\/\\\/schema.org\",\"@graph\":[{\"@type\":\"WebPage\",\"@id\":\"https:\\\/\\\/www.miamibeachfl.gov\\\/galeria\\\/ww2-in-miami-beach\\\/\",\"url\":\"https:\\\/\\\/www.miamibeachfl.gov\\\/galeria\\\/ww2-in-miami-beach\\\/\",\"name\":\"WWII in Miami Beach - City of Miami Beach\",\"isPartOf\":{\"@id\":\"https:\\\/\\\/www.miamibeachfl.gov\\\/#website\"},\"primaryImageOfPage\":{\"@id\":\"https:\\\/\\\/www.miamibeachfl.gov\\\/galeria\\\/ww2-in-miami-beach\\\/#primaryimage\"},\"image\":{\"@id\":\"https:\\\/\\\/www.miamibeachfl.gov\\\/galeria\\\/ww2-in-miami-beach\\\/#primaryimage\"},\"thumbnailUrl\":\"https:\\\/\\\/www.miamibeachfl.gov\\\/wp-content\\\/uploads\\\/2025\\\/07\\\/BannerWWII_June.png\",\"datePublished\":\"2025-07-03T18:57:11+00:00\",\"dateModified\":\"2025-12-31T20:31:54+00:00\",\"description\":\"The mission of Galeria Ocean Drive is to celebrate Miami Beach's rich history, art, culture and architecture, fostering a deeper appreciation of the city's unique heritage.\",\"breadcrumb\":{\"@id\":\"https:\\\/\\\/www.miamibeachfl.gov\\\/galeria\\\/ww2-in-miami-beach\\\/#breadcrumb\"},\"inLanguage\":\"ht\",\"potentialAction\":[{\"@type\":\"ReadAction\",\"target\":[\"https:\\\/\\\/www.miamibeachfl.gov\\\/galeria\\\/ww2-in-miami-beach\\\/\"]}]},{\"@type\":\"ImageObject\",\"inLanguage\":\"ht\",\"@id\":\"https:\\\/\\\/www.miamibeachfl.gov\\\/galeria\\\/ww2-in-miami-beach\\\/#primaryimage\",\"url\":\"https:\\\/\\\/www.miamibeachfl.gov\\\/wp-content\\\/uploads\\\/2025\\\/07\\\/BannerWWII_June.png\",\"contentUrl\":\"https:\\\/\\\/www.miamibeachfl.gov\\\/wp-content\\\/uploads\\\/2025\\\/07\\\/BannerWWII_June.png\",\"width\":1222,\"height\":594,\"caption\":\"ww2 banner\"},{\"@type\":\"BreadcrumbList\",\"@id\":\"https:\\\/\\\/www.miamibeachfl.gov\\\/galeria\\\/ww2-in-miami-beach\\\/#breadcrumb\",\"itemListElement\":[{\"@type\":\"ListItem\",\"position\":1,\"name\":\"Home\",\"item\":\"https:\\\/\\\/www.miamibeachfl.gov\\\/\"},{\"@type\":\"ListItem\",\"position\":2,\"name\":\"Galeria\",\"item\":\"https:\\\/\\\/www.miamibeachfl.gov\\\/galeria\\\/\"},{\"@type\":\"ListItem\",\"position\":3,\"name\":\"WWII in Miami Beach\"}]},{\"@type\":\"WebSite\",\"@id\":\"https:\\\/\\\/www.miamibeachfl.gov\\\/#website\",\"url\":\"https:\\\/\\\/www.miamibeachfl.gov\\\/\",\"name\":\"City of Miami Beach\",\"description\":\"The official website of the City of Miami Beach. Stay informed, find important information on city services, news, alerts, events, trolley routes, government employment and more.\",\"publisher\":{\"@id\":\"https:\\\/\\\/www.miamibeachfl.gov\\\/#organization\"},\"potentialAction\":[{\"@type\":\"SearchAction\",\"target\":{\"@type\":\"EntryPoint\",\"urlTemplate\":\"https:\\\/\\\/www.miamibeachfl.gov\\\/?s={search_term_string}\"},\"query-input\":{\"@type\":\"PropertyValueSpecification\",\"valueRequired\":true,\"valueName\":\"search_term_string\"}}],\"inLanguage\":\"ht\"},{\"@type\":\"Organization\",\"@id\":\"https:\\\/\\\/www.miamibeachfl.gov\\\/#organization\",\"name\":\"City of Miami Beach\",\"url\":\"https:\\\/\\\/www.miamibeachfl.gov\\\/\",\"logo\":{\"@type\":\"ImageObject\",\"inLanguage\":\"ht\",\"@id\":\"https:\\\/\\\/www.miamibeachfl.gov\\\/#\\\/schema\\\/logo\\\/image\\\/\",\"url\":\"https:\\\/\\\/www.miamibeachfl.gov\\\/wp-content\\\/uploads\\\/2022\\\/06\\\/miamibeach-logoblue.png\",\"contentUrl\":\"https:\\\/\\\/www.miamibeachfl.gov\\\/wp-content\\\/uploads\\\/2022\\\/06\\\/miamibeach-logoblue.png\",\"width\":1962,\"height\":381,\"caption\":\"City of Miami Beach\"},\"image\":{\"@id\":\"https:\\\/\\\/www.miamibeachfl.gov\\\/#\\\/schema\\\/logo\\\/image\\\/\"},\"sameAs\":[\"https:\\\/\\\/www.facebook.com\\\/cityofmiamibeach\",\"https:\\\/\\\/x.com\\\/Miamibeachnews\",\"https:\\\/\\\/www.instagram.com\\\/miamibeachnews\\\/\"],\"description\":\"The official website of the City of Miami Beach. Stay informed, find important information on city services, news, alerts, events, trolley routes, government employment and more.\",\"telephone\":\"305.604.CITY(2489)\",\"legalName\":\"City of Miami Beach\"}]}<\/script>\n<!-- \/ Yoast SEO Premium plugin. -->","yoast_head_json":{"title":"WWII in Miami Beach - City of Miami Beach","description":"Misyon Galeria Ocean Drive se selebre rich\u00e8s istwa, atizay, kilti ak achitekti Miami Beach, pou ankouraje yon apresyasyon pi pwofon pou eritaj inik vil la.","robots":{"index":"index","follow":"follow","max-snippet":"max-snippet:-1","max-image-preview":"max-image-preview:large","max-video-preview":"max-video-preview:-1"},"canonical":"https:\/\/www.miamibeachfl.gov\/ht\/galeria\/ww2-in-miami-beach\/","og_locale":"ht_HT","og_type":"article","og_title":"WWII in Miami Beach","og_description":"The mission of Galeria Ocean Drive is to celebrate Miami Beach's rich history, art, culture and architecture, fostering a deeper appreciation of the city's unique heritage.","og_url":"https:\/\/www.miamibeachfl.gov\/ht\/galeria\/ww2-in-miami-beach\/","og_site_name":"City of Miami Beach","article_publisher":"https:\/\/www.facebook.com\/cityofmiamibeach","article_modified_time":"2025-12-31T20:31:54+00:00","og_image":[{"width":1222,"height":594,"url":"https:\/\/www.miamibeachfl.gov\/wp-content\/uploads\/2025\/07\/BannerWWII_June.png","type":"image\/png"}],"twitter_card":"summary_large_image","twitter_site":"@Miamibeachnews","schema":{"@context":"https:\/\/schema.org","@graph":[{"@type":"WebPage","@id":"https:\/\/www.miamibeachfl.gov\/galeria\/ww2-in-miami-beach\/","url":"https:\/\/www.miamibeachfl.gov\/galeria\/ww2-in-miami-beach\/","name":"WWII in Miami Beach - City of Miami Beach","isPartOf":{"@id":"https:\/\/www.miamibeachfl.gov\/#website"},"primaryImageOfPage":{"@id":"https:\/\/www.miamibeachfl.gov\/galeria\/ww2-in-miami-beach\/#primaryimage"},"image":{"@id":"https:\/\/www.miamibeachfl.gov\/galeria\/ww2-in-miami-beach\/#primaryimage"},"thumbnailUrl":"https:\/\/www.miamibeachfl.gov\/wp-content\/uploads\/2025\/07\/BannerWWII_June.png","datePublished":"2025-07-03T18:57:11+00:00","dateModified":"2025-12-31T20:31:54+00:00","description":"Misyon Galeria Ocean Drive se selebre rich\u00e8s istwa, atizay, kilti ak achitekti Miami Beach, pou ankouraje yon apresyasyon pi pwofon pou eritaj inik vil la.","breadcrumb":{"@id":"https:\/\/www.miamibeachfl.gov\/galeria\/ww2-in-miami-beach\/#breadcrumb"},"inLanguage":"ht","potentialAction":[{"@type":"ReadAction","target":["https:\/\/www.miamibeachfl.gov\/galeria\/ww2-in-miami-beach\/"]}]},{"@type":"ImageObject","inLanguage":"ht","@id":"https:\/\/www.miamibeachfl.gov\/galeria\/ww2-in-miami-beach\/#primaryimage","url":"https:\/\/www.miamibeachfl.gov\/wp-content\/uploads\/2025\/07\/BannerWWII_June.png","contentUrl":"https:\/\/www.miamibeachfl.gov\/wp-content\/uploads\/2025\/07\/BannerWWII_June.png","width":1222,"height":594,"caption":"ww2 banner"},{"@type":"BreadcrumbList","@id":"https:\/\/www.miamibeachfl.gov\/galeria\/ww2-in-miami-beach\/#breadcrumb","itemListElement":[{"@type":"ListItem","position":1,"name":"Home","item":"https:\/\/www.miamibeachfl.gov\/"},{"@type":"ListItem","position":2,"name":"Galeria","item":"https:\/\/www.miamibeachfl.gov\/galeria\/"},{"@type":"ListItem","position":3,"name":"WWII in Miami Beach"}]},{"@type":"WebSite","@id":"https:\/\/www.miamibeachfl.gov\/#website","url":"https:\/\/www.miamibeachfl.gov\/","name":"Vil Miami Beach","description":"Sitw\u00e8b ofisy\u00e8l Vil Miami Beach la. Rete enf\u00f2me, jwenn enf\u00f2masyon enp\u00f2tan sou s\u00e8vis vil la, nouv\u00e8l, al\u00e8t, ev\u00e8nman, wout tramway, travay gouv\u00e8nman an ak plis ank\u00f2.","publisher":{"@id":"https:\/\/www.miamibeachfl.gov\/#organization"},"potentialAction":[{"@type":"SearchAction","target":{"@type":"EntryPoint","urlTemplate":"https:\/\/www.miamibeachfl.gov\/?s={search_term_string}"},"query-input":{"@type":"PropertyValueSpecification","valueRequired":true,"valueName":"search_term_string"}}],"inLanguage":"ht"},{"@type":"Organization","@id":"https:\/\/www.miamibeachfl.gov\/#organization","name":"Vil Miami Beach","url":"https:\/\/www.miamibeachfl.gov\/","logo":{"@type":"ImageObject","inLanguage":"ht","@id":"https:\/\/www.miamibeachfl.gov\/#\/schema\/logo\/image\/","url":"https:\/\/www.miamibeachfl.gov\/wp-content\/uploads\/2022\/06\/miamibeach-logoblue.png","contentUrl":"https:\/\/www.miamibeachfl.gov\/wp-content\/uploads\/2022\/06\/miamibeach-logoblue.png","width":1962,"height":381,"caption":"City of Miami Beach"},"image":{"@id":"https:\/\/www.miamibeachfl.gov\/#\/schema\/logo\/image\/"},"sameAs":["https:\/\/www.facebook.com\/cityofmiamibeach","https:\/\/x.com\/Miamibeachnews","https:\/\/www.instagram.com\/miamibeachnews\/"],"description":"Sitw\u00e8b ofisy\u00e8l Vil Miami Beach la. Rete enf\u00f2me, jwenn enf\u00f2masyon enp\u00f2tan sou s\u00e8vis vil la, nouv\u00e8l, al\u00e8t, ev\u00e8nman, wout tramway, travay gouv\u00e8nman an ak plis ank\u00f2.","telephone":"305.604.CITY(2489)","legalName":"City of Miami Beach"}]}},"_links":{"self":[{"href":"https:\/\/www.miamibeachfl.gov\/ht\/wp-json\/wp\/v2\/pages\/385864","targetHints":{"allow":["GET"]}}],"collection":[{"href":"https:\/\/www.miamibeachfl.gov\/ht\/wp-json\/wp\/v2\/pages"}],"about":[{"href":"https:\/\/www.miamibeachfl.gov\/ht\/wp-json\/wp\/v2\/types\/page"}],"author":[{"embeddable":true,"href":"https:\/\/www.miamibeachfl.gov\/ht\/wp-json\/wp\/v2\/users\/222"}],"replies":[{"embeddable":true,"href":"https:\/\/www.miamibeachfl.gov\/ht\/wp-json\/wp\/v2\/comments?post=385864"}],"version-history":[{"count":11,"href":"https:\/\/www.miamibeachfl.gov\/ht\/wp-json\/wp\/v2\/pages\/385864\/revisions"}],"predecessor-version":[{"id":394215,"href":"https:\/\/www.miamibeachfl.gov\/ht\/wp-json\/wp\/v2\/pages\/385864\/revisions\/394215"}],"up":[{"embeddable":true,"href":"https:\/\/www.miamibeachfl.gov\/ht\/wp-json\/wp\/v2\/pages\/340592"}],"wp:featuredmedia":[{"embeddable":true,"href":"https:\/\/www.miamibeachfl.gov\/ht\/wp-json\/wp\/v2\/media\/386050"}],"wp:attachment":[{"href":"https:\/\/www.miamibeachfl.gov\/ht\/wp-json\/wp\/v2\/media?parent=385864"}],"wp:term":[{"taxonomy":"category","embeddable":true,"href":"https:\/\/www.miamibeachfl.gov\/ht\/wp-json\/wp\/v2\/categories?post=385864"},{"taxonomy":"post_tag","embeddable":true,"href":"https:\/\/www.miamibeachfl.gov\/ht\/wp-json\/wp\/v2\/tags?post=385864"}],"curies":[{"name":"wp","href":"https:\/\/api.w.org\/{rel}","templated":true}]}}