{"id":386517,"date":"2025-07-11T15:34:12","date_gmt":"2025-07-11T19:34:12","guid":{"rendered":"https:\/\/www.miamibeachfl.gov\/?page_id=386517"},"modified":"2025-09-22T15:03:29","modified_gmt":"2025-09-22T19:03:29","slug":"planning-permitting-faqs","status":"publish","type":"page","link":"https:\/\/www.miamibeachfl.gov\/ht\/city-hall\/planning\/planning-permitting-faqs\/","title":{"rendered":"Kesyon yo poze souvan sou p\u00e8mi planifikasyon"},"content":{"rendered":"<nav id=\"breadcrumbs\" aria-label=\"Pen griye\"><a href=\"https:\/\/www.miamibeachfl.gov\/ht\/\">Lakay<\/a> &gt; <a href=\"https:\/\/www.miamibeachfl.gov\/ht\/city-hall\/\">Lakou Vil la<\/a> &gt; <a href=\"https:\/\/www.miamibeachfl.gov\/ht\/city-hall\/planning\/\">Planifikasyon ak Zonaj<\/a> &gt; <strong>Kesyon yo poze souvan sou p\u00e8mi planifikasyon<\/strong><\/nav><h1>\n\t\t\tKesyon yo poze souvan sou p\u00e8mi planifikasyon\t<\/h1>\n\t\t\t\t\t\t<h4>Poukisa mwen bezwen bay enf\u00f2masyon sou pye kare?<\/h4>\n\t\t\t<p>Pye kare ap det\u00e8mine r\u00e8gleman ki k\u00f2r\u00e8k la selon kote a ak itilizasyon prevwa a. Mezi sa a neses\u00e8 pou yon revizyon konpl\u00e8 ak efikas sou p\u00e8mi ou an.<\/p>\n\t\t\t\t\t\t<h4>\u00c8ske ou ka ede m av\u00e8k aplikasyon CSS sou ent\u00e8n\u00e8t la?<\/h4>\n\t\t\t<p>Nou ka ede ak pwosesis Planifikasyon ak Zonaj epi n ap kapab bay moun pou kontakte si l\u00f2t depatman yo bezwen \u00e8d.<\/p>\n<p>Kontakte nou nan <strong><a href=\"tel:3056737550\">305.673.7550<\/a><\/strong> oubyen\u00a0<strong><a tabindex=\"0\" href=\"mailto:Planninginfo@miamibeachfl.gov\" target=\"_blank\" rel=\"noopener\">Planninginfo@miamibeachfl.gov<\/a>.<\/strong><\/p>\n\t\t\t\t\t\t<h4>Kijan m ka f\u00e8 revizyon p\u00e8mi m nan pi vit?<\/h4>\n\t\t\t<p>Yon aplikasyon konpl\u00e8 e detaye ap asire ke revizyon an gen tout enf\u00f2masyon neses\u00e8 pou trete aplikasyon w lan byen vit e av\u00e8k efikasite. Si ou pa s\u00e8ten sou sa w ap bezwen, nou te kreye yon seri lis verifikasyon ki idantifye kondisyon minim\u00f2m pou s\u00e8ten p\u00e8mi. Tanpri kontakte resepsyon nou an nan 305 673-7550 pou plis enf\u00f2masyon.<\/p>\n\t\t\t\t\t\t<h4>Poukisa mwen bezwen yon enspeksyon final pou planifikasyon an?<\/h4>\n\t\t\t<p>Enspeksyon final yo asire ke amelyorasyon ki te konstwi yo konsistan av\u00e8k plan apwouve yo.<\/p>\n\t\t\t\t\t\t<h4>Kijan nou ka amelyore pwosesis revizyon plan an?<\/h4>\n\t\t\t<p>Yon aplikasyon konpl\u00e8 e detaye ap asire ke revizyon an gen tout enf\u00f2masyon neses\u00e8 pou trete aplikasyon w lan byen vit e av\u00e8k efikasite. Si ou pa s\u00e8ten sou sa w ap bezwen, nou te kreye yon seri lis verifikasyon ki idantifye kondisyon minim\u00f2m pou s\u00e8ten p\u00e8mi. Tanpri kontakte resepsyon nou an nan 305 673-7550 pou plis enf\u00f2masyon.<\/p>\n\t\t\t\t\t\t<h4>Ki sa ki egzijans planifikasyon yo?<\/h4>\n\t\t\t<p>Yon egzijans Planifikasyon se enf\u00f2masyon oswa konsepsyon ki f\u00e8 amelyorasyon oswa itilizasyon ki prevwa a konf\u00f2m ak R\u00e8gleman Devlopman T\u00e8 Vil Miami Beach la.<\/p>\n\t\t\t\t\t\t<h4>Mande si yon kalite siy patikilye otorize (bany\u00e8 tanpor\u00e8, elatriye)<\/h4>\n\t\t\t<p>Wi, yo otorize Pany\u00f2 ak Bann Tanpor\u00e8. Chapit 6, Atik III nan R\u00e8gleman Devlopman T\u00e8 Vil Miami Beach la bay gidans. Tanpri vizite paj w\u00e8b Depatman Planifikasyon an pou yon lyen ki mennen nan R\u00e8gleman Devlopman T\u00e8 yo.<\/p>\n\t\t\t\t\t\t<h4>Poukisa yo te ajoute planifikasyon nan revizyon p\u00e8mi an, si se s\u00e8lman pou elektrik\/plombri\/mekanik?<\/h4>\n\t\t\t<p>Amelyorasyon ki gen ladan elektrik, plonbri oswa mekanik kapab tou reglemante pa R\u00e8gleman Devlopman T\u00e8 Vil Miami Beach la. Se pout\u00e8t sa, yon revizyon Planifikasyon obligatwa.<\/p>\n\t\t\t\t\t\t<h4>\u00c8ske ou ka revize p\u00e8mi mwen an byen vit?<\/h4>\n\t\t\t<p>Pou yo ka konsidere l\u00f2t aplikan yo, y ap egzamine soum\u00e8t yo nan l\u00f2d yo resevwa yo.\u00a0<\/p>\n\t\t\t\t\t\t<h4>Ki zonaj ki genyen pou pwopriyete mwen an?<\/h4>\n\t\t\t<p>Ou ka det\u00e8mine Klasifikasyon Zonaj la l\u00e8 w antre adr\u00e8s pwopriyete a nan platf\u00f2m r\u00e8gleman devlopman t\u00e8 vil la. Tanpri vizite paj w\u00e8b Depatman Planifikasyon an pou jwenn yon lyen ki mennen nan R\u00e8gleman Devlopman T\u00e8 yo.<\/p>\n\t\t\t\t\t\t<h4>Kisa mwen bezwen f\u00e8 pou m louvri biznis mwen an?<\/h4>\n\t\t\t<p>Tout biznis ki vle opere nan Vil Miami Beach bezwen yon S\u00e8tifika Itilizasyon nan men Depatman Planifikasyon an ak yon Resi Tak Biznis nan men Depatman Finans Vil Miami Beach la. Tanpri vizite paj w\u00e8b Depatman Finans lan pou yon lyen pou aplikasyon BTR yo pou plis enf\u00f2masyon.<\/p>\n\t<p>Depatman Planifikasyon an ofri resous pou <strong><a href=\"https:\/\/www.miamibeachfl.gov\/ht\/city-hall\/planning\/land-use-boards\/\">Aplikasyon pou Komisyon Itilizasyon T\u00e8 a<\/a><\/strong>, revizyon p\u00e8mi konstriksyon, <strong><a href=\"https:\/\/www.miamibeachfl.gov\/ht\/city-hall\/planning\/planning-document-checklist\/\">lis verifikasyon dokiman obligatwa yo<\/a><\/strong>, <strong><a href=\"https:\/\/www.miamibeachfl.gov\/ht\/city-hall\/planning\/maps-and-guidelines\/\">Zonaj<\/a><\/strong> epi <strong><a href=\"https:\/\/miamibeach.maps.arcgis.com\/apps\/webappviewer\/index.html?id=c891f52b033c474daa928fa815495f91\">Kat distri istorik yo<\/a><\/strong>, <strong><a href=\"https:\/\/www.miamibeachfl.gov\/ht\/city-hall\/planning\/\">ak lyen ki mennen nan \u00f2donans zonaj vil la ak l\u00f2t r\u00e8gleman yo<\/a><\/strong>; pou plis enf\u00f2masyon, kontakte nou nan <strong><a href=\"tel:3056737550\">305.673.7550<\/a><\/strong> oubyen\u00a0<strong><a tabindex=\"0\" href=\"mailto:Planninginfo@miamibeachfl.gov\" target=\"_blank\" rel=\"noopener\">Planninginfo@miamibeachfl.gov<\/a>.<\/strong><\/p>\n\t<div class=\"page-navigation\"><a class=\"prev-page\" href=\"https:\/\/www.miamibeachfl.gov\/ht\/city-hall\/planning\/certificate-of-use\/\">\u2190 Jwenn yon S\u00e8tifika Itilizasyon CU<\/a> <a class=\"next-page\" href=\"https:\/\/www.miamibeachfl.gov\/ht\/city-hall\/planning\/directory\/\">Any\u00e8 Kontak Planifikasyon \u2192<\/a><\/div>","protected":false},"excerpt":{"rendered":"<p>Home &gt; City Hall &gt; Planning &#038; Zoning &gt; Planning Permitting FAQs Planning Permitting FAQs Why do I need to [&hellip;]<\/p>\n","protected":false},"author":222,"featured_media":250078,"parent":28864,"menu_order":120,"comment_status":"closed","ping_status":"closed","template":"","meta":{"_searchwp_excluded":"","site-sidebar-layout":"default","site-content-layout":"","ast-site-content-layout":"default","site-content-style":"default","site-sidebar-style":"default","ast-global-header-display":"","ast-banner-title-visibility":"","ast-main-header-display":"","ast-hfb-above-header-display":"","ast-hfb-below-header-display":"","ast-hfb-mobile-header-display":"","site-post-title":"","ast-breadcrumbs-content":"","ast-featured-img":"","footer-sml-layout":"","theme-transparent-header-meta":"","adv-header-id-meta":"","stick-header-meta":"","header-above-stick-meta":"","header-main-stick-meta":"","header-below-stick-meta":"","astra-migrate-meta-layouts":"default","ast-page-background-enabled":"default","ast-page-background-meta":{"desktop":{"background-color":"var(--ast-global-color-5)","background-image":"","background-repeat":"repeat","background-position":"center center","background-size":"auto","background-attachment":"scroll","background-type":"","background-media":"","overlay-type":"","overlay-color":"","overlay-opacity":"","overlay-gradient":""},"tablet":{"background-color":"","background-image":"","background-repeat":"repeat","background-position":"center center","background-size":"auto","background-attachment":"scroll","background-type":"","background-media":"","overlay-type":"","overlay-color":"","overlay-opacity":"","overlay-gradient":""},"mobile":{"background-color":"","background-image":"","background-repeat":"repeat","background-position":"center center","background-size":"auto","background-attachment":"scroll","background-type":"","background-media":"","overlay-type":"","overlay-color":"","overlay-opacity":"","overlay-gradient":""}},"ast-content-background-meta":{"desktop":{"background-color":"var(--ast-global-color-4)","background-image":"","background-repeat":"repeat","background-position":"center center","background-size":"auto","background-attachment":"scroll","background-type":"","background-media":"","overlay-type":"","overlay-color":"","overlay-opacity":"","overlay-gradient":""},"tablet":{"background-color":"var(--ast-global-color-4)","background-image":"","background-repeat":"repeat","background-position":"center center","background-size":"auto","background-attachment":"scroll","background-type":"","background-media":"","overlay-type":"","overlay-color":"","overlay-opacity":"","overlay-gradient":""},"mobile":{"background-color":"var(--ast-global-color-4)","background-image":"","background-repeat":"repeat","background-position":"center center","background-size":"auto","background-attachment":"scroll","background-type":"","background-media":"","overlay-type":"","overlay-color":"","overlay-opacity":"","overlay-gradient":""}},"footnotes":""},"categories":[],"tags":[1028,1757],"class_list":["post-386517","page","type-page","status-publish","has-post-thumbnail","hentry","tag-permitting-planning","tag-planning-permit-faqs"],"yoast_head":"<!-- This site is optimized with the Yoast SEO Premium plugin v27.4 (Yoast SEO v27.4) - https:\/\/yoast.com\/product\/yoast-seo-premium-wordpress\/ -->\n<title>Planning Permitting FAQs - City of Miami Beach<\/title>\n<meta name=\"description\" content=\"%\" \/>\n<meta name=\"robots\" content=\"index, follow, max-snippet:-1, max-image-preview:large, max-video-preview:-1\" \/>\n<link rel=\"canonical\" href=\"https:\/\/www.miamibeachfl.gov\/ht\/city-hall\/planning\/planning-permitting-faqs\/\" \/>\n<meta property=\"og:locale\" content=\"ht_HT\" \/>\n<meta property=\"og:type\" content=\"article\" \/>\n<meta property=\"og:title\" content=\"Planning Permitting FAQs\" \/>\n<meta property=\"og:description\" content=\"%\" \/>\n<meta property=\"og:url\" content=\"https:\/\/www.miamibeachfl.gov\/ht\/city-hall\/planning\/planning-permitting-faqs\/\" \/>\n<meta property=\"og:site_name\" content=\"City of Miami Beach\" \/>\n<meta property=\"article:publisher\" content=\"https:\/\/www.facebook.com\/cityofmiamibeach\" \/>\n<meta property=\"article:modified_time\" content=\"2025-09-22T19:03:29+00:00\" \/>\n<meta property=\"og:image\" content=\"https:\/\/www.miamibeachfl.gov\/wp-content\/uploads\/2023\/03\/familyplanning.jpg\" \/>\n\t<meta property=\"og:image:width\" content=\"500\" \/>\n\t<meta property=\"og:image:height\" content=\"500\" \/>\n\t<meta property=\"og:image:type\" content=\"image\/jpeg\" \/>\n<meta name=\"twitter:card\" content=\"summary_large_image\" \/>\n<meta name=\"twitter:site\" content=\"@Miamibeachnews\" \/>\n<script type=\"application\/ld+json\" class=\"yoast-schema-graph\">{\"@context\":\"https:\\\/\\\/schema.org\",\"@graph\":[{\"@type\":\"WebPage\",\"@id\":\"https:\\\/\\\/www.miamibeachfl.gov\\\/city-hall\\\/planning\\\/planning-permitting-faqs\\\/\",\"url\":\"https:\\\/\\\/www.miamibeachfl.gov\\\/city-hall\\\/planning\\\/planning-permitting-faqs\\\/\",\"name\":\"Planning Permitting FAQs - City of Miami Beach\",\"isPartOf\":{\"@id\":\"https:\\\/\\\/www.miamibeachfl.gov\\\/#website\"},\"primaryImageOfPage\":{\"@id\":\"https:\\\/\\\/www.miamibeachfl.gov\\\/city-hall\\\/planning\\\/planning-permitting-faqs\\\/#primaryimage\"},\"image\":{\"@id\":\"https:\\\/\\\/www.miamibeachfl.gov\\\/city-hall\\\/planning\\\/planning-permitting-faqs\\\/#primaryimage\"},\"thumbnailUrl\":\"https:\\\/\\\/www.miamibeachfl.gov\\\/wp-content\\\/uploads\\\/2023\\\/03\\\/familyplanning.jpg\",\"datePublished\":\"2025-07-11T19:34:12+00:00\",\"dateModified\":\"2025-09-22T19:03:29+00:00\",\"description\":\"%\",\"breadcrumb\":{\"@id\":\"https:\\\/\\\/www.miamibeachfl.gov\\\/city-hall\\\/planning\\\/planning-permitting-faqs\\\/#breadcrumb\"},\"inLanguage\":\"ht\",\"potentialAction\":[{\"@type\":\"ReadAction\",\"target\":[\"https:\\\/\\\/www.miamibeachfl.gov\\\/city-hall\\\/planning\\\/planning-permitting-faqs\\\/\"]}]},{\"@type\":\"ImageObject\",\"inLanguage\":\"ht\",\"@id\":\"https:\\\/\\\/www.miamibeachfl.gov\\\/city-hall\\\/planning\\\/planning-permitting-faqs\\\/#primaryimage\",\"url\":\"https:\\\/\\\/www.miamibeachfl.gov\\\/wp-content\\\/uploads\\\/2023\\\/03\\\/familyplanning.jpg\",\"contentUrl\":\"https:\\\/\\\/www.miamibeachfl.gov\\\/wp-content\\\/uploads\\\/2023\\\/03\\\/familyplanning.jpg\",\"width\":500,\"height\":500,\"caption\":\"Couple with documents in front of their computer\"},{\"@type\":\"BreadcrumbList\",\"@id\":\"https:\\\/\\\/www.miamibeachfl.gov\\\/city-hall\\\/planning\\\/planning-permitting-faqs\\\/#breadcrumb\",\"itemListElement\":[{\"@type\":\"ListItem\",\"position\":1,\"name\":\"Home\",\"item\":\"https:\\\/\\\/www.miamibeachfl.gov\\\/\"},{\"@type\":\"ListItem\",\"position\":2,\"name\":\"City Hall\",\"item\":\"https:\\\/\\\/www.miamibeachfl.gov\\\/city-hall\\\/\"},{\"@type\":\"ListItem\",\"position\":3,\"name\":\"Planning &#038; Zoning\",\"item\":\"https:\\\/\\\/www.miamibeachfl.gov\\\/city-hall\\\/planning\\\/\"},{\"@type\":\"ListItem\",\"position\":4,\"name\":\"Planning Permitting FAQs\"}]},{\"@type\":\"WebSite\",\"@id\":\"https:\\\/\\\/www.miamibeachfl.gov\\\/#website\",\"url\":\"https:\\\/\\\/www.miamibeachfl.gov\\\/\",\"name\":\"City of Miami Beach\",\"description\":\"The official website of the City of Miami Beach. Stay informed, find important information on city services, news, alerts, events, trolley routes, government employment and more.\",\"publisher\":{\"@id\":\"https:\\\/\\\/www.miamibeachfl.gov\\\/#organization\"},\"potentialAction\":[{\"@type\":\"SearchAction\",\"target\":{\"@type\":\"EntryPoint\",\"urlTemplate\":\"https:\\\/\\\/www.miamibeachfl.gov\\\/?s={search_term_string}\"},\"query-input\":{\"@type\":\"PropertyValueSpecification\",\"valueRequired\":true,\"valueName\":\"search_term_string\"}}],\"inLanguage\":\"ht\"},{\"@type\":\"Organization\",\"@id\":\"https:\\\/\\\/www.miamibeachfl.gov\\\/#organization\",\"name\":\"City of Miami Beach\",\"url\":\"https:\\\/\\\/www.miamibeachfl.gov\\\/\",\"logo\":{\"@type\":\"ImageObject\",\"inLanguage\":\"ht\",\"@id\":\"https:\\\/\\\/www.miamibeachfl.gov\\\/#\\\/schema\\\/logo\\\/image\\\/\",\"url\":\"https:\\\/\\\/www.miamibeachfl.gov\\\/wp-content\\\/uploads\\\/2022\\\/06\\\/miamibeach-logoblue.png\",\"contentUrl\":\"https:\\\/\\\/www.miamibeachfl.gov\\\/wp-content\\\/uploads\\\/2022\\\/06\\\/miamibeach-logoblue.png\",\"width\":1962,\"height\":381,\"caption\":\"City of Miami Beach\"},\"image\":{\"@id\":\"https:\\\/\\\/www.miamibeachfl.gov\\\/#\\\/schema\\\/logo\\\/image\\\/\"},\"sameAs\":[\"https:\\\/\\\/www.facebook.com\\\/cityofmiamibeach\",\"https:\\\/\\\/x.com\\\/Miamibeachnews\",\"https:\\\/\\\/www.instagram.com\\\/miamibeachnews\\\/\"],\"description\":\"The official website of the City of Miami Beach. Stay informed, find important information on city services, news, alerts, events, trolley routes, government employment and more.\",\"telephone\":\"305.604.CITY(2489)\",\"legalName\":\"City of Miami Beach\"}]}<\/script>\n<!-- \/ Yoast SEO Premium plugin. -->","yoast_head_json":{"title":"Planning Permitting FAQs - City of Miami Beach","description":"%","robots":{"index":"index","follow":"follow","max-snippet":"max-snippet:-1","max-image-preview":"max-image-preview:large","max-video-preview":"max-video-preview:-1"},"canonical":"https:\/\/www.miamibeachfl.gov\/ht\/city-hall\/planning\/planning-permitting-faqs\/","og_locale":"ht_HT","og_type":"article","og_title":"Planning Permitting FAQs","og_description":"%","og_url":"https:\/\/www.miamibeachfl.gov\/ht\/city-hall\/planning\/planning-permitting-faqs\/","og_site_name":"City of Miami Beach","article_publisher":"https:\/\/www.facebook.com\/cityofmiamibeach","article_modified_time":"2025-09-22T19:03:29+00:00","og_image":[{"width":500,"height":500,"url":"https:\/\/www.miamibeachfl.gov\/wp-content\/uploads\/2023\/03\/familyplanning.jpg","type":"image\/jpeg"}],"twitter_card":"summary_large_image","twitter_site":"@Miamibeachnews","schema":{"@context":"https:\/\/schema.org","@graph":[{"@type":"WebPage","@id":"https:\/\/www.miamibeachfl.gov\/city-hall\/planning\/planning-permitting-faqs\/","url":"https:\/\/www.miamibeachfl.gov\/city-hall\/planning\/planning-permitting-faqs\/","name":"Planning Permitting FAQs - City of Miami Beach","isPartOf":{"@id":"https:\/\/www.miamibeachfl.gov\/#website"},"primaryImageOfPage":{"@id":"https:\/\/www.miamibeachfl.gov\/city-hall\/planning\/planning-permitting-faqs\/#primaryimage"},"image":{"@id":"https:\/\/www.miamibeachfl.gov\/city-hall\/planning\/planning-permitting-faqs\/#primaryimage"},"thumbnailUrl":"https:\/\/www.miamibeachfl.gov\/wp-content\/uploads\/2023\/03\/familyplanning.jpg","datePublished":"2025-07-11T19:34:12+00:00","dateModified":"2025-09-22T19:03:29+00:00","description":"%","breadcrumb":{"@id":"https:\/\/www.miamibeachfl.gov\/city-hall\/planning\/planning-permitting-faqs\/#breadcrumb"},"inLanguage":"ht","potentialAction":[{"@type":"ReadAction","target":["https:\/\/www.miamibeachfl.gov\/city-hall\/planning\/planning-permitting-faqs\/"]}]},{"@type":"ImageObject","inLanguage":"ht","@id":"https:\/\/www.miamibeachfl.gov\/city-hall\/planning\/planning-permitting-faqs\/#primaryimage","url":"https:\/\/www.miamibeachfl.gov\/wp-content\/uploads\/2023\/03\/familyplanning.jpg","contentUrl":"https:\/\/www.miamibeachfl.gov\/wp-content\/uploads\/2023\/03\/familyplanning.jpg","width":500,"height":500,"caption":"Couple with documents in front of their computer"},{"@type":"BreadcrumbList","@id":"https:\/\/www.miamibeachfl.gov\/city-hall\/planning\/planning-permitting-faqs\/#breadcrumb","itemListElement":[{"@type":"ListItem","position":1,"name":"Home","item":"https:\/\/www.miamibeachfl.gov\/"},{"@type":"ListItem","position":2,"name":"City Hall","item":"https:\/\/www.miamibeachfl.gov\/city-hall\/"},{"@type":"ListItem","position":3,"name":"Planning &#038; Zoning","item":"https:\/\/www.miamibeachfl.gov\/city-hall\/planning\/"},{"@type":"ListItem","position":4,"name":"Planning Permitting FAQs"}]},{"@type":"WebSite","@id":"https:\/\/www.miamibeachfl.gov\/#website","url":"https:\/\/www.miamibeachfl.gov\/","name":"Vil Miami Beach","description":"Sitw\u00e8b ofisy\u00e8l Vil Miami Beach la. Rete enf\u00f2me, jwenn enf\u00f2masyon enp\u00f2tan sou s\u00e8vis vil la, nouv\u00e8l, al\u00e8t, ev\u00e8nman, wout tramway, travay gouv\u00e8nman an ak plis ank\u00f2.","publisher":{"@id":"https:\/\/www.miamibeachfl.gov\/#organization"},"potentialAction":[{"@type":"SearchAction","target":{"@type":"EntryPoint","urlTemplate":"https:\/\/www.miamibeachfl.gov\/?s={search_term_string}"},"query-input":{"@type":"PropertyValueSpecification","valueRequired":true,"valueName":"search_term_string"}}],"inLanguage":"ht"},{"@type":"Organization","@id":"https:\/\/www.miamibeachfl.gov\/#organization","name":"Vil Miami Beach","url":"https:\/\/www.miamibeachfl.gov\/","logo":{"@type":"ImageObject","inLanguage":"ht","@id":"https:\/\/www.miamibeachfl.gov\/#\/schema\/logo\/image\/","url":"https:\/\/www.miamibeachfl.gov\/wp-content\/uploads\/2022\/06\/miamibeach-logoblue.png","contentUrl":"https:\/\/www.miamibeachfl.gov\/wp-content\/uploads\/2022\/06\/miamibeach-logoblue.png","width":1962,"height":381,"caption":"City of Miami Beach"},"image":{"@id":"https:\/\/www.miamibeachfl.gov\/#\/schema\/logo\/image\/"},"sameAs":["https:\/\/www.facebook.com\/cityofmiamibeach","https:\/\/x.com\/Miamibeachnews","https:\/\/www.instagram.com\/miamibeachnews\/"],"description":"Sitw\u00e8b ofisy\u00e8l Vil Miami Beach la. Rete enf\u00f2me, jwenn enf\u00f2masyon enp\u00f2tan sou s\u00e8vis vil la, nouv\u00e8l, al\u00e8t, ev\u00e8nman, wout tramway, travay gouv\u00e8nman an ak plis ank\u00f2.","telephone":"305.604.CITY(2489)","legalName":"City of Miami Beach"}]}},"_links":{"self":[{"href":"https:\/\/www.miamibeachfl.gov\/ht\/wp-json\/wp\/v2\/pages\/386517","targetHints":{"allow":["GET"]}}],"collection":[{"href":"https:\/\/www.miamibeachfl.gov\/ht\/wp-json\/wp\/v2\/pages"}],"about":[{"href":"https:\/\/www.miamibeachfl.gov\/ht\/wp-json\/wp\/v2\/types\/page"}],"author":[{"embeddable":true,"href":"https:\/\/www.miamibeachfl.gov\/ht\/wp-json\/wp\/v2\/users\/222"}],"replies":[{"embeddable":true,"href":"https:\/\/www.miamibeachfl.gov\/ht\/wp-json\/wp\/v2\/comments?post=386517"}],"version-history":[{"count":6,"href":"https:\/\/www.miamibeachfl.gov\/ht\/wp-json\/wp\/v2\/pages\/386517\/revisions"}],"predecessor-version":[{"id":389269,"href":"https:\/\/www.miamibeachfl.gov\/ht\/wp-json\/wp\/v2\/pages\/386517\/revisions\/389269"}],"up":[{"embeddable":true,"href":"https:\/\/www.miamibeachfl.gov\/ht\/wp-json\/wp\/v2\/pages\/28864"}],"wp:featuredmedia":[{"embeddable":true,"href":"https:\/\/www.miamibeachfl.gov\/ht\/wp-json\/wp\/v2\/media\/250078"}],"wp:attachment":[{"href":"https:\/\/www.miamibeachfl.gov\/ht\/wp-json\/wp\/v2\/media?parent=386517"}],"wp:term":[{"taxonomy":"category","embeddable":true,"href":"https:\/\/www.miamibeachfl.gov\/ht\/wp-json\/wp\/v2\/categories?post=386517"},{"taxonomy":"post_tag","embeddable":true,"href":"https:\/\/www.miamibeachfl.gov\/ht\/wp-json\/wp\/v2\/tags?post=386517"}],"curies":[{"name":"wp","href":"https:\/\/api.w.org\/{rel}","templated":true}]}}