{"id":386587,"date":"2025-07-14T13:49:28","date_gmt":"2025-07-14T17:49:28","guid":{"rendered":"https:\/\/www.miamibeachfl.gov\/?page_id=386587"},"modified":"2025-07-14T14:04:02","modified_gmt":"2025-07-14T18:04:02","slug":"permitting-faqs","status":"publish","type":"page","link":"https:\/\/www.miamibeachfl.gov\/ht\/city-hall\/environmental-sustainability\/permitting-faqs\/","title":{"rendered":"Kesyon yo poze souvan sou p\u00e8mi anviw\u00f2nman ak dirabilite"},"content":{"rendered":"<nav id=\"breadcrumbs\" aria-label=\"Pen griye\"><a href=\"https:\/\/www.miamibeachfl.gov\/ht\/\">Lakay<\/a> &gt; <a href=\"https:\/\/www.miamibeachfl.gov\/ht\/city-hall\/\">Lakou Vil la<\/a> &gt; <a href=\"https:\/\/www.miamibeachfl.gov\/ht\/city-hall\/environmental-sustainability\/\">Anviw\u00f2nman ak Dirablite<\/a> &gt; <strong>Kesyon yo poze souvan sou p\u00e8mi anviw\u00f2nman ak dirabilite<\/strong><\/nav><h1>\n\t\t\tKesyon yo poze souvan sou p\u00e8mi\t<\/h1>\n\t\t\t\t\t\t<h4>Konbyen tan li pran pou yo bay yon p\u00e8mi travay pou pyebwa nan dom\u00e8n for\u00e8 iben?<\/h4>\n\t\t\t<p>S\u00e8vis For\u00e8 Iben an dwe bay premye k\u00f2mant\u00e8 yo nan 10 jou ouvrab apre soum\u00e8t aplikasyon an. Tan total ant soum\u00e8t aplikasyon an ak l\u00e8 yo bay p\u00e8mi an depann de l\u00e8 tout enf\u00f2masyon yo mande yo bay epi kontni li satisf\u00e8 estanda aplikasyon p\u00e8mi an. Aplikan an ka mande pou swivi ak\/oswa koreksyon apre sa.\u00a0<\/p>\n\t\t\t\t\t\t<h4>\u00c8ske tout pyebwa ak palmis bezwen p\u00e8mi pou koupe?<\/h4>\n\t\t\t<p>Anjeneral wi. Yon p\u00e8mi travay sou pyebwa ki apwouve neses\u00e8 pou relokasyon oswa retire nenp\u00f2t pyebwa oswa palmis nan limit Vil Miami Beach, sof k\u00e8k eksepsyon.<\/p>\n<p>Lis eksepsyon yo disponib nan \u00d2donans sou pyebwa Vil Miami Beach 2016-4055, Seksyon 46-58. https:\/\/www.miamibeachfl.gov\/city-hall\/environmental-sustainability\/urban-forestry\/tree-work-permit-information\/<\/p>\n\t\t\t\t\t\t<h4>Ki dokiman ki pi komen yo mande pou yon aplikasyon pou p\u00e8mi travay sou pyebwa?<\/h4>\n\t\t\t<p>Moun ki aplike pou p\u00e8mi travay sou pyebwa a ap gen plis chans bezwen bay yon sondaj sou pyebwa yo, dispozisyon pyebwa yo, yon rap\u00f2 arboris ki anrejistre rezon ki f\u00e8 yo te retire yo, ak plan peyizaj si yo bezwen diminye enpak sou kanope pyebwa yo.<\/p>\n\t\t\t\t\t\t<h4>Ki moun ki dwe ranpli Rap\u00f2 Arborist la?<\/h4>\n\t\t\t<p>Rap\u00f2 arboris la dwe ranpli pa yon arboris ISA (Sosyete Ent\u00e8nasyonal pou Arborikilti) oswa ASCA (Sosyete Ameriken pou Konsilte Arboris) ki akty\u00e8l e ki s\u00e8tifye.<\/p>\n\t\t\t\t\t\t<h4>Ki sa ki yon Dispozisyon Pye Bwa?<\/h4>\n\t\t\t<p>Yon dispozisyon pyebwa se yon envant\u00e8 tout pyebwa\/palmie ki egziste deja yo ki par\u00e8t nan sondaj pyebwa yo ak\/oswa plan peyizaj yo.\u00a0<\/p>\n<p>Dispozisyon pyebwa a dwe genyen enf\u00f2masyon debaz sa yo sou pyebwa a oswa palmis la: non komen li, non syantifik li, wot\u00e8 li, laj\u00e8 li, dyam\u00e8t k\u00f2f li nan wot\u00e8 pwatrin li an pous, yon evalyasyon sante nivo 1 ki soti nan yon arboris s\u00e8tifye, epi si pwopriyete a gen plan pou retire, deplase, oswa kenbe pyebwa oswa palmis endividy\u00e8l la. Pye bwa oswa palmis endividy\u00e8l la dwe gen yon nimewo epi kote li ye nan pwopriyete a dwe byen dekri nan sondaj pyebwa yo soum\u00e8t la oswa nan yon f\u00e8y plan dispozisyon pyebwa apa.\u00a0<\/p>\n\t\t\t\t\t\t<h4>Ki sa ki neses\u00e8 si pyebwa yo dwe rete pandan konstriksyon an?<\/h4>\n\t\t\t<p>Pwoteksyon pyebwa obligatwa pou tout pyebwa ak palmis yo &quot;rete&quot; pandan konstriksyon an.\u00a0<\/p>\n<p>Detay sou plan pwoteksyon pyebwa ke vil la apwouve a dwe enkli swa nan dispozisyon pyebwa yo oswa yon l\u00f2t kote nan seri plan peyizaj konpl\u00e8 a.<\/p>\n<p>Yo dwe enkli pwoteksyon pyebwa yo nan sondaj pyebwa yo oubyen nan dispozisyon pyebwa yo nan ech\u00e8l plan an nan limit K\u00f2d Vil la egzije a. \u00a0<\/p>\n\t\t\t\t\t\t<h4>Kijan mwen ka aplike pou yon p\u00e8mi?<\/h4>\n\t\t\t<p>Divizyon Forestri Iben Vil Miami Beach la te chanje pou yon pwosesis aplikasyon san papye.<\/p>\n<p><strong><a href=\"https:\/\/energovcss.miamibeachfl.gov\/EnerGovProd\/SelfService\/#\/home\">Kreye yon aplikasyon pou p\u00e8mi sou ent\u00e8n\u00e8t, telechaje dokiman, epi jere p\u00e8mi w la l\u00e8 l s\u00e8vi av\u00e8k sist\u00e8m p\u00e8mi sou ent\u00e8n\u00e8t nou an atrav\u00e8 p\u00f2tal S\u00e8vis Oto-S\u00e8vis Sitwayen an (CSS).<\/a><\/strong><\/p>\n<p><a href=\"https:\/\/www.miamibeachfl.gov\/ht\/city-hall\/environmental-sustainability\/urban-forestry\/plant-a-tree\/\"><strong>Pou evite reta nan pwosesis p\u00e8mi w la, li enperatif pou ou swiv direktiv ki dekri nan ENF\u00d2MASYON SOU P\u00c8MI TRAVAY SOU PYEBWA.<\/strong><\/a><\/p>\n\t\t\t\t\t\t<h4>\u00c8ske k\u00f2d la egzije yon L\u00e8t Pwoteksyon Pye Bwa?<\/h4>\n\t\t\t<p>K\u00f2d Vil la egzije pwoteksyon pyebwa nan seksyon 46-62 k\u00f2d la.<\/p>\n<p>Divizyon For\u00e8 Iben an egzije yon L\u00e8t Pwoteksyon Pyebwa siyen pa pwopriyet\u00e8 a pou tout travay konstriksyon ki pa gen rap\u00f2 ak pyebwa kote aktivite ki gen rap\u00f2 ak konstriksyon yo ta ka gen enpak sou pyebwa, palmis ak sist\u00e8m rasin yo. Si yon ekip konstriksyon pa pwoteje pyebwa ak palmis, sa ka lak\u00f2z yon vyolasyon abi pyebwa ak\/oswa f\u00e8 yo deklare yon pyebwa ki an sante anvan k\u00f2m kounye a li deklare efektivman detwi. <\/p>\n\t\t\t\t\t\t<h4>Ki espesifikasyon yo genyen pou detay pwoteksyon pyebwa ki apwouve a?<\/h4>\n\t\t\t<p>Pwoteksyon pyebwa Vil Miami Beach apwouve a dwe konstwi dapre espesifikasyon ki dekri nan k\u00f2d Vil la. Sa gen ladan yon ankadreman 2\u00d74 ak yon ankadreman kwaze lateral x2 ki pwoteje z\u00f2n rasin kritik la oswa yon konstriksyon ankadreman kloti fil f\u00e8.<\/p>\n\t\t\t\t\t\t<h4>Poukisa mwen pa ka telechaje dokiman yo mande yo sou p\u00f2tal la?<\/h4>\n\t\t\t<p>Plan\/p\u00e8mi ou yo kounye a nan yon sik revizyon Depatman Konstriksyon an. Ou pral bezwen tann tout divizyon yo revize yo anvan ou ka soum\u00e8t dokiman yo mande yo.<\/p>\n<p>P\u00e8mi travay pou pyebwa nan for\u00e8 iben yo toujou ouv\u00e8 epi ou ka soum\u00e8t dokiman yo nenp\u00f2t ki l\u00e8.<\/p>\n\t\t\t\t\t\t<h4>Konbyen fr\u00e8 p\u00e8mi yo ye?<\/h4>\n\t\t\t<p><a href=\"https:\/\/www.miamibeachfl.gov\/ht\/city-hall\/environmental-sustainability\/urban-forestry\/\"><strong>Vizite sitw\u00e8b Divizyon Forestri Iben Vil Miami Beach la pou plis enf\u00f2masyon.<\/strong><\/a><\/p>\n\t\t\t\t\t\t<h4>\u00c8ske ou ka revize p\u00e8mi mwen an anvan (dat ki fikse a)?<\/h4>\n\t\t\t<p>Yo revize soum\u00e8t p\u00e8mi yo nan l\u00f2d yo te soum\u00e8t yo pou yo ka jis pou tout aplikan yo; sepandan, Divizyon For\u00e8 Iben ak Anviw\u00f2nman an eseye konplete revizyon yo pi vit posib.<\/p>\n\t\t\t\t\t\t<h4>\u00c8ske mwen oblije leve dig lanm\u00e8 mwen an menm si m ap jis f\u00e8 yon ti reparasyon sou dig lanm\u00e8 a?<\/h4>\n\t\t\t<p>Wi, depi miray lanm\u00e8 ki egziste a bezwen reparasyon enp\u00f2tan (sa vle di nenp\u00f2t amelyorasyon ak\/oswa reparasyon nan miray lanm\u00e8 ki egziste a ki koute $300 oswa plis pou chak pye liney\u00e8).<\/p>\n\t\t\t\t\t\t<h4>Poukisa mwen bezwen soum\u00e8t yon pri detaye pou konstriksyon reparasyon miray lanm\u00e8 mwen an?<\/h4>\n\t\t\t<p>Pou det\u00e8mine si travay miray lanm\u00e8 a satisf\u00e8 egzijans elevasyon ki nan \u00d2donans Miray Lanm\u00e8 2021-4393 la.<\/p>\n\t\t\t\t\t\t<h4>Ki &quot;n\u00f2t&quot; ki nan k\u00f2mant\u00e8 anviw\u00f2nman yo k ap mande pou afidavit Sediman ak Ewozyon an ansanm ak n\u00f2t yo dwe enkli ak plan yo?<\/h4>\n\t\t\t<p>&quot;N\u00f2t&quot; yo enkli nan f\u00f2m afidavit la apre paj siyati a. N\u00f2t sa yo ka swa soum\u00e8t k\u00f2m yon pati nan f\u00f2m afidavit la oswa ajoute nan plan yo (anjeneral f\u00e8y sivil).<\/p>\n\t\t\t\t\t\t<h4>Poukisa mwen bezwen soum\u00e8t Afidavit pou Kontw\u00f2l Sediman ak Ewozyon sou Chantiye Konstriksyon an si m ap f\u00e8 s\u00e8lman yon ti reparasyon\/travay?<\/h4>\n\t\t\t<p>Afidavit pou Kontw\u00f2l Sediman ak Ewozyon sou Chantiye Konstriksyon an obligatwa pou tout aktivite ki deranje t\u00e8 a, dapre \u00d2donans sou Kalite Dlo Nimewo 2021-4435 la.<\/p>\n\t<div class=\"page-navigation\"><a class=\"prev-page\" href=\"https:\/\/www.miamibeachfl.gov\/ht\/city-hall\/finance\/financial-documents\/2024-financial-reports\/\">\u2190 Rap\u00f2 finansye pou ane fiskal ki te fini 30 septanm 2024 la<\/a> <a class=\"next-page\" href=\"https:\/\/www.miamibeachfl.gov\/ht\/art-week-miami-beach\/artweek-free-transportation\/\">Transp\u00f2 gratis nan Sem\u00e8n Atizay la \u2192<\/a><\/div>","protected":false},"excerpt":{"rendered":"<p>Home &gt; City Hall &gt; Environment &#038; Sustainability &gt; Environmental &amp; Sustainability Permitting FAQs Permitting FAQs How long does it [&hellip;]<\/p>\n","protected":false},"author":222,"featured_media":383955,"parent":28598,"menu_order":3,"comment_status":"closed","ping_status":"closed","template":"","meta":{"_searchwp_excluded":"","site-sidebar-layout":"default","site-content-layout":"","ast-site-content-layout":"default","site-content-style":"default","site-sidebar-style":"default","ast-global-header-display":"","ast-banner-title-visibility":"","ast-main-header-display":"","ast-hfb-above-header-display":"","ast-hfb-below-header-display":"","ast-hfb-mobile-header-display":"","site-post-title":"","ast-breadcrumbs-content":"","ast-featured-img":"","footer-sml-layout":"","theme-transparent-header-meta":"","adv-header-id-meta":"","stick-header-meta":"","header-above-stick-meta":"","header-main-stick-meta":"","header-below-stick-meta":"","astra-migrate-meta-layouts":"default","ast-page-background-enabled":"default","ast-page-background-meta":{"desktop":{"background-color":"var(--ast-global-color-5)","background-image":"","background-repeat":"repeat","background-position":"center center","background-size":"auto","background-attachment":"scroll","background-type":"","background-media":"","overlay-type":"","overlay-color":"","overlay-opacity":"","overlay-gradient":""},"tablet":{"background-color":"","background-image":"","background-repeat":"repeat","background-position":"center center","background-size":"auto","background-attachment":"scroll","background-type":"","background-media":"","overlay-type":"","overlay-color":"","overlay-opacity":"","overlay-gradient":""},"mobile":{"background-color":"","background-image":"","background-repeat":"repeat","background-position":"center center","background-size":"auto","background-attachment":"scroll","background-type":"","background-media":"","overlay-type":"","overlay-color":"","overlay-opacity":"","overlay-gradient":""}},"ast-content-background-meta":{"desktop":{"background-color":"var(--ast-global-color-4)","background-image":"","background-repeat":"repeat","background-position":"center center","background-size":"auto","background-attachment":"scroll","background-type":"","background-media":"","overlay-type":"","overlay-color":"","overlay-opacity":"","overlay-gradient":""},"tablet":{"background-color":"var(--ast-global-color-4)","background-image":"","background-repeat":"repeat","background-position":"center center","background-size":"auto","background-attachment":"scroll","background-type":"","background-media":"","overlay-type":"","overlay-color":"","overlay-opacity":"","overlay-gradient":""},"mobile":{"background-color":"var(--ast-global-color-4)","background-image":"","background-repeat":"repeat","background-position":"center center","background-size":"auto","background-attachment":"scroll","background-type":"","background-media":"","overlay-type":"","overlay-color":"","overlay-opacity":"","overlay-gradient":""}},"footnotes":""},"categories":[],"tags":[1818],"class_list":["post-386587","page","type-page","status-publish","has-post-thumbnail","hentry","tag-environmental-and-sustainability-permits-faqs"],"yoast_head":"<!-- This site is optimized with the Yoast SEO Premium plugin v27.4 (Yoast SEO v27.4) - https:\/\/yoast.com\/product\/yoast-seo-premium-wordpress\/ -->\n<title>Environmental &amp; Sustainability Permitting FAQs - City of Miami Beach<\/title>\n<meta name=\"description\" content=\"%\" \/>\n<meta name=\"robots\" content=\"index, follow, max-snippet:-1, max-image-preview:large, max-video-preview:-1\" \/>\n<link rel=\"canonical\" href=\"https:\/\/www.miamibeachfl.gov\/ht\/city-hall\/environmental-sustainability\/permitting-faqs\/\" \/>\n<meta property=\"og:locale\" content=\"ht_HT\" \/>\n<meta property=\"og:type\" content=\"article\" \/>\n<meta property=\"og:title\" content=\"Environmental &amp; Sustainability Permitting FAQs\" \/>\n<meta property=\"og:description\" content=\"%\" \/>\n<meta property=\"og:url\" content=\"https:\/\/www.miamibeachfl.gov\/ht\/city-hall\/environmental-sustainability\/permitting-faqs\/\" \/>\n<meta property=\"og:site_name\" content=\"City of Miami Beach\" \/>\n<meta property=\"article:publisher\" content=\"https:\/\/www.facebook.com\/cityofmiamibeach\" \/>\n<meta property=\"article:modified_time\" content=\"2025-07-14T18:04:02+00:00\" \/>\n<meta property=\"og:image\" content=\"https:\/\/www.miamibeachfl.gov\/wp-content\/uploads\/2025\/06\/Parks-Gallery-2-SouthPointePark-optimized.jpg\" \/>\n\t<meta property=\"og:image:width\" content=\"400\" \/>\n\t<meta property=\"og:image:height\" content=\"400\" \/>\n\t<meta property=\"og:image:type\" content=\"image\/jpeg\" \/>\n<meta name=\"twitter:card\" content=\"summary_large_image\" \/>\n<meta name=\"twitter:site\" content=\"@Miamibeachnews\" \/>\n<script type=\"application\/ld+json\" class=\"yoast-schema-graph\">{\"@context\":\"https:\\\/\\\/schema.org\",\"@graph\":[{\"@type\":\"WebPage\",\"@id\":\"https:\\\/\\\/www.miamibeachfl.gov\\\/city-hall\\\/environmental-sustainability\\\/permitting-faqs\\\/\",\"url\":\"https:\\\/\\\/www.miamibeachfl.gov\\\/city-hall\\\/environmental-sustainability\\\/permitting-faqs\\\/\",\"name\":\"Environmental &amp; Sustainability Permitting FAQs - City of Miami Beach\",\"isPartOf\":{\"@id\":\"https:\\\/\\\/www.miamibeachfl.gov\\\/#website\"},\"primaryImageOfPage\":{\"@id\":\"https:\\\/\\\/www.miamibeachfl.gov\\\/city-hall\\\/environmental-sustainability\\\/permitting-faqs\\\/#primaryimage\"},\"image\":{\"@id\":\"https:\\\/\\\/www.miamibeachfl.gov\\\/city-hall\\\/environmental-sustainability\\\/permitting-faqs\\\/#primaryimage\"},\"thumbnailUrl\":\"https:\\\/\\\/www.miamibeachfl.gov\\\/wp-content\\\/uploads\\\/2025\\\/06\\\/Parks-Gallery-2-SouthPointePark-optimized.jpg\",\"datePublished\":\"2025-07-14T17:49:28+00:00\",\"dateModified\":\"2025-07-14T18:04:02+00:00\",\"description\":\"%\",\"breadcrumb\":{\"@id\":\"https:\\\/\\\/www.miamibeachfl.gov\\\/city-hall\\\/environmental-sustainability\\\/permitting-faqs\\\/#breadcrumb\"},\"inLanguage\":\"ht\",\"potentialAction\":[{\"@type\":\"ReadAction\",\"target\":[\"https:\\\/\\\/www.miamibeachfl.gov\\\/city-hall\\\/environmental-sustainability\\\/permitting-faqs\\\/\"]}]},{\"@type\":\"ImageObject\",\"inLanguage\":\"ht\",\"@id\":\"https:\\\/\\\/www.miamibeachfl.gov\\\/city-hall\\\/environmental-sustainability\\\/permitting-faqs\\\/#primaryimage\",\"url\":\"https:\\\/\\\/www.miamibeachfl.gov\\\/wp-content\\\/uploads\\\/2025\\\/06\\\/Parks-Gallery-2-SouthPointePark-optimized.jpg\",\"contentUrl\":\"https:\\\/\\\/www.miamibeachfl.gov\\\/wp-content\\\/uploads\\\/2025\\\/06\\\/Parks-Gallery-2-SouthPointePark-optimized.jpg\",\"width\":400,\"height\":400,\"caption\":\"aerial view of southpoint park beachwalk\"},{\"@type\":\"BreadcrumbList\",\"@id\":\"https:\\\/\\\/www.miamibeachfl.gov\\\/city-hall\\\/environmental-sustainability\\\/permitting-faqs\\\/#breadcrumb\",\"itemListElement\":[{\"@type\":\"ListItem\",\"position\":1,\"name\":\"Home\",\"item\":\"https:\\\/\\\/www.miamibeachfl.gov\\\/\"},{\"@type\":\"ListItem\",\"position\":2,\"name\":\"City Hall\",\"item\":\"https:\\\/\\\/www.miamibeachfl.gov\\\/city-hall\\\/\"},{\"@type\":\"ListItem\",\"position\":3,\"name\":\"Environment &#038; Sustainability\",\"item\":\"https:\\\/\\\/www.miamibeachfl.gov\\\/city-hall\\\/environmental-sustainability\\\/\"},{\"@type\":\"ListItem\",\"position\":4,\"name\":\"Environmental &amp; Sustainability Permitting FAQs\"}]},{\"@type\":\"WebSite\",\"@id\":\"https:\\\/\\\/www.miamibeachfl.gov\\\/#website\",\"url\":\"https:\\\/\\\/www.miamibeachfl.gov\\\/\",\"name\":\"City of Miami Beach\",\"description\":\"The official website of the City of Miami Beach. Stay informed, find important information on city services, news, alerts, events, trolley routes, government employment and more.\",\"publisher\":{\"@id\":\"https:\\\/\\\/www.miamibeachfl.gov\\\/#organization\"},\"potentialAction\":[{\"@type\":\"SearchAction\",\"target\":{\"@type\":\"EntryPoint\",\"urlTemplate\":\"https:\\\/\\\/www.miamibeachfl.gov\\\/?s={search_term_string}\"},\"query-input\":{\"@type\":\"PropertyValueSpecification\",\"valueRequired\":true,\"valueName\":\"search_term_string\"}}],\"inLanguage\":\"ht\"},{\"@type\":\"Organization\",\"@id\":\"https:\\\/\\\/www.miamibeachfl.gov\\\/#organization\",\"name\":\"City of Miami Beach\",\"url\":\"https:\\\/\\\/www.miamibeachfl.gov\\\/\",\"logo\":{\"@type\":\"ImageObject\",\"inLanguage\":\"ht\",\"@id\":\"https:\\\/\\\/www.miamibeachfl.gov\\\/#\\\/schema\\\/logo\\\/image\\\/\",\"url\":\"https:\\\/\\\/www.miamibeachfl.gov\\\/wp-content\\\/uploads\\\/2022\\\/06\\\/miamibeach-logoblue.png\",\"contentUrl\":\"https:\\\/\\\/www.miamibeachfl.gov\\\/wp-content\\\/uploads\\\/2022\\\/06\\\/miamibeach-logoblue.png\",\"width\":1962,\"height\":381,\"caption\":\"City of Miami Beach\"},\"image\":{\"@id\":\"https:\\\/\\\/www.miamibeachfl.gov\\\/#\\\/schema\\\/logo\\\/image\\\/\"},\"sameAs\":[\"https:\\\/\\\/www.facebook.com\\\/cityofmiamibeach\",\"https:\\\/\\\/x.com\\\/Miamibeachnews\",\"https:\\\/\\\/www.instagram.com\\\/miamibeachnews\\\/\"],\"description\":\"The official website of the City of Miami Beach. Stay informed, find important information on city services, news, alerts, events, trolley routes, government employment and more.\",\"telephone\":\"305.604.CITY(2489)\",\"legalName\":\"City of Miami Beach\"}]}<\/script>\n<!-- \/ Yoast SEO Premium plugin. -->","yoast_head_json":{"title":"Kesyon yo poze souvan sou p\u00e8mi anviw\u00f2nman ak dirabilite - Vil Miami Beach","description":"%","robots":{"index":"index","follow":"follow","max-snippet":"max-snippet:-1","max-image-preview":"max-image-preview:large","max-video-preview":"max-video-preview:-1"},"canonical":"https:\/\/www.miamibeachfl.gov\/ht\/city-hall\/environmental-sustainability\/permitting-faqs\/","og_locale":"ht_HT","og_type":"article","og_title":"Environmental &amp; Sustainability Permitting FAQs","og_description":"%","og_url":"https:\/\/www.miamibeachfl.gov\/ht\/city-hall\/environmental-sustainability\/permitting-faqs\/","og_site_name":"City of Miami Beach","article_publisher":"https:\/\/www.facebook.com\/cityofmiamibeach","article_modified_time":"2025-07-14T18:04:02+00:00","og_image":[{"width":400,"height":400,"url":"https:\/\/www.miamibeachfl.gov\/wp-content\/uploads\/2025\/06\/Parks-Gallery-2-SouthPointePark-optimized.jpg","type":"image\/jpeg"}],"twitter_card":"summary_large_image","twitter_site":"@Miamibeachnews","schema":{"@context":"https:\/\/schema.org","@graph":[{"@type":"WebPage","@id":"https:\/\/www.miamibeachfl.gov\/city-hall\/environmental-sustainability\/permitting-faqs\/","url":"https:\/\/www.miamibeachfl.gov\/city-hall\/environmental-sustainability\/permitting-faqs\/","name":"Kesyon yo poze souvan sou p\u00e8mi anviw\u00f2nman ak dirabilite - Vil Miami Beach","isPartOf":{"@id":"https:\/\/www.miamibeachfl.gov\/#website"},"primaryImageOfPage":{"@id":"https:\/\/www.miamibeachfl.gov\/city-hall\/environmental-sustainability\/permitting-faqs\/#primaryimage"},"image":{"@id":"https:\/\/www.miamibeachfl.gov\/city-hall\/environmental-sustainability\/permitting-faqs\/#primaryimage"},"thumbnailUrl":"https:\/\/www.miamibeachfl.gov\/wp-content\/uploads\/2025\/06\/Parks-Gallery-2-SouthPointePark-optimized.jpg","datePublished":"2025-07-14T17:49:28+00:00","dateModified":"2025-07-14T18:04:02+00:00","description":"%","breadcrumb":{"@id":"https:\/\/www.miamibeachfl.gov\/city-hall\/environmental-sustainability\/permitting-faqs\/#breadcrumb"},"inLanguage":"ht","potentialAction":[{"@type":"ReadAction","target":["https:\/\/www.miamibeachfl.gov\/city-hall\/environmental-sustainability\/permitting-faqs\/"]}]},{"@type":"ImageObject","inLanguage":"ht","@id":"https:\/\/www.miamibeachfl.gov\/city-hall\/environmental-sustainability\/permitting-faqs\/#primaryimage","url":"https:\/\/www.miamibeachfl.gov\/wp-content\/uploads\/2025\/06\/Parks-Gallery-2-SouthPointePark-optimized.jpg","contentUrl":"https:\/\/www.miamibeachfl.gov\/wp-content\/uploads\/2025\/06\/Parks-Gallery-2-SouthPointePark-optimized.jpg","width":400,"height":400,"caption":"aerial view of southpoint park beachwalk"},{"@type":"BreadcrumbList","@id":"https:\/\/www.miamibeachfl.gov\/city-hall\/environmental-sustainability\/permitting-faqs\/#breadcrumb","itemListElement":[{"@type":"ListItem","position":1,"name":"Home","item":"https:\/\/www.miamibeachfl.gov\/"},{"@type":"ListItem","position":2,"name":"City Hall","item":"https:\/\/www.miamibeachfl.gov\/city-hall\/"},{"@type":"ListItem","position":3,"name":"Environment &#038; Sustainability","item":"https:\/\/www.miamibeachfl.gov\/city-hall\/environmental-sustainability\/"},{"@type":"ListItem","position":4,"name":"Environmental &amp; Sustainability Permitting FAQs"}]},{"@type":"WebSite","@id":"https:\/\/www.miamibeachfl.gov\/#website","url":"https:\/\/www.miamibeachfl.gov\/","name":"Vil Miami Beach","description":"Sitw\u00e8b ofisy\u00e8l Vil Miami Beach la. Rete enf\u00f2me, jwenn enf\u00f2masyon enp\u00f2tan sou s\u00e8vis vil la, nouv\u00e8l, al\u00e8t, ev\u00e8nman, wout tramway, travay gouv\u00e8nman an ak plis ank\u00f2.","publisher":{"@id":"https:\/\/www.miamibeachfl.gov\/#organization"},"potentialAction":[{"@type":"SearchAction","target":{"@type":"EntryPoint","urlTemplate":"https:\/\/www.miamibeachfl.gov\/?s={search_term_string}"},"query-input":{"@type":"PropertyValueSpecification","valueRequired":true,"valueName":"search_term_string"}}],"inLanguage":"ht"},{"@type":"Organization","@id":"https:\/\/www.miamibeachfl.gov\/#organization","name":"Vil Miami Beach","url":"https:\/\/www.miamibeachfl.gov\/","logo":{"@type":"ImageObject","inLanguage":"ht","@id":"https:\/\/www.miamibeachfl.gov\/#\/schema\/logo\/image\/","url":"https:\/\/www.miamibeachfl.gov\/wp-content\/uploads\/2022\/06\/miamibeach-logoblue.png","contentUrl":"https:\/\/www.miamibeachfl.gov\/wp-content\/uploads\/2022\/06\/miamibeach-logoblue.png","width":1962,"height":381,"caption":"City of Miami Beach"},"image":{"@id":"https:\/\/www.miamibeachfl.gov\/#\/schema\/logo\/image\/"},"sameAs":["https:\/\/www.facebook.com\/cityofmiamibeach","https:\/\/x.com\/Miamibeachnews","https:\/\/www.instagram.com\/miamibeachnews\/"],"description":"Sitw\u00e8b ofisy\u00e8l Vil Miami Beach la. Rete enf\u00f2me, jwenn enf\u00f2masyon enp\u00f2tan sou s\u00e8vis vil la, nouv\u00e8l, al\u00e8t, ev\u00e8nman, wout tramway, travay gouv\u00e8nman an ak plis ank\u00f2.","telephone":"305.604.CITY(2489)","legalName":"City of Miami Beach"}]}},"_links":{"self":[{"href":"https:\/\/www.miamibeachfl.gov\/ht\/wp-json\/wp\/v2\/pages\/386587","targetHints":{"allow":["GET"]}}],"collection":[{"href":"https:\/\/www.miamibeachfl.gov\/ht\/wp-json\/wp\/v2\/pages"}],"about":[{"href":"https:\/\/www.miamibeachfl.gov\/ht\/wp-json\/wp\/v2\/types\/page"}],"author":[{"embeddable":true,"href":"https:\/\/www.miamibeachfl.gov\/ht\/wp-json\/wp\/v2\/users\/222"}],"replies":[{"embeddable":true,"href":"https:\/\/www.miamibeachfl.gov\/ht\/wp-json\/wp\/v2\/comments?post=386587"}],"version-history":[{"count":3,"href":"https:\/\/www.miamibeachfl.gov\/ht\/wp-json\/wp\/v2\/pages\/386587\/revisions"}],"predecessor-version":[{"id":386599,"href":"https:\/\/www.miamibeachfl.gov\/ht\/wp-json\/wp\/v2\/pages\/386587\/revisions\/386599"}],"up":[{"embeddable":true,"href":"https:\/\/www.miamibeachfl.gov\/ht\/wp-json\/wp\/v2\/pages\/28598"}],"wp:featuredmedia":[{"embeddable":true,"href":"https:\/\/www.miamibeachfl.gov\/ht\/wp-json\/wp\/v2\/media\/383955"}],"wp:attachment":[{"href":"https:\/\/www.miamibeachfl.gov\/ht\/wp-json\/wp\/v2\/media?parent=386587"}],"wp:term":[{"taxonomy":"category","embeddable":true,"href":"https:\/\/www.miamibeachfl.gov\/ht\/wp-json\/wp\/v2\/categories?post=386587"},{"taxonomy":"post_tag","embeddable":true,"href":"https:\/\/www.miamibeachfl.gov\/ht\/wp-json\/wp\/v2\/tags?post=386587"}],"curies":[{"name":"wp","href":"https:\/\/api.w.org\/{rel}","templated":true}]}}