{"id":38696,"date":"2017-10-20T11:10:53","date_gmt":"2017-10-20T15:10:53","guid":{"rendered":"http:\/\/www.miamibeachfl.gov\/city-hall\/human-resources\/risk-management\/insurance\/"},"modified":"2026-03-02T16:31:22","modified_gmt":"2026-03-02T21:31:22","slug":"insurance","status":"publish","type":"page","link":"https:\/\/www.miamibeachfl.gov\/ht\/city-hall\/human-resources\/risk-management\/insurance\/","title":{"rendered":"Asirans"},"content":{"rendered":"<h1>\n\t\t\tAsirans\t<\/h1>\n\t<nav id=\"breadcrumbs\" aria-label=\"Pen griye\"><a href=\"https:\/\/www.miamibeachfl.gov\/ht\/\">Lakay<\/a> &gt; <a href=\"https:\/\/www.miamibeachfl.gov\/ht\/city-hall\/\">Lakou Vil la<\/a> &gt; <a href=\"https:\/\/www.miamibeachfl.gov\/ht\/city-hall\/human-resources\/\">Resous Im\u00e8n<\/a> &gt; <a href=\"https:\/\/www.miamibeachfl.gov\/ht\/city-hall\/human-resources\/risk-management\/\">Jesyon Risk<\/a> &gt; <strong>Asirans<\/strong><\/nav>\n\t<p>Pou pwoteje enter\u00e8 Vil Miami Beach, yo mete an plas s\u00e8ten egzijans asirans, epi tout moun ki lwe, kontrakt\u00e8, vand\u00e8 ak l\u00f2t moun oswa \u00f2ganizasyon ki itilize oswa bay s\u00e8vis nan Vil la dwe bay yo. Objektif sa a se pou jwenn asirans ke founis\u00e8 a, vand\u00e8 a oswa l\u00f2t pati a ap gen kapasite finansye (fon asirans) pou sip\u00f2te pwom\u00e8s oswa angajman ki te f\u00e8t nan ka ta gen yon reklamasyon.<\/p>\n<p>Tout vand\u00e8, kontrakt\u00e8 ak l\u00f2t pati k ap itilize enstalasyon vil la dwe, sou pw\u00f2p depans yo, jwenn epi kenbe kontra asirans ajou ki pwoteje pw\u00f2p enter\u00e8 li yo ak enter\u00e8 Vil la kont aksyon ki rive akoz oswa ki rezilta aksyon yo.<\/p>\n<p><strong><u>Kondisyon Asirans Kontraktu\u00e8l<\/u><\/strong><\/p>\n<p>Etandone pak\u00e8t machandiz ak s\u00e8vis Vil Miami Beach te akeri pou akonpli misyon nou an, gen yon op\u00f2tinite ekstra\u00f2din\u00e8 pou vand\u00e8 yo f\u00e8 biznis ak Vil la. Nivo minim\u00f2m asirans yon vand\u00e8 oblije kenbe pandan tout dire kontra a nan lis egzijans asirans ki atache anba a:<\/p>\n<p>Kondisyon asirans yo klase selon val\u00e8 kontra a ak kalite s\u00e8vis ki pral bay la. Baze sou krit\u00e8 pwoj\u00e8 a, tanpri itilize kalite kontra ki apwopriye a nan lis ki bay la.<\/p>\n<p><em>Av\u00e8tisman: Divizyon jesyon risk la gen dwa adapte egzijans li yo selon espesifikasyon yo ak ekspozisyon potansy\u00e8l yo.<\/em><\/p>\n<p><strong><a href=\"http:\/\/www.miamibeachfl.gov\/wp-content\/uploads\/2021\/06\/Contractual-Insurance-Guide.pdf\">Gid Asirans Kontraktu\u00e8l<\/a><\/strong><\/p>\n<p><strong><u>Gid S\u00e8tifika Asirans<\/u><\/strong><\/p>\n<p>Tanpri gade gid s\u00e8tifika asirans ki anba a. Av\u00e8k gid sa a, ou pral kapab w\u00e8 tout egzijans vil Miami Beach bezwen pou kapab apwouve COI yo.<\/p>\n<p><em>Av\u00e8tisman: Sa a se s\u00e8lman yon gid. Divizyon jesyon risk la gen dwa adapte egzijans li yo selon espesifikasyon yo ak ekspozisyon potansy\u00e8l yo.<\/em><\/p>\n<p><strong><a href=\"http:\/\/www.miamibeachfl.gov\/wp-content\/uploads\/2021\/06\/Certificate-of-Insurance-Guide-15K-to-100K.pdf\">Gid S\u00e8tifika Asirans ($15K rive $100K)<\/a><\/strong><\/p>\n<p><strong><u>Kondisyon pou Lisans BTR<\/u><\/strong><\/p>\n<p>Kondisyon asirans pou p\u00e8mi ak lisans yo nan lis anba a. Chak kalite lisans oswa p\u00e8mi gen diferan kondisyon asirans selon s\u00e8vis oswa biznis antite a ap bay la. Tout lisans\/p\u00e8mi ap mande pou konpansasyon travay\u00e8 sof si yo bay yon egzanpsyon konpansasyon travay\u00e8. Epitou, Vil Miami Beach egzije yon Rating AM Best ki se yon &quot;A&quot; oswa plis. Si yo pa bay yon rating AM best ki se yon &quot;A&quot;, nou p ap kapab apwouve COI a. Tanpri sonje ke Vil Miami Beach dwe nan lis k\u00f2m yon l\u00f2t moun ki asire an sa ki kons\u00e8ne responsablite jeneral kom\u00e8syal.<\/p>\n<p><em>Av\u00e8tisman: Divizyon jesyon risk la gen dwa adapte egzijans li yo selon espesifikasyon yo ak ekspozisyon potansy\u00e8l yo.<\/em><\/p>\n<p><strong><a href=\"http:\/\/www.miamibeachfl.gov\/wp-content\/uploads\/2021\/06\/BTR-Insurance-Requirements.pdf\">BTR-Kondisyon Asirans<\/a><\/strong><\/p>\n<p><strong><u>Resi Taks Biznis<\/u><\/strong><\/p>\n<p>Tout biznis ki sitiye nan limit vil Miami Beach dwe jwenn yon Resi Tak Biznis anvan yo k\u00f2manse yon biznis, epi ane taks biznis la ap k\u00f2manse chak 1ye okt\u00f2b.<sup>st<\/sup>\u00a0rive 30 septanm<sup>y\u00e8m<\/sup>Anvan yo ka apwouve nenp\u00f2t vand\u00e8 pou yon resi taks biznis, yo dwe premye soum\u00e8t asirans biznis yo ki konf\u00f2m ak Egzijans Asirans Vil Miami Beach la.<\/p>\n<p><strong><a href=\"https:\/\/www.miamibeachfl.gov\/ht\/city-hall\/finance\/business-tax-receipts-btr\/\">https:\/\/www.miamibeachfl.gov\/city-hall\/finance\/business-tax-receipts-btr\/<\/a><\/strong><\/p>\n<p><strong><u>P\u00e8mi pou Ev\u00e8nman Espesyal<\/u><\/strong><\/p>\n<p>Yon Ev\u00e8nman Espesyal defini k\u00f2m nenp\u00f2t ev\u00e8nman kom\u00e8syal oswa prive tanpor\u00e8, andedan oswa dey\u00f2, epi pwomot\u00e8 ev\u00e8nman an dwe bay Vil la yon s\u00e8tifika asirans av\u00e8k egzijans sa yo tache anba a:<\/p>\n<p><strong><a href=\"http:\/\/www.miamibeachfl.gov\/wp-content\/uploads\/2021\/06\/Special-Events-Insurance-Requirements.pdf\">Kondisyon Asirans pou Ev\u00e8nman Espesyal<\/a><\/strong><\/p>\n<p>Vil la mete asirans disponib atrav\u00e8 Pwogram Asirans Responsabilite Lokat\u00e8 Itilizat\u00e8 Vil la (&quot;TULIP&quot;) ki bay asirans pou ev\u00e8nman tankou semin\u00e8, resepsyon, maryaj, ev\u00e8nman esp\u00f2tif ak kons\u00e8. Tanpri itilize lyen sa a pou jwenn aks\u00e8 nan pwogram nan:\u00a0<strong><a href=\"http:\/\/www.onebeaconentertainment.com\/\">http:\/\/www.onebeaconentertainment.com\/<\/a><\/strong><\/p>\n<ul>\n<li>Anba\u00a0<u>TULIP \u2013 Asirans Ev\u00e8nman\u00a0<\/u>klike sou\u00a0<u>Achte oswa Pri<\/u><\/li>\n<li>Ch\u00e8che lokal ou a anba &quot;Miami Beach&quot; epi reponn k\u00e8k kesyon debaz nan yon pwosesis twa etap.<\/li>\n<li>Ranpli twa premye etap f\u00f2m lan pou jwenn yon devis.<\/li>\n<li>Nenp\u00f2t pwobl\u00e8m \u2013 rele 800-507-8414 (8:30 am pou rive 5:00 pm PT)<\/li>\n<\/ul>\n<p><strong><u>Pak ak Lwazi<\/u><\/strong><\/p>\n<p>Vil Miami Beach la etabli r\u00e8gleman ak pwosedi kons\u00e8nan lokasyon enstalasyon ki pou Vil la, tanpri gade dokiman ki atache anba a:<\/p>\n<p><strong><a href=\"http:\/\/www.miamibeachfl.gov\/wp-content\/uploads\/2021\/06\/Indemnification-and-Insurance-Parks-Rec-Insurance-Requirements-.pdf\">Kondisyon Asirans Pak ak Lwazi<\/a><\/strong><\/p>\n<p><em>Tanpri sonje: Si vand\u00e8 a pral s\u00e8vi alk\u00f2l, y ap bezwen bay yon asirans responsablite sivil pou alk\u00f2l.<\/em><em>.<\/em><\/p>\n<p>Anplis de sa, divizyon Jesyon Risk la mete an plas egzijans sa yo ki atache anba a pou tout Demann Lwaye Enstalasyon Vil la:<\/p>\n<p><strong><a href=\"http:\/\/www.miamibeachfl.gov\/wp-content\/uploads\/2021\/06\/Parks-Facility-Rental-Contract.pdf\">Kontra Lwaye Enstalasyon Pak yo<\/a><\/strong><\/p>\n<p><u>Kondisyon pou Ev\u00e8nman Espesyal yo<\/u><\/p>\n<p>Vil la mete asirans disponib atrav\u00e8 Pwogram Asirans Responsabilite Lokat\u00e8 Itilizat\u00e8 Vil la (&quot;TULIP&quot;) ki bay asirans pou ev\u00e8nman tankou semin\u00e8, resepsyon, maryaj, ev\u00e8nman esp\u00f2tif ak kons\u00e8. Tanpri itilize lyen sa a pou jwenn aks\u00e8 nan pwogram nan:\u00a0<strong><a href=\"http:\/\/www.onebeaconentertainment.com\/\">http:\/\/www.onebeaconentertainment.com\/<\/a><\/strong><\/p>\n<ul>\n<li>Anba\u00a0<u>TULIP \u2013 Asirans Ev\u00e8nman\u00a0<\/u>klike sou\u00a0<u>Achte oswa Pri<\/u><\/li>\n<li>Ch\u00e8che lokal ou a anba &quot;Miami Beach&quot; epi reponn k\u00e8k kesyon debaz nan yon pwosesis twa etap.<\/li>\n<li>Ranpli twa premye etap f\u00f2m lan pou jwenn yon devis.<\/li>\n<li>Nenp\u00f2t pwobl\u00e8m \u2013 rele 800-507-8414 (8:30 am pou rive 5:00 pm PT)<\/li>\n<\/ul>\n\t\tNavige pou ale nan\u2026\t\t\t\n\t\t\t\t\t<ul id=\"menu-hr-risk-management\"><li id=\"menu-item-362860\"><a href=\"https:\/\/live.origamirisk.com\/Origami\/IncidentEntry\/Direct?token=1m7WARXGbeVTcu0kSmjRZIvg%2BA7bM5c8cecCLfcBgCmrP1jweHqJDH7SwyT2A%2FyfPZ53YZ2GPFmpD%2B9%2FglKWmYrTHwN8B50XcpScmfAkXJkvbwe7XfTP3fZKWocX%2BB5Y\">P\u00f2tal Reklamasyon<\/a><\/li>\n<li id=\"menu-item-362855\"><a href=\"\/ht\/city-hall\/human-resources\/risk-management\/claims\/\">Reklamasyon<\/a><\/li>\n<li id=\"menu-item-362857\"><a href=\"\/ht\/city-hall\/human-resources\/risk-management\/safety\/\">Sekirite<\/a><\/li>\n<li id=\"menu-item-362859\"><a href=\"\/ht\/city-hall\/human-resources\/risk-management\/insurance\/\">Asirans<\/a><\/li>\n<\/ul>\t\n\t<div class=\"page-navigation\"><a class=\"prev-page\" href=\"https:\/\/www.miamibeachfl.gov\/ht\/city-hall\/office-of-organizational-development\/\">\u2190 Inisyativ Edikasyon ak P\u00e8f\u00f2mans<\/a> <a class=\"next-page\" href=\"https:\/\/www.miamibeachfl.gov\/ht\/city-hall\/finance\/payview-utility-bill\/\">Peye\/Gade Fakti S\u00e8vis Piblik \u2192<\/a><\/div>","protected":false},"excerpt":{"rendered":"<p>Insurance Home &gt; City Hall &gt; Human Resources &gt; Risk Management &gt; Insurance In order to protect the interest of [&hellip;]<\/p>\n","protected":false},"author":222,"featured_media":0,"parent":38693,"menu_order":257,"comment_status":"closed","ping_status":"closed","template":"","meta":{"_searchwp_excluded":"","site-sidebar-layout":"default","site-content-layout":"","ast-site-content-layout":"default","site-content-style":"default","site-sidebar-style":"default","ast-global-header-display":"","ast-banner-title-visibility":"","ast-main-header-display":"","ast-hfb-above-header-display":"","ast-hfb-below-header-display":"","ast-hfb-mobile-header-display":"","site-post-title":"","ast-breadcrumbs-content":"","ast-featured-img":"","footer-sml-layout":"","theme-transparent-header-meta":"","adv-header-id-meta":"","stick-header-meta":"","header-above-stick-meta":"","header-main-stick-meta":"","header-below-stick-meta":"","astra-migrate-meta-layouts":"default","ast-page-background-enabled":"default","ast-page-background-meta":{"desktop":{"background-color":"var(--ast-global-color-5)","background-image":"","background-repeat":"repeat","background-position":"center center","background-size":"auto","background-attachment":"scroll","background-type":"","background-media":"","overlay-type":"","overlay-color":"","overlay-opacity":"","overlay-gradient":""},"tablet":{"background-color":"","background-image":"","background-repeat":"repeat","background-position":"center center","background-size":"auto","background-attachment":"scroll","background-type":"","background-media":"","overlay-type":"","overlay-color":"","overlay-opacity":"","overlay-gradient":""},"mobile":{"background-color":"","background-image":"","background-repeat":"repeat","background-position":"center center","background-size":"auto","background-attachment":"scroll","background-type":"","background-media":"","overlay-type":"","overlay-color":"","overlay-opacity":"","overlay-gradient":""}},"ast-content-background-meta":{"desktop":{"background-color":"var(--ast-global-color-4)","background-image":"","background-repeat":"repeat","background-position":"center center","background-size":"auto","background-attachment":"scroll","background-type":"","background-media":"","overlay-type":"","overlay-color":"","overlay-opacity":"","overlay-gradient":""},"tablet":{"background-color":"var(--ast-global-color-4)","background-image":"","background-repeat":"repeat","background-position":"center center","background-size":"auto","background-attachment":"scroll","background-type":"","background-media":"","overlay-type":"","overlay-color":"","overlay-opacity":"","overlay-gradient":""},"mobile":{"background-color":"var(--ast-global-color-4)","background-image":"","background-repeat":"repeat","background-position":"center center","background-size":"auto","background-attachment":"scroll","background-type":"","background-media":"","overlay-type":"","overlay-color":"","overlay-opacity":"","overlay-gradient":""}},"footnotes":""},"categories":[],"tags":[],"class_list":["post-38696","page","type-page","status-publish","hentry"],"yoast_head":"<!-- This site is optimized with the Yoast SEO Premium plugin v27.4 (Yoast SEO v27.4) - https:\/\/yoast.com\/product\/yoast-seo-premium-wordpress\/ -->\n<title>Insurance - City of Miami Beach<\/title>\n<meta name=\"description\" content=\"%\" \/>\n<meta name=\"robots\" content=\"index, follow, max-snippet:-1, max-image-preview:large, max-video-preview:-1\" \/>\n<link rel=\"canonical\" href=\"https:\/\/www.miamibeachfl.gov\/ht\/city-hall\/human-resources\/risk-management\/insurance\/\" \/>\n<meta property=\"og:locale\" content=\"ht_HT\" \/>\n<meta property=\"og:type\" content=\"article\" \/>\n<meta property=\"og:title\" content=\"Insurance\" \/>\n<meta property=\"og:description\" content=\"%\" \/>\n<meta property=\"og:url\" content=\"https:\/\/www.miamibeachfl.gov\/ht\/city-hall\/human-resources\/risk-management\/insurance\/\" \/>\n<meta property=\"og:site_name\" content=\"City of Miami Beach\" \/>\n<meta property=\"article:publisher\" content=\"https:\/\/www.facebook.com\/cityofmiamibeach\" \/>\n<meta property=\"article:modified_time\" content=\"2026-03-02T21:31:22+00:00\" \/>\n<meta property=\"og:image\" content=\"https:\/\/www.miamibeachfl.gov\/wp-content\/uploads\/2024\/01\/1000pxSquare-miamibeach-aerial-southpointview.jpeg\" \/>\n\t<meta property=\"og:image:width\" content=\"1000\" \/>\n\t<meta property=\"og:image:height\" content=\"1000\" \/>\n\t<meta property=\"og:image:type\" content=\"image\/jpeg\" \/>\n<meta name=\"twitter:card\" content=\"summary_large_image\" \/>\n<meta name=\"twitter:site\" content=\"@Miamibeachnews\" \/>\n<script type=\"application\/ld+json\" class=\"yoast-schema-graph\">{\"@context\":\"https:\\\/\\\/schema.org\",\"@graph\":[{\"@type\":\"WebPage\",\"@id\":\"https:\\\/\\\/www.miamibeachfl.gov\\\/city-hall\\\/human-resources\\\/risk-management\\\/insurance\\\/\",\"url\":\"https:\\\/\\\/www.miamibeachfl.gov\\\/city-hall\\\/human-resources\\\/risk-management\\\/insurance\\\/\",\"name\":\"Insurance - City of Miami Beach\",\"isPartOf\":{\"@id\":\"https:\\\/\\\/www.miamibeachfl.gov\\\/#website\"},\"datePublished\":\"2017-10-20T15:10:53+00:00\",\"dateModified\":\"2026-03-02T21:31:22+00:00\",\"description\":\"%\",\"breadcrumb\":{\"@id\":\"https:\\\/\\\/www.miamibeachfl.gov\\\/city-hall\\\/human-resources\\\/risk-management\\\/insurance\\\/#breadcrumb\"},\"inLanguage\":\"ht\",\"potentialAction\":[{\"@type\":\"ReadAction\",\"target\":[\"https:\\\/\\\/www.miamibeachfl.gov\\\/city-hall\\\/human-resources\\\/risk-management\\\/insurance\\\/\"]}]},{\"@type\":\"BreadcrumbList\",\"@id\":\"https:\\\/\\\/www.miamibeachfl.gov\\\/city-hall\\\/human-resources\\\/risk-management\\\/insurance\\\/#breadcrumb\",\"itemListElement\":[{\"@type\":\"ListItem\",\"position\":1,\"name\":\"Home\",\"item\":\"https:\\\/\\\/www.miamibeachfl.gov\\\/\"},{\"@type\":\"ListItem\",\"position\":2,\"name\":\"City Hall\",\"item\":\"https:\\\/\\\/www.miamibeachfl.gov\\\/city-hall\\\/\"},{\"@type\":\"ListItem\",\"position\":3,\"name\":\"Human Resources\",\"item\":\"https:\\\/\\\/www.miamibeachfl.gov\\\/city-hall\\\/human-resources\\\/\"},{\"@type\":\"ListItem\",\"position\":4,\"name\":\"Risk Management\",\"item\":\"https:\\\/\\\/www.miamibeachfl.gov\\\/city-hall\\\/human-resources\\\/risk-management\\\/\"},{\"@type\":\"ListItem\",\"position\":5,\"name\":\"Insurance\"}]},{\"@type\":\"WebSite\",\"@id\":\"https:\\\/\\\/www.miamibeachfl.gov\\\/#website\",\"url\":\"https:\\\/\\\/www.miamibeachfl.gov\\\/\",\"name\":\"City of Miami Beach\",\"description\":\"The official website of the City of Miami Beach. Stay informed, find important information on city services, news, alerts, events, trolley routes, government employment and more.\",\"publisher\":{\"@id\":\"https:\\\/\\\/www.miamibeachfl.gov\\\/#organization\"},\"potentialAction\":[{\"@type\":\"SearchAction\",\"target\":{\"@type\":\"EntryPoint\",\"urlTemplate\":\"https:\\\/\\\/www.miamibeachfl.gov\\\/?s={search_term_string}\"},\"query-input\":{\"@type\":\"PropertyValueSpecification\",\"valueRequired\":true,\"valueName\":\"search_term_string\"}}],\"inLanguage\":\"ht\"},{\"@type\":\"Organization\",\"@id\":\"https:\\\/\\\/www.miamibeachfl.gov\\\/#organization\",\"name\":\"City of Miami Beach\",\"url\":\"https:\\\/\\\/www.miamibeachfl.gov\\\/\",\"logo\":{\"@type\":\"ImageObject\",\"inLanguage\":\"ht\",\"@id\":\"https:\\\/\\\/www.miamibeachfl.gov\\\/#\\\/schema\\\/logo\\\/image\\\/\",\"url\":\"https:\\\/\\\/www.miamibeachfl.gov\\\/wp-content\\\/uploads\\\/2022\\\/06\\\/miamibeach-logoblue.png\",\"contentUrl\":\"https:\\\/\\\/www.miamibeachfl.gov\\\/wp-content\\\/uploads\\\/2022\\\/06\\\/miamibeach-logoblue.png\",\"width\":1962,\"height\":381,\"caption\":\"City of Miami Beach\"},\"image\":{\"@id\":\"https:\\\/\\\/www.miamibeachfl.gov\\\/#\\\/schema\\\/logo\\\/image\\\/\"},\"sameAs\":[\"https:\\\/\\\/www.facebook.com\\\/cityofmiamibeach\",\"https:\\\/\\\/x.com\\\/Miamibeachnews\",\"https:\\\/\\\/www.instagram.com\\\/miamibeachnews\\\/\"],\"description\":\"The official website of the City of Miami Beach. Stay informed, find important information on city services, news, alerts, events, trolley routes, government employment and more.\",\"telephone\":\"305.604.CITY(2489)\",\"legalName\":\"City of Miami Beach\"}]}<\/script>\n<!-- \/ Yoast SEO Premium plugin. -->","yoast_head_json":{"title":"Asirans - Vil Miami Beach","description":"%","robots":{"index":"index","follow":"follow","max-snippet":"max-snippet:-1","max-image-preview":"max-image-preview:large","max-video-preview":"max-video-preview:-1"},"canonical":"https:\/\/www.miamibeachfl.gov\/ht\/city-hall\/human-resources\/risk-management\/insurance\/","og_locale":"ht_HT","og_type":"article","og_title":"Insurance","og_description":"%","og_url":"https:\/\/www.miamibeachfl.gov\/ht\/city-hall\/human-resources\/risk-management\/insurance\/","og_site_name":"City of Miami Beach","article_publisher":"https:\/\/www.facebook.com\/cityofmiamibeach","article_modified_time":"2026-03-02T21:31:22+00:00","og_image":[{"width":1000,"height":1000,"url":"https:\/\/www.miamibeachfl.gov\/wp-content\/uploads\/2024\/01\/1000pxSquare-miamibeach-aerial-southpointview.jpeg","type":"image\/jpeg"}],"twitter_card":"summary_large_image","twitter_site":"@Miamibeachnews","schema":{"@context":"https:\/\/schema.org","@graph":[{"@type":"WebPage","@id":"https:\/\/www.miamibeachfl.gov\/city-hall\/human-resources\/risk-management\/insurance\/","url":"https:\/\/www.miamibeachfl.gov\/city-hall\/human-resources\/risk-management\/insurance\/","name":"Asirans - Vil Miami Beach","isPartOf":{"@id":"https:\/\/www.miamibeachfl.gov\/#website"},"datePublished":"2017-10-20T15:10:53+00:00","dateModified":"2026-03-02T21:31:22+00:00","description":"%","breadcrumb":{"@id":"https:\/\/www.miamibeachfl.gov\/city-hall\/human-resources\/risk-management\/insurance\/#breadcrumb"},"inLanguage":"ht","potentialAction":[{"@type":"ReadAction","target":["https:\/\/www.miamibeachfl.gov\/city-hall\/human-resources\/risk-management\/insurance\/"]}]},{"@type":"BreadcrumbList","@id":"https:\/\/www.miamibeachfl.gov\/city-hall\/human-resources\/risk-management\/insurance\/#breadcrumb","itemListElement":[{"@type":"ListItem","position":1,"name":"Home","item":"https:\/\/www.miamibeachfl.gov\/"},{"@type":"ListItem","position":2,"name":"City Hall","item":"https:\/\/www.miamibeachfl.gov\/city-hall\/"},{"@type":"ListItem","position":3,"name":"Human Resources","item":"https:\/\/www.miamibeachfl.gov\/city-hall\/human-resources\/"},{"@type":"ListItem","position":4,"name":"Risk Management","item":"https:\/\/www.miamibeachfl.gov\/city-hall\/human-resources\/risk-management\/"},{"@type":"ListItem","position":5,"name":"Insurance"}]},{"@type":"WebSite","@id":"https:\/\/www.miamibeachfl.gov\/#website","url":"https:\/\/www.miamibeachfl.gov\/","name":"Vil Miami Beach","description":"Sitw\u00e8b ofisy\u00e8l Vil Miami Beach la. Rete enf\u00f2me, jwenn enf\u00f2masyon enp\u00f2tan sou s\u00e8vis vil la, nouv\u00e8l, al\u00e8t, ev\u00e8nman, wout tramway, travay gouv\u00e8nman an ak plis ank\u00f2.","publisher":{"@id":"https:\/\/www.miamibeachfl.gov\/#organization"},"potentialAction":[{"@type":"SearchAction","target":{"@type":"EntryPoint","urlTemplate":"https:\/\/www.miamibeachfl.gov\/?s={search_term_string}"},"query-input":{"@type":"PropertyValueSpecification","valueRequired":true,"valueName":"search_term_string"}}],"inLanguage":"ht"},{"@type":"Organization","@id":"https:\/\/www.miamibeachfl.gov\/#organization","name":"Vil Miami Beach","url":"https:\/\/www.miamibeachfl.gov\/","logo":{"@type":"ImageObject","inLanguage":"ht","@id":"https:\/\/www.miamibeachfl.gov\/#\/schema\/logo\/image\/","url":"https:\/\/www.miamibeachfl.gov\/wp-content\/uploads\/2022\/06\/miamibeach-logoblue.png","contentUrl":"https:\/\/www.miamibeachfl.gov\/wp-content\/uploads\/2022\/06\/miamibeach-logoblue.png","width":1962,"height":381,"caption":"City of Miami Beach"},"image":{"@id":"https:\/\/www.miamibeachfl.gov\/#\/schema\/logo\/image\/"},"sameAs":["https:\/\/www.facebook.com\/cityofmiamibeach","https:\/\/x.com\/Miamibeachnews","https:\/\/www.instagram.com\/miamibeachnews\/"],"description":"Sitw\u00e8b ofisy\u00e8l Vil Miami Beach la. Rete enf\u00f2me, jwenn enf\u00f2masyon enp\u00f2tan sou s\u00e8vis vil la, nouv\u00e8l, al\u00e8t, ev\u00e8nman, wout tramway, travay gouv\u00e8nman an ak plis ank\u00f2.","telephone":"305.604.CITY(2489)","legalName":"City of Miami Beach"}]}},"_links":{"self":[{"href":"https:\/\/www.miamibeachfl.gov\/ht\/wp-json\/wp\/v2\/pages\/38696","targetHints":{"allow":["GET"]}}],"collection":[{"href":"https:\/\/www.miamibeachfl.gov\/ht\/wp-json\/wp\/v2\/pages"}],"about":[{"href":"https:\/\/www.miamibeachfl.gov\/ht\/wp-json\/wp\/v2\/types\/page"}],"author":[{"embeddable":true,"href":"https:\/\/www.miamibeachfl.gov\/ht\/wp-json\/wp\/v2\/users\/222"}],"replies":[{"embeddable":true,"href":"https:\/\/www.miamibeachfl.gov\/ht\/wp-json\/wp\/v2\/comments?post=38696"}],"version-history":[{"count":1,"href":"https:\/\/www.miamibeachfl.gov\/ht\/wp-json\/wp\/v2\/pages\/38696\/revisions"}],"predecessor-version":[{"id":396945,"href":"https:\/\/www.miamibeachfl.gov\/ht\/wp-json\/wp\/v2\/pages\/38696\/revisions\/396945"}],"up":[{"embeddable":true,"href":"https:\/\/www.miamibeachfl.gov\/ht\/wp-json\/wp\/v2\/pages\/38693"}],"wp:attachment":[{"href":"https:\/\/www.miamibeachfl.gov\/ht\/wp-json\/wp\/v2\/media?parent=38696"}],"wp:term":[{"taxonomy":"category","embeddable":true,"href":"https:\/\/www.miamibeachfl.gov\/ht\/wp-json\/wp\/v2\/categories?post=38696"},{"taxonomy":"post_tag","embeddable":true,"href":"https:\/\/www.miamibeachfl.gov\/ht\/wp-json\/wp\/v2\/tags?post=38696"}],"curies":[{"name":"wp","href":"https:\/\/api.w.org\/{rel}","templated":true}]}}