{"id":38730,"date":"2017-10-20T14:54:13","date_gmt":"2017-10-20T18:54:13","guid":{"rendered":"http:\/\/www.miamibeachfl.gov\/city-hall\/public-works\/elevator-division\/elevator-permit\/"},"modified":"2026-03-03T09:54:40","modified_gmt":"2026-03-03T14:54:40","slug":"elevator-permit","status":"publish","type":"page","link":"https:\/\/www.miamibeachfl.gov\/ht\/city-hall\/public-works\/elevator-division\/elevator-permit\/","title":{"rendered":"P\u00e8mi Asans\u00e8"},"content":{"rendered":"<img decoding=\"async\" src=\"https:\/\/www.miamibeachfl.gov\/wp-content\/uploads\/2022\/07\/hero-small.jpg\" alt=\"ocean drive art deco buildings\" itemprop=\"image\" height=\"211\" width=\"2395\" title=\"ewo-piti\" onerror=\"this.style.display='none'\" loading=\"lazy\" \/>\n<h1>\n\t\t\tP\u00e8mi Asans\u00e8\t<\/h1>\n\t<nav id=\"breadcrumbs\" aria-label=\"Pen griye\"><a href=\"https:\/\/www.miamibeachfl.gov\/ht\/\">Lakay<\/a> &gt; <a href=\"https:\/\/www.miamibeachfl.gov\/ht\/city-hall\/\">Lakou Vil la<\/a> &gt; <a href=\"https:\/\/www.miamibeachfl.gov\/ht\/city-hall\/public-works\/\">Travay Piblik<\/a> &gt; <a href=\"https:\/\/www.miamibeachfl.gov\/ht\/city-hall\/public-works\/elevator-division\/\">Divizyon Asans\u00e8<\/a> &gt; <strong>P\u00e8mi Asans\u00e8<\/strong><\/nav>\n\t<p>Lalwa Florid egzije pou chak konpayi asans\u00e8 ki anrejistre gen yon p\u00e8mi ki soti nan Divizyon Sekirite Asans\u00e8 Travay Piblik Vil Miami Beach anvan yo enstale, modifye oswa deplase nenp\u00f2t kalite mwayen transp\u00f2. Konpayi Asans\u00e8 ki anrejistre nan Divizyon Sekirite Asans\u00e8 Travay Piblik Vil Miami Beach ka aplike pou p\u00e8mi. Yo pa bay pwopriyet\u00e8 oswa operat\u00e8 mwayen transp\u00f2 v\u00e8tikal p\u00e8mi. Lalwa Florid egzije pou tout mwayen transp\u00f2 v\u00e8tikal ki disponib pou itilizasyon piblik, tankou asans\u00e8, eskalat\u00e8, twotwa mobil, monte-plat, asans\u00e8 matery\u00e8l ak asans\u00e8 ch\u00e8z, gen yon S\u00e8tifika Operasyon ki soti nan Divizyon Sekirite Asans\u00e8 Travay Piblik Vil Miami Beach anvan yo k\u00f2manse operasyon. Anvan Divizyon Sekirite Asans\u00e8 a ka bay yon p\u00e8mi pou enstale, modifye oswa deplase, konpayi asans\u00e8 ki anrejistre a dwe soum\u00e8t bagay sa yo:<\/p>\n<ul>\n<li>Konpayi asans\u00e8 a revize plan konstriksyon yo pou konf\u00f2mite av\u00e8k <a href=\"https:\/\/www.flsenate.gov\/Laws\/Statutes\/2018\/Chapter399\/All\"><strong>Chapit 399<\/strong><\/a>, Estati Florid ak <a href=\"https:\/\/codes.iccsafe.org\/public\/document\/FBC2017\/chapter-30-elevators-and-conveying-systems\"><strong>Chapit 30<\/strong><\/a>, K\u00f2d Konstriksyon Florid, ki gen ladan estanda BFPA ak NEC ki aplikab yo<\/li>\n<li>Desen atelye asans\u00e8 siyen pa yon enjeny\u00e8 pwofesyon\u00e8l oswa yon achit\u00e8k responsab<\/li>\n<li><strong><a href=\"\/wp-content\/uploads\/2025\/06\/ELEVATOR-PERMIT-APPLICATION-REV-2025.pdf\">Aplikasyon pou P\u00e8mi Asans\u00e8 <\/a><\/strong> \u2013 yon aplikasyon apa neses\u00e8 pou <strong>chak <\/strong>transp\u00f2<\/li>\n<li><strong><a href=\"\/wp-content\/uploads\/2025\/06\/AFFIDAVIT-OF-ELEVATOR-PLAN-CODE-COMPLIANCE-REV-07-2024.pdf\">Afidavit Konf\u00f2mite K\u00f2d Plan Asans\u00e8 rev2<\/a><\/strong>\u2013 siyen pa yon ajan kalifye ki anplwaye pa konpayi asans\u00e8 a k ap aplike pou p\u00e8mi an<\/li>\n<li><strong><a href=\"http:\/\/www.miamibeachfl.gov\/wp-content\/uploads\/2018\/06\/Notice-of-Commencement.pdf\">Avi K\u00f2mansman<\/a><\/strong>\u00a0\u2013 (pou amelyorasyon ki pi gran pase $2,500.00).<\/li>\n<\/ul>\n<p><strong><a href=\"\/wp-content\/uploads\/2025\/06\/ELEVATOR-FEE-SCHEDULE-REV-2025.pdf\">Nouvo Fr\u00e8 Asans\u00e8<\/a> <\/strong>\u2013 y ap aplike sipliman leta ak lokal sou p\u00e8mi yo selon kantite aterisaj ak mwayen transp\u00f2.<\/p>\n<h2><strong>P\u00e8mi poukont yo<\/strong><\/h2>\n<p>Divizyon Sekirite Asans\u00e8 Travay Piblik la bezwen atik sa yo pou p\u00e8mi endepandan pou gwo modifikasyon nan mwayen transp\u00f2 ki deja egziste a:<\/p>\n<ul>\n<li><a href=\"\/wp-content\/uploads\/2025\/06\/ELEVATOR-PERMIT-APPLICATION-REV-2025.pdf\"><strong>Aplikasyon pou P\u00e8mi<\/strong><\/a> \u2013 Te gen ladan yon deskripsyon espesifik sou dimansyon travay ki dwe f\u00e8t la<\/li>\n<li><strong>Desen Asans\u00e8<\/strong> -Dokiman sa yo dwe transm\u00e8t elektwonikman epi siyen epi sele dijitalman dapre Chapit 471.025 FS ak R\u00e8g 61G15-23.004 FAC la. S\u00e8vi ak ajans ou f\u00e8 konfyans tankou Docusign, IdenTrust, GlobalSign, DigiCert, Entrust Datacard oubyen ekivalan.<\/li>\n<li><strong>Kontra<\/strong> \u2013 Kopi kontra ant pwopriyet\u00e8 a ak kontrakt\u00e8 a av\u00e8k deskripsyon konpl\u00e8 travay la<\/li>\n<li><strong>Monte-asans\u00e8<\/strong> \u2013 Nenp\u00f2t modifikasyon nan kay leve asans\u00e8 a dwe mande yon <strong><a href=\"\/wp-content\/uploads\/2025\/06\/ELEVATOR-PERMIT-APPLICATION-REV-2025.pdf\">Aplikasyon pou P\u00e8mi<\/a><\/strong>\u00a0epi yon Antrepren\u00e8 Jeneral ki gen lisans (GC) dwe soum\u00e8t li.<\/li>\n<li><strong>Plan Asans\u00e8 <\/strong>\u2013 Bay dimansyon travay la epi endike atik ki dwe ranplase oswa kons\u00e8ve yo.<\/li>\n<li><strong>Plan elektrik yo <\/strong>\u2013 Si sa aplikab pou dimansyon travay la<\/li>\n<li><strong>Plan Plonbri<\/strong> \u2013 Si sa aplikab pou dimansyon travay la<\/li>\n<li><strong>Plan pou dife<\/strong> \u2013 Si sa aplikab pou dimansyon travay la<\/li>\n<li><strong>Plan Estriktir\u00e8l ak Konstriksyon <\/strong>\u2013 Si sa aplikab pou dimansyon travay la<\/li>\n<li><strong><\/strong><strong><\/strong><strong>Revizyon Plan yo \u2013 <\/strong>Depatman Revizyon Devlopman Vil Miami Beach la (ki gen ladan Depatman Konstriksyon, Depatman Prevansyon Dife, Depatman Planifikasyon ak Zonaj, ak Depatman Travay Piblik) f\u00e8 ef\u00f2 pou yon <strong>Tan repons pou tout revizyon plan depo yo se 30 jou.<\/strong>Pery\u00f2d revizyon yo ap varye selon kantite travay Vil la genyen.<\/li>\n<\/ul>\n<p>Ou dwe soum\u00e8t aplikasyon p\u00e8mi an konpl\u00e8, tout dokiman ki neses\u00e8 yo, ak fr\u00e8 ki apwopriye a an p\u00e8s\u00f2n bay Divizyon Sekirite Asans\u00e8 Travay Piblik ki sitiye nan:<\/p>\nVil Miami Beach<br \/>\nDivizyon Sekirite Asans\u00e8 Travay Piblik<br \/>\n1700 Sant Konvansyon Drive 1<sup>st<\/sup> Etaj<br \/>\nMiami Beach, Florid 33139<br \/>\n305.673.7225 Ale nan\u2026\t\t\t\n\t\t\t\t\t<ul id=\"menu-public-works-elevator\"><li id=\"menu-item-364284\"><a href=\"\/ht\/city-hall\/public-works\/elevator-division\/elevator-faqs\/\">Kesyon yo poze souvan sou asans\u00e8<\/a><\/li>\n<li id=\"menu-item-364285\"><a href=\"\/ht\/city-hall\/public-works\/elevator-division\/elevator-forms\/\">F\u00f2m Asans\u00e8<\/a><\/li>\n<li id=\"menu-item-364286\"><a href=\"\/ht\/city-hall\/public-works\/elevator-division\/elevator-permit\/\">P\u00e8mi Asans\u00e8<\/a><\/li>\n<li id=\"menu-item-364288\"><a href=\"\/ht\/city-hall\/public-works\/elevator-division\/elevator-status-fees\/\">Fr\u00e8 pou Eta Asans\u00e8<\/a><\/li>\n<li id=\"menu-item-364289\"><a href=\"\/ht\/city-hall\/public-works\/elevator-division\/regulations-requirements\/\">R\u00e8gleman ak Egzijans<\/a><\/li>\n<li id=\"menu-item-364290\"><a href=\"\/ht\/city-hall\/public-works\/elevator-division\/prescriptive-based-process\/\">Rap\u00f2 sou Aksidan Asans\u00e8<\/a><\/li>\n<li id=\"menu-item-364291\"><a href=\"\/ht\/city-hall\/public-works\/elevator-division\/requesting-an-inspection\/\">Mande yon Enspeksyon<\/a><\/li>\n<\/ul>\t\n\t<div class=\"page-navigation\"><a class=\"prev-page\" href=\"https:\/\/www.miamibeachfl.gov\/ht\/city-hall\/human-resources\/risk-management\/\">\u2190 Jesyon Risk<\/a> <a class=\"next-page\" href=\"https:\/\/www.miamibeachfl.gov\/ht\/city-hall\/public-works\/elevator-division\/elevator-status-fees\/\">Fr\u00e8 pou Eta Asans\u00e8 a \u2192<\/a><\/div>","protected":false},"excerpt":{"rendered":"<p>Elevator Permit Home &gt; City Hall &gt; Public Works &gt; Elevator Division &gt; Elevator Permit Florida law requires every registered [&hellip;]<\/p>\n","protected":false},"author":222,"featured_media":0,"parent":28943,"menu_order":0,"comment_status":"closed","ping_status":"closed","template":"","meta":{"_searchwp_excluded":"","site-sidebar-layout":"default","site-content-layout":"","ast-site-content-layout":"default","site-content-style":"default","site-sidebar-style":"default","ast-global-header-display":"","ast-banner-title-visibility":"","ast-main-header-display":"","ast-hfb-above-header-display":"","ast-hfb-below-header-display":"","ast-hfb-mobile-header-display":"","site-post-title":"","ast-breadcrumbs-content":"","ast-featured-img":"","footer-sml-layout":"","theme-transparent-header-meta":"","adv-header-id-meta":"","stick-header-meta":"","header-above-stick-meta":"","header-main-stick-meta":"","header-below-stick-meta":"","astra-migrate-meta-layouts":"default","ast-page-background-enabled":"default","ast-page-background-meta":{"desktop":{"background-color":"var(--ast-global-color-5)","background-image":"","background-repeat":"repeat","background-position":"center center","background-size":"auto","background-attachment":"scroll","background-type":"","background-media":"","overlay-type":"","overlay-color":"","overlay-opacity":"","overlay-gradient":""},"tablet":{"background-color":"","background-image":"","background-repeat":"repeat","background-position":"center center","background-size":"auto","background-attachment":"scroll","background-type":"","background-media":"","overlay-type":"","overlay-color":"","overlay-opacity":"","overlay-gradient":""},"mobile":{"background-color":"","background-image":"","background-repeat":"repeat","background-position":"center center","background-size":"auto","background-attachment":"scroll","background-type":"","background-media":"","overlay-type":"","overlay-color":"","overlay-opacity":"","overlay-gradient":""}},"ast-content-background-meta":{"desktop":{"background-color":"var(--ast-global-color-4)","background-image":"","background-repeat":"repeat","background-position":"center center","background-size":"auto","background-attachment":"scroll","background-type":"","background-media":"","overlay-type":"","overlay-color":"","overlay-opacity":"","overlay-gradient":""},"tablet":{"background-color":"var(--ast-global-color-4)","background-image":"","background-repeat":"repeat","background-position":"center center","background-size":"auto","background-attachment":"scroll","background-type":"","background-media":"","overlay-type":"","overlay-color":"","overlay-opacity":"","overlay-gradient":""},"mobile":{"background-color":"var(--ast-global-color-4)","background-image":"","background-repeat":"repeat","background-position":"center center","background-size":"auto","background-attachment":"scroll","background-type":"","background-media":"","overlay-type":"","overlay-color":"","overlay-opacity":"","overlay-gradient":""}},"footnotes":""},"categories":[],"tags":[1018,1033],"class_list":["post-38730","page","type-page","status-publish","hentry","tag-permitting-public-works","tag-public-works-top-visited"],"yoast_head":"<!-- This site is optimized with the Yoast SEO Premium plugin v27.4 (Yoast SEO v27.4) - https:\/\/yoast.com\/product\/yoast-seo-premium-wordpress\/ -->\n<title>Elevator Permit - City of Miami Beach<\/title>\n<meta name=\"description\" content=\"%\" \/>\n<meta name=\"robots\" content=\"index, follow, max-snippet:-1, max-image-preview:large, max-video-preview:-1\" \/>\n<link rel=\"canonical\" href=\"https:\/\/www.miamibeachfl.gov\/ht\/city-hall\/public-works\/elevator-division\/elevator-permit\/\" \/>\n<meta property=\"og:locale\" content=\"ht_HT\" \/>\n<meta property=\"og:type\" content=\"article\" \/>\n<meta property=\"og:title\" content=\"Elevator Permit\" \/>\n<meta property=\"og:description\" content=\"%\" \/>\n<meta property=\"og:url\" content=\"https:\/\/www.miamibeachfl.gov\/ht\/city-hall\/public-works\/elevator-division\/elevator-permit\/\" \/>\n<meta property=\"og:site_name\" content=\"City of Miami Beach\" \/>\n<meta property=\"article:publisher\" content=\"https:\/\/www.facebook.com\/cityofmiamibeach\" \/>\n<meta property=\"article:modified_time\" content=\"2026-03-03T14:54:40+00:00\" \/>\n<meta property=\"og:image\" content=\"https:\/\/www.miamibeachfl.gov\/wp-content\/uploads\/2022\/07\/hero-small.jpg\" \/>\n<meta name=\"twitter:card\" content=\"summary_large_image\" \/>\n<meta name=\"twitter:site\" content=\"@Miamibeachnews\" \/>\n<script type=\"application\/ld+json\" class=\"yoast-schema-graph\">{\"@context\":\"https:\\\/\\\/schema.org\",\"@graph\":[{\"@type\":\"WebPage\",\"@id\":\"https:\\\/\\\/www.miamibeachfl.gov\\\/city-hall\\\/public-works\\\/elevator-division\\\/elevator-permit\\\/\",\"url\":\"https:\\\/\\\/www.miamibeachfl.gov\\\/city-hall\\\/public-works\\\/elevator-division\\\/elevator-permit\\\/\",\"name\":\"Elevator Permit - City of Miami Beach\",\"isPartOf\":{\"@id\":\"https:\\\/\\\/www.miamibeachfl.gov\\\/#website\"},\"primaryImageOfPage\":{\"@id\":\"https:\\\/\\\/www.miamibeachfl.gov\\\/city-hall\\\/public-works\\\/elevator-division\\\/elevator-permit\\\/#primaryimage\"},\"image\":{\"@id\":\"https:\\\/\\\/www.miamibeachfl.gov\\\/city-hall\\\/public-works\\\/elevator-division\\\/elevator-permit\\\/#primaryimage\"},\"thumbnailUrl\":\"https:\\\/\\\/www.miamibeachfl.gov\\\/wp-content\\\/uploads\\\/2022\\\/07\\\/hero-small.jpg\",\"datePublished\":\"2017-10-20T18:54:13+00:00\",\"dateModified\":\"2026-03-03T14:54:40+00:00\",\"description\":\"%\",\"breadcrumb\":{\"@id\":\"https:\\\/\\\/www.miamibeachfl.gov\\\/city-hall\\\/public-works\\\/elevator-division\\\/elevator-permit\\\/#breadcrumb\"},\"inLanguage\":\"ht\",\"potentialAction\":[{\"@type\":\"ReadAction\",\"target\":[\"https:\\\/\\\/www.miamibeachfl.gov\\\/city-hall\\\/public-works\\\/elevator-division\\\/elevator-permit\\\/\"]}]},{\"@type\":\"ImageObject\",\"inLanguage\":\"ht\",\"@id\":\"https:\\\/\\\/www.miamibeachfl.gov\\\/city-hall\\\/public-works\\\/elevator-division\\\/elevator-permit\\\/#primaryimage\",\"url\":\"https:\\\/\\\/www.miamibeachfl.gov\\\/wp-content\\\/uploads\\\/2022\\\/07\\\/hero-small.jpg\",\"contentUrl\":\"https:\\\/\\\/www.miamibeachfl.gov\\\/wp-content\\\/uploads\\\/2022\\\/07\\\/hero-small.jpg\"},{\"@type\":\"BreadcrumbList\",\"@id\":\"https:\\\/\\\/www.miamibeachfl.gov\\\/city-hall\\\/public-works\\\/elevator-division\\\/elevator-permit\\\/#breadcrumb\",\"itemListElement\":[{\"@type\":\"ListItem\",\"position\":1,\"name\":\"Home\",\"item\":\"https:\\\/\\\/www.miamibeachfl.gov\\\/\"},{\"@type\":\"ListItem\",\"position\":2,\"name\":\"City Hall\",\"item\":\"https:\\\/\\\/www.miamibeachfl.gov\\\/city-hall\\\/\"},{\"@type\":\"ListItem\",\"position\":3,\"name\":\"Public Works\",\"item\":\"https:\\\/\\\/www.miamibeachfl.gov\\\/city-hall\\\/public-works\\\/\"},{\"@type\":\"ListItem\",\"position\":4,\"name\":\"Elevator Division\",\"item\":\"https:\\\/\\\/www.miamibeachfl.gov\\\/city-hall\\\/public-works\\\/elevator-division\\\/\"},{\"@type\":\"ListItem\",\"position\":5,\"name\":\"Elevator Permit\"}]},{\"@type\":\"WebSite\",\"@id\":\"https:\\\/\\\/www.miamibeachfl.gov\\\/#website\",\"url\":\"https:\\\/\\\/www.miamibeachfl.gov\\\/\",\"name\":\"City of Miami Beach\",\"description\":\"The official website of the City of Miami Beach. Stay informed, find important information on city services, news, alerts, events, trolley routes, government employment and more.\",\"publisher\":{\"@id\":\"https:\\\/\\\/www.miamibeachfl.gov\\\/#organization\"},\"potentialAction\":[{\"@type\":\"SearchAction\",\"target\":{\"@type\":\"EntryPoint\",\"urlTemplate\":\"https:\\\/\\\/www.miamibeachfl.gov\\\/?s={search_term_string}\"},\"query-input\":{\"@type\":\"PropertyValueSpecification\",\"valueRequired\":true,\"valueName\":\"search_term_string\"}}],\"inLanguage\":\"ht\"},{\"@type\":\"Organization\",\"@id\":\"https:\\\/\\\/www.miamibeachfl.gov\\\/#organization\",\"name\":\"City of Miami Beach\",\"url\":\"https:\\\/\\\/www.miamibeachfl.gov\\\/\",\"logo\":{\"@type\":\"ImageObject\",\"inLanguage\":\"ht\",\"@id\":\"https:\\\/\\\/www.miamibeachfl.gov\\\/#\\\/schema\\\/logo\\\/image\\\/\",\"url\":\"https:\\\/\\\/www.miamibeachfl.gov\\\/wp-content\\\/uploads\\\/2022\\\/06\\\/miamibeach-logoblue.png\",\"contentUrl\":\"https:\\\/\\\/www.miamibeachfl.gov\\\/wp-content\\\/uploads\\\/2022\\\/06\\\/miamibeach-logoblue.png\",\"width\":1962,\"height\":381,\"caption\":\"City of Miami Beach\"},\"image\":{\"@id\":\"https:\\\/\\\/www.miamibeachfl.gov\\\/#\\\/schema\\\/logo\\\/image\\\/\"},\"sameAs\":[\"https:\\\/\\\/www.facebook.com\\\/cityofmiamibeach\",\"https:\\\/\\\/x.com\\\/Miamibeachnews\",\"https:\\\/\\\/www.instagram.com\\\/miamibeachnews\\\/\"],\"description\":\"The official website of the City of Miami Beach. Stay informed, find important information on city services, news, alerts, events, trolley routes, government employment and more.\",\"telephone\":\"305.604.CITY(2489)\",\"legalName\":\"City of Miami Beach\"}]}<\/script>\n<!-- \/ Yoast SEO Premium plugin. -->","yoast_head_json":{"title":"P\u00e8mi Asans\u00e8 - Vil Miami Beach","description":"%","robots":{"index":"index","follow":"follow","max-snippet":"max-snippet:-1","max-image-preview":"max-image-preview:large","max-video-preview":"max-video-preview:-1"},"canonical":"https:\/\/www.miamibeachfl.gov\/ht\/city-hall\/public-works\/elevator-division\/elevator-permit\/","og_locale":"ht_HT","og_type":"article","og_title":"Elevator Permit","og_description":"%","og_url":"https:\/\/www.miamibeachfl.gov\/ht\/city-hall\/public-works\/elevator-division\/elevator-permit\/","og_site_name":"City of Miami Beach","article_publisher":"https:\/\/www.facebook.com\/cityofmiamibeach","article_modified_time":"2026-03-03T14:54:40+00:00","og_image":[{"url":"https:\/\/www.miamibeachfl.gov\/wp-content\/uploads\/2022\/07\/hero-small.jpg","type":"","width":"","height":""}],"twitter_card":"summary_large_image","twitter_site":"@Miamibeachnews","schema":{"@context":"https:\/\/schema.org","@graph":[{"@type":"WebPage","@id":"https:\/\/www.miamibeachfl.gov\/city-hall\/public-works\/elevator-division\/elevator-permit\/","url":"https:\/\/www.miamibeachfl.gov\/city-hall\/public-works\/elevator-division\/elevator-permit\/","name":"P\u00e8mi Asans\u00e8 - Vil Miami Beach","isPartOf":{"@id":"https:\/\/www.miamibeachfl.gov\/#website"},"primaryImageOfPage":{"@id":"https:\/\/www.miamibeachfl.gov\/city-hall\/public-works\/elevator-division\/elevator-permit\/#primaryimage"},"image":{"@id":"https:\/\/www.miamibeachfl.gov\/city-hall\/public-works\/elevator-division\/elevator-permit\/#primaryimage"},"thumbnailUrl":"https:\/\/www.miamibeachfl.gov\/wp-content\/uploads\/2022\/07\/hero-small.jpg","datePublished":"2017-10-20T18:54:13+00:00","dateModified":"2026-03-03T14:54:40+00:00","description":"%","breadcrumb":{"@id":"https:\/\/www.miamibeachfl.gov\/city-hall\/public-works\/elevator-division\/elevator-permit\/#breadcrumb"},"inLanguage":"ht","potentialAction":[{"@type":"ReadAction","target":["https:\/\/www.miamibeachfl.gov\/city-hall\/public-works\/elevator-division\/elevator-permit\/"]}]},{"@type":"ImageObject","inLanguage":"ht","@id":"https:\/\/www.miamibeachfl.gov\/city-hall\/public-works\/elevator-division\/elevator-permit\/#primaryimage","url":"https:\/\/www.miamibeachfl.gov\/wp-content\/uploads\/2022\/07\/hero-small.jpg","contentUrl":"https:\/\/www.miamibeachfl.gov\/wp-content\/uploads\/2022\/07\/hero-small.jpg"},{"@type":"BreadcrumbList","@id":"https:\/\/www.miamibeachfl.gov\/city-hall\/public-works\/elevator-division\/elevator-permit\/#breadcrumb","itemListElement":[{"@type":"ListItem","position":1,"name":"Home","item":"https:\/\/www.miamibeachfl.gov\/"},{"@type":"ListItem","position":2,"name":"City Hall","item":"https:\/\/www.miamibeachfl.gov\/city-hall\/"},{"@type":"ListItem","position":3,"name":"Public Works","item":"https:\/\/www.miamibeachfl.gov\/city-hall\/public-works\/"},{"@type":"ListItem","position":4,"name":"Elevator Division","item":"https:\/\/www.miamibeachfl.gov\/city-hall\/public-works\/elevator-division\/"},{"@type":"ListItem","position":5,"name":"Elevator Permit"}]},{"@type":"WebSite","@id":"https:\/\/www.miamibeachfl.gov\/#website","url":"https:\/\/www.miamibeachfl.gov\/","name":"Vil Miami Beach","description":"Sitw\u00e8b ofisy\u00e8l Vil Miami Beach la. Rete enf\u00f2me, jwenn enf\u00f2masyon enp\u00f2tan sou s\u00e8vis vil la, nouv\u00e8l, al\u00e8t, ev\u00e8nman, wout tramway, travay gouv\u00e8nman an ak plis ank\u00f2.","publisher":{"@id":"https:\/\/www.miamibeachfl.gov\/#organization"},"potentialAction":[{"@type":"SearchAction","target":{"@type":"EntryPoint","urlTemplate":"https:\/\/www.miamibeachfl.gov\/?s={search_term_string}"},"query-input":{"@type":"PropertyValueSpecification","valueRequired":true,"valueName":"search_term_string"}}],"inLanguage":"ht"},{"@type":"Organization","@id":"https:\/\/www.miamibeachfl.gov\/#organization","name":"Vil Miami Beach","url":"https:\/\/www.miamibeachfl.gov\/","logo":{"@type":"ImageObject","inLanguage":"ht","@id":"https:\/\/www.miamibeachfl.gov\/#\/schema\/logo\/image\/","url":"https:\/\/www.miamibeachfl.gov\/wp-content\/uploads\/2022\/06\/miamibeach-logoblue.png","contentUrl":"https:\/\/www.miamibeachfl.gov\/wp-content\/uploads\/2022\/06\/miamibeach-logoblue.png","width":1962,"height":381,"caption":"City of Miami Beach"},"image":{"@id":"https:\/\/www.miamibeachfl.gov\/#\/schema\/logo\/image\/"},"sameAs":["https:\/\/www.facebook.com\/cityofmiamibeach","https:\/\/x.com\/Miamibeachnews","https:\/\/www.instagram.com\/miamibeachnews\/"],"description":"Sitw\u00e8b ofisy\u00e8l Vil Miami Beach la. Rete enf\u00f2me, jwenn enf\u00f2masyon enp\u00f2tan sou s\u00e8vis vil la, nouv\u00e8l, al\u00e8t, ev\u00e8nman, wout tramway, travay gouv\u00e8nman an ak plis ank\u00f2.","telephone":"305.604.CITY(2489)","legalName":"City of Miami Beach"}]}},"_links":{"self":[{"href":"https:\/\/www.miamibeachfl.gov\/ht\/wp-json\/wp\/v2\/pages\/38730","targetHints":{"allow":["GET"]}}],"collection":[{"href":"https:\/\/www.miamibeachfl.gov\/ht\/wp-json\/wp\/v2\/pages"}],"about":[{"href":"https:\/\/www.miamibeachfl.gov\/ht\/wp-json\/wp\/v2\/types\/page"}],"author":[{"embeddable":true,"href":"https:\/\/www.miamibeachfl.gov\/ht\/wp-json\/wp\/v2\/users\/222"}],"replies":[{"embeddable":true,"href":"https:\/\/www.miamibeachfl.gov\/ht\/wp-json\/wp\/v2\/comments?post=38730"}],"version-history":[{"count":5,"href":"https:\/\/www.miamibeachfl.gov\/ht\/wp-json\/wp\/v2\/pages\/38730\/revisions"}],"predecessor-version":[{"id":397017,"href":"https:\/\/www.miamibeachfl.gov\/ht\/wp-json\/wp\/v2\/pages\/38730\/revisions\/397017"}],"up":[{"embeddable":true,"href":"https:\/\/www.miamibeachfl.gov\/ht\/wp-json\/wp\/v2\/pages\/28943"}],"wp:attachment":[{"href":"https:\/\/www.miamibeachfl.gov\/ht\/wp-json\/wp\/v2\/media?parent=38730"}],"wp:term":[{"taxonomy":"category","embeddable":true,"href":"https:\/\/www.miamibeachfl.gov\/ht\/wp-json\/wp\/v2\/categories?post=38730"},{"taxonomy":"post_tag","embeddable":true,"href":"https:\/\/www.miamibeachfl.gov\/ht\/wp-json\/wp\/v2\/tags?post=38730"}],"curies":[{"name":"wp","href":"https:\/\/api.w.org\/{rel}","templated":true}]}}