{"id":38736,"date":"2017-10-20T15:07:14","date_gmt":"2017-10-20T19:07:14","guid":{"rendered":"http:\/\/www.miamibeachfl.gov\/city-hall\/public-works\/elevator-division\/elevator-faqs\/"},"modified":"2026-03-03T10:24:39","modified_gmt":"2026-03-03T15:24:39","slug":"elevator-faqs","status":"publish","type":"page","link":"https:\/\/www.miamibeachfl.gov\/ht\/city-hall\/public-works\/elevator-division\/elevator-faqs\/","title":{"rendered":"Kesyon yo poze souvan sou asans\u00e8"},"content":{"rendered":"<img decoding=\"async\" src=\"https:\/\/www.miamibeachfl.gov\/wp-content\/uploads\/2022\/07\/hero-small.jpg\" alt=\"ocean drive art deco buildings\" itemprop=\"image\" height=\"211\" width=\"2395\" title=\"ewo-piti\" onerror=\"this.style.display='none'\" loading=\"lazy\" \/>\n<h1>\n\t\t\tKesyon yo poze souvan sou asans\u00e8\t<\/h1>\n\t<nav id=\"breadcrumbs\" aria-label=\"Pen griye\"><a href=\"https:\/\/www.miamibeachfl.gov\/ht\/\">Lakay<\/a> &gt; <a href=\"https:\/\/www.miamibeachfl.gov\/ht\/city-hall\/\">Lakou Vil la<\/a> &gt; <a href=\"https:\/\/www.miamibeachfl.gov\/ht\/city-hall\/public-works\/\">Travay Piblik<\/a> &gt; <a href=\"https:\/\/www.miamibeachfl.gov\/ht\/city-hall\/public-works\/elevator-division\/\">Divizyon Asans\u00e8<\/a> &gt; <strong>Kesyon yo poze souvan sou asans\u00e8<\/strong><\/nav>\n\t<strong>Poukisa gen yon S\u00e8tifika Operasyon nan asans\u00e8 a?<br \/>\n<\/strong>S\u00e8tifika Operasyon an se yon lisans ki p\u00e8m\u00e8t ou opere apar\u00e8y elevasyon ou an. Yo bay li apre apar\u00e8y ou an fin pase yon enspeksyon sekirite.<strong>Ki diferans ki genyen ant yon S\u00e8tifika Operasyon Asans\u00e8 ak yon P\u00e8mi Asans\u00e8?<br \/>\n<\/strong>Yon p\u00e8mi neses\u00e8 pou enstale yon nouvo apar\u00e8y asans\u00e8 oswa pou reparasyon ak\/oswa chanjman nan yon apar\u00e8y ki deja egziste. Yon S\u00e8tifika Operasyon se yon lisans pou opere apar\u00e8y la. Se s\u00e8lman yon kontrakt\u00e8 asans\u00e8 ki gen lisans ki ka aplike pou yon p\u00e8mi.<strong>Kil\u00e8 S\u00e8tifika Operasyon an ekspire?<br \/>\n<\/strong>Dat ekspirasyon ki sou s\u00e8tifika a ap soti nan d\u00e8nye enspeksyon ak t\u00e8s ki te f\u00e8t la epi l ap rete menm dat la chak ane. Gade <a href=\"http:\/\/www.miamibeachfl.gov\/wp-content\/uploads\/2018\/06\/MIAMI-BEACH-ELEVATOR-CERTIFICATE-OF-OPERATION-NEW-POLICY-AND-PROCEDURE.pdf\">S\u00e8tifika Operasyon Asans\u00e8 Miami Beach Nouvo R\u00e8gleman ak Pwosedi\u00a0<\/a>\u00a0f\u00f2m pou plis enf\u00f2masyon.\n<p><strong>\u00c8ske gen yon peman ki neses\u00e8 pou resevwa S\u00e8tifika Operasyon an?<\/strong><\/p>\n<p>Wi, yo mande yon peman chak ane pou chak inite. N ap voye yon fakti ba ou ak yon f\u00f2m renouv\u00e8lman chak ane. Tanpri mete f\u00f2m renouv\u00e8lman an (ki gen ladan nenp\u00f2t chanjman nan pwopriyet\u00e8, jesyon oswa Konpayi Antretyen) ak peman ou epi voye l ban nou pa lap\u00f2s.<\/p>\n\u200b\u200b\u200b<strong>\u200b<\/strong><strong>E si S\u00e8tifika Operasyon an ekspire?<br \/>\n<\/strong>Sa a se yon vyolasyon. Imedyatman <strong>kontakte nou<\/strong> pou w konnen kijan pou w resevwa yon s\u00e8tifika ki ajou. Si w pa f\u00e8 sa, sa ap lak\u00f2z ou peye fr\u00e8 reta epi ou ka peye amann.<strong>\u200b<\/strong><strong>Ki apar\u00e8y elevasyon ki bezwen yon S\u00e8tifika Operasyon?<br \/>\n<\/strong>Tout asans\u00e8 kom\u00e8syal, asans\u00e8 pou ch\u00e8z woulant\/eskalye, eskalat\u00e8, mache mobil, monte-plat ak apar\u00e8y aks\u00e8 limite (LULA) nan Vil Miami Beach bezwen yon S\u00e8tifika Operasyon.<strong>\u200b<\/strong><strong>\u00c8ske apar\u00e8y elevasyon yo bezwen yon enspeksyon any\u00e8l?<br \/>\n<\/strong>Wi, apar\u00e8y elevasyon yo dwe sibi t\u00e8s chak ane pou konf\u00f2mite sekirite. Se responsablite w pou w anboche yon konpayi antretyen asans\u00e8 ki gen lisans pou f\u00e8 t\u00e8s sa yo nan yon ane apre d\u00e8nye enspeksyon w lan. Tout apar\u00e8y elevasyon yo dwe pase yon enspeksyon any\u00e8l, epi nenp\u00f2t vyolasyon dwe korije, anvan yo bay yon S\u00e8tifika Operasyon.<strong>\u200b<\/strong><strong>Kisa k ap pase si yo pa f\u00e8 enspeksyon any\u00e8l la?<br \/>\n<\/strong>Si ou pa f\u00e8 enspekte apar\u00e8y ou an, ou ka resevwa penalite ak amann epi, si sa neses\u00e8, yo ka f\u00e8men l.<strong>\u200b<\/strong><strong>Kisa k ap pase si yo jwenn vyolasyon pandan yon enspeksyon any\u00e8l?<br \/>\n<\/strong>Tout vyolasyon yo note nan rap\u00f2 enspeksyon an. Ou dwe korije tout vyolasyon yo epi pou yo f\u00e8 w enspeksyon ank\u00f2 nan lespas <strong>90 jou<\/strong> enspeksyon an. Ou dwe korije tout vyolasyon yo anvan yo ba ou yon S\u00e8tifika Operasyon akty\u00e8l.<strong>\u200b<\/strong><strong>E si vyolasyon yo pa korije nan 90 jou oswa ditou?<br \/>\n<\/strong>Si ou pa konf\u00f2me ou av\u00e8k r\u00e8gleman yo nan 90 jou, ou ka sibi penalite ak amann epi, si sa neses\u00e8, yo ka f\u00e8men apar\u00e8y ou an.<strong>Ki moun ki responsab pou korije vyolasyon yo?<br \/>\n<\/strong>Ou responsab pou korije tout vyolasyon yo; sepandan, kontra antretyen asans\u00e8 w la ka kouvri reparasyon k\u00e8k oswa tout vyolasyon yo. Ou ta dwe kontakte konpayi asans\u00e8 w la pou w det\u00e8mine ki moun ki responsab la: ou menm, konpayi asans\u00e8 a oswa toulede.<strong>\u200b<\/strong><strong>Kisa k ap pase apre yo fin korije tout vyolasyon yo?<br \/>\n<\/strong>Yon fwa tout vyolasyon yo korije, ou menm oswa responsab bilding ou an dwe siyen epi mete dat anba kopi j\u00f2n rap\u00f2 enspeksyon an pou garanti ke tout vyolasyon yo te korije epi retounen rap\u00f2 a ban nou nan 90 jou apre enspeksyon an. Si apar\u00e8y ou an gen yon S\u00e8tifika Operasyon ki ekspire, n ap ba ou yon nouvo s\u00e8tifika yon fwa fr\u00e8 renouv\u00e8lman an fin peye epi nenp\u00f2t l\u00f2t pwobl\u00e8m ki aplikab yo fin rezoud.<strong>\u200b<\/strong><strong>E si korije s\u00e8ten vyolasyon pran plis tan pase 90 jou?<br \/>\n<\/strong>Nou ka ede w ch\u00e8che yon <strong>Varyans Tanpor\u00e8<\/strong>, sa ki ka pwolonje tan ou pou konf\u00f2me ou plis pase 90 jou.<strong>\u200b<\/strong><strong>Ki sa ki yon Varyans?<br \/>\n<\/strong>Se yon p\u00e8misyon ofisy\u00e8l nou ba ou ki pwolonje pery\u00f2d 90 jou lalwa Florid la egzije a, kote ou ka f\u00e8 tout reparasyon ak koreksyon neses\u00e8 sou apar\u00e8y asans\u00e8 ou a.<strong>\u200b<\/strong><strong>\u00c8ske li neses\u00e8 pou kenbe tout enf\u00f2masyon kontak pwopriyet\u00e8 a ajou ak Seksyon Asans\u00e8 a?<br \/>\n<\/strong>Wi, se vre. Nou ta dwe kapab kontakte ou pou det\u00e8mine epi asire bon fonksy\u00f2nman apar\u00e8y ou an. Si ou pa kenbe enf\u00f2masyon ou yo ak enf\u00f2masyon konpayi antretyen asans\u00e8 a ajou, ou ka sibi amann administratif ak nenp\u00f2t l\u00f2t penalite lalwa prevwa. Tanpri, pa ezite voye kesyon ou kons\u00e8nan asans\u00e8 yo pa im\u00e8l nan adr\u00e8s sa a:<br \/>\nJoey Gan, Enspekt\u00e8 Asans\u00e8 Anch\u00e8f<br \/>\n<a href=\"mailto:Joeygan@miamibeachfl.gov\">Joeygan@miamibeachfl.gov<\/a>\n\t\tNavige pou ale nan\u2026\t\t\t\n\t\t\t\t\t<ul id=\"menu-public-works-elevator\"><li id=\"menu-item-364284\"><a href=\"\/ht\/city-hall\/public-works\/elevator-division\/elevator-faqs\/\">Kesyon yo poze souvan sou asans\u00e8<\/a><\/li>\n<li id=\"menu-item-364285\"><a href=\"\/ht\/city-hall\/public-works\/elevator-division\/elevator-forms\/\">F\u00f2m Asans\u00e8<\/a><\/li>\n<li id=\"menu-item-364286\"><a href=\"\/ht\/city-hall\/public-works\/elevator-division\/elevator-permit\/\">P\u00e8mi Asans\u00e8<\/a><\/li>\n<li id=\"menu-item-364288\"><a href=\"\/ht\/city-hall\/public-works\/elevator-division\/elevator-status-fees\/\">Fr\u00e8 pou Eta Asans\u00e8<\/a><\/li>\n<li id=\"menu-item-364289\"><a href=\"\/ht\/city-hall\/public-works\/elevator-division\/regulations-requirements\/\">R\u00e8gleman ak Egzijans<\/a><\/li>\n<li id=\"menu-item-364290\"><a href=\"\/ht\/city-hall\/public-works\/elevator-division\/prescriptive-based-process\/\">Rap\u00f2 sou Aksidan Asans\u00e8<\/a><\/li>\n<li id=\"menu-item-364291\"><a href=\"\/ht\/city-hall\/public-works\/elevator-division\/requesting-an-inspection\/\">Mande yon Enspeksyon<\/a><\/li>\n<\/ul>\t\n\t<div class=\"page-navigation\"><a class=\"prev-page\" href=\"https:\/\/www.miamibeachfl.gov\/ht\/city-hall\/public-works\/elevator-division\/elevator-status-fees\/\">\u2190 Fr\u00e8 pou Eta Asans\u00e8<\/a> <a class=\"next-page\" href=\"https:\/\/www.miamibeachfl.gov\/ht\/city-hall\/public-works\/elevator-division\/prescriptive-based-process\/\">Rap\u00f2 sou Aksidan Asans\u00e8 \u2192<\/a><\/div>","protected":false},"excerpt":{"rendered":"<p>Elevator FAQs Home &gt; City Hall &gt; Public Works &gt; Elevator Division &gt; Elevator FAQs Why is there a Certificate [&hellip;]<\/p>\n","protected":false},"author":222,"featured_media":0,"parent":28943,"menu_order":0,"comment_status":"closed","ping_status":"closed","template":"","meta":{"_searchwp_excluded":"","site-sidebar-layout":"default","site-content-layout":"","ast-site-content-layout":"default","site-content-style":"default","site-sidebar-style":"default","ast-global-header-display":"","ast-banner-title-visibility":"","ast-main-header-display":"","ast-hfb-above-header-display":"","ast-hfb-below-header-display":"","ast-hfb-mobile-header-display":"","site-post-title":"","ast-breadcrumbs-content":"","ast-featured-img":"","footer-sml-layout":"","theme-transparent-header-meta":"","adv-header-id-meta":"","stick-header-meta":"","header-above-stick-meta":"","header-main-stick-meta":"","header-below-stick-meta":"","astra-migrate-meta-layouts":"default","ast-page-background-enabled":"default","ast-page-background-meta":{"desktop":{"background-color":"var(--ast-global-color-5)","background-image":"","background-repeat":"repeat","background-position":"center center","background-size":"auto","background-attachment":"scroll","background-type":"","background-media":"","overlay-type":"","overlay-color":"","overlay-opacity":"","overlay-gradient":""},"tablet":{"background-color":"","background-image":"","background-repeat":"repeat","background-position":"center center","background-size":"auto","background-attachment":"scroll","background-type":"","background-media":"","overlay-type":"","overlay-color":"","overlay-opacity":"","overlay-gradient":""},"mobile":{"background-color":"","background-image":"","background-repeat":"repeat","background-position":"center center","background-size":"auto","background-attachment":"scroll","background-type":"","background-media":"","overlay-type":"","overlay-color":"","overlay-opacity":"","overlay-gradient":""}},"ast-content-background-meta":{"desktop":{"background-color":"var(--ast-global-color-4)","background-image":"","background-repeat":"repeat","background-position":"center center","background-size":"auto","background-attachment":"scroll","background-type":"","background-media":"","overlay-type":"","overlay-color":"","overlay-opacity":"","overlay-gradient":""},"tablet":{"background-color":"var(--ast-global-color-4)","background-image":"","background-repeat":"repeat","background-position":"center center","background-size":"auto","background-attachment":"scroll","background-type":"","background-media":"","overlay-type":"","overlay-color":"","overlay-opacity":"","overlay-gradient":""},"mobile":{"background-color":"var(--ast-global-color-4)","background-image":"","background-repeat":"repeat","background-position":"center center","background-size":"auto","background-attachment":"scroll","background-type":"","background-media":"","overlay-type":"","overlay-color":"","overlay-opacity":"","overlay-gradient":""}},"footnotes":""},"categories":[],"tags":[],"class_list":["post-38736","page","type-page","status-publish","hentry"],"yoast_head":"<!-- This site is optimized with the Yoast SEO Premium plugin v27.4 (Yoast SEO v27.4) - https:\/\/yoast.com\/product\/yoast-seo-premium-wordpress\/ -->\n<title>Elevator FAQs - City of Miami Beach<\/title>\n<meta name=\"description\" content=\"%\" \/>\n<meta name=\"robots\" content=\"index, follow, max-snippet:-1, max-image-preview:large, max-video-preview:-1\" \/>\n<link rel=\"canonical\" href=\"https:\/\/www.miamibeachfl.gov\/ht\/city-hall\/public-works\/elevator-division\/elevator-faqs\/\" \/>\n<meta property=\"og:locale\" content=\"ht_HT\" \/>\n<meta property=\"og:type\" content=\"article\" \/>\n<meta property=\"og:title\" content=\"Elevator FAQs\" \/>\n<meta property=\"og:description\" content=\"%\" \/>\n<meta property=\"og:url\" content=\"https:\/\/www.miamibeachfl.gov\/ht\/city-hall\/public-works\/elevator-division\/elevator-faqs\/\" \/>\n<meta property=\"og:site_name\" content=\"City of Miami Beach\" \/>\n<meta property=\"article:publisher\" content=\"https:\/\/www.facebook.com\/cityofmiamibeach\" \/>\n<meta property=\"article:modified_time\" content=\"2026-03-03T15:24:39+00:00\" \/>\n<meta property=\"og:image\" content=\"https:\/\/www.miamibeachfl.gov\/wp-content\/uploads\/2022\/07\/hero-small.jpg\" \/>\n<meta name=\"twitter:card\" content=\"summary_large_image\" \/>\n<meta name=\"twitter:site\" content=\"@Miamibeachnews\" \/>\n<script type=\"application\/ld+json\" class=\"yoast-schema-graph\">{\"@context\":\"https:\\\/\\\/schema.org\",\"@graph\":[{\"@type\":\"WebPage\",\"@id\":\"https:\\\/\\\/www.miamibeachfl.gov\\\/city-hall\\\/public-works\\\/elevator-division\\\/elevator-faqs\\\/\",\"url\":\"https:\\\/\\\/www.miamibeachfl.gov\\\/city-hall\\\/public-works\\\/elevator-division\\\/elevator-faqs\\\/\",\"name\":\"Elevator FAQs - City of Miami Beach\",\"isPartOf\":{\"@id\":\"https:\\\/\\\/www.miamibeachfl.gov\\\/#website\"},\"primaryImageOfPage\":{\"@id\":\"https:\\\/\\\/www.miamibeachfl.gov\\\/city-hall\\\/public-works\\\/elevator-division\\\/elevator-faqs\\\/#primaryimage\"},\"image\":{\"@id\":\"https:\\\/\\\/www.miamibeachfl.gov\\\/city-hall\\\/public-works\\\/elevator-division\\\/elevator-faqs\\\/#primaryimage\"},\"thumbnailUrl\":\"https:\\\/\\\/www.miamibeachfl.gov\\\/wp-content\\\/uploads\\\/2022\\\/07\\\/hero-small.jpg\",\"datePublished\":\"2017-10-20T19:07:14+00:00\",\"dateModified\":\"2026-03-03T15:24:39+00:00\",\"description\":\"%\",\"breadcrumb\":{\"@id\":\"https:\\\/\\\/www.miamibeachfl.gov\\\/city-hall\\\/public-works\\\/elevator-division\\\/elevator-faqs\\\/#breadcrumb\"},\"inLanguage\":\"ht\",\"potentialAction\":[{\"@type\":\"ReadAction\",\"target\":[\"https:\\\/\\\/www.miamibeachfl.gov\\\/city-hall\\\/public-works\\\/elevator-division\\\/elevator-faqs\\\/\"]}]},{\"@type\":\"ImageObject\",\"inLanguage\":\"ht\",\"@id\":\"https:\\\/\\\/www.miamibeachfl.gov\\\/city-hall\\\/public-works\\\/elevator-division\\\/elevator-faqs\\\/#primaryimage\",\"url\":\"https:\\\/\\\/www.miamibeachfl.gov\\\/wp-content\\\/uploads\\\/2022\\\/07\\\/hero-small.jpg\",\"contentUrl\":\"https:\\\/\\\/www.miamibeachfl.gov\\\/wp-content\\\/uploads\\\/2022\\\/07\\\/hero-small.jpg\"},{\"@type\":\"BreadcrumbList\",\"@id\":\"https:\\\/\\\/www.miamibeachfl.gov\\\/city-hall\\\/public-works\\\/elevator-division\\\/elevator-faqs\\\/#breadcrumb\",\"itemListElement\":[{\"@type\":\"ListItem\",\"position\":1,\"name\":\"Home\",\"item\":\"https:\\\/\\\/www.miamibeachfl.gov\\\/\"},{\"@type\":\"ListItem\",\"position\":2,\"name\":\"City Hall\",\"item\":\"https:\\\/\\\/www.miamibeachfl.gov\\\/city-hall\\\/\"},{\"@type\":\"ListItem\",\"position\":3,\"name\":\"Public Works\",\"item\":\"https:\\\/\\\/www.miamibeachfl.gov\\\/city-hall\\\/public-works\\\/\"},{\"@type\":\"ListItem\",\"position\":4,\"name\":\"Elevator Division\",\"item\":\"https:\\\/\\\/www.miamibeachfl.gov\\\/city-hall\\\/public-works\\\/elevator-division\\\/\"},{\"@type\":\"ListItem\",\"position\":5,\"name\":\"Elevator FAQs\"}]},{\"@type\":\"WebSite\",\"@id\":\"https:\\\/\\\/www.miamibeachfl.gov\\\/#website\",\"url\":\"https:\\\/\\\/www.miamibeachfl.gov\\\/\",\"name\":\"City of Miami Beach\",\"description\":\"The official website of the City of Miami Beach. Stay informed, find important information on city services, news, alerts, events, trolley routes, government employment and more.\",\"publisher\":{\"@id\":\"https:\\\/\\\/www.miamibeachfl.gov\\\/#organization\"},\"potentialAction\":[{\"@type\":\"SearchAction\",\"target\":{\"@type\":\"EntryPoint\",\"urlTemplate\":\"https:\\\/\\\/www.miamibeachfl.gov\\\/?s={search_term_string}\"},\"query-input\":{\"@type\":\"PropertyValueSpecification\",\"valueRequired\":true,\"valueName\":\"search_term_string\"}}],\"inLanguage\":\"ht\"},{\"@type\":\"Organization\",\"@id\":\"https:\\\/\\\/www.miamibeachfl.gov\\\/#organization\",\"name\":\"City of Miami Beach\",\"url\":\"https:\\\/\\\/www.miamibeachfl.gov\\\/\",\"logo\":{\"@type\":\"ImageObject\",\"inLanguage\":\"ht\",\"@id\":\"https:\\\/\\\/www.miamibeachfl.gov\\\/#\\\/schema\\\/logo\\\/image\\\/\",\"url\":\"https:\\\/\\\/www.miamibeachfl.gov\\\/wp-content\\\/uploads\\\/2022\\\/06\\\/miamibeach-logoblue.png\",\"contentUrl\":\"https:\\\/\\\/www.miamibeachfl.gov\\\/wp-content\\\/uploads\\\/2022\\\/06\\\/miamibeach-logoblue.png\",\"width\":1962,\"height\":381,\"caption\":\"City of Miami Beach\"},\"image\":{\"@id\":\"https:\\\/\\\/www.miamibeachfl.gov\\\/#\\\/schema\\\/logo\\\/image\\\/\"},\"sameAs\":[\"https:\\\/\\\/www.facebook.com\\\/cityofmiamibeach\",\"https:\\\/\\\/x.com\\\/Miamibeachnews\",\"https:\\\/\\\/www.instagram.com\\\/miamibeachnews\\\/\"],\"description\":\"The official website of the City of Miami Beach. Stay informed, find important information on city services, news, alerts, events, trolley routes, government employment and more.\",\"telephone\":\"305.604.CITY(2489)\",\"legalName\":\"City of Miami Beach\"}]}<\/script>\n<!-- \/ Yoast SEO Premium plugin. -->","yoast_head_json":{"title":"Kesyon yo poze souvan sou asans\u00e8 - Vil Miami Beach","description":"%","robots":{"index":"index","follow":"follow","max-snippet":"max-snippet:-1","max-image-preview":"max-image-preview:large","max-video-preview":"max-video-preview:-1"},"canonical":"https:\/\/www.miamibeachfl.gov\/ht\/city-hall\/public-works\/elevator-division\/elevator-faqs\/","og_locale":"ht_HT","og_type":"article","og_title":"Elevator FAQs","og_description":"%","og_url":"https:\/\/www.miamibeachfl.gov\/ht\/city-hall\/public-works\/elevator-division\/elevator-faqs\/","og_site_name":"City of Miami Beach","article_publisher":"https:\/\/www.facebook.com\/cityofmiamibeach","article_modified_time":"2026-03-03T15:24:39+00:00","og_image":[{"url":"https:\/\/www.miamibeachfl.gov\/wp-content\/uploads\/2022\/07\/hero-small.jpg","type":"","width":"","height":""}],"twitter_card":"summary_large_image","twitter_site":"@Miamibeachnews","schema":{"@context":"https:\/\/schema.org","@graph":[{"@type":"WebPage","@id":"https:\/\/www.miamibeachfl.gov\/city-hall\/public-works\/elevator-division\/elevator-faqs\/","url":"https:\/\/www.miamibeachfl.gov\/city-hall\/public-works\/elevator-division\/elevator-faqs\/","name":"Kesyon yo poze souvan sou asans\u00e8 - Vil Miami Beach","isPartOf":{"@id":"https:\/\/www.miamibeachfl.gov\/#website"},"primaryImageOfPage":{"@id":"https:\/\/www.miamibeachfl.gov\/city-hall\/public-works\/elevator-division\/elevator-faqs\/#primaryimage"},"image":{"@id":"https:\/\/www.miamibeachfl.gov\/city-hall\/public-works\/elevator-division\/elevator-faqs\/#primaryimage"},"thumbnailUrl":"https:\/\/www.miamibeachfl.gov\/wp-content\/uploads\/2022\/07\/hero-small.jpg","datePublished":"2017-10-20T19:07:14+00:00","dateModified":"2026-03-03T15:24:39+00:00","description":"%","breadcrumb":{"@id":"https:\/\/www.miamibeachfl.gov\/city-hall\/public-works\/elevator-division\/elevator-faqs\/#breadcrumb"},"inLanguage":"ht","potentialAction":[{"@type":"ReadAction","target":["https:\/\/www.miamibeachfl.gov\/city-hall\/public-works\/elevator-division\/elevator-faqs\/"]}]},{"@type":"ImageObject","inLanguage":"ht","@id":"https:\/\/www.miamibeachfl.gov\/city-hall\/public-works\/elevator-division\/elevator-faqs\/#primaryimage","url":"https:\/\/www.miamibeachfl.gov\/wp-content\/uploads\/2022\/07\/hero-small.jpg","contentUrl":"https:\/\/www.miamibeachfl.gov\/wp-content\/uploads\/2022\/07\/hero-small.jpg"},{"@type":"BreadcrumbList","@id":"https:\/\/www.miamibeachfl.gov\/city-hall\/public-works\/elevator-division\/elevator-faqs\/#breadcrumb","itemListElement":[{"@type":"ListItem","position":1,"name":"Home","item":"https:\/\/www.miamibeachfl.gov\/"},{"@type":"ListItem","position":2,"name":"City Hall","item":"https:\/\/www.miamibeachfl.gov\/city-hall\/"},{"@type":"ListItem","position":3,"name":"Public Works","item":"https:\/\/www.miamibeachfl.gov\/city-hall\/public-works\/"},{"@type":"ListItem","position":4,"name":"Elevator Division","item":"https:\/\/www.miamibeachfl.gov\/city-hall\/public-works\/elevator-division\/"},{"@type":"ListItem","position":5,"name":"Elevator FAQs"}]},{"@type":"WebSite","@id":"https:\/\/www.miamibeachfl.gov\/#website","url":"https:\/\/www.miamibeachfl.gov\/","name":"Vil Miami Beach","description":"Sitw\u00e8b ofisy\u00e8l Vil Miami Beach la. Rete enf\u00f2me, jwenn enf\u00f2masyon enp\u00f2tan sou s\u00e8vis vil la, nouv\u00e8l, al\u00e8t, ev\u00e8nman, wout tramway, travay gouv\u00e8nman an ak plis ank\u00f2.","publisher":{"@id":"https:\/\/www.miamibeachfl.gov\/#organization"},"potentialAction":[{"@type":"SearchAction","target":{"@type":"EntryPoint","urlTemplate":"https:\/\/www.miamibeachfl.gov\/?s={search_term_string}"},"query-input":{"@type":"PropertyValueSpecification","valueRequired":true,"valueName":"search_term_string"}}],"inLanguage":"ht"},{"@type":"Organization","@id":"https:\/\/www.miamibeachfl.gov\/#organization","name":"Vil Miami Beach","url":"https:\/\/www.miamibeachfl.gov\/","logo":{"@type":"ImageObject","inLanguage":"ht","@id":"https:\/\/www.miamibeachfl.gov\/#\/schema\/logo\/image\/","url":"https:\/\/www.miamibeachfl.gov\/wp-content\/uploads\/2022\/06\/miamibeach-logoblue.png","contentUrl":"https:\/\/www.miamibeachfl.gov\/wp-content\/uploads\/2022\/06\/miamibeach-logoblue.png","width":1962,"height":381,"caption":"City of Miami Beach"},"image":{"@id":"https:\/\/www.miamibeachfl.gov\/#\/schema\/logo\/image\/"},"sameAs":["https:\/\/www.facebook.com\/cityofmiamibeach","https:\/\/x.com\/Miamibeachnews","https:\/\/www.instagram.com\/miamibeachnews\/"],"description":"Sitw\u00e8b ofisy\u00e8l Vil Miami Beach la. Rete enf\u00f2me, jwenn enf\u00f2masyon enp\u00f2tan sou s\u00e8vis vil la, nouv\u00e8l, al\u00e8t, ev\u00e8nman, wout tramway, travay gouv\u00e8nman an ak plis ank\u00f2.","telephone":"305.604.CITY(2489)","legalName":"City of Miami Beach"}]}},"_links":{"self":[{"href":"https:\/\/www.miamibeachfl.gov\/ht\/wp-json\/wp\/v2\/pages\/38736","targetHints":{"allow":["GET"]}}],"collection":[{"href":"https:\/\/www.miamibeachfl.gov\/ht\/wp-json\/wp\/v2\/pages"}],"about":[{"href":"https:\/\/www.miamibeachfl.gov\/ht\/wp-json\/wp\/v2\/types\/page"}],"author":[{"embeddable":true,"href":"https:\/\/www.miamibeachfl.gov\/ht\/wp-json\/wp\/v2\/users\/222"}],"replies":[{"embeddable":true,"href":"https:\/\/www.miamibeachfl.gov\/ht\/wp-json\/wp\/v2\/comments?post=38736"}],"version-history":[{"count":2,"href":"https:\/\/www.miamibeachfl.gov\/ht\/wp-json\/wp\/v2\/pages\/38736\/revisions"}],"predecessor-version":[{"id":397025,"href":"https:\/\/www.miamibeachfl.gov\/ht\/wp-json\/wp\/v2\/pages\/38736\/revisions\/397025"}],"up":[{"embeddable":true,"href":"https:\/\/www.miamibeachfl.gov\/ht\/wp-json\/wp\/v2\/pages\/28943"}],"wp:attachment":[{"href":"https:\/\/www.miamibeachfl.gov\/ht\/wp-json\/wp\/v2\/media?parent=38736"}],"wp:term":[{"taxonomy":"category","embeddable":true,"href":"https:\/\/www.miamibeachfl.gov\/ht\/wp-json\/wp\/v2\/categories?post=38736"},{"taxonomy":"post_tag","embeddable":true,"href":"https:\/\/www.miamibeachfl.gov\/ht\/wp-json\/wp\/v2\/tags?post=38736"}],"curies":[{"name":"wp","href":"https:\/\/api.w.org\/{rel}","templated":true}]}}