{"id":390749,"date":"2025-10-23T10:37:57","date_gmt":"2025-10-23T14:37:57","guid":{"rendered":"https:\/\/www.miamibeachfl.gov\/?page_id=390749"},"modified":"2025-10-23T10:42:35","modified_gmt":"2025-10-23T14:42:35","slug":"contact","status":"publish","type":"page","link":"https:\/\/www.miamibeachfl.gov\/ht\/yourmbpd\/contact\/","title":{"rendered":"Kontakte Depatman Lapolis la"},"content":{"rendered":"<a href=\"\/ht\/yourmbpd\/\"  target=\"_self\" itemprop=\"url\">\n\t\t\t\t<img decoding=\"async\" src=\"https:\/\/www.miamibeachfl.gov\/wp-content\/uploads\/2019\/12\/badge-for-banner.png\" alt=\"badge for banner\" itemprop=\"image\" height=\"556\" width=\"1000\" title=\"badj pou bany\u00e8\" onerror=\"this.style.display='none'\" loading=\"lazy\" \/>\n\t\t\t\t<\/a>\n<h1>\n\t\t<a href=\"\/ht\/yourmbpd\/leadership\/\" title=\"LIDERAY\"  target=\"_self\">\n\t\t\tLIDERAY\t\t<\/a>\n\t<\/h1>\n<h1>\n\t\t<a href=\"\/ht\/yourmbpd\/neighborhoods\/\" title=\"KATYE YO\"  target=\"_self\">\n\t\t\tKATYE YO\t\t<\/a>\n\t<\/h1>\n<h1>\n\t\t<a href=\"\/ht\/yourmbpd\/services\/\" title=\"S\u00c8VIS\"  target=\"_self\">\n\t\t\tS\u00c8VIS\t\t<\/a>\n\t<\/h1>\n<h1>\n\t\t<a href=\"\/ht\/yourmbpd\/monthlycrimesdatareport\/\" title=\"DONE KRIM\"  target=\"_self\">\n\t\t\tDONE KRIM\t\t<\/a>\n\t<\/h1>\n<h1>\n\t\t\tKontakte MBPD\t<\/h1>\n\t<strong>SI W AP F\u00c8 YON IJANS, TANPRI RELE 911<\/strong>\nPou rap\u00f2te yon krim, rele liy ki pa ijans nou an nan <a href=\"tel:3056737900\"><strong>(305) 673-7900<\/strong><\/a>\n\n<strong>Katye Jeneral Depatman Lapolis Miami Beach <\/strong><br \/>\n1100 Washington Ave, Miami Beach, FL 33139\n\n<strong>Estasyon Sou-komisyon N\u00f2 Lapolis Miami Beach<\/strong>\n6840 Indian Creek Drive, Miami Beach FL 33141\n\t<p>\u00a9 2025 Dwa ot\u00e8 Vil Miami Beach.<\/p>\n\t\t\t<a href=\"\/ht\/\" target=\"_self\">\n\t\t\t\t\t\t\tSitw\u00e8b Vil Miami Beach la\n\t\t\t\t\t<\/a>\n\t\t\t<a href=\"\/ht\/policies-disclaimers\/\" target=\"_self\">\n\t\t\t\t\t\t\tR\u00e8gleman ak Av\u00e8tisman\n\t\t\t\t\t<\/a>\n\t\t\t<a href=\"\/ht\/accessibility\/\" target=\"_self\">\n\t\t\t\t\t\t\tAks\u00e8\n\t\t\t\t\t<\/a>\n\t\t\t<a href=\"\/ht\/policies-disclaimers\/#cookies\" target=\"_self\">\n\t\t\t\t\t\t\tParam\u00e8t Bonbon\n\t\t\t\t\t<\/a>","protected":false},"excerpt":{"rendered":"<p>LEADERSHIP NEIGHBORHOODS SERVICES CRIME DATA Contact MBPD IF YOU ARE EXPERIENCING AN EMERGENCY, PLEASE DIAL 911 To report a crime, [&hellip;]<\/p>\n","protected":false},"author":222,"featured_media":0,"parent":120936,"menu_order":0,"comment_status":"closed","ping_status":"closed","template":"","meta":{"_searchwp_excluded":"","site-sidebar-layout":"default","site-content-layout":"","ast-site-content-layout":"","site-content-style":"default","site-sidebar-style":"default","ast-global-header-display":"disabled","ast-banner-title-visibility":"","ast-main-header-display":"","ast-hfb-above-header-display":"","ast-hfb-below-header-display":"","ast-hfb-mobile-header-display":"","site-post-title":"","ast-breadcrumbs-content":"","ast-featured-img":"","footer-sml-layout":"disabled","theme-transparent-header-meta":"","adv-header-id-meta":"","stick-header-meta":"","header-above-stick-meta":"","header-main-stick-meta":"","header-below-stick-meta":"","astra-migrate-meta-layouts":"default","ast-page-background-enabled":"default","ast-page-background-meta":{"desktop":{"background-color":"var(--ast-global-color-5)","background-image":"","background-repeat":"repeat","background-position":"center center","background-size":"auto","background-attachment":"scroll","background-type":"","background-media":"","overlay-type":"","overlay-color":"","overlay-opacity":"","overlay-gradient":""},"tablet":{"background-color":"","background-image":"","background-repeat":"repeat","background-position":"center center","background-size":"auto","background-attachment":"scroll","background-type":"","background-media":"","overlay-type":"","overlay-color":"","overlay-opacity":"","overlay-gradient":""},"mobile":{"background-color":"","background-image":"","background-repeat":"repeat","background-position":"center center","background-size":"auto","background-attachment":"scroll","background-type":"","background-media":"","overlay-type":"","overlay-color":"","overlay-opacity":"","overlay-gradient":""}},"ast-content-background-meta":{"desktop":{"background-color":"var(--ast-global-color-4)","background-image":"","background-repeat":"repeat","background-position":"center center","background-size":"auto","background-attachment":"scroll","background-type":"","background-media":"","overlay-type":"","overlay-color":"","overlay-opacity":"","overlay-gradient":""},"tablet":{"background-color":"var(--ast-global-color-4)","background-image":"","background-repeat":"repeat","background-position":"center center","background-size":"auto","background-attachment":"scroll","background-type":"","background-media":"","overlay-type":"","overlay-color":"","overlay-opacity":"","overlay-gradient":""},"mobile":{"background-color":"var(--ast-global-color-4)","background-image":"","background-repeat":"repeat","background-position":"center center","background-size":"auto","background-attachment":"scroll","background-type":"","background-media":"","overlay-type":"","overlay-color":"","overlay-opacity":"","overlay-gradient":""}},"footnotes":""},"categories":[],"tags":[],"class_list":["post-390749","page","type-page","status-publish","hentry"],"yoast_head":"<!-- This site is optimized with the Yoast SEO Premium plugin v27.4 (Yoast SEO v27.4) - https:\/\/yoast.com\/product\/yoast-seo-premium-wordpress\/ -->\n<title>Contact Police Department - City of Miami Beach<\/title>\n<meta name=\"description\" content=\"City of Miami Beach Department contact information page.\" \/>\n<meta name=\"robots\" content=\"index, follow, max-snippet:-1, max-image-preview:large, max-video-preview:-1\" \/>\n<link rel=\"canonical\" href=\"https:\/\/www.miamibeachfl.gov\/ht\/yourmbpd\/contact\/\" \/>\n<meta property=\"og:locale\" content=\"ht_HT\" \/>\n<meta property=\"og:type\" content=\"article\" \/>\n<meta property=\"og:title\" content=\"Contact Police Department\" \/>\n<meta property=\"og:description\" content=\"City of Miami Beach Department contact information page.\" \/>\n<meta property=\"og:url\" content=\"https:\/\/www.miamibeachfl.gov\/ht\/yourmbpd\/contact\/\" \/>\n<meta property=\"og:site_name\" content=\"City of Miami Beach\" \/>\n<meta property=\"article:publisher\" content=\"https:\/\/www.facebook.com\/cityofmiamibeach\" \/>\n<meta property=\"article:modified_time\" content=\"2025-10-23T14:42:35+00:00\" \/>\n<meta property=\"og:image\" content=\"https:\/\/www.miamibeachfl.gov\/wp-content\/uploads\/2019\/12\/badge-for-banner.png\" \/>\n<meta name=\"twitter:card\" content=\"summary_large_image\" \/>\n<meta name=\"twitter:site\" content=\"@Miamibeachnews\" \/>\n<script type=\"application\/ld+json\" class=\"yoast-schema-graph\">{\"@context\":\"https:\\\/\\\/schema.org\",\"@graph\":[{\"@type\":\"WebPage\",\"@id\":\"https:\\\/\\\/www.miamibeachfl.gov\\\/yourmbpd\\\/contact\\\/\",\"url\":\"https:\\\/\\\/www.miamibeachfl.gov\\\/yourmbpd\\\/contact\\\/\",\"name\":\"Contact Police Department - City of Miami Beach\",\"isPartOf\":{\"@id\":\"https:\\\/\\\/www.miamibeachfl.gov\\\/#website\"},\"primaryImageOfPage\":{\"@id\":\"https:\\\/\\\/www.miamibeachfl.gov\\\/yourmbpd\\\/contact\\\/#primaryimage\"},\"image\":{\"@id\":\"https:\\\/\\\/www.miamibeachfl.gov\\\/yourmbpd\\\/contact\\\/#primaryimage\"},\"thumbnailUrl\":\"https:\\\/\\\/www.miamibeachfl.gov\\\/wp-content\\\/uploads\\\/2019\\\/12\\\/badge-for-banner.png\",\"datePublished\":\"2025-10-23T14:37:57+00:00\",\"dateModified\":\"2025-10-23T14:42:35+00:00\",\"description\":\"City of Miami Beach Department contact information page.\",\"breadcrumb\":{\"@id\":\"https:\\\/\\\/www.miamibeachfl.gov\\\/yourmbpd\\\/contact\\\/#breadcrumb\"},\"inLanguage\":\"ht\",\"potentialAction\":[{\"@type\":\"ReadAction\",\"target\":[\"https:\\\/\\\/www.miamibeachfl.gov\\\/yourmbpd\\\/contact\\\/\"]}]},{\"@type\":\"ImageObject\",\"inLanguage\":\"ht\",\"@id\":\"https:\\\/\\\/www.miamibeachfl.gov\\\/yourmbpd\\\/contact\\\/#primaryimage\",\"url\":\"https:\\\/\\\/www.miamibeachfl.gov\\\/wp-content\\\/uploads\\\/2019\\\/12\\\/badge-for-banner.png\",\"contentUrl\":\"https:\\\/\\\/www.miamibeachfl.gov\\\/wp-content\\\/uploads\\\/2019\\\/12\\\/badge-for-banner.png\"},{\"@type\":\"BreadcrumbList\",\"@id\":\"https:\\\/\\\/www.miamibeachfl.gov\\\/yourmbpd\\\/contact\\\/#breadcrumb\",\"itemListElement\":[{\"@type\":\"ListItem\",\"position\":1,\"name\":\"Home\",\"item\":\"https:\\\/\\\/www.miamibeachfl.gov\\\/\"},{\"@type\":\"ListItem\",\"position\":2,\"name\":\"Police\",\"item\":\"https:\\\/\\\/www.miamibeachfl.gov\\\/yourmbpd\\\/\"},{\"@type\":\"ListItem\",\"position\":3,\"name\":\"Contact Police Department\"}]},{\"@type\":\"WebSite\",\"@id\":\"https:\\\/\\\/www.miamibeachfl.gov\\\/#website\",\"url\":\"https:\\\/\\\/www.miamibeachfl.gov\\\/\",\"name\":\"City of Miami Beach\",\"description\":\"The official website of the City of Miami Beach. Stay informed, find important information on city services, news, alerts, events, trolley routes, government employment and more.\",\"publisher\":{\"@id\":\"https:\\\/\\\/www.miamibeachfl.gov\\\/#organization\"},\"potentialAction\":[{\"@type\":\"SearchAction\",\"target\":{\"@type\":\"EntryPoint\",\"urlTemplate\":\"https:\\\/\\\/www.miamibeachfl.gov\\\/?s={search_term_string}\"},\"query-input\":{\"@type\":\"PropertyValueSpecification\",\"valueRequired\":true,\"valueName\":\"search_term_string\"}}],\"inLanguage\":\"ht\"},{\"@type\":\"Organization\",\"@id\":\"https:\\\/\\\/www.miamibeachfl.gov\\\/#organization\",\"name\":\"City of Miami Beach\",\"url\":\"https:\\\/\\\/www.miamibeachfl.gov\\\/\",\"logo\":{\"@type\":\"ImageObject\",\"inLanguage\":\"ht\",\"@id\":\"https:\\\/\\\/www.miamibeachfl.gov\\\/#\\\/schema\\\/logo\\\/image\\\/\",\"url\":\"https:\\\/\\\/www.miamibeachfl.gov\\\/wp-content\\\/uploads\\\/2022\\\/06\\\/miamibeach-logoblue.png\",\"contentUrl\":\"https:\\\/\\\/www.miamibeachfl.gov\\\/wp-content\\\/uploads\\\/2022\\\/06\\\/miamibeach-logoblue.png\",\"width\":1962,\"height\":381,\"caption\":\"City of Miami Beach\"},\"image\":{\"@id\":\"https:\\\/\\\/www.miamibeachfl.gov\\\/#\\\/schema\\\/logo\\\/image\\\/\"},\"sameAs\":[\"https:\\\/\\\/www.facebook.com\\\/cityofmiamibeach\",\"https:\\\/\\\/x.com\\\/Miamibeachnews\",\"https:\\\/\\\/www.instagram.com\\\/miamibeachnews\\\/\"],\"description\":\"The official website of the City of Miami Beach. Stay informed, find important information on city services, news, alerts, events, trolley routes, government employment and more.\",\"telephone\":\"305.604.CITY(2489)\",\"legalName\":\"City of Miami Beach\"}]}<\/script>\n<!-- \/ Yoast SEO Premium plugin. -->","yoast_head_json":{"title":"Kontakte Depatman Lapolis - Vil Miami Beach","description":"Paj enf\u00f2masyon kontak Depatman Vil Miami Beach la.","robots":{"index":"index","follow":"follow","max-snippet":"max-snippet:-1","max-image-preview":"max-image-preview:large","max-video-preview":"max-video-preview:-1"},"canonical":"https:\/\/www.miamibeachfl.gov\/ht\/yourmbpd\/contact\/","og_locale":"ht_HT","og_type":"article","og_title":"Contact Police Department","og_description":"City of Miami Beach Department contact information page.","og_url":"https:\/\/www.miamibeachfl.gov\/ht\/yourmbpd\/contact\/","og_site_name":"City of Miami Beach","article_publisher":"https:\/\/www.facebook.com\/cityofmiamibeach","article_modified_time":"2025-10-23T14:42:35+00:00","og_image":[{"url":"https:\/\/www.miamibeachfl.gov\/wp-content\/uploads\/2019\/12\/badge-for-banner.png","type":"","width":"","height":""}],"twitter_card":"summary_large_image","twitter_site":"@Miamibeachnews","schema":{"@context":"https:\/\/schema.org","@graph":[{"@type":"WebPage","@id":"https:\/\/www.miamibeachfl.gov\/yourmbpd\/contact\/","url":"https:\/\/www.miamibeachfl.gov\/yourmbpd\/contact\/","name":"Kontakte Depatman Lapolis - Vil Miami Beach","isPartOf":{"@id":"https:\/\/www.miamibeachfl.gov\/#website"},"primaryImageOfPage":{"@id":"https:\/\/www.miamibeachfl.gov\/yourmbpd\/contact\/#primaryimage"},"image":{"@id":"https:\/\/www.miamibeachfl.gov\/yourmbpd\/contact\/#primaryimage"},"thumbnailUrl":"https:\/\/www.miamibeachfl.gov\/wp-content\/uploads\/2019\/12\/badge-for-banner.png","datePublished":"2025-10-23T14:37:57+00:00","dateModified":"2025-10-23T14:42:35+00:00","description":"Paj enf\u00f2masyon kontak Depatman Vil Miami Beach la.","breadcrumb":{"@id":"https:\/\/www.miamibeachfl.gov\/yourmbpd\/contact\/#breadcrumb"},"inLanguage":"ht","potentialAction":[{"@type":"ReadAction","target":["https:\/\/www.miamibeachfl.gov\/yourmbpd\/contact\/"]}]},{"@type":"ImageObject","inLanguage":"ht","@id":"https:\/\/www.miamibeachfl.gov\/yourmbpd\/contact\/#primaryimage","url":"https:\/\/www.miamibeachfl.gov\/wp-content\/uploads\/2019\/12\/badge-for-banner.png","contentUrl":"https:\/\/www.miamibeachfl.gov\/wp-content\/uploads\/2019\/12\/badge-for-banner.png"},{"@type":"BreadcrumbList","@id":"https:\/\/www.miamibeachfl.gov\/yourmbpd\/contact\/#breadcrumb","itemListElement":[{"@type":"ListItem","position":1,"name":"Home","item":"https:\/\/www.miamibeachfl.gov\/"},{"@type":"ListItem","position":2,"name":"Police","item":"https:\/\/www.miamibeachfl.gov\/yourmbpd\/"},{"@type":"ListItem","position":3,"name":"Contact Police Department"}]},{"@type":"WebSite","@id":"https:\/\/www.miamibeachfl.gov\/#website","url":"https:\/\/www.miamibeachfl.gov\/","name":"Vil Miami Beach","description":"Sitw\u00e8b ofisy\u00e8l Vil Miami Beach la. Rete enf\u00f2me, jwenn enf\u00f2masyon enp\u00f2tan sou s\u00e8vis vil la, nouv\u00e8l, al\u00e8t, ev\u00e8nman, wout tramway, travay gouv\u00e8nman an ak plis ank\u00f2.","publisher":{"@id":"https:\/\/www.miamibeachfl.gov\/#organization"},"potentialAction":[{"@type":"SearchAction","target":{"@type":"EntryPoint","urlTemplate":"https:\/\/www.miamibeachfl.gov\/?s={search_term_string}"},"query-input":{"@type":"PropertyValueSpecification","valueRequired":true,"valueName":"search_term_string"}}],"inLanguage":"ht"},{"@type":"Organization","@id":"https:\/\/www.miamibeachfl.gov\/#organization","name":"Vil Miami Beach","url":"https:\/\/www.miamibeachfl.gov\/","logo":{"@type":"ImageObject","inLanguage":"ht","@id":"https:\/\/www.miamibeachfl.gov\/#\/schema\/logo\/image\/","url":"https:\/\/www.miamibeachfl.gov\/wp-content\/uploads\/2022\/06\/miamibeach-logoblue.png","contentUrl":"https:\/\/www.miamibeachfl.gov\/wp-content\/uploads\/2022\/06\/miamibeach-logoblue.png","width":1962,"height":381,"caption":"City of Miami Beach"},"image":{"@id":"https:\/\/www.miamibeachfl.gov\/#\/schema\/logo\/image\/"},"sameAs":["https:\/\/www.facebook.com\/cityofmiamibeach","https:\/\/x.com\/Miamibeachnews","https:\/\/www.instagram.com\/miamibeachnews\/"],"description":"Sitw\u00e8b ofisy\u00e8l Vil Miami Beach la. Rete enf\u00f2me, jwenn enf\u00f2masyon enp\u00f2tan sou s\u00e8vis vil la, nouv\u00e8l, al\u00e8t, ev\u00e8nman, wout tramway, travay gouv\u00e8nman an ak plis ank\u00f2.","telephone":"305.604.CITY(2489)","legalName":"City of Miami Beach"}]}},"_links":{"self":[{"href":"https:\/\/www.miamibeachfl.gov\/ht\/wp-json\/wp\/v2\/pages\/390749","targetHints":{"allow":["GET"]}}],"collection":[{"href":"https:\/\/www.miamibeachfl.gov\/ht\/wp-json\/wp\/v2\/pages"}],"about":[{"href":"https:\/\/www.miamibeachfl.gov\/ht\/wp-json\/wp\/v2\/types\/page"}],"author":[{"embeddable":true,"href":"https:\/\/www.miamibeachfl.gov\/ht\/wp-json\/wp\/v2\/users\/222"}],"replies":[{"embeddable":true,"href":"https:\/\/www.miamibeachfl.gov\/ht\/wp-json\/wp\/v2\/comments?post=390749"}],"version-history":[{"count":5,"href":"https:\/\/www.miamibeachfl.gov\/ht\/wp-json\/wp\/v2\/pages\/390749\/revisions"}],"predecessor-version":[{"id":390756,"href":"https:\/\/www.miamibeachfl.gov\/ht\/wp-json\/wp\/v2\/pages\/390749\/revisions\/390756"}],"up":[{"embeddable":true,"href":"https:\/\/www.miamibeachfl.gov\/ht\/wp-json\/wp\/v2\/pages\/120936"}],"wp:attachment":[{"href":"https:\/\/www.miamibeachfl.gov\/ht\/wp-json\/wp\/v2\/media?parent=390749"}],"wp:term":[{"taxonomy":"category","embeddable":true,"href":"https:\/\/www.miamibeachfl.gov\/ht\/wp-json\/wp\/v2\/categories?post=390749"},{"taxonomy":"post_tag","embeddable":true,"href":"https:\/\/www.miamibeachfl.gov\/ht\/wp-json\/wp\/v2\/tags?post=390749"}],"curies":[{"name":"wp","href":"https:\/\/api.w.org\/{rel}","templated":true}]}}