{"id":391271,"date":"2025-11-06T15:59:03","date_gmt":"2025-11-06T20:59:03","guid":{"rendered":"https:\/\/www.miamibeachfl.gov\/?page_id=391271"},"modified":"2025-12-17T10:33:21","modified_gmt":"2025-12-17T15:33:21","slug":"biscayne-bay","status":"publish","type":"page","link":"https:\/\/www.miamibeachfl.gov\/ht\/water-quality\/biscayne-bay\/","title":{"rendered":"Kalite Dlo \u2013 B\u00e8 Biscayne"},"content":{"rendered":"<button tabindex=\"0\" aria-label=\"Meni\" aria-expanded=\"false\">\n\t\t\t\tMeni\t\t\t<\/button>\n\t<nav aria-label=\"Meni\" itemscope=\"itemscope\" itemtype=\"https:\/\/schema.org\/SiteNavigationElement\">\n\t\t<a href=\"javascript:void(0)\" aria-label=\"F\u00e8men meni an\" role=\"button\">\u00d7<\/a>\n\t\t<ul id=\"menu-water-quality\"><li id=\"menu-item-391246\"><a href=\"https:\/\/www.miamibeachfl.gov\/ht\/water-quality\/\">Lakay<\/a><\/li><li id=\"menu-item-391270\"><a href=\"https:\/\/www.miamibeachfl.gov\/ht\/water-quality\/water-quality-miami-beach\/\">Naje<\/a><\/li><li id=\"menu-item-391303\"><a href=\"https:\/\/www.miamibeachfl.gov\/ht\/water-quality\/biscayne-bay\/\" aria-current=\"page\">B\u00e8 Biscayne<\/a><\/li><li id=\"menu-item-391302\"><a href=\"https:\/\/www.miamibeachfl.gov\/ht\/water-quality\/pollution-prevention\/\">Prevansyon Polisyon<\/a><\/li><li id=\"menu-item-391300\"><a href=\"https:\/\/www.miamibeachfl.gov\/ht\/water-quality\/drinking-water\/\">Dlo Potab<\/a><\/li><\/ul>\t<\/nav>\n\t\t\t\t<img decoding=\"async\" src=\"https:\/\/www.miamibeachfl.gov\/wp-content\/uploads\/2025\/11\/Biscayne-Bay_2optimized.jpg\" alt=\"biscayne bay\" itemprop=\"image\" height=\"500\" width=\"500\" title=\"Biscayne Bay_2optimize\" onerror=\"this.style.display='none'\" loading=\"lazy\" \/>\n<h1>\n\t\t\tB\u00e8 Biscayne\t<\/h1>\n\t<p>Spanning 428 square miles, Biscayne Bay surrounds and separates Miami Beach from the mainland and includes two state aquatic preserves, a national park and a national marine sanctuary. Protecting this important natural resource is a priority for the City of Miami Beach. Explore below to learn more about the bay&#8217;s history, water quality and related environmental efforts, as well as guidelines for boating and recreational safety.<\/p>\n\t<nav id=\"breadcrumbs\" aria-label=\"Pen griye\"><a href=\"https:\/\/www.miamibeachfl.gov\/ht\/\">Lakay<\/a> &gt; <a href=\"https:\/\/www.miamibeachfl.gov\/ht\/water-quality\/\">Kalite Dlo<\/a> &gt; <strong>Kalite Dlo \u2013 B\u00e8 Biscayne<\/strong><\/nav>\n\t\t\t\t<img decoding=\"async\" src=\"https:\/\/www.miamibeachfl.gov\/wp-content\/uploads\/2025\/11\/Biscayne-Bay_1-scaled-1.jpg\" alt=\"Biscayne Bay\" itemprop=\"image\" height=\"600\" width=\"600\" title=\"Biscayne-Bay_1-ech\u00e8l\" onerror=\"this.style.display='none'\" loading=\"lazy\" \/>\n<h2>\n\t\t\tPwoteje B\u00e8 a\t<\/h2>\n\tThe City of Miami Beach is committed to the health of Biscayne Bay and its surrounding waters. As a regional leader in environmental protection, Miami Beach has developed forward-thinking ordinances, public education campaigns and infrastructure programs aimed at preserving this vital ecosystem. Learn more about the City&#8217;s efforts, including its educational initiatives and environmental ordinances below.<br \/>\n<strong><a href=\"https:\/\/www.mbrisingabove.com\/climate-adaptation\/biscayne-bay\/\">Biscayne Bay | Miami Beach &#8211; Rising Above<\/a>\u00a0<\/strong>\nThe Miami-Dade County Department of Environmental Resource Management leads the holistic Biscayne Bay strategies. Explore the County&#8217;s leadership strategies including the Biscayne Bay Task Force Report and Watershed Advisory Board for restoration and long-term preservation below.<br \/>\n<strong><a href=\"https:\/\/www.miamidade.gov\/global\/economy\/environment\/biscayne-bay-solutions-recovery-plan.page\">Solisyon yo: Plan Rekiperasyon an<\/a>\u00a0<\/strong>\n<h2>\n\t\t\tNavigasyon ak Lwazi\t<\/h2>\n\t<strong>Sekirite ak R\u00e8gleman sou Navigasyon<\/strong><br \/>\nLearn more about the Boater Safety and Bay Education Task Force.<br \/>\nAprann plis: <strong><a href=\"https:\/\/www.miamidade.gov\/global\/government\/taskforce\/boater-safety.page\">Gwoup Travay Sekirite Bato ak Edikasyon sou B\u00e8 a<\/a>\u00a0<\/strong>\n<strong>Navigasyon Entelijan ak Sekirite kont Dife<\/strong><br \/>\nGad K\u00f2t Etazini rek\u00f2mande yon seri pratik entelijan pou navigasyon, tankou pwotok\u00f2l sekirite kont dife ak preparasyon pou ijans.<br \/>\nEksplore kons\u00e8y yo: <strong><a href=\"https:\/\/www.miamidade.gov\/global\/fire\/safety-boats.page\">Kons\u00e8y Sekirite: Sekirite sou Bato<\/a><\/strong>\n<strong>Kondisyon pou Edikasyon Moun k ap Kondui Bato\u00a0<\/strong><br \/>\nFlorida law requires that anyone\u00a0born on or after January 1, 1988, operating a vessel, must complete a certified boater safety course.<br \/>\nJwenn s\u00e8tifikasyon: <strong><a href=\"https:\/\/www.flhsmv.gov\/motor-vehicles-tags-titles\/vessels\/boating-safety-education\/\">Sekirite ak Edikasyon sou Bato<\/a><\/strong>\n<strong>Pratik Navigasyon Pw\u00f2p<br \/>\n<\/strong>Help protect Biscayne Bay by participating in Florida&#8217;s Clean Boater Program. Learn how to prevent pollution and protect marine life while enjoying the water.<br \/>\nPatisipe nan ef\u00f2 a: <strong><a href=\"https:\/\/floridadep.gov\/rcp\/cva\/content\/clean-boater-program\">Pwogram Bato Pw\u00f2p<\/a><\/strong>\n<h2>\n\t\t\tPatwouy Marin Miami Beach\t<\/h2>\n\t<p>Depatman Lapolis Vil Miami Beach la gen yon inite Patwouy Marin aktif ki siveye vwa navigab lokal yo epi ki reponn a plent yo.<\/p>\n<ul>\n<li>Kontak pou moun ki pa nan ka ijans: 305.673.7901<\/li>\n<li>Pou ijans: Rele 911<\/li>\n<\/ul>","protected":false},"excerpt":{"rendered":"<p>Menu \u00d7 Home Swimming Biscayne Bay Pollution Prevention Drinking Water Biscayne Bay Spanning 428 square miles, Biscayne Bay surrounds and [&hellip;]<\/p>\n","protected":false},"author":329,"featured_media":0,"parent":391155,"menu_order":29,"comment_status":"closed","ping_status":"closed","template":"","meta":{"_searchwp_excluded":"","site-sidebar-layout":"default","site-content-layout":"","ast-site-content-layout":"default","site-content-style":"default","site-sidebar-style":"default","ast-global-header-display":"","ast-banner-title-visibility":"","ast-main-header-display":"","ast-hfb-above-header-display":"","ast-hfb-below-header-display":"","ast-hfb-mobile-header-display":"","site-post-title":"","ast-breadcrumbs-content":"","ast-featured-img":"","footer-sml-layout":"","theme-transparent-header-meta":"","adv-header-id-meta":"","stick-header-meta":"","header-above-stick-meta":"","header-main-stick-meta":"","header-below-stick-meta":"","astra-migrate-meta-layouts":"default","ast-page-background-enabled":"default","ast-page-background-meta":{"desktop":{"background-color":"var(--ast-global-color-5)","background-image":"","background-repeat":"repeat","background-position":"center center","background-size":"auto","background-attachment":"scroll","background-type":"","background-media":"","overlay-type":"","overlay-color":"","overlay-opacity":"","overlay-gradient":""},"tablet":{"background-color":"","background-image":"","background-repeat":"repeat","background-position":"center center","background-size":"auto","background-attachment":"scroll","background-type":"","background-media":"","overlay-type":"","overlay-color":"","overlay-opacity":"","overlay-gradient":""},"mobile":{"background-color":"","background-image":"","background-repeat":"repeat","background-position":"center center","background-size":"auto","background-attachment":"scroll","background-type":"","background-media":"","overlay-type":"","overlay-color":"","overlay-opacity":"","overlay-gradient":""}},"ast-content-background-meta":{"desktop":{"background-color":"var(--ast-global-color-4)","background-image":"","background-repeat":"repeat","background-position":"center center","background-size":"auto","background-attachment":"scroll","background-type":"","background-media":"","overlay-type":"","overlay-color":"","overlay-opacity":"","overlay-gradient":""},"tablet":{"background-color":"var(--ast-global-color-4)","background-image":"","background-repeat":"repeat","background-position":"center center","background-size":"auto","background-attachment":"scroll","background-type":"","background-media":"","overlay-type":"","overlay-color":"","overlay-opacity":"","overlay-gradient":""},"mobile":{"background-color":"var(--ast-global-color-4)","background-image":"","background-repeat":"repeat","background-position":"center center","background-size":"auto","background-attachment":"scroll","background-type":"","background-media":"","overlay-type":"","overlay-color":"","overlay-opacity":"","overlay-gradient":""}},"footnotes":""},"categories":[],"tags":[],"class_list":["post-391271","page","type-page","status-publish","hentry"],"yoast_head":"<!-- This site is optimized with the Yoast SEO Premium plugin v26.6 (Yoast SEO v26.6) - https:\/\/yoast.com\/wordpress\/plugins\/seo\/ -->\n<title>Water Quality - Biscayne Bay - City of Miami Beach<\/title>\n<meta name=\"description\" content=\"Spanning 428 square miles, Biscayne Bay surrounds and separates Miami Beach from the mainland and includes two state aquatic preserves, a national park and a national marine sanctuary. Protecting this important natural resource is a priority for the City of Miami Beach.\" \/>\n<meta name=\"robots\" content=\"index, follow, max-snippet:-1, max-image-preview:large, max-video-preview:-1\" \/>\n<link rel=\"canonical\" href=\"https:\/\/www.miamibeachfl.gov\/ht\/water-quality\/biscayne-bay\/\" \/>\n<meta property=\"og:locale\" content=\"ht_HT\" \/>\n<meta property=\"og:type\" content=\"article\" \/>\n<meta property=\"og:title\" content=\"Water Quality - Biscayne Bay\" \/>\n<meta property=\"og:description\" content=\"Spanning 428 square miles, Biscayne Bay surrounds and separates Miami Beach from the mainland and includes two state aquatic preserves, a national park and a national marine sanctuary. Protecting this important natural resource is a priority for the City of Miami Beach.\" \/>\n<meta property=\"og:url\" content=\"https:\/\/www.miamibeachfl.gov\/ht\/water-quality\/biscayne-bay\/\" \/>\n<meta property=\"og:site_name\" content=\"City of Miami Beach\" \/>\n<meta property=\"article:publisher\" content=\"https:\/\/www.facebook.com\/cityofmiamibeach\" \/>\n<meta property=\"article:modified_time\" content=\"2025-12-17T15:33:21+00:00\" \/>\n<meta property=\"og:image\" content=\"https:\/\/www.miamibeachfl.gov\/wp-content\/uploads\/2023\/08\/Masterpermitcircle.jpeg\" \/>\n\t<meta property=\"og:image:width\" content=\"1200\" \/>\n\t<meta property=\"og:image:height\" content=\"1200\" \/>\n\t<meta property=\"og:image:type\" content=\"image\/jpeg\" \/>\n<meta name=\"twitter:card\" content=\"summary_large_image\" \/>\n<meta name=\"twitter:site\" content=\"@Miamibeachnews\" \/>\n<script type=\"application\/ld+json\" class=\"yoast-schema-graph\">{\"@context\":\"https:\/\/schema.org\",\"@graph\":[{\"@type\":\"WebPage\",\"@id\":\"https:\/\/www.miamibeachfl.gov\/water-quality\/biscayne-bay\/\",\"url\":\"https:\/\/www.miamibeachfl.gov\/water-quality\/biscayne-bay\/\",\"name\":\"Water Quality - Biscayne Bay - City of Miami Beach\",\"isPartOf\":{\"@id\":\"https:\/\/www.miamibeachfl.gov\/#website\"},\"primaryImageOfPage\":{\"@id\":\"https:\/\/www.miamibeachfl.gov\/water-quality\/biscayne-bay\/#primaryimage\"},\"image\":{\"@id\":\"https:\/\/www.miamibeachfl.gov\/water-quality\/biscayne-bay\/#primaryimage\"},\"thumbnailUrl\":\"https:\/\/www.miamibeachfl.gov\/wp-content\/uploads\/2025\/11\/Biscayne-Bay_2optimized.jpg\",\"datePublished\":\"2025-11-06T20:59:03+00:00\",\"dateModified\":\"2025-12-17T15:33:21+00:00\",\"description\":\"Spanning 428 square miles, Biscayne Bay surrounds and separates Miami Beach from the mainland and includes two state aquatic preserves, a national park and a national marine sanctuary. Protecting this important natural resource is a priority for the City of Miami Beach.\",\"breadcrumb\":{\"@id\":\"https:\/\/www.miamibeachfl.gov\/water-quality\/biscayne-bay\/#breadcrumb\"},\"inLanguage\":\"ht\",\"potentialAction\":[{\"@type\":\"ReadAction\",\"target\":[\"https:\/\/www.miamibeachfl.gov\/water-quality\/biscayne-bay\/\"]}]},{\"@type\":\"ImageObject\",\"inLanguage\":\"ht\",\"@id\":\"https:\/\/www.miamibeachfl.gov\/water-quality\/biscayne-bay\/#primaryimage\",\"url\":\"https:\/\/www.miamibeachfl.gov\/wp-content\/uploads\/2025\/11\/Biscayne-Bay_2optimized.jpg\",\"contentUrl\":\"https:\/\/www.miamibeachfl.gov\/wp-content\/uploads\/2025\/11\/Biscayne-Bay_2optimized.jpg\"},{\"@type\":\"BreadcrumbList\",\"@id\":\"https:\/\/www.miamibeachfl.gov\/water-quality\/biscayne-bay\/#breadcrumb\",\"itemListElement\":[{\"@type\":\"ListItem\",\"position\":1,\"name\":\"Home\",\"item\":\"https:\/\/www.miamibeachfl.gov\/\"},{\"@type\":\"ListItem\",\"position\":2,\"name\":\"Water Quality\",\"item\":\"https:\/\/www.miamibeachfl.gov\/water-quality\/\"},{\"@type\":\"ListItem\",\"position\":3,\"name\":\"Water Quality &#8211; Biscayne Bay\"}]},{\"@type\":\"WebSite\",\"@id\":\"https:\/\/www.miamibeachfl.gov\/#website\",\"url\":\"https:\/\/www.miamibeachfl.gov\/\",\"name\":\"City of Miami Beach\",\"description\":\"The official website of the City of Miami Beach. Stay informed, find important information on city services, news, alerts, events, trolley routes, government employment and more.\",\"publisher\":{\"@id\":\"https:\/\/www.miamibeachfl.gov\/#organization\"},\"potentialAction\":[{\"@type\":\"SearchAction\",\"target\":{\"@type\":\"EntryPoint\",\"urlTemplate\":\"https:\/\/www.miamibeachfl.gov\/?s={search_term_string}\"},\"query-input\":{\"@type\":\"PropertyValueSpecification\",\"valueRequired\":true,\"valueName\":\"search_term_string\"}}],\"inLanguage\":\"ht\"},{\"@type\":\"Organization\",\"@id\":\"https:\/\/www.miamibeachfl.gov\/#organization\",\"name\":\"City of Miami Beach\",\"url\":\"https:\/\/www.miamibeachfl.gov\/\",\"logo\":{\"@type\":\"ImageObject\",\"inLanguage\":\"ht\",\"@id\":\"https:\/\/www.miamibeachfl.gov\/#\/schema\/logo\/image\/\",\"url\":\"https:\/\/www.miamibeachfl.gov\/wp-content\/uploads\/2022\/06\/miamibeach-logoblue.png\",\"contentUrl\":\"https:\/\/www.miamibeachfl.gov\/wp-content\/uploads\/2022\/06\/miamibeach-logoblue.png\",\"width\":1962,\"height\":381,\"caption\":\"City of Miami Beach\"},\"image\":{\"@id\":\"https:\/\/www.miamibeachfl.gov\/#\/schema\/logo\/image\/\"},\"sameAs\":[\"https:\/\/www.facebook.com\/cityofmiamibeach\",\"https:\/\/x.com\/Miamibeachnews\",\"https:\/\/www.instagram.com\/miamibeachnews\/\"],\"description\":\"The official website of the City of Miami Beach. Stay informed, find important information on city services, news, alerts, events, trolley routes, government employment and more.\",\"telephone\":\"305.604.CITY(2489)\",\"legalName\":\"City of Miami Beach\"}]}<\/script>\n<!-- \/ Yoast SEO Premium plugin. -->","yoast_head_json":{"title":"Water Quality - Biscayne Bay - City of Miami Beach","description":"Spanning 428 square miles, Biscayne Bay surrounds and separates Miami Beach from the mainland and includes two state aquatic preserves, a national park and a national marine sanctuary. Protecting this important natural resource is a priority for the City of Miami Beach.","robots":{"index":"index","follow":"follow","max-snippet":"max-snippet:-1","max-image-preview":"max-image-preview:large","max-video-preview":"max-video-preview:-1"},"canonical":"https:\/\/www.miamibeachfl.gov\/ht\/water-quality\/biscayne-bay\/","og_locale":"ht_HT","og_type":"article","og_title":"Water Quality - Biscayne Bay","og_description":"Spanning 428 square miles, Biscayne Bay surrounds and separates Miami Beach from the mainland and includes two state aquatic preserves, a national park and a national marine sanctuary. Protecting this important natural resource is a priority for the City of Miami Beach.","og_url":"https:\/\/www.miamibeachfl.gov\/ht\/water-quality\/biscayne-bay\/","og_site_name":"City of Miami Beach","article_publisher":"https:\/\/www.facebook.com\/cityofmiamibeach","article_modified_time":"2025-12-17T15:33:21+00:00","og_image":[{"width":1200,"height":1200,"url":"https:\/\/www.miamibeachfl.gov\/wp-content\/uploads\/2023\/08\/Masterpermitcircle.jpeg","type":"image\/jpeg"}],"twitter_card":"summary_large_image","twitter_site":"@Miamibeachnews","schema":{"@context":"https:\/\/schema.org","@graph":[{"@type":"WebPage","@id":"https:\/\/www.miamibeachfl.gov\/water-quality\/biscayne-bay\/","url":"https:\/\/www.miamibeachfl.gov\/water-quality\/biscayne-bay\/","name":"Water Quality - Biscayne Bay - City of Miami Beach","isPartOf":{"@id":"https:\/\/www.miamibeachfl.gov\/#website"},"primaryImageOfPage":{"@id":"https:\/\/www.miamibeachfl.gov\/water-quality\/biscayne-bay\/#primaryimage"},"image":{"@id":"https:\/\/www.miamibeachfl.gov\/water-quality\/biscayne-bay\/#primaryimage"},"thumbnailUrl":"https:\/\/www.miamibeachfl.gov\/wp-content\/uploads\/2025\/11\/Biscayne-Bay_2optimized.jpg","datePublished":"2025-11-06T20:59:03+00:00","dateModified":"2025-12-17T15:33:21+00:00","description":"Spanning 428 square miles, Biscayne Bay surrounds and separates Miami Beach from the mainland and includes two state aquatic preserves, a national park and a national marine sanctuary. Protecting this important natural resource is a priority for the City of Miami Beach.","breadcrumb":{"@id":"https:\/\/www.miamibeachfl.gov\/water-quality\/biscayne-bay\/#breadcrumb"},"inLanguage":"ht","potentialAction":[{"@type":"ReadAction","target":["https:\/\/www.miamibeachfl.gov\/water-quality\/biscayne-bay\/"]}]},{"@type":"ImageObject","inLanguage":"ht","@id":"https:\/\/www.miamibeachfl.gov\/water-quality\/biscayne-bay\/#primaryimage","url":"https:\/\/www.miamibeachfl.gov\/wp-content\/uploads\/2025\/11\/Biscayne-Bay_2optimized.jpg","contentUrl":"https:\/\/www.miamibeachfl.gov\/wp-content\/uploads\/2025\/11\/Biscayne-Bay_2optimized.jpg"},{"@type":"BreadcrumbList","@id":"https:\/\/www.miamibeachfl.gov\/water-quality\/biscayne-bay\/#breadcrumb","itemListElement":[{"@type":"ListItem","position":1,"name":"Home","item":"https:\/\/www.miamibeachfl.gov\/"},{"@type":"ListItem","position":2,"name":"Water Quality","item":"https:\/\/www.miamibeachfl.gov\/water-quality\/"},{"@type":"ListItem","position":3,"name":"Water Quality &#8211; Biscayne Bay"}]},{"@type":"WebSite","@id":"https:\/\/www.miamibeachfl.gov\/#website","url":"https:\/\/www.miamibeachfl.gov\/","name":"Vil Miami Beach","description":"Sitw\u00e8b ofisy\u00e8l Vil Miami Beach la. Rete enf\u00f2me, jwenn enf\u00f2masyon enp\u00f2tan sou s\u00e8vis vil la, nouv\u00e8l, al\u00e8t, ev\u00e8nman, wout tramway, travay gouv\u00e8nman an ak plis ank\u00f2.","publisher":{"@id":"https:\/\/www.miamibeachfl.gov\/#organization"},"potentialAction":[{"@type":"SearchAction","target":{"@type":"EntryPoint","urlTemplate":"https:\/\/www.miamibeachfl.gov\/?s={search_term_string}"},"query-input":{"@type":"PropertyValueSpecification","valueRequired":true,"valueName":"search_term_string"}}],"inLanguage":"ht"},{"@type":"Organization","@id":"https:\/\/www.miamibeachfl.gov\/#organization","name":"Vil Miami Beach","url":"https:\/\/www.miamibeachfl.gov\/","logo":{"@type":"ImageObject","inLanguage":"ht","@id":"https:\/\/www.miamibeachfl.gov\/#\/schema\/logo\/image\/","url":"https:\/\/www.miamibeachfl.gov\/wp-content\/uploads\/2022\/06\/miamibeach-logoblue.png","contentUrl":"https:\/\/www.miamibeachfl.gov\/wp-content\/uploads\/2022\/06\/miamibeach-logoblue.png","width":1962,"height":381,"caption":"City of Miami Beach"},"image":{"@id":"https:\/\/www.miamibeachfl.gov\/#\/schema\/logo\/image\/"},"sameAs":["https:\/\/www.facebook.com\/cityofmiamibeach","https:\/\/x.com\/Miamibeachnews","https:\/\/www.instagram.com\/miamibeachnews\/"],"description":"Sitw\u00e8b ofisy\u00e8l Vil Miami Beach la. Rete enf\u00f2me, jwenn enf\u00f2masyon enp\u00f2tan sou s\u00e8vis vil la, nouv\u00e8l, al\u00e8t, ev\u00e8nman, wout tramway, travay gouv\u00e8nman an ak plis ank\u00f2.","telephone":"305.604.CITY(2489)","legalName":"City of Miami Beach"}]}},"_links":{"self":[{"href":"https:\/\/www.miamibeachfl.gov\/ht\/wp-json\/wp\/v2\/pages\/391271","targetHints":{"allow":["GET"]}}],"collection":[{"href":"https:\/\/www.miamibeachfl.gov\/ht\/wp-json\/wp\/v2\/pages"}],"about":[{"href":"https:\/\/www.miamibeachfl.gov\/ht\/wp-json\/wp\/v2\/types\/page"}],"author":[{"embeddable":true,"href":"https:\/\/www.miamibeachfl.gov\/ht\/wp-json\/wp\/v2\/users\/329"}],"replies":[{"embeddable":true,"href":"https:\/\/www.miamibeachfl.gov\/ht\/wp-json\/wp\/v2\/comments?post=391271"}],"version-history":[{"count":19,"href":"https:\/\/www.miamibeachfl.gov\/ht\/wp-json\/wp\/v2\/pages\/391271\/revisions"}],"predecessor-version":[{"id":392431,"href":"https:\/\/www.miamibeachfl.gov\/ht\/wp-json\/wp\/v2\/pages\/391271\/revisions\/392431"}],"up":[{"embeddable":true,"href":"https:\/\/www.miamibeachfl.gov\/ht\/wp-json\/wp\/v2\/pages\/391155"}],"wp:attachment":[{"href":"https:\/\/www.miamibeachfl.gov\/ht\/wp-json\/wp\/v2\/media?parent=391271"}],"wp:term":[{"taxonomy":"category","embeddable":true,"href":"https:\/\/www.miamibeachfl.gov\/ht\/wp-json\/wp\/v2\/categories?post=391271"},{"taxonomy":"post_tag","embeddable":true,"href":"https:\/\/www.miamibeachfl.gov\/ht\/wp-json\/wp\/v2\/tags?post=391271"}],"curies":[{"name":"wp","href":"https:\/\/api.w.org\/{rel}","templated":true}]}}