{"id":391285,"date":"2025-11-06T16:08:07","date_gmt":"2025-11-06T21:08:07","guid":{"rendered":"https:\/\/www.miamibeachfl.gov\/?page_id=391285"},"modified":"2025-12-17T10:54:39","modified_gmt":"2025-12-17T15:54:39","slug":"pollution-prevention","status":"publish","type":"page","link":"https:\/\/www.miamibeachfl.gov\/ht\/water-quality\/pollution-prevention\/","title":{"rendered":"Kalite Dlo \u2013 Prevansyon Polisyon"},"content":{"rendered":"<button tabindex=\"0\" aria-label=\"Meni\" aria-expanded=\"false\">\n\t\t\t\tMeni\t\t\t<\/button>\n\t<nav aria-label=\"Meni\" itemscope=\"itemscope\" itemtype=\"https:\/\/schema.org\/SiteNavigationElement\">\n\t\t<a href=\"javascript:void(0)\" aria-label=\"F\u00e8men meni an\" role=\"button\">\u00d7<\/a>\n\t\t<ul id=\"menu-water-quality\"><li id=\"menu-item-391246\"><a href=\"https:\/\/www.miamibeachfl.gov\/ht\/water-quality\/\">Lakay<\/a><\/li><li id=\"menu-item-391270\"><a href=\"https:\/\/www.miamibeachfl.gov\/ht\/water-quality\/water-quality-miami-beach\/\">Naje<\/a><\/li><li id=\"menu-item-391303\"><a href=\"https:\/\/www.miamibeachfl.gov\/ht\/water-quality\/biscayne-bay\/\">B\u00e8 Biscayne<\/a><\/li><li id=\"menu-item-391302\"><a href=\"https:\/\/www.miamibeachfl.gov\/ht\/water-quality\/pollution-prevention\/\" aria-current=\"page\">Prevansyon Polisyon<\/a><\/li><li id=\"menu-item-391300\"><a href=\"https:\/\/www.miamibeachfl.gov\/ht\/water-quality\/drinking-water\/\">Dlo Potab<\/a><\/li><\/ul>\t<\/nav>\n\t\t\t\t<img decoding=\"async\" src=\"https:\/\/www.miamibeachfl.gov\/wp-content\/uploads\/2025\/11\/Pollution_1optimized.jpg\" alt=\"drain with polution\" itemprop=\"image\" height=\"500\" width=\"500\" title=\"Polisyon_1optimize\" onerror=\"this.style.display='none'\" loading=\"lazy\" \/>\n<h1>\n\t\t\tPrevansyon Polisyon\t<\/h1>\n\t<p>Anpeche polisyon antre nan kouran dlo nou yo esansy\u00e8l pou kenbe yon bon jan kalite dlo nan Biscayne Bay. Vil Miami Beach aplike yon \u00d2donans konpl\u00e8 sou Kalite Dlo epi li toujou depase estanda ki etabli pa Sist\u00e8m Nasyonal Eliminasyon Egzekisyon Polisyon (NPDES).<\/p>\n<p>To further reduce pollution at the source, Miami Beach has adopted several forward-thinking ordinances and launched public education campaigns. These include bans on single-use plastics, balloons, metallized and plastic confetti. In addition, a\u00a0fertilizer ban is in effect May 15 &#8211; November 1,\u00a0during the rainy season.<\/p>\n<p>Mezi sa yo f\u00e8t pou minimize ekoulman ak debri danjere ki ka domaje ekosist\u00e8m maren yo epi degrade kalite dlo a.<\/p>\n\t<nav id=\"breadcrumbs\" aria-label=\"Pen griye\"><a href=\"https:\/\/www.miamibeachfl.gov\/ht\/\">Lakay<\/a> &gt; <a href=\"https:\/\/www.miamibeachfl.gov\/ht\/water-quality\/\">Kalite Dlo<\/a> &gt; <strong>Kalite Dlo \u2013 Prevansyon Polisyon<\/strong><\/nav>\n\t\t\t\t<img decoding=\"async\" src=\"https:\/\/www.miamibeachfl.gov\/wp-content\/uploads\/2025\/11\/Beach-Clean-Up-1-scaled.png\" alt=\"Beach Clean Up 1\" itemprop=\"image\" height=\"2560\" width=\"1708\" title=\"Netwayaj Plaj 1\" onerror=\"this.style.display='none'\" loading=\"lazy\" \/>\n<h2>\n\t\t\t\u00d2donans Anviw\u00f2nmantal nan Miami Beach\t<\/h2>\n\t<p>Vil Miami Beach la te pase yon seri \u00f2donans anviw\u00f2nman pou diminye polisyon epi pwoteje sante Biscayne Bay ak ekosist\u00e8m ki antoure yo. R\u00e8gleman sa yo vize matery\u00e8l ak pratik ki poze risk anviw\u00f2nman ke yo konnen.<\/p>\n<p><strong>Ap\u00e8si sou \u00d2donans Enp\u00f2tan yo\u00a0<\/strong><\/p>\n<strong><a href=\"http:\/\/www.mbrisingabove.com\/wp-content\/uploads\/Ordinance-2019-4295.pdf\">Pay plastik ak ajitat\u00e8<\/a><\/strong><strong><br \/>\n<\/strong>Yo ent\u00e8di itilizasyon pay ak brase plastik ki jetab nan Miami Beach. Souvan yo lage bagay sa yo nan fatra epi yo ka f\u00e8 b\u00e8t maren yo mal l\u00e8 yo antre nan dlo a.\n<a href=\"https:\/\/www.mbrisingabove.com\/your-business\/green-businesses\/foam-free\/\"><strong>Styrofoam<\/strong>\u00a0epi\u00a0<strong>Ekstansyon \u00d2donans lan<\/strong><\/a><strong><br \/>\n<\/strong>Pwodui kim polistir\u00e8n tankou glasy\u00e8, tas, ak resipyan manje yo ent\u00e8di. Matery\u00e8l sa yo dekonpoze dousman, yo lage toksin epi yo souvan jwenn yo k\u00f2m fatra nan z\u00f2n koty\u00e8 yo.\n<strong><a href=\"https:\/\/www.mbrisingabove.com\/climate-mitigation\/plastic-free-miami-beach\/plastic-free-party\/\">Ent\u00e8diksyon balon, konfeti metalik ak plastik<\/a><br \/>\n<\/strong>Balon, dekorasyon f\u00e8t an metal ak an plastik pa otorize nan marina, pak ak plaj. Yon fwa yo lage yo oswa jete yo, souvan yo fini nan lanm\u00e8 a, kote yo reprezante yon menas grav pou zwazo ak b\u00e8t maren yo.\n<strong><a href=\"https:\/\/www.mbrisingabove.com\/climate-adaptation\/biscayne-bay\/fertilizers\/\">Angr\u00e8<\/a><\/strong><strong><br \/>\n<\/strong>Improper fertilizer use contributes to nutrient pollution and harmful algal blooms. The city has adopted seasonal restrictions and best practices to reduce fertilizer runoff into stormwater systems and the Bay. Fertilizer application in Miami Beach is prohibited from May 15 through November 1.\n<strong><a href=\"http:\/\/www.mbrisingabove.com\/wp-content\/uploads\/Ordinance-2021-4435-Water-Quality.pdf\">\u00d2donans sou Kalite Dlo a<\/a><\/strong><strong><br \/>\n<\/strong>Miami Beach&#8217;s Water Quality Ordinance outlines standards for pollution prevention, stormwater management and discharge control. The city exceeds federal requirements under the National Pollutant Discharge Elimination System (NPDES), reinforcing its commitment to clean water.\n<h2>\n\t\t\tOperasyon Dlo Pw\u00f2p\t<\/h2>\n\t<p>Kanal iben yo souvan f\u00e8 fas ak pwobl\u00e8m kalite dlo ak\u00f2z dlo lapli k ap koule ak netwayaj natir\u00e8l limite. Vil Miami Beach te lanse Operasyon Dlo Pw\u00f2p an mas 2025, yon inisyativ Komisyon Vil la te apwouve pou konsantre ef\u00f2 minisipal yo, soti nan bale lari rive nan detay konf\u00f2mite ak K\u00f2d la, sou amelyore kalite dlo Kanal Park View la.<\/p>\nPandan ke etid resan yo montre amelyorasyon mezirab gras a aksyon ki te pran pandan k\u00e8k d\u00e8nye ane yo, Miami Beach kontinye aplike yon seri estrateji pou amelyore kalite dlo a plis toujou.<br \/>\nAprann plis: <a href=\"https:\/\/www.mbrisingabove.com\/climate-adaptation\/biscayne-bay\/park-view-canal-water-quality\/\">Operasyon Dlo Pw\u00f2p<\/a>\n<h2>\n\t\t\tAprann plis\t<\/h2>\n\t<strong><a href=\"https:\/\/www.mbrisingabove.com\/climate-adaptation\/biscayne-bay\/\">Miami Beach k ap monte pi wo pase<\/a><br \/>\n<\/strong>Explore the City of Miami Beach&#8217;s campaigns and programs to protect the Biscayne Bay.\n<strong><a href=\"https:\/\/www.mbrisingabove.com\/climate-mitigation\/plastic-free-miami-beach\/\">Miami Beach san plastik<\/a><br \/>\n<\/strong>Dekouvri biznis lokal ki angaje yo pou diminye fatra plastik.\n<b><a href=\"https:\/\/www.epa.gov\/npdes\">Sist\u00e8m Nasyonal pou Eliminasyon Egzeyat Polisyon (NPDES)<\/a><\/b><br \/>\nAprann plis bagay sou pwogram federal la ak kijan Miami Beach konf\u00f2m ak estanda li yo.\n<a href=\"https:\/\/www.mbrisingabove.com\/climate-adaptation\/biscayne-bay\/)\"><strong>Dech\u00e8 b\u00e8t kay\u00a0<\/strong><\/a><br \/>\nOwning a pet is a huge responsibility. Not only do they need to be loved, fed, and walked &#8211; but their waste needs to be picked up properly!","protected":false},"excerpt":{"rendered":"<p>Menu \u00d7 Home Swimming Biscayne Bay Pollution Prevention Drinking Water Pollution Prevention Preventing pollution from entering our waterways is essential [&hellip;]<\/p>\n","protected":false},"author":329,"featured_media":0,"parent":391155,"menu_order":29,"comment_status":"closed","ping_status":"closed","template":"","meta":{"_searchwp_excluded":"","site-sidebar-layout":"default","site-content-layout":"","ast-site-content-layout":"default","site-content-style":"default","site-sidebar-style":"default","ast-global-header-display":"","ast-banner-title-visibility":"","ast-main-header-display":"","ast-hfb-above-header-display":"","ast-hfb-below-header-display":"","ast-hfb-mobile-header-display":"","site-post-title":"","ast-breadcrumbs-content":"","ast-featured-img":"","footer-sml-layout":"","theme-transparent-header-meta":"","adv-header-id-meta":"","stick-header-meta":"","header-above-stick-meta":"","header-main-stick-meta":"","header-below-stick-meta":"","astra-migrate-meta-layouts":"default","ast-page-background-enabled":"default","ast-page-background-meta":{"desktop":{"background-color":"var(--ast-global-color-5)","background-image":"","background-repeat":"repeat","background-position":"center center","background-size":"auto","background-attachment":"scroll","background-type":"","background-media":"","overlay-type":"","overlay-color":"","overlay-opacity":"","overlay-gradient":""},"tablet":{"background-color":"","background-image":"","background-repeat":"repeat","background-position":"center center","background-size":"auto","background-attachment":"scroll","background-type":"","background-media":"","overlay-type":"","overlay-color":"","overlay-opacity":"","overlay-gradient":""},"mobile":{"background-color":"","background-image":"","background-repeat":"repeat","background-position":"center center","background-size":"auto","background-attachment":"scroll","background-type":"","background-media":"","overlay-type":"","overlay-color":"","overlay-opacity":"","overlay-gradient":""}},"ast-content-background-meta":{"desktop":{"background-color":"var(--ast-global-color-4)","background-image":"","background-repeat":"repeat","background-position":"center center","background-size":"auto","background-attachment":"scroll","background-type":"","background-media":"","overlay-type":"","overlay-color":"","overlay-opacity":"","overlay-gradient":""},"tablet":{"background-color":"var(--ast-global-color-4)","background-image":"","background-repeat":"repeat","background-position":"center center","background-size":"auto","background-attachment":"scroll","background-type":"","background-media":"","overlay-type":"","overlay-color":"","overlay-opacity":"","overlay-gradient":""},"mobile":{"background-color":"var(--ast-global-color-4)","background-image":"","background-repeat":"repeat","background-position":"center center","background-size":"auto","background-attachment":"scroll","background-type":"","background-media":"","overlay-type":"","overlay-color":"","overlay-opacity":"","overlay-gradient":""}},"footnotes":""},"categories":[],"tags":[],"class_list":["post-391285","page","type-page","status-publish","hentry"],"yoast_head":"<!-- This site is optimized with the Yoast SEO Premium plugin v26.6 (Yoast SEO v26.6) - https:\/\/yoast.com\/wordpress\/plugins\/seo\/ -->\n<title>Water Quality - Pollution Prevention - City of Miami Beach<\/title>\n<meta name=\"description\" content=\"Preventing pollution from entering our waterways is essential to maintaining high water quality in Biscayne Bay. The City of Miami Beach enforces a comprehensive Water Quality Ordinance and consistently exceeds the standards set by the National Pollutant Discharge Elimination System (NPDES).\" \/>\n<meta name=\"robots\" content=\"index, follow, max-snippet:-1, max-image-preview:large, max-video-preview:-1\" \/>\n<link rel=\"canonical\" href=\"https:\/\/www.miamibeachfl.gov\/ht\/water-quality\/pollution-prevention\/\" \/>\n<meta property=\"og:locale\" content=\"ht_HT\" \/>\n<meta property=\"og:type\" content=\"article\" \/>\n<meta property=\"og:title\" content=\"Water Quality - Pollution Prevention\" \/>\n<meta property=\"og:description\" content=\"Preventing pollution from entering our waterways is essential to maintaining high water quality in Biscayne Bay. The City of Miami Beach enforces a comprehensive Water Quality Ordinance and consistently exceeds the standards set by the National Pollutant Discharge Elimination System (NPDES).\" \/>\n<meta property=\"og:url\" content=\"https:\/\/www.miamibeachfl.gov\/ht\/water-quality\/pollution-prevention\/\" \/>\n<meta property=\"og:site_name\" content=\"City of Miami Beach\" \/>\n<meta property=\"article:publisher\" content=\"https:\/\/www.facebook.com\/cityofmiamibeach\" \/>\n<meta property=\"article:modified_time\" content=\"2025-12-17T15:54:39+00:00\" \/>\n<meta property=\"og:image\" content=\"https:\/\/www.miamibeachfl.gov\/wp-content\/uploads\/2023\/08\/Masterpermitcircle.jpeg\" \/>\n\t<meta property=\"og:image:width\" content=\"1200\" \/>\n\t<meta property=\"og:image:height\" content=\"1200\" \/>\n\t<meta property=\"og:image:type\" content=\"image\/jpeg\" \/>\n<meta name=\"twitter:card\" content=\"summary_large_image\" \/>\n<meta name=\"twitter:site\" content=\"@Miamibeachnews\" \/>\n<script type=\"application\/ld+json\" class=\"yoast-schema-graph\">{\"@context\":\"https:\/\/schema.org\",\"@graph\":[{\"@type\":\"WebPage\",\"@id\":\"https:\/\/www.miamibeachfl.gov\/water-quality\/pollution-prevention\/\",\"url\":\"https:\/\/www.miamibeachfl.gov\/water-quality\/pollution-prevention\/\",\"name\":\"Water Quality - Pollution Prevention - City of Miami Beach\",\"isPartOf\":{\"@id\":\"https:\/\/www.miamibeachfl.gov\/#website\"},\"primaryImageOfPage\":{\"@id\":\"https:\/\/www.miamibeachfl.gov\/water-quality\/pollution-prevention\/#primaryimage\"},\"image\":{\"@id\":\"https:\/\/www.miamibeachfl.gov\/water-quality\/pollution-prevention\/#primaryimage\"},\"thumbnailUrl\":\"https:\/\/www.miamibeachfl.gov\/wp-content\/uploads\/2025\/11\/Pollution_1optimized.jpg\",\"datePublished\":\"2025-11-06T21:08:07+00:00\",\"dateModified\":\"2025-12-17T15:54:39+00:00\",\"description\":\"Preventing pollution from entering our waterways is essential to maintaining high water quality in Biscayne Bay. The City of Miami Beach enforces a comprehensive Water Quality Ordinance and consistently exceeds the standards set by the National Pollutant Discharge Elimination System (NPDES).\",\"breadcrumb\":{\"@id\":\"https:\/\/www.miamibeachfl.gov\/water-quality\/pollution-prevention\/#breadcrumb\"},\"inLanguage\":\"ht\",\"potentialAction\":[{\"@type\":\"ReadAction\",\"target\":[\"https:\/\/www.miamibeachfl.gov\/water-quality\/pollution-prevention\/\"]}]},{\"@type\":\"ImageObject\",\"inLanguage\":\"ht\",\"@id\":\"https:\/\/www.miamibeachfl.gov\/water-quality\/pollution-prevention\/#primaryimage\",\"url\":\"https:\/\/www.miamibeachfl.gov\/wp-content\/uploads\/2025\/11\/Pollution_1optimized.jpg\",\"contentUrl\":\"https:\/\/www.miamibeachfl.gov\/wp-content\/uploads\/2025\/11\/Pollution_1optimized.jpg\"},{\"@type\":\"BreadcrumbList\",\"@id\":\"https:\/\/www.miamibeachfl.gov\/water-quality\/pollution-prevention\/#breadcrumb\",\"itemListElement\":[{\"@type\":\"ListItem\",\"position\":1,\"name\":\"Home\",\"item\":\"https:\/\/www.miamibeachfl.gov\/\"},{\"@type\":\"ListItem\",\"position\":2,\"name\":\"Water Quality\",\"item\":\"https:\/\/www.miamibeachfl.gov\/water-quality\/\"},{\"@type\":\"ListItem\",\"position\":3,\"name\":\"Water Quality &#8211; Pollution Prevention\"}]},{\"@type\":\"WebSite\",\"@id\":\"https:\/\/www.miamibeachfl.gov\/#website\",\"url\":\"https:\/\/www.miamibeachfl.gov\/\",\"name\":\"City of Miami Beach\",\"description\":\"The official website of the City of Miami Beach. Stay informed, find important information on city services, news, alerts, events, trolley routes, government employment and more.\",\"publisher\":{\"@id\":\"https:\/\/www.miamibeachfl.gov\/#organization\"},\"potentialAction\":[{\"@type\":\"SearchAction\",\"target\":{\"@type\":\"EntryPoint\",\"urlTemplate\":\"https:\/\/www.miamibeachfl.gov\/?s={search_term_string}\"},\"query-input\":{\"@type\":\"PropertyValueSpecification\",\"valueRequired\":true,\"valueName\":\"search_term_string\"}}],\"inLanguage\":\"ht\"},{\"@type\":\"Organization\",\"@id\":\"https:\/\/www.miamibeachfl.gov\/#organization\",\"name\":\"City of Miami Beach\",\"url\":\"https:\/\/www.miamibeachfl.gov\/\",\"logo\":{\"@type\":\"ImageObject\",\"inLanguage\":\"ht\",\"@id\":\"https:\/\/www.miamibeachfl.gov\/#\/schema\/logo\/image\/\",\"url\":\"https:\/\/www.miamibeachfl.gov\/wp-content\/uploads\/2022\/06\/miamibeach-logoblue.png\",\"contentUrl\":\"https:\/\/www.miamibeachfl.gov\/wp-content\/uploads\/2022\/06\/miamibeach-logoblue.png\",\"width\":1962,\"height\":381,\"caption\":\"City of Miami Beach\"},\"image\":{\"@id\":\"https:\/\/www.miamibeachfl.gov\/#\/schema\/logo\/image\/\"},\"sameAs\":[\"https:\/\/www.facebook.com\/cityofmiamibeach\",\"https:\/\/x.com\/Miamibeachnews\",\"https:\/\/www.instagram.com\/miamibeachnews\/\"],\"description\":\"The official website of the City of Miami Beach. Stay informed, find important information on city services, news, alerts, events, trolley routes, government employment and more.\",\"telephone\":\"305.604.CITY(2489)\",\"legalName\":\"City of Miami Beach\"}]}<\/script>\n<!-- \/ Yoast SEO Premium plugin. -->","yoast_head_json":{"title":"Water Quality - Pollution Prevention - City of Miami Beach","description":"Anpeche polisyon antre nan kouran dlo nou yo esansy\u00e8l pou kenbe yon bon jan kalite dlo nan Biscayne Bay. Vil Miami Beach aplike yon \u00d2donans konpl\u00e8 sou Kalite Dlo epi li toujou depase estanda ki etabli pa Sist\u00e8m Nasyonal Eliminasyon Egzekisyon Polisyon (NPDES).","robots":{"index":"index","follow":"follow","max-snippet":"max-snippet:-1","max-image-preview":"max-image-preview:large","max-video-preview":"max-video-preview:-1"},"canonical":"https:\/\/www.miamibeachfl.gov\/ht\/water-quality\/pollution-prevention\/","og_locale":"ht_HT","og_type":"article","og_title":"Water Quality - Pollution Prevention","og_description":"Preventing pollution from entering our waterways is essential to maintaining high water quality in Biscayne Bay. The City of Miami Beach enforces a comprehensive Water Quality Ordinance and consistently exceeds the standards set by the National Pollutant Discharge Elimination System (NPDES).","og_url":"https:\/\/www.miamibeachfl.gov\/ht\/water-quality\/pollution-prevention\/","og_site_name":"City of Miami Beach","article_publisher":"https:\/\/www.facebook.com\/cityofmiamibeach","article_modified_time":"2025-12-17T15:54:39+00:00","og_image":[{"width":1200,"height":1200,"url":"https:\/\/www.miamibeachfl.gov\/wp-content\/uploads\/2023\/08\/Masterpermitcircle.jpeg","type":"image\/jpeg"}],"twitter_card":"summary_large_image","twitter_site":"@Miamibeachnews","schema":{"@context":"https:\/\/schema.org","@graph":[{"@type":"WebPage","@id":"https:\/\/www.miamibeachfl.gov\/water-quality\/pollution-prevention\/","url":"https:\/\/www.miamibeachfl.gov\/water-quality\/pollution-prevention\/","name":"Water Quality - Pollution Prevention - City of Miami Beach","isPartOf":{"@id":"https:\/\/www.miamibeachfl.gov\/#website"},"primaryImageOfPage":{"@id":"https:\/\/www.miamibeachfl.gov\/water-quality\/pollution-prevention\/#primaryimage"},"image":{"@id":"https:\/\/www.miamibeachfl.gov\/water-quality\/pollution-prevention\/#primaryimage"},"thumbnailUrl":"https:\/\/www.miamibeachfl.gov\/wp-content\/uploads\/2025\/11\/Pollution_1optimized.jpg","datePublished":"2025-11-06T21:08:07+00:00","dateModified":"2025-12-17T15:54:39+00:00","description":"Anpeche polisyon antre nan kouran dlo nou yo esansy\u00e8l pou kenbe yon bon jan kalite dlo nan Biscayne Bay. Vil Miami Beach aplike yon \u00d2donans konpl\u00e8 sou Kalite Dlo epi li toujou depase estanda ki etabli pa Sist\u00e8m Nasyonal Eliminasyon Egzekisyon Polisyon (NPDES).","breadcrumb":{"@id":"https:\/\/www.miamibeachfl.gov\/water-quality\/pollution-prevention\/#breadcrumb"},"inLanguage":"ht","potentialAction":[{"@type":"ReadAction","target":["https:\/\/www.miamibeachfl.gov\/water-quality\/pollution-prevention\/"]}]},{"@type":"ImageObject","inLanguage":"ht","@id":"https:\/\/www.miamibeachfl.gov\/water-quality\/pollution-prevention\/#primaryimage","url":"https:\/\/www.miamibeachfl.gov\/wp-content\/uploads\/2025\/11\/Pollution_1optimized.jpg","contentUrl":"https:\/\/www.miamibeachfl.gov\/wp-content\/uploads\/2025\/11\/Pollution_1optimized.jpg"},{"@type":"BreadcrumbList","@id":"https:\/\/www.miamibeachfl.gov\/water-quality\/pollution-prevention\/#breadcrumb","itemListElement":[{"@type":"ListItem","position":1,"name":"Home","item":"https:\/\/www.miamibeachfl.gov\/"},{"@type":"ListItem","position":2,"name":"Water Quality","item":"https:\/\/www.miamibeachfl.gov\/water-quality\/"},{"@type":"ListItem","position":3,"name":"Water Quality &#8211; Pollution Prevention"}]},{"@type":"WebSite","@id":"https:\/\/www.miamibeachfl.gov\/#website","url":"https:\/\/www.miamibeachfl.gov\/","name":"Vil Miami Beach","description":"Sitw\u00e8b ofisy\u00e8l Vil Miami Beach la. Rete enf\u00f2me, jwenn enf\u00f2masyon enp\u00f2tan sou s\u00e8vis vil la, nouv\u00e8l, al\u00e8t, ev\u00e8nman, wout tramway, travay gouv\u00e8nman an ak plis ank\u00f2.","publisher":{"@id":"https:\/\/www.miamibeachfl.gov\/#organization"},"potentialAction":[{"@type":"SearchAction","target":{"@type":"EntryPoint","urlTemplate":"https:\/\/www.miamibeachfl.gov\/?s={search_term_string}"},"query-input":{"@type":"PropertyValueSpecification","valueRequired":true,"valueName":"search_term_string"}}],"inLanguage":"ht"},{"@type":"Organization","@id":"https:\/\/www.miamibeachfl.gov\/#organization","name":"Vil Miami Beach","url":"https:\/\/www.miamibeachfl.gov\/","logo":{"@type":"ImageObject","inLanguage":"ht","@id":"https:\/\/www.miamibeachfl.gov\/#\/schema\/logo\/image\/","url":"https:\/\/www.miamibeachfl.gov\/wp-content\/uploads\/2022\/06\/miamibeach-logoblue.png","contentUrl":"https:\/\/www.miamibeachfl.gov\/wp-content\/uploads\/2022\/06\/miamibeach-logoblue.png","width":1962,"height":381,"caption":"City of Miami Beach"},"image":{"@id":"https:\/\/www.miamibeachfl.gov\/#\/schema\/logo\/image\/"},"sameAs":["https:\/\/www.facebook.com\/cityofmiamibeach","https:\/\/x.com\/Miamibeachnews","https:\/\/www.instagram.com\/miamibeachnews\/"],"description":"Sitw\u00e8b ofisy\u00e8l Vil Miami Beach la. Rete enf\u00f2me, jwenn enf\u00f2masyon enp\u00f2tan sou s\u00e8vis vil la, nouv\u00e8l, al\u00e8t, ev\u00e8nman, wout tramway, travay gouv\u00e8nman an ak plis ank\u00f2.","telephone":"305.604.CITY(2489)","legalName":"City of Miami Beach"}]}},"_links":{"self":[{"href":"https:\/\/www.miamibeachfl.gov\/ht\/wp-json\/wp\/v2\/pages\/391285","targetHints":{"allow":["GET"]}}],"collection":[{"href":"https:\/\/www.miamibeachfl.gov\/ht\/wp-json\/wp\/v2\/pages"}],"about":[{"href":"https:\/\/www.miamibeachfl.gov\/ht\/wp-json\/wp\/v2\/types\/page"}],"author":[{"embeddable":true,"href":"https:\/\/www.miamibeachfl.gov\/ht\/wp-json\/wp\/v2\/users\/329"}],"replies":[{"embeddable":true,"href":"https:\/\/www.miamibeachfl.gov\/ht\/wp-json\/wp\/v2\/comments?post=391285"}],"version-history":[{"count":19,"href":"https:\/\/www.miamibeachfl.gov\/ht\/wp-json\/wp\/v2\/pages\/391285\/revisions"}],"predecessor-version":[{"id":393497,"href":"https:\/\/www.miamibeachfl.gov\/ht\/wp-json\/wp\/v2\/pages\/391285\/revisions\/393497"}],"up":[{"embeddable":true,"href":"https:\/\/www.miamibeachfl.gov\/ht\/wp-json\/wp\/v2\/pages\/391155"}],"wp:attachment":[{"href":"https:\/\/www.miamibeachfl.gov\/ht\/wp-json\/wp\/v2\/media?parent=391285"}],"wp:term":[{"taxonomy":"category","embeddable":true,"href":"https:\/\/www.miamibeachfl.gov\/ht\/wp-json\/wp\/v2\/categories?post=391285"},{"taxonomy":"post_tag","embeddable":true,"href":"https:\/\/www.miamibeachfl.gov\/ht\/wp-json\/wp\/v2\/tags?post=391285"}],"curies":[{"name":"wp","href":"https:\/\/api.w.org\/{rel}","templated":true}]}}