{"id":39485,"date":"2017-11-01T12:28:52","date_gmt":"2017-11-01T16:28:52","guid":{"rendered":"http:\/\/www.miamibeachfl.gov\/?page_id=39485"},"modified":"2026-01-02T15:20:34","modified_gmt":"2026-01-02T20:20:34","slug":"elected-officials","status":"publish","type":"page","link":"https:\/\/www.miamibeachfl.gov\/ht\/city-hall\/elected-officials\/","title":{"rendered":"Majistra ak Komisyon\u00e8 yo"},"content":{"rendered":"<h1>\n\t\t\tMajistra ak Komisyon\u00e8 yo\t<\/h1>\n\t<p>Vil Miami Beach gouv\u00e8ne pa yon gouv\u00e8nman ki rele Komisyon Vil la\/Manadj\u00e8 Vil la. Komisyon Vil la gen sis Komis\u00e8 eli ak yon Majistra eli. Komis\u00e8 yo eli pou yon manda katran ak yon limit manda de de manda. Manda yo varye youn apre l\u00f2t, konsa mwatye manm Komisyon an eli chak dezan. Majistra a eli pou yon manda dezan ak yon limit manda twa manda. Komisyon Vil la nonmen... <strong><a href=\"\/ht\/city-hall\/city-manager\/\"><u>Direkt\u00e8 Vil la<\/u><\/a><\/strong> ki sip\u00e8vize Administrasyon Vil la. K\u00f2 a nonmen tou <strong><a href=\"\/ht\/city-hall\/city-attorney\/\"><u>Avoka Vil la<\/u><\/a>, <a href=\"https:\/\/www.miamibeachfl.gov\/ht\/city-hall\/city-clerk\/\"><u>Grefye Vil la<\/u><\/a> <\/strong>epi <strong><a href=\"\/ht\/inspectorgeneral\/\"><u>Enspekt\u00e8 Jeneral<\/u><\/a>.<\/strong><\/p>\n\t<a href=\"\/ht\/city-hall\/city-clerk\/meeting-notices\/\" target=\"_self\"  aria-label=\"Ale nan \/city-hall\/city-clerk\/meeting-notices\/\"><\/a>\n\t\t<h2>Reyinyon Komisyon yo<\/h2>\t\t\t\n\t<a href=\"\/ht\/city-hall\/city-clerk\/boards-and-committees\/\" target=\"_self\"  aria-label=\"Ale nan \/city-hall\/city-clerk\/boards-and-committees\/\"><\/a>\n\t\t<h2>Kons\u00e8y Administrasyon ak Komite yo<\/h2>\t\t\t\n\t<a href=\"\/ht\/city-hall\/city-clerk\/election-information\/\" target=\"_self\"  aria-label=\"Ale nan \/city-hall\/city-clerk\/election-information\/\"><\/a>\n\t\t<h2>Enf\u00f2masyon sou Eleksyon<\/h2>\t\t\t\n\t<a href=\"\/ht\/city-hall\/elected-officials\/mayor-and-commission-press-releases\/\" target=\"_self\"  aria-label=\"Ale nan \/city-hall\/elected-officials\/mayor-and-commission-press-releases\/\"><\/a>\n\t\t<h2>Kominike pou lapr\u00e8s<\/h2>\t\t\t\n\t\t\t\t<a href=\"\/ht\/staff\/mayor-steven-meiner\/\"  target=\"_self\" itemprop=\"url\">\n\t\t\t\t<img decoding=\"async\" src=\"https:\/\/www.miamibeachfl.gov\/wp-content\/uploads\/2023\/12\/MayorMeiner2024-Circle.png\" alt=\"Steve Meiner\" itemprop=\"image\" height=\"250\" width=\"249\" title=\"MajistraMeiner2024-S\u00e8k\" onerror=\"this.style.display='none'\" loading=\"lazy\" \/>\n\t\t\t\t<\/a>\n\t\t<h2>Majistra Steven Meiner<\/h2>\n\t\t\t\t<p>Steven Meiner se 39y\u00e8m Majistra Miami Beach epi li konnen k\u00f2m &quot;Mjistra Lalwa ak L\u00f2d&quot; pou det\u00e8minasyon proaktif li pou amelyore sekirite piblik, amelyore kalite lavi rezidan yo, epi ankouraje transparans gouv\u00e8nman an.<\/p>\n\t\t\t<a href=\"\/ht\/staff\/mayor-steven-meiner\/\" title=\"Klike la a\" target=\"_self\"   role=\"button\" aria-label=\"Aprann plis\">\n\t\t\t\t\t\t\tAprann plis\n\t\t<\/a>\n\t<p>Pou kesyon medya sou Majistra a ak Komisyon an, voye yon im\u00e8l bay <strong><a title=\"mailto:vp@miamibeachfl.gov\" href=\"mailto:daphnesaba@miamibeachfl.gov\">DaphneSaba@miamibeachfl.gov<\/a><\/strong><\/p>\n\t\t\t<a href=\"\/ht\/city-hall\/city-manager\/\" target=\"_self\">\n\t\t\t\t\t\tBiwo Direkt\u00e8 Vil la\n\t\t\t\t\t<\/a>\n\t\t\t<a href=\"\/ht\/city-hall\/city-attorney\/\" target=\"_self\">\n\t\t\t\t\t\tBiwo Avoka Vil la\n\t\t\t\t\t<\/a>\n\t\t\t<a href=\"https:\/\/www.miamibeachfl.gov\/ht\/city-hall\/city-clerk\/agenda-archive-main-page-2\/agenda-archive-main-page\/\" target=\"_self\">\n\t\t\t\t\t\tRap\u00f2 apre aksyon yo\n\t\t\t\t\t<\/a>\n<h3>\n\t\t\tBiwo Prensipal\t<\/h3>\n\t1700 Konvansyon Center Drive,<br \/>\nMiami Beach, Florid 33139\n<h3>\n\t\t\tNimewo Biwo\t<\/h3>\n\t<p><strong><a href=\"tel:3056737035\">305.673.7035<\/a><\/strong><\/p>\n<h3>\n\t\t\tOr\u00e8 Operasyon\t<\/h3>\n\t<p>9\u00e8 dimaten \u2013 5\u00e8 apr\u00e8midi | Lendi \u2013 Vandredi<\/p>","protected":false},"excerpt":{"rendered":"<p><a href=\"tel:3056737035\" style=\"text-decoration:none; color:#004896;\"><br \/>\n    <i class=\"fa-solid fa-phone\"><\/i> 305.673.7035<\/a><\/p>","protected":false},"author":222,"featured_media":238770,"parent":28206,"menu_order":247,"comment_status":"closed","ping_status":"closed","template":"","meta":{"_searchwp_excluded":"","site-sidebar-layout":"default","site-content-layout":"","ast-site-content-layout":"default","site-content-style":"default","site-sidebar-style":"default","ast-global-header-display":"","ast-banner-title-visibility":"","ast-main-header-display":"","ast-hfb-above-header-display":"","ast-hfb-below-header-display":"","ast-hfb-mobile-header-display":"","site-post-title":"","ast-breadcrumbs-content":"","ast-featured-img":"","footer-sml-layout":"","ast-disable-related-posts":"","theme-transparent-header-meta":"","adv-header-id-meta":"","stick-header-meta":"","header-above-stick-meta":"","header-main-stick-meta":"","header-below-stick-meta":"","astra-migrate-meta-layouts":"default","ast-page-background-enabled":"default","ast-page-background-meta":{"desktop":{"background-color":"var(--ast-global-color-5)","background-image":"","background-repeat":"repeat","background-position":"center center","background-size":"auto","background-attachment":"scroll","background-type":"","background-media":"","overlay-type":"","overlay-color":"","overlay-opacity":"","overlay-gradient":""},"tablet":{"background-color":"","background-image":"","background-repeat":"repeat","background-position":"center center","background-size":"auto","background-attachment":"scroll","background-type":"","background-media":"","overlay-type":"","overlay-color":"","overlay-opacity":"","overlay-gradient":""},"mobile":{"background-color":"","background-image":"","background-repeat":"repeat","background-position":"center center","background-size":"auto","background-attachment":"scroll","background-type":"","background-media":"","overlay-type":"","overlay-color":"","overlay-opacity":"","overlay-gradient":""}},"ast-content-background-meta":{"desktop":{"background-color":"var(--ast-global-color-4)","background-image":"","background-repeat":"repeat","background-position":"center center","background-size":"auto","background-attachment":"scroll","background-type":"","background-media":"","overlay-type":"","overlay-color":"","overlay-opacity":"","overlay-gradient":""},"tablet":{"background-color":"var(--ast-global-color-4)","background-image":"","background-repeat":"repeat","background-position":"center center","background-size":"auto","background-attachment":"scroll","background-type":"","background-media":"","overlay-type":"","overlay-color":"","overlay-opacity":"","overlay-gradient":""},"mobile":{"background-color":"var(--ast-global-color-4)","background-image":"","background-repeat":"repeat","background-position":"center center","background-size":"auto","background-attachment":"scroll","background-type":"","background-media":"","overlay-type":"","overlay-color":"","overlay-opacity":"","overlay-gradient":""}},"footnotes":""},"categories":[1761],"tags":[1732],"class_list":["post-39485","page","type-page","status-publish","has-post-thumbnail","hentry","category-government","tag-government"],"yoast_head":"<!-- This site is optimized with the Yoast SEO Premium plugin v27.4 (Yoast SEO v27.4) - https:\/\/yoast.com\/product\/yoast-seo-premium-wordpress\/ -->\n<title>Mayor &amp; Commissioners - City of Miami Beach<\/title>\n<meta name=\"description\" content=\"The City of Miami Beach holds a commission\/manager government. The City Commission consists of six elected Commissioners and an elected Mayor.\" \/>\n<meta name=\"robots\" content=\"index, follow, max-snippet:-1, max-image-preview:large, max-video-preview:-1\" \/>\n<link rel=\"canonical\" href=\"https:\/\/www.miamibeachfl.gov\/ht\/city-hall\/elected-officials\/\" \/>\n<meta property=\"og:locale\" content=\"ht_HT\" \/>\n<meta property=\"og:type\" content=\"article\" \/>\n<meta property=\"og:title\" content=\"Mayor &amp; Commissioners\" \/>\n<meta property=\"og:description\" content=\"The City of Miami Beach holds a commission\/manager government. The City Commission consists of six elected Commissioners and an elected Mayor.\" \/>\n<meta property=\"og:url\" content=\"https:\/\/www.miamibeachfl.gov\/ht\/city-hall\/elected-officials\/\" \/>\n<meta property=\"og:site_name\" content=\"City of Miami Beach\" \/>\n<meta property=\"article:publisher\" content=\"https:\/\/www.facebook.com\/cityofmiamibeach\" \/>\n<meta property=\"article:modified_time\" content=\"2026-01-02T20:20:34+00:00\" \/>\n<meta property=\"og:image\" content=\"https:\/\/www.miamibeachfl.gov\/wp-content\/uploads\/2019\/11\/Steven-Meiner.jpg\" \/>\n\t<meta property=\"og:image:width\" content=\"600\" \/>\n\t<meta property=\"og:image:height\" content=\"600\" \/>\n\t<meta property=\"og:image:type\" content=\"image\/jpeg\" \/>\n<meta name=\"twitter:card\" content=\"summary_large_image\" \/>\n<meta name=\"twitter:description\" content=\"The City of Miami Beach holds a commission\/manager government. The City Commission consists of six elected Commissioners and an elected Mayor.\" \/>\n<meta name=\"twitter:site\" content=\"@Miamibeachnews\" \/>\n<script type=\"application\/ld+json\" class=\"yoast-schema-graph\">{\"@context\":\"https:\\\/\\\/schema.org\",\"@graph\":[{\"@type\":\"WebPage\",\"@id\":\"https:\\\/\\\/www.miamibeachfl.gov\\\/city-hall\\\/elected-officials\\\/\",\"url\":\"https:\\\/\\\/www.miamibeachfl.gov\\\/city-hall\\\/elected-officials\\\/\",\"name\":\"Mayor & Commissioners - City of Miami Beach\",\"isPartOf\":{\"@id\":\"https:\\\/\\\/www.miamibeachfl.gov\\\/#website\"},\"primaryImageOfPage\":{\"@id\":\"https:\\\/\\\/www.miamibeachfl.gov\\\/city-hall\\\/elected-officials\\\/#primaryimage\"},\"image\":{\"@id\":\"https:\\\/\\\/www.miamibeachfl.gov\\\/city-hall\\\/elected-officials\\\/#primaryimage\"},\"thumbnailUrl\":\"https:\\\/\\\/www.miamibeachfl.gov\\\/wp-content\\\/uploads\\\/2023\\\/01\\\/MiamiBeach-cityhall.jpg\",\"datePublished\":\"2017-11-01T16:28:52+00:00\",\"dateModified\":\"2026-01-02T20:20:34+00:00\",\"description\":\"The City of Miami Beach holds a commission\\\/manager government. The City Commission consists of six elected Commissioners and an elected Mayor.\",\"breadcrumb\":{\"@id\":\"https:\\\/\\\/www.miamibeachfl.gov\\\/city-hall\\\/elected-officials\\\/#breadcrumb\"},\"inLanguage\":\"ht\",\"potentialAction\":[{\"@type\":\"ReadAction\",\"target\":[\"https:\\\/\\\/www.miamibeachfl.gov\\\/city-hall\\\/elected-officials\\\/\"]}]},{\"@type\":\"ImageObject\",\"inLanguage\":\"ht\",\"@id\":\"https:\\\/\\\/www.miamibeachfl.gov\\\/city-hall\\\/elected-officials\\\/#primaryimage\",\"url\":\"https:\\\/\\\/www.miamibeachfl.gov\\\/wp-content\\\/uploads\\\/2023\\\/01\\\/MiamiBeach-cityhall.jpg\",\"contentUrl\":\"https:\\\/\\\/www.miamibeachfl.gov\\\/wp-content\\\/uploads\\\/2023\\\/01\\\/MiamiBeach-cityhall.jpg\",\"width\":1000,\"height\":1000,\"caption\":\"City Hall\"},{\"@type\":\"BreadcrumbList\",\"@id\":\"https:\\\/\\\/www.miamibeachfl.gov\\\/city-hall\\\/elected-officials\\\/#breadcrumb\",\"itemListElement\":[{\"@type\":\"ListItem\",\"position\":1,\"name\":\"Home\",\"item\":\"https:\\\/\\\/www.miamibeachfl.gov\\\/\"},{\"@type\":\"ListItem\",\"position\":2,\"name\":\"City Hall\",\"item\":\"https:\\\/\\\/www.miamibeachfl.gov\\\/city-hall\\\/\"},{\"@type\":\"ListItem\",\"position\":3,\"name\":\"Mayor &#038; Commissioners\"}]},{\"@type\":\"WebSite\",\"@id\":\"https:\\\/\\\/www.miamibeachfl.gov\\\/#website\",\"url\":\"https:\\\/\\\/www.miamibeachfl.gov\\\/\",\"name\":\"City of Miami Beach\",\"description\":\"The official website of the City of Miami Beach. Stay informed, find important information on city services, news, alerts, events, trolley routes, government employment and more.\",\"publisher\":{\"@id\":\"https:\\\/\\\/www.miamibeachfl.gov\\\/#organization\"},\"potentialAction\":[{\"@type\":\"SearchAction\",\"target\":{\"@type\":\"EntryPoint\",\"urlTemplate\":\"https:\\\/\\\/www.miamibeachfl.gov\\\/?s={search_term_string}\"},\"query-input\":{\"@type\":\"PropertyValueSpecification\",\"valueRequired\":true,\"valueName\":\"search_term_string\"}}],\"inLanguage\":\"ht\"},{\"@type\":\"Organization\",\"@id\":\"https:\\\/\\\/www.miamibeachfl.gov\\\/#organization\",\"name\":\"City of Miami Beach\",\"url\":\"https:\\\/\\\/www.miamibeachfl.gov\\\/\",\"logo\":{\"@type\":\"ImageObject\",\"inLanguage\":\"ht\",\"@id\":\"https:\\\/\\\/www.miamibeachfl.gov\\\/#\\\/schema\\\/logo\\\/image\\\/\",\"url\":\"https:\\\/\\\/www.miamibeachfl.gov\\\/wp-content\\\/uploads\\\/2022\\\/06\\\/miamibeach-logoblue.png\",\"contentUrl\":\"https:\\\/\\\/www.miamibeachfl.gov\\\/wp-content\\\/uploads\\\/2022\\\/06\\\/miamibeach-logoblue.png\",\"width\":1962,\"height\":381,\"caption\":\"City of Miami Beach\"},\"image\":{\"@id\":\"https:\\\/\\\/www.miamibeachfl.gov\\\/#\\\/schema\\\/logo\\\/image\\\/\"},\"sameAs\":[\"https:\\\/\\\/www.facebook.com\\\/cityofmiamibeach\",\"https:\\\/\\\/x.com\\\/Miamibeachnews\",\"https:\\\/\\\/www.instagram.com\\\/miamibeachnews\\\/\"],\"description\":\"The official website of the City of Miami Beach. Stay informed, find important information on city services, news, alerts, events, trolley routes, government employment and more.\",\"telephone\":\"305.604.CITY(2489)\",\"legalName\":\"City of Miami Beach\"}]}<\/script>\n<!-- \/ Yoast SEO Premium plugin. -->","yoast_head_json":{"title":"Majistra ak Komisyon\u00e8 yo - Vil Miami Beach","description":"Vil Miami Beach la gen yon gouv\u00e8nman komisyon\/manadj\u00e8. Komisyon Vil la gen sis Komis\u00e8 eli ak yon Majistra eli.","robots":{"index":"index","follow":"follow","max-snippet":"max-snippet:-1","max-image-preview":"max-image-preview:large","max-video-preview":"max-video-preview:-1"},"canonical":"https:\/\/www.miamibeachfl.gov\/ht\/city-hall\/elected-officials\/","og_locale":"ht_HT","og_type":"article","og_title":"Mayor & Commissioners","og_description":"The City of Miami Beach holds a commission\/manager government. The City Commission consists of six elected Commissioners and an elected Mayor.","og_url":"https:\/\/www.miamibeachfl.gov\/ht\/city-hall\/elected-officials\/","og_site_name":"City of Miami Beach","article_publisher":"https:\/\/www.facebook.com\/cityofmiamibeach","article_modified_time":"2026-01-02T20:20:34+00:00","og_image":[{"width":600,"height":600,"url":"https:\/\/www.miamibeachfl.gov\/wp-content\/uploads\/2019\/11\/Steven-Meiner.jpg","type":"image\/jpeg"}],"twitter_card":"summary_large_image","twitter_description":"The City of Miami Beach holds a commission\/manager government. The City Commission consists of six elected Commissioners and an elected Mayor.","twitter_site":"@Miamibeachnews","schema":{"@context":"https:\/\/schema.org","@graph":[{"@type":"WebPage","@id":"https:\/\/www.miamibeachfl.gov\/city-hall\/elected-officials\/","url":"https:\/\/www.miamibeachfl.gov\/city-hall\/elected-officials\/","name":"Majistra ak Komisyon\u00e8 yo - Vil Miami Beach","isPartOf":{"@id":"https:\/\/www.miamibeachfl.gov\/#website"},"primaryImageOfPage":{"@id":"https:\/\/www.miamibeachfl.gov\/city-hall\/elected-officials\/#primaryimage"},"image":{"@id":"https:\/\/www.miamibeachfl.gov\/city-hall\/elected-officials\/#primaryimage"},"thumbnailUrl":"https:\/\/www.miamibeachfl.gov\/wp-content\/uploads\/2023\/01\/MiamiBeach-cityhall.jpg","datePublished":"2017-11-01T16:28:52+00:00","dateModified":"2026-01-02T20:20:34+00:00","description":"Vil Miami Beach la gen yon gouv\u00e8nman komisyon\/manadj\u00e8. Komisyon Vil la gen sis Komis\u00e8 eli ak yon Majistra eli.","breadcrumb":{"@id":"https:\/\/www.miamibeachfl.gov\/city-hall\/elected-officials\/#breadcrumb"},"inLanguage":"ht","potentialAction":[{"@type":"ReadAction","target":["https:\/\/www.miamibeachfl.gov\/city-hall\/elected-officials\/"]}]},{"@type":"ImageObject","inLanguage":"ht","@id":"https:\/\/www.miamibeachfl.gov\/city-hall\/elected-officials\/#primaryimage","url":"https:\/\/www.miamibeachfl.gov\/wp-content\/uploads\/2023\/01\/MiamiBeach-cityhall.jpg","contentUrl":"https:\/\/www.miamibeachfl.gov\/wp-content\/uploads\/2023\/01\/MiamiBeach-cityhall.jpg","width":1000,"height":1000,"caption":"City Hall"},{"@type":"BreadcrumbList","@id":"https:\/\/www.miamibeachfl.gov\/city-hall\/elected-officials\/#breadcrumb","itemListElement":[{"@type":"ListItem","position":1,"name":"Home","item":"https:\/\/www.miamibeachfl.gov\/"},{"@type":"ListItem","position":2,"name":"City Hall","item":"https:\/\/www.miamibeachfl.gov\/city-hall\/"},{"@type":"ListItem","position":3,"name":"Mayor &#038; Commissioners"}]},{"@type":"WebSite","@id":"https:\/\/www.miamibeachfl.gov\/#website","url":"https:\/\/www.miamibeachfl.gov\/","name":"Vil Miami Beach","description":"Sitw\u00e8b ofisy\u00e8l Vil Miami Beach la. Rete enf\u00f2me, jwenn enf\u00f2masyon enp\u00f2tan sou s\u00e8vis vil la, nouv\u00e8l, al\u00e8t, ev\u00e8nman, wout tramway, travay gouv\u00e8nman an ak plis ank\u00f2.","publisher":{"@id":"https:\/\/www.miamibeachfl.gov\/#organization"},"potentialAction":[{"@type":"SearchAction","target":{"@type":"EntryPoint","urlTemplate":"https:\/\/www.miamibeachfl.gov\/?s={search_term_string}"},"query-input":{"@type":"PropertyValueSpecification","valueRequired":true,"valueName":"search_term_string"}}],"inLanguage":"ht"},{"@type":"Organization","@id":"https:\/\/www.miamibeachfl.gov\/#organization","name":"Vil Miami Beach","url":"https:\/\/www.miamibeachfl.gov\/","logo":{"@type":"ImageObject","inLanguage":"ht","@id":"https:\/\/www.miamibeachfl.gov\/#\/schema\/logo\/image\/","url":"https:\/\/www.miamibeachfl.gov\/wp-content\/uploads\/2022\/06\/miamibeach-logoblue.png","contentUrl":"https:\/\/www.miamibeachfl.gov\/wp-content\/uploads\/2022\/06\/miamibeach-logoblue.png","width":1962,"height":381,"caption":"City of Miami Beach"},"image":{"@id":"https:\/\/www.miamibeachfl.gov\/#\/schema\/logo\/image\/"},"sameAs":["https:\/\/www.facebook.com\/cityofmiamibeach","https:\/\/x.com\/Miamibeachnews","https:\/\/www.instagram.com\/miamibeachnews\/"],"description":"Sitw\u00e8b ofisy\u00e8l Vil Miami Beach la. Rete enf\u00f2me, jwenn enf\u00f2masyon enp\u00f2tan sou s\u00e8vis vil la, nouv\u00e8l, al\u00e8t, ev\u00e8nman, wout tramway, travay gouv\u00e8nman an ak plis ank\u00f2.","telephone":"305.604.CITY(2489)","legalName":"City of Miami Beach"}]}},"_links":{"self":[{"href":"https:\/\/www.miamibeachfl.gov\/ht\/wp-json\/wp\/v2\/pages\/39485","targetHints":{"allow":["GET"]}}],"collection":[{"href":"https:\/\/www.miamibeachfl.gov\/ht\/wp-json\/wp\/v2\/pages"}],"about":[{"href":"https:\/\/www.miamibeachfl.gov\/ht\/wp-json\/wp\/v2\/types\/page"}],"author":[{"embeddable":true,"href":"https:\/\/www.miamibeachfl.gov\/ht\/wp-json\/wp\/v2\/users\/222"}],"replies":[{"embeddable":true,"href":"https:\/\/www.miamibeachfl.gov\/ht\/wp-json\/wp\/v2\/comments?post=39485"}],"version-history":[{"count":4,"href":"https:\/\/www.miamibeachfl.gov\/ht\/wp-json\/wp\/v2\/pages\/39485\/revisions"}],"predecessor-version":[{"id":394434,"href":"https:\/\/www.miamibeachfl.gov\/ht\/wp-json\/wp\/v2\/pages\/39485\/revisions\/394434"}],"up":[{"embeddable":true,"href":"https:\/\/www.miamibeachfl.gov\/ht\/wp-json\/wp\/v2\/pages\/28206"}],"wp:featuredmedia":[{"embeddable":true,"href":"https:\/\/www.miamibeachfl.gov\/ht\/wp-json\/wp\/v2\/media\/238770"}],"wp:attachment":[{"href":"https:\/\/www.miamibeachfl.gov\/ht\/wp-json\/wp\/v2\/media?parent=39485"}],"wp:term":[{"taxonomy":"category","embeddable":true,"href":"https:\/\/www.miamibeachfl.gov\/ht\/wp-json\/wp\/v2\/categories?post=39485"},{"taxonomy":"post_tag","embeddable":true,"href":"https:\/\/www.miamibeachfl.gov\/ht\/wp-json\/wp\/v2\/tags?post=39485"}],"curies":[{"name":"wp","href":"https:\/\/api.w.org\/{rel}","templated":true}]}}