{"id":395110,"date":"2026-01-15T13:17:17","date_gmt":"2026-01-15T18:17:17","guid":{"rendered":"https:\/\/www.miamibeachfl.gov\/?page_id=395110"},"modified":"2026-04-17T10:40:55","modified_gmt":"2026-04-17T14:40:55","slug":"city-commission-meeting-dates","status":"publish","type":"page","link":"https:\/\/www.miamibeachfl.gov\/ht\/city-hall\/city-clerk\/city-commission-meeting-dates\/","title":{"rendered":"Dat Reyinyon Komisyon Vil Miami Beach la"},"content":{"rendered":"Meni Grefye Vil la\t\t\t\n\t\t\t\t\t<ul id=\"menu-city-clerk\"><li id=\"menu-item-317005\"><a href=\"\/ht\/city-hall\/city-clerk\/\">Grefye Vil la<\/a><\/li>\n<li id=\"menu-item-258831\"><a href=\"\/ht\/city-hall\/city-clerk\/public-records-request\/\">Dosye Piblik yo<\/a><\/li>\n<li id=\"menu-item-258832\"><a href=\"\/ht\/city-hall\/city-clerk\/meetings-and-agendas\/\">Ajanda yo<\/a><\/li>\n<li id=\"menu-item-258833\"><a href=\"\/ht\/city-hall\/city-clerk\/forms\/\">F\u00f2m yo<\/a><\/li>\n<li id=\"menu-item-258834\"><a href=\"\/ht\/city-hall\/city-clerk\/boards-and-committees\/\">Kons\u00e8y Administrasyon ak Komite yo<\/a><\/li>\n<li id=\"menu-item-258835\"><a href=\"\/ht\/city-hall\/city-clerk\/election-information\/\">Enf\u00f2masyon sou Eleksyon<\/a><\/li>\n<li id=\"menu-item-258836\"><a href=\"\/ht\/city-hall\/city-clerk\/notification-system\/\">Notifikasyon<\/a><\/li>\n<li id=\"menu-item-258837\"><a href=\"\/ht\/city-hall\/city-clerk\/public-records-request\/additional-contacts\/\">Kontakte nou<\/a><\/li>\n<\/ul>\t\nMeni Sekret\u00e8 Minisipal la \u00d7\t\t\t\t\t\t<ul id=\"menu-city-clerk-1\"><li id=\"menu-item-317005\"><a href=\"\/ht\/city-hall\/city-clerk\/\">Grefye Vil la<\/a><\/li>\n<li id=\"menu-item-258831\"><a href=\"\/ht\/city-hall\/city-clerk\/public-records-request\/\">Dosye Piblik yo<\/a><\/li>\n<li id=\"menu-item-258832\"><a href=\"\/ht\/city-hall\/city-clerk\/meetings-and-agendas\/\">Ajanda yo<\/a><\/li>\n<li id=\"menu-item-258833\"><a href=\"\/ht\/city-hall\/city-clerk\/forms\/\">F\u00f2m yo<\/a><\/li>\n<li id=\"menu-item-258834\"><a href=\"\/ht\/city-hall\/city-clerk\/boards-and-committees\/\">Kons\u00e8y Administrasyon ak Komite yo<\/a><\/li>\n<li id=\"menu-item-258835\"><a href=\"\/ht\/city-hall\/city-clerk\/election-information\/\">Enf\u00f2masyon sou Eleksyon<\/a><\/li>\n<li id=\"menu-item-258836\"><a href=\"\/ht\/city-hall\/city-clerk\/notification-system\/\">Notifikasyon<\/a><\/li>\n<li id=\"menu-item-258837\"><a href=\"\/ht\/city-hall\/city-clerk\/public-records-request\/additional-contacts\/\">Kontakte nou<\/a><\/li>\n<\/ul>\t\t\t\t\n\t<nav id=\"breadcrumbs\" aria-label=\"Pen griye\"><a href=\"https:\/\/www.miamibeachfl.gov\/ht\/\">Lakay<\/a> &gt; <a href=\"https:\/\/www.miamibeachfl.gov\/ht\/city-hall\/\">Lakou Vil la<\/a> &gt; <a href=\"https:\/\/www.miamibeachfl.gov\/ht\/city-hall\/city-clerk\/\">Grefye Vil la<\/a> &gt; <strong>Dat Reyinyon Komisyon Vil Miami Beach la<\/strong><\/nav><h1>\n\t\t\tDat Reyinyon Komisyon Vil la\t<\/h1>\n<h2>\n\t\t\tDat reyinyon 2026 yo:\t<\/h2>\n\t<p><strong>Sof si gen l\u00f2t endikasyon, reyinyon yo ap f\u00e8t nan Miami Beach City Hall, 1700 Convention Center Drive, 3y\u00e8m etaj, Sal Komisyon an.<\/strong><\/p>\n<h3>\n\t\t\tReyinyon Komisyon yo\t<\/h3>\n\t<p><strong>K\u00f2manse a 8:30 am (sof si gen l\u00f2t endikasyon) <\/strong><\/p>\n\t<ul>\n<li>5 fevriye (Jedi)<\/li>\n<li>19 fevriye (Jedi) a 3:30 pm Reyinyon Komisyon Espesyal<\/li>\n<li>25 fevriye (M\u00e8kredi)<\/li>\n<li>18 mas (M\u00e8kredi)<\/li>\n<li>22 avril (M\u00e8kredi)<\/li>\n<li>May 5 (Tuesday) Budget Meeting at 3:30 p.m. &#8211; Convention Ctr. Room 211*<\/li>\n<li>20 me (M\u00e8kredi)<\/li>\n<li>24 jen (M\u00e8kredi)<\/li>\n<li>22 Jiy\u00e8 (M\u00e8kredi)<\/li>\n<li><strong>Out \u2013 Komisyon Vil la an repo<\/strong><\/li>\n<li>10 septanm (Jedi)<\/li>\n<li>2y\u00e8m Reyinyon Bidj\u00e8 \u2013 TBA<\/li>\n<li>14 Okt\u00f2b (M\u00e8kredi)<\/li>\n<li>18 novanm (M\u00e8kredi)<\/li>\n<li>9 Desanm (M\u00e8kredi)<\/li>\n<\/ul>\n<h3>\n\t\t\tPrezantasyon ak Reyinyon Prim yo\t<\/h3>\n\t<p><strong>K\u00f2manse a 5:00 pm (sof si gen l\u00f2t endikasyon)<\/strong><\/p>\n\t<ul>\n<li>4 mas (M\u00e8kredi)<\/li>\n<li>15 avril (M\u00e8kredi)<\/li>\n<li>6 me (M\u00e8kredi)<\/li>\n<li>10 jen (M\u00e8kredi)<\/li>\n<li>21 Okt\u00f2b (M\u00e8kredi)<\/li>\n<li>4 novanm (M\u00e8kredi)<\/li>\n<\/ul>\n\t<p>*Retr\u00e8t Bidj\u00e8 Komisyon an ap f\u00e8t nan Sant Konvansyon Miami Beach, 1901 Convention Center Drive, Sal 211. Reyinyon an ap k\u00f2manse a 3:30 pm. Reyinyon sa a ap f\u00e8t an p\u00e8s\u00f2n s\u00e8lman.<\/p>\n<p>Unless otherwise stated, in addition to attending in person, residents, businesses, and stakeholders may watch these meetings live on MBTV, the City&#8217;s Facebook and YouTube pages, and Zoom. They may also participate via Zoom.<\/p>\n<p>The times for the public comment period, known as the Dr. Stanley Sutnick Citizens&#8217; Forum, are 8:30 a.m. and 1:00 p.m., or as soon as possible thereafter. Approximately thirty minutes will be allocated to each session, with individuals being limited to no more than two minutes or for a period established by the Mayor. No appointment or advance notification is needed to speak to the Commission during this Forum. During the Dr. Stanley Sutnick Citizens&#8217; Forum, the public may address any issues and concerns.<\/p>\n\t<p><iframe loading=\"lazy\" id=\"476515702\" title=\"Reyinyon Komite Revizyon Konsepsyon Ibrid 1.2.2024\" src=\"https:\/\/www.youtube.com\/embed\/live_stream?channel=UCAthAfV8Iqgyl8znznZodlQ\" width=\"560\" height=\"315\" frameborder=\"0\" allowfullscreen=\"allowfullscreen\"><\/iframe><\/p>\n<h2>\n\t\t\t\u00c8ske yon reyinyon an dir\u00e8k Komisyon Vil la, Komite Minisipal la oswa Itilizasyon T\u00e8 a f\u00e8k fini? \u00a0\t<\/h2>\n\t<p>Si w t ap gade yon emisyon an dir\u00e8k nan yon reyinyon minisipal ki f\u00e8k fini, videyo a ap disponib sou sit ent\u00e8n\u00e8t nou an nan lespas 24 \u00e8dtan paske li pran tan pou nou byen klase anrejistreman an.<\/p>\n<strong>Ou vle gade l touswit?<br \/>\n<a href=\"https:\/\/www.youtube.com\/@CityofMiamiBeachTV\/streams\">Vizite paj YouTube vil la isit la pou jwenn aks\u00e8 imedyat.<\/a><\/strong>\n\t\t\t<a href=\"https:\/\/events.miamibeachfl.gov\/city-meetings\/\"  target=\"_self\">\n\t\t\t\t\t\t\tKalandriye Reyinyon Vil la\n\t\t\t<\/a>\n\t\t\t<a href=\"\/ht\/mbtv\/\"  target=\"_self\">\n\t\t\t\t\t\t\tMBTV \u2013 Gade Reyinyon An Dir\u00e8k ak Achiv Videyo\n\t\t\t<\/a>\n\t<div class=\"page-navigation\"><a class=\"prev-page\" href=\"https:\/\/www.miamibeachfl.gov\/ht\/city-hall\/city-clerk\/home-solicitation-ordinance\/\">\u2190 Lwa sou Pa Gen Solitasyon<\/a> <a class=\"next-page\" href=\"https:\/\/www.miamibeachfl.gov\/ht\/city-hall\/office-of-budget-peformance\/budget\/budget-archive\/fy-2016-2017-budget-amendments-resolutions\/\">Rezolisyon Amannman Bidj\u00e8 pou Ane Fiskal 17\/18 \u2192<\/a><\/div>","protected":false},"excerpt":{"rendered":"<p>City Clerk Menu City Clerk Public Records Agendas Forms Boards &#038; Committees Election Information Notifications Contact Us City Clerk Menu [&hellip;]<\/p>\n","protected":false},"author":222,"featured_media":0,"parent":28337,"menu_order":94,"comment_status":"closed","ping_status":"closed","template":"","meta":{"_searchwp_excluded":"","site-sidebar-layout":"default","site-content-layout":"","ast-site-content-layout":"default","site-content-style":"default","site-sidebar-style":"default","ast-global-header-display":"","ast-banner-title-visibility":"","ast-main-header-display":"","ast-hfb-above-header-display":"","ast-hfb-below-header-display":"","ast-hfb-mobile-header-display":"","site-post-title":"","ast-breadcrumbs-content":"","ast-featured-img":"","footer-sml-layout":"","theme-transparent-header-meta":"","adv-header-id-meta":"","stick-header-meta":"","header-above-stick-meta":"","header-main-stick-meta":"","header-below-stick-meta":"","astra-migrate-meta-layouts":"default","ast-page-background-enabled":"default","ast-page-background-meta":{"desktop":{"background-color":"var(--ast-global-color-5)","background-image":"","background-repeat":"repeat","background-position":"center center","background-size":"auto","background-attachment":"scroll","background-type":"","background-media":"","overlay-type":"","overlay-color":"","overlay-opacity":"","overlay-gradient":""},"tablet":{"background-color":"","background-image":"","background-repeat":"repeat","background-position":"center center","background-size":"auto","background-attachment":"scroll","background-type":"","background-media":"","overlay-type":"","overlay-color":"","overlay-opacity":"","overlay-gradient":""},"mobile":{"background-color":"","background-image":"","background-repeat":"repeat","background-position":"center center","background-size":"auto","background-attachment":"scroll","background-type":"","background-media":"","overlay-type":"","overlay-color":"","overlay-opacity":"","overlay-gradient":""}},"ast-content-background-meta":{"desktop":{"background-color":"var(--ast-global-color-4)","background-image":"","background-repeat":"repeat","background-position":"center center","background-size":"auto","background-attachment":"scroll","background-type":"","background-media":"","overlay-type":"","overlay-color":"","overlay-opacity":"","overlay-gradient":""},"tablet":{"background-color":"var(--ast-global-color-4)","background-image":"","background-repeat":"repeat","background-position":"center center","background-size":"auto","background-attachment":"scroll","background-type":"","background-media":"","overlay-type":"","overlay-color":"","overlay-opacity":"","overlay-gradient":""},"mobile":{"background-color":"var(--ast-global-color-4)","background-image":"","background-repeat":"repeat","background-position":"center center","background-size":"auto","background-attachment":"scroll","background-type":"","background-media":"","overlay-type":"","overlay-color":"","overlay-opacity":"","overlay-gradient":""}},"footnotes":""},"categories":[1],"tags":[1203],"class_list":["post-395110","page","type-page","status-publish","hentry","category-uncategorized","tag-exclude-from-permit-page"],"yoast_head":"<!-- This site is optimized with the Yoast SEO Premium plugin v26.6 (Yoast SEO v26.6) - https:\/\/yoast.com\/wordpress\/plugins\/seo\/ -->\n<title>City of Miami Beach Commission Meeting Dates - City of Miami Beach<\/title>\n<meta name=\"description\" content=\"Meetings will be hosted at Miami Beach City Hall, 1700 Convention Center Drive, 3rd Floor, Commission Chamber.\" \/>\n<meta name=\"robots\" content=\"index, follow, max-snippet:-1, max-image-preview:large, max-video-preview:-1\" \/>\n<link rel=\"canonical\" href=\"https:\/\/www.miamibeachfl.gov\/ht\/city-hall\/city-clerk\/city-commission-meeting-dates\/\" \/>\n<meta property=\"og:locale\" content=\"ht_HT\" \/>\n<meta property=\"og:type\" content=\"article\" \/>\n<meta property=\"og:title\" content=\"City of Miami Beach Commission Meeting Dates\" \/>\n<meta property=\"og:description\" content=\"Meetings will be hosted at Miami Beach City Hall, 1700 Convention Center Drive, 3rd Floor, Commission Chamber.\" \/>\n<meta property=\"og:url\" content=\"https:\/\/www.miamibeachfl.gov\/ht\/city-hall\/city-clerk\/city-commission-meeting-dates\/\" \/>\n<meta property=\"og:site_name\" content=\"City of Miami Beach\" \/>\n<meta property=\"article:publisher\" content=\"https:\/\/www.facebook.com\/cityofmiamibeach\" \/>\n<meta property=\"article:modified_time\" content=\"2026-04-17T14:40:55+00:00\" \/>\n<meta property=\"og:image\" content=\"https:\/\/www.miamibeachfl.gov\/wp-content\/uploads\/2023\/01\/MiamiBeach-cityhall.jpg\" \/>\n\t<meta property=\"og:image:width\" content=\"1000\" \/>\n\t<meta property=\"og:image:height\" content=\"1000\" \/>\n\t<meta property=\"og:image:type\" content=\"image\/jpeg\" \/>\n<meta name=\"twitter:card\" content=\"summary_large_image\" \/>\n<meta name=\"twitter:site\" content=\"@Miamibeachnews\" \/>\n<script type=\"application\/ld+json\" class=\"yoast-schema-graph\">{\"@context\":\"https:\/\/schema.org\",\"@graph\":[{\"@type\":\"WebPage\",\"@id\":\"https:\/\/www.miamibeachfl.gov\/city-hall\/city-clerk\/city-commission-meeting-dates\/\",\"url\":\"https:\/\/www.miamibeachfl.gov\/city-hall\/city-clerk\/city-commission-meeting-dates\/\",\"name\":\"City of Miami Beach Commission Meeting Dates - City of Miami Beach\",\"isPartOf\":{\"@id\":\"https:\/\/www.miamibeachfl.gov\/#website\"},\"datePublished\":\"2026-01-15T18:17:17+00:00\",\"dateModified\":\"2026-04-17T14:40:55+00:00\",\"description\":\"Meetings will be hosted at Miami Beach City Hall, 1700 Convention Center Drive, 3rd Floor, Commission Chamber.\",\"breadcrumb\":{\"@id\":\"https:\/\/www.miamibeachfl.gov\/city-hall\/city-clerk\/city-commission-meeting-dates\/#breadcrumb\"},\"inLanguage\":\"ht\",\"potentialAction\":[{\"@type\":\"ReadAction\",\"target\":[\"https:\/\/www.miamibeachfl.gov\/city-hall\/city-clerk\/city-commission-meeting-dates\/\"]}]},{\"@type\":\"BreadcrumbList\",\"@id\":\"https:\/\/www.miamibeachfl.gov\/city-hall\/city-clerk\/city-commission-meeting-dates\/#breadcrumb\",\"itemListElement\":[{\"@type\":\"ListItem\",\"position\":1,\"name\":\"Home\",\"item\":\"https:\/\/www.miamibeachfl.gov\/\"},{\"@type\":\"ListItem\",\"position\":2,\"name\":\"City Hall\",\"item\":\"https:\/\/www.miamibeachfl.gov\/city-hall\/\"},{\"@type\":\"ListItem\",\"position\":3,\"name\":\"City Clerk\",\"item\":\"https:\/\/www.miamibeachfl.gov\/city-hall\/city-clerk\/\"},{\"@type\":\"ListItem\",\"position\":4,\"name\":\"City of Miami Beach Commission Meeting Dates\"}]},{\"@type\":\"WebSite\",\"@id\":\"https:\/\/www.miamibeachfl.gov\/#website\",\"url\":\"https:\/\/www.miamibeachfl.gov\/\",\"name\":\"City of Miami Beach\",\"description\":\"The official website of the City of Miami Beach. Stay informed, find important information on city services, news, alerts, events, trolley routes, government employment and more.\",\"publisher\":{\"@id\":\"https:\/\/www.miamibeachfl.gov\/#organization\"},\"potentialAction\":[{\"@type\":\"SearchAction\",\"target\":{\"@type\":\"EntryPoint\",\"urlTemplate\":\"https:\/\/www.miamibeachfl.gov\/?s={search_term_string}\"},\"query-input\":{\"@type\":\"PropertyValueSpecification\",\"valueRequired\":true,\"valueName\":\"search_term_string\"}}],\"inLanguage\":\"ht\"},{\"@type\":\"Organization\",\"@id\":\"https:\/\/www.miamibeachfl.gov\/#organization\",\"name\":\"City of Miami Beach\",\"url\":\"https:\/\/www.miamibeachfl.gov\/\",\"logo\":{\"@type\":\"ImageObject\",\"inLanguage\":\"ht\",\"@id\":\"https:\/\/www.miamibeachfl.gov\/#\/schema\/logo\/image\/\",\"url\":\"https:\/\/www.miamibeachfl.gov\/wp-content\/uploads\/2022\/06\/miamibeach-logoblue.png\",\"contentUrl\":\"https:\/\/www.miamibeachfl.gov\/wp-content\/uploads\/2022\/06\/miamibeach-logoblue.png\",\"width\":1962,\"height\":381,\"caption\":\"City of Miami Beach\"},\"image\":{\"@id\":\"https:\/\/www.miamibeachfl.gov\/#\/schema\/logo\/image\/\"},\"sameAs\":[\"https:\/\/www.facebook.com\/cityofmiamibeach\",\"https:\/\/x.com\/Miamibeachnews\",\"https:\/\/www.instagram.com\/miamibeachnews\/\"],\"description\":\"The official website of the City of Miami Beach. Stay informed, find important information on city services, news, alerts, events, trolley routes, government employment and more.\",\"telephone\":\"305.604.CITY(2489)\",\"legalName\":\"City of Miami Beach\"}]}<\/script>\n<!-- \/ Yoast SEO Premium plugin. -->","yoast_head_json":{"title":"Dat Reyinyon Komisyon Vil Miami Beach la - Vil Miami Beach","description":"Reyinyon yo ap f\u00e8t nan Miami Beach City Hall, 1700 Convention Center Drive, 3y\u00e8m etaj, Sal Komisyon an.","robots":{"index":"index","follow":"follow","max-snippet":"max-snippet:-1","max-image-preview":"max-image-preview:large","max-video-preview":"max-video-preview:-1"},"canonical":"https:\/\/www.miamibeachfl.gov\/ht\/city-hall\/city-clerk\/city-commission-meeting-dates\/","og_locale":"ht_HT","og_type":"article","og_title":"City of Miami Beach Commission Meeting Dates","og_description":"Meetings will be hosted at Miami Beach City Hall, 1700 Convention Center Drive, 3rd Floor, Commission Chamber.","og_url":"https:\/\/www.miamibeachfl.gov\/ht\/city-hall\/city-clerk\/city-commission-meeting-dates\/","og_site_name":"City of Miami Beach","article_publisher":"https:\/\/www.facebook.com\/cityofmiamibeach","article_modified_time":"2026-04-17T14:40:55+00:00","og_image":[{"width":1000,"height":1000,"url":"https:\/\/www.miamibeachfl.gov\/wp-content\/uploads\/2023\/01\/MiamiBeach-cityhall.jpg","type":"image\/jpeg"}],"twitter_card":"summary_large_image","twitter_site":"@Miamibeachnews","schema":{"@context":"https:\/\/schema.org","@graph":[{"@type":"WebPage","@id":"https:\/\/www.miamibeachfl.gov\/city-hall\/city-clerk\/city-commission-meeting-dates\/","url":"https:\/\/www.miamibeachfl.gov\/city-hall\/city-clerk\/city-commission-meeting-dates\/","name":"Dat Reyinyon Komisyon Vil Miami Beach la - Vil Miami Beach","isPartOf":{"@id":"https:\/\/www.miamibeachfl.gov\/#website"},"datePublished":"2026-01-15T18:17:17+00:00","dateModified":"2026-04-17T14:40:55+00:00","description":"Reyinyon yo ap f\u00e8t nan Miami Beach City Hall, 1700 Convention Center Drive, 3y\u00e8m etaj, Sal Komisyon an.","breadcrumb":{"@id":"https:\/\/www.miamibeachfl.gov\/city-hall\/city-clerk\/city-commission-meeting-dates\/#breadcrumb"},"inLanguage":"ht","potentialAction":[{"@type":"ReadAction","target":["https:\/\/www.miamibeachfl.gov\/city-hall\/city-clerk\/city-commission-meeting-dates\/"]}]},{"@type":"BreadcrumbList","@id":"https:\/\/www.miamibeachfl.gov\/city-hall\/city-clerk\/city-commission-meeting-dates\/#breadcrumb","itemListElement":[{"@type":"ListItem","position":1,"name":"Home","item":"https:\/\/www.miamibeachfl.gov\/"},{"@type":"ListItem","position":2,"name":"City Hall","item":"https:\/\/www.miamibeachfl.gov\/city-hall\/"},{"@type":"ListItem","position":3,"name":"City Clerk","item":"https:\/\/www.miamibeachfl.gov\/city-hall\/city-clerk\/"},{"@type":"ListItem","position":4,"name":"City of Miami Beach Commission Meeting Dates"}]},{"@type":"WebSite","@id":"https:\/\/www.miamibeachfl.gov\/#website","url":"https:\/\/www.miamibeachfl.gov\/","name":"Vil Miami Beach","description":"Sitw\u00e8b ofisy\u00e8l Vil Miami Beach la. Rete enf\u00f2me, jwenn enf\u00f2masyon enp\u00f2tan sou s\u00e8vis vil la, nouv\u00e8l, al\u00e8t, ev\u00e8nman, wout tramway, travay gouv\u00e8nman an ak plis ank\u00f2.","publisher":{"@id":"https:\/\/www.miamibeachfl.gov\/#organization"},"potentialAction":[{"@type":"SearchAction","target":{"@type":"EntryPoint","urlTemplate":"https:\/\/www.miamibeachfl.gov\/?s={search_term_string}"},"query-input":{"@type":"PropertyValueSpecification","valueRequired":true,"valueName":"search_term_string"}}],"inLanguage":"ht"},{"@type":"Organization","@id":"https:\/\/www.miamibeachfl.gov\/#organization","name":"Vil Miami Beach","url":"https:\/\/www.miamibeachfl.gov\/","logo":{"@type":"ImageObject","inLanguage":"ht","@id":"https:\/\/www.miamibeachfl.gov\/#\/schema\/logo\/image\/","url":"https:\/\/www.miamibeachfl.gov\/wp-content\/uploads\/2022\/06\/miamibeach-logoblue.png","contentUrl":"https:\/\/www.miamibeachfl.gov\/wp-content\/uploads\/2022\/06\/miamibeach-logoblue.png","width":1962,"height":381,"caption":"City of Miami Beach"},"image":{"@id":"https:\/\/www.miamibeachfl.gov\/#\/schema\/logo\/image\/"},"sameAs":["https:\/\/www.facebook.com\/cityofmiamibeach","https:\/\/x.com\/Miamibeachnews","https:\/\/www.instagram.com\/miamibeachnews\/"],"description":"Sitw\u00e8b ofisy\u00e8l Vil Miami Beach la. Rete enf\u00f2me, jwenn enf\u00f2masyon enp\u00f2tan sou s\u00e8vis vil la, nouv\u00e8l, al\u00e8t, ev\u00e8nman, wout tramway, travay gouv\u00e8nman an ak plis ank\u00f2.","telephone":"305.604.CITY(2489)","legalName":"City of Miami Beach"}]}},"_links":{"self":[{"href":"https:\/\/www.miamibeachfl.gov\/ht\/wp-json\/wp\/v2\/pages\/395110","targetHints":{"allow":["GET"]}}],"collection":[{"href":"https:\/\/www.miamibeachfl.gov\/ht\/wp-json\/wp\/v2\/pages"}],"about":[{"href":"https:\/\/www.miamibeachfl.gov\/ht\/wp-json\/wp\/v2\/types\/page"}],"author":[{"embeddable":true,"href":"https:\/\/www.miamibeachfl.gov\/ht\/wp-json\/wp\/v2\/users\/222"}],"replies":[{"embeddable":true,"href":"https:\/\/www.miamibeachfl.gov\/ht\/wp-json\/wp\/v2\/comments?post=395110"}],"version-history":[{"count":11,"href":"https:\/\/www.miamibeachfl.gov\/ht\/wp-json\/wp\/v2\/pages\/395110\/revisions"}],"predecessor-version":[{"id":399054,"href":"https:\/\/www.miamibeachfl.gov\/ht\/wp-json\/wp\/v2\/pages\/395110\/revisions\/399054"}],"up":[{"embeddable":true,"href":"https:\/\/www.miamibeachfl.gov\/ht\/wp-json\/wp\/v2\/pages\/28337"}],"wp:attachment":[{"href":"https:\/\/www.miamibeachfl.gov\/ht\/wp-json\/wp\/v2\/media?parent=395110"}],"wp:term":[{"taxonomy":"category","embeddable":true,"href":"https:\/\/www.miamibeachfl.gov\/ht\/wp-json\/wp\/v2\/categories?post=395110"},{"taxonomy":"post_tag","embeddable":true,"href":"https:\/\/www.miamibeachfl.gov\/ht\/wp-json\/wp\/v2\/tags?post=395110"}],"curies":[{"name":"wp","href":"https:\/\/api.w.org\/{rel}","templated":true}]}}