{"id":39550,"date":"2017-11-01T16:54:50","date_gmt":"2017-11-01T20:54:50","guid":{"rendered":"http:\/\/www.miamibeachfl.gov\/city-hall\/procurement\/vendor-campaign-contributions\/how-to-become-a-vendor\/"},"modified":"2026-04-24T15:38:08","modified_gmt":"2026-04-24T19:38:08","slug":"how-to-become-a-vendor","status":"publish","type":"page","link":"https:\/\/www.miamibeachfl.gov\/ht\/city-hall\/procurement\/how-to-become-a-vendor\/","title":{"rendered":"Kijan Pou Vin Yon Machann?"},"content":{"rendered":"<figure itemscope itemtype=\"https:\/\/schema.org\/ImageObject\">\n\t\t\t\t<img decoding=\"async\" src=\"https:\/\/www.miamibeachfl.gov\/wp-content\/uploads\/2022\/07\/hero-small.jpg\" alt=\"ocean drive art deco buildings\" height=\"211\" width=\"2395\" title=\"ewo-piti\" onerror=\"this.style.display='none'\" loading=\"lazy\" \/>\n\t<\/figure>\n<h1>\n\t\t\tKijan Pou Vin yon Machann\t<\/h1>\n\t<nav id=\"breadcrumbs\" aria-label=\"Pen griye\"><a href=\"https:\/\/www.miamibeachfl.gov\/ht\/\">Lakay<\/a> &gt; <a href=\"https:\/\/www.miamibeachfl.gov\/ht\/city-hall\/\">Lakou Vil la<\/a> &gt; <a href=\"https:\/\/www.miamibeachfl.gov\/ht\/city-hall\/procurement\/\">Akizisyon<\/a> &gt; <strong>Kijan Pou Vin Yon Machann?<\/strong><\/nav>\n\t\n<h1>ATANSYON VAND\u00c8<\/h1>\n<p><img loading=\"lazy\" decoding=\"async\" src=\"https:\/\/www.miamibeachfl.gov\/wp-content\/uploads\/2026\/04\/ProcurementVendorFairWorkshops_Flyer_2026_v04.jpg\" alt=\"Procurement Vendor Fair and Workshops\" width=\"2100\" height=\"1500\" \/><\/p>\n<h3><strong>Bidnet Direct (Pou solisitasyon)<\/strong><\/h3>\n<p>We are pleased to announce that the City of Miami Beach migrated to Bidnet Direct (&#8220;Bidnet&#8221;), a new electronic bidding (e-Bid) platform, on January 1, 2025. Vendors not registered with Bidnet will not be notified of new bid opportunities released by the City. Bidnet provides convenient online access to our bid information and other agencies&#8217; bids throughout Florida.<\/p>\n<p>Tanpri vizite <a href=\"https:\/\/www.bidnetdirect.com\/florida\/cityofmiamibeach\">https:\/\/www.bidnetdirect.com\/florida\/cityofmiamibeach <\/a>through Bidnet Direct&#8217;s Florida Purchasing Group and select the &#8220;Limited&#8221; package for free agency bids. Registering to receive notifications of matching solicitations and addenda is free and easy, and will only take a few minutes. You do not need to register again if you are already registered as a vendor with Bidnet Direct&#8217;s Florida Purchasing Group from another local agency. Refer to the guide for registering and submitting an electronic bid <a href=\"https:\/\/www.miamibeachfl.gov\/wp-content\/uploads\/2024\/11\/Vendor-Registration-Guide-City-of-Miami-Beach.pdf\" target=\"_blank\" rel=\"noopener\">isit la<\/a>.<\/p>\n<p>If you need help registering, please contact Bidnet Direct&#8217;s Support Department at 1-800-835-4603, option 2, or <a href=\"mailto:support@bidnet.com\" target=\"_blank\" rel=\"noopener\">support@bidnet.com<\/a>.<\/p>\n<h3><strong>Kijan pou jere oswa kreye yon pwofil machann sou s\u00e8vis pw\u00f2p machann (VSS)<\/strong><\/h3>\n<p>The City&#8217;s online Vendor Self-Service webpage allows City vendors to easily update contact information, attachments (W-9 forms), and commodity information. The Vendor Self-Service (VSS) webpage also provides purchase orders and payment information. Registering in VSS only takes a few minutes, making doing business with the City of Miami Beach easier.<\/p>\n<p>Ou kapab voye l\u00f2d acha yo elektwonikman nan im\u00e8l ou te bay la tou. Asire w ke enf\u00f2masyon yo egzak epi ajou pou w ka resevwa yo al\u00e8. Ou ka ajoute plizy\u00e8 kontak, anplis kontak prensipal ou a (pa egzanp, Kont Peye, Kont Resevwa, elatriye). Asire w ke ou idantifye yo k\u00f2r\u00e8kteman pandan pwosesis enskripsyon an epi kenbe yo ajou souvan apre sa.<\/p>\n<h3><strong>Paj w\u00e8b s\u00e8vis otomatik pou vand\u00e8 yo:<\/strong><\/h3>\n<p><strong><a href=\"https:\/\/mbservices.miamibeachfl.gov\/vss\/default.aspx\" target=\"_blank\" rel=\"noopener noreferrer\">https:\/\/mbservices.miamibeachfl.gov\/vss\/default.aspx<\/a><\/strong><\/p>\n<ol>\n<li>Klike sou lyen VSS ki anwo a.<\/li>\n<li>Klike sou <strong>&quot;Konekte\/Enskri.&quot;<\/strong><\/li>\n<li>Klike sou lyen ki anba paj la: <strong>&quot;Ou pa gen yon kont? Enskri.&quot;<\/strong><\/li>\n<li>Tanpri antre adr\u00e8s imel ou, nouvo modpas ou, prenon ak non fanmi ou, epi klike sou <strong>&quot;Enskri.&quot;<\/strong><\/li>\n<li>Idantite Aks\u00e8 Kominot\u00e8 a voye yon im\u00e8l verifikasyon nan adr\u00e8s im\u00e8l ou te antre a. Klike sou &quot;<strong>Aktive kont lan&quot;<\/strong> bouton pou verifye epi aktive kont lan.<\/li>\n<li><strong>\u00a0Konekte<\/strong> av\u00e8k nouvo adr\u00e8s imel ak modpas ou te kreye a\u00a0<a href=\"https:\/\/mbservices.miamibeachfl.gov\/vss\">https:\/\/mbservices.miamibeachfl.gov\/vss<\/a>.<\/li>\n<li><strong>\u00a0Antre enf\u00f2masyon yo mande a<\/strong> sou paj la epi swiv enstriksyon yo pou konplete enskripsyon ou an. Yo ka mande w pou <strong>chwazi yon &quot;Kalite Machann&quot; pandan enskripsyon ou an<\/strong>Tanpri\u00a0<strong>chwazi &quot;R&quot;<\/strong>\u00a0pou Machann Regilye.<\/li>\n<li>\u00a0Revize tout enf\u00f2masyon yo epi tache yon dokiman akty\u00e8l <strong><a href=\"https:\/\/www.miamibeachfl.gov\/wp-content\/uploads\/2025\/10\/W-9-Fillable-Form-IRS-2024.pdf\" target=\"_blank\" rel=\"noopener\">F\u00f2m W-9<\/a> (obligatwa) ak nenp\u00f2t s\u00e8tifikasyon div\u00e8site founis\u00e8 jan sa endike<\/strong>\u00a0<em>(si sa aplikab).<\/em><\/li>\n<\/ol>\n<p>Souple ou lib pou bay fidbak kons\u00e8nan eksperyans enskripsyon ou an. Si ou resevwa yon mesaj er\u00e8, tanpri pran yon kopi ekran epi tache l nan im\u00e8l ou. Si ou gen nenp\u00f2t kesyon ak\/oswa k\u00f2mant\u00e8, tanpri soum\u00e8t yo bay <a href=\"mailto:procurement@miamibeachfl.gov\" target=\"_blank\" rel=\"noopener\">procurement@miamibeachfl.gov<\/a>.<\/p>\n<h3><strong>Div\u00e8site Founis\u00e8<\/strong><\/h3>\n<p>Vil la te etabli yon rejis biznis ki posede pa LGBT, jan Chanm Kom\u00e8s Nasyonal LGBT a (NGLCC) s\u00e8tifye l, ak ti biznis ak biznis defavorize yo, jan Konte Miami-Dade s\u00e8tifye l. S\u00e8tifikasyon sa yo aksepte:<\/p>\n<table width=\"701\">\n<tbody>\n<tr>\n<td width=\"347\"><strong>S\u00e8tifikasyon\u00a0<\/strong><\/td>\n<td width=\"349\"><strong>Ajans S\u00e8tifikasyon<\/strong><\/td>\n<\/tr>\n<tr>\n<td width=\"347\">Ti Antrepriz Biznis \u2013 A&amp;I<\/td>\n<td width=\"349\"><a href=\"https:\/\/mdcsbd.gob2g.com\/frontend\/searchcertifieddirectory.asp\" target=\"_blank\" rel=\"noopener noreferrer\">Konte Miami-Dade<\/a><\/td>\n<\/tr>\n<tr>\n<td width=\"347\">Ti Antrepriz Biznis \u2013 Konstriksyon<\/td>\n<td width=\"349\">\u00a0<a href=\"https:\/\/mdcsbd.gob2g.com\/frontend\/searchcertifieddirectory.asp\" target=\"_blank\" rel=\"noopener noreferrer\">Konte Miami-Dade<\/a><\/td>\n<\/tr>\n<tr>\n<td width=\"347\">Ti Antrepriz Biznis \u2013 Machandiz ak S\u00e8vis<\/td>\n<td width=\"349\">\u00a0<a href=\"https:\/\/mdcsbd.gob2g.com\/frontend\/searchcertifieddirectory.asp\" target=\"_blank\" rel=\"noopener noreferrer\">Konte Miami-Dade<\/a><\/td>\n<\/tr>\n<tr>\n<td width=\"347\">Antrepriz biznis defavorize<\/td>\n<td width=\"349\">\u00a0<a href=\"https:\/\/mdcsbd.gob2g.com\/frontend\/searchcertifieddirectory.asp\" target=\"_blank\" rel=\"noopener noreferrer\">Konte Miami-Dade<\/a><\/td>\n<\/tr>\n<tr>\n<td width=\"347\">Antrepriz Biznis Veteran<\/td>\n<td width=\"349\"><a href=\"https:\/\/www.va.gov\/\" target=\"_blank\" rel=\"noopener noreferrer\">Depatman Af\u00e8 Veteran Etazini<\/a><br \/>\n<a href=\"https:\/\/www.dms.myflorida.com\/agency_administration\/office_of_supplier_diversity_osd\/get_certified\/veteran_owned_small_businesses\" target=\"_blank\" rel=\"noopener noreferrer\">Eta Florid, Depatman S\u00e8vis Jesyon<\/a><\/td>\n<\/tr>\n<tr>\n<td width=\"347\">Antrepriz Biznis LGBT<\/td>\n<td width=\"349\"><a href=\"https:\/\/www.nglcc.org\/get-certified\" target=\"_blank\" rel=\"noopener noreferrer\">Chanm Kom\u00e8s Nasyonal LGBT a<\/a><\/td>\n<\/tr>\n<\/tbody>\n<\/table>\n<h3><strong>Sip\u00f2 Machann<\/strong><\/h3>\n<p>Ou lib pou kontakte Depatman Akizisyon an nan <a href=\"http:\/\/procurement@miamibeachfl.gov\" target=\"_blank\" rel=\"noopener\">procurement@miamibeachfl.gov<\/a> oubyen 305.673.7490 pou plis asistans.<\/p>\n\t\tNavige pou ale nan\u2026\t\t\t\n\t\t\t\t\t<ul id=\"menu-procurement-main-menu\"><li id=\"menu-item-363357\"><a href=\"\/ht\/city-hall\/procurement\/bid-opportunities\/\">Op\u00f2tinite \u00f2f<\/a><\/li>\n<li id=\"menu-item-363358\"><a href=\"\/ht\/city-hall\/procurement\/contact-procurement\/\">Kontakte nou<\/a><\/li>\n<li id=\"menu-item-363359\"><a href=\"\/ht\/city-hall\/procurement\/how-to-become-a-vendor\/\">Kijan Pou Vin Yon Machann?<\/a><\/li>\n<li id=\"menu-item-363360\"><a href=\"\/ht\/city-hall\/procurement\/kristy-bada-bio\/\">Biyografi Kristy Bada<\/a><\/li>\n<li id=\"menu-item-363361\"><a href=\"\/ht\/city-hall\/procurement\/procurement-related-ordinance-and-procedures\/\">R\u00e8gleman ak Pwosedi ki gen rap\u00f2 ak Akizisyon<\/a><\/li>\n<li id=\"menu-item-363362\"><a href=\"\/ht\/city-hall\/procurement\/standard-terms-and-conditions\/\">T\u00e8m ak Kondisyon Estanda yo<\/a><\/li>\n<\/ul>\t\n\t<div class=\"page-navigation\"><a class=\"prev-page\" href=\"https:\/\/www.miamibeachfl.gov\/ht\/city-hall\/human-resources\/compensation\/contact-info\/\">\u2190 Enf\u00f2masyon pou kontakte nou<\/a> <a class=\"next-page\" href=\"https:\/\/www.miamibeachfl.gov\/ht\/city-hall\/code-compliance\/hernan-cardeno\/\">Hernan Cardeno \u2192<\/a><\/div>","protected":false},"excerpt":{"rendered":"<p>How to Become a Vendor Home &gt; City Hall &gt; Procurement &gt; How to Become a Vendor? ATTENTION VENDORS Bidnet [&hellip;]<\/p>\n","protected":false},"author":222,"featured_media":0,"parent":28912,"menu_order":0,"comment_status":"closed","ping_status":"closed","template":"","meta":{"_searchwp_excluded":"","site-sidebar-layout":"default","site-content-layout":"","ast-site-content-layout":"default","site-content-style":"default","site-sidebar-style":"default","ast-global-header-display":"","ast-banner-title-visibility":"","ast-main-header-display":"","ast-hfb-above-header-display":"","ast-hfb-below-header-display":"","ast-hfb-mobile-header-display":"","site-post-title":"","ast-breadcrumbs-content":"","ast-featured-img":"","footer-sml-layout":"","theme-transparent-header-meta":"","adv-header-id-meta":"","stick-header-meta":"","header-above-stick-meta":"","header-main-stick-meta":"","header-below-stick-meta":"","astra-migrate-meta-layouts":"default","ast-page-background-enabled":"default","ast-page-background-meta":{"desktop":{"background-color":"var(--ast-global-color-5)","background-image":"","background-repeat":"repeat","background-position":"center center","background-size":"auto","background-attachment":"scroll","background-type":"","background-media":"","overlay-type":"","overlay-color":"","overlay-opacity":"","overlay-gradient":""},"tablet":{"background-color":"","background-image":"","background-repeat":"repeat","background-position":"center center","background-size":"auto","background-attachment":"scroll","background-type":"","background-media":"","overlay-type":"","overlay-color":"","overlay-opacity":"","overlay-gradient":""},"mobile":{"background-color":"","background-image":"","background-repeat":"repeat","background-position":"center center","background-size":"auto","background-attachment":"scroll","background-type":"","background-media":"","overlay-type":"","overlay-color":"","overlay-opacity":"","overlay-gradient":""}},"ast-content-background-meta":{"desktop":{"background-color":"var(--ast-global-color-4)","background-image":"","background-repeat":"repeat","background-position":"center center","background-size":"auto","background-attachment":"scroll","background-type":"","background-media":"","overlay-type":"","overlay-color":"","overlay-opacity":"","overlay-gradient":""},"tablet":{"background-color":"var(--ast-global-color-4)","background-image":"","background-repeat":"repeat","background-position":"center center","background-size":"auto","background-attachment":"scroll","background-type":"","background-media":"","overlay-type":"","overlay-color":"","overlay-opacity":"","overlay-gradient":""},"mobile":{"background-color":"var(--ast-global-color-4)","background-image":"","background-repeat":"repeat","background-position":"center center","background-size":"auto","background-attachment":"scroll","background-type":"","background-media":"","overlay-type":"","overlay-color":"","overlay-opacity":"","overlay-gradient":""}},"footnotes":""},"categories":[1],"tags":[136,1653,1651,1652,152,1654],"class_list":["post-39550","page","type-page","status-publish","hentry","category-uncategorized","tag-procurement","tag-registration","tag-supplier-diversity","tag-vendor","tag-vendors","tag-vss"],"yoast_head":"<!-- This site is optimized with the Yoast SEO Premium plugin v27.4 (Yoast SEO v27.4) - https:\/\/yoast.com\/product\/yoast-seo-premium-wordpress\/ -->\n<title>How to Become a Vendor? - City of Miami Beach<\/title>\n<meta name=\"description\" content=\"Register your company on Bidnet Direct, the City&#039;s electronic bidding platform for easy access to competitive solicitations. Learn more about Vendor Registrations and the City&#039;s supplier diversity registry.\" \/>\n<meta name=\"robots\" content=\"index, follow, max-snippet:-1, max-image-preview:large, max-video-preview:-1\" \/>\n<link rel=\"canonical\" href=\"https:\/\/www.miamibeachfl.gov\/ht\/city-hall\/procurement\/how-to-become-a-vendor\/\" \/>\n<meta property=\"og:locale\" content=\"ht_HT\" \/>\n<meta property=\"og:type\" content=\"article\" \/>\n<meta property=\"og:title\" content=\"How to Become a Vendor?\" \/>\n<meta property=\"og:description\" content=\"Register your company on Bidnet Direct, the City&#039;s electronic bidding platform for easy access to competitive solicitations. Learn more about Vendor Registrations and the City&#039;s supplier diversity registry.\" \/>\n<meta property=\"og:url\" content=\"https:\/\/www.miamibeachfl.gov\/ht\/city-hall\/procurement\/how-to-become-a-vendor\/\" \/>\n<meta property=\"og:site_name\" content=\"City of Miami Beach\" \/>\n<meta property=\"article:publisher\" content=\"https:\/\/www.facebook.com\/cityofmiamibeach\" \/>\n<meta property=\"article:modified_time\" content=\"2026-04-24T19:38:08+00:00\" \/>\n<meta property=\"og:image\" content=\"https:\/\/www.miamibeachfl.gov\/wp-content\/uploads\/2022\/07\/hero-small.jpg\" \/>\n<meta name=\"twitter:card\" content=\"summary_large_image\" \/>\n<meta name=\"twitter:site\" content=\"@Miamibeachnews\" \/>\n<script type=\"application\/ld+json\" class=\"yoast-schema-graph\">{\"@context\":\"https:\\\/\\\/schema.org\",\"@graph\":[{\"@type\":\"WebPage\",\"@id\":\"https:\\\/\\\/www.miamibeachfl.gov\\\/city-hall\\\/procurement\\\/how-to-become-a-vendor\\\/\",\"url\":\"https:\\\/\\\/www.miamibeachfl.gov\\\/city-hall\\\/procurement\\\/how-to-become-a-vendor\\\/\",\"name\":\"How to Become a Vendor? - City of Miami Beach\",\"isPartOf\":{\"@id\":\"https:\\\/\\\/www.miamibeachfl.gov\\\/#website\"},\"primaryImageOfPage\":{\"@id\":\"https:\\\/\\\/www.miamibeachfl.gov\\\/city-hall\\\/procurement\\\/how-to-become-a-vendor\\\/#primaryimage\"},\"image\":{\"@id\":\"https:\\\/\\\/www.miamibeachfl.gov\\\/city-hall\\\/procurement\\\/how-to-become-a-vendor\\\/#primaryimage\"},\"thumbnailUrl\":\"https:\\\/\\\/www.miamibeachfl.gov\\\/wp-content\\\/uploads\\\/2022\\\/07\\\/hero-small.jpg\",\"datePublished\":\"2017-11-01T20:54:50+00:00\",\"dateModified\":\"2026-04-24T19:38:08+00:00\",\"description\":\"Register your company on Bidnet Direct, the City's electronic bidding platform for easy access to competitive solicitations. Learn more about Vendor Registrations and the City's supplier diversity registry.\",\"breadcrumb\":{\"@id\":\"https:\\\/\\\/www.miamibeachfl.gov\\\/city-hall\\\/procurement\\\/how-to-become-a-vendor\\\/#breadcrumb\"},\"inLanguage\":\"ht\",\"potentialAction\":[{\"@type\":\"ReadAction\",\"target\":[\"https:\\\/\\\/www.miamibeachfl.gov\\\/city-hall\\\/procurement\\\/how-to-become-a-vendor\\\/\"]}]},{\"@type\":\"ImageObject\",\"inLanguage\":\"ht\",\"@id\":\"https:\\\/\\\/www.miamibeachfl.gov\\\/city-hall\\\/procurement\\\/how-to-become-a-vendor\\\/#primaryimage\",\"url\":\"https:\\\/\\\/www.miamibeachfl.gov\\\/wp-content\\\/uploads\\\/2022\\\/07\\\/hero-small.jpg\",\"contentUrl\":\"https:\\\/\\\/www.miamibeachfl.gov\\\/wp-content\\\/uploads\\\/2022\\\/07\\\/hero-small.jpg\"},{\"@type\":\"BreadcrumbList\",\"@id\":\"https:\\\/\\\/www.miamibeachfl.gov\\\/city-hall\\\/procurement\\\/how-to-become-a-vendor\\\/#breadcrumb\",\"itemListElement\":[{\"@type\":\"ListItem\",\"position\":1,\"name\":\"Home\",\"item\":\"https:\\\/\\\/www.miamibeachfl.gov\\\/\"},{\"@type\":\"ListItem\",\"position\":2,\"name\":\"City Hall\",\"item\":\"https:\\\/\\\/www.miamibeachfl.gov\\\/city-hall\\\/\"},{\"@type\":\"ListItem\",\"position\":3,\"name\":\"Procurement\",\"item\":\"https:\\\/\\\/www.miamibeachfl.gov\\\/city-hall\\\/procurement\\\/\"},{\"@type\":\"ListItem\",\"position\":4,\"name\":\"How to Become a Vendor?\"}]},{\"@type\":\"WebSite\",\"@id\":\"https:\\\/\\\/www.miamibeachfl.gov\\\/#website\",\"url\":\"https:\\\/\\\/www.miamibeachfl.gov\\\/\",\"name\":\"City of Miami Beach\",\"description\":\"The official website of the City of Miami Beach. Stay informed, find important information on city services, news, alerts, events, trolley routes, government employment and more.\",\"publisher\":{\"@id\":\"https:\\\/\\\/www.miamibeachfl.gov\\\/#organization\"},\"potentialAction\":[{\"@type\":\"SearchAction\",\"target\":{\"@type\":\"EntryPoint\",\"urlTemplate\":\"https:\\\/\\\/www.miamibeachfl.gov\\\/?s={search_term_string}\"},\"query-input\":{\"@type\":\"PropertyValueSpecification\",\"valueRequired\":true,\"valueName\":\"search_term_string\"}}],\"inLanguage\":\"ht\"},{\"@type\":\"Organization\",\"@id\":\"https:\\\/\\\/www.miamibeachfl.gov\\\/#organization\",\"name\":\"City of Miami Beach\",\"url\":\"https:\\\/\\\/www.miamibeachfl.gov\\\/\",\"logo\":{\"@type\":\"ImageObject\",\"inLanguage\":\"ht\",\"@id\":\"https:\\\/\\\/www.miamibeachfl.gov\\\/#\\\/schema\\\/logo\\\/image\\\/\",\"url\":\"https:\\\/\\\/www.miamibeachfl.gov\\\/wp-content\\\/uploads\\\/2022\\\/06\\\/miamibeach-logoblue.png\",\"contentUrl\":\"https:\\\/\\\/www.miamibeachfl.gov\\\/wp-content\\\/uploads\\\/2022\\\/06\\\/miamibeach-logoblue.png\",\"width\":1962,\"height\":381,\"caption\":\"City of Miami Beach\"},\"image\":{\"@id\":\"https:\\\/\\\/www.miamibeachfl.gov\\\/#\\\/schema\\\/logo\\\/image\\\/\"},\"sameAs\":[\"https:\\\/\\\/www.facebook.com\\\/cityofmiamibeach\",\"https:\\\/\\\/x.com\\\/Miamibeachnews\",\"https:\\\/\\\/www.instagram.com\\\/miamibeachnews\\\/\"],\"description\":\"The official website of the City of Miami Beach. Stay informed, find important information on city services, news, alerts, events, trolley routes, government employment and more.\",\"telephone\":\"305.604.CITY(2489)\",\"legalName\":\"City of Miami Beach\"}]}<\/script>\n<!-- \/ Yoast SEO Premium plugin. -->","yoast_head_json":{"title":"Kijan Pou Vin Yon Machann? - Vil Miami Beach","description":"Anrejistre konpayi ou sou Bidnet Direct, platf\u00f2m elektwonik pou soum\u00e8t \u00f2f Vil la pou jwenn aks\u00e8 fasil nan demann konpetitif yo. Aprann plis bagay sou Enskripsyon Machann yo ak rejis div\u00e8site founis\u00e8 Vil la.","robots":{"index":"index","follow":"follow","max-snippet":"max-snippet:-1","max-image-preview":"max-image-preview:large","max-video-preview":"max-video-preview:-1"},"canonical":"https:\/\/www.miamibeachfl.gov\/ht\/city-hall\/procurement\/how-to-become-a-vendor\/","og_locale":"ht_HT","og_type":"article","og_title":"How to Become a Vendor?","og_description":"Register your company on Bidnet Direct, the City's electronic bidding platform for easy access to competitive solicitations. Learn more about Vendor Registrations and the City's supplier diversity registry.","og_url":"https:\/\/www.miamibeachfl.gov\/ht\/city-hall\/procurement\/how-to-become-a-vendor\/","og_site_name":"City of Miami Beach","article_publisher":"https:\/\/www.facebook.com\/cityofmiamibeach","article_modified_time":"2026-04-24T19:38:08+00:00","og_image":[{"url":"https:\/\/www.miamibeachfl.gov\/wp-content\/uploads\/2022\/07\/hero-small.jpg","type":"","width":"","height":""}],"twitter_card":"summary_large_image","twitter_site":"@Miamibeachnews","schema":{"@context":"https:\/\/schema.org","@graph":[{"@type":"WebPage","@id":"https:\/\/www.miamibeachfl.gov\/city-hall\/procurement\/how-to-become-a-vendor\/","url":"https:\/\/www.miamibeachfl.gov\/city-hall\/procurement\/how-to-become-a-vendor\/","name":"Kijan Pou Vin Yon Machann? - Vil Miami Beach","isPartOf":{"@id":"https:\/\/www.miamibeachfl.gov\/#website"},"primaryImageOfPage":{"@id":"https:\/\/www.miamibeachfl.gov\/city-hall\/procurement\/how-to-become-a-vendor\/#primaryimage"},"image":{"@id":"https:\/\/www.miamibeachfl.gov\/city-hall\/procurement\/how-to-become-a-vendor\/#primaryimage"},"thumbnailUrl":"https:\/\/www.miamibeachfl.gov\/wp-content\/uploads\/2022\/07\/hero-small.jpg","datePublished":"2017-11-01T20:54:50+00:00","dateModified":"2026-04-24T19:38:08+00:00","description":"Anrejistre konpayi ou sou Bidnet Direct, platf\u00f2m elektwonik pou soum\u00e8t \u00f2f Vil la pou jwenn aks\u00e8 fasil nan demann konpetitif yo. Aprann plis bagay sou Enskripsyon Machann yo ak rejis div\u00e8site founis\u00e8 Vil la.","breadcrumb":{"@id":"https:\/\/www.miamibeachfl.gov\/city-hall\/procurement\/how-to-become-a-vendor\/#breadcrumb"},"inLanguage":"ht","potentialAction":[{"@type":"ReadAction","target":["https:\/\/www.miamibeachfl.gov\/city-hall\/procurement\/how-to-become-a-vendor\/"]}]},{"@type":"ImageObject","inLanguage":"ht","@id":"https:\/\/www.miamibeachfl.gov\/city-hall\/procurement\/how-to-become-a-vendor\/#primaryimage","url":"https:\/\/www.miamibeachfl.gov\/wp-content\/uploads\/2022\/07\/hero-small.jpg","contentUrl":"https:\/\/www.miamibeachfl.gov\/wp-content\/uploads\/2022\/07\/hero-small.jpg"},{"@type":"BreadcrumbList","@id":"https:\/\/www.miamibeachfl.gov\/city-hall\/procurement\/how-to-become-a-vendor\/#breadcrumb","itemListElement":[{"@type":"ListItem","position":1,"name":"Home","item":"https:\/\/www.miamibeachfl.gov\/"},{"@type":"ListItem","position":2,"name":"City Hall","item":"https:\/\/www.miamibeachfl.gov\/city-hall\/"},{"@type":"ListItem","position":3,"name":"Procurement","item":"https:\/\/www.miamibeachfl.gov\/city-hall\/procurement\/"},{"@type":"ListItem","position":4,"name":"How to Become a Vendor?"}]},{"@type":"WebSite","@id":"https:\/\/www.miamibeachfl.gov\/#website","url":"https:\/\/www.miamibeachfl.gov\/","name":"Vil Miami Beach","description":"Sitw\u00e8b ofisy\u00e8l Vil Miami Beach la. Rete enf\u00f2me, jwenn enf\u00f2masyon enp\u00f2tan sou s\u00e8vis vil la, nouv\u00e8l, al\u00e8t, ev\u00e8nman, wout tramway, travay gouv\u00e8nman an ak plis ank\u00f2.","publisher":{"@id":"https:\/\/www.miamibeachfl.gov\/#organization"},"potentialAction":[{"@type":"SearchAction","target":{"@type":"EntryPoint","urlTemplate":"https:\/\/www.miamibeachfl.gov\/?s={search_term_string}"},"query-input":{"@type":"PropertyValueSpecification","valueRequired":true,"valueName":"search_term_string"}}],"inLanguage":"ht"},{"@type":"Organization","@id":"https:\/\/www.miamibeachfl.gov\/#organization","name":"Vil Miami Beach","url":"https:\/\/www.miamibeachfl.gov\/","logo":{"@type":"ImageObject","inLanguage":"ht","@id":"https:\/\/www.miamibeachfl.gov\/#\/schema\/logo\/image\/","url":"https:\/\/www.miamibeachfl.gov\/wp-content\/uploads\/2022\/06\/miamibeach-logoblue.png","contentUrl":"https:\/\/www.miamibeachfl.gov\/wp-content\/uploads\/2022\/06\/miamibeach-logoblue.png","width":1962,"height":381,"caption":"City of Miami Beach"},"image":{"@id":"https:\/\/www.miamibeachfl.gov\/#\/schema\/logo\/image\/"},"sameAs":["https:\/\/www.facebook.com\/cityofmiamibeach","https:\/\/x.com\/Miamibeachnews","https:\/\/www.instagram.com\/miamibeachnews\/"],"description":"Sitw\u00e8b ofisy\u00e8l Vil Miami Beach la. Rete enf\u00f2me, jwenn enf\u00f2masyon enp\u00f2tan sou s\u00e8vis vil la, nouv\u00e8l, al\u00e8t, ev\u00e8nman, wout tramway, travay gouv\u00e8nman an ak plis ank\u00f2.","telephone":"305.604.CITY(2489)","legalName":"City of Miami Beach"}]}},"_links":{"self":[{"href":"https:\/\/www.miamibeachfl.gov\/ht\/wp-json\/wp\/v2\/pages\/39550","targetHints":{"allow":["GET"]}}],"collection":[{"href":"https:\/\/www.miamibeachfl.gov\/ht\/wp-json\/wp\/v2\/pages"}],"about":[{"href":"https:\/\/www.miamibeachfl.gov\/ht\/wp-json\/wp\/v2\/types\/page"}],"author":[{"embeddable":true,"href":"https:\/\/www.miamibeachfl.gov\/ht\/wp-json\/wp\/v2\/users\/222"}],"replies":[{"embeddable":true,"href":"https:\/\/www.miamibeachfl.gov\/ht\/wp-json\/wp\/v2\/comments?post=39550"}],"version-history":[{"count":8,"href":"https:\/\/www.miamibeachfl.gov\/ht\/wp-json\/wp\/v2\/pages\/39550\/revisions"}],"predecessor-version":[{"id":399504,"href":"https:\/\/www.miamibeachfl.gov\/ht\/wp-json\/wp\/v2\/pages\/39550\/revisions\/399504"}],"up":[{"embeddable":true,"href":"https:\/\/www.miamibeachfl.gov\/ht\/wp-json\/wp\/v2\/pages\/28912"}],"wp:attachment":[{"href":"https:\/\/www.miamibeachfl.gov\/ht\/wp-json\/wp\/v2\/media?parent=39550"}],"wp:term":[{"taxonomy":"category","embeddable":true,"href":"https:\/\/www.miamibeachfl.gov\/ht\/wp-json\/wp\/v2\/categories?post=39550"},{"taxonomy":"post_tag","embeddable":true,"href":"https:\/\/www.miamibeachfl.gov\/ht\/wp-json\/wp\/v2\/tags?post=39550"}],"curies":[{"name":"wp","href":"https:\/\/api.w.org\/{rel}","templated":true}]}}