{"id":397746,"date":"2026-03-27T16:42:10","date_gmt":"2026-03-27T20:42:10","guid":{"rendered":"https:\/\/www.miamibeachfl.gov\/?page_id=397746"},"modified":"2026-04-17T16:32:34","modified_gmt":"2026-04-17T20:32:34","slug":"miami-beach-text-message-services","status":"publish","type":"page","link":"https:\/\/www.miamibeachfl.gov\/ht\/miami-beach-text-message-services\/","title":{"rendered":"S\u00e8vis Mesaj T\u00e8ks Miami Beach"},"content":{"rendered":"<h1>\n\t\t\tS\u00e8vis Mesaj T\u00e8ks Miami Beach\t<\/h1>\n\t<p><strong>Miami Beach ofri al\u00e8t SMS pou d\u00e8nye nouv\u00e8l sou trafik ak ijans, notifikasyon remorkaj, d\u00e8nye nouv\u00e8l sou pak ak enspeksyon bilding pou f\u00e8 kominikasyon chak jou ak vil la pi rapid e pi pratik.<\/strong><\/p>\n\t\t<h3>Al\u00e8t MB<\/h3>\t\t\t\n<h3>\n\t\t\tEmergency &#038; Traffic Notifications\t<\/h3>\n\t<p>MB Alert is the City of Miami Beach&#8217;s official emergency text notification system, ensuring the community receives timely, critical information directly on their phones.<\/p>\n<p>T\u00e8ks\u00a0<strong>&#8220;MBALERT&#8221;<\/strong>\u00a0pou\u00a0<strong>888777<\/strong>\u00a0pou enskri pou resevwa d\u00e8nye enf\u00f2masyon sou trafik ak notifikasyon sekirite piblik nan men Vil Miami Beach dir\u00e8kteman sou telef\u00f2n ou.<\/p>\n\t\t<h3>Park &#038; Recreation Text Updates<\/h3>\t\t\t\n<h3>\n\t\t\tProgram, Facility &#038; Event Notifications\t<\/h3>\n\t<p>Pak ak Lwazi Miami Beach yo ofri al\u00e8t pa mesaj t\u00e8ks pou d\u00e8nye nouv\u00e8l sou pwogram yo, f\u00e8mti etablisman yo ak ev\u00e8nman espesyal yo. Pou k\u00f2manse resevwa mesaj, konekte sou\u00a0<a href=\"http:\/\/register.miamibeachparks.com\/\"><strong>register.miamibeachparks.com<\/strong><\/a>\u00a0and select &#8220;Opt\u2011in for Text Alerts&#8221; under your profile name.<\/p>\n\t\t<h3>Al\u00e8t Remorkaj<\/h3>\t\t\t\n<h3>\n\t\t\tText Before Tow &#8211; Parking Warning Texts\t<\/h3>\n\t<p>Registered Miami Beach residents receive a 15\u2011minute grace period with real\u2011time tow alerts. If you already have a Miami Beach residential parking permit or are enrolled in a parking program, you&#8217;re automatically included and will begin receiving texts.<\/p>\n<p>Se pa tout vyolasyon ki merite yon av\u00e8tisman. Machin ki estasyone nan yon liy trafik, yon z\u00f2n ent\u00e8di estasyonman, yon espas pou andikape san otorizasyon oswa yon z\u00f2n chajman machandiz ka remorke imedyatman.<\/p>\n<p><strong>Enskri pou yon p\u00e8mi pakin rezidansy\u00e8l:<\/strong><\/p>\n<p>Sou ent\u00e8n\u00e8t: l\u00e8 w vizite\u00a0<a href=\"http:\/\/register.miamibeachparking.com\/\"><strong>register.miamibeachparking.com.<\/strong><\/a><\/p>\n<p>An p\u00e8s\u00f2n: nan\u00a0<a href=\"https:\/\/www.miamibeachfl.gov\/ht\/city-hall\/customer-service-center\/\"><strong>Sant S\u00e8vis Kliyan Miami Beach<\/strong><\/a>\u00a0(1755 Meridian Ave, 1ye etaj) av\u00e8k yon py\u00e8s idantite ak foto, plak machin nan ak pr\u00e8v rezidans.<\/p>\n\t\t<h3>Notifikasyon Depatman Konstriksyon<\/h3>\t\t\t\n<h3>\n\t\t\tNotifikasyon sou Wout Enspeksyon yo\t<\/h3>\n\t<p>Keep track of your building inspection route with optional text alerts. When you opt in, you&#8217;ll get timely updates on your inspection status, including a confirmation notice sent the morning of the inspection as well as a route update when the inspector has only a few stops left before arriving at your location.<\/p>\n<p>Kijan pou chwazi antre:<\/p>\n<p><a href=\"https:\/\/energovcss.miamibeachfl.gov\/EnerGovProd\/SelfService#\/home\"><strong>Klike la a pou w pran yon randevou pou enspeksyon w lan atrav\u00e8 P\u00f2tal Aks\u00e8 Sivik la.<\/strong><\/a><\/p>\n<p>Chwazi opsyon pou resevwa notifikasyon pa mesaj t\u00e8ks SMS pou notifikasyon Enspeksyon Konstriksyon yo.<\/p>\n<p>Mete nimewo telef\u00f2n selil\u00e8 kontak ki sou plas la.<\/p>\n<p><a href=\"https:\/\/www.miamibeachfl.gov\/ht\/city-hall\/building\/inspections\/inspections-text-messaging\/\"><strong>Aprann plis bagay sou notifikasyon Depatman Konstriksyon an<\/strong><\/a><\/p>","protected":false},"excerpt":{"rendered":"<p>Miami Beach Text Message Services Miami Beach offers SMS alerts for traffic and emergency updates, towing notifications, parks updates and [&hellip;]<\/p>\n","protected":false},"author":329,"featured_media":0,"parent":0,"menu_order":40,"comment_status":"closed","ping_status":"closed","template":"","meta":{"_searchwp_excluded":"","site-sidebar-layout":"default","site-content-layout":"","ast-site-content-layout":"default","site-content-style":"default","site-sidebar-style":"default","ast-global-header-display":"","ast-banner-title-visibility":"","ast-main-header-display":"","ast-hfb-above-header-display":"","ast-hfb-below-header-display":"","ast-hfb-mobile-header-display":"","site-post-title":"","ast-breadcrumbs-content":"","ast-featured-img":"","footer-sml-layout":"","theme-transparent-header-meta":"","adv-header-id-meta":"","stick-header-meta":"","header-above-stick-meta":"","header-main-stick-meta":"","header-below-stick-meta":"","astra-migrate-meta-layouts":"default","ast-page-background-enabled":"default","ast-page-background-meta":{"desktop":{"background-color":"var(--ast-global-color-5)","background-image":"","background-repeat":"repeat","background-position":"center center","background-size":"auto","background-attachment":"scroll","background-type":"","background-media":"","overlay-type":"","overlay-color":"","overlay-opacity":"","overlay-gradient":""},"tablet":{"background-color":"","background-image":"","background-repeat":"repeat","background-position":"center center","background-size":"auto","background-attachment":"scroll","background-type":"","background-media":"","overlay-type":"","overlay-color":"","overlay-opacity":"","overlay-gradient":""},"mobile":{"background-color":"","background-image":"","background-repeat":"repeat","background-position":"center center","background-size":"auto","background-attachment":"scroll","background-type":"","background-media":"","overlay-type":"","overlay-color":"","overlay-opacity":"","overlay-gradient":""}},"ast-content-background-meta":{"desktop":{"background-color":"var(--ast-global-color-4)","background-image":"","background-repeat":"repeat","background-position":"center center","background-size":"auto","background-attachment":"scroll","background-type":"","background-media":"","overlay-type":"","overlay-color":"","overlay-opacity":"","overlay-gradient":""},"tablet":{"background-color":"var(--ast-global-color-4)","background-image":"","background-repeat":"repeat","background-position":"center center","background-size":"auto","background-attachment":"scroll","background-type":"","background-media":"","overlay-type":"","overlay-color":"","overlay-opacity":"","overlay-gradient":""},"mobile":{"background-color":"var(--ast-global-color-4)","background-image":"","background-repeat":"repeat","background-position":"center center","background-size":"auto","background-attachment":"scroll","background-type":"","background-media":"","overlay-type":"","overlay-color":"","overlay-opacity":"","overlay-gradient":""}},"footnotes":""},"categories":[],"tags":[],"class_list":["post-397746","page","type-page","status-publish","hentry"],"yoast_head":"<!-- This site is optimized with the Yoast SEO Premium plugin v26.6 (Yoast SEO v26.6) - https:\/\/yoast.com\/wordpress\/plugins\/seo\/ -->\n<title>Miami Beach Text Message Services - City of Miami Beach<\/title>\n<meta name=\"description\" content=\"Miami Beach offers SMS alerts for traffic and emergency updates, towing notifications, parks updates and building inspections to make daily city communication faster and more convenient.\" \/>\n<meta name=\"robots\" content=\"index, follow, max-snippet:-1, max-image-preview:large, max-video-preview:-1\" \/>\n<link rel=\"canonical\" href=\"https:\/\/www.miamibeachfl.gov\/ht\/miami-beach-text-message-services\/\" \/>\n<meta property=\"og:locale\" content=\"ht_HT\" \/>\n<meta property=\"og:type\" content=\"article\" \/>\n<meta property=\"og:title\" content=\"Miami Beach Text Message Services\" \/>\n<meta property=\"og:description\" content=\"Miami Beach offers SMS alerts for traffic and emergency updates, towing notifications, parks updates and building inspections to make daily city communication faster and more convenient.\" \/>\n<meta property=\"og:url\" content=\"https:\/\/www.miamibeachfl.gov\/ht\/miami-beach-text-message-services\/\" \/>\n<meta property=\"og:site_name\" content=\"City of Miami Beach\" \/>\n<meta property=\"article:publisher\" content=\"https:\/\/www.facebook.com\/cityofmiamibeach\" \/>\n<meta property=\"article:modified_time\" content=\"2026-04-17T20:32:34+00:00\" \/>\n<meta property=\"og:image\" content=\"https:\/\/www.miamibeachfl.gov\/wp-content\/uploads\/2023\/11\/MBeGov.png\" \/>\n\t<meta property=\"og:image:width\" content=\"192\" \/>\n\t<meta property=\"og:image:height\" content=\"192\" \/>\n\t<meta property=\"og:image:type\" content=\"image\/png\" \/>\n<meta name=\"twitter:card\" content=\"summary_large_image\" \/>\n<meta name=\"twitter:site\" content=\"@Miamibeachnews\" \/>\n<script type=\"application\/ld+json\" class=\"yoast-schema-graph\">{\"@context\":\"https:\/\/schema.org\",\"@graph\":[{\"@type\":\"WebPage\",\"@id\":\"https:\/\/www.miamibeachfl.gov\/miami-beach-text-message-services\/\",\"url\":\"https:\/\/www.miamibeachfl.gov\/miami-beach-text-message-services\/\",\"name\":\"Miami Beach Text Message Services - City of Miami Beach\",\"isPartOf\":{\"@id\":\"https:\/\/www.miamibeachfl.gov\/#website\"},\"datePublished\":\"2026-03-27T20:42:10+00:00\",\"dateModified\":\"2026-04-17T20:32:34+00:00\",\"description\":\"Miami Beach offers SMS alerts for traffic and emergency updates, towing notifications, parks updates and building inspections to make daily city communication faster and more convenient.\",\"breadcrumb\":{\"@id\":\"https:\/\/www.miamibeachfl.gov\/miami-beach-text-message-services\/#breadcrumb\"},\"inLanguage\":\"ht\",\"potentialAction\":[{\"@type\":\"ReadAction\",\"target\":[\"https:\/\/www.miamibeachfl.gov\/miami-beach-text-message-services\/\"]}]},{\"@type\":\"BreadcrumbList\",\"@id\":\"https:\/\/www.miamibeachfl.gov\/miami-beach-text-message-services\/#breadcrumb\",\"itemListElement\":[{\"@type\":\"ListItem\",\"position\":1,\"name\":\"Home\",\"item\":\"https:\/\/www.miamibeachfl.gov\/\"},{\"@type\":\"ListItem\",\"position\":2,\"name\":\"Miami Beach Text Message Services\"}]},{\"@type\":\"WebSite\",\"@id\":\"https:\/\/www.miamibeachfl.gov\/#website\",\"url\":\"https:\/\/www.miamibeachfl.gov\/\",\"name\":\"City of Miami Beach\",\"description\":\"The official website of the City of Miami Beach. Stay informed, find important information on city services, news, alerts, events, trolley routes, government employment and more.\",\"publisher\":{\"@id\":\"https:\/\/www.miamibeachfl.gov\/#organization\"},\"potentialAction\":[{\"@type\":\"SearchAction\",\"target\":{\"@type\":\"EntryPoint\",\"urlTemplate\":\"https:\/\/www.miamibeachfl.gov\/?s={search_term_string}\"},\"query-input\":{\"@type\":\"PropertyValueSpecification\",\"valueRequired\":true,\"valueName\":\"search_term_string\"}}],\"inLanguage\":\"ht\"},{\"@type\":\"Organization\",\"@id\":\"https:\/\/www.miamibeachfl.gov\/#organization\",\"name\":\"City of Miami Beach\",\"url\":\"https:\/\/www.miamibeachfl.gov\/\",\"logo\":{\"@type\":\"ImageObject\",\"inLanguage\":\"ht\",\"@id\":\"https:\/\/www.miamibeachfl.gov\/#\/schema\/logo\/image\/\",\"url\":\"https:\/\/www.miamibeachfl.gov\/wp-content\/uploads\/2022\/06\/miamibeach-logoblue.png\",\"contentUrl\":\"https:\/\/www.miamibeachfl.gov\/wp-content\/uploads\/2022\/06\/miamibeach-logoblue.png\",\"width\":1962,\"height\":381,\"caption\":\"City of Miami Beach\"},\"image\":{\"@id\":\"https:\/\/www.miamibeachfl.gov\/#\/schema\/logo\/image\/\"},\"sameAs\":[\"https:\/\/www.facebook.com\/cityofmiamibeach\",\"https:\/\/x.com\/Miamibeachnews\",\"https:\/\/www.instagram.com\/miamibeachnews\/\"],\"description\":\"The official website of the City of Miami Beach. Stay informed, find important information on city services, news, alerts, events, trolley routes, government employment and more.\",\"telephone\":\"305.604.CITY(2489)\",\"legalName\":\"City of Miami Beach\"}]}<\/script>\n<!-- \/ Yoast SEO Premium plugin. -->","yoast_head_json":{"title":"Miami Beach Text Message Services - City of Miami Beach","description":"Miami Beach ofri al\u00e8t SMS pou d\u00e8nye nouv\u00e8l sou trafik ak ijans, notifikasyon remorkaj, d\u00e8nye nouv\u00e8l sou pak ak enspeksyon bilding pou f\u00e8 kominikasyon chak jou ak vil la pi rapid e pi pratik.","robots":{"index":"index","follow":"follow","max-snippet":"max-snippet:-1","max-image-preview":"max-image-preview:large","max-video-preview":"max-video-preview:-1"},"canonical":"https:\/\/www.miamibeachfl.gov\/ht\/miami-beach-text-message-services\/","og_locale":"ht_HT","og_type":"article","og_title":"Miami Beach Text Message Services","og_description":"Miami Beach offers SMS alerts for traffic and emergency updates, towing notifications, parks updates and building inspections to make daily city communication faster and more convenient.","og_url":"https:\/\/www.miamibeachfl.gov\/ht\/miami-beach-text-message-services\/","og_site_name":"City of Miami Beach","article_publisher":"https:\/\/www.facebook.com\/cityofmiamibeach","article_modified_time":"2026-04-17T20:32:34+00:00","og_image":[{"width":192,"height":192,"url":"https:\/\/www.miamibeachfl.gov\/wp-content\/uploads\/2023\/11\/MBeGov.png","type":"image\/png"}],"twitter_card":"summary_large_image","twitter_site":"@Miamibeachnews","schema":{"@context":"https:\/\/schema.org","@graph":[{"@type":"WebPage","@id":"https:\/\/www.miamibeachfl.gov\/miami-beach-text-message-services\/","url":"https:\/\/www.miamibeachfl.gov\/miami-beach-text-message-services\/","name":"Miami Beach Text Message Services - City of Miami Beach","isPartOf":{"@id":"https:\/\/www.miamibeachfl.gov\/#website"},"datePublished":"2026-03-27T20:42:10+00:00","dateModified":"2026-04-17T20:32:34+00:00","description":"Miami Beach ofri al\u00e8t SMS pou d\u00e8nye nouv\u00e8l sou trafik ak ijans, notifikasyon remorkaj, d\u00e8nye nouv\u00e8l sou pak ak enspeksyon bilding pou f\u00e8 kominikasyon chak jou ak vil la pi rapid e pi pratik.","breadcrumb":{"@id":"https:\/\/www.miamibeachfl.gov\/miami-beach-text-message-services\/#breadcrumb"},"inLanguage":"ht","potentialAction":[{"@type":"ReadAction","target":["https:\/\/www.miamibeachfl.gov\/miami-beach-text-message-services\/"]}]},{"@type":"BreadcrumbList","@id":"https:\/\/www.miamibeachfl.gov\/miami-beach-text-message-services\/#breadcrumb","itemListElement":[{"@type":"ListItem","position":1,"name":"Home","item":"https:\/\/www.miamibeachfl.gov\/"},{"@type":"ListItem","position":2,"name":"Miami Beach Text Message Services"}]},{"@type":"WebSite","@id":"https:\/\/www.miamibeachfl.gov\/#website","url":"https:\/\/www.miamibeachfl.gov\/","name":"Vil Miami Beach","description":"Sitw\u00e8b ofisy\u00e8l Vil Miami Beach la. Rete enf\u00f2me, jwenn enf\u00f2masyon enp\u00f2tan sou s\u00e8vis vil la, nouv\u00e8l, al\u00e8t, ev\u00e8nman, wout tramway, travay gouv\u00e8nman an ak plis ank\u00f2.","publisher":{"@id":"https:\/\/www.miamibeachfl.gov\/#organization"},"potentialAction":[{"@type":"SearchAction","target":{"@type":"EntryPoint","urlTemplate":"https:\/\/www.miamibeachfl.gov\/?s={search_term_string}"},"query-input":{"@type":"PropertyValueSpecification","valueRequired":true,"valueName":"search_term_string"}}],"inLanguage":"ht"},{"@type":"Organization","@id":"https:\/\/www.miamibeachfl.gov\/#organization","name":"Vil Miami Beach","url":"https:\/\/www.miamibeachfl.gov\/","logo":{"@type":"ImageObject","inLanguage":"ht","@id":"https:\/\/www.miamibeachfl.gov\/#\/schema\/logo\/image\/","url":"https:\/\/www.miamibeachfl.gov\/wp-content\/uploads\/2022\/06\/miamibeach-logoblue.png","contentUrl":"https:\/\/www.miamibeachfl.gov\/wp-content\/uploads\/2022\/06\/miamibeach-logoblue.png","width":1962,"height":381,"caption":"City of Miami Beach"},"image":{"@id":"https:\/\/www.miamibeachfl.gov\/#\/schema\/logo\/image\/"},"sameAs":["https:\/\/www.facebook.com\/cityofmiamibeach","https:\/\/x.com\/Miamibeachnews","https:\/\/www.instagram.com\/miamibeachnews\/"],"description":"Sitw\u00e8b ofisy\u00e8l Vil Miami Beach la. Rete enf\u00f2me, jwenn enf\u00f2masyon enp\u00f2tan sou s\u00e8vis vil la, nouv\u00e8l, al\u00e8t, ev\u00e8nman, wout tramway, travay gouv\u00e8nman an ak plis ank\u00f2.","telephone":"305.604.CITY(2489)","legalName":"City of Miami Beach"}]}},"_links":{"self":[{"href":"https:\/\/www.miamibeachfl.gov\/ht\/wp-json\/wp\/v2\/pages\/397746","targetHints":{"allow":["GET"]}}],"collection":[{"href":"https:\/\/www.miamibeachfl.gov\/ht\/wp-json\/wp\/v2\/pages"}],"about":[{"href":"https:\/\/www.miamibeachfl.gov\/ht\/wp-json\/wp\/v2\/types\/page"}],"author":[{"embeddable":true,"href":"https:\/\/www.miamibeachfl.gov\/ht\/wp-json\/wp\/v2\/users\/329"}],"replies":[{"embeddable":true,"href":"https:\/\/www.miamibeachfl.gov\/ht\/wp-json\/wp\/v2\/comments?post=397746"}],"version-history":[{"count":17,"href":"https:\/\/www.miamibeachfl.gov\/ht\/wp-json\/wp\/v2\/pages\/397746\/revisions"}],"predecessor-version":[{"id":399082,"href":"https:\/\/www.miamibeachfl.gov\/ht\/wp-json\/wp\/v2\/pages\/397746\/revisions\/399082"}],"wp:attachment":[{"href":"https:\/\/www.miamibeachfl.gov\/ht\/wp-json\/wp\/v2\/media?parent=397746"}],"wp:term":[{"taxonomy":"category","embeddable":true,"href":"https:\/\/www.miamibeachfl.gov\/ht\/wp-json\/wp\/v2\/categories?post=397746"},{"taxonomy":"post_tag","embeddable":true,"href":"https:\/\/www.miamibeachfl.gov\/ht\/wp-json\/wp\/v2\/tags?post=397746"}],"curies":[{"name":"wp","href":"https:\/\/api.w.org\/{rel}","templated":true}]}}