{"id":399022,"date":"2026-04-15T16:20:43","date_gmt":"2026-04-15T20:20:43","guid":{"rendered":"https:\/\/www.miamibeachfl.gov\/?page_id=399022"},"modified":"2026-04-15T16:27:54","modified_gmt":"2026-04-15T20:27:54","slug":"thankyou","status":"publish","type":"page","link":"https:\/\/www.miamibeachfl.gov\/ht\/business\/thankyou\/","title":{"rendered":"M\u00e8si paske ou te kontakte Devlopman Ekonomik"},"content":{"rendered":"<h1>\n\t\t\tM\u00e8si!\t<\/h1>\n\t<h2>Reyisi! Demann Konsy\u00e8j ou an rive.<\/h2>\n<p>M\u00e8si paske ou te kontakte\u00a0<strong>Konsy\u00e8j Biznis Miami Beach<\/strong>\u00a0s\u00e8vis. Nou kontan ede w navige epi devlope biznis ou nan kominote vibran nou an.<\/p>\n<h3>Kisa k ap pase apre sa?<\/h3>\n<ul>\n<li><strong>Revizyon:<\/strong>\u00a0Yon espesyalis nan Devlopman Ekonomik ap egzamine demann ou an nan lespas\u00a0<strong>de jou ouvrab<\/strong>.<\/li>\n<li><strong>Konsiltasyon:<\/strong>\u00a0N ap kontakte w atrav\u00e8 met\u00f2d ou prefere a pou nou pwograme yon konsiltasyon endividy\u00e8l oubyen pou nou ba w resous espesifik ou te mande yo.<\/li>\n<li><strong>Aksyon:<\/strong>\u00a0Soti nan asistans pou jwenn p\u00e8mi rive nan idantifye ankourajman lokal yo, nou la pou senplifye chemen ou pou reyisi.<\/li>\n<\/ul>\n<hr \/>\n<h3>\u00c8ske ou te konnen?<\/h3>\n<p>Ou ka eksplore nou an\u00a0<strong><a title=\"https:\/\/gcc02.safelinks.protection.outlook.com\/?url=https%3A%2F%2Fwww.miamibeachfl.gov%2Fbusiness&amp;data=05%7C02%7COlgaLyons%40miamibeachfl.gov%7C8979531331c644adbf6908de9a532038%7C551608f948f34871808aa969ec5cf48a%7C0%7C0%7C639117879060934137%7CUnknown%7CTWFpbGZsb3d8eyJFbXB0eU1hcGkiOnRydWUsIlYiOiIwLjAuMDAwMCIsIlAiOiJXaW4zMiIsIkFOIjoiTWFpbCIsIldUIjoyfQ%3D%3D%7C0%7C%7C%7C&amp;sdata=wJF36s%2FCYxecGScJq3LZRqb%2FcHGT9LwypOBU8AwCk0Q%3D&amp;reserved=0\" href=\"https:\/\/www.miamibeachfl.gov\/ht\/business\/\" target=\"_blank\" rel=\"noopener\">Sant Resous Biznis<\/a><\/strong>\u00a0Antretan, pou aks\u00e8 imedya a kat vil la, enf\u00f2masyon sou zonaj, ak ev\u00e8nman rezo kap vini yo.<\/p>\n<p><strong>Nou pa ka tann pou nou travay av\u00e8k ou!<\/strong><\/p>\n<p>Tout pi bon salitasyon,<\/p>\n<p><strong>Ekip Devlopman Ekonomik la<\/strong>\u00a0Vil Miami Beach<\/p>\n<p><a href=\"tel:3056737572\"><strong>305.673.7572<\/strong><\/a><\/p>\n\t<a href=\"\/ht\/spotlight\/\" target=\"_self\"  aria-label=\"Ale nan \/spotlight\/\"><\/a>\n\t\t\t\t<img decoding=\"async\" src=\"https:\/\/www.miamibeachfl.gov\/wp-content\/uploads\/2022\/07\/icon-mbbiznews.png\" alt=\"mbbiz icon\" title=\"ik\u00f2n-mbbiznews\" itemprop=\"image\"\/>\n\t\t<h3>D\u00e8nye Nouv\u00e8l yo<\/h3>\t\t\t\n\t\t\t\t<p>Browse bilten biznis nou yo ak atik enp\u00f2tan yo pou d\u00e8nye enf\u00f2masyon ak resous ki disponib pou kominote biznis nou an.\u00a0<\/p>\n\t<a href=\"\/ht\/business\/whymb\/dashboard\/\" target=\"_self\"  aria-label=\"Ale nan \/business\/whymb\/dashboard\/\"><\/a>\n\t\t\t\t<img decoding=\"async\" src=\"https:\/\/www.miamibeachfl.gov\/wp-content\/uploads\/2022\/07\/icon-bizincentives.png\" alt=\"search data icon\" title=\"ik\u00f2n-ankourajman biznis\" itemprop=\"image\"\/>\n\t\t<h3>Resous Biznis<\/h3>\t\t\t\n\t\t\t\t<p>Zouti pou ede ou konprann d\u00e8nye endikat\u00e8 biznis yo, demografik yo, ak tandans endistri yo nan Vil Miami Beach.<\/p>\n\t<a href=\"\/ht\/business\/doing-business-with-mb\/mbbiz-events\/\" target=\"_self\"  aria-label=\"Ale nan \/biznis\/f\u00e8-biznis-ak-mb\/mbbiz-events\/\"><\/a>\n\t\t\t\t<img decoding=\"async\" src=\"https:\/\/www.miamibeachfl.gov\/wp-content\/uploads\/2022\/07\/icon-mbbicalendarincircle-2.png\" alt=\"icon-mbbicalendarincircle\" title=\"ik\u00f2n-mbbicalendarincircle\" itemprop=\"image\"\/>\n\t\t<h3>Ev\u00e8nman kap vini yo<\/h3>\t\t\t\n\t\t\t\t<p>Gade ev\u00e8nman kap vini yo.<\/p>\n\t\t<h3><a href=\"tel:3056737572\"  target=\"_self\">\t\n\t305.673.7572<\/a><\/h3>\t\n\t\t<h3><a href=\"mailto:mbbiz@miamibeachfl.gov\"  target=\"_self\">\t\n\tmbbiz@miamibeachfl.gov<\/a><\/h3>\t\n\t\t<h3><a href=\"\/ht\/business\/\"  target=\"_blank\"  rel=\"noopener\">\t\n\twww.MBBiz.com<\/a><\/h3>\t\n\t\t<h2>Ab\u00f2ne ak bilten MBBiz la<\/h2>\n\t\t\t\t<p>Resevwa resous ak d\u00e8nye enf\u00f2masyon nan men Depatman Devlopman Ekonomik la dir\u00e8kteman sou telef\u00f2n ou.<\/p>\n\t\t\t<a href=\"\/ht\/mbbiznews\/\" title=\"Ab\u00f2ne Kounye a\" target=\"_self\"   role=\"button\" aria-label=\"Ab\u00f2ne Kounye a\">\n\t\t\t\t\t\t\t\t\t\t\tAb\u00f2ne Kounye a\n\t\t<\/a>","protected":false},"excerpt":{"rendered":"<p>Thank You! Success! Your Concierge Request is In Thank you for reaching out to the\u00a0Miami Beach Business Concierge\u00a0service. We are [&hellip;]<\/p>\n","protected":false},"author":222,"featured_media":0,"parent":196910,"menu_order":0,"comment_status":"closed","ping_status":"closed","template":"","meta":{"_searchwp_excluded":"","site-sidebar-layout":"default","site-content-layout":"","ast-site-content-layout":"default","site-content-style":"default","site-sidebar-style":"default","ast-global-header-display":"","ast-banner-title-visibility":"","ast-main-header-display":"","ast-hfb-above-header-display":"","ast-hfb-below-header-display":"","ast-hfb-mobile-header-display":"","site-post-title":"","ast-breadcrumbs-content":"","ast-featured-img":"","footer-sml-layout":"","theme-transparent-header-meta":"","adv-header-id-meta":"","stick-header-meta":"","header-above-stick-meta":"","header-main-stick-meta":"","header-below-stick-meta":"","astra-migrate-meta-layouts":"default","ast-page-background-enabled":"default","ast-page-background-meta":{"desktop":{"background-color":"var(--ast-global-color-5)","background-image":"","background-repeat":"repeat","background-position":"center center","background-size":"auto","background-attachment":"scroll","background-type":"","background-media":"","overlay-type":"","overlay-color":"","overlay-opacity":"","overlay-gradient":""},"tablet":{"background-color":"","background-image":"","background-repeat":"repeat","background-position":"center center","background-size":"auto","background-attachment":"scroll","background-type":"","background-media":"","overlay-type":"","overlay-color":"","overlay-opacity":"","overlay-gradient":""},"mobile":{"background-color":"","background-image":"","background-repeat":"repeat","background-position":"center center","background-size":"auto","background-attachment":"scroll","background-type":"","background-media":"","overlay-type":"","overlay-color":"","overlay-opacity":"","overlay-gradient":""}},"ast-content-background-meta":{"desktop":{"background-color":"var(--ast-global-color-4)","background-image":"","background-repeat":"repeat","background-position":"center center","background-size":"auto","background-attachment":"scroll","background-type":"","background-media":"","overlay-type":"","overlay-color":"","overlay-opacity":"","overlay-gradient":""},"tablet":{"background-color":"var(--ast-global-color-4)","background-image":"","background-repeat":"repeat","background-position":"center center","background-size":"auto","background-attachment":"scroll","background-type":"","background-media":"","overlay-type":"","overlay-color":"","overlay-opacity":"","overlay-gradient":""},"mobile":{"background-color":"var(--ast-global-color-4)","background-image":"","background-repeat":"repeat","background-position":"center center","background-size":"auto","background-attachment":"scroll","background-type":"","background-media":"","overlay-type":"","overlay-color":"","overlay-opacity":"","overlay-gradient":""}},"footnotes":""},"categories":[],"tags":[],"class_list":["post-399022","page","type-page","status-publish","hentry"],"yoast_head":"<!-- This site is optimized with the Yoast SEO Premium plugin v27.4 (Yoast SEO v27.4) - https:\/\/yoast.com\/product\/yoast-seo-premium-wordpress\/ -->\n<title>Thank You for Contacting Economic Development - City of Miami Beach<\/title>\n<meta name=\"description\" content=\"Thank you for contacting Economic Development. We are excited to assist you in growing your business in Miami Beach.\" \/>\n<meta name=\"robots\" content=\"index, follow, max-snippet:-1, max-image-preview:large, max-video-preview:-1\" \/>\n<link rel=\"canonical\" href=\"https:\/\/www.miamibeachfl.gov\/ht\/business\/thankyou\/\" \/>\n<meta property=\"og:locale\" content=\"ht_HT\" \/>\n<meta property=\"og:type\" content=\"article\" \/>\n<meta property=\"og:title\" content=\"Thank You for Contacting Economic Development\" \/>\n<meta property=\"og:description\" content=\"Thank you for contacting Economic Development. We are excited to assist you in growing your business in Miami Beach.\" \/>\n<meta property=\"og:url\" content=\"https:\/\/www.miamibeachfl.gov\/ht\/business\/thankyou\/\" \/>\n<meta property=\"og:site_name\" content=\"City of Miami Beach\" \/>\n<meta property=\"article:publisher\" content=\"https:\/\/www.facebook.com\/cityofmiamibeach\" \/>\n<meta property=\"article:modified_time\" content=\"2026-04-15T20:27:54+00:00\" \/>\n<meta property=\"og:image\" content=\"https:\/\/www.miamibeachfl.gov\/wp-content\/uploads\/2022\/07\/icon-mbbiznews.png\" \/>\n<meta name=\"twitter:card\" content=\"summary_large_image\" \/>\n<meta name=\"twitter:site\" content=\"@Miamibeachnews\" \/>\n<script type=\"application\/ld+json\" class=\"yoast-schema-graph\">{\"@context\":\"https:\\\/\\\/schema.org\",\"@graph\":[{\"@type\":\"WebPage\",\"@id\":\"https:\\\/\\\/www.miamibeachfl.gov\\\/business\\\/thankyou\\\/\",\"url\":\"https:\\\/\\\/www.miamibeachfl.gov\\\/business\\\/thankyou\\\/\",\"name\":\"Thank You for Contacting Economic Development - City of Miami Beach\",\"isPartOf\":{\"@id\":\"https:\\\/\\\/www.miamibeachfl.gov\\\/#website\"},\"primaryImageOfPage\":{\"@id\":\"https:\\\/\\\/www.miamibeachfl.gov\\\/business\\\/thankyou\\\/#primaryimage\"},\"image\":{\"@id\":\"https:\\\/\\\/www.miamibeachfl.gov\\\/business\\\/thankyou\\\/#primaryimage\"},\"thumbnailUrl\":\"https:\\\/\\\/www.miamibeachfl.gov\\\/wp-content\\\/uploads\\\/2022\\\/07\\\/icon-mbbiznews.png\",\"datePublished\":\"2026-04-15T20:20:43+00:00\",\"dateModified\":\"2026-04-15T20:27:54+00:00\",\"description\":\"Thank you for contacting Economic Development. We are excited to assist you in growing your business in Miami Beach.\",\"breadcrumb\":{\"@id\":\"https:\\\/\\\/www.miamibeachfl.gov\\\/business\\\/thankyou\\\/#breadcrumb\"},\"inLanguage\":\"ht\",\"potentialAction\":[{\"@type\":\"ReadAction\",\"target\":[\"https:\\\/\\\/www.miamibeachfl.gov\\\/business\\\/thankyou\\\/\"]}]},{\"@type\":\"ImageObject\",\"inLanguage\":\"ht\",\"@id\":\"https:\\\/\\\/www.miamibeachfl.gov\\\/business\\\/thankyou\\\/#primaryimage\",\"url\":\"https:\\\/\\\/www.miamibeachfl.gov\\\/wp-content\\\/uploads\\\/2022\\\/07\\\/icon-mbbiznews.png\",\"contentUrl\":\"https:\\\/\\\/www.miamibeachfl.gov\\\/wp-content\\\/uploads\\\/2022\\\/07\\\/icon-mbbiznews.png\"},{\"@type\":\"BreadcrumbList\",\"@id\":\"https:\\\/\\\/www.miamibeachfl.gov\\\/business\\\/thankyou\\\/#breadcrumb\",\"itemListElement\":[{\"@type\":\"ListItem\",\"position\":1,\"name\":\"Home\",\"item\":\"https:\\\/\\\/www.miamibeachfl.gov\\\/\"},{\"@type\":\"ListItem\",\"position\":2,\"name\":\"Business\",\"item\":\"https:\\\/\\\/www.miamibeachfl.gov\\\/business\\\/\"},{\"@type\":\"ListItem\",\"position\":3,\"name\":\"Thank You for Contacting Economic Development\"}]},{\"@type\":\"WebSite\",\"@id\":\"https:\\\/\\\/www.miamibeachfl.gov\\\/#website\",\"url\":\"https:\\\/\\\/www.miamibeachfl.gov\\\/\",\"name\":\"City of Miami Beach\",\"description\":\"The official website of the City of Miami Beach. Stay informed, find important information on city services, news, alerts, events, trolley routes, government employment and more.\",\"publisher\":{\"@id\":\"https:\\\/\\\/www.miamibeachfl.gov\\\/#organization\"},\"potentialAction\":[{\"@type\":\"SearchAction\",\"target\":{\"@type\":\"EntryPoint\",\"urlTemplate\":\"https:\\\/\\\/www.miamibeachfl.gov\\\/?s={search_term_string}\"},\"query-input\":{\"@type\":\"PropertyValueSpecification\",\"valueRequired\":true,\"valueName\":\"search_term_string\"}}],\"inLanguage\":\"ht\"},{\"@type\":\"Organization\",\"@id\":\"https:\\\/\\\/www.miamibeachfl.gov\\\/#organization\",\"name\":\"City of Miami Beach\",\"url\":\"https:\\\/\\\/www.miamibeachfl.gov\\\/\",\"logo\":{\"@type\":\"ImageObject\",\"inLanguage\":\"ht\",\"@id\":\"https:\\\/\\\/www.miamibeachfl.gov\\\/#\\\/schema\\\/logo\\\/image\\\/\",\"url\":\"https:\\\/\\\/www.miamibeachfl.gov\\\/wp-content\\\/uploads\\\/2022\\\/06\\\/miamibeach-logoblue.png\",\"contentUrl\":\"https:\\\/\\\/www.miamibeachfl.gov\\\/wp-content\\\/uploads\\\/2022\\\/06\\\/miamibeach-logoblue.png\",\"width\":1962,\"height\":381,\"caption\":\"City of Miami Beach\"},\"image\":{\"@id\":\"https:\\\/\\\/www.miamibeachfl.gov\\\/#\\\/schema\\\/logo\\\/image\\\/\"},\"sameAs\":[\"https:\\\/\\\/www.facebook.com\\\/cityofmiamibeach\",\"https:\\\/\\\/x.com\\\/Miamibeachnews\",\"https:\\\/\\\/www.instagram.com\\\/miamibeachnews\\\/\"],\"description\":\"The official website of the City of Miami Beach. Stay informed, find important information on city services, news, alerts, events, trolley routes, government employment and more.\",\"telephone\":\"305.604.CITY(2489)\",\"legalName\":\"City of Miami Beach\"}]}<\/script>\n<!-- \/ Yoast SEO Premium plugin. -->","yoast_head_json":{"title":"M\u00e8si paske ou kontakte Devlopman Ekonomik - Vil Miami Beach","description":"M\u00e8si paske ou te kontakte Devlopman Ekonomik. Nou kontan ede w devlope biznis ou nan Miami Beach.","robots":{"index":"index","follow":"follow","max-snippet":"max-snippet:-1","max-image-preview":"max-image-preview:large","max-video-preview":"max-video-preview:-1"},"canonical":"https:\/\/www.miamibeachfl.gov\/ht\/business\/thankyou\/","og_locale":"ht_HT","og_type":"article","og_title":"Thank You for Contacting Economic Development","og_description":"Thank you for contacting Economic Development. We are excited to assist you in growing your business in Miami Beach.","og_url":"https:\/\/www.miamibeachfl.gov\/ht\/business\/thankyou\/","og_site_name":"City of Miami Beach","article_publisher":"https:\/\/www.facebook.com\/cityofmiamibeach","article_modified_time":"2026-04-15T20:27:54+00:00","og_image":[{"url":"https:\/\/www.miamibeachfl.gov\/wp-content\/uploads\/2022\/07\/icon-mbbiznews.png","type":"","width":"","height":""}],"twitter_card":"summary_large_image","twitter_site":"@Miamibeachnews","schema":{"@context":"https:\/\/schema.org","@graph":[{"@type":"WebPage","@id":"https:\/\/www.miamibeachfl.gov\/business\/thankyou\/","url":"https:\/\/www.miamibeachfl.gov\/business\/thankyou\/","name":"M\u00e8si paske ou kontakte Devlopman Ekonomik - Vil Miami Beach","isPartOf":{"@id":"https:\/\/www.miamibeachfl.gov\/#website"},"primaryImageOfPage":{"@id":"https:\/\/www.miamibeachfl.gov\/business\/thankyou\/#primaryimage"},"image":{"@id":"https:\/\/www.miamibeachfl.gov\/business\/thankyou\/#primaryimage"},"thumbnailUrl":"https:\/\/www.miamibeachfl.gov\/wp-content\/uploads\/2022\/07\/icon-mbbiznews.png","datePublished":"2026-04-15T20:20:43+00:00","dateModified":"2026-04-15T20:27:54+00:00","description":"M\u00e8si paske ou te kontakte Devlopman Ekonomik. Nou kontan ede w devlope biznis ou nan Miami Beach.","breadcrumb":{"@id":"https:\/\/www.miamibeachfl.gov\/business\/thankyou\/#breadcrumb"},"inLanguage":"ht","potentialAction":[{"@type":"ReadAction","target":["https:\/\/www.miamibeachfl.gov\/business\/thankyou\/"]}]},{"@type":"ImageObject","inLanguage":"ht","@id":"https:\/\/www.miamibeachfl.gov\/business\/thankyou\/#primaryimage","url":"https:\/\/www.miamibeachfl.gov\/wp-content\/uploads\/2022\/07\/icon-mbbiznews.png","contentUrl":"https:\/\/www.miamibeachfl.gov\/wp-content\/uploads\/2022\/07\/icon-mbbiznews.png"},{"@type":"BreadcrumbList","@id":"https:\/\/www.miamibeachfl.gov\/business\/thankyou\/#breadcrumb","itemListElement":[{"@type":"ListItem","position":1,"name":"Home","item":"https:\/\/www.miamibeachfl.gov\/"},{"@type":"ListItem","position":2,"name":"Business","item":"https:\/\/www.miamibeachfl.gov\/business\/"},{"@type":"ListItem","position":3,"name":"Thank You for Contacting Economic Development"}]},{"@type":"WebSite","@id":"https:\/\/www.miamibeachfl.gov\/#website","url":"https:\/\/www.miamibeachfl.gov\/","name":"Vil Miami Beach","description":"Sitw\u00e8b ofisy\u00e8l Vil Miami Beach la. Rete enf\u00f2me, jwenn enf\u00f2masyon enp\u00f2tan sou s\u00e8vis vil la, nouv\u00e8l, al\u00e8t, ev\u00e8nman, wout tramway, travay gouv\u00e8nman an ak plis ank\u00f2.","publisher":{"@id":"https:\/\/www.miamibeachfl.gov\/#organization"},"potentialAction":[{"@type":"SearchAction","target":{"@type":"EntryPoint","urlTemplate":"https:\/\/www.miamibeachfl.gov\/?s={search_term_string}"},"query-input":{"@type":"PropertyValueSpecification","valueRequired":true,"valueName":"search_term_string"}}],"inLanguage":"ht"},{"@type":"Organization","@id":"https:\/\/www.miamibeachfl.gov\/#organization","name":"Vil Miami Beach","url":"https:\/\/www.miamibeachfl.gov\/","logo":{"@type":"ImageObject","inLanguage":"ht","@id":"https:\/\/www.miamibeachfl.gov\/#\/schema\/logo\/image\/","url":"https:\/\/www.miamibeachfl.gov\/wp-content\/uploads\/2022\/06\/miamibeach-logoblue.png","contentUrl":"https:\/\/www.miamibeachfl.gov\/wp-content\/uploads\/2022\/06\/miamibeach-logoblue.png","width":1962,"height":381,"caption":"City of Miami Beach"},"image":{"@id":"https:\/\/www.miamibeachfl.gov\/#\/schema\/logo\/image\/"},"sameAs":["https:\/\/www.facebook.com\/cityofmiamibeach","https:\/\/x.com\/Miamibeachnews","https:\/\/www.instagram.com\/miamibeachnews\/"],"description":"Sitw\u00e8b ofisy\u00e8l Vil Miami Beach la. Rete enf\u00f2me, jwenn enf\u00f2masyon enp\u00f2tan sou s\u00e8vis vil la, nouv\u00e8l, al\u00e8t, ev\u00e8nman, wout tramway, travay gouv\u00e8nman an ak plis ank\u00f2.","telephone":"305.604.CITY(2489)","legalName":"City of Miami Beach"}]}},"_links":{"self":[{"href":"https:\/\/www.miamibeachfl.gov\/ht\/wp-json\/wp\/v2\/pages\/399022","targetHints":{"allow":["GET"]}}],"collection":[{"href":"https:\/\/www.miamibeachfl.gov\/ht\/wp-json\/wp\/v2\/pages"}],"about":[{"href":"https:\/\/www.miamibeachfl.gov\/ht\/wp-json\/wp\/v2\/types\/page"}],"author":[{"embeddable":true,"href":"https:\/\/www.miamibeachfl.gov\/ht\/wp-json\/wp\/v2\/users\/222"}],"replies":[{"embeddable":true,"href":"https:\/\/www.miamibeachfl.gov\/ht\/wp-json\/wp\/v2\/comments?post=399022"}],"version-history":[{"count":3,"href":"https:\/\/www.miamibeachfl.gov\/ht\/wp-json\/wp\/v2\/pages\/399022\/revisions"}],"predecessor-version":[{"id":399027,"href":"https:\/\/www.miamibeachfl.gov\/ht\/wp-json\/wp\/v2\/pages\/399022\/revisions\/399027"}],"up":[{"embeddable":true,"href":"https:\/\/www.miamibeachfl.gov\/ht\/wp-json\/wp\/v2\/pages\/196910"}],"wp:attachment":[{"href":"https:\/\/www.miamibeachfl.gov\/ht\/wp-json\/wp\/v2\/media?parent=399022"}],"wp:term":[{"taxonomy":"category","embeddable":true,"href":"https:\/\/www.miamibeachfl.gov\/ht\/wp-json\/wp\/v2\/categories?post=399022"},{"taxonomy":"post_tag","embeddable":true,"href":"https:\/\/www.miamibeachfl.gov\/ht\/wp-json\/wp\/v2\/tags?post=399022"}],"curies":[{"name":"wp","href":"https:\/\/api.w.org\/{rel}","templated":true}]}}