{"id":41104,"date":"2017-11-17T10:45:14","date_gmt":"2017-11-17T15:45:14","guid":{"rendered":"http:\/\/www.miamibeachfl.gov\/city-hall\/transportation\/jose-gonzalez-bio\/"},"modified":"2025-05-28T17:05:33","modified_gmt":"2025-05-28T21:05:33","slug":"jose-gonzalez-bio","status":"publish","type":"page","link":"https:\/\/www.miamibeachfl.gov\/ht\/city-hall\/transportation\/jose-gonzalez-bio\/","title":{"rendered":"Biyografi Jos\u00e9 R. Gonz\u00e1lez PE"},"content":{"rendered":"<img decoding=\"async\" src=\"https:\/\/www.miamibeachfl.gov\/wp-content\/uploads\/2022\/07\/hero-small.jpg\" alt=\"ocean drive art deco buildings\" itemprop=\"image\" title=\"ewo-piti\" onerror=\"this.style.display='none'\" loading='lazy' \/>\n<h1>\n\t\t\tBiyografi Jos\u00e9 R. Gonz\u00e1lez PE\t<\/h1>\n\t<nav id=\"breadcrumbs\" aria-label=\"Pen griye\"><a href=\"https:\/\/www.miamibeachfl.gov\/ht\/\">Lakay<\/a> &gt; <a href=\"https:\/\/www.miamibeachfl.gov\/ht\/city-hall\/\">Lakou Vil la<\/a> &gt; <a href=\"https:\/\/www.miamibeachfl.gov\/ht\/city-hall\/transportation\/\">Transp\u00f2 ak Mobilite<\/a> &gt; <strong>Biyografi Jos\u00e9 R. Gonz\u00e1lez PE<\/strong><\/nav>\n\t<p>Mesye Jos\u00e9 R. Gonz\u00e1lez se yon lid\u00e8 rekon\u00e8t nan dom\u00e8n transp\u00f2 a av\u00e8k 30 ane eksperyans nan sekt\u00e8 prive ak piblik la.<\/p>\n<p>Mesye Gonz\u00e1lez te k\u00f2manse kary\u00e8 pwofesyon\u00e8l li an 1994 l\u00e8 li te antre nan Depatman Transp\u00f2 Florid (&quot;FDOT&quot;), Distri Sis k\u00f2m manm Pwogram F\u00f2masyon Enjeny\u00e8 Pwofesyon\u00e8l, pwogram f\u00f2masyon lid\u00e8chip katran elit Depatman an. Pandan dis (10) ane kary\u00e8 li ak FDOT Distri Sis, Mesye Gonz\u00e1lez te espesyalize nan transp\u00f2 piblik k\u00f2m Enjeny\u00e8 Ent\u00e8modal Distri a nan Biwo Transp\u00f2 Piblik la. Nan kapasite sa a, Mesye Gonz\u00e1lez te jere ak\/oswa te gen yon patisipasyon enp\u00f2tan nan plizy\u00e8 pwoj\u00e8 transp\u00f2 multimodal ki gen enp\u00f2tans rejyonal ak eta a, tankou Sant Ent\u00e8modal Miami, Devlopman Pwoj\u00e8 Korid\u00f2 Multimodal L\u00e8s-Lw\u00e8s ak Etid Anviw\u00f2nman an, ak Enstalasyon Multimodal Golden Glades.<\/p>\n<p>Apre sa, Mesye Gonz\u00e1lez te rantre nan Vil Miami an 2004 k\u00f2m Manadj\u00e8 Transp\u00f2 kote li te responsab pou dirije ak sip\u00e8vize pwoj\u00e8 ak inisyativ transp\u00f2 nan Vil Miami. Pandan s\u00e8t (7) ane li te pase nan Vil Miami, Mesye Gonz\u00e1lez te dirije epi sip\u00f2te pwoj\u00e8 transp\u00f2 enp\u00f2tan tankou Tin\u00e8l P\u00f2 Miami ak Pwoj\u00e8 Tramway Miami an. Anplis de sa, li te dirije planifikasyon ak aplikasyon Sist\u00e8m Tramway Miami an, premye Plan Direkt\u00e8 Bisikl\u00e8t Vil la, epi li te jwe yon w\u00f2l dirijan nan yon pwoj\u00e8 mod\u00e8l devlopman oryante sou lojman ab\u00f2dab\/transp\u00f2 piblik ki te antreprann an patenarya ak Depatman Lojman ak Devlopman Iben Etazini ak Administrasyon Federal Transp\u00f2 a.<\/p>\n<p>An 2011, Mesye Gonz\u00e1lez te rantre nan Vil Miami Beach epi, an 2014, li te nonmen Direkt\u00e8 Depatman Transp\u00f2 ak Mobilite ki f\u00e8k kreye a (&quot;Depatman&quot;). Anba lid\u00e8chip Mesye Gonz\u00e1lez, Depatman Transp\u00f2 ak Mobilite a te konplete premye plan direkt\u00e8 multimodal konpl\u00e8 li a. Plan direkt\u00e8 Transp\u00f2 a, ki gen ladan yon estrateji priyorizasyon modal, yon plan direkt\u00e8 bisikl\u00e8t\/pyeton, ak yon Gid Konpl\u00e8 pou Konsepsyon Ri yo, te adopte inanimman pa Komisyon Vil la an 2016. Anba lid\u00e8chip Mesye Gonz\u00e1lez, Depatman an te aplike yon s\u00e8vis tramway ent\u00e8konekte pou tout vil la, s\u00e8vis transp\u00f2 elektrik sou demann, yon s\u00e8vis taksi dlo pou pasaje ki trav\u00e8se b\u00e8 yo, ak plizy\u00e8 kilom\u00e8t liy bisikl\u00e8t v\u00e8t pwoteje ak chemen pataje nan tout Vil la, ak anpil plis kilom\u00e8t enstalasyon bisikl\u00e8t ak pwoj\u00e8 amelyorasyon ki mete pyeton an premye an kou. Mesye Gonz\u00e1lez ap dirije deplwaman estrateji mobilite inovat\u00e8 ak solisyon teknolojik d\u00e8nye kri pou amelyore sikilasyon trafik la, tankou pwoj\u00e8 Sist\u00e8m Transp\u00f2 Entelijan ak Sist\u00e8m Pakin Entelijan pou bay piblik la enf\u00f2masyon an tan rey\u00e8l sou trafik, pakin ak transp\u00f2 piblik, ak yon lojisy\u00e8l jesyon trafik d\u00e8nye kri pou jere konjesyon trafik nan Miami Beach av\u00e8k efikasite. Anplis de sa, Mesye Gonz\u00e1lez ap kolabore ak Konte Miami-Dade pou aplike solisyon transp\u00f2 piblik rejyonal k\u00f2m yon pati nan Plan Estratejik Transp\u00f2 Rapid Z\u00f2n Miami (SMART) pou amelyore mobilite ant Vil Miami Beach ak t\u00e8 pwensipal la, ki gen ladan s\u00e8vis transp\u00f2 rapid atrav\u00e8 gran wout MacArthur ak Julia Tuttle yo epi devlope sant multimodal pou fasilite transf\u00e8 ant m\u00f2d transp\u00f2 alt\u00e8natif yo.<\/p>\n<p>Mesye Gonz\u00e1lez gen yon lisans nan Jeni Sivil nan Iniv\u00e8site Ent\u00e8nasyonal Florid. Li se yon Enjeny\u00e8 Pwofesyon\u00e8l ki anrejistre nan Eta Florid epi li se yon rezidan nan Vil Miami Beach depi plis pase 20 ane.<\/p>\n\t\tNavige pou ale nan\u2026\t\t\t\n\t\t\t\t\t<ul id=\"menu-ada\"><li id=\"menu-item-225437\"><a href=\"https:\/\/www.miamibeachfl.gov\/ht\/ada\/\">ADA<\/a><\/li>\n<li id=\"menu-item-225550\"><a href=\"https:\/\/www.miamibeachfl.gov\/ht\/ada\/ada-handbook-title-ii\/\">Many\u00e8l ADA \u2013 Tit II<\/a><\/li>\n<li id=\"menu-item-225549\"><a href=\"https:\/\/www.miamibeachfl.gov\/ht\/ada\/ada-request\/\">Demann ADA<\/a><\/li>\n<li id=\"menu-item-225548\"><a href=\"https:\/\/www.miamibeachfl.gov\/ht\/ada\/americans-with-disability-act\/\">Lwa Ameriken sou Andikap yo<\/a><\/li>\n<li id=\"menu-item-225438\"><a href=\"https:\/\/www.miamibeachfl.gov\/ht\/ada\/beach-wheelchair-access\/\">Aks\u00e8 pou ch\u00e8z woulant nan plaj la<\/a><\/li>\n<li id=\"menu-item-225547\"><a href=\"https:\/\/www.miamibeachfl.gov\/ht\/ada\/complaints-for-discrimination\/\">Plent pou Diskriminasyon<\/a><\/li>\n<li id=\"menu-item-225546\"><a href=\"https:\/\/www.miamibeachfl.gov\/ht\/ada\/difficulty-of-hearing\/\">Difikilte pou tande<\/a><\/li>\n<li id=\"menu-item-225545\"><a href=\"https:\/\/www.miamibeachfl.gov\/ht\/ada\/disability-etiquette\/\">Etik\u00e8t sou andikap<\/a><\/li>\n<li id=\"menu-item-225554\"><a href=\"https:\/\/www.miamibeachfl.gov\/ht\/ada\/disability-hiring-policy\/\">R\u00e8gleman sou Anbochaj pou Moun ki Andikape<\/a><\/li>\n<li id=\"menu-item-225544\"><a href=\"https:\/\/www.miamibeachfl.gov\/ht\/ada\/white-cane-law\/\">Lwa sou kann blan an<\/a><\/li>\n<\/ul>\t\n\t<div class=\"page-navigation\"><a class=\"prev-page\" href=\"https:\/\/www.miamibeachfl.gov\/ht\/city-hall\/transportation\/tracking-trolley-live\/\">\u2190 Suivi Trolley An Dir\u00e8k<\/a> <a class=\"next-page\" href=\"https:\/\/www.miamibeachfl.gov\/ht\/city-hall\/transportation\/plans-studies\/\">Plan ak Etid \u2192<\/a><\/div>","protected":false},"excerpt":{"rendered":"<p>Jos\u00e9 R. Gonz\u00e1lez P.E Bio Home &gt; City Hall &gt; Transportation &#038; Mobility &gt; Jos\u00e9 R. Gonz\u00e1lez P.E Bio Mr. [&hellip;]<\/p>\n","protected":false},"author":222,"featured_media":0,"parent":28743,"menu_order":63,"comment_status":"closed","ping_status":"closed","template":"","meta":{"_searchwp_excluded":"","site-sidebar-layout":"default","site-content-layout":"","ast-site-content-layout":"default","site-content-style":"default","site-sidebar-style":"default","ast-global-header-display":"","ast-banner-title-visibility":"","ast-main-header-display":"","ast-hfb-above-header-display":"","ast-hfb-below-header-display":"","ast-hfb-mobile-header-display":"","site-post-title":"","ast-breadcrumbs-content":"","ast-featured-img":"","footer-sml-layout":"","theme-transparent-header-meta":"","adv-header-id-meta":"","stick-header-meta":"","header-above-stick-meta":"","header-main-stick-meta":"","header-below-stick-meta":"","astra-migrate-meta-layouts":"default","ast-page-background-enabled":"default","ast-page-background-meta":{"desktop":{"background-color":"var(--ast-global-color-5)","background-image":"","background-repeat":"repeat","background-position":"center center","background-size":"auto","background-attachment":"scroll","background-type":"","background-media":"","overlay-type":"","overlay-color":"","overlay-opacity":"","overlay-gradient":""},"tablet":{"background-color":"","background-image":"","background-repeat":"repeat","background-position":"center center","background-size":"auto","background-attachment":"scroll","background-type":"","background-media":"","overlay-type":"","overlay-color":"","overlay-opacity":"","overlay-gradient":""},"mobile":{"background-color":"","background-image":"","background-repeat":"repeat","background-position":"center center","background-size":"auto","background-attachment":"scroll","background-type":"","background-media":"","overlay-type":"","overlay-color":"","overlay-opacity":"","overlay-gradient":""}},"ast-content-background-meta":{"desktop":{"background-color":"var(--ast-global-color-4)","background-image":"","background-repeat":"repeat","background-position":"center center","background-size":"auto","background-attachment":"scroll","background-type":"","background-media":"","overlay-type":"","overlay-color":"","overlay-opacity":"","overlay-gradient":""},"tablet":{"background-color":"var(--ast-global-color-4)","background-image":"","background-repeat":"repeat","background-position":"center center","background-size":"auto","background-attachment":"scroll","background-type":"","background-media":"","overlay-type":"","overlay-color":"","overlay-opacity":"","overlay-gradient":""},"mobile":{"background-color":"var(--ast-global-color-4)","background-image":"","background-repeat":"repeat","background-position":"center center","background-size":"auto","background-attachment":"scroll","background-type":"","background-media":"","overlay-type":"","overlay-color":"","overlay-opacity":"","overlay-gradient":""}},"footnotes":""},"categories":[],"tags":[],"class_list":["post-41104","page","type-page","status-publish","hentry"],"yoast_head":"<!-- This site is optimized with the Yoast SEO Premium plugin v27.4 (Yoast SEO v27.4) - https:\/\/yoast.com\/product\/yoast-seo-premium-wordpress\/ -->\n<title>Jos\u00e9 R. Gonz\u00e1lez P.E Bio - City of Miami Beach<\/title>\n<meta name=\"description\" content=\"%\" \/>\n<meta name=\"robots\" content=\"index, follow, max-snippet:-1, max-image-preview:large, max-video-preview:-1\" \/>\n<link rel=\"canonical\" href=\"https:\/\/www.miamibeachfl.gov\/ht\/city-hall\/transportation\/jose-gonzalez-bio\/\" \/>\n<meta property=\"og:locale\" content=\"ht_HT\" \/>\n<meta property=\"og:type\" content=\"article\" \/>\n<meta property=\"og:title\" content=\"Jos\u00e9 R. Gonz\u00e1lez P.E Bio\" \/>\n<meta property=\"og:description\" content=\"%\" \/>\n<meta property=\"og:url\" content=\"https:\/\/www.miamibeachfl.gov\/ht\/city-hall\/transportation\/jose-gonzalez-bio\/\" \/>\n<meta property=\"og:site_name\" content=\"City of Miami Beach\" \/>\n<meta property=\"article:publisher\" content=\"https:\/\/www.facebook.com\/cityofmiamibeach\" \/>\n<meta property=\"article:modified_time\" content=\"2025-05-28T21:05:33+00:00\" \/>\n<meta property=\"og:image\" content=\"https:\/\/www.miamibeachfl.gov\/wp-content\/uploads\/2022\/07\/hero-small.jpg\" \/>\n<meta name=\"twitter:card\" content=\"summary_large_image\" \/>\n<meta name=\"twitter:site\" content=\"@Miamibeachnews\" \/>\n<script type=\"application\/ld+json\" class=\"yoast-schema-graph\">{\"@context\":\"https:\\\/\\\/schema.org\",\"@graph\":[{\"@type\":\"WebPage\",\"@id\":\"https:\\\/\\\/www.miamibeachfl.gov\\\/city-hall\\\/transportation\\\/jose-gonzalez-bio\\\/\",\"url\":\"https:\\\/\\\/www.miamibeachfl.gov\\\/city-hall\\\/transportation\\\/jose-gonzalez-bio\\\/\",\"name\":\"Jos\u00e9 R. Gonz\u00e1lez P.E Bio - City of Miami Beach\",\"isPartOf\":{\"@id\":\"https:\\\/\\\/www.miamibeachfl.gov\\\/#website\"},\"primaryImageOfPage\":{\"@id\":\"https:\\\/\\\/www.miamibeachfl.gov\\\/city-hall\\\/transportation\\\/jose-gonzalez-bio\\\/#primaryimage\"},\"image\":{\"@id\":\"https:\\\/\\\/www.miamibeachfl.gov\\\/city-hall\\\/transportation\\\/jose-gonzalez-bio\\\/#primaryimage\"},\"thumbnailUrl\":\"https:\\\/\\\/www.miamibeachfl.gov\\\/wp-content\\\/uploads\\\/2022\\\/07\\\/hero-small.jpg\",\"datePublished\":\"2017-11-17T15:45:14+00:00\",\"dateModified\":\"2025-05-28T21:05:33+00:00\",\"description\":\"%\",\"breadcrumb\":{\"@id\":\"https:\\\/\\\/www.miamibeachfl.gov\\\/city-hall\\\/transportation\\\/jose-gonzalez-bio\\\/#breadcrumb\"},\"inLanguage\":\"ht\",\"potentialAction\":[{\"@type\":\"ReadAction\",\"target\":[\"https:\\\/\\\/www.miamibeachfl.gov\\\/city-hall\\\/transportation\\\/jose-gonzalez-bio\\\/\"]}]},{\"@type\":\"ImageObject\",\"inLanguage\":\"ht\",\"@id\":\"https:\\\/\\\/www.miamibeachfl.gov\\\/city-hall\\\/transportation\\\/jose-gonzalez-bio\\\/#primaryimage\",\"url\":\"https:\\\/\\\/www.miamibeachfl.gov\\\/wp-content\\\/uploads\\\/2022\\\/07\\\/hero-small.jpg\",\"contentUrl\":\"https:\\\/\\\/www.miamibeachfl.gov\\\/wp-content\\\/uploads\\\/2022\\\/07\\\/hero-small.jpg\"},{\"@type\":\"BreadcrumbList\",\"@id\":\"https:\\\/\\\/www.miamibeachfl.gov\\\/city-hall\\\/transportation\\\/jose-gonzalez-bio\\\/#breadcrumb\",\"itemListElement\":[{\"@type\":\"ListItem\",\"position\":1,\"name\":\"Home\",\"item\":\"https:\\\/\\\/www.miamibeachfl.gov\\\/\"},{\"@type\":\"ListItem\",\"position\":2,\"name\":\"City Hall\",\"item\":\"https:\\\/\\\/www.miamibeachfl.gov\\\/city-hall\\\/\"},{\"@type\":\"ListItem\",\"position\":3,\"name\":\"Transportation &#038; Mobility\",\"item\":\"https:\\\/\\\/www.miamibeachfl.gov\\\/city-hall\\\/transportation\\\/\"},{\"@type\":\"ListItem\",\"position\":4,\"name\":\"Jos\u00e9 R. Gonz\u00e1lez P.E Bio\"}]},{\"@type\":\"WebSite\",\"@id\":\"https:\\\/\\\/www.miamibeachfl.gov\\\/#website\",\"url\":\"https:\\\/\\\/www.miamibeachfl.gov\\\/\",\"name\":\"City of Miami Beach\",\"description\":\"The official website of the City of Miami Beach. Stay informed, find important information on city services, news, alerts, events, trolley routes, government employment and more.\",\"publisher\":{\"@id\":\"https:\\\/\\\/www.miamibeachfl.gov\\\/#organization\"},\"potentialAction\":[{\"@type\":\"SearchAction\",\"target\":{\"@type\":\"EntryPoint\",\"urlTemplate\":\"https:\\\/\\\/www.miamibeachfl.gov\\\/?s={search_term_string}\"},\"query-input\":{\"@type\":\"PropertyValueSpecification\",\"valueRequired\":true,\"valueName\":\"search_term_string\"}}],\"inLanguage\":\"ht\"},{\"@type\":\"Organization\",\"@id\":\"https:\\\/\\\/www.miamibeachfl.gov\\\/#organization\",\"name\":\"City of Miami Beach\",\"url\":\"https:\\\/\\\/www.miamibeachfl.gov\\\/\",\"logo\":{\"@type\":\"ImageObject\",\"inLanguage\":\"ht\",\"@id\":\"https:\\\/\\\/www.miamibeachfl.gov\\\/#\\\/schema\\\/logo\\\/image\\\/\",\"url\":\"https:\\\/\\\/www.miamibeachfl.gov\\\/wp-content\\\/uploads\\\/2022\\\/06\\\/miamibeach-logoblue.png\",\"contentUrl\":\"https:\\\/\\\/www.miamibeachfl.gov\\\/wp-content\\\/uploads\\\/2022\\\/06\\\/miamibeach-logoblue.png\",\"width\":1962,\"height\":381,\"caption\":\"City of Miami Beach\"},\"image\":{\"@id\":\"https:\\\/\\\/www.miamibeachfl.gov\\\/#\\\/schema\\\/logo\\\/image\\\/\"},\"sameAs\":[\"https:\\\/\\\/www.facebook.com\\\/cityofmiamibeach\",\"https:\\\/\\\/x.com\\\/Miamibeachnews\",\"https:\\\/\\\/www.instagram.com\\\/miamibeachnews\\\/\"],\"description\":\"The official website of the City of Miami Beach. Stay informed, find important information on city services, news, alerts, events, trolley routes, government employment and more.\",\"telephone\":\"305.604.CITY(2489)\",\"legalName\":\"City of Miami Beach\"}]}<\/script>\n<!-- \/ Yoast SEO Premium plugin. -->","yoast_head_json":{"title":"Jos\u00e9 R. Gonz\u00e1lez PE Bio - Vil Miami Beach","description":"%","robots":{"index":"index","follow":"follow","max-snippet":"max-snippet:-1","max-image-preview":"max-image-preview:large","max-video-preview":"max-video-preview:-1"},"canonical":"https:\/\/www.miamibeachfl.gov\/ht\/city-hall\/transportation\/jose-gonzalez-bio\/","og_locale":"ht_HT","og_type":"article","og_title":"Jos\u00e9 R. Gonz\u00e1lez P.E Bio","og_description":"%","og_url":"https:\/\/www.miamibeachfl.gov\/ht\/city-hall\/transportation\/jose-gonzalez-bio\/","og_site_name":"City of Miami Beach","article_publisher":"https:\/\/www.facebook.com\/cityofmiamibeach","article_modified_time":"2025-05-28T21:05:33+00:00","og_image":[{"url":"https:\/\/www.miamibeachfl.gov\/wp-content\/uploads\/2022\/07\/hero-small.jpg","type":"","width":"","height":""}],"twitter_card":"summary_large_image","twitter_site":"@Miamibeachnews","schema":{"@context":"https:\/\/schema.org","@graph":[{"@type":"WebPage","@id":"https:\/\/www.miamibeachfl.gov\/city-hall\/transportation\/jose-gonzalez-bio\/","url":"https:\/\/www.miamibeachfl.gov\/city-hall\/transportation\/jose-gonzalez-bio\/","name":"Jos\u00e9 R. Gonz\u00e1lez PE Bio - Vil Miami Beach","isPartOf":{"@id":"https:\/\/www.miamibeachfl.gov\/#website"},"primaryImageOfPage":{"@id":"https:\/\/www.miamibeachfl.gov\/city-hall\/transportation\/jose-gonzalez-bio\/#primaryimage"},"image":{"@id":"https:\/\/www.miamibeachfl.gov\/city-hall\/transportation\/jose-gonzalez-bio\/#primaryimage"},"thumbnailUrl":"https:\/\/www.miamibeachfl.gov\/wp-content\/uploads\/2022\/07\/hero-small.jpg","datePublished":"2017-11-17T15:45:14+00:00","dateModified":"2025-05-28T21:05:33+00:00","description":"%","breadcrumb":{"@id":"https:\/\/www.miamibeachfl.gov\/city-hall\/transportation\/jose-gonzalez-bio\/#breadcrumb"},"inLanguage":"ht","potentialAction":[{"@type":"ReadAction","target":["https:\/\/www.miamibeachfl.gov\/city-hall\/transportation\/jose-gonzalez-bio\/"]}]},{"@type":"ImageObject","inLanguage":"ht","@id":"https:\/\/www.miamibeachfl.gov\/city-hall\/transportation\/jose-gonzalez-bio\/#primaryimage","url":"https:\/\/www.miamibeachfl.gov\/wp-content\/uploads\/2022\/07\/hero-small.jpg","contentUrl":"https:\/\/www.miamibeachfl.gov\/wp-content\/uploads\/2022\/07\/hero-small.jpg"},{"@type":"BreadcrumbList","@id":"https:\/\/www.miamibeachfl.gov\/city-hall\/transportation\/jose-gonzalez-bio\/#breadcrumb","itemListElement":[{"@type":"ListItem","position":1,"name":"Home","item":"https:\/\/www.miamibeachfl.gov\/"},{"@type":"ListItem","position":2,"name":"City Hall","item":"https:\/\/www.miamibeachfl.gov\/city-hall\/"},{"@type":"ListItem","position":3,"name":"Transportation &#038; Mobility","item":"https:\/\/www.miamibeachfl.gov\/city-hall\/transportation\/"},{"@type":"ListItem","position":4,"name":"Jos\u00e9 R. Gonz\u00e1lez P.E Bio"}]},{"@type":"WebSite","@id":"https:\/\/www.miamibeachfl.gov\/#website","url":"https:\/\/www.miamibeachfl.gov\/","name":"Vil Miami Beach","description":"Sitw\u00e8b ofisy\u00e8l Vil Miami Beach la. Rete enf\u00f2me, jwenn enf\u00f2masyon enp\u00f2tan sou s\u00e8vis vil la, nouv\u00e8l, al\u00e8t, ev\u00e8nman, wout tramway, travay gouv\u00e8nman an ak plis ank\u00f2.","publisher":{"@id":"https:\/\/www.miamibeachfl.gov\/#organization"},"potentialAction":[{"@type":"SearchAction","target":{"@type":"EntryPoint","urlTemplate":"https:\/\/www.miamibeachfl.gov\/?s={search_term_string}"},"query-input":{"@type":"PropertyValueSpecification","valueRequired":true,"valueName":"search_term_string"}}],"inLanguage":"ht"},{"@type":"Organization","@id":"https:\/\/www.miamibeachfl.gov\/#organization","name":"Vil Miami Beach","url":"https:\/\/www.miamibeachfl.gov\/","logo":{"@type":"ImageObject","inLanguage":"ht","@id":"https:\/\/www.miamibeachfl.gov\/#\/schema\/logo\/image\/","url":"https:\/\/www.miamibeachfl.gov\/wp-content\/uploads\/2022\/06\/miamibeach-logoblue.png","contentUrl":"https:\/\/www.miamibeachfl.gov\/wp-content\/uploads\/2022\/06\/miamibeach-logoblue.png","width":1962,"height":381,"caption":"City of Miami Beach"},"image":{"@id":"https:\/\/www.miamibeachfl.gov\/#\/schema\/logo\/image\/"},"sameAs":["https:\/\/www.facebook.com\/cityofmiamibeach","https:\/\/x.com\/Miamibeachnews","https:\/\/www.instagram.com\/miamibeachnews\/"],"description":"Sitw\u00e8b ofisy\u00e8l Vil Miami Beach la. Rete enf\u00f2me, jwenn enf\u00f2masyon enp\u00f2tan sou s\u00e8vis vil la, nouv\u00e8l, al\u00e8t, ev\u00e8nman, wout tramway, travay gouv\u00e8nman an ak plis ank\u00f2.","telephone":"305.604.CITY(2489)","legalName":"City of Miami Beach"}]}},"_links":{"self":[{"href":"https:\/\/www.miamibeachfl.gov\/ht\/wp-json\/wp\/v2\/pages\/41104","targetHints":{"allow":["GET"]}}],"collection":[{"href":"https:\/\/www.miamibeachfl.gov\/ht\/wp-json\/wp\/v2\/pages"}],"about":[{"href":"https:\/\/www.miamibeachfl.gov\/ht\/wp-json\/wp\/v2\/types\/page"}],"author":[{"embeddable":true,"href":"https:\/\/www.miamibeachfl.gov\/ht\/wp-json\/wp\/v2\/users\/222"}],"replies":[{"embeddable":true,"href":"https:\/\/www.miamibeachfl.gov\/ht\/wp-json\/wp\/v2\/comments?post=41104"}],"version-history":[{"count":1,"href":"https:\/\/www.miamibeachfl.gov\/ht\/wp-json\/wp\/v2\/pages\/41104\/revisions"}],"predecessor-version":[{"id":374601,"href":"https:\/\/www.miamibeachfl.gov\/ht\/wp-json\/wp\/v2\/pages\/41104\/revisions\/374601"}],"up":[{"embeddable":true,"href":"https:\/\/www.miamibeachfl.gov\/ht\/wp-json\/wp\/v2\/pages\/28743"}],"wp:attachment":[{"href":"https:\/\/www.miamibeachfl.gov\/ht\/wp-json\/wp\/v2\/media?parent=41104"}],"wp:term":[{"taxonomy":"category","embeddable":true,"href":"https:\/\/www.miamibeachfl.gov\/ht\/wp-json\/wp\/v2\/categories?post=41104"},{"taxonomy":"post_tag","embeddable":true,"href":"https:\/\/www.miamibeachfl.gov\/ht\/wp-json\/wp\/v2\/tags?post=41104"}],"curies":[{"name":"wp","href":"https:\/\/api.w.org\/{rel}","templated":true}]}}