{"id":41111,"date":"2017-11-17T11:00:17","date_gmt":"2017-11-17T16:00:17","guid":{"rendered":"http:\/\/www.miamibeachfl.gov\/city-hall\/transportation\/plans-studies\/"},"modified":"2025-06-18T16:57:29","modified_gmt":"2025-06-18T20:57:29","slug":"plans-studies","status":"publish","type":"page","link":"https:\/\/www.miamibeachfl.gov\/ht\/city-hall\/transportation\/plans-studies\/","title":{"rendered":"Plan ak Etid"},"content":{"rendered":"<img decoding=\"async\" src=\"https:\/\/www.miamibeachfl.gov\/wp-content\/uploads\/2022\/07\/hero-small.jpg\" alt=\"ocean drive art deco buildings\" itemprop=\"image\" height=\"211\" width=\"2395\" title=\"ewo-piti\" onerror=\"this.style.display='none'\" loading='lazy' \/>\n<h1>\n\t\t\tPlan ak etid\t<\/h1>\n\t<nav id=\"breadcrumbs\" aria-label=\"Pen griye\"><a href=\"https:\/\/www.miamibeachfl.gov\/ht\/\">Lakay<\/a> &gt; <a href=\"https:\/\/www.miamibeachfl.gov\/ht\/city-hall\/\">Lakou Vil la<\/a> &gt; <a href=\"https:\/\/www.miamibeachfl.gov\/ht\/city-hall\/transportation\/\">Transp\u00f2 ak Mobilite<\/a> &gt; <strong>Plan ak Etid<\/strong><\/nav>\n\t<p>Depatman Transp\u00f2 Vil Miami Beach la toujou ap ch\u00e8che fason inovat\u00e8 pou amelyore kalite lavi rezidan yo ak vizit\u00e8 yo nan paradi twopikal nou an. Youn nan fason nou asire ke n ap travay pou atenn objektif sa a se l\u00e8 nou asosye av\u00e8k konpayi Achitekti, Jeni ak Planifikasyon Transp\u00f2 ki nan nivo mondyal pou nou ka bay ide sa yo lavi. Anba la a, gen k\u00e8k nan d\u00e8nye etid ak plan nou te travay av\u00e8k konsiltan nou yo pou devlope.<\/p>\n<table>\n<tbody>\n<tr>\n<td><strong>Rap\u00f2 Final Plan Jeneral la<\/strong><\/td>\n<td><strong>Plan pou pyeton ak bisikl\u00e8t<\/strong><\/td>\n<\/tr>\n<tr>\n<td>\n<h3><a href=\"https:\/\/www.miamibeachfl.gov\/wp-content\/uploads\/2018\/07\/Updated-Transportation-Master-Plan-Final-Report.pdf\" target=\"_blank\" rel=\"noopener\"><img loading=\"lazy\" decoding=\"async\" src=\"http:\/\/www.miamibeachfl.gov\/wp-content\/uploads\/2017\/12\/MasterFinalReport.png\" alt=\"Master Final Report\" width=\"324\" height=\"210\" \/><\/a><\/h3>\n<\/td>\n<td>\n<h3><a href=\"\/wp-content\/uploads\/2017\/12\/miami-beach-bicycle-pedestrian-master-plan-draft-report.pdf\" target=\"_blank\" rel=\"noopener\"><img loading=\"lazy\" decoding=\"async\" src=\"http:\/\/www.miamibeachfl.gov\/wp-content\/uploads\/2017\/12\/CMBBicyclePlan.png\" alt=\"CMBBicycle Plan\" width=\"320\" height=\"207\" \/><\/a><\/h3>\n<\/td>\n<\/tr>\n<tr>\n<td><strong>Gid pou Konsepsyon Lari yo<\/strong><\/td>\n<td><strong>Plan M\u00e8t Chemen Ble yo<\/strong><\/td>\n<\/tr>\n<tr>\n<td><a href=\"\/wp-content\/uploads\/2017\/12\/street-design-guidlines-FINAL.pdf\" target=\"_blank\" rel=\"noopener\"><img loading=\"lazy\" decoding=\"async\" src=\"http:\/\/www.miamibeachfl.gov\/wp-content\/uploads\/2017\/12\/StreetDesignGuidelines.png\" alt=\"Street Design Guidelines\" width=\"326\" height=\"211\" \/><\/a><\/td>\n<td><a href=\"\/wp-content\/uploads\/2017\/12\/final-blueways-master-plan-5-28-15.pdf\" target=\"_blank\" rel=\"noopener\"><img loading=\"lazy\" decoding=\"async\" src=\"http:\/\/www.miamibeachfl.gov\/wp-content\/uploads\/2017\/12\/CMBBluewayPlan.png\" alt=\"CMBBlueway Plan\" width=\"323\" height=\"209\" \/><\/a><\/td>\n<\/tr>\n<\/tbody>\n<\/table>\n\t<p><a href=\"https:\/\/www.miamibeachfl.gov\/wp-content\/uploads\/2025\/06\/MB_VZAP_Report_FINAL_12202024.pdf\"><img loading=\"lazy\" decoding=\"async\" src=\"https:\/\/www.miamibeachfl.gov\/wp-content\/uploads\/2025\/06\/Screenshot-2025-06-18-at-4.52.18\u202fPM.png\" alt=\"CITY OF MIAMI BEACH VISION ZERO ACTION PLAN\" width=\"570\" height=\"145\" \/><\/a><\/p>\n<hr \/>\n<p><strong><a href=\"https:\/\/www.miamibeachfl.gov\/wp-content\/uploads\/2025\/06\/MB_VZAP_Report_FINAL_12202024.pdf\">GADE PLAN AKSYON VISION ZERO (PDF)<\/a> | <a href=\"https:\/\/www.miamibeachfl.gov\/wp-content\/uploads\/2025\/06\/MB_VZAP_Report_FINAL_12202024_PrinterFriendly.pdf\">ENPRIME FICHYE A<\/a><\/strong><\/p>\n<p>&nbsp;<\/p>\n\t\t\t\t\t<a href=\"#\"  id=\"fl-accordion--label-0\" tabindex=\"0\" aria-controls=\"fl-accordion--panel-0\">Etid Fizibilite pou Pyeton, Bisikl\u00e8t, ak Transp\u00f2 Piblik nan Ri 17 la<\/a>\n\t\t\t\t\t\t\t\t\t\t\t<a href=\"#\" id=\"fl-accordion--icon-0\"  tabindex=\"0\"><i title=\"Elaji\">Elaji<\/i><\/a>\n\t\t\t\t\t<ul>\n<li><a href=\"http:\/\/www.miamibeachfl.gov\/wp-content\/uploads\/2019\/11\/Public-Meeting-2-Presentation-11.18.19.pdf\">Reyinyon Piblik #2 Prezantasyon 11.18.19<\/a><\/li>\n<li><a href=\"https:\/\/youtu.be\/T1yTlAx01mk\">Videyo Kons\u00e8p 17 Street la<\/a>\n<ul>\n<li>*Videyo sa a se yon BOUYON ki te pase nan Reyinyon Piblik la nan dat 11.18.19. V\u00e8syon final la ka mete ajou epi y ap make l k\u00f2m V\u00e8syon Final la.<\/li>\n<\/ul>\n<\/li>\n<\/ul>\n\t\t\t\t\t<a href=\"#\"  id=\"fl-accordion--label-1\" tabindex=\"0\" aria-controls=\"fl-accordion--panel-1\">Chemen pou Itilizasyon Pataje sou Boulevard Dade<\/a>\n\t\t\t\t\t\t\t\t\t\t\t<a href=\"#\" id=\"fl-accordion--icon-1\"  tabindex=\"0\"><i title=\"Elaji\">Elaji<\/i><\/a>\n\t\t\t\t\t<ul>\n<li><a href=\"http:\/\/www.miamibeachfl.gov\/wp-content\/uploads\/2019\/10\/Public-Meeting-1.pdf\">Reyinyon Piblik #1<\/a><\/li>\n<\/ul>\n\t\t\t\t\t<a href=\"#\"  id=\"fl-accordion--label-2\" tabindex=\"0\" aria-controls=\"fl-accordion--panel-2\">Etid konpl\u00e8 sou 23y\u00e8m Ri a<\/a>\n\t\t\t\t\t\t\t\t\t\t\t<a href=\"#\" id=\"fl-accordion--icon-2\"  tabindex=\"0\"><i title=\"Elaji\">Elaji<\/i><\/a>\n\t\t\t\t\t<ul>\n<li><a href=\"https:\/\/youtu.be\/KexbbzrGoRk\">Videyo Kons\u00e8p Konpl\u00e8 23 Street la<\/a><\/li>\n<li><a href=\"http:\/\/www.miamibeachfl.gov\/wp-content\/uploads\/2019\/11\/23-Final-Layout_Bike-Lanes-Final.pdf\">23 Plan Final_Liy Bisikl\u00e8t (Final)<\/a><\/li>\n<li><a href=\"http:\/\/www.miamibeachfl.gov\/wp-content\/uploads\/2019\/12\/23-Street-Concept-Brochure.pdf\">Brochi Kons\u00e8p 23y\u00e8m Ri a<\/a><\/li>\n<li><a href=\"http:\/\/www.miamibeachfl.gov\/wp-content\/uploads\/2019\/12\/Proposed-Typical-Sections.pdf\">Seksyon Tipik Pwopoze yo<\/a><\/li>\n<\/ul>\n\t\t\t\t\t<a href=\"#\"  id=\"fl-accordion--label-3\" tabindex=\"0\" aria-controls=\"fl-accordion--panel-3\">Vwayaj V\u00e8t Katye North Beach la<\/a>\n\t\t\t\t\t\t\t\t\t\t\t<a href=\"#\" id=\"fl-accordion--icon-3\"  tabindex=\"0\"><i title=\"Elaji\">Elaji<\/i><\/a>\n\t\t\t\t\t<ul>\n<li><a href=\"http:\/\/www.miamibeachfl.gov\/wp-content\/uploads\/2019\/10\/Resolution-2019-30745.pdf\">Rezolisyon 2019-30745<\/a><\/li>\n<li><a href=\"http:\/\/www.miamibeachfl.gov\/wp-content\/uploads\/2019\/10\/North-Beach-Project-Area-Map.pdf\">Kat Z\u00f2n Pwoj\u00e8 North Beach la<\/a><\/li>\n<li><a href=\"http:\/\/www.miamibeachfl.gov\/wp-content\/uploads\/2019\/10\/77th-Street-Proposed.pdf\">Pwopozisyon pou 77y\u00e8m Ri a<\/a><\/li>\n<li><a href=\"http:\/\/www.miamibeachfl.gov\/wp-content\/uploads\/2019\/10\/81st-Street-Proposed.pdf\">Pwopozisyon pou 81y\u00e8m Ri a<\/a><\/li>\n<li><a href=\"http:\/\/www.miamibeachfl.gov\/wp-content\/uploads\/2019\/10\/NORTH-BEACH-STUDY_FINAL.pdf\">ETID FINAL SOU PLAJ N\u00d2<\/a><\/li>\n<\/ul>\n\t\t\t\t\t<a href=\"#\"  id=\"fl-accordion--label-4\" tabindex=\"0\" aria-controls=\"fl-accordion--panel-4\">Chemen V\u00e8t Katye North Bay Road la<\/a>\n\t\t\t\t\t\t\t\t\t\t\t<a href=\"#\" id=\"fl-accordion--icon-4\"  tabindex=\"0\"><i title=\"Elaji\">Elaji<\/i><\/a>\n\t\t\t\t\t<ul>\n<li><a href=\"http:\/\/www.miamibeachfl.gov\/wp-content\/uploads\/2019\/10\/Resolution-2019-30744.pdf\">Rezolisyon 2019-30744<\/a><\/li>\n<li><a href=\"http:\/\/www.miamibeachfl.gov\/wp-content\/uploads\/2019\/10\/North-Bay-Road-Project-Map.pdf\">Kat Pwoj\u00e8 North Bay Road la<\/a><\/li>\n<li><a href=\"http:\/\/www.miamibeachfl.gov\/wp-content\/uploads\/2019\/10\/Proposed_NBR_Concepts.pdf\">Kons\u00e8p_NBR_pwopoze yo<\/a><\/li>\n<li><a href=\"http:\/\/www.miamibeachfl.gov\/wp-content\/uploads\/2019\/10\/NORTH-BAY-ROAD-STUDY_FINAL.pdf\">ETID FINAL SOU WOUT NORTH BAY LA<\/a><\/li>\n<\/ul>\n\t\t\t\t\t<a href=\"#\"  id=\"fl-accordion--label-5\" tabindex=\"0\" aria-controls=\"fl-accordion--panel-5\">V\u00e8t Katye Bay Drive la<\/a>\n\t\t\t\t\t\t\t\t\t\t\t<a href=\"#\" id=\"fl-accordion--icon-5\"  tabindex=\"0\"><i title=\"Elaji\">Elaji<\/i><\/a>\n\t\t\t\t\t<ul>\n<li><a href=\"http:\/\/www.miamibeachfl.gov\/wp-content\/uploads\/2019\/10\/Bay-Drive-Project-Map.pdf\">Kat Pwoj\u00e8 Bay Drive<\/a><\/li>\n<li><a href=\"http:\/\/www.miamibeachfl.gov\/wp-content\/uploads\/2019\/10\/Segment-2-Proposed.pdf\">Segman 2 Pwopoze<\/a><\/li>\n<li><a href=\"http:\/\/www.miamibeachfl.gov\/wp-content\/uploads\/2019\/10\/Segment-3-Proposed.pdf\">Segman 3 Pwopoze<\/a><\/li>\n<li><a href=\"http:\/\/www.miamibeachfl.gov\/wp-content\/uploads\/2019\/10\/BAY-DRIVE-STUDY_FINAL.pdf\">ETID FINAL SOU BAY DRIVE<\/a><\/li>\n<\/ul>\n\t\t\t\t\t<a href=\"#\"  id=\"fl-accordion--label-6\" tabindex=\"0\" aria-controls=\"fl-accordion--panel-6\">Meridian Avenue 16th Street pou rive Dade Boulevard \u2013 Liy Bisikl\u00e8t<\/a>\n\t\t\t\t\t\t\t\t\t\t\t<a href=\"#\" id=\"fl-accordion--icon-6\"  tabindex=\"0\"><i title=\"Elaji\">Elaji<\/i><\/a>\n\t\t\t\t\t<ul>\n<li><a href=\"http:\/\/www.miamibeachfl.gov\/wp-content\/uploads\/2019\/10\/Resolution-2018-30538.pdf\">Rezolisyon 2018-30538<\/a><\/li>\n<li><a href=\"http:\/\/www.miamibeachfl.gov\/wp-content\/uploads\/2019\/10\/Meridian-Avenue-DRAFT-Conceptual-Plan.pdf\">Plan Konsepty\u00e8l Bouyon Meridian Avenue<\/a><\/li>\n<li><a href=\"http:\/\/www.miamibeachfl.gov\/wp-content\/uploads\/2019\/10\/Meridian-Avenue-Final-Report.pdf\">Meridian Avenue \u2013 Rap\u00f2 Final la<\/a><\/li>\n<\/ul>\n\t\t\t\t\t<a href=\"#\"  id=\"fl-accordion--label-7\" tabindex=\"0\" aria-controls=\"fl-accordion--panel-7\">Chase Avenue: Amelyorasyon Chemen ak Ent\u00e8seksyon pou Itilizasyon Pataje<\/a>\n\t\t\t\t\t\t\t\t\t\t\t<a href=\"#\" id=\"fl-accordion--icon-7\"  tabindex=\"0\"><i title=\"Elaji\">Elaji<\/i><\/a>\n\t\t\t\t\t<ul>\n<li><a href=\"http:\/\/www.miamibeachfl.gov\/wp-content\/uploads\/2019\/10\/Resolution-2019-30852.pdf\">Rezolisyon 2019-30852<\/a><\/li>\n<li><a href=\"http:\/\/www.miamibeachfl.gov\/wp-content\/uploads\/2019\/12\/Resolution-2019-31036.pdf\">Rezolisyon 2019-31036<\/a><\/li>\n<li><a href=\"http:\/\/www.miamibeachfl.gov\/wp-content\/uploads\/2019\/10\/Alton-and-Chase-intersection-Improvements.pdf\">Amelyorasyon nan ent\u00e8seksyon Alton ak Chase<\/a><\/li>\n<li><a href=\"http:\/\/www.miamibeachfl.gov\/wp-content\/uploads\/2019\/10\/Preferred-Alternative.pdf\">Alt\u00e8natif Pi Pito<\/a><\/li>\n<li><a href=\"http:\/\/www.miamibeachfl.gov\/wp-content\/uploads\/2019\/10\/Chase-Ave-34th-Street-Shared-Path_Final-Report.pdf\">Chemen Pataje 34y\u00e8m Ri Chase Ave_Rap\u00f2 Final<\/a><\/li>\n<li><a href=\"http:\/\/www.miamibeachfl.gov\/wp-content\/uploads\/2019\/10\/Alton-Rd-at-Chase-Ave-Intersection-Report.pdf\">Rap\u00f2 sou ent\u00e8seksyon Alton Rd nan Chase Ave<\/a><\/li>\n<\/ul>\n\t\tNavige pou ale nan\u2026\t\t\t\n\t\t\t\t\t<ul id=\"menu-transportation-plans-and-studies\"><li id=\"menu-item-363621\"><a href=\"\/ht\/city-hall\/transportation\/plans-studies\/dade-boulevard-public-meeting-1\/\">Chemen Itilizasyon Pataje<\/a><\/li>\n<\/ul>\t\n\t<div class=\"page-navigation\"><a class=\"prev-page\" href=\"https:\/\/www.miamibeachfl.gov\/ht\/city-hall\/transportation\/jose-gonzalez-bio\/\">\u2190 Jos\u00e9 R. Gonz\u00e1lez PE Bio<\/a> <a class=\"next-page\" href=\"https:\/\/www.miamibeachfl.gov\/ht\/city-hall\/transportation\/collins-avenue-traffic-mitigation\/\">S\u00e8vis Transp\u00f2 Sou Demann pou Rediksyon Trafik Collins Avenue \u2192<\/a><\/div>","protected":false},"excerpt":{"rendered":"<p>Plans &#038; studies Home &gt; City Hall &gt; Transportation &#038; Mobility &gt; Plans &#038; Studies The City of Miami Beach [&hellip;]<\/p>\n","protected":false},"author":222,"featured_media":0,"parent":28743,"menu_order":63,"comment_status":"closed","ping_status":"closed","template":"","meta":{"_searchwp_excluded":"","site-sidebar-layout":"default","site-content-layout":"","ast-site-content-layout":"default","site-content-style":"default","site-sidebar-style":"default","ast-global-header-display":"","ast-banner-title-visibility":"","ast-main-header-display":"","ast-hfb-above-header-display":"","ast-hfb-below-header-display":"","ast-hfb-mobile-header-display":"","site-post-title":"","ast-breadcrumbs-content":"","ast-featured-img":"","footer-sml-layout":"","theme-transparent-header-meta":"","adv-header-id-meta":"","stick-header-meta":"","header-above-stick-meta":"","header-main-stick-meta":"","header-below-stick-meta":"","astra-migrate-meta-layouts":"default","ast-page-background-enabled":"default","ast-page-background-meta":{"desktop":{"background-color":"var(--ast-global-color-5)","background-image":"","background-repeat":"repeat","background-position":"center center","background-size":"auto","background-attachment":"scroll","background-type":"","background-media":"","overlay-type":"","overlay-color":"","overlay-opacity":"","overlay-gradient":""},"tablet":{"background-color":"","background-image":"","background-repeat":"repeat","background-position":"center center","background-size":"auto","background-attachment":"scroll","background-type":"","background-media":"","overlay-type":"","overlay-color":"","overlay-opacity":"","overlay-gradient":""},"mobile":{"background-color":"","background-image":"","background-repeat":"repeat","background-position":"center center","background-size":"auto","background-attachment":"scroll","background-type":"","background-media":"","overlay-type":"","overlay-color":"","overlay-opacity":"","overlay-gradient":""}},"ast-content-background-meta":{"desktop":{"background-color":"var(--ast-global-color-4)","background-image":"","background-repeat":"repeat","background-position":"center center","background-size":"auto","background-attachment":"scroll","background-type":"","background-media":"","overlay-type":"","overlay-color":"","overlay-opacity":"","overlay-gradient":""},"tablet":{"background-color":"var(--ast-global-color-4)","background-image":"","background-repeat":"repeat","background-position":"center center","background-size":"auto","background-attachment":"scroll","background-type":"","background-media":"","overlay-type":"","overlay-color":"","overlay-opacity":"","overlay-gradient":""},"mobile":{"background-color":"var(--ast-global-color-4)","background-image":"","background-repeat":"repeat","background-position":"center center","background-size":"auto","background-attachment":"scroll","background-type":"","background-media":"","overlay-type":"","overlay-color":"","overlay-opacity":"","overlay-gradient":""}},"footnotes":""},"categories":[],"tags":[],"class_list":["post-41111","page","type-page","status-publish","hentry"],"yoast_head":"<!-- This site is optimized with the Yoast SEO Premium plugin v27.4 (Yoast SEO v27.4) - https:\/\/yoast.com\/product\/yoast-seo-premium-wordpress\/ -->\n<title>Plans &amp; Studies - City of Miami Beach<\/title>\n<meta name=\"description\" content=\"%\" \/>\n<meta name=\"robots\" content=\"index, follow, max-snippet:-1, max-image-preview:large, max-video-preview:-1\" \/>\n<link rel=\"canonical\" href=\"https:\/\/www.miamibeachfl.gov\/ht\/city-hall\/transportation\/plans-studies\/\" \/>\n<meta property=\"og:locale\" content=\"ht_HT\" \/>\n<meta property=\"og:type\" content=\"article\" \/>\n<meta property=\"og:title\" content=\"Plans &amp; Studies\" \/>\n<meta property=\"og:description\" content=\"%\" \/>\n<meta property=\"og:url\" content=\"https:\/\/www.miamibeachfl.gov\/ht\/city-hall\/transportation\/plans-studies\/\" \/>\n<meta property=\"og:site_name\" content=\"City of Miami Beach\" \/>\n<meta property=\"article:publisher\" content=\"https:\/\/www.facebook.com\/cityofmiamibeach\" \/>\n<meta property=\"article:modified_time\" content=\"2025-06-18T20:57:29+00:00\" \/>\n<meta property=\"og:image\" content=\"https:\/\/www.miamibeachfl.gov\/wp-content\/uploads\/2022\/07\/hero-small.jpg\" \/>\n<meta name=\"twitter:card\" content=\"summary_large_image\" \/>\n<meta name=\"twitter:site\" content=\"@Miamibeachnews\" \/>\n<script type=\"application\/ld+json\" class=\"yoast-schema-graph\">{\"@context\":\"https:\\\/\\\/schema.org\",\"@graph\":[{\"@type\":\"WebPage\",\"@id\":\"https:\\\/\\\/www.miamibeachfl.gov\\\/city-hall\\\/transportation\\\/plans-studies\\\/\",\"url\":\"https:\\\/\\\/www.miamibeachfl.gov\\\/city-hall\\\/transportation\\\/plans-studies\\\/\",\"name\":\"Plans & Studies - City of Miami Beach\",\"isPartOf\":{\"@id\":\"https:\\\/\\\/www.miamibeachfl.gov\\\/#website\"},\"primaryImageOfPage\":{\"@id\":\"https:\\\/\\\/www.miamibeachfl.gov\\\/city-hall\\\/transportation\\\/plans-studies\\\/#primaryimage\"},\"image\":{\"@id\":\"https:\\\/\\\/www.miamibeachfl.gov\\\/city-hall\\\/transportation\\\/plans-studies\\\/#primaryimage\"},\"thumbnailUrl\":\"https:\\\/\\\/www.miamibeachfl.gov\\\/wp-content\\\/uploads\\\/2022\\\/07\\\/hero-small.jpg\",\"datePublished\":\"2017-11-17T16:00:17+00:00\",\"dateModified\":\"2025-06-18T20:57:29+00:00\",\"description\":\"%\",\"breadcrumb\":{\"@id\":\"https:\\\/\\\/www.miamibeachfl.gov\\\/city-hall\\\/transportation\\\/plans-studies\\\/#breadcrumb\"},\"inLanguage\":\"ht\",\"potentialAction\":[{\"@type\":\"ReadAction\",\"target\":[\"https:\\\/\\\/www.miamibeachfl.gov\\\/city-hall\\\/transportation\\\/plans-studies\\\/\"]}]},{\"@type\":\"ImageObject\",\"inLanguage\":\"ht\",\"@id\":\"https:\\\/\\\/www.miamibeachfl.gov\\\/city-hall\\\/transportation\\\/plans-studies\\\/#primaryimage\",\"url\":\"https:\\\/\\\/www.miamibeachfl.gov\\\/wp-content\\\/uploads\\\/2022\\\/07\\\/hero-small.jpg\",\"contentUrl\":\"https:\\\/\\\/www.miamibeachfl.gov\\\/wp-content\\\/uploads\\\/2022\\\/07\\\/hero-small.jpg\"},{\"@type\":\"BreadcrumbList\",\"@id\":\"https:\\\/\\\/www.miamibeachfl.gov\\\/city-hall\\\/transportation\\\/plans-studies\\\/#breadcrumb\",\"itemListElement\":[{\"@type\":\"ListItem\",\"position\":1,\"name\":\"Home\",\"item\":\"https:\\\/\\\/www.miamibeachfl.gov\\\/\"},{\"@type\":\"ListItem\",\"position\":2,\"name\":\"City Hall\",\"item\":\"https:\\\/\\\/www.miamibeachfl.gov\\\/city-hall\\\/\"},{\"@type\":\"ListItem\",\"position\":3,\"name\":\"Transportation &#038; Mobility\",\"item\":\"https:\\\/\\\/www.miamibeachfl.gov\\\/city-hall\\\/transportation\\\/\"},{\"@type\":\"ListItem\",\"position\":4,\"name\":\"Plans &#038; Studies\"}]},{\"@type\":\"WebSite\",\"@id\":\"https:\\\/\\\/www.miamibeachfl.gov\\\/#website\",\"url\":\"https:\\\/\\\/www.miamibeachfl.gov\\\/\",\"name\":\"City of Miami Beach\",\"description\":\"The official website of the City of Miami Beach. Stay informed, find important information on city services, news, alerts, events, trolley routes, government employment and more.\",\"publisher\":{\"@id\":\"https:\\\/\\\/www.miamibeachfl.gov\\\/#organization\"},\"potentialAction\":[{\"@type\":\"SearchAction\",\"target\":{\"@type\":\"EntryPoint\",\"urlTemplate\":\"https:\\\/\\\/www.miamibeachfl.gov\\\/?s={search_term_string}\"},\"query-input\":{\"@type\":\"PropertyValueSpecification\",\"valueRequired\":true,\"valueName\":\"search_term_string\"}}],\"inLanguage\":\"ht\"},{\"@type\":\"Organization\",\"@id\":\"https:\\\/\\\/www.miamibeachfl.gov\\\/#organization\",\"name\":\"City of Miami Beach\",\"url\":\"https:\\\/\\\/www.miamibeachfl.gov\\\/\",\"logo\":{\"@type\":\"ImageObject\",\"inLanguage\":\"ht\",\"@id\":\"https:\\\/\\\/www.miamibeachfl.gov\\\/#\\\/schema\\\/logo\\\/image\\\/\",\"url\":\"https:\\\/\\\/www.miamibeachfl.gov\\\/wp-content\\\/uploads\\\/2022\\\/06\\\/miamibeach-logoblue.png\",\"contentUrl\":\"https:\\\/\\\/www.miamibeachfl.gov\\\/wp-content\\\/uploads\\\/2022\\\/06\\\/miamibeach-logoblue.png\",\"width\":1962,\"height\":381,\"caption\":\"City of Miami Beach\"},\"image\":{\"@id\":\"https:\\\/\\\/www.miamibeachfl.gov\\\/#\\\/schema\\\/logo\\\/image\\\/\"},\"sameAs\":[\"https:\\\/\\\/www.facebook.com\\\/cityofmiamibeach\",\"https:\\\/\\\/x.com\\\/Miamibeachnews\",\"https:\\\/\\\/www.instagram.com\\\/miamibeachnews\\\/\"],\"description\":\"The official website of the City of Miami Beach. Stay informed, find important information on city services, news, alerts, events, trolley routes, government employment and more.\",\"telephone\":\"305.604.CITY(2489)\",\"legalName\":\"City of Miami Beach\"}]}<\/script>\n<!-- \/ Yoast SEO Premium plugin. -->","yoast_head_json":{"title":"Plan ak Etid - Vil Miami Beach","description":"%","robots":{"index":"index","follow":"follow","max-snippet":"max-snippet:-1","max-image-preview":"max-image-preview:large","max-video-preview":"max-video-preview:-1"},"canonical":"https:\/\/www.miamibeachfl.gov\/ht\/city-hall\/transportation\/plans-studies\/","og_locale":"ht_HT","og_type":"article","og_title":"Plans & Studies","og_description":"%","og_url":"https:\/\/www.miamibeachfl.gov\/ht\/city-hall\/transportation\/plans-studies\/","og_site_name":"City of Miami Beach","article_publisher":"https:\/\/www.facebook.com\/cityofmiamibeach","article_modified_time":"2025-06-18T20:57:29+00:00","og_image":[{"url":"https:\/\/www.miamibeachfl.gov\/wp-content\/uploads\/2022\/07\/hero-small.jpg","type":"","width":"","height":""}],"twitter_card":"summary_large_image","twitter_site":"@Miamibeachnews","schema":{"@context":"https:\/\/schema.org","@graph":[{"@type":"WebPage","@id":"https:\/\/www.miamibeachfl.gov\/city-hall\/transportation\/plans-studies\/","url":"https:\/\/www.miamibeachfl.gov\/city-hall\/transportation\/plans-studies\/","name":"Plan ak Etid - Vil Miami Beach","isPartOf":{"@id":"https:\/\/www.miamibeachfl.gov\/#website"},"primaryImageOfPage":{"@id":"https:\/\/www.miamibeachfl.gov\/city-hall\/transportation\/plans-studies\/#primaryimage"},"image":{"@id":"https:\/\/www.miamibeachfl.gov\/city-hall\/transportation\/plans-studies\/#primaryimage"},"thumbnailUrl":"https:\/\/www.miamibeachfl.gov\/wp-content\/uploads\/2022\/07\/hero-small.jpg","datePublished":"2017-11-17T16:00:17+00:00","dateModified":"2025-06-18T20:57:29+00:00","description":"%","breadcrumb":{"@id":"https:\/\/www.miamibeachfl.gov\/city-hall\/transportation\/plans-studies\/#breadcrumb"},"inLanguage":"ht","potentialAction":[{"@type":"ReadAction","target":["https:\/\/www.miamibeachfl.gov\/city-hall\/transportation\/plans-studies\/"]}]},{"@type":"ImageObject","inLanguage":"ht","@id":"https:\/\/www.miamibeachfl.gov\/city-hall\/transportation\/plans-studies\/#primaryimage","url":"https:\/\/www.miamibeachfl.gov\/wp-content\/uploads\/2022\/07\/hero-small.jpg","contentUrl":"https:\/\/www.miamibeachfl.gov\/wp-content\/uploads\/2022\/07\/hero-small.jpg"},{"@type":"BreadcrumbList","@id":"https:\/\/www.miamibeachfl.gov\/city-hall\/transportation\/plans-studies\/#breadcrumb","itemListElement":[{"@type":"ListItem","position":1,"name":"Home","item":"https:\/\/www.miamibeachfl.gov\/"},{"@type":"ListItem","position":2,"name":"City Hall","item":"https:\/\/www.miamibeachfl.gov\/city-hall\/"},{"@type":"ListItem","position":3,"name":"Transportation &#038; Mobility","item":"https:\/\/www.miamibeachfl.gov\/city-hall\/transportation\/"},{"@type":"ListItem","position":4,"name":"Plans &#038; Studies"}]},{"@type":"WebSite","@id":"https:\/\/www.miamibeachfl.gov\/#website","url":"https:\/\/www.miamibeachfl.gov\/","name":"Vil Miami Beach","description":"Sitw\u00e8b ofisy\u00e8l Vil Miami Beach la. Rete enf\u00f2me, jwenn enf\u00f2masyon enp\u00f2tan sou s\u00e8vis vil la, nouv\u00e8l, al\u00e8t, ev\u00e8nman, wout tramway, travay gouv\u00e8nman an ak plis ank\u00f2.","publisher":{"@id":"https:\/\/www.miamibeachfl.gov\/#organization"},"potentialAction":[{"@type":"SearchAction","target":{"@type":"EntryPoint","urlTemplate":"https:\/\/www.miamibeachfl.gov\/?s={search_term_string}"},"query-input":{"@type":"PropertyValueSpecification","valueRequired":true,"valueName":"search_term_string"}}],"inLanguage":"ht"},{"@type":"Organization","@id":"https:\/\/www.miamibeachfl.gov\/#organization","name":"Vil Miami Beach","url":"https:\/\/www.miamibeachfl.gov\/","logo":{"@type":"ImageObject","inLanguage":"ht","@id":"https:\/\/www.miamibeachfl.gov\/#\/schema\/logo\/image\/","url":"https:\/\/www.miamibeachfl.gov\/wp-content\/uploads\/2022\/06\/miamibeach-logoblue.png","contentUrl":"https:\/\/www.miamibeachfl.gov\/wp-content\/uploads\/2022\/06\/miamibeach-logoblue.png","width":1962,"height":381,"caption":"City of Miami Beach"},"image":{"@id":"https:\/\/www.miamibeachfl.gov\/#\/schema\/logo\/image\/"},"sameAs":["https:\/\/www.facebook.com\/cityofmiamibeach","https:\/\/x.com\/Miamibeachnews","https:\/\/www.instagram.com\/miamibeachnews\/"],"description":"Sitw\u00e8b ofisy\u00e8l Vil Miami Beach la. Rete enf\u00f2me, jwenn enf\u00f2masyon enp\u00f2tan sou s\u00e8vis vil la, nouv\u00e8l, al\u00e8t, ev\u00e8nman, wout tramway, travay gouv\u00e8nman an ak plis ank\u00f2.","telephone":"305.604.CITY(2489)","legalName":"City of Miami Beach"}]}},"_links":{"self":[{"href":"https:\/\/www.miamibeachfl.gov\/ht\/wp-json\/wp\/v2\/pages\/41111","targetHints":{"allow":["GET"]}}],"collection":[{"href":"https:\/\/www.miamibeachfl.gov\/ht\/wp-json\/wp\/v2\/pages"}],"about":[{"href":"https:\/\/www.miamibeachfl.gov\/ht\/wp-json\/wp\/v2\/types\/page"}],"author":[{"embeddable":true,"href":"https:\/\/www.miamibeachfl.gov\/ht\/wp-json\/wp\/v2\/users\/222"}],"replies":[{"embeddable":true,"href":"https:\/\/www.miamibeachfl.gov\/ht\/wp-json\/wp\/v2\/comments?post=41111"}],"version-history":[{"count":2,"href":"https:\/\/www.miamibeachfl.gov\/ht\/wp-json\/wp\/v2\/pages\/41111\/revisions"}],"predecessor-version":[{"id":384229,"href":"https:\/\/www.miamibeachfl.gov\/ht\/wp-json\/wp\/v2\/pages\/41111\/revisions\/384229"}],"up":[{"embeddable":true,"href":"https:\/\/www.miamibeachfl.gov\/ht\/wp-json\/wp\/v2\/pages\/28743"}],"wp:attachment":[{"href":"https:\/\/www.miamibeachfl.gov\/ht\/wp-json\/wp\/v2\/media?parent=41111"}],"wp:term":[{"taxonomy":"category","embeddable":true,"href":"https:\/\/www.miamibeachfl.gov\/ht\/wp-json\/wp\/v2\/categories?post=41111"},{"taxonomy":"post_tag","embeddable":true,"href":"https:\/\/www.miamibeachfl.gov\/ht\/wp-json\/wp\/v2\/tags?post=41111"}],"curies":[{"name":"wp","href":"https:\/\/api.w.org\/{rel}","templated":true}]}}