{"id":56231,"date":"2018-01-31T11:51:19","date_gmt":"2018-01-31T16:51:19","guid":{"rendered":"http:\/\/www.miamibeachfl.gov\/city-hall\/planning\/planning-readmore\/"},"modified":"2025-12-04T13:43:53","modified_gmt":"2025-12-04T18:43:53","slug":"planning-readmore","status":"publish","type":"page","link":"https:\/\/www.miamibeachfl.gov\/ht\/city-hall\/planning\/planning-readmore\/","title":{"rendered":"plis enf\u00f2masyon sou Planifikasyon ak Zonaj"},"content":{"rendered":"<img decoding=\"async\" src=\"https:\/\/www.miamibeachfl.gov\/wp-content\/uploads\/2022\/07\/hero-small.jpg\" alt=\"ocean drive art deco buildings\" itemprop=\"image\" height=\"211\" width=\"2395\" title=\"ewo-piti\" onerror=\"this.style.display='none'\" loading=\"lazy\" \/>\n<h1>\n\t\t\tPlanifikasyon ak Zonaj\t<\/h1>\n\t<nav id=\"breadcrumbs\" aria-label=\"Pen griye\"><a href=\"https:\/\/www.miamibeachfl.gov\/ht\/\">Lakay<\/a> &gt; <a href=\"https:\/\/www.miamibeachfl.gov\/ht\/city-hall\/\">Lakou Vil la<\/a> &gt; <a href=\"https:\/\/www.miamibeachfl.gov\/ht\/city-hall\/planning\/\">Planifikasyon ak Zonaj<\/a> &gt; <strong>plis enf\u00f2masyon sou Planifikasyon ak Zonaj<\/strong><\/nav>\n\t<p>Seksyon Planifikasyon an jere pwosesis planifikasyon konpl\u00e8 Vil la ak modifikasyon nan r\u00e8gleman devlopman t\u00e8 yo. Sa gen ladan nouvo k\u00f2d ak amannman k\u00f2d, ansanm ak chanjman nan plan konpl\u00e8 a. Seksyon Planifikasyon an bay tou sip\u00f2 administratif pou Komisyon Planifikasyon an, ki se ajans planifikasyon t\u00e8 Vil la. Anplis z\u00f2n sa yo, Komisyon Planifikasyon an administre pwosesis Itilizasyon Kondisyon\u00e8l ak Etablisman Enpak Katye a.<\/p>\n<p>Seksyon Zonaj la revize tout aplikasyon pou lisans ak plan konstriksyon yo, k\u00f2m yon pati nan pwosesis P\u00e8mi Konstriksyon an, pou asire konf\u00f2mite av\u00e8k r\u00e8gleman devlopman t\u00e8 yo. Seksyon zonaj la bay tou sip\u00f2 p\u00e8son\u00e8l bay Komisyon Ajisteman an, ki gen ladan pwosesis ak f\u00e8 rek\u00f2mandasyon pou tout demann varyans ak ap\u00e8l kont desizyon administratif ak ent\u00e8pretasyon k\u00f2d yo.<\/p>\n<p>Seksyon Planifikasyon Katye a evalye z\u00f2n byen defini nan Vil la pou adrese pwobl\u00e8m espesifik nan katye a. Sa gen ladan etablisman distri sip\u00e8poze, plan katye ak modifikasyon ak amelyorasyon peyizaj lari yo.<\/p>\n<p>Seksyon Konsepsyon Iben ak Prez\u00e8vasyon Istorik la egzamine tout plan sit ak bilding pou konfime ke chanjman fizik yo pwopoze nan yon sit oswa yon bilding ki deja egziste yo konsistan av\u00e8k karakt\u00e8 estetik kominote a. Seksyon sa a bay tou sip\u00f2 administratif teknik bay Komisyon Revizyon Konsepsyon an ak Komisyon Prez\u00e8vasyon Istorik la. Seksyon Prez\u00e8vasyon Istorik la prepare rap\u00f2 tou sou bilding ak sit ki gen enp\u00f2tans istorik, epi li f\u00e8 rek\u00f2mandasyon bay Komisyon Prez\u00e8vasyon Istorik la sou demann pou S\u00e8tifika Apwopriyete pou demolisyon ak Deziyasyon Istorik.<\/p>\n<h3>Deklarasyon Misyon<\/h3>\n<p>&quot;Nou dedye a devlope, amelyore, epi aplike yon vizyon planifikasyon iben konpl\u00e8 pou Miami Beach av\u00e8k objektif pou prez\u00e8ve entegrite eritaj konsepsyon inik Vil la, amelyore kalite ak div\u00e8site eksperyans iben an, ki gen ladan katye rezidansy\u00e8l li yo, distri biznis yo, ak z\u00f2n resort, lwazi ak amizman yo.&quot;<\/p>\n\t\tNavige pou ale nan\u2026\t\t\t\n\t\t\t\t\t<ul id=\"menu-planning-main-menu\"><li id=\"menu-item-363958\"><a href=\"\/ht\/city-hall\/planning\/general-zoning-information-code-interpretation\/\">Zonaj Jeneral ak Ent\u00e8pretasyon Zonaj Administratif<\/a><\/li>\n<li id=\"menu-item-365954\"><a href=\"\/ht\/city-hall\/planning\/certificate-of-use\/\">Jwenn yon S\u00e8tifika Itilizasyon (CU)<\/a><\/li>\n<li id=\"menu-item-363959\"><a href=\"\/ht\/city-hall\/planning\/land-development-dashboard\/\">Tablodb\u00f2 Devlopman T\u00e8<\/a><\/li>\n<li id=\"menu-item-363960\"><a href=\"\/ht\/city-hall\/planning\/land-use-boards\/\">Komisyon Itilizasyon T\u00e8 yo<\/a><\/li>\n<li id=\"menu-item-363961\"><a href=\"\/ht\/city-hall\/planning\/landscape-requirements\/\">Kondisyon Peyizaj<\/a><\/li>\n<li id=\"menu-item-363962\"><a href=\"\/ht\/city-hall\/planning\/planning-document-checklist\/\">Dokiman Planifikasyon, Lis Verifikasyon ak F\u00f2m<\/a><\/li>\n<li id=\"menu-item-363963\"><a href=\"\/ht\/city-hall\/planning\/planning-faqs\/\">Kesyon yo poze souvan sou planifikasyon<\/a><\/li>\n<li id=\"menu-item-363964\"><a href=\"\/ht\/city-hall\/planning\/maps-and-guidelines\/\">Kat Planifikasyon ak Gid<\/a><\/li>\n<li id=\"menu-item-363965\"><a href=\"\/ht\/city-hall\/planning\/resiliency-code\/\">K\u00f2d Rezilyans \/ Plan Konpl\u00e8<\/a><\/li>\n<li id=\"menu-item-363966\"><a href=\"\/ht\/city-hall\/planning\/studies\/\">Etid ak Rap\u00f2 Deziyasyon<\/a><\/li>\n<\/ul>\t\n\t<div class=\"page-navigation\"><a class=\"prev-page\" href=\"https:\/\/www.miamibeachfl.gov\/ht\/city-hall\/fire-police-pension\/announcements-2\/\">\u2190 Anons<\/a> <a class=\"next-page\" href=\"https:\/\/www.miamibeachfl.gov\/ht\/city-hall\/fire-police-pension\/firepolice-agendas\/\">Ajanda Ponpye ak Lapolis \u2192<\/a><\/div>","protected":false},"excerpt":{"rendered":"<p>Planning and Zoning Home &gt; City Hall &gt; Planning &#038; Zoning &gt; more information on Planning and Zoning The Planning [&hellip;]<\/p>\n","protected":false},"author":222,"featured_media":0,"parent":28864,"menu_order":120,"comment_status":"closed","ping_status":"closed","template":"","meta":{"_searchwp_excluded":"","site-sidebar-layout":"default","site-content-layout":"","ast-site-content-layout":"default","site-content-style":"default","site-sidebar-style":"default","ast-global-header-display":"","ast-banner-title-visibility":"","ast-main-header-display":"","ast-hfb-above-header-display":"","ast-hfb-below-header-display":"","ast-hfb-mobile-header-display":"","site-post-title":"","ast-breadcrumbs-content":"","ast-featured-img":"","footer-sml-layout":"","theme-transparent-header-meta":"","adv-header-id-meta":"","stick-header-meta":"","header-above-stick-meta":"","header-main-stick-meta":"","header-below-stick-meta":"","astra-migrate-meta-layouts":"default","ast-page-background-enabled":"default","ast-page-background-meta":{"desktop":{"background-color":"var(--ast-global-color-5)","background-image":"","background-repeat":"repeat","background-position":"center center","background-size":"auto","background-attachment":"scroll","background-type":"","background-media":"","overlay-type":"","overlay-color":"","overlay-opacity":"","overlay-gradient":""},"tablet":{"background-color":"","background-image":"","background-repeat":"repeat","background-position":"center center","background-size":"auto","background-attachment":"scroll","background-type":"","background-media":"","overlay-type":"","overlay-color":"","overlay-opacity":"","overlay-gradient":""},"mobile":{"background-color":"","background-image":"","background-repeat":"repeat","background-position":"center center","background-size":"auto","background-attachment":"scroll","background-type":"","background-media":"","overlay-type":"","overlay-color":"","overlay-opacity":"","overlay-gradient":""}},"ast-content-background-meta":{"desktop":{"background-color":"var(--ast-global-color-4)","background-image":"","background-repeat":"repeat","background-position":"center center","background-size":"auto","background-attachment":"scroll","background-type":"","background-media":"","overlay-type":"","overlay-color":"","overlay-opacity":"","overlay-gradient":""},"tablet":{"background-color":"var(--ast-global-color-4)","background-image":"","background-repeat":"repeat","background-position":"center center","background-size":"auto","background-attachment":"scroll","background-type":"","background-media":"","overlay-type":"","overlay-color":"","overlay-opacity":"","overlay-gradient":""},"mobile":{"background-color":"var(--ast-global-color-4)","background-image":"","background-repeat":"repeat","background-position":"center center","background-size":"auto","background-attachment":"scroll","background-type":"","background-media":"","overlay-type":"","overlay-color":"","overlay-opacity":"","overlay-gradient":""}},"footnotes":""},"categories":[],"tags":[],"class_list":["post-56231","page","type-page","status-publish","hentry"],"yoast_head":"<!-- This site is optimized with the Yoast SEO Premium plugin v27.4 (Yoast SEO v27.4) - https:\/\/yoast.com\/product\/yoast-seo-premium-wordpress\/ -->\n<title>more information on Planning and Zoning - City of Miami Beach<\/title>\n<meta name=\"description\" content=\"The Planning section manages the City\u2019s comprehensive planning process and modifications to the land development regulations. This includes new codes and code amendments, as well as changes to the comprehensive plan.\" \/>\n<meta name=\"robots\" content=\"index, follow, max-snippet:-1, max-image-preview:large, max-video-preview:-1\" \/>\n<link rel=\"canonical\" href=\"https:\/\/www.miamibeachfl.gov\/ht\/city-hall\/planning\/planning-readmore\/\" \/>\n<meta property=\"og:locale\" content=\"ht_HT\" \/>\n<meta property=\"og:type\" content=\"article\" \/>\n<meta property=\"og:title\" content=\"more information on Planning and Zoning\" \/>\n<meta property=\"og:description\" content=\"The Planning section manages the City\u2019s comprehensive planning process and modifications to the land development regulations. This includes new codes and code amendments, as well as changes to the comprehensive plan.\" \/>\n<meta property=\"og:url\" content=\"https:\/\/www.miamibeachfl.gov\/ht\/city-hall\/planning\/planning-readmore\/\" \/>\n<meta property=\"og:site_name\" content=\"City of Miami Beach\" \/>\n<meta property=\"article:publisher\" content=\"https:\/\/www.facebook.com\/cityofmiamibeach\" \/>\n<meta property=\"article:modified_time\" content=\"2025-12-04T18:43:53+00:00\" \/>\n<meta property=\"og:image\" content=\"https:\/\/www.miamibeachfl.gov\/wp-content\/uploads\/2022\/07\/hero-small.jpg\" \/>\n<meta name=\"twitter:card\" content=\"summary_large_image\" \/>\n<meta name=\"twitter:site\" content=\"@Miamibeachnews\" \/>\n<script type=\"application\/ld+json\" class=\"yoast-schema-graph\">{\"@context\":\"https:\\\/\\\/schema.org\",\"@graph\":[{\"@type\":\"WebPage\",\"@id\":\"https:\\\/\\\/www.miamibeachfl.gov\\\/city-hall\\\/planning\\\/planning-readmore\\\/\",\"url\":\"https:\\\/\\\/www.miamibeachfl.gov\\\/city-hall\\\/planning\\\/planning-readmore\\\/\",\"name\":\"more information on Planning and Zoning - City of Miami Beach\",\"isPartOf\":{\"@id\":\"https:\\\/\\\/www.miamibeachfl.gov\\\/#website\"},\"primaryImageOfPage\":{\"@id\":\"https:\\\/\\\/www.miamibeachfl.gov\\\/city-hall\\\/planning\\\/planning-readmore\\\/#primaryimage\"},\"image\":{\"@id\":\"https:\\\/\\\/www.miamibeachfl.gov\\\/city-hall\\\/planning\\\/planning-readmore\\\/#primaryimage\"},\"thumbnailUrl\":\"https:\\\/\\\/www.miamibeachfl.gov\\\/wp-content\\\/uploads\\\/2022\\\/07\\\/hero-small.jpg\",\"datePublished\":\"2018-01-31T16:51:19+00:00\",\"dateModified\":\"2025-12-04T18:43:53+00:00\",\"description\":\"The Planning section manages the City\u2019s comprehensive planning process and modifications to the land development regulations. This includes new codes and code amendments, as well as changes to the comprehensive plan.\",\"breadcrumb\":{\"@id\":\"https:\\\/\\\/www.miamibeachfl.gov\\\/city-hall\\\/planning\\\/planning-readmore\\\/#breadcrumb\"},\"inLanguage\":\"ht\",\"potentialAction\":[{\"@type\":\"ReadAction\",\"target\":[\"https:\\\/\\\/www.miamibeachfl.gov\\\/city-hall\\\/planning\\\/planning-readmore\\\/\"]}]},{\"@type\":\"ImageObject\",\"inLanguage\":\"ht\",\"@id\":\"https:\\\/\\\/www.miamibeachfl.gov\\\/city-hall\\\/planning\\\/planning-readmore\\\/#primaryimage\",\"url\":\"https:\\\/\\\/www.miamibeachfl.gov\\\/wp-content\\\/uploads\\\/2022\\\/07\\\/hero-small.jpg\",\"contentUrl\":\"https:\\\/\\\/www.miamibeachfl.gov\\\/wp-content\\\/uploads\\\/2022\\\/07\\\/hero-small.jpg\"},{\"@type\":\"BreadcrumbList\",\"@id\":\"https:\\\/\\\/www.miamibeachfl.gov\\\/city-hall\\\/planning\\\/planning-readmore\\\/#breadcrumb\",\"itemListElement\":[{\"@type\":\"ListItem\",\"position\":1,\"name\":\"Home\",\"item\":\"https:\\\/\\\/www.miamibeachfl.gov\\\/\"},{\"@type\":\"ListItem\",\"position\":2,\"name\":\"City Hall\",\"item\":\"https:\\\/\\\/www.miamibeachfl.gov\\\/city-hall\\\/\"},{\"@type\":\"ListItem\",\"position\":3,\"name\":\"Planning &#038; Zoning\",\"item\":\"https:\\\/\\\/www.miamibeachfl.gov\\\/city-hall\\\/planning\\\/\"},{\"@type\":\"ListItem\",\"position\":4,\"name\":\"more information on Planning and Zoning\"}]},{\"@type\":\"WebSite\",\"@id\":\"https:\\\/\\\/www.miamibeachfl.gov\\\/#website\",\"url\":\"https:\\\/\\\/www.miamibeachfl.gov\\\/\",\"name\":\"City of Miami Beach\",\"description\":\"The official website of the City of Miami Beach. Stay informed, find important information on city services, news, alerts, events, trolley routes, government employment and more.\",\"publisher\":{\"@id\":\"https:\\\/\\\/www.miamibeachfl.gov\\\/#organization\"},\"potentialAction\":[{\"@type\":\"SearchAction\",\"target\":{\"@type\":\"EntryPoint\",\"urlTemplate\":\"https:\\\/\\\/www.miamibeachfl.gov\\\/?s={search_term_string}\"},\"query-input\":{\"@type\":\"PropertyValueSpecification\",\"valueRequired\":true,\"valueName\":\"search_term_string\"}}],\"inLanguage\":\"ht\"},{\"@type\":\"Organization\",\"@id\":\"https:\\\/\\\/www.miamibeachfl.gov\\\/#organization\",\"name\":\"City of Miami Beach\",\"url\":\"https:\\\/\\\/www.miamibeachfl.gov\\\/\",\"logo\":{\"@type\":\"ImageObject\",\"inLanguage\":\"ht\",\"@id\":\"https:\\\/\\\/www.miamibeachfl.gov\\\/#\\\/schema\\\/logo\\\/image\\\/\",\"url\":\"https:\\\/\\\/www.miamibeachfl.gov\\\/wp-content\\\/uploads\\\/2022\\\/06\\\/miamibeach-logoblue.png\",\"contentUrl\":\"https:\\\/\\\/www.miamibeachfl.gov\\\/wp-content\\\/uploads\\\/2022\\\/06\\\/miamibeach-logoblue.png\",\"width\":1962,\"height\":381,\"caption\":\"City of Miami Beach\"},\"image\":{\"@id\":\"https:\\\/\\\/www.miamibeachfl.gov\\\/#\\\/schema\\\/logo\\\/image\\\/\"},\"sameAs\":[\"https:\\\/\\\/www.facebook.com\\\/cityofmiamibeach\",\"https:\\\/\\\/x.com\\\/Miamibeachnews\",\"https:\\\/\\\/www.instagram.com\\\/miamibeachnews\\\/\"],\"description\":\"The official website of the City of Miami Beach. Stay informed, find important information on city services, news, alerts, events, trolley routes, government employment and more.\",\"telephone\":\"305.604.CITY(2489)\",\"legalName\":\"City of Miami Beach\"}]}<\/script>\n<!-- \/ Yoast SEO Premium plugin. -->","yoast_head_json":{"title":"plis enf\u00f2masyon sou Planifikasyon ak Zonaj - Vil Miami Beach","description":"Seksyon Planifikasyon an jere pwosesis planifikasyon konpl\u00e8 Vil la ak modifikasyon nan r\u00e8gleman devlopman t\u00e8 yo. Sa gen ladan nouvo k\u00f2d ak amannman k\u00f2d, ansanm ak chanjman nan plan konpl\u00e8 a.","robots":{"index":"index","follow":"follow","max-snippet":"max-snippet:-1","max-image-preview":"max-image-preview:large","max-video-preview":"max-video-preview:-1"},"canonical":"https:\/\/www.miamibeachfl.gov\/ht\/city-hall\/planning\/planning-readmore\/","og_locale":"ht_HT","og_type":"article","og_title":"more information on Planning and Zoning","og_description":"The Planning section manages the City\u2019s comprehensive planning process and modifications to the land development regulations. This includes new codes and code amendments, as well as changes to the comprehensive plan.","og_url":"https:\/\/www.miamibeachfl.gov\/ht\/city-hall\/planning\/planning-readmore\/","og_site_name":"City of Miami Beach","article_publisher":"https:\/\/www.facebook.com\/cityofmiamibeach","article_modified_time":"2025-12-04T18:43:53+00:00","og_image":[{"url":"https:\/\/www.miamibeachfl.gov\/wp-content\/uploads\/2022\/07\/hero-small.jpg","type":"","width":"","height":""}],"twitter_card":"summary_large_image","twitter_site":"@Miamibeachnews","schema":{"@context":"https:\/\/schema.org","@graph":[{"@type":"WebPage","@id":"https:\/\/www.miamibeachfl.gov\/city-hall\/planning\/planning-readmore\/","url":"https:\/\/www.miamibeachfl.gov\/city-hall\/planning\/planning-readmore\/","name":"plis enf\u00f2masyon sou Planifikasyon ak Zonaj - Vil Miami Beach","isPartOf":{"@id":"https:\/\/www.miamibeachfl.gov\/#website"},"primaryImageOfPage":{"@id":"https:\/\/www.miamibeachfl.gov\/city-hall\/planning\/planning-readmore\/#primaryimage"},"image":{"@id":"https:\/\/www.miamibeachfl.gov\/city-hall\/planning\/planning-readmore\/#primaryimage"},"thumbnailUrl":"https:\/\/www.miamibeachfl.gov\/wp-content\/uploads\/2022\/07\/hero-small.jpg","datePublished":"2018-01-31T16:51:19+00:00","dateModified":"2025-12-04T18:43:53+00:00","description":"Seksyon Planifikasyon an jere pwosesis planifikasyon konpl\u00e8 Vil la ak modifikasyon nan r\u00e8gleman devlopman t\u00e8 yo. Sa gen ladan nouvo k\u00f2d ak amannman k\u00f2d, ansanm ak chanjman nan plan konpl\u00e8 a.","breadcrumb":{"@id":"https:\/\/www.miamibeachfl.gov\/city-hall\/planning\/planning-readmore\/#breadcrumb"},"inLanguage":"ht","potentialAction":[{"@type":"ReadAction","target":["https:\/\/www.miamibeachfl.gov\/city-hall\/planning\/planning-readmore\/"]}]},{"@type":"ImageObject","inLanguage":"ht","@id":"https:\/\/www.miamibeachfl.gov\/city-hall\/planning\/planning-readmore\/#primaryimage","url":"https:\/\/www.miamibeachfl.gov\/wp-content\/uploads\/2022\/07\/hero-small.jpg","contentUrl":"https:\/\/www.miamibeachfl.gov\/wp-content\/uploads\/2022\/07\/hero-small.jpg"},{"@type":"BreadcrumbList","@id":"https:\/\/www.miamibeachfl.gov\/city-hall\/planning\/planning-readmore\/#breadcrumb","itemListElement":[{"@type":"ListItem","position":1,"name":"Home","item":"https:\/\/www.miamibeachfl.gov\/"},{"@type":"ListItem","position":2,"name":"City Hall","item":"https:\/\/www.miamibeachfl.gov\/city-hall\/"},{"@type":"ListItem","position":3,"name":"Planning &#038; Zoning","item":"https:\/\/www.miamibeachfl.gov\/city-hall\/planning\/"},{"@type":"ListItem","position":4,"name":"more information on Planning and Zoning"}]},{"@type":"WebSite","@id":"https:\/\/www.miamibeachfl.gov\/#website","url":"https:\/\/www.miamibeachfl.gov\/","name":"Vil Miami Beach","description":"Sitw\u00e8b ofisy\u00e8l Vil Miami Beach la. Rete enf\u00f2me, jwenn enf\u00f2masyon enp\u00f2tan sou s\u00e8vis vil la, nouv\u00e8l, al\u00e8t, ev\u00e8nman, wout tramway, travay gouv\u00e8nman an ak plis ank\u00f2.","publisher":{"@id":"https:\/\/www.miamibeachfl.gov\/#organization"},"potentialAction":[{"@type":"SearchAction","target":{"@type":"EntryPoint","urlTemplate":"https:\/\/www.miamibeachfl.gov\/?s={search_term_string}"},"query-input":{"@type":"PropertyValueSpecification","valueRequired":true,"valueName":"search_term_string"}}],"inLanguage":"ht"},{"@type":"Organization","@id":"https:\/\/www.miamibeachfl.gov\/#organization","name":"Vil Miami Beach","url":"https:\/\/www.miamibeachfl.gov\/","logo":{"@type":"ImageObject","inLanguage":"ht","@id":"https:\/\/www.miamibeachfl.gov\/#\/schema\/logo\/image\/","url":"https:\/\/www.miamibeachfl.gov\/wp-content\/uploads\/2022\/06\/miamibeach-logoblue.png","contentUrl":"https:\/\/www.miamibeachfl.gov\/wp-content\/uploads\/2022\/06\/miamibeach-logoblue.png","width":1962,"height":381,"caption":"City of Miami Beach"},"image":{"@id":"https:\/\/www.miamibeachfl.gov\/#\/schema\/logo\/image\/"},"sameAs":["https:\/\/www.facebook.com\/cityofmiamibeach","https:\/\/x.com\/Miamibeachnews","https:\/\/www.instagram.com\/miamibeachnews\/"],"description":"Sitw\u00e8b ofisy\u00e8l Vil Miami Beach la. Rete enf\u00f2me, jwenn enf\u00f2masyon enp\u00f2tan sou s\u00e8vis vil la, nouv\u00e8l, al\u00e8t, ev\u00e8nman, wout tramway, travay gouv\u00e8nman an ak plis ank\u00f2.","telephone":"305.604.CITY(2489)","legalName":"City of Miami Beach"}]}},"_links":{"self":[{"href":"https:\/\/www.miamibeachfl.gov\/ht\/wp-json\/wp\/v2\/pages\/56231","targetHints":{"allow":["GET"]}}],"collection":[{"href":"https:\/\/www.miamibeachfl.gov\/ht\/wp-json\/wp\/v2\/pages"}],"about":[{"href":"https:\/\/www.miamibeachfl.gov\/ht\/wp-json\/wp\/v2\/types\/page"}],"author":[{"embeddable":true,"href":"https:\/\/www.miamibeachfl.gov\/ht\/wp-json\/wp\/v2\/users\/222"}],"replies":[{"embeddable":true,"href":"https:\/\/www.miamibeachfl.gov\/ht\/wp-json\/wp\/v2\/comments?post=56231"}],"version-history":[{"count":3,"href":"https:\/\/www.miamibeachfl.gov\/ht\/wp-json\/wp\/v2\/pages\/56231\/revisions"}],"predecessor-version":[{"id":392918,"href":"https:\/\/www.miamibeachfl.gov\/ht\/wp-json\/wp\/v2\/pages\/56231\/revisions\/392918"}],"up":[{"embeddable":true,"href":"https:\/\/www.miamibeachfl.gov\/ht\/wp-json\/wp\/v2\/pages\/28864"}],"wp:attachment":[{"href":"https:\/\/www.miamibeachfl.gov\/ht\/wp-json\/wp\/v2\/media?parent=56231"}],"wp:term":[{"taxonomy":"category","embeddable":true,"href":"https:\/\/www.miamibeachfl.gov\/ht\/wp-json\/wp\/v2\/categories?post=56231"},{"taxonomy":"post_tag","embeddable":true,"href":"https:\/\/www.miamibeachfl.gov\/ht\/wp-json\/wp\/v2\/tags?post=56231"}],"curies":[{"name":"wp","href":"https:\/\/api.w.org\/{rel}","templated":true}]}}