{"id":61289,"date":"2018-03-13T14:57:07","date_gmt":"2018-03-13T18:57:07","guid":{"rendered":"http:\/\/www.miamibeachfl.gov\/city-hall\/human-resources\/benefits\/benefit-summary\/employee-benefit-program\/"},"modified":"2026-03-02T16:27:12","modified_gmt":"2026-03-02T21:27:12","slug":"employee-benefit-program","status":"publish","type":"page","link":"https:\/\/www.miamibeachfl.gov\/ht\/city-hall\/human-resources\/benefits\/benefit-summary\/employee-benefit-program\/","title":{"rendered":"Pwogram Benefis"},"content":{"rendered":"<img decoding=\"async\" src=\"https:\/\/www.miamibeachfl.gov\/wp-content\/uploads\/2022\/07\/hero-small.jpg\" alt=\"ocean drive art deco buildings\" itemprop=\"image\" height=\"211\" width=\"2395\" title=\"ewo-piti\" onerror=\"this.style.display='none'\" loading=\"lazy\" \/>\n<h1>\n\t\t\tPwogram Benefis\t<\/h1>\n\t<nav id=\"breadcrumbs\" aria-label=\"Pen griye\"><a href=\"https:\/\/www.miamibeachfl.gov\/ht\/\">Lakay<\/a> &gt; <a href=\"https:\/\/www.miamibeachfl.gov\/ht\/city-hall\/\">Lakou Vil la<\/a> &gt; <a href=\"https:\/\/www.miamibeachfl.gov\/ht\/city-hall\/human-resources\/\">Resous Im\u00e8n<\/a> &gt; <a href=\"https:\/\/www.miamibeachfl.gov\/ht\/city-hall\/human-resources\/benefits\/\">Benefis<\/a> &gt; <a href=\"https:\/\/www.miamibeachfl.gov\/ht\/city-hall\/human-resources\/benefits\/benefit-summary\/\">Lyen rapid pou benefis anplwaye yo<\/a> &gt; <strong>Pwogram Benefis<\/strong><\/nav><h2>\n\t\t\tLiv sou Benefis 2024-2025\t<\/h2>\n\t\t\t\t<a href=\"\/wp-content\/uploads\/2025\/08\/2025-26-CMB-Active-FT-EE-Benefit-Guide.pdf\"  target=\"_self\" itemprop=\"url\">\n\t\t\t\t<img decoding=\"async\" src=\"https:\/\/www.miamibeachfl.gov\/wp-content\/uploads\/2025\/08\/hrbenefitsguidethumb.jpg\" alt=\"benefits guide thumbnail\" itemprop=\"image\" height=\"435\" width=\"350\" title=\"Gid Benefis Miami Beach\" onerror=\"this.style.display='none'\" loading=\"lazy\" \/>\n\t\t\t\t<\/a>\n\t\t\t<a href=\"\/wp-content\/uploads\/2025\/08\/2025-26-CMB-Active-FT-EE-Benefit-Guide.pdf\" target=\"_self\">\n\t\t\t\t\t\t\tLiv sou Benefis 2025-2026\n\t\t\t<\/a>\n\t\t\t<a href=\"\/wp-content\/uploads\/2024\/10\/2024-25-COMB-Active-Benefits-Guide.pdf\" target=\"_self\">\n\t\t\t\t\t\t\tLiv sou Benefis 2024-2025\n\t\t\t<\/a>\n\t<h3><b>Enf\u00f2masyon sou Medicare<\/b><\/h3>\n<ul>\n<li><a href=\"https:\/\/www.medicare.gov\/medicare-and-you\">Medicare ak ou menm<\/a><\/li>\n<li><a href=\"https:\/\/www.medicare.gov\/supplements-other-insurance\/how-medicare-works-with-other-insurance\">Medicare: Ki moun ki peye an premye<\/a><\/li>\n<li><a href=\"https:\/\/www.medicare.gov\/\">Klike la a pou vizite Medicare.gov<\/a><\/li>\n<\/ul>\n<h3><b><u>Rezime Benefis ak Pwoteksyon Plan Sante (SBC)<\/u><\/b><\/h3>\n<ul>\n<li><a href=\"http:\/\/www.miamibeachfl.gov\/wp-content\/uploads\/2021\/09\/SBC-OAIS_10.01.2021_City-of-Miami-Beach_3340006.pdf\">Aks\u00e8 Ouv\u00e8 nan Rezo a<\/a><\/li>\n<li><a href=\"http:\/\/www.miamibeachfl.gov\/wp-content\/uploads\/2021\/09\/SBC-HDHPQ-Plan_10.01.2021_City-of-Miami-Beach_3340006.pdf\">Aks\u00e8 Lib HDHPQ<\/a><\/li>\n<li><a href=\"http:\/\/www.miamibeachfl.gov\/wp-content\/uploads\/2021\/09\/SBC-OAPB_10.01.2021_City-of-Miami-Beach_3340006.pdf\">Aks\u00e8 Lib Plis Melanj<\/a><\/li>\n<\/ul>\n<h3><b><u>Rezime Plan Dant\u00e8<\/u><\/b><\/h3>\n<ul>\n<li><a href=\"http:\/\/www.miamibeachfl.gov\/wp-content\/uploads\/2021\/06\/DHMO-Patient-Charge-Schedule-SBC.pdf\">DHMO Dant\u00e8<\/a><\/li>\n<li><a href=\"http:\/\/www.miamibeachfl.gov\/wp-content\/uploads\/2021\/06\/84171145.Ben-Sum-DPPO_10.01.2020_City-of-Miami-Beach_3340006-SBC-Cigna-Dental-PPO.pdf\">PPO Dant\u00e8<\/a><\/li>\n<\/ul>\n\t\tNavige pou ale nan\u2026\t\t\t\n\t\t\t\t\t<ul id=\"menu-hr-employee-benefits-quicklinks\"><li id=\"menu-item-362888\"><a href=\"\/ht\/city-hall\/human-resources\/benefits\/benefit-summary\/employee-benefits-contact-info\/\">Opsyon Benefis Anplis<\/a><\/li>\n<li id=\"menu-item-362889\"><a href=\"\/ht\/city-hall\/human-resources\/benefits\/benefit-summary\/employee-benefit-program\/\">Pwogram Benefis<\/a><\/li>\n<li id=\"menu-item-362890\"><a href=\"\/ht\/city-hall\/human-resources\/benefits\/benefit-summary\/cobra\/\">KOBRA<\/a><\/li>\n<li id=\"menu-item-362892\"><a href=\"\/ht\/city-hall\/human-resources\/benefits\/benefit-summary\/employee-assistance-and-worklife-plan\/\">EAP<\/a><\/li>\n<li id=\"menu-item-362893\"><a href=\"\/ht\/city-hall\/human-resources\/benefits\/benefit-summary\/forms\/\">F\u00f2m yo<\/a><\/li>\n<li id=\"menu-item-362894\"><a href=\"\/ht\/city-hall\/human-resources\/benefits\/benefit-summary\/frequently-asked-questions\/\">Kesyon yo poze souvan<\/a><\/li>\n<li id=\"menu-item-362895\"><a href=\"\/ht\/city-hall\/human-resources\/benefits\/benefit-summary\/health-dental-plans\/\">Plan Sante ak Dant\u00e8<\/a><\/li>\n<li id=\"menu-item-362897\"><a href=\"\/ht\/city-hall\/human-resources\/benefits\/benefit-summary\/retirement-planning\/\">Planifikasyon pou retr\u00e8t<\/a><\/li>\n<li id=\"menu-item-362898\"><a href=\"\/ht\/city-hall\/human-resources\/benefits\/benefit-summary\/wellness-program\/\">Pwogram Byenn\u00e8t<\/a><\/li>\n<\/ul>\t\n\t<div class=\"page-navigation\"><a class=\"prev-page\" href=\"https:\/\/www.miamibeachfl.gov\/ht\/city-hall\/human-resources\/benefits\/benefit-summary\/cobra\/\">\u2190 KOBRA<\/a> <a class=\"next-page\" href=\"https:\/\/www.miamibeachfl.gov\/ht\/city-hall\/human-resources\/benefits\/retiree-quicklinks\/\">Benefis pou retrete <br> Lyen rapid \u2192<\/a><\/div>","protected":false},"excerpt":{"rendered":"<p>Benefits Program Home &gt; City Hall &gt; Human Resources &gt; Benefits &gt; Employee Benefits Quicklinks &gt; Benefits Program Benefits Booklet [&hellip;]<\/p>\n","protected":false},"author":222,"featured_media":0,"parent":46767,"menu_order":0,"comment_status":"closed","ping_status":"closed","template":"","meta":{"_searchwp_excluded":"","site-sidebar-layout":"default","site-content-layout":"","ast-site-content-layout":"default","site-content-style":"default","site-sidebar-style":"default","ast-global-header-display":"","ast-banner-title-visibility":"","ast-main-header-display":"","ast-hfb-above-header-display":"","ast-hfb-below-header-display":"","ast-hfb-mobile-header-display":"","site-post-title":"","ast-breadcrumbs-content":"","ast-featured-img":"","footer-sml-layout":"","theme-transparent-header-meta":"","adv-header-id-meta":"","stick-header-meta":"","header-above-stick-meta":"","header-main-stick-meta":"","header-below-stick-meta":"","astra-migrate-meta-layouts":"default","ast-page-background-enabled":"default","ast-page-background-meta":{"desktop":{"background-color":"var(--ast-global-color-5)","background-image":"","background-repeat":"repeat","background-position":"center center","background-size":"auto","background-attachment":"scroll","background-type":"","background-media":"","overlay-type":"","overlay-color":"","overlay-opacity":"","overlay-gradient":""},"tablet":{"background-color":"","background-image":"","background-repeat":"repeat","background-position":"center center","background-size":"auto","background-attachment":"scroll","background-type":"","background-media":"","overlay-type":"","overlay-color":"","overlay-opacity":"","overlay-gradient":""},"mobile":{"background-color":"","background-image":"","background-repeat":"repeat","background-position":"center center","background-size":"auto","background-attachment":"scroll","background-type":"","background-media":"","overlay-type":"","overlay-color":"","overlay-opacity":"","overlay-gradient":""}},"ast-content-background-meta":{"desktop":{"background-color":"var(--ast-global-color-4)","background-image":"","background-repeat":"repeat","background-position":"center center","background-size":"auto","background-attachment":"scroll","background-type":"","background-media":"","overlay-type":"","overlay-color":"","overlay-opacity":"","overlay-gradient":""},"tablet":{"background-color":"var(--ast-global-color-4)","background-image":"","background-repeat":"repeat","background-position":"center center","background-size":"auto","background-attachment":"scroll","background-type":"","background-media":"","overlay-type":"","overlay-color":"","overlay-opacity":"","overlay-gradient":""},"mobile":{"background-color":"var(--ast-global-color-4)","background-image":"","background-repeat":"repeat","background-position":"center center","background-size":"auto","background-attachment":"scroll","background-type":"","background-media":"","overlay-type":"","overlay-color":"","overlay-opacity":"","overlay-gradient":""}},"footnotes":""},"categories":[],"tags":[],"class_list":["post-61289","page","type-page","status-publish","hentry"],"yoast_head":"<!-- This site is optimized with the Yoast SEO Premium plugin v27.4 (Yoast SEO v27.4) - https:\/\/yoast.com\/product\/yoast-seo-premium-wordpress\/ -->\n<title>Benefits Program - City of Miami Beach<\/title>\n<meta name=\"description\" content=\"%\" \/>\n<meta name=\"robots\" content=\"index, follow, max-snippet:-1, max-image-preview:large, max-video-preview:-1\" \/>\n<link rel=\"canonical\" href=\"https:\/\/www.miamibeachfl.gov\/ht\/city-hall\/human-resources\/benefits\/benefit-summary\/employee-benefit-program\/\" \/>\n<meta property=\"og:locale\" content=\"ht_HT\" \/>\n<meta property=\"og:type\" content=\"article\" \/>\n<meta property=\"og:title\" content=\"Benefits Program\" \/>\n<meta property=\"og:description\" content=\"%\" \/>\n<meta property=\"og:url\" content=\"https:\/\/www.miamibeachfl.gov\/ht\/city-hall\/human-resources\/benefits\/benefit-summary\/employee-benefit-program\/\" \/>\n<meta property=\"og:site_name\" content=\"City of Miami Beach\" \/>\n<meta property=\"article:publisher\" content=\"https:\/\/www.facebook.com\/cityofmiamibeach\" \/>\n<meta property=\"article:modified_time\" content=\"2026-03-02T21:27:12+00:00\" \/>\n<meta property=\"og:image\" content=\"https:\/\/www.miamibeachfl.gov\/wp-content\/uploads\/2022\/07\/hero-small.jpg\" \/>\n<meta name=\"twitter:card\" content=\"summary_large_image\" \/>\n<meta name=\"twitter:site\" content=\"@Miamibeachnews\" \/>\n<script type=\"application\/ld+json\" class=\"yoast-schema-graph\">{\"@context\":\"https:\\\/\\\/schema.org\",\"@graph\":[{\"@type\":\"WebPage\",\"@id\":\"https:\\\/\\\/www.miamibeachfl.gov\\\/city-hall\\\/human-resources\\\/benefits\\\/benefit-summary\\\/employee-benefit-program\\\/\",\"url\":\"https:\\\/\\\/www.miamibeachfl.gov\\\/city-hall\\\/human-resources\\\/benefits\\\/benefit-summary\\\/employee-benefit-program\\\/\",\"name\":\"Benefits Program - City of Miami Beach\",\"isPartOf\":{\"@id\":\"https:\\\/\\\/www.miamibeachfl.gov\\\/#website\"},\"primaryImageOfPage\":{\"@id\":\"https:\\\/\\\/www.miamibeachfl.gov\\\/city-hall\\\/human-resources\\\/benefits\\\/benefit-summary\\\/employee-benefit-program\\\/#primaryimage\"},\"image\":{\"@id\":\"https:\\\/\\\/www.miamibeachfl.gov\\\/city-hall\\\/human-resources\\\/benefits\\\/benefit-summary\\\/employee-benefit-program\\\/#primaryimage\"},\"thumbnailUrl\":\"https:\\\/\\\/www.miamibeachfl.gov\\\/wp-content\\\/uploads\\\/2022\\\/07\\\/hero-small.jpg\",\"datePublished\":\"2018-03-13T18:57:07+00:00\",\"dateModified\":\"2026-03-02T21:27:12+00:00\",\"description\":\"%\",\"breadcrumb\":{\"@id\":\"https:\\\/\\\/www.miamibeachfl.gov\\\/city-hall\\\/human-resources\\\/benefits\\\/benefit-summary\\\/employee-benefit-program\\\/#breadcrumb\"},\"inLanguage\":\"ht\",\"potentialAction\":[{\"@type\":\"ReadAction\",\"target\":[\"https:\\\/\\\/www.miamibeachfl.gov\\\/city-hall\\\/human-resources\\\/benefits\\\/benefit-summary\\\/employee-benefit-program\\\/\"]}]},{\"@type\":\"ImageObject\",\"inLanguage\":\"ht\",\"@id\":\"https:\\\/\\\/www.miamibeachfl.gov\\\/city-hall\\\/human-resources\\\/benefits\\\/benefit-summary\\\/employee-benefit-program\\\/#primaryimage\",\"url\":\"https:\\\/\\\/www.miamibeachfl.gov\\\/wp-content\\\/uploads\\\/2022\\\/07\\\/hero-small.jpg\",\"contentUrl\":\"https:\\\/\\\/www.miamibeachfl.gov\\\/wp-content\\\/uploads\\\/2022\\\/07\\\/hero-small.jpg\"},{\"@type\":\"BreadcrumbList\",\"@id\":\"https:\\\/\\\/www.miamibeachfl.gov\\\/city-hall\\\/human-resources\\\/benefits\\\/benefit-summary\\\/employee-benefit-program\\\/#breadcrumb\",\"itemListElement\":[{\"@type\":\"ListItem\",\"position\":1,\"name\":\"Home\",\"item\":\"https:\\\/\\\/www.miamibeachfl.gov\\\/\"},{\"@type\":\"ListItem\",\"position\":2,\"name\":\"City Hall\",\"item\":\"https:\\\/\\\/www.miamibeachfl.gov\\\/city-hall\\\/\"},{\"@type\":\"ListItem\",\"position\":3,\"name\":\"Human Resources\",\"item\":\"https:\\\/\\\/www.miamibeachfl.gov\\\/city-hall\\\/human-resources\\\/\"},{\"@type\":\"ListItem\",\"position\":4,\"name\":\"Benefits\",\"item\":\"https:\\\/\\\/www.miamibeachfl.gov\\\/city-hall\\\/human-resources\\\/benefits\\\/\"},{\"@type\":\"ListItem\",\"position\":5,\"name\":\"Employee Benefits Quicklinks\",\"item\":\"https:\\\/\\\/www.miamibeachfl.gov\\\/city-hall\\\/human-resources\\\/benefits\\\/benefit-summary\\\/\"},{\"@type\":\"ListItem\",\"position\":6,\"name\":\"Benefits Program\"}]},{\"@type\":\"WebSite\",\"@id\":\"https:\\\/\\\/www.miamibeachfl.gov\\\/#website\",\"url\":\"https:\\\/\\\/www.miamibeachfl.gov\\\/\",\"name\":\"City of Miami Beach\",\"description\":\"The official website of the City of Miami Beach. Stay informed, find important information on city services, news, alerts, events, trolley routes, government employment and more.\",\"publisher\":{\"@id\":\"https:\\\/\\\/www.miamibeachfl.gov\\\/#organization\"},\"potentialAction\":[{\"@type\":\"SearchAction\",\"target\":{\"@type\":\"EntryPoint\",\"urlTemplate\":\"https:\\\/\\\/www.miamibeachfl.gov\\\/?s={search_term_string}\"},\"query-input\":{\"@type\":\"PropertyValueSpecification\",\"valueRequired\":true,\"valueName\":\"search_term_string\"}}],\"inLanguage\":\"ht\"},{\"@type\":\"Organization\",\"@id\":\"https:\\\/\\\/www.miamibeachfl.gov\\\/#organization\",\"name\":\"City of Miami Beach\",\"url\":\"https:\\\/\\\/www.miamibeachfl.gov\\\/\",\"logo\":{\"@type\":\"ImageObject\",\"inLanguage\":\"ht\",\"@id\":\"https:\\\/\\\/www.miamibeachfl.gov\\\/#\\\/schema\\\/logo\\\/image\\\/\",\"url\":\"https:\\\/\\\/www.miamibeachfl.gov\\\/wp-content\\\/uploads\\\/2022\\\/06\\\/miamibeach-logoblue.png\",\"contentUrl\":\"https:\\\/\\\/www.miamibeachfl.gov\\\/wp-content\\\/uploads\\\/2022\\\/06\\\/miamibeach-logoblue.png\",\"width\":1962,\"height\":381,\"caption\":\"City of Miami Beach\"},\"image\":{\"@id\":\"https:\\\/\\\/www.miamibeachfl.gov\\\/#\\\/schema\\\/logo\\\/image\\\/\"},\"sameAs\":[\"https:\\\/\\\/www.facebook.com\\\/cityofmiamibeach\",\"https:\\\/\\\/x.com\\\/Miamibeachnews\",\"https:\\\/\\\/www.instagram.com\\\/miamibeachnews\\\/\"],\"description\":\"The official website of the City of Miami Beach. Stay informed, find important information on city services, news, alerts, events, trolley routes, government employment and more.\",\"telephone\":\"305.604.CITY(2489)\",\"legalName\":\"City of Miami Beach\"}]}<\/script>\n<!-- \/ Yoast SEO Premium plugin. -->","yoast_head_json":{"title":"Pwogram Benefis - Vil Miami Beach","description":"%","robots":{"index":"index","follow":"follow","max-snippet":"max-snippet:-1","max-image-preview":"max-image-preview:large","max-video-preview":"max-video-preview:-1"},"canonical":"https:\/\/www.miamibeachfl.gov\/ht\/city-hall\/human-resources\/benefits\/benefit-summary\/employee-benefit-program\/","og_locale":"ht_HT","og_type":"article","og_title":"Benefits Program","og_description":"%","og_url":"https:\/\/www.miamibeachfl.gov\/ht\/city-hall\/human-resources\/benefits\/benefit-summary\/employee-benefit-program\/","og_site_name":"City of Miami Beach","article_publisher":"https:\/\/www.facebook.com\/cityofmiamibeach","article_modified_time":"2026-03-02T21:27:12+00:00","og_image":[{"url":"https:\/\/www.miamibeachfl.gov\/wp-content\/uploads\/2022\/07\/hero-small.jpg","type":"","width":"","height":""}],"twitter_card":"summary_large_image","twitter_site":"@Miamibeachnews","schema":{"@context":"https:\/\/schema.org","@graph":[{"@type":"WebPage","@id":"https:\/\/www.miamibeachfl.gov\/city-hall\/human-resources\/benefits\/benefit-summary\/employee-benefit-program\/","url":"https:\/\/www.miamibeachfl.gov\/city-hall\/human-resources\/benefits\/benefit-summary\/employee-benefit-program\/","name":"Pwogram Benefis - Vil Miami Beach","isPartOf":{"@id":"https:\/\/www.miamibeachfl.gov\/#website"},"primaryImageOfPage":{"@id":"https:\/\/www.miamibeachfl.gov\/city-hall\/human-resources\/benefits\/benefit-summary\/employee-benefit-program\/#primaryimage"},"image":{"@id":"https:\/\/www.miamibeachfl.gov\/city-hall\/human-resources\/benefits\/benefit-summary\/employee-benefit-program\/#primaryimage"},"thumbnailUrl":"https:\/\/www.miamibeachfl.gov\/wp-content\/uploads\/2022\/07\/hero-small.jpg","datePublished":"2018-03-13T18:57:07+00:00","dateModified":"2026-03-02T21:27:12+00:00","description":"%","breadcrumb":{"@id":"https:\/\/www.miamibeachfl.gov\/city-hall\/human-resources\/benefits\/benefit-summary\/employee-benefit-program\/#breadcrumb"},"inLanguage":"ht","potentialAction":[{"@type":"ReadAction","target":["https:\/\/www.miamibeachfl.gov\/city-hall\/human-resources\/benefits\/benefit-summary\/employee-benefit-program\/"]}]},{"@type":"ImageObject","inLanguage":"ht","@id":"https:\/\/www.miamibeachfl.gov\/city-hall\/human-resources\/benefits\/benefit-summary\/employee-benefit-program\/#primaryimage","url":"https:\/\/www.miamibeachfl.gov\/wp-content\/uploads\/2022\/07\/hero-small.jpg","contentUrl":"https:\/\/www.miamibeachfl.gov\/wp-content\/uploads\/2022\/07\/hero-small.jpg"},{"@type":"BreadcrumbList","@id":"https:\/\/www.miamibeachfl.gov\/city-hall\/human-resources\/benefits\/benefit-summary\/employee-benefit-program\/#breadcrumb","itemListElement":[{"@type":"ListItem","position":1,"name":"Home","item":"https:\/\/www.miamibeachfl.gov\/"},{"@type":"ListItem","position":2,"name":"City Hall","item":"https:\/\/www.miamibeachfl.gov\/city-hall\/"},{"@type":"ListItem","position":3,"name":"Human Resources","item":"https:\/\/www.miamibeachfl.gov\/city-hall\/human-resources\/"},{"@type":"ListItem","position":4,"name":"Benefits","item":"https:\/\/www.miamibeachfl.gov\/city-hall\/human-resources\/benefits\/"},{"@type":"ListItem","position":5,"name":"Employee Benefits Quicklinks","item":"https:\/\/www.miamibeachfl.gov\/city-hall\/human-resources\/benefits\/benefit-summary\/"},{"@type":"ListItem","position":6,"name":"Benefits Program"}]},{"@type":"WebSite","@id":"https:\/\/www.miamibeachfl.gov\/#website","url":"https:\/\/www.miamibeachfl.gov\/","name":"Vil Miami Beach","description":"Sitw\u00e8b ofisy\u00e8l Vil Miami Beach la. Rete enf\u00f2me, jwenn enf\u00f2masyon enp\u00f2tan sou s\u00e8vis vil la, nouv\u00e8l, al\u00e8t, ev\u00e8nman, wout tramway, travay gouv\u00e8nman an ak plis ank\u00f2.","publisher":{"@id":"https:\/\/www.miamibeachfl.gov\/#organization"},"potentialAction":[{"@type":"SearchAction","target":{"@type":"EntryPoint","urlTemplate":"https:\/\/www.miamibeachfl.gov\/?s={search_term_string}"},"query-input":{"@type":"PropertyValueSpecification","valueRequired":true,"valueName":"search_term_string"}}],"inLanguage":"ht"},{"@type":"Organization","@id":"https:\/\/www.miamibeachfl.gov\/#organization","name":"Vil Miami Beach","url":"https:\/\/www.miamibeachfl.gov\/","logo":{"@type":"ImageObject","inLanguage":"ht","@id":"https:\/\/www.miamibeachfl.gov\/#\/schema\/logo\/image\/","url":"https:\/\/www.miamibeachfl.gov\/wp-content\/uploads\/2022\/06\/miamibeach-logoblue.png","contentUrl":"https:\/\/www.miamibeachfl.gov\/wp-content\/uploads\/2022\/06\/miamibeach-logoblue.png","width":1962,"height":381,"caption":"City of Miami Beach"},"image":{"@id":"https:\/\/www.miamibeachfl.gov\/#\/schema\/logo\/image\/"},"sameAs":["https:\/\/www.facebook.com\/cityofmiamibeach","https:\/\/x.com\/Miamibeachnews","https:\/\/www.instagram.com\/miamibeachnews\/"],"description":"Sitw\u00e8b ofisy\u00e8l Vil Miami Beach la. Rete enf\u00f2me, jwenn enf\u00f2masyon enp\u00f2tan sou s\u00e8vis vil la, nouv\u00e8l, al\u00e8t, ev\u00e8nman, wout tramway, travay gouv\u00e8nman an ak plis ank\u00f2.","telephone":"305.604.CITY(2489)","legalName":"City of Miami Beach"}]}},"_links":{"self":[{"href":"https:\/\/www.miamibeachfl.gov\/ht\/wp-json\/wp\/v2\/pages\/61289","targetHints":{"allow":["GET"]}}],"collection":[{"href":"https:\/\/www.miamibeachfl.gov\/ht\/wp-json\/wp\/v2\/pages"}],"about":[{"href":"https:\/\/www.miamibeachfl.gov\/ht\/wp-json\/wp\/v2\/types\/page"}],"author":[{"embeddable":true,"href":"https:\/\/www.miamibeachfl.gov\/ht\/wp-json\/wp\/v2\/users\/222"}],"replies":[{"embeddable":true,"href":"https:\/\/www.miamibeachfl.gov\/ht\/wp-json\/wp\/v2\/comments?post=61289"}],"version-history":[{"count":5,"href":"https:\/\/www.miamibeachfl.gov\/ht\/wp-json\/wp\/v2\/pages\/61289\/revisions"}],"predecessor-version":[{"id":396938,"href":"https:\/\/www.miamibeachfl.gov\/ht\/wp-json\/wp\/v2\/pages\/61289\/revisions\/396938"}],"up":[{"embeddable":true,"href":"https:\/\/www.miamibeachfl.gov\/ht\/wp-json\/wp\/v2\/pages\/46767"}],"wp:attachment":[{"href":"https:\/\/www.miamibeachfl.gov\/ht\/wp-json\/wp\/v2\/media?parent=61289"}],"wp:term":[{"taxonomy":"category","embeddable":true,"href":"https:\/\/www.miamibeachfl.gov\/ht\/wp-json\/wp\/v2\/categories?post=61289"},{"taxonomy":"post_tag","embeddable":true,"href":"https:\/\/www.miamibeachfl.gov\/ht\/wp-json\/wp\/v2\/tags?post=61289"}],"curies":[{"name":"wp","href":"https:\/\/api.w.org\/{rel}","templated":true}]}}