{"id":70901,"date":"2018-06-07T10:44:30","date_gmt":"2018-06-07T14:44:30","guid":{"rendered":"http:\/\/www.miamibeachfl.gov\/?page_id=70901"},"modified":"2026-04-10T11:36:23","modified_gmt":"2026-04-10T15:36:23","slug":"surface-lot-at-biscayne-beach","status":"publish","type":"page","link":"https:\/\/www.miamibeachfl.gov\/ht\/projects\/surface-lot-at-biscayne-beach\/","title":{"rendered":"Lot sifas nan Biscayne Beach"},"content":{"rendered":"<p> Pwoj\u00e8 a fini<\/p>\n<h3>\n\t\t\tLot sifas nan Biscayne Beach\t<\/h3>\n\t<p>Pwoj\u00e8 a gen ladan l konstriksyon yon nouvo pakin sifas ak apepr\u00e8 25 a 30 plas pakin. Desen an gen ladan amelyorasyon pou drenaj dlo lapli ansanm ak amelyorasyon nan peyizaj la ak adisyon ekleraj. Pwoj\u00e8 sa a akty\u00e8lman f\u00e8t nan kategori 100% epi li anba pwosesis p\u00e8mi an. Konstriksyon an espere k\u00f2manse nan fen ane 2020.<\/p>\n\t\t<h3>\t\n\tMizajou Pwoj\u00e8 yo<\/h3>\t\n\t<ul role=\"tablist\">\n\t\t\t\t\t\t\t\t<li role=\"presentation\">\t\t\t\t<button type=\"button\" id=\"fl-tabs--label-0\" data-index=\"0\" role=\"tab\" aria-selected=\"true\" aria-controls=\"fl-tabs--panel-0\">\n\t\t\t\tD\u00c8NYE MIZAJOU A\t\t\t\t<\/button>\n\t\t\t\t<\/li>\t\t\t\t\n\t<\/ul>\n\t\t\t\t\t<button type=\"button\" data-index=\"0\" role=\"tab\" aria-selected=\"true\" aria-controls=\"fl-tabs--panel-0\">\n\t\t\t\t\t\tD\u00c8NYE MIZAJOU A\n\t\t\t\t\t<\/button>\n\t\t\t\t\t\t<a href=\"https:\/\/conta.cc\/3lG4xbr\" target=\"_blank\" rel=\"noopener\">Mizajou sou T\u00e8ren Sifas Biscane Beach 12\/2021<\/a><br \/>\n<a href=\"https:\/\/conta.cc\/2Wsdewn\">Mizajou sou teren sifas Biscayne Beach 8\/2021<\/a><br \/>\n<a href=\"https:\/\/conta.cc\/3jAhtQ4\" target=\"_blank\" rel=\"noopener\">Mizajou sou teren sifas Biscayne Beach 6\/2021<\/a>\n<h3>\n\t\t\tKote\t<\/h3>\n\t<iframe src=\"https:\/\/www.google.com\/maps\/embed\/v1\/place?q=81+Hawthorne+Avenue%2C+Miami+Beach+&#038;key=AIzaSyD09zQ9PNDNNy9TadMuzRV_UsPUoWKntt8\" aria-hidden=\"true\" title=\"West Avenue, Miami Beach Kat jeyografik\"><\/iframe>\n<h3>\n\t\t\tAnplwaye Pwoj\u00e8 a\t<\/h3>\n\t<hr \/>\n<strong>Ch\u00e8f Depatman<br \/>\nPwoj\u00e8 Amelyorasyon Kapital (PIK)<\/strong>\n<strong>Direkt\u00e8 Depatman an<br \/>\nDavid Martinez, PE<\/strong>\n<strong>Kow\u00f2dinat\u00e8 Pwoj\u00e8 Kapital Senior<br \/>\n<\/strong><strong>Mina Samadi, PE<\/strong>.\n<strong>Kow\u00f2dinat\u00e8 Pwoj\u00e8 Kapital<br \/>\nDany\u00e8l Cevallos<\/strong>\n<hr \/>\nKow\u00f2dinat\u00e8 Af\u00e8 Katye<br \/>\n<strong>Dexter Peralta<\/strong><br \/>\n<a href=\"mailto:DexterPeralta@miamibeachfl.gov\">DexterPeralta@miamibeachfl.gov<\/a>\n<hr \/>\nEnjeny\u00e8<br \/>\n<strong>Schwebke-Shiskin &amp; Asosye yo<\/strong>\n<h3>\n\t\t\tEta Pwoj\u00e8 a\t<\/h3>\n\t\t<h3>\t\n\tPwoj\u00e8 a fini an Mas 2022<\/h3>\t\n\t\t<h3>D\u00e8nye Mizajou<\/h3><p>Avril 2022<\/p>","protected":false},"excerpt":{"rendered":"<p>Project Completed Surface Lot at Biscayne Beach The project consists of the construction of a new surface parking lot with [&hellip;]<\/p>\n","protected":false},"author":222,"featured_media":398126,"parent":397831,"menu_order":193,"comment_status":"closed","ping_status":"closed","template":"","meta":{"_searchwp_excluded":"","site-sidebar-layout":"default","site-content-layout":"","ast-site-content-layout":"default","site-content-style":"default","site-sidebar-style":"default","ast-global-header-display":"","ast-banner-title-visibility":"","ast-main-header-display":"","ast-hfb-above-header-display":"","ast-hfb-below-header-display":"","ast-hfb-mobile-header-display":"","site-post-title":"","ast-breadcrumbs-content":"","ast-featured-img":"","footer-sml-layout":"","theme-transparent-header-meta":"","adv-header-id-meta":"","stick-header-meta":"","header-above-stick-meta":"","header-main-stick-meta":"","header-below-stick-meta":"","astra-migrate-meta-layouts":"default","ast-page-background-enabled":"default","ast-page-background-meta":{"desktop":{"background-color":"var(--ast-global-color-5)","background-image":"","background-repeat":"repeat","background-position":"center center","background-size":"auto","background-attachment":"scroll","background-type":"","background-media":"","overlay-type":"","overlay-color":"","overlay-opacity":"","overlay-gradient":""},"tablet":{"background-color":"","background-image":"","background-repeat":"repeat","background-position":"center center","background-size":"auto","background-attachment":"scroll","background-type":"","background-media":"","overlay-type":"","overlay-color":"","overlay-opacity":"","overlay-gradient":""},"mobile":{"background-color":"","background-image":"","background-repeat":"repeat","background-position":"center center","background-size":"auto","background-attachment":"scroll","background-type":"","background-media":"","overlay-type":"","overlay-color":"","overlay-opacity":"","overlay-gradient":""}},"ast-content-background-meta":{"desktop":{"background-color":"var(--ast-global-color-4)","background-image":"","background-repeat":"repeat","background-position":"center center","background-size":"auto","background-attachment":"scroll","background-type":"","background-media":"","overlay-type":"","overlay-color":"","overlay-opacity":"","overlay-gradient":""},"tablet":{"background-color":"var(--ast-global-color-4)","background-image":"","background-repeat":"repeat","background-position":"center center","background-size":"auto","background-attachment":"scroll","background-type":"","background-media":"","overlay-type":"","overlay-color":"","overlay-opacity":"","overlay-gradient":""},"mobile":{"background-color":"var(--ast-global-color-4)","background-image":"","background-repeat":"repeat","background-position":"center center","background-size":"auto","background-attachment":"scroll","background-type":"","background-media":"","overlay-type":"","overlay-color":"","overlay-opacity":"","overlay-gradient":""}},"footnotes":""},"categories":[1888],"tags":[],"class_list":["post-70901","page","type-page","status-publish","has-post-thumbnail","hentry","category-completed-projects"],"yoast_head":"<!-- This site is optimized with the Yoast SEO Premium plugin v27.4 (Yoast SEO v27.4) - https:\/\/yoast.com\/product\/yoast-seo-premium-wordpress\/ -->\n<title>Surface Lot at Biscayne Beach - City of Miami Beach<\/title>\n<meta name=\"description\" content=\"Explore the new Surface Lot at Biscayne Beach featuring 25 to 30 parking spaces, enhanced drainage, and upgraded landscaping.\" \/>\n<meta name=\"robots\" content=\"index, follow, max-snippet:-1, max-image-preview:large, max-video-preview:-1\" \/>\n<link rel=\"canonical\" href=\"https:\/\/www.miamibeachfl.gov\/ht\/projects\/surface-lot-at-biscayne-beach\/\" \/>\n<meta property=\"og:locale\" content=\"ht_HT\" \/>\n<meta property=\"og:type\" content=\"article\" \/>\n<meta property=\"og:title\" content=\"Surface Lot at Biscayne Beach\" \/>\n<meta property=\"og:description\" content=\"Explore the new Surface Lot at Biscayne Beach featuring 25 to 30 parking spaces, enhanced drainage, and upgraded landscaping.\" \/>\n<meta property=\"og:url\" content=\"https:\/\/www.miamibeachfl.gov\/ht\/projects\/surface-lot-at-biscayne-beach\/\" \/>\n<meta property=\"og:site_name\" content=\"City of Miami Beach\" \/>\n<meta property=\"article:publisher\" content=\"https:\/\/www.facebook.com\/cityofmiamibeach\" \/>\n<meta property=\"article:modified_time\" content=\"2026-04-10T15:36:23+00:00\" \/>\n<meta property=\"og:image\" content=\"https:\/\/www.miamibeachfl.gov\/wp-content\/uploads\/2026\/03\/MiamiBeach-FisheyeView-square.jpg\" \/>\n\t<meta property=\"og:image:width\" content=\"500\" \/>\n\t<meta property=\"og:image:height\" content=\"500\" \/>\n\t<meta property=\"og:image:type\" content=\"image\/jpeg\" \/>\n<meta name=\"twitter:card\" content=\"summary_large_image\" \/>\n<meta name=\"twitter:site\" content=\"@Miamibeachnews\" \/>\n<script type=\"application\/ld+json\" class=\"yoast-schema-graph\">{\"@context\":\"https:\\\/\\\/schema.org\",\"@graph\":[{\"@type\":\"WebPage\",\"@id\":\"https:\\\/\\\/www.miamibeachfl.gov\\\/projects\\\/surface-lot-at-biscayne-beach\\\/\",\"url\":\"https:\\\/\\\/www.miamibeachfl.gov\\\/projects\\\/surface-lot-at-biscayne-beach\\\/\",\"name\":\"Surface Lot at Biscayne Beach - City of Miami Beach\",\"isPartOf\":{\"@id\":\"https:\\\/\\\/www.miamibeachfl.gov\\\/#website\"},\"primaryImageOfPage\":{\"@id\":\"https:\\\/\\\/www.miamibeachfl.gov\\\/projects\\\/surface-lot-at-biscayne-beach\\\/#primaryimage\"},\"image\":{\"@id\":\"https:\\\/\\\/www.miamibeachfl.gov\\\/projects\\\/surface-lot-at-biscayne-beach\\\/#primaryimage\"},\"thumbnailUrl\":\"https:\\\/\\\/www.miamibeachfl.gov\\\/wp-content\\\/uploads\\\/2026\\\/03\\\/MiamiBeach-FisheyeView-square.jpg\",\"datePublished\":\"2018-06-07T14:44:30+00:00\",\"dateModified\":\"2026-04-10T15:36:23+00:00\",\"description\":\"Explore the new Surface Lot at Biscayne Beach featuring 25 to 30 parking spaces, enhanced drainage, and upgraded landscaping.\",\"breadcrumb\":{\"@id\":\"https:\\\/\\\/www.miamibeachfl.gov\\\/projects\\\/surface-lot-at-biscayne-beach\\\/#breadcrumb\"},\"inLanguage\":\"ht\",\"potentialAction\":[{\"@type\":\"ReadAction\",\"target\":[\"https:\\\/\\\/www.miamibeachfl.gov\\\/projects\\\/surface-lot-at-biscayne-beach\\\/\"]}]},{\"@type\":\"ImageObject\",\"inLanguage\":\"ht\",\"@id\":\"https:\\\/\\\/www.miamibeachfl.gov\\\/projects\\\/surface-lot-at-biscayne-beach\\\/#primaryimage\",\"url\":\"https:\\\/\\\/www.miamibeachfl.gov\\\/wp-content\\\/uploads\\\/2026\\\/03\\\/MiamiBeach-FisheyeView-square.jpg\",\"contentUrl\":\"https:\\\/\\\/www.miamibeachfl.gov\\\/wp-content\\\/uploads\\\/2026\\\/03\\\/MiamiBeach-FisheyeView-square.jpg\",\"width\":500,\"height\":500,\"caption\":\"Miami Beach aerial view\"},{\"@type\":\"BreadcrumbList\",\"@id\":\"https:\\\/\\\/www.miamibeachfl.gov\\\/projects\\\/surface-lot-at-biscayne-beach\\\/#breadcrumb\",\"itemListElement\":[{\"@type\":\"ListItem\",\"position\":1,\"name\":\"Home\",\"item\":\"https:\\\/\\\/www.miamibeachfl.gov\\\/\"},{\"@type\":\"ListItem\",\"position\":2,\"name\":\"Projects\",\"item\":\"https:\\\/\\\/www.miamibeachfl.gov\\\/projects\\\/\"},{\"@type\":\"ListItem\",\"position\":3,\"name\":\"Surface Lot at Biscayne Beach\"}]},{\"@type\":\"WebSite\",\"@id\":\"https:\\\/\\\/www.miamibeachfl.gov\\\/#website\",\"url\":\"https:\\\/\\\/www.miamibeachfl.gov\\\/\",\"name\":\"City of Miami Beach\",\"description\":\"The official website of the City of Miami Beach. Stay informed, find important information on city services, news, alerts, events, trolley routes, government employment and more.\",\"publisher\":{\"@id\":\"https:\\\/\\\/www.miamibeachfl.gov\\\/#organization\"},\"potentialAction\":[{\"@type\":\"SearchAction\",\"target\":{\"@type\":\"EntryPoint\",\"urlTemplate\":\"https:\\\/\\\/www.miamibeachfl.gov\\\/?s={search_term_string}\"},\"query-input\":{\"@type\":\"PropertyValueSpecification\",\"valueRequired\":true,\"valueName\":\"search_term_string\"}}],\"inLanguage\":\"ht\"},{\"@type\":\"Organization\",\"@id\":\"https:\\\/\\\/www.miamibeachfl.gov\\\/#organization\",\"name\":\"City of Miami Beach\",\"url\":\"https:\\\/\\\/www.miamibeachfl.gov\\\/\",\"logo\":{\"@type\":\"ImageObject\",\"inLanguage\":\"ht\",\"@id\":\"https:\\\/\\\/www.miamibeachfl.gov\\\/#\\\/schema\\\/logo\\\/image\\\/\",\"url\":\"https:\\\/\\\/www.miamibeachfl.gov\\\/wp-content\\\/uploads\\\/2022\\\/06\\\/miamibeach-logoblue.png\",\"contentUrl\":\"https:\\\/\\\/www.miamibeachfl.gov\\\/wp-content\\\/uploads\\\/2022\\\/06\\\/miamibeach-logoblue.png\",\"width\":1962,\"height\":381,\"caption\":\"City of Miami Beach\"},\"image\":{\"@id\":\"https:\\\/\\\/www.miamibeachfl.gov\\\/#\\\/schema\\\/logo\\\/image\\\/\"},\"sameAs\":[\"https:\\\/\\\/www.facebook.com\\\/cityofmiamibeach\",\"https:\\\/\\\/x.com\\\/Miamibeachnews\",\"https:\\\/\\\/www.instagram.com\\\/miamibeachnews\\\/\"],\"description\":\"The official website of the City of Miami Beach. Stay informed, find important information on city services, news, alerts, events, trolley routes, government employment and more.\",\"telephone\":\"305.604.CITY(2489)\",\"legalName\":\"City of Miami Beach\"}]}<\/script>\n<!-- \/ Yoast SEO Premium plugin. -->","yoast_head_json":{"title":"Lot sifas nan Biscayne Beach - Vil Miami Beach","description":"Explore the new Surface Lot at Biscayne Beach featuring 25 to 30 parking spaces, enhanced drainage, and upgraded landscaping.","robots":{"index":"index","follow":"follow","max-snippet":"max-snippet:-1","max-image-preview":"max-image-preview:large","max-video-preview":"max-video-preview:-1"},"canonical":"https:\/\/www.miamibeachfl.gov\/ht\/projects\/surface-lot-at-biscayne-beach\/","og_locale":"ht_HT","og_type":"article","og_title":"Surface Lot at Biscayne Beach","og_description":"Explore the new Surface Lot at Biscayne Beach featuring 25 to 30 parking spaces, enhanced drainage, and upgraded landscaping.","og_url":"https:\/\/www.miamibeachfl.gov\/ht\/projects\/surface-lot-at-biscayne-beach\/","og_site_name":"City of Miami Beach","article_publisher":"https:\/\/www.facebook.com\/cityofmiamibeach","article_modified_time":"2026-04-10T15:36:23+00:00","og_image":[{"width":500,"height":500,"url":"https:\/\/www.miamibeachfl.gov\/wp-content\/uploads\/2026\/03\/MiamiBeach-FisheyeView-square.jpg","type":"image\/jpeg"}],"twitter_card":"summary_large_image","twitter_site":"@Miamibeachnews","schema":{"@context":"https:\/\/schema.org","@graph":[{"@type":"WebPage","@id":"https:\/\/www.miamibeachfl.gov\/projects\/surface-lot-at-biscayne-beach\/","url":"https:\/\/www.miamibeachfl.gov\/projects\/surface-lot-at-biscayne-beach\/","name":"Lot sifas nan Biscayne Beach - Vil Miami Beach","isPartOf":{"@id":"https:\/\/www.miamibeachfl.gov\/#website"},"primaryImageOfPage":{"@id":"https:\/\/www.miamibeachfl.gov\/projects\/surface-lot-at-biscayne-beach\/#primaryimage"},"image":{"@id":"https:\/\/www.miamibeachfl.gov\/projects\/surface-lot-at-biscayne-beach\/#primaryimage"},"thumbnailUrl":"https:\/\/www.miamibeachfl.gov\/wp-content\/uploads\/2026\/03\/MiamiBeach-FisheyeView-square.jpg","datePublished":"2018-06-07T14:44:30+00:00","dateModified":"2026-04-10T15:36:23+00:00","description":"Explore the new Surface Lot at Biscayne Beach featuring 25 to 30 parking spaces, enhanced drainage, and upgraded landscaping.","breadcrumb":{"@id":"https:\/\/www.miamibeachfl.gov\/projects\/surface-lot-at-biscayne-beach\/#breadcrumb"},"inLanguage":"ht","potentialAction":[{"@type":"ReadAction","target":["https:\/\/www.miamibeachfl.gov\/projects\/surface-lot-at-biscayne-beach\/"]}]},{"@type":"ImageObject","inLanguage":"ht","@id":"https:\/\/www.miamibeachfl.gov\/projects\/surface-lot-at-biscayne-beach\/#primaryimage","url":"https:\/\/www.miamibeachfl.gov\/wp-content\/uploads\/2026\/03\/MiamiBeach-FisheyeView-square.jpg","contentUrl":"https:\/\/www.miamibeachfl.gov\/wp-content\/uploads\/2026\/03\/MiamiBeach-FisheyeView-square.jpg","width":500,"height":500,"caption":"Miami Beach aerial view"},{"@type":"BreadcrumbList","@id":"https:\/\/www.miamibeachfl.gov\/projects\/surface-lot-at-biscayne-beach\/#breadcrumb","itemListElement":[{"@type":"ListItem","position":1,"name":"Home","item":"https:\/\/www.miamibeachfl.gov\/"},{"@type":"ListItem","position":2,"name":"Projects","item":"https:\/\/www.miamibeachfl.gov\/projects\/"},{"@type":"ListItem","position":3,"name":"Surface Lot at Biscayne Beach"}]},{"@type":"WebSite","@id":"https:\/\/www.miamibeachfl.gov\/#website","url":"https:\/\/www.miamibeachfl.gov\/","name":"Vil Miami Beach","description":"Sitw\u00e8b ofisy\u00e8l Vil Miami Beach la. Rete enf\u00f2me, jwenn enf\u00f2masyon enp\u00f2tan sou s\u00e8vis vil la, nouv\u00e8l, al\u00e8t, ev\u00e8nman, wout tramway, travay gouv\u00e8nman an ak plis ank\u00f2.","publisher":{"@id":"https:\/\/www.miamibeachfl.gov\/#organization"},"potentialAction":[{"@type":"SearchAction","target":{"@type":"EntryPoint","urlTemplate":"https:\/\/www.miamibeachfl.gov\/?s={search_term_string}"},"query-input":{"@type":"PropertyValueSpecification","valueRequired":true,"valueName":"search_term_string"}}],"inLanguage":"ht"},{"@type":"Organization","@id":"https:\/\/www.miamibeachfl.gov\/#organization","name":"Vil Miami Beach","url":"https:\/\/www.miamibeachfl.gov\/","logo":{"@type":"ImageObject","inLanguage":"ht","@id":"https:\/\/www.miamibeachfl.gov\/#\/schema\/logo\/image\/","url":"https:\/\/www.miamibeachfl.gov\/wp-content\/uploads\/2022\/06\/miamibeach-logoblue.png","contentUrl":"https:\/\/www.miamibeachfl.gov\/wp-content\/uploads\/2022\/06\/miamibeach-logoblue.png","width":1962,"height":381,"caption":"City of Miami Beach"},"image":{"@id":"https:\/\/www.miamibeachfl.gov\/#\/schema\/logo\/image\/"},"sameAs":["https:\/\/www.facebook.com\/cityofmiamibeach","https:\/\/x.com\/Miamibeachnews","https:\/\/www.instagram.com\/miamibeachnews\/"],"description":"Sitw\u00e8b ofisy\u00e8l Vil Miami Beach la. Rete enf\u00f2me, jwenn enf\u00f2masyon enp\u00f2tan sou s\u00e8vis vil la, nouv\u00e8l, al\u00e8t, ev\u00e8nman, wout tramway, travay gouv\u00e8nman an ak plis ank\u00f2.","telephone":"305.604.CITY(2489)","legalName":"City of Miami Beach"}]}},"_links":{"self":[{"href":"https:\/\/www.miamibeachfl.gov\/ht\/wp-json\/wp\/v2\/pages\/70901","targetHints":{"allow":["GET"]}}],"collection":[{"href":"https:\/\/www.miamibeachfl.gov\/ht\/wp-json\/wp\/v2\/pages"}],"about":[{"href":"https:\/\/www.miamibeachfl.gov\/ht\/wp-json\/wp\/v2\/types\/page"}],"author":[{"embeddable":true,"href":"https:\/\/www.miamibeachfl.gov\/ht\/wp-json\/wp\/v2\/users\/222"}],"replies":[{"embeddable":true,"href":"https:\/\/www.miamibeachfl.gov\/ht\/wp-json\/wp\/v2\/comments?post=70901"}],"version-history":[{"count":3,"href":"https:\/\/www.miamibeachfl.gov\/ht\/wp-json\/wp\/v2\/pages\/70901\/revisions"}],"predecessor-version":[{"id":398690,"href":"https:\/\/www.miamibeachfl.gov\/ht\/wp-json\/wp\/v2\/pages\/70901\/revisions\/398690"}],"up":[{"embeddable":true,"href":"https:\/\/www.miamibeachfl.gov\/ht\/wp-json\/wp\/v2\/pages\/397831"}],"wp:featuredmedia":[{"embeddable":true,"href":"https:\/\/www.miamibeachfl.gov\/ht\/wp-json\/wp\/v2\/media\/398126"}],"wp:attachment":[{"href":"https:\/\/www.miamibeachfl.gov\/ht\/wp-json\/wp\/v2\/media?parent=70901"}],"wp:term":[{"taxonomy":"category","embeddable":true,"href":"https:\/\/www.miamibeachfl.gov\/ht\/wp-json\/wp\/v2\/categories?post=70901"},{"taxonomy":"post_tag","embeddable":true,"href":"https:\/\/www.miamibeachfl.gov\/ht\/wp-json\/wp\/v2\/tags?post=70901"}],"curies":[{"name":"wp","href":"https:\/\/api.w.org\/{rel}","templated":true}]}}