{"id":72690,"date":"2018-06-21T13:56:05","date_gmt":"2018-06-21T17:56:05","guid":{"rendered":"http:\/\/www.miamibeachfl.gov\/city-hall\/city-clerk\/election-information\/election-information-archive-2018-to-present\/"},"modified":"2025-12-11T09:40:23","modified_gmt":"2025-12-11T14:40:23","slug":"election-information-archive-2018-to-present","status":"publish","type":"page","link":"https:\/\/www.miamibeachfl.gov\/ht\/city-hall\/city-clerk\/election-information\/election-information-archive-2018-to-present\/","title":{"rendered":"Achiv 2018 rive jodi a"},"content":{"rendered":"<img decoding=\"async\" src=\"https:\/\/www.miamibeachfl.gov\/wp-content\/uploads\/2022\/07\/hero-small.jpg\" alt=\"ocean drive art deco buildings\" itemprop=\"image\" height=\"211\" width=\"2395\" title=\"ewo-piti\" onerror=\"this.style.display='none'\" loading=\"lazy\" \/>\n<h1>\n\t\t\tAchiv 2018 rive jodi a\t<\/h1>\n\t<nav id=\"breadcrumbs\" aria-label=\"Pen griye\"><a href=\"https:\/\/www.miamibeachfl.gov\/ht\/\">Lakay<\/a> &gt; <a href=\"https:\/\/www.miamibeachfl.gov\/ht\/city-hall\/\">Lakou Vil la<\/a> &gt; <a href=\"https:\/\/www.miamibeachfl.gov\/ht\/city-hall\/city-clerk\/\">Grefye Vil la<\/a> &gt; <a href=\"https:\/\/www.miamibeachfl.gov\/ht\/city-hall\/city-clerk\/election-information\/\">Enf\u00f2masyon sou Eleksyon<\/a> &gt; <strong>Achiv 2018 rive jodi a<\/strong><\/nav>\n\t<ul>\n<li><a href=\"https:\/\/www.miamibeachfl.gov\/ht\/city-hall\/city-clerk\/election-information\/november-4-2025-general-and-special-elections\/\">2025 \u2013 4 novanm: Eleksyon jeneral \/ 9 desanm: Dezy\u00e8m tou eleksyon an<\/a><\/li>\n<li><a href=\"https:\/\/www.miamibeachfl.gov\/ht\/city-hall\/city-clerk\/election-information\/south-beach-bid-election\/\">2025 \u2013 1ye mas rive 30 avril: Eleksyon pa lap\u00f2s pou kreyasyon Distri Evalyasyon Espesyal la ki pral rele Distri Amelyorasyon Biznis South Beach la.<\/a><\/li>\n<li><a href=\"http:\/\/www.miamibeachfl.gov\/ht\/city-hall\/city-clerk\/election-information\/lrbid-renewalelection\/\">2024 \u2013 12 novanm rive 16 desanm: Eleksyon pa lap\u00f2s pou renouv\u00e8lman Distri Evalyasyon Espesyal la ke yo rekon\u00e8t k\u00f2m Distri Amelyorasyon Biznis Lincoln Road la<\/a><\/li>\n<li><a href=\"https:\/\/www.miamibeachfl.gov\/ht\/city-hall\/city-clerk\/election-information\/november-5-2024-general-and-special-elections\/\">2024 \u2013 5 novanm: Eleksyon espesyal<\/a><\/li>\n<li><a href=\"https:\/\/www.miamibeachfl.gov\/ht\/city-hall\/city-clerk\/election-information\/august-2024-primary-election\/\">2024 \u2013 20 Out: Eleksyon Prensipal<\/a><\/li>\n<li><a href=\"https:\/\/www.miamibeachfl.gov\/ht\/city-hall\/city-clerk\/election-information\/general-election-2\/\">2023 \u2013 7 novanm: Eleksyon Jeneral \/ 21 novanm: Dezy\u00e8m tou eleksyon an<\/a><\/li>\n<li><a href=\"https:\/\/www.miamibeachfl.gov\/ht\/city-hall\/city-clerk\/2023-41st-st-business-improvement-district\/\">2023 \u2013 5 jen pou rive 27 jen: Eleksyon pa lap\u00f2s pou kreyasyon yon Distri Evalyasyon Espesyal ki pral rele Distri Amelyorasyon Biznis 41y\u00e8m Ri a<\/a><\/li>\n<li><a href=\"https:\/\/www.miamibeachfl.gov\/ht\/city-hall\/city-clerk\/election-information\/special-election-to-fill-vancancy-runoff\/\">2022 \u2013 8 Novanm: Eleksyon Espesyal pou Ranpli yon P\u00f2s Ki Pa Vakant &amp; Eleksyon Espesyal pou Referand\u00f2m \/ 6 Desanm: Dezy\u00e8m Tou Eleksyon pou Ranpli yon P\u00f2s Ki Pa Vakant nan Gwoup II Komisyon Vil la<\/a><\/li>\n<li><a href=\"https:\/\/www.miamibeachfl.gov\/ht\/city-hall\/city-clerk\/election-information\/general-election-2-2\/\">2022 \u2013 23 Out: Eleksyon Espesyal<\/a><\/li>\n<li><a href=\"https:\/\/www.miamibeachfl.gov\/ht\/city-hall\/city-clerk\/election-information\/general-election\/\">2021 \u2013 2 novanm: Eleksyon Jeneral ak Espesyal \/ 16 novanm: Dezy\u00e8m tou eleksyon an<\/a><\/li>\n<li><a href=\"https:\/\/www.miamibeachfl.gov\/ht\/city-hall\/city-clerk\/election-information\/november-3-2020-general-election\/\">2020 \u2013 3 novanm: Eleksyon Jeneral ak Espesyal<\/a><\/li>\n<li><a href=\"https:\/\/www.miamibeachfl.gov\/ht\/city-hall\/city-clerk\/election-information\/august-18-2020-primary-election\/\">2020 \u2013 18 Out: Eleksyon Prensipal<\/a><\/li>\n<li><a href=\"https:\/\/www.miamibeachfl.gov\/ht\/city-hall\/city-clerk\/election-information\/december-17-2019-special-election-allison-island-and-biscayne-beach-only\/\">2019 \u2013 17 Desanm: Eleksyon Espesyal pou Distri Fiskal Espesyal Allison Island ak Biscayne Beach<\/a><\/li>\n<li><a href=\"https:\/\/www.miamibeachfl.gov\/ht\/city-hall\/city-clerk\/election-information\/cmb_election\/\">2019 \u2013 5 novanm: Eleksyon jeneral ak espesyal \/ 19 novanm: Dezy\u00e8m tou eleksyon an<\/a><\/li>\n<li><a href=\"https:\/\/www.miamibeachfl.gov\/ht\/city-hall\/city-clerk\/city-commission-vacancy-group-iv\/\">2019 \u2013 Gwoup P\u00f2s Vakans Komisyon Vil la IV<\/a><\/li>\n<li><a href=\"https:\/\/www.miamibeachfl.gov\/ht\/city-hall\/city-clerk\/election-information\/november-6-2018-special-election\/\">2018 \u2013 6 novanm: Eleksyon Jeneral ak Espesyal<\/a><\/li>\n<li><a href=\"https:\/\/www.miamibeachfl.gov\/ht\/city-hall\/city-clerk\/election-information\/special-election-special-election\/\">2018 \u2013 28 Out: Eleksyon Prim\u00e8 ak Espesyal<\/a><\/li>\n<li><a href=\"https:\/\/www.miamibeachfl.gov\/ht\/city-hall\/city-clerk\/election-information\/mail-ballot-election-washington-ave-bid\/\">2018 \u2013 8 mas rive 20 avril: Eleksyon pa lap\u00f2s pou kreyasyon yon Distri Evalyasyon Espesyal ki pral rele Distri Amelyorasyon Biznis Washington Avenue an.<\/a><\/li>\n<\/ul>\n\t\tNavige pou ale nan\u2026\t\t\t\n\t\t\t\t\t<ul id=\"menu-city-clerk-election-menu\"><li id=\"menu-item-363778\"><a href=\"\/ht\/city-hall\/city-clerk\/election-information\/election-information-archive-2018-to-present\/\">Achiv 2018 rive jodi a<\/a><\/li>\n<li id=\"menu-item-363779\"><a href=\"\/ht\/city-hall\/city-clerk\/election-information\/august-18-2020-primary-election\/\">18 Out 2020: Eleksyon Prensipal<\/a><\/li>\n<li id=\"menu-item-363780\"><a href=\"\/ht\/city-hall\/city-clerk\/election-information\/august-2024-primary-election\/\">Eleksyon Prensipal Out 2024<\/a><\/li>\n<li id=\"menu-item-363781\"><a href=\"\/ht\/city-hall\/city-clerk\/election-information\/general-election-2-2\/\">23 Out 2022: Eleksyon Espesyal<\/a><\/li>\n<li id=\"menu-item-363782\"><a href=\"\/ht\/city-hall\/city-clerk\/election-information\/campaign-finance\/\">Lwa sou Finansman Kanpay<\/a><\/li>\n<li id=\"menu-item-363783\"><a href=\"\/ht\/city-hall\/city-clerk\/election-information\/december-17-2019-special-election-allison-island-and-biscayne-beach-only\/\">Eleksyon Espesyal 17 Desanm 2019<\/a><\/li>\n<li id=\"menu-item-363784\"><a href=\"\/ht\/city-hall\/city-clerk\/election-information\/ecos-registered-with-the-department-of-state\/\">ECO ki anrejistre nan Depatman Deta a<\/a><\/li>\n<li id=\"menu-item-363785\"><a href=\"\/ht\/city-hall\/city-clerk\/election-information\/election-related-resolutions\/\">Rezolisyon ki gen rap\u00f2 ak eleksyon yo<\/a><\/li>\n<li id=\"menu-item-363786\"><a href=\"\/ht\/city-hall\/city-clerk\/election-information\/general-election\/\">Eleksyon Jeneral ak Espesyal \/ Eleksyon Dezy\u00e8m Tou<\/a><\/li>\n<li id=\"menu-item-363787\"><a href=\"\/ht\/city-hall\/city-clerk\/election-information\/general-election-2\/\">Eleksyon Jeneral<\/a><\/li>\n<li id=\"menu-item-363813\"><a href=\"\/ht\/city-hall\/city-clerk\/election-information\/lrbid-renewalelection\/\">Eleksyon Renouv\u00e8lman Distri Amelyorasyon Biznis Lincoln Road la<\/a><\/li>\n<li id=\"menu-item-363814\"><a href=\"\/ht\/city-hall\/city-clerk\/election-information\/mail-ballot-election-for-the-creation-of-a-special-assessment-district-to-be-known-as-the-south-beach-business-improvement-district\/\">Eleksyon pa lap\u00f2s<\/a><\/li>\n<li id=\"menu-item-363788\"><a href=\"\/ht\/city-hall\/city-clerk\/election-information\/march-17-2020-presidential-preference-primary-election\/\">17 mas 2020: Eleksyon Preferansy\u00e8l Prezansy\u00e8l<\/a><\/li>\n<li id=\"menu-item-363789\"><a href=\"\/ht\/city-hall\/city-clerk\/election-information\/most-commonly-used-election-forms\/\">F\u00f2m Eleksyon ki Pi Souvan Itilize yo<\/a><\/li>\n<li id=\"menu-item-363790\"><a href=\"\/ht\/city-hall\/city-clerk\/election-information\/november-3-2020-general-election\/\">3 novanm 2020: Eleksyon Jeneral<\/a><\/li>\n<li id=\"menu-item-363791\"><a href=\"\/ht\/city-hall\/city-clerk\/election-information\/november-4-2025-general-and-special-elections\/\">4 novanm 2025: Eleksyon Jeneral<\/a><\/li>\n<li id=\"menu-item-363792\"><a href=\"\/ht\/city-hall\/city-clerk\/election-information\/november-5-2024-general-and-special-elections\/\">5 novanm 2024: Eleksyon Espesyal<\/a><\/li>\n<li id=\"menu-item-363793\"><a href=\"\/ht\/city-hall\/city-clerk\/election-information\/november-8-2022-special-election-to-fill-vacancy-special-election-for-referendum\/\">8 novanm 2022: Eleksyon espesyal pou ranpli yon plas vid ak Eleksyon espesyal pou referand\u00f2m<\/a><\/li>\n<li id=\"menu-item-363794\"><a href=\"\/ht\/city-hall\/city-clerk\/election-information\/related-resolution\/\">Rezolisyon ki gen rap\u00f2<\/a><\/li>\n<li id=\"menu-item-363795\"><a href=\"\/ht\/city-hall\/city-clerk\/election-information\/related-resolutions-november-5-2024\/\">Rezolisyon ki gen rap\u00f2 ak sij\u00e8 sa a \u2013 5 NOVANM 2024<\/a><\/li>\n<li id=\"menu-item-363796\"><a href=\"\/ht\/city-hall\/city-clerk\/election-information\/related-resolutions-november-7-2023\/\">Rezolisyon ki gen rap\u00f2 ak sij\u00e8 sa a \u2013 7 novanm 2023<\/a><\/li>\n<li id=\"menu-item-363797\"><a href=\"\/ht\/city-hall\/city-clerk\/election-information\/resolutions\/\">Rezolisyon yo<\/a><\/li>\n<li id=\"menu-item-363798\"><a href=\"\/ht\/city-hall\/city-clerk\/election-information\/south-beach-bid-election\/\">Eleksyon Kandida South Beach<\/a><\/li>\n<li id=\"menu-item-363799\"><a href=\"\/ht\/city-hall\/city-clerk\/election-information\/special-election-to-fill-vancancy-runoff\/\">Eleksyon Espesyal pou Ranpli P\u00f2s Vid Dezy\u00e8m Tou<\/a><\/li>\n<\/ul>\t\n\t<div class=\"page-navigation\"><a class=\"prev-page\" href=\"https:\/\/www.miamibeachfl.gov\/ht\/city-hall\/city-clerk\/election-information\/special-election-special-election\/\">\u2190 28 Out 2018 - Eleksyon Espesyal<\/a> <a class=\"next-page\" href=\"https:\/\/www.miamibeachfl.gov\/ht\/city-hall\/city-clerk\/election-information\/related-resolutions\/\">Rezolisyon ki gen rap\u00f2 \u2192<\/a><\/div>","protected":false},"excerpt":{"rendered":"<p>Achiv 2018 rive jodi a Ak\u00e8y &gt; Lakou Minisipal &gt; Sekret\u00e8 Minisipal &gt; Enf\u00f2masyon sou Eleksyon &gt; Achiv 2018 rive jodi a 2025 [\u2026]<\/p>","protected":false},"author":222,"featured_media":0,"parent":28358,"menu_order":123,"comment_status":"closed","ping_status":"closed","template":"","meta":{"_searchwp_excluded":"","site-sidebar-layout":"default","site-content-layout":"","ast-site-content-layout":"default","site-content-style":"default","site-sidebar-style":"default","ast-global-header-display":"","ast-banner-title-visibility":"","ast-main-header-display":"","ast-hfb-above-header-display":"","ast-hfb-below-header-display":"","ast-hfb-mobile-header-display":"","site-post-title":"","ast-breadcrumbs-content":"","ast-featured-img":"","footer-sml-layout":"","theme-transparent-header-meta":"","adv-header-id-meta":"","stick-header-meta":"","header-above-stick-meta":"","header-main-stick-meta":"","header-below-stick-meta":"","astra-migrate-meta-layouts":"default","ast-page-background-enabled":"default","ast-page-background-meta":{"desktop":{"background-color":"var(--ast-global-color-5)","background-image":"","background-repeat":"repeat","background-position":"center center","background-size":"auto","background-attachment":"scroll","background-type":"","background-media":"","overlay-type":"","overlay-color":"","overlay-opacity":"","overlay-gradient":""},"tablet":{"background-color":"","background-image":"","background-repeat":"repeat","background-position":"center center","background-size":"auto","background-attachment":"scroll","background-type":"","background-media":"","overlay-type":"","overlay-color":"","overlay-opacity":"","overlay-gradient":""},"mobile":{"background-color":"","background-image":"","background-repeat":"repeat","background-position":"center center","background-size":"auto","background-attachment":"scroll","background-type":"","background-media":"","overlay-type":"","overlay-color":"","overlay-opacity":"","overlay-gradient":""}},"ast-content-background-meta":{"desktop":{"background-color":"var(--ast-global-color-4)","background-image":"","background-repeat":"repeat","background-position":"center center","background-size":"auto","background-attachment":"scroll","background-type":"","background-media":"","overlay-type":"","overlay-color":"","overlay-opacity":"","overlay-gradient":""},"tablet":{"background-color":"var(--ast-global-color-4)","background-image":"","background-repeat":"repeat","background-position":"center center","background-size":"auto","background-attachment":"scroll","background-type":"","background-media":"","overlay-type":"","overlay-color":"","overlay-opacity":"","overlay-gradient":""},"mobile":{"background-color":"var(--ast-global-color-4)","background-image":"","background-repeat":"repeat","background-position":"center center","background-size":"auto","background-attachment":"scroll","background-type":"","background-media":"","overlay-type":"","overlay-color":"","overlay-opacity":"","overlay-gradient":""}},"footnotes":""},"categories":[],"tags":[],"class_list":["post-72690","page","type-page","status-publish","hentry"],"yoast_head":"<!-- This site is optimized with the Yoast SEO Premium plugin v26.6 (Yoast SEO v26.6) - https:\/\/yoast.com\/wordpress\/plugins\/seo\/ -->\n<title>Archive 2018 to Present - City of Miami Beach<\/title>\n<meta name=\"description\" content=\"%\" \/>\n<meta name=\"robots\" content=\"index, follow, max-snippet:-1, max-image-preview:large, max-video-preview:-1\" \/>\n<link rel=\"canonical\" href=\"https:\/\/www.miamibeachfl.gov\/ht\/city-hall\/city-clerk\/election-information\/election-information-archive-2018-to-present\/\" \/>\n<meta property=\"og:locale\" content=\"ht_HT\" \/>\n<meta property=\"og:type\" content=\"article\" \/>\n<meta property=\"og:title\" content=\"Archive 2018 to Present\" \/>\n<meta property=\"og:description\" content=\"%\" \/>\n<meta property=\"og:url\" content=\"https:\/\/www.miamibeachfl.gov\/ht\/city-hall\/city-clerk\/election-information\/election-information-archive-2018-to-present\/\" \/>\n<meta property=\"og:site_name\" content=\"City of Miami Beach\" \/>\n<meta property=\"article:publisher\" content=\"https:\/\/www.facebook.com\/cityofmiamibeach\" \/>\n<meta property=\"article:modified_time\" content=\"2025-12-11T14:40:23+00:00\" \/>\n<meta property=\"og:image\" content=\"https:\/\/www.miamibeachfl.gov\/wp-content\/uploads\/2022\/07\/hero-small.jpg\" \/>\n<meta name=\"twitter:card\" content=\"summary_large_image\" \/>\n<meta name=\"twitter:site\" content=\"@Miamibeachnews\" \/>\n<script type=\"application\/ld+json\" class=\"yoast-schema-graph\">{\"@context\":\"https:\/\/schema.org\",\"@graph\":[{\"@type\":\"WebPage\",\"@id\":\"https:\/\/www.miamibeachfl.gov\/city-hall\/city-clerk\/election-information\/election-information-archive-2018-to-present\/\",\"url\":\"https:\/\/www.miamibeachfl.gov\/city-hall\/city-clerk\/election-information\/election-information-archive-2018-to-present\/\",\"name\":\"Archive 2018 to Present - City of Miami Beach\",\"isPartOf\":{\"@id\":\"https:\/\/www.miamibeachfl.gov\/#website\"},\"primaryImageOfPage\":{\"@id\":\"https:\/\/www.miamibeachfl.gov\/city-hall\/city-clerk\/election-information\/election-information-archive-2018-to-present\/#primaryimage\"},\"image\":{\"@id\":\"https:\/\/www.miamibeachfl.gov\/city-hall\/city-clerk\/election-information\/election-information-archive-2018-to-present\/#primaryimage\"},\"thumbnailUrl\":\"https:\/\/www.miamibeachfl.gov\/wp-content\/uploads\/2022\/07\/hero-small.jpg\",\"datePublished\":\"2018-06-21T17:56:05+00:00\",\"dateModified\":\"2025-12-11T14:40:23+00:00\",\"description\":\"%\",\"breadcrumb\":{\"@id\":\"https:\/\/www.miamibeachfl.gov\/city-hall\/city-clerk\/election-information\/election-information-archive-2018-to-present\/#breadcrumb\"},\"inLanguage\":\"ht\",\"potentialAction\":[{\"@type\":\"ReadAction\",\"target\":[\"https:\/\/www.miamibeachfl.gov\/city-hall\/city-clerk\/election-information\/election-information-archive-2018-to-present\/\"]}]},{\"@type\":\"ImageObject\",\"inLanguage\":\"ht\",\"@id\":\"https:\/\/www.miamibeachfl.gov\/city-hall\/city-clerk\/election-information\/election-information-archive-2018-to-present\/#primaryimage\",\"url\":\"https:\/\/www.miamibeachfl.gov\/wp-content\/uploads\/2022\/07\/hero-small.jpg\",\"contentUrl\":\"https:\/\/www.miamibeachfl.gov\/wp-content\/uploads\/2022\/07\/hero-small.jpg\"},{\"@type\":\"BreadcrumbList\",\"@id\":\"https:\/\/www.miamibeachfl.gov\/city-hall\/city-clerk\/election-information\/election-information-archive-2018-to-present\/#breadcrumb\",\"itemListElement\":[{\"@type\":\"ListItem\",\"position\":1,\"name\":\"Home\",\"item\":\"https:\/\/www.miamibeachfl.gov\/\"},{\"@type\":\"ListItem\",\"position\":2,\"name\":\"City Hall\",\"item\":\"https:\/\/www.miamibeachfl.gov\/city-hall\/\"},{\"@type\":\"ListItem\",\"position\":3,\"name\":\"City Clerk\",\"item\":\"https:\/\/www.miamibeachfl.gov\/city-hall\/city-clerk\/\"},{\"@type\":\"ListItem\",\"position\":4,\"name\":\"Election Information\",\"item\":\"https:\/\/www.miamibeachfl.gov\/city-hall\/city-clerk\/election-information\/\"},{\"@type\":\"ListItem\",\"position\":5,\"name\":\"Archive 2018 to Present\"}]},{\"@type\":\"WebSite\",\"@id\":\"https:\/\/www.miamibeachfl.gov\/#website\",\"url\":\"https:\/\/www.miamibeachfl.gov\/\",\"name\":\"City of Miami Beach\",\"description\":\"The official website of the City of Miami Beach. Stay informed, find important information on city services, news, alerts, events, trolley routes, government employment and more.\",\"publisher\":{\"@id\":\"https:\/\/www.miamibeachfl.gov\/#organization\"},\"potentialAction\":[{\"@type\":\"SearchAction\",\"target\":{\"@type\":\"EntryPoint\",\"urlTemplate\":\"https:\/\/www.miamibeachfl.gov\/?s={search_term_string}\"},\"query-input\":{\"@type\":\"PropertyValueSpecification\",\"valueRequired\":true,\"valueName\":\"search_term_string\"}}],\"inLanguage\":\"ht\"},{\"@type\":\"Organization\",\"@id\":\"https:\/\/www.miamibeachfl.gov\/#organization\",\"name\":\"City of Miami Beach\",\"url\":\"https:\/\/www.miamibeachfl.gov\/\",\"logo\":{\"@type\":\"ImageObject\",\"inLanguage\":\"ht\",\"@id\":\"https:\/\/www.miamibeachfl.gov\/#\/schema\/logo\/image\/\",\"url\":\"https:\/\/www.miamibeachfl.gov\/wp-content\/uploads\/2022\/06\/miamibeach-logoblue.png\",\"contentUrl\":\"https:\/\/www.miamibeachfl.gov\/wp-content\/uploads\/2022\/06\/miamibeach-logoblue.png\",\"width\":1962,\"height\":381,\"caption\":\"City of Miami Beach\"},\"image\":{\"@id\":\"https:\/\/www.miamibeachfl.gov\/#\/schema\/logo\/image\/\"},\"sameAs\":[\"https:\/\/www.facebook.com\/cityofmiamibeach\",\"https:\/\/x.com\/Miamibeachnews\",\"https:\/\/www.instagram.com\/miamibeachnews\/\"],\"description\":\"The official website of the City of Miami Beach. Stay informed, find important information on city services, news, alerts, events, trolley routes, government employment and more.\",\"telephone\":\"305.604.CITY(2489)\",\"legalName\":\"City of Miami Beach\"}]}<\/script>\n<!-- \/ Yoast SEO Premium plugin. -->","yoast_head_json":{"title":"Achiv 2018 rive jodi a - Vil Miami Beach","description":"%","robots":{"index":"index","follow":"follow","max-snippet":"max-snippet:-1","max-image-preview":"max-image-preview:large","max-video-preview":"max-video-preview:-1"},"canonical":"https:\/\/www.miamibeachfl.gov\/ht\/city-hall\/city-clerk\/election-information\/election-information-archive-2018-to-present\/","og_locale":"ht_HT","og_type":"article","og_title":"Archive 2018 to Present","og_description":"%","og_url":"https:\/\/www.miamibeachfl.gov\/ht\/city-hall\/city-clerk\/election-information\/election-information-archive-2018-to-present\/","og_site_name":"City of Miami Beach","article_publisher":"https:\/\/www.facebook.com\/cityofmiamibeach","article_modified_time":"2025-12-11T14:40:23+00:00","og_image":[{"url":"https:\/\/www.miamibeachfl.gov\/wp-content\/uploads\/2022\/07\/hero-small.jpg","type":"","width":"","height":""}],"twitter_card":"summary_large_image","twitter_site":"@Miamibeachnews","schema":{"@context":"https:\/\/schema.org","@graph":[{"@type":"WebPage","@id":"https:\/\/www.miamibeachfl.gov\/city-hall\/city-clerk\/election-information\/election-information-archive-2018-to-present\/","url":"https:\/\/www.miamibeachfl.gov\/city-hall\/city-clerk\/election-information\/election-information-archive-2018-to-present\/","name":"Achiv 2018 rive jodi a - Vil Miami Beach","isPartOf":{"@id":"https:\/\/www.miamibeachfl.gov\/#website"},"primaryImageOfPage":{"@id":"https:\/\/www.miamibeachfl.gov\/city-hall\/city-clerk\/election-information\/election-information-archive-2018-to-present\/#primaryimage"},"image":{"@id":"https:\/\/www.miamibeachfl.gov\/city-hall\/city-clerk\/election-information\/election-information-archive-2018-to-present\/#primaryimage"},"thumbnailUrl":"https:\/\/www.miamibeachfl.gov\/wp-content\/uploads\/2022\/07\/hero-small.jpg","datePublished":"2018-06-21T17:56:05+00:00","dateModified":"2025-12-11T14:40:23+00:00","description":"%","breadcrumb":{"@id":"https:\/\/www.miamibeachfl.gov\/city-hall\/city-clerk\/election-information\/election-information-archive-2018-to-present\/#breadcrumb"},"inLanguage":"ht","potentialAction":[{"@type":"ReadAction","target":["https:\/\/www.miamibeachfl.gov\/city-hall\/city-clerk\/election-information\/election-information-archive-2018-to-present\/"]}]},{"@type":"ImageObject","inLanguage":"ht","@id":"https:\/\/www.miamibeachfl.gov\/city-hall\/city-clerk\/election-information\/election-information-archive-2018-to-present\/#primaryimage","url":"https:\/\/www.miamibeachfl.gov\/wp-content\/uploads\/2022\/07\/hero-small.jpg","contentUrl":"https:\/\/www.miamibeachfl.gov\/wp-content\/uploads\/2022\/07\/hero-small.jpg"},{"@type":"BreadcrumbList","@id":"https:\/\/www.miamibeachfl.gov\/city-hall\/city-clerk\/election-information\/election-information-archive-2018-to-present\/#breadcrumb","itemListElement":[{"@type":"ListItem","position":1,"name":"Home","item":"https:\/\/www.miamibeachfl.gov\/"},{"@type":"ListItem","position":2,"name":"City Hall","item":"https:\/\/www.miamibeachfl.gov\/city-hall\/"},{"@type":"ListItem","position":3,"name":"City Clerk","item":"https:\/\/www.miamibeachfl.gov\/city-hall\/city-clerk\/"},{"@type":"ListItem","position":4,"name":"Election Information","item":"https:\/\/www.miamibeachfl.gov\/city-hall\/city-clerk\/election-information\/"},{"@type":"ListItem","position":5,"name":"Archive 2018 to Present"}]},{"@type":"WebSite","@id":"https:\/\/www.miamibeachfl.gov\/#website","url":"https:\/\/www.miamibeachfl.gov\/","name":"Vil Miami Beach","description":"Sitw\u00e8b ofisy\u00e8l Vil Miami Beach la. Rete enf\u00f2me, jwenn enf\u00f2masyon enp\u00f2tan sou s\u00e8vis vil la, nouv\u00e8l, al\u00e8t, ev\u00e8nman, wout tramway, travay gouv\u00e8nman an ak plis ank\u00f2.","publisher":{"@id":"https:\/\/www.miamibeachfl.gov\/#organization"},"potentialAction":[{"@type":"SearchAction","target":{"@type":"EntryPoint","urlTemplate":"https:\/\/www.miamibeachfl.gov\/?s={search_term_string}"},"query-input":{"@type":"PropertyValueSpecification","valueRequired":true,"valueName":"search_term_string"}}],"inLanguage":"ht"},{"@type":"Organization","@id":"https:\/\/www.miamibeachfl.gov\/#organization","name":"Vil Miami Beach","url":"https:\/\/www.miamibeachfl.gov\/","logo":{"@type":"ImageObject","inLanguage":"ht","@id":"https:\/\/www.miamibeachfl.gov\/#\/schema\/logo\/image\/","url":"https:\/\/www.miamibeachfl.gov\/wp-content\/uploads\/2022\/06\/miamibeach-logoblue.png","contentUrl":"https:\/\/www.miamibeachfl.gov\/wp-content\/uploads\/2022\/06\/miamibeach-logoblue.png","width":1962,"height":381,"caption":"City of Miami Beach"},"image":{"@id":"https:\/\/www.miamibeachfl.gov\/#\/schema\/logo\/image\/"},"sameAs":["https:\/\/www.facebook.com\/cityofmiamibeach","https:\/\/x.com\/Miamibeachnews","https:\/\/www.instagram.com\/miamibeachnews\/"],"description":"Sitw\u00e8b ofisy\u00e8l Vil Miami Beach la. Rete enf\u00f2me, jwenn enf\u00f2masyon enp\u00f2tan sou s\u00e8vis vil la, nouv\u00e8l, al\u00e8t, ev\u00e8nman, wout tramway, travay gouv\u00e8nman an ak plis ank\u00f2.","telephone":"305.604.CITY(2489)","legalName":"City of Miami Beach"}]}},"_links":{"self":[{"href":"https:\/\/www.miamibeachfl.gov\/ht\/wp-json\/wp\/v2\/pages\/72690","targetHints":{"allow":["GET"]}}],"collection":[{"href":"https:\/\/www.miamibeachfl.gov\/ht\/wp-json\/wp\/v2\/pages"}],"about":[{"href":"https:\/\/www.miamibeachfl.gov\/ht\/wp-json\/wp\/v2\/types\/page"}],"author":[{"embeddable":true,"href":"https:\/\/www.miamibeachfl.gov\/ht\/wp-json\/wp\/v2\/users\/222"}],"replies":[{"embeddable":true,"href":"https:\/\/www.miamibeachfl.gov\/ht\/wp-json\/wp\/v2\/comments?post=72690"}],"version-history":[{"count":0,"href":"https:\/\/www.miamibeachfl.gov\/ht\/wp-json\/wp\/v2\/pages\/72690\/revisions"}],"up":[{"embeddable":true,"href":"https:\/\/www.miamibeachfl.gov\/ht\/wp-json\/wp\/v2\/pages\/28358"}],"wp:attachment":[{"href":"https:\/\/www.miamibeachfl.gov\/ht\/wp-json\/wp\/v2\/media?parent=72690"}],"wp:term":[{"taxonomy":"category","embeddable":true,"href":"https:\/\/www.miamibeachfl.gov\/ht\/wp-json\/wp\/v2\/categories?post=72690"},{"taxonomy":"post_tag","embeddable":true,"href":"https:\/\/www.miamibeachfl.gov\/ht\/wp-json\/wp\/v2\/tags?post=72690"}],"curies":[{"name":"wp","href":"https:\/\/api.w.org\/{rel}","templated":true}]}}