{"id":72977,"date":"2018-06-26T14:52:52","date_gmt":"2018-06-26T18:52:52","guid":{"rendered":"http:\/\/www.miamibeachfl.gov\/city-hall\/city-clerk\/election-information\/related-resolutions\/"},"modified":"2025-02-23T14:52:33","modified_gmt":"2025-02-23T19:52:33","slug":"related-resolutions","status":"publish","type":"page","link":"https:\/\/www.miamibeachfl.gov\/ht\/city-hall\/city-clerk\/election-information\/related-resolutions\/","title":{"rendered":"Rezolisyon ki gen rap\u00f2"},"content":{"rendered":"<img loading=\"lazy\" decoding=\"async\" src=\"https:\/\/www.miamibeachfl.gov\/wp-content\/uploads\/2022\/07\/hero-small.jpg\" alt=\"ocean drive art deco buildings\" itemprop=\"image\" height=\"211\" width=\"2395\" title=\"ewo-piti\" onerror=\"this.style.display='none'\"  \/>\n<h1>\n\t\tRezolisyon ki gen rap\u00f2\n\t<\/h1>\n\t<nav id=\"breadcrumbs\" aria-label=\"Pen griye\"><a href=\"https:\/\/www.miamibeachfl.gov\/ht\/\">Lakay<\/a> &gt; <a href=\"https:\/\/www.miamibeachfl.gov\/ht\/city-hall\/\">Lakou Vil la<\/a> &gt; <a href=\"https:\/\/www.miamibeachfl.gov\/ht\/city-hall\/city-clerk\/\">Grefye Vil la<\/a> &gt; <a href=\"https:\/\/www.miamibeachfl.gov\/ht\/city-hall\/city-clerk\/election-information\/\">Enf\u00f2masyon sou Eleksyon<\/a> &gt; <strong>Rezolisyon ki gen rap\u00f2<\/strong><\/nav>\n\t<ul>\n<li><a href=\"http:\/\/www.miamibeachfl.gov\/wp-content\/uploads\/2018\/10\/Resolution-2018-30455.pdf\">Rezolisyon nimewo 2018-30455<\/a><br \/>\nYon Rezolisyon Majistra a ak Komisyon Minisipal Vil Miami Beach, Florid, ki adopte s\u00e8tifikasyon Komisyon Kanpay V\u00f2t Konte Miami-Dade pou Eleksyon Espesyal 28 Out 2018 la pou Vil Miami Beach, epi ki deklare rezilta yo.<\/li>\n<li><a href=\"http:\/\/docmgmt.miamibeachfl.gov\/weblink\/DocView.aspx?dbid=0&amp;id=235053&amp;page=1&amp;cr=1\">Rezolisyon nimewo 2018-30353<\/a><br \/>\nYon Rezolisyon Majistra a ak Komisyon Vil Miami Beach, Florid, ki mande yon eleksyon espesyal pou 28 Out 2018, pou soum\u00e8t bay elektora Vil Miami Beach, Florid, yon kesyon bilten v\u00f2t pou mande si Seksyon 2.02 Konstitisyon Vil la ta dwe modifye pou prevwa ke konpansasyon any\u00e8l ki te etabli an 1966 pou Majistra a ak Komisyon\u00e8 yo chanje soti nan $10,000 pou rive nan $75,636 pou Majistra a, epi $6,000 pou rive nan $45,381 pou Komisyon\u00e8 yo, respektivman, epi ke Komisyon Vil la ka endekse chak ane pou enflasyon, nan yon odyans piblik avize, l\u00e8 l s\u00e8vi av\u00e8k endis pri konsomat\u00e8 a, ki pibliye pa Depatman Travay Etazini an, nan yon montan ki pa depase twa (3) pousan, pa ane.<\/li>\n<li><a href=\"http:\/\/docmgmt.miamibeachfl.gov\/weblink\/0\/doc\/235054\/Page1.aspx\">Rezolisyon nimewo 2018-30352<\/a><br \/>\nYon Rezolisyon Majistra a ak Komisyon Minisipal Vil Miami Beach, Florid, ki mande yon eleksyon espesyal nan dat 28 Out 2018, pou soum\u00e8t bay elektora Vil Miami Beach, Florid, yon kesyon bilten v\u00f2t pou mande si Seksyon 2 Lwa Espesyal ki gen rap\u00f2 ak yo, ki gen tit &quot;Nonmen, konpozisyon ak devwa Komisyon Ajisteman an,&quot; ta dwe modifye pou prevwa ke de nan manm Komisyon Ajisteman an dwe sitwayen an jeneral, epi senk l\u00f2t manm yo dwe reprezante chak youn nan pwofesyon ki tabli nan Seksyon 2 Lwa Espesyal ki gen rap\u00f2 ak yo.<\/li>\n<li><a href=\"http:\/\/docmgmt.miamibeachfl.gov\/weblink\/0\/doc\/235983\/Page1.aspx\">Rezolisyon nimewo 2018-30361<\/a><br \/>\nYon Rezolisyon Majistra a ak Komisyon Minisipal Vil Miami Beach, Florid, ki Rekon\u00e8t epi Apwouve V\u00f2t Antisipe pou Eleksyon Espesyal Vil Miami Beach 28 Out 2018 la.<\/li>\n<li><a href=\"http:\/\/docmgmt.miamibeachfl.gov\/weblink\/0\/doc\/235981\/Page1.aspx\">Rezolisyon nimewo 2018-30362<\/a><br \/>\nYon Rezolisyon Majistra a ak Komisyon Minisipal Vil Miami Beach, Florid, ki otorize Komisyon Kandida Konte Miami-Dade pou Eleksyon Prensipal 28 Out 2018 la pou s\u00e8vi k\u00f2m Komisyon Kandida pou Eleksyon Espesyal Vil Miami Beach ki pral f\u00e8t 28 Out 2018 la.<\/li>\n<li><a href=\"http:\/\/docmgmt.miamibeachfl.gov\/weblink\/0\/doc\/235982\/Page1.aspx\">Rezolisyon nimewo 2018-30363<\/a><br \/>\nYon Rezolisyon Majistra a ak Komisyon Minisipal Vil Miami Beach, Florid, ki Apwouve Finansman ak yon Depans nan yon Montan ki pa dwe depase $22,000.00 pou Objektif Piblik pou Enf\u00f2me ak Edike Vot\u00e8 Vil Miami Beach Kons\u00e8nan Kesyon Bilten V\u00f2t yo nan Eleksyon Espesyal Vil la nan dat 28 Out 2018 la, ki pral f\u00e8t an konjonksyon av\u00e8k Eleksyon Prensipal la, pou kapab reyalize yon V\u00f2t Elektoral ki pi Enf\u00f2me.<\/li>\n<\/ul>\n\t\tNavige pou ale nan\u2026\t\t\t\n\t\t\t\t\t<ul id=\"menu-city-clerk-election-menu\"><li id=\"menu-item-363778\"><a href=\"https:\/\/www.miamibeachfl.gov\/ht\/city-hall\/city-clerk\/election-information\/election-information-archive-2018-to-present\/\">Achiv 2018 rive jodi a<\/a><\/li>\n<li id=\"menu-item-363779\"><a href=\"https:\/\/www.miamibeachfl.gov\/ht\/city-hall\/city-clerk\/election-information\/august-18-2020-primary-election\/\">18 Out 2020: Eleksyon Prensipal<\/a><\/li>\n<li id=\"menu-item-363780\"><a href=\"https:\/\/www.miamibeachfl.gov\/ht\/city-hall\/city-clerk\/election-information\/august-2024-primary-election\/\">Eleksyon Prensipal Out 2024<\/a><\/li>\n<li id=\"menu-item-363781\"><a href=\"https:\/\/www.miamibeachfl.gov\/ht\/city-hall\/city-clerk\/election-information\/general-election-2-2\/\">23 Out 2022: Eleksyon Espesyal<\/a><\/li>\n<li id=\"menu-item-363782\"><a href=\"https:\/\/www.miamibeachfl.gov\/ht\/city-hall\/city-clerk\/election-information\/campaign-finance\/\">Lwa sou Finansman Kanpay<\/a><\/li>\n<li id=\"menu-item-363783\"><a href=\"https:\/\/www.miamibeachfl.gov\/ht\/city-hall\/city-clerk\/election-information\/december-17-2019-special-election-allison-island-and-biscayne-beach-only\/\">Eleksyon Espesyal 17 Desanm 2019<\/a><\/li>\n<li id=\"menu-item-363784\"><a href=\"https:\/\/www.miamibeachfl.gov\/ht\/city-hall\/city-clerk\/election-information\/ecos-registered-with-the-department-of-state\/\">ECO ki anrejistre nan Depatman Deta a<\/a><\/li>\n<li id=\"menu-item-363785\"><a href=\"https:\/\/www.miamibeachfl.gov\/ht\/city-hall\/city-clerk\/election-information\/election-related-resolutions\/\">Rezolisyon ki gen rap\u00f2 ak eleksyon yo<\/a><\/li>\n<li id=\"menu-item-363786\"><a href=\"https:\/\/www.miamibeachfl.gov\/ht\/city-hall\/city-clerk\/election-information\/general-election\/\">Eleksyon Jeneral ak Espesyal \/ Eleksyon Dezy\u00e8m Tou<\/a><\/li>\n<li id=\"menu-item-363787\"><a href=\"https:\/\/www.miamibeachfl.gov\/ht\/city-hall\/city-clerk\/election-information\/general-election-2\/\">Eleksyon Jeneral<\/a><\/li>\n<li id=\"menu-item-363813\"><a href=\"https:\/\/www.miamibeachfl.gov\/ht\/city-hall\/city-clerk\/election-information\/lrbid-renewalelection\/\">Eleksyon Renouv\u00e8lman Distri Amelyorasyon Biznis Lincoln Road la<\/a><\/li>\n<li id=\"menu-item-363814\"><a href=\"https:\/\/www.miamibeachfl.gov\/ht\/city-hall\/city-clerk\/election-information\/mail-ballot-election-for-the-creation-of-a-special-assessment-district-to-be-known-as-the-south-beach-business-improvement-district\/\">Eleksyon pa lap\u00f2s<\/a><\/li>\n<li id=\"menu-item-363788\"><a href=\"https:\/\/www.miamibeachfl.gov\/ht\/city-hall\/city-clerk\/election-information\/march-17-2020-presidential-preference-primary-election\/\">17 mas 2020: Eleksyon Preferansy\u00e8l Prezansy\u00e8l<\/a><\/li>\n<li id=\"menu-item-363789\"><a href=\"https:\/\/www.miamibeachfl.gov\/ht\/city-hall\/city-clerk\/election-information\/most-commonly-used-election-forms\/\">F\u00f2m Eleksyon ki Pi Souvan Itilize yo<\/a><\/li>\n<li id=\"menu-item-363790\"><a href=\"https:\/\/www.miamibeachfl.gov\/ht\/city-hall\/city-clerk\/election-information\/november-3-2020-general-election\/\">3 novanm 2020: Eleksyon Jeneral<\/a><\/li>\n<li id=\"menu-item-363791\"><a href=\"https:\/\/www.miamibeachfl.gov\/ht\/city-hall\/city-clerk\/election-information\/november-4-2025-general-and-special-elections\/\">4 novanm 2025: Eleksyon Jeneral<\/a><\/li>\n<li id=\"menu-item-363792\"><a href=\"https:\/\/www.miamibeachfl.gov\/ht\/city-hall\/city-clerk\/election-information\/november-5-2024-general-and-special-elections\/\">5 novanm 2024: Eleksyon Espesyal<\/a><\/li>\n<li id=\"menu-item-363793\"><a href=\"https:\/\/www.miamibeachfl.gov\/ht\/city-hall\/city-clerk\/election-information\/november-8-2022-special-election-to-fill-vacancy-special-election-for-referendum\/\">8 novanm 2022: Eleksyon espesyal pou ranpli yon plas vid ak Eleksyon espesyal pou referand\u00f2m<\/a><\/li>\n<li id=\"menu-item-363794\"><a href=\"https:\/\/www.miamibeachfl.gov\/ht\/city-hall\/city-clerk\/election-information\/related-resolution\/\">Rezolisyon ki gen rap\u00f2<\/a><\/li>\n<li id=\"menu-item-363795\"><a href=\"https:\/\/www.miamibeachfl.gov\/ht\/city-hall\/city-clerk\/election-information\/related-resolutions-november-5-2024\/\">Rezolisyon ki gen rap\u00f2 ak sij\u00e8 sa a \u2013 5 NOVANM 2024<\/a><\/li>\n<li id=\"menu-item-363796\"><a href=\"https:\/\/www.miamibeachfl.gov\/ht\/city-hall\/city-clerk\/election-information\/related-resolutions-november-7-2023\/\">Rezolisyon ki gen rap\u00f2 ak sij\u00e8 sa a \u2013 7 novanm 2023<\/a><\/li>\n<li id=\"menu-item-363797\"><a href=\"https:\/\/www.miamibeachfl.gov\/ht\/city-hall\/city-clerk\/election-information\/resolutions\/\">Rezolisyon yo<\/a><\/li>\n<li id=\"menu-item-363798\"><a href=\"https:\/\/www.miamibeachfl.gov\/ht\/city-hall\/city-clerk\/election-information\/south-beach-bid-election\/\">Eleksyon Kandida South Beach<\/a><\/li>\n<li id=\"menu-item-363799\"><a href=\"https:\/\/www.miamibeachfl.gov\/ht\/city-hall\/city-clerk\/election-information\/special-election-to-fill-vancancy-runoff\/\">Eleksyon Espesyal pou Ranpli P\u00f2s Vid Dezy\u00e8m Tou<\/a><\/li>\n<\/ul>\t\n\t<div class=\"page-navigation\"><a class=\"prev-page\" href=\"https:\/\/www.miamibeachfl.gov\/ht\/city-hall\/city-clerk\/election-information\/election-information-archive-2018-to-present\/\">\u2190 Achiv 2018 rive jodi a<\/a> <a class=\"next-page\" href=\"https:\/\/www.miamibeachfl.gov\/ht\/city-hall\/city-clerk\/election-information\/november-6-2018-special-election\/\">6 novanm 2018 - Eleksyon Espesyal \u2192<\/a><\/div>","protected":false},"excerpt":{"rendered":"<p>Related Resolutions Home &gt; City Hall &gt; City Clerk &gt; Election Information &gt; Related Resolutions Resolution No. 2018-30455 A Resolution [&hellip;]<\/p>\n","protected":false},"author":222,"featured_media":0,"parent":28358,"menu_order":123,"comment_status":"closed","ping_status":"closed","template":"page-blank.php","meta":{"_searchwp_excluded":"","site-sidebar-layout":"default","site-content-layout":"","ast-site-content-layout":"default","site-content-style":"default","site-sidebar-style":"default","ast-global-header-display":"","ast-banner-title-visibility":"","ast-main-header-display":"","ast-hfb-above-header-display":"","ast-hfb-below-header-display":"","ast-hfb-mobile-header-display":"","site-post-title":"","ast-breadcrumbs-content":"","ast-featured-img":"","footer-sml-layout":"","theme-transparent-header-meta":"","adv-header-id-meta":"","stick-header-meta":"","header-above-stick-meta":"","header-main-stick-meta":"","header-below-stick-meta":"","astra-migrate-meta-layouts":"default","ast-page-background-enabled":"default","ast-page-background-meta":{"desktop":{"background-color":"var(--ast-global-color-5)","background-image":"","background-repeat":"repeat","background-position":"center center","background-size":"auto","background-attachment":"scroll","background-type":"","background-media":"","overlay-type":"","overlay-color":"","overlay-opacity":"","overlay-gradient":""},"tablet":{"background-color":"","background-image":"","background-repeat":"repeat","background-position":"center center","background-size":"auto","background-attachment":"scroll","background-type":"","background-media":"","overlay-type":"","overlay-color":"","overlay-opacity":"","overlay-gradient":""},"mobile":{"background-color":"","background-image":"","background-repeat":"repeat","background-position":"center center","background-size":"auto","background-attachment":"scroll","background-type":"","background-media":"","overlay-type":"","overlay-color":"","overlay-opacity":"","overlay-gradient":""}},"ast-content-background-meta":{"desktop":{"background-color":"var(--ast-global-color-4)","background-image":"","background-repeat":"repeat","background-position":"center center","background-size":"auto","background-attachment":"scroll","background-type":"","background-media":"","overlay-type":"","overlay-color":"","overlay-opacity":"","overlay-gradient":""},"tablet":{"background-color":"var(--ast-global-color-4)","background-image":"","background-repeat":"repeat","background-position":"center center","background-size":"auto","background-attachment":"scroll","background-type":"","background-media":"","overlay-type":"","overlay-color":"","overlay-opacity":"","overlay-gradient":""},"mobile":{"background-color":"var(--ast-global-color-4)","background-image":"","background-repeat":"repeat","background-position":"center center","background-size":"auto","background-attachment":"scroll","background-type":"","background-media":"","overlay-type":"","overlay-color":"","overlay-opacity":"","overlay-gradient":""}},"footnotes":""},"categories":[],"tags":[],"class_list":["post-72977","page","type-page","status-publish","hentry"],"yoast_head":"<!-- This site is optimized with the Yoast SEO Premium plugin v26.6 (Yoast SEO v26.6) - https:\/\/yoast.com\/wordpress\/plugins\/seo\/ -->\n<title>Related Resolutions - City of Miami Beach<\/title>\n<meta name=\"description\" content=\"%\" \/>\n<meta name=\"robots\" content=\"index, follow, max-snippet:-1, max-image-preview:large, max-video-preview:-1\" \/>\n<link rel=\"canonical\" href=\"https:\/\/www.miamibeachfl.gov\/ht\/city-hall\/city-clerk\/election-information\/related-resolutions\/\" \/>\n<meta property=\"og:locale\" content=\"ht_HT\" \/>\n<meta property=\"og:type\" content=\"article\" \/>\n<meta property=\"og:title\" content=\"Related Resolutions\" \/>\n<meta property=\"og:description\" content=\"%\" \/>\n<meta property=\"og:url\" content=\"https:\/\/www.miamibeachfl.gov\/ht\/city-hall\/city-clerk\/election-information\/related-resolutions\/\" \/>\n<meta property=\"og:site_name\" content=\"City of Miami Beach\" \/>\n<meta property=\"article:publisher\" content=\"https:\/\/www.facebook.com\/cityofmiamibeach\" \/>\n<meta property=\"article:modified_time\" content=\"2025-02-23T19:52:33+00:00\" \/>\n<meta property=\"og:image\" content=\"https:\/\/www.miamibeachfl.gov\/wp-content\/uploads\/2022\/07\/hero-small.jpg\" \/>\n<meta name=\"twitter:card\" content=\"summary_large_image\" \/>\n<meta name=\"twitter:site\" content=\"@Miamibeachnews\" \/>\n<script type=\"application\/ld+json\" class=\"yoast-schema-graph\">{\"@context\":\"https:\/\/schema.org\",\"@graph\":[{\"@type\":\"WebPage\",\"@id\":\"https:\/\/www.miamibeachfl.gov\/city-hall\/city-clerk\/election-information\/related-resolutions\/\",\"url\":\"https:\/\/www.miamibeachfl.gov\/city-hall\/city-clerk\/election-information\/related-resolutions\/\",\"name\":\"Related Resolutions - City of Miami Beach\",\"isPartOf\":{\"@id\":\"https:\/\/www.miamibeachfl.gov\/#website\"},\"primaryImageOfPage\":{\"@id\":\"https:\/\/www.miamibeachfl.gov\/city-hall\/city-clerk\/election-information\/related-resolutions\/#primaryimage\"},\"image\":{\"@id\":\"https:\/\/www.miamibeachfl.gov\/city-hall\/city-clerk\/election-information\/related-resolutions\/#primaryimage\"},\"thumbnailUrl\":\"https:\/\/www.miamibeachfl.gov\/wp-content\/uploads\/2022\/07\/hero-small.jpg\",\"datePublished\":\"2018-06-26T18:52:52+00:00\",\"dateModified\":\"2025-02-23T19:52:33+00:00\",\"description\":\"%\",\"breadcrumb\":{\"@id\":\"https:\/\/www.miamibeachfl.gov\/city-hall\/city-clerk\/election-information\/related-resolutions\/#breadcrumb\"},\"inLanguage\":\"ht\",\"potentialAction\":[{\"@type\":\"ReadAction\",\"target\":[\"https:\/\/www.miamibeachfl.gov\/city-hall\/city-clerk\/election-information\/related-resolutions\/\"]}]},{\"@type\":\"ImageObject\",\"inLanguage\":\"ht\",\"@id\":\"https:\/\/www.miamibeachfl.gov\/city-hall\/city-clerk\/election-information\/related-resolutions\/#primaryimage\",\"url\":\"https:\/\/www.miamibeachfl.gov\/wp-content\/uploads\/2022\/07\/hero-small.jpg\",\"contentUrl\":\"https:\/\/www.miamibeachfl.gov\/wp-content\/uploads\/2022\/07\/hero-small.jpg\"},{\"@type\":\"BreadcrumbList\",\"@id\":\"https:\/\/www.miamibeachfl.gov\/city-hall\/city-clerk\/election-information\/related-resolutions\/#breadcrumb\",\"itemListElement\":[{\"@type\":\"ListItem\",\"position\":1,\"name\":\"Home\",\"item\":\"https:\/\/www.miamibeachfl.gov\/\"},{\"@type\":\"ListItem\",\"position\":2,\"name\":\"City Hall\",\"item\":\"https:\/\/www.miamibeachfl.gov\/city-hall\/\"},{\"@type\":\"ListItem\",\"position\":3,\"name\":\"City Clerk\",\"item\":\"https:\/\/www.miamibeachfl.gov\/city-hall\/city-clerk\/\"},{\"@type\":\"ListItem\",\"position\":4,\"name\":\"Election Information\",\"item\":\"https:\/\/www.miamibeachfl.gov\/city-hall\/city-clerk\/election-information\/\"},{\"@type\":\"ListItem\",\"position\":5,\"name\":\"Related Resolutions\"}]},{\"@type\":\"WebSite\",\"@id\":\"https:\/\/www.miamibeachfl.gov\/#website\",\"url\":\"https:\/\/www.miamibeachfl.gov\/\",\"name\":\"City of Miami Beach\",\"description\":\"The official website of the City of Miami Beach. Stay informed, find important information on city services, news, alerts, events, trolley routes, government employment and more.\",\"publisher\":{\"@id\":\"https:\/\/www.miamibeachfl.gov\/#organization\"},\"potentialAction\":[{\"@type\":\"SearchAction\",\"target\":{\"@type\":\"EntryPoint\",\"urlTemplate\":\"https:\/\/www.miamibeachfl.gov\/?s={search_term_string}\"},\"query-input\":{\"@type\":\"PropertyValueSpecification\",\"valueRequired\":true,\"valueName\":\"search_term_string\"}}],\"inLanguage\":\"ht\"},{\"@type\":\"Organization\",\"@id\":\"https:\/\/www.miamibeachfl.gov\/#organization\",\"name\":\"City of Miami Beach\",\"url\":\"https:\/\/www.miamibeachfl.gov\/\",\"logo\":{\"@type\":\"ImageObject\",\"inLanguage\":\"ht\",\"@id\":\"https:\/\/www.miamibeachfl.gov\/#\/schema\/logo\/image\/\",\"url\":\"https:\/\/www.miamibeachfl.gov\/wp-content\/uploads\/2022\/06\/miamibeach-logoblue.png\",\"contentUrl\":\"https:\/\/www.miamibeachfl.gov\/wp-content\/uploads\/2022\/06\/miamibeach-logoblue.png\",\"width\":1962,\"height\":381,\"caption\":\"City of Miami Beach\"},\"image\":{\"@id\":\"https:\/\/www.miamibeachfl.gov\/#\/schema\/logo\/image\/\"},\"sameAs\":[\"https:\/\/www.facebook.com\/cityofmiamibeach\",\"https:\/\/x.com\/Miamibeachnews\",\"https:\/\/www.instagram.com\/miamibeachnews\/\"],\"description\":\"The official website of the City of Miami Beach. Stay informed, find important information on city services, news, alerts, events, trolley routes, government employment and more.\",\"telephone\":\"305.604.CITY(2489)\",\"legalName\":\"City of Miami Beach\"}]}<\/script>\n<!-- \/ Yoast SEO Premium plugin. -->","yoast_head_json":{"title":"Rezolisyon ki gen rap\u00f2 - Vil Miami Beach","description":"%","robots":{"index":"index","follow":"follow","max-snippet":"max-snippet:-1","max-image-preview":"max-image-preview:large","max-video-preview":"max-video-preview:-1"},"canonical":"https:\/\/www.miamibeachfl.gov\/ht\/city-hall\/city-clerk\/election-information\/related-resolutions\/","og_locale":"ht_HT","og_type":"article","og_title":"Related Resolutions","og_description":"%","og_url":"https:\/\/www.miamibeachfl.gov\/ht\/city-hall\/city-clerk\/election-information\/related-resolutions\/","og_site_name":"City of Miami Beach","article_publisher":"https:\/\/www.facebook.com\/cityofmiamibeach","article_modified_time":"2025-02-23T19:52:33+00:00","og_image":[{"url":"https:\/\/www.miamibeachfl.gov\/wp-content\/uploads\/2022\/07\/hero-small.jpg","type":"","width":"","height":""}],"twitter_card":"summary_large_image","twitter_site":"@Miamibeachnews","schema":{"@context":"https:\/\/schema.org","@graph":[{"@type":"WebPage","@id":"https:\/\/www.miamibeachfl.gov\/city-hall\/city-clerk\/election-information\/related-resolutions\/","url":"https:\/\/www.miamibeachfl.gov\/city-hall\/city-clerk\/election-information\/related-resolutions\/","name":"Rezolisyon ki gen rap\u00f2 - Vil Miami Beach","isPartOf":{"@id":"https:\/\/www.miamibeachfl.gov\/#website"},"primaryImageOfPage":{"@id":"https:\/\/www.miamibeachfl.gov\/city-hall\/city-clerk\/election-information\/related-resolutions\/#primaryimage"},"image":{"@id":"https:\/\/www.miamibeachfl.gov\/city-hall\/city-clerk\/election-information\/related-resolutions\/#primaryimage"},"thumbnailUrl":"https:\/\/www.miamibeachfl.gov\/wp-content\/uploads\/2022\/07\/hero-small.jpg","datePublished":"2018-06-26T18:52:52+00:00","dateModified":"2025-02-23T19:52:33+00:00","description":"%","breadcrumb":{"@id":"https:\/\/www.miamibeachfl.gov\/city-hall\/city-clerk\/election-information\/related-resolutions\/#breadcrumb"},"inLanguage":"ht","potentialAction":[{"@type":"ReadAction","target":["https:\/\/www.miamibeachfl.gov\/city-hall\/city-clerk\/election-information\/related-resolutions\/"]}]},{"@type":"ImageObject","inLanguage":"ht","@id":"https:\/\/www.miamibeachfl.gov\/city-hall\/city-clerk\/election-information\/related-resolutions\/#primaryimage","url":"https:\/\/www.miamibeachfl.gov\/wp-content\/uploads\/2022\/07\/hero-small.jpg","contentUrl":"https:\/\/www.miamibeachfl.gov\/wp-content\/uploads\/2022\/07\/hero-small.jpg"},{"@type":"BreadcrumbList","@id":"https:\/\/www.miamibeachfl.gov\/city-hall\/city-clerk\/election-information\/related-resolutions\/#breadcrumb","itemListElement":[{"@type":"ListItem","position":1,"name":"Home","item":"https:\/\/www.miamibeachfl.gov\/"},{"@type":"ListItem","position":2,"name":"City Hall","item":"https:\/\/www.miamibeachfl.gov\/city-hall\/"},{"@type":"ListItem","position":3,"name":"City Clerk","item":"https:\/\/www.miamibeachfl.gov\/city-hall\/city-clerk\/"},{"@type":"ListItem","position":4,"name":"Election Information","item":"https:\/\/www.miamibeachfl.gov\/city-hall\/city-clerk\/election-information\/"},{"@type":"ListItem","position":5,"name":"Related Resolutions"}]},{"@type":"WebSite","@id":"https:\/\/www.miamibeachfl.gov\/#website","url":"https:\/\/www.miamibeachfl.gov\/","name":"Vil Miami Beach","description":"Sitw\u00e8b ofisy\u00e8l Vil Miami Beach la. Rete enf\u00f2me, jwenn enf\u00f2masyon enp\u00f2tan sou s\u00e8vis vil la, nouv\u00e8l, al\u00e8t, ev\u00e8nman, wout tramway, travay gouv\u00e8nman an ak plis ank\u00f2.","publisher":{"@id":"https:\/\/www.miamibeachfl.gov\/#organization"},"potentialAction":[{"@type":"SearchAction","target":{"@type":"EntryPoint","urlTemplate":"https:\/\/www.miamibeachfl.gov\/?s={search_term_string}"},"query-input":{"@type":"PropertyValueSpecification","valueRequired":true,"valueName":"search_term_string"}}],"inLanguage":"ht"},{"@type":"Organization","@id":"https:\/\/www.miamibeachfl.gov\/#organization","name":"Vil Miami Beach","url":"https:\/\/www.miamibeachfl.gov\/","logo":{"@type":"ImageObject","inLanguage":"ht","@id":"https:\/\/www.miamibeachfl.gov\/#\/schema\/logo\/image\/","url":"https:\/\/www.miamibeachfl.gov\/wp-content\/uploads\/2022\/06\/miamibeach-logoblue.png","contentUrl":"https:\/\/www.miamibeachfl.gov\/wp-content\/uploads\/2022\/06\/miamibeach-logoblue.png","width":1962,"height":381,"caption":"City of Miami Beach"},"image":{"@id":"https:\/\/www.miamibeachfl.gov\/#\/schema\/logo\/image\/"},"sameAs":["https:\/\/www.facebook.com\/cityofmiamibeach","https:\/\/x.com\/Miamibeachnews","https:\/\/www.instagram.com\/miamibeachnews\/"],"description":"Sitw\u00e8b ofisy\u00e8l Vil Miami Beach la. Rete enf\u00f2me, jwenn enf\u00f2masyon enp\u00f2tan sou s\u00e8vis vil la, nouv\u00e8l, al\u00e8t, ev\u00e8nman, wout tramway, travay gouv\u00e8nman an ak plis ank\u00f2.","telephone":"305.604.CITY(2489)","legalName":"City of Miami Beach"}]}},"_links":{"self":[{"href":"https:\/\/www.miamibeachfl.gov\/ht\/wp-json\/wp\/v2\/pages\/72977","targetHints":{"allow":["GET"]}}],"collection":[{"href":"https:\/\/www.miamibeachfl.gov\/ht\/wp-json\/wp\/v2\/pages"}],"about":[{"href":"https:\/\/www.miamibeachfl.gov\/ht\/wp-json\/wp\/v2\/types\/page"}],"author":[{"embeddable":true,"href":"https:\/\/www.miamibeachfl.gov\/ht\/wp-json\/wp\/v2\/users\/222"}],"replies":[{"embeddable":true,"href":"https:\/\/www.miamibeachfl.gov\/ht\/wp-json\/wp\/v2\/comments?post=72977"}],"version-history":[{"count":0,"href":"https:\/\/www.miamibeachfl.gov\/ht\/wp-json\/wp\/v2\/pages\/72977\/revisions"}],"up":[{"embeddable":true,"href":"https:\/\/www.miamibeachfl.gov\/ht\/wp-json\/wp\/v2\/pages\/28358"}],"wp:attachment":[{"href":"https:\/\/www.miamibeachfl.gov\/ht\/wp-json\/wp\/v2\/media?parent=72977"}],"wp:term":[{"taxonomy":"category","embeddable":true,"href":"https:\/\/www.miamibeachfl.gov\/ht\/wp-json\/wp\/v2\/categories?post=72977"},{"taxonomy":"post_tag","embeddable":true,"href":"https:\/\/www.miamibeachfl.gov\/ht\/wp-json\/wp\/v2\/tags?post=72977"}],"curies":[{"name":"wp","href":"https:\/\/api.w.org\/{rel}","templated":true}]}}