{"id":77010,"date":"2018-08-14T12:22:02","date_gmt":"2018-08-14T16:22:02","guid":{"rendered":"http:\/\/www.miamibeachfl.gov\/city-hall\/city-clerk\/election-information\/november-6-2018-special-election\/related-resolutions\/"},"modified":"2025-02-23T14:51:01","modified_gmt":"2025-02-23T19:51:01","slug":"related-resolutions","status":"publish","type":"page","link":"https:\/\/www.miamibeachfl.gov\/ht\/city-hall\/city-clerk\/election-information\/november-6-2018-special-election\/related-resolutions\/","title":{"rendered":"Rezolisyon ki gen rap\u00f2"},"content":{"rendered":"<img loading=\"lazy\" decoding=\"async\" src=\"https:\/\/www.miamibeachfl.gov\/wp-content\/uploads\/2022\/07\/hero-small.jpg\" alt=\"ocean drive art deco buildings\" itemprop=\"image\" height=\"211\" width=\"2395\" title=\"ewo-piti\" onerror=\"this.style.display='none'\"  \/>\n<h1>\n\t\tRezolisyon ki gen rap\u00f2\n\t<\/h1>\n\t<nav id=\"breadcrumbs\" aria-label=\"Pen griye\"><a href=\"https:\/\/www.miamibeachfl.gov\/ht\/\">Lakay<\/a> &gt; <a href=\"https:\/\/www.miamibeachfl.gov\/ht\/city-hall\/\">Lakou Vil la<\/a> &gt; <a href=\"https:\/\/www.miamibeachfl.gov\/ht\/city-hall\/city-clerk\/\">Grefye Vil la<\/a> &gt; <a href=\"https:\/\/www.miamibeachfl.gov\/ht\/city-hall\/city-clerk\/election-information\/\">Enf\u00f2masyon sou Eleksyon<\/a> &gt; <a href=\"https:\/\/www.miamibeachfl.gov\/ht\/city-hall\/city-clerk\/election-information\/november-6-2018-special-election\/\">6 novanm 2018 \u2013 Eleksyon Espesyal<\/a> &gt; <strong>Rezolisyon ki gen rap\u00f2<\/strong><\/nav>\n\t<ul>\n<li><a href=\"http:\/\/www.miamibeachfl.gov\/wp-content\/uploads\/2021\/05\/2018-30619-Resolution-1.pdf\">Rezolisyon nimewo 2018-30619<\/a><br \/>\nYON REZOLISYON M\u00c8 A AK KOMISYON VIL MIAMI BEACH, FLORID, KI ADOPTE S\u00c8TIFIKASYON KOMITE V\u00d2T KONTE MIAMI-DADE A POU ELEKSYON ESPESYAL 6 NOVANM 2018 LA POU VIL MIAMI BEACH, EPI KI DEKLARE REZILTA YO.<\/li>\n<li><a href=\"http:\/\/www.miamibeachfl.gov\/wp-content\/uploads\/2018\/10\/Resolution-2018-30454.pdf\">Rezolisyon nimewo 2018-30454<\/a><br \/>\nYON REZOLISYON M\u00c8 A AK KOMISYON VIL MIAMI BEACH, FLORID, KI AFIME OBJEKTIF PIBLIO POU ENF\u00d2ME AK EDIKE VOT\u00c8 VIL LA SOU SIS (6) KESYON BILTEN ELEKSYON ESPESYAL VIL LA KI PRAL PAR\u00c8T SOU BILTEN ELEKSYON POU ELEKSYON ESPESYAL 6 NOVANM 2018 LA AV\u00c8K DIV\u00c8S MET\u00d2D, KI GEN LADAN YON GID VOT\u00c8 ENPRIME AK YON VIDEYO EDIKASYON VOT\u00c8; EPI KI APROUVE DEPANS YON L\u00d2T $15,400 NAN FON BIDJ\u00c8 ANPLIS, POU AJOUTE JISKA VEN (20) PAJ ANPLIS NAN NIMEWO OKT\u00d2B 2018 MAGAZIN MB A POU KA ENKLI GID VOT\u00c8 A NAN PIBLIKASYON SA A.<\/li>\n<li><a href=\"http:\/\/www.miamibeachfl.gov\/wp-content\/uploads\/2018\/10\/Resolution-2018-30453.pdf\">Rezolisyon nimewo 2018-30453<\/a><br \/>\nYON REZOLISYON M\u00c8 A AK KOMISYON VIL MIAMI BEACH, FLORID, KI OTORIZE KOMITE VOT KONTE MIAMI-DADE POU ELEKSYON JENERAL 6 NOVANM 2018 LA POU S\u00c8VI K\u00d2M KOMITE VOT POU ELEKSYON ESPESYAL VIL MIAMI BEACH LA KI PRAL F\u00c8T 6 NOVANM 2018 LA.<\/li>\n<li><a href=\"http:\/\/www.miamibeachfl.gov\/wp-content\/uploads\/2018\/10\/Resolution-2018-30452.pdf\">Rezolisyon nimewo 2018-30452<\/a><br \/>\nYON REZOLISYON M\u00c8 A AK KOMISYON VIL MIAMI BEACH, FLORID, KI REKON\u00c8T AK APROUVE V\u00d2T ANVIW\u00d2NMAN POU ELEKSYON ESPESYAL 6 NOVANM 2018 LA NAN VIL MIAMI BEACH.<\/li>\n<li><a href=\"http:\/\/docmgmt.miamibeachfl.gov\/weblink\/0\/doc\/239424\/Page1.aspx\">Rezolisyon 2018-30425<\/a><br \/>\nYON REZOLISYON M\u00c8 A AK KOMISYON VIL MIAMI BEACH, FLORID, KI KONNEN YON ELEKSYON ESPESYAL POU 6 NOVANM 2018, POU SOUM\u00c8T BAY ELEKTORA VIL MIAMI BEACH, FLORID, YON KESYON BILTEN V\u00d2T KI MANDE SI VIL LA TA DWE LWE YON PWOPRIYETE 2.6 KAWO KAWO NAN KOUD N\u00d2D\u00c8S 17TH STREET AK CONVENTION CENTER DRIVE POU RIVE NAN MB MIXED USE INVESTMENT, LLC POU 99 AN, KI EGZIJE, DAPRE REZOLISYON 2018-30425, KONSTRIKSYON\/OPERASYON YON OT\u00c8L 800 CHANM (WOT\u00c8 MAKSIM\u00d2M 185 PYE), KI KONEKTE AK SANT KONVANSYON AN; PA GEN FINANSMAN VIL LA; PA GEN JW\u00c8 AZA; AK LOKASYON BAY VIL LA APR\u00c8 OT\u00c8L LA LOUVRI, KI GEN LADAN PI GWO NAN: LOKASYON GARANTI ($16, 616,242 SOU DIS PREMYE ANE YO, AJISTE APR\u00c8 SA) OSWA POUSANTAJ REVNI OT\u00c8L LA CHAK ANE.<\/li>\n<li><strong>Referand\u00f2m Miami Beach 1:<\/strong> <a href=\"http:\/\/docmgmt.miamibeachfl.gov\/weblink\/0\/doc\/238267\/Page1.aspx\">Rezolisyon 2018-30437<\/a><br \/>\nYON REZOLISYON M\u00c8 A AK KOMISYON VIL MIAMI BEACH, FLORID, KI KONNEN YON ELEKSYON ESPESYAL POU 6 NOVANM 2018, POU SOUM\u00c8T BAY ELEKTORA VIL MIAMI BEACH, FLORID, YON KESYON BILTEN BILTEN KI MANDE SI YO TA DWE AMANDE LWA VIL LA POU KREYE BIWO ENSPEKT\u00c8 JENERAL LA, EPI POU ETABLI POUVWA BIWO A (KI GEN LADAN POUVWA POU SITIYE TEMWEN, ADMINISTRE S\u00c8MAN, EPI EGZIJE PWODUKSYON DOSYE), DEPI KE NOMINASYON, MANDAT, FONKSYON, AK POUVWA BIWO SA A AP ETABLI PLIS PA \u00d2DONANS.<\/li>\n<li><strong>Referand\u00f2m Miami Beach 2:<\/strong>\u00a0<a href=\"http:\/\/docmgmt.miamibeachfl.gov\/weblink\/0\/doc\/238268\/Page1.aspx\">Rezolisyon 2018-30439<\/a><br \/>\nYON REZOLISYON M\u00c8 A AK KOMISYON VIL MIAMI BEACH, FLORID, KI MANDE YON ELEKSYON ESPESYAL POU 6 NOVANM 2018, POU SOUM\u00c8T BAY ELEKTORA VIL MIAMI BEACH, FLORID, YON KESYON BILTEN VOT KI MANDE SI, SI VOT\u00c8 YO APROUVE KONVANSYON LWAYE OT\u00c8L VIL LA AK MB MIXED USE INVESTMENT, LLC, VIL LA DWE ADOPTE YON \u00d2DONANS KI DEDYE TOUT PEMAN LWAYE OT\u00c8L VIL LA RESEVWA POU AMELYORE FINANSMAN (PA RANPLASE OSWA SIBSTITYE FINANSMAN VIL LA AKTY\u00c8L), AN P\u00d2SYON EGAL CHAK ANE, POU: EDIKASYON PRE-K JISKA 12\u00c8M ANE, MEZI REDIKSYON TRAFIK, AK PWOJ\u00c8 DLO LAPLI (OLYE OGMANTASYON TARIF), AK NENP\u00d2T AMANDMAN NAN \u00d2DONANS SA A SIJ\u00c8 A APWOBASYON REFERAND\u00d2M VOT\u00c8 YO.<\/li>\n<li><strong>Referand\u00f2m Miami Beach 3:<\/strong> <a href=\"http:\/\/docmgmt.miamibeachfl.gov\/weblink\/0\/doc\/238269\/Page1.aspx\">Rezolisyon 2018-30438<\/a><br \/>\nYON REZOLISYON M\u00c8 A AK KOMISYON VIL MIAMI BEACH, FLORID, KI KONNEN YON ELEKSYON ESPESYAL POU 6 NOVANM 2018, POU SOUM\u00c8T BAY ELEKTORA VIL MIAMI BEACH, FLORID, YON KESYON BILTEN V\u00d2T KI MANDE SI VIL LA TA DWE LWE YON PWOPRIYETE 2.6 KAWO KAWO NAN KOUD N\u00d2D\u00c8S 17TH STREET AK CONVENTION CENTER DRIVE POU RIVE NAN MB MIXED USE INVESTMENT, LLC POU 99 AN, KI EGZIJE, DAPRE REZOLISYON 2018-30427 KONSTRIKSYON\/OPERASYON YON OT\u00c8L 800 CHANM AK YON WOT\u00c8 MAKSIM\u00d2M 185 PYE, KI KONEKTE AK SANT KONVANSYON AN; PA GEN FINANSMAN VIL LA; PA GEN JW\u00c8 AZA; AK LOKASYON BAY VIL LA APR\u00c8 OT\u00c8L LA LOUVRI, KI GEN LADAN PI GWO NAN: LOKASYON GARANTI ($16,616,242 SOU DIS PREMYE ANE YO, AJISTE APR\u00c8 SA) OSWA POUSANTAJ REVNI OT\u00c8L LA CHAK ANE.<\/li>\n<li><strong>Referand\u00f2m Miami Beach 4:<\/strong> <a href=\"http:\/\/docmgmt.miamibeachfl.gov\/weblink\/0\/doc\/238270\/Page1.aspx\">Rezolisyon 2018-30442<\/a><br \/>\nYON REZOLISYON M\u00c8 A AK KOMISYON VIL MIAMI BEACH, FLORID, KI KONVOKE YON ELEKSYON ESPESYAL POU 6 NOVANM 2018, POU SOUM\u00c8T BAY ELEKTORA VIL MIAMI BEACH, FLORID, YON KESYON BILTEN V\u00d2T KI MANDE SI VIL LA DWE OTORIZE POU EMET OBLIGASYON JENERAL, DE TAN ZAN TAN, KI PA DEPASE $169,000,000 AN MONTAN PRENSIPAL TOTAL, KI PEYAB SOU TAKS AD VALOREM SAN LIMIT, KI GENYEN YON ENTER\u00c8 KI PA DEPASE TO ENTER\u00c8 LEGAL MAKSIMUM NAN, EPI KI RIVE A EKRITIF PA PLETA KE 30 AN APATI DAT EMISYON AN, POU AMELYORE PAK, ENSTALASYON LWAZI, AK ENSTALASYON KILTIR\u00c8L VIL LA, KI GEN LADAN TEREN JWE. PWOMNAD SOU B\u00c8Y, PWOMNAD SOU PLAJ, VOYAJ AKTIFIKASYON, PEYIZAJ, EKIPMAN, EKLERAJ, SEKIRITE, AK PAKIN KI GEN RAP\u00d2 AK ENSTALASYON SA YO.<\/li>\n<li><strong>Referand\u00f2m Miami Beach 5:<\/strong> <a href=\"http:\/\/docmgmt.miamibeachfl.gov\/weblink\/0\/doc\/238271\/Page1.aspx\">Rezolisyon 2018-30441<\/a><br \/>\nYON REZOLISYON M\u00c8 A AK KOMISYON VIL MIAMI BEACH, FLORID, KI KONNEN YON ELEKSYON ESPESYAL POU 6 NOVANM 2018, POU SOUM\u00c8T BAY ELEKTORA VIL MIAMI BEACH, FLORID, YON KESYON BILTEN VOT KI MANDE SI VIL LA DWE OTORIZE POU EMET OBLIGASYON JENERAL, DE TAN ZAN TAN, KI PA DEPASE $198,000,000 AN MONTAN PRENSIPAL TOTAL, KI PEYAB SOU TAKS AD VALOREM SAN LIMIT, KI GENYEN YON ENTER\u00c8 KI PA DEPASE TO ENTER\u00c8 LEGAL MAKSIMUM NAN, EPI KI RIVE A MATRIMONYAL PA PLETA KE 30 AN APATI DAT EMISYON AN, POU AMELYORE KATYE AK ENFRASTRIKTI VIL LA, KI GEN LADAN PWOJ\u00c8 REDIKSYON DLO LAPLI AK INONDASYON. RENOVASYON AK REPARASYON TROTWA AK RI, LIY BISIKL\u00c8T PWOTEJE, CHEMEN PYETON, PEYIZAJ AK EKLERAJ.<\/li>\n<li><strong>Referand\u00f2m Miami Beach 6:<\/strong>\u00a0<a href=\"http:\/\/docmgmt.miamibeachfl.gov\/weblink\/0\/doc\/238272\/Page1.aspx\">Rezolisyon 2018-30440<\/a><br \/>\nYON REZOLISYON M\u00c8 A AK KOMISYON VIL MIAMI BEACH, FLORID, KI KONVOKE YON ELEKSYON ESPESYAL POU 6 NOVANM 2018, POU SOUM\u00c8T BAY ELEKTORA VIL MIAMI BEACH, FLORID, YON KESYON BILTEN V\u00d2T KI MANDE SI VIL LA DWE OTORIZE POU EMET OBLIGASYON JENERAL, DE TAN ZAN TAN, KI PA DEPASE 1TP472,000,000 AN MONTAN PRENSIPAL TOTAL, KI PEYAB SOU TAKS AD VALOREM SAN LIMIT, KI GENYEN YON ENTER\u00c8 KI PA DEPASE TO ENTER\u00c8 LEGAL MAKSIMUM NAN, EPI KI RIVE A EKRITIF PA PLETA KE 30 AN APATI DAT EMISYON AN, POU AMELYORE ENSTALASYON, EKIPMAN AK TEKNOLOJI LAPOLIS, PONPYE AK SEKIRITE PIBLIK VIL LA, EPI POU AMELYORE EKLERAJ AK SEKIRITE NAN TOUT VIL LA.<\/li>\n<\/ul>\n\t\t\t<a href=\"https:\/\/www.miamibeachfl.gov\/ht\/city-hall\/city-clerk\/election-information\/november-6-2018-special-election\/related-resolutions\/\" target=\"_self\" rel=\"noopener\">\n\t\t\t\t\t\t\tRezolisyon ki gen rap\u00f2\n\t\t\t\t\t<\/a>\n\t<div class=\"page-navigation\"><a class=\"prev-page\" href=\"https:\/\/www.miamibeachfl.gov\/ht\/non-profit-lottery\/\">\u2190 Loteri pou \u00f2ganizasyon san bi likratif<\/a> <a class=\"next-page\" href=\"https:\/\/www.miamibeachfl.gov\/ht\/city-hall\/facilities-and-fleet-management\/asset-management\/\">Jesyon Byen \u2192<\/a><\/div>","protected":false},"excerpt":{"rendered":"<p>Rezolisyon ki gen rap\u00f2 Ak\u00e8y &gt; Lakou Minisipal &gt; Sekret\u00e8 Minisipal la &gt; Enf\u00f2masyon sou Eleksyon &gt; 6 novanm 2018 \u2013 Eleksyon Espesyal &gt; [\u2026]<\/p>","protected":false},"author":222,"featured_media":0,"parent":76916,"menu_order":143,"comment_status":"closed","ping_status":"closed","template":"page-blank.php","meta":{"_searchwp_excluded":"","site-sidebar-layout":"default","site-content-layout":"","ast-site-content-layout":"default","site-content-style":"default","site-sidebar-style":"default","ast-global-header-display":"","ast-banner-title-visibility":"","ast-main-header-display":"","ast-hfb-above-header-display":"","ast-hfb-below-header-display":"","ast-hfb-mobile-header-display":"","site-post-title":"","ast-breadcrumbs-content":"","ast-featured-img":"","footer-sml-layout":"","theme-transparent-header-meta":"","adv-header-id-meta":"","stick-header-meta":"","header-above-stick-meta":"","header-main-stick-meta":"","header-below-stick-meta":"","astra-migrate-meta-layouts":"default","ast-page-background-enabled":"default","ast-page-background-meta":{"desktop":{"background-color":"var(--ast-global-color-5)","background-image":"","background-repeat":"repeat","background-position":"center center","background-size":"auto","background-attachment":"scroll","background-type":"","background-media":"","overlay-type":"","overlay-color":"","overlay-opacity":"","overlay-gradient":""},"tablet":{"background-color":"","background-image":"","background-repeat":"repeat","background-position":"center center","background-size":"auto","background-attachment":"scroll","background-type":"","background-media":"","overlay-type":"","overlay-color":"","overlay-opacity":"","overlay-gradient":""},"mobile":{"background-color":"","background-image":"","background-repeat":"repeat","background-position":"center center","background-size":"auto","background-attachment":"scroll","background-type":"","background-media":"","overlay-type":"","overlay-color":"","overlay-opacity":"","overlay-gradient":""}},"ast-content-background-meta":{"desktop":{"background-color":"var(--ast-global-color-4)","background-image":"","background-repeat":"repeat","background-position":"center center","background-size":"auto","background-attachment":"scroll","background-type":"","background-media":"","overlay-type":"","overlay-color":"","overlay-opacity":"","overlay-gradient":""},"tablet":{"background-color":"var(--ast-global-color-4)","background-image":"","background-repeat":"repeat","background-position":"center center","background-size":"auto","background-attachment":"scroll","background-type":"","background-media":"","overlay-type":"","overlay-color":"","overlay-opacity":"","overlay-gradient":""},"mobile":{"background-color":"var(--ast-global-color-4)","background-image":"","background-repeat":"repeat","background-position":"center center","background-size":"auto","background-attachment":"scroll","background-type":"","background-media":"","overlay-type":"","overlay-color":"","overlay-opacity":"","overlay-gradient":""}},"footnotes":""},"categories":[],"tags":[],"class_list":["post-77010","page","type-page","status-publish","hentry"],"yoast_head":"<!-- This site is optimized with the Yoast SEO Premium plugin v26.6 (Yoast SEO v26.6) - https:\/\/yoast.com\/wordpress\/plugins\/seo\/ -->\n<title>Related Resolutions - City of Miami Beach<\/title>\n<meta name=\"description\" content=\"%\" \/>\n<meta name=\"robots\" content=\"index, follow, max-snippet:-1, max-image-preview:large, max-video-preview:-1\" \/>\n<link rel=\"canonical\" href=\"https:\/\/www.miamibeachfl.gov\/ht\/city-hall\/city-clerk\/election-information\/november-6-2018-special-election\/related-resolutions\/\" \/>\n<meta property=\"og:locale\" content=\"ht_HT\" \/>\n<meta property=\"og:type\" content=\"article\" \/>\n<meta property=\"og:title\" content=\"Related Resolutions\" \/>\n<meta property=\"og:description\" content=\"%\" \/>\n<meta property=\"og:url\" content=\"https:\/\/www.miamibeachfl.gov\/ht\/city-hall\/city-clerk\/election-information\/november-6-2018-special-election\/related-resolutions\/\" \/>\n<meta property=\"og:site_name\" content=\"City of Miami Beach\" \/>\n<meta property=\"article:publisher\" content=\"https:\/\/www.facebook.com\/cityofmiamibeach\" \/>\n<meta property=\"article:modified_time\" content=\"2025-02-23T19:51:01+00:00\" \/>\n<meta property=\"og:image\" content=\"https:\/\/www.miamibeachfl.gov\/wp-content\/uploads\/2022\/07\/hero-small.jpg\" \/>\n<meta name=\"twitter:card\" content=\"summary_large_image\" \/>\n<meta name=\"twitter:site\" content=\"@Miamibeachnews\" \/>\n<script type=\"application\/ld+json\" class=\"yoast-schema-graph\">{\"@context\":\"https:\/\/schema.org\",\"@graph\":[{\"@type\":\"WebPage\",\"@id\":\"https:\/\/www.miamibeachfl.gov\/city-hall\/city-clerk\/election-information\/november-6-2018-special-election\/related-resolutions\/\",\"url\":\"https:\/\/www.miamibeachfl.gov\/city-hall\/city-clerk\/election-information\/november-6-2018-special-election\/related-resolutions\/\",\"name\":\"Related Resolutions - City of Miami Beach\",\"isPartOf\":{\"@id\":\"https:\/\/www.miamibeachfl.gov\/#website\"},\"primaryImageOfPage\":{\"@id\":\"https:\/\/www.miamibeachfl.gov\/city-hall\/city-clerk\/election-information\/november-6-2018-special-election\/related-resolutions\/#primaryimage\"},\"image\":{\"@id\":\"https:\/\/www.miamibeachfl.gov\/city-hall\/city-clerk\/election-information\/november-6-2018-special-election\/related-resolutions\/#primaryimage\"},\"thumbnailUrl\":\"https:\/\/www.miamibeachfl.gov\/wp-content\/uploads\/2022\/07\/hero-small.jpg\",\"datePublished\":\"2018-08-14T16:22:02+00:00\",\"dateModified\":\"2025-02-23T19:51:01+00:00\",\"description\":\"%\",\"breadcrumb\":{\"@id\":\"https:\/\/www.miamibeachfl.gov\/city-hall\/city-clerk\/election-information\/november-6-2018-special-election\/related-resolutions\/#breadcrumb\"},\"inLanguage\":\"ht\",\"potentialAction\":[{\"@type\":\"ReadAction\",\"target\":[\"https:\/\/www.miamibeachfl.gov\/city-hall\/city-clerk\/election-information\/november-6-2018-special-election\/related-resolutions\/\"]}]},{\"@type\":\"ImageObject\",\"inLanguage\":\"ht\",\"@id\":\"https:\/\/www.miamibeachfl.gov\/city-hall\/city-clerk\/election-information\/november-6-2018-special-election\/related-resolutions\/#primaryimage\",\"url\":\"https:\/\/www.miamibeachfl.gov\/wp-content\/uploads\/2022\/07\/hero-small.jpg\",\"contentUrl\":\"https:\/\/www.miamibeachfl.gov\/wp-content\/uploads\/2022\/07\/hero-small.jpg\"},{\"@type\":\"BreadcrumbList\",\"@id\":\"https:\/\/www.miamibeachfl.gov\/city-hall\/city-clerk\/election-information\/november-6-2018-special-election\/related-resolutions\/#breadcrumb\",\"itemListElement\":[{\"@type\":\"ListItem\",\"position\":1,\"name\":\"Home\",\"item\":\"https:\/\/www.miamibeachfl.gov\/\"},{\"@type\":\"ListItem\",\"position\":2,\"name\":\"City Hall\",\"item\":\"https:\/\/www.miamibeachfl.gov\/city-hall\/\"},{\"@type\":\"ListItem\",\"position\":3,\"name\":\"City Clerk\",\"item\":\"https:\/\/www.miamibeachfl.gov\/city-hall\/city-clerk\/\"},{\"@type\":\"ListItem\",\"position\":4,\"name\":\"Election Information\",\"item\":\"https:\/\/www.miamibeachfl.gov\/city-hall\/city-clerk\/election-information\/\"},{\"@type\":\"ListItem\",\"position\":5,\"name\":\"November 6, 2018 &#8211; Special Election\",\"item\":\"https:\/\/www.miamibeachfl.gov\/city-hall\/city-clerk\/election-information\/november-6-2018-special-election\/\"},{\"@type\":\"ListItem\",\"position\":6,\"name\":\"Related Resolutions\"}]},{\"@type\":\"WebSite\",\"@id\":\"https:\/\/www.miamibeachfl.gov\/#website\",\"url\":\"https:\/\/www.miamibeachfl.gov\/\",\"name\":\"City of Miami Beach\",\"description\":\"The official website of the City of Miami Beach. Stay informed, find important information on city services, news, alerts, events, trolley routes, government employment and more.\",\"publisher\":{\"@id\":\"https:\/\/www.miamibeachfl.gov\/#organization\"},\"potentialAction\":[{\"@type\":\"SearchAction\",\"target\":{\"@type\":\"EntryPoint\",\"urlTemplate\":\"https:\/\/www.miamibeachfl.gov\/?s={search_term_string}\"},\"query-input\":{\"@type\":\"PropertyValueSpecification\",\"valueRequired\":true,\"valueName\":\"search_term_string\"}}],\"inLanguage\":\"ht\"},{\"@type\":\"Organization\",\"@id\":\"https:\/\/www.miamibeachfl.gov\/#organization\",\"name\":\"City of Miami Beach\",\"url\":\"https:\/\/www.miamibeachfl.gov\/\",\"logo\":{\"@type\":\"ImageObject\",\"inLanguage\":\"ht\",\"@id\":\"https:\/\/www.miamibeachfl.gov\/#\/schema\/logo\/image\/\",\"url\":\"https:\/\/www.miamibeachfl.gov\/wp-content\/uploads\/2022\/06\/miamibeach-logoblue.png\",\"contentUrl\":\"https:\/\/www.miamibeachfl.gov\/wp-content\/uploads\/2022\/06\/miamibeach-logoblue.png\",\"width\":1962,\"height\":381,\"caption\":\"City of Miami Beach\"},\"image\":{\"@id\":\"https:\/\/www.miamibeachfl.gov\/#\/schema\/logo\/image\/\"},\"sameAs\":[\"https:\/\/www.facebook.com\/cityofmiamibeach\",\"https:\/\/x.com\/Miamibeachnews\",\"https:\/\/www.instagram.com\/miamibeachnews\/\"],\"description\":\"The official website of the City of Miami Beach. Stay informed, find important information on city services, news, alerts, events, trolley routes, government employment and more.\",\"telephone\":\"305.604.CITY(2489)\",\"legalName\":\"City of Miami Beach\"}]}<\/script>\n<!-- \/ Yoast SEO Premium plugin. -->","yoast_head_json":{"title":"Rezolisyon ki gen rap\u00f2 - Vil Miami Beach","description":"%","robots":{"index":"index","follow":"follow","max-snippet":"max-snippet:-1","max-image-preview":"max-image-preview:large","max-video-preview":"max-video-preview:-1"},"canonical":"https:\/\/www.miamibeachfl.gov\/ht\/city-hall\/city-clerk\/election-information\/november-6-2018-special-election\/related-resolutions\/","og_locale":"ht_HT","og_type":"article","og_title":"Related Resolutions","og_description":"%","og_url":"https:\/\/www.miamibeachfl.gov\/ht\/city-hall\/city-clerk\/election-information\/november-6-2018-special-election\/related-resolutions\/","og_site_name":"City of Miami Beach","article_publisher":"https:\/\/www.facebook.com\/cityofmiamibeach","article_modified_time":"2025-02-23T19:51:01+00:00","og_image":[{"url":"https:\/\/www.miamibeachfl.gov\/wp-content\/uploads\/2022\/07\/hero-small.jpg","type":"","width":"","height":""}],"twitter_card":"summary_large_image","twitter_site":"@Miamibeachnews","schema":{"@context":"https:\/\/schema.org","@graph":[{"@type":"WebPage","@id":"https:\/\/www.miamibeachfl.gov\/city-hall\/city-clerk\/election-information\/november-6-2018-special-election\/related-resolutions\/","url":"https:\/\/www.miamibeachfl.gov\/city-hall\/city-clerk\/election-information\/november-6-2018-special-election\/related-resolutions\/","name":"Rezolisyon ki gen rap\u00f2 - Vil Miami Beach","isPartOf":{"@id":"https:\/\/www.miamibeachfl.gov\/#website"},"primaryImageOfPage":{"@id":"https:\/\/www.miamibeachfl.gov\/city-hall\/city-clerk\/election-information\/november-6-2018-special-election\/related-resolutions\/#primaryimage"},"image":{"@id":"https:\/\/www.miamibeachfl.gov\/city-hall\/city-clerk\/election-information\/november-6-2018-special-election\/related-resolutions\/#primaryimage"},"thumbnailUrl":"https:\/\/www.miamibeachfl.gov\/wp-content\/uploads\/2022\/07\/hero-small.jpg","datePublished":"2018-08-14T16:22:02+00:00","dateModified":"2025-02-23T19:51:01+00:00","description":"%","breadcrumb":{"@id":"https:\/\/www.miamibeachfl.gov\/city-hall\/city-clerk\/election-information\/november-6-2018-special-election\/related-resolutions\/#breadcrumb"},"inLanguage":"ht","potentialAction":[{"@type":"ReadAction","target":["https:\/\/www.miamibeachfl.gov\/city-hall\/city-clerk\/election-information\/november-6-2018-special-election\/related-resolutions\/"]}]},{"@type":"ImageObject","inLanguage":"ht","@id":"https:\/\/www.miamibeachfl.gov\/city-hall\/city-clerk\/election-information\/november-6-2018-special-election\/related-resolutions\/#primaryimage","url":"https:\/\/www.miamibeachfl.gov\/wp-content\/uploads\/2022\/07\/hero-small.jpg","contentUrl":"https:\/\/www.miamibeachfl.gov\/wp-content\/uploads\/2022\/07\/hero-small.jpg"},{"@type":"BreadcrumbList","@id":"https:\/\/www.miamibeachfl.gov\/city-hall\/city-clerk\/election-information\/november-6-2018-special-election\/related-resolutions\/#breadcrumb","itemListElement":[{"@type":"ListItem","position":1,"name":"Home","item":"https:\/\/www.miamibeachfl.gov\/"},{"@type":"ListItem","position":2,"name":"City Hall","item":"https:\/\/www.miamibeachfl.gov\/city-hall\/"},{"@type":"ListItem","position":3,"name":"City Clerk","item":"https:\/\/www.miamibeachfl.gov\/city-hall\/city-clerk\/"},{"@type":"ListItem","position":4,"name":"Election Information","item":"https:\/\/www.miamibeachfl.gov\/city-hall\/city-clerk\/election-information\/"},{"@type":"ListItem","position":5,"name":"November 6, 2018 &#8211; Special Election","item":"https:\/\/www.miamibeachfl.gov\/city-hall\/city-clerk\/election-information\/november-6-2018-special-election\/"},{"@type":"ListItem","position":6,"name":"Related Resolutions"}]},{"@type":"WebSite","@id":"https:\/\/www.miamibeachfl.gov\/#website","url":"https:\/\/www.miamibeachfl.gov\/","name":"Vil Miami Beach","description":"Sitw\u00e8b ofisy\u00e8l Vil Miami Beach la. Rete enf\u00f2me, jwenn enf\u00f2masyon enp\u00f2tan sou s\u00e8vis vil la, nouv\u00e8l, al\u00e8t, ev\u00e8nman, wout tramway, travay gouv\u00e8nman an ak plis ank\u00f2.","publisher":{"@id":"https:\/\/www.miamibeachfl.gov\/#organization"},"potentialAction":[{"@type":"SearchAction","target":{"@type":"EntryPoint","urlTemplate":"https:\/\/www.miamibeachfl.gov\/?s={search_term_string}"},"query-input":{"@type":"PropertyValueSpecification","valueRequired":true,"valueName":"search_term_string"}}],"inLanguage":"ht"},{"@type":"Organization","@id":"https:\/\/www.miamibeachfl.gov\/#organization","name":"Vil Miami Beach","url":"https:\/\/www.miamibeachfl.gov\/","logo":{"@type":"ImageObject","inLanguage":"ht","@id":"https:\/\/www.miamibeachfl.gov\/#\/schema\/logo\/image\/","url":"https:\/\/www.miamibeachfl.gov\/wp-content\/uploads\/2022\/06\/miamibeach-logoblue.png","contentUrl":"https:\/\/www.miamibeachfl.gov\/wp-content\/uploads\/2022\/06\/miamibeach-logoblue.png","width":1962,"height":381,"caption":"City of Miami Beach"},"image":{"@id":"https:\/\/www.miamibeachfl.gov\/#\/schema\/logo\/image\/"},"sameAs":["https:\/\/www.facebook.com\/cityofmiamibeach","https:\/\/x.com\/Miamibeachnews","https:\/\/www.instagram.com\/miamibeachnews\/"],"description":"Sitw\u00e8b ofisy\u00e8l Vil Miami Beach la. Rete enf\u00f2me, jwenn enf\u00f2masyon enp\u00f2tan sou s\u00e8vis vil la, nouv\u00e8l, al\u00e8t, ev\u00e8nman, wout tramway, travay gouv\u00e8nman an ak plis ank\u00f2.","telephone":"305.604.CITY(2489)","legalName":"City of Miami Beach"}]}},"_links":{"self":[{"href":"https:\/\/www.miamibeachfl.gov\/ht\/wp-json\/wp\/v2\/pages\/77010","targetHints":{"allow":["GET"]}}],"collection":[{"href":"https:\/\/www.miamibeachfl.gov\/ht\/wp-json\/wp\/v2\/pages"}],"about":[{"href":"https:\/\/www.miamibeachfl.gov\/ht\/wp-json\/wp\/v2\/types\/page"}],"author":[{"embeddable":true,"href":"https:\/\/www.miamibeachfl.gov\/ht\/wp-json\/wp\/v2\/users\/222"}],"replies":[{"embeddable":true,"href":"https:\/\/www.miamibeachfl.gov\/ht\/wp-json\/wp\/v2\/comments?post=77010"}],"version-history":[{"count":0,"href":"https:\/\/www.miamibeachfl.gov\/ht\/wp-json\/wp\/v2\/pages\/77010\/revisions"}],"up":[{"embeddable":true,"href":"https:\/\/www.miamibeachfl.gov\/ht\/wp-json\/wp\/v2\/pages\/76916"}],"wp:attachment":[{"href":"https:\/\/www.miamibeachfl.gov\/ht\/wp-json\/wp\/v2\/media?parent=77010"}],"wp:term":[{"taxonomy":"category","embeddable":true,"href":"https:\/\/www.miamibeachfl.gov\/ht\/wp-json\/wp\/v2\/categories?post=77010"},{"taxonomy":"post_tag","embeddable":true,"href":"https:\/\/www.miamibeachfl.gov\/ht\/wp-json\/wp\/v2\/tags?post=77010"}],"curies":[{"name":"wp","href":"https:\/\/api.w.org\/{rel}","templated":true}]}}